{"id":13498,"date":"2021-06-18T14:09:19","date_gmt":"2021-06-18T13:09:19","guid":{"rendered":"https:\/\/mca-concept.com\/newsletter-rechnung-rh-metiers\/"},"modified":"2026-03-30T11:45:34","modified_gmt":"2026-03-30T09:45:34","slug":"newsletter-rechnung-hr-berufe","status":"publish","type":"page","link":"https:\/\/mca-concept.com\/de\/newsletter-rechnung-hr-berufe\/","title":{"rendered":"Newsletter-Rechnung &#8211; HR &#8211; Berufe"},"content":{"rendered":"\n<div class=\"et_pb_section_0 et_pb_section et_section_regular et_block_section\"><div class=\"et_pb_row_0 et_pb_row et_block_row\"><div class=\"et_pb_column_0 et_pb_column et_pb_column_4_4 et-last-child et_block_column et_pb_css_mix_blend_mode_passthrough\"><div class=\"et_pb_image_0 et_pb_image et_pb_module et_block_module\"><a href=\"https:\/\/mca-concept.com\/mcakale\/\"><span class=\"et_pb_image_wrap\"><img decoding=\"async\" src=\"https:\/\/mca-concept.com\/wordpress3\/wp-content\/uploads\/2020\/09\/logo-mca-kale-1.png\" width=\"250\" height=\"110\" srcset=\"https:\/\/mca-concept.com\/wordpress3\/wp-content\/uploads\/2020\/09\/logo-mca-kale-1.png 250w, https:\/\/mca-concept.com\/wordpress3\/wp-content\/uploads\/2020\/09\/logo-mca-kale-1-200x88.png 200w\" sizes=\"(max-width: 250px) 100vw, 250px\" class=\"wp-image-3469\" title=\"Logo von MCA Kale\" alt=\"Logo der Verwaltungssoftware MCA-Kale von MCA Concept\" \/><\/span><\/a><\/div><div class=\"et_pb_text_0 et_pb_text et_pb_bg_layout_light et_pb_module et_block_module et_pb_text_align_center preset--module--divi-text--75a373b3-a752-4305-81e8-535fbf8079d6\"><div class=\"et_pb_text_inner\"><h1>Kundenspezifische Cloud-Software: ERP - CRM - CMS<\/h1>\n<p>Planning - Reporting - Registrierkasse<\/p>\n<\/div><\/div><\/div><\/div><div class=\"et_pb_row_1 et_pb_row et_pb_gutters1 et_block_row\"><div class=\"et_pb_column_1 et_pb_column et_pb_column_1_2 et_block_column et_pb_css_mix_blend_mode_passthrough\"><div class=\"et_pb_text_1 et_pb_text et_pb_bg_layout_light et_pb_module et_block_module preset--module--divi-text--75a373b3-a752-4305-81e8-535fbf8079d6\"><div class=\"et_pb_text_inner\"><p><span style=\"color: #ff0000;\">&#x2714;<\/span> Software-Paket<\/p>\n<p><span style=\"color: #ff0000;\">&#x2714;<\/span>Kein erneutes Erfassen<\/p>\n<p><span style=\"color: #ff0000;\">&#x2714; <\/span><span>Frei von OS<\/span><\/p>\n<\/div><\/div><\/div><div class=\"et_pb_column_2 et_pb_column et_pb_column_1_2 et-last-child et_block_column et_pb_css_mix_blend_mode_passthrough\"><div class=\"et_pb_text_2 et_pb_text et_pb_bg_layout_light et_pb_module et_block_module preset--module--divi-text--75a373b3-a752-4305-81e8-535fbf8079d6\"><div class=\"et_pb_text_inner\"><p><span style=\"color: #ff0000;\">&#x2714;<\/span> Fachleute zu Ihren Diensten<\/p>\n<p><span style=\"color: #ff0000;\">&#x2714;<\/span> Eine agile und flexible Anwendung<\/p>\n<p><span style=\"color: #ff0000;\">&#x2714;<\/span> Es passt sich an Ihre Bed\u00fcrfnisse an<\/p>\n<\/div><\/div><\/div><\/div><\/div><div class=\"et_pb_section_1 et_pb_section et_section_regular et_block_section\"><div class=\"et_pb_row_2 et_pb_row et_block_row\"><div class=\"et_pb_column_3 et_pb_column et_pb_column_4_4 et-last-child et_block_column et_pb_css_mix_blend_mode_passthrough\"><div class=\"et_pb_text_3 et_pb_text et_pb_bg_layout_light et_pb_module et_block_module preset--module--divi-text--75a373b3-a752-4305-81e8-535fbf8079d6\"><div class=\"et_pb_text_inner\"><p>MCA Concept entwickelt seit einigen Jahren MCA Kale, eine Management-Software. Im Laufe der Zeit hat sich MCA Kale als Reaktion auf die vielen Kunden, die es t\u00e4glich verwenden, st\u00e4ndig weiterentwickelt.<br \/>Wenn Sie eine Demonstration der Software w\u00fcnschen und die Kundenzufriedenheit messen m\u00f6chten, begleiten wir Sie gerne zu einem unserer Kunden, der mit Ihrem T\u00e4tigkeitsbereich in Verbindung steht.<\/p>\n<p>Hier finden Sie einige Aspekte der Funktionen von MCA Kale:<\/p>\n<\/div><\/div><\/div><\/div><\/div><div class=\"et_pb_section_2 et_pb_section et_section_regular et_block_section\"><div class=\"et_pb_row_3 et_pb_row et_block_row\"><div class=\"et_pb_column_4 et_pb_column et_pb_column_2_5 et_block_column et_pb_css_mix_blend_mode_passthrough\"><div class=\"et_pb_image_1 et_pb_image et_pb_module et_block_module\"><a href=\"https:\/\/mca-concept.com\/informations-reseau\/#facturation\"><span class=\"et_pb_image_wrap\"><img decoding=\"async\" src=\"https:\/\/mca-concept.com\/wordpress3\/wp-content\/uploads\/2021\/04\/illustration-facturation-mca-kale.png\" width=\"300\" height=\"272\" srcset=\"https:\/\/mca-concept.com\/wordpress3\/wp-content\/uploads\/2021\/04\/illustration-facturation-mca-kale.png 300w, https:\/\/mca-concept.com\/wordpress3\/wp-content\/uploads\/2021\/04\/illustration-facturation-mca-kale-200x181.png 200w\" sizes=\"(max-width: 300px) 100vw, 300px\" class=\"wp-image-11661\" title=\"Illustration Newsletter Rechnungsstellung\" alt=\"Illustration des Newsletters - Rechnungsstellung\" \/><\/span><\/a><\/div><\/div><div class=\"et_pb_column_5 et_pb_column et_pb_column_3_5 et-last-child et_block_column et_pb_css_mix_blend_mode_passthrough\"><div class=\"et_pb_text_4 et_pb_text et_pb_bg_layout_light et_clickable et_pb_module et_block_module preset--module--divi-text--75a373b3-a752-4305-81e8-535fbf8079d6\"><div class=\"et_pb_text_inner\"><p>Einfache und \u00fcbersichtliche Verwaltung der Rechnungsstellung, Sie k\u00f6nnen den Status aller Zahlungen leicht \u00fcberpr\u00fcfen und ein Angebot automatisch in eine Rechnung umwandeln.<\/p>\n<\/div><\/div><div class=\"et_pb_text_5 et_pb_text et_pb_bg_layout_light et_clickable et_pb_module et_block_module preset--module--divi-text--75a373b3-a752-4305-81e8-535fbf8079d6\"><div class=\"et_pb_text_inner\"><ul>\n<li>QR \/ PDF \/ XLS \/ Mail<\/li>\n<li>Abonnemente<\/li>\n<li>Vorauszahlungen, Abrechnung und Abz\u00fcge<\/li>\n<li>Unbezahlte Mahnungen<\/li>\n<li>Verkn\u00fcpft mit der Datei des Clients<\/li>\n<\/ul>\n<\/div><\/div><\/div><\/div><\/div><div class=\"et_pb_section_3 et_pb_section et_section_regular et_block_section\"><div class=\"et_pb_row_4 et_pb_row et_block_row\"><div class=\"et_pb_column_6 et_pb_column et_pb_column_3_5 et_block_column et_pb_css_mix_blend_mode_passthrough\"><div class=\"et_pb_text_6 et_pb_text et_pb_bg_layout_light et_clickable et_pb_module et_block_module preset--module--divi-text--75a373b3-a752-4305-81e8-535fbf8079d6\"><div class=\"et_pb_text_inner\"><p>Mit einem zentralen Tool k\u00f6nnen Sie die Arbeitszeiten verwalten, Aufgaben planen und an die Mitarbeiter verteilen sowie die Gehaltsabrechnung in aller Ruhe bearbeiten.<\/p>\n<\/div><\/div><div class=\"et_pb_text_7 et_pb_text et_pb_bg_layout_light et_clickable et_pb_module et_block_module preset--module--divi-text--75a373b3-a752-4305-81e8-535fbf8079d6\"><div class=\"et_pb_text_inner\"><ul>\n<li>QR \/ PDF \/ XLS \/ Mail<\/li>\n<li>Abonnemente<\/li>\n<li>Vorauszahlungen, Abrechnung und Abz\u00fcge<\/li>\n<li>Unbezahlte Mahnungen<\/li>\n<li>Verkn\u00fcpft mit der Datei des Clients<\/li>\n<\/ul>\n<\/div><\/div><\/div><div class=\"et_pb_column_7 et_pb_column et_pb_column_2_5 et-last-child et_block_column et_pb_css_mix_blend_mode_passthrough\"><div class=\"et_pb_image_2 et_pb_image et_pb_module et_block_module\"><a href=\"https:\/\/mca-concept.com\/informations-reseau\/#rh\"><span class=\"et_pb_image_wrap\"><img decoding=\"async\" src=\"https:\/\/mca-concept.com\/wordpress3\/wp-content\/uploads\/2021\/04\/illustration-gestion-rh-mca-kale.png\" width=\"300\" height=\"287\" srcset=\"https:\/\/mca-concept.com\/wordpress3\/wp-content\/uploads\/2021\/04\/illustration-gestion-rh-mca-kale.png 300w, https:\/\/mca-concept.com\/wordpress3\/wp-content\/uploads\/2021\/04\/illustration-gestion-rh-mca-kale-200x191.png 200w\" sizes=\"(max-width: 300px) 100vw, 300px\" class=\"wp-image-11665\" title=\"Illustration HR Management\" alt=\"Illustration des hr management newsletter von MCA Concept\" \/><\/span><\/a><\/div><\/div><\/div><\/div><div class=\"et_pb_section_4 et_pb_section et_section_regular et_block_section\"><div class=\"et_pb_row_5 et_pb_row et_block_row\"><div class=\"et_pb_column_8 et_pb_column et_pb_column_2_5 et_block_column et_pb_css_mix_blend_mode_passthrough\"><div class=\"et_pb_image_3 et_pb_image et_pb_module et_block_module\"><a href=\"https:\/\/mca-concept.com\/logiciels-metiers\/\"><span class=\"et_pb_image_wrap\"><img decoding=\"async\" src=\"https:\/\/mca-concept.com\/wordpress3\/wp-content\/uploads\/2021\/04\/illustration-metiers-mca-kale.png\" width=\"300\" height=\"290\" srcset=\"https:\/\/mca-concept.com\/wordpress3\/wp-content\/uploads\/2021\/04\/illustration-metiers-mca-kale.png 300w, https:\/\/mca-concept.com\/wordpress3\/wp-content\/uploads\/2021\/04\/illustration-metiers-mca-kale-200x193.png 200w\" sizes=\"(max-width: 300px) 100vw, 300px\" class=\"wp-image-11669\" title=\"Illustration Berufe Newsletter\" alt=\"Illustrationen Berufe aus dem Newsletter von MCA Concept\" \/><\/span><\/a><\/div><\/div><div class=\"et_pb_column_9 et_pb_column et_pb_column_3_5 et-last-child et_block_column et_pb_css_mix_blend_mode_passthrough\"><div class=\"et_pb_text_8 et_pb_text et_pb_bg_layout_light et_clickable et_pb_module et_block_module preset--module--divi-text--75a373b3-a752-4305-81e8-535fbf8079d6\"><div class=\"et_pb_text_inner\"><p>Jedes Unternehmen hat spezifische Betriebs- und Verwaltungsprozesse. Die Software MCA Kale, die dem Unternehmen gewidmet ist, geht auf alle Bed\u00fcrfnisse jedes T\u00e4tigkeitsbereichs ein, indem sie eine pr\u00e4zise, an die Art der Organisation angepasste L\u00f6sung bietet.<\/p>\n<\/div><\/div><div class=\"et_pb_text_9 et_pb_text et_pb_bg_layout_light et_clickable et_pb_module et_block_module\"><div class=\"et_pb_text_inner\"><p>&nbsp;<\/p>\n<ul>\n<li>Spezifische Funktionalit\u00e4ten nach Gesch\u00e4ftsbereichen<\/li>\n<li>Kopplung zwischen ERP-CRM-CMS-Planung<\/li>\n<li>Hilfe und Unterst\u00fctzung durch professionelle Experten.<\/li>\n<\/ul>\n<\/div><\/div><\/div><\/div><\/div><div class=\"et_pb_section_5 et_pb_section et_section_regular et_block_section\"><div class=\"et_pb_row_6 et_pb_row et_pb_row_5col et_block_row et_block_row_5col\"><div class=\"et_pb_column_10 et_pb_column et_pb_column_1_5 et_block_column et_pb_css_mix_blend_mode_passthrough\"><div class=\"et_pb_image_4 et_pb_image et_pb_module et_block_module\"><a href=\"https:\/\/www.facebook.com\/mcaconcept\/\" target=\"_blank\"><span class=\"et_pb_image_wrap\"><img decoding=\"async\" src=\"https:\/\/mca-concept.com\/wordpress3\/wp-content\/uploads\/2021\/04\/logo-facebook-mca-kale-300x300.png\" width=\"300\" height=\"300\" srcset=\"https:\/\/mca-concept.com\/wordpress3\/wp-content\/uploads\/2021\/04\/logo-facebook-mca-kale-300x300.png 300w\" class=\"wp-image-11612\" title=\"Icon facebook\" alt=\"icon facebook Netze\" \/><\/span><\/a><\/div><\/div><div class=\"et_pb_column_11 et_pb_column et_pb_column_1_5 et_block_column et_pb_css_mix_blend_mode_passthrough\"><div class=\"et_pb_image_5 et_pb_image et_pb_module et_block_module\"><a href=\"https:\/\/ch.linkedin.com\/company\/mca-concept\" target=\"_blank\"><span class=\"et_pb_image_wrap\"><img decoding=\"async\" src=\"https:\/\/mca-concept.com\/wordpress3\/wp-content\/uploads\/2021\/04\/logo-linkedin-mca-kale-300x300.png\" width=\"300\" height=\"300\" srcset=\"https:\/\/mca-concept.com\/wordpress3\/wp-content\/uploads\/2021\/04\/logo-linkedin-mca-kale-300x300.png 300w\" class=\"wp-image-11623\" title=\"Icon linkedin\" alt=\"icon linkedin Netze\" \/><\/span><\/a><\/div><\/div><div class=\"et_pb_column_12 et_pb_column et_pb_column_1_5 et_block_column et_pb_css_mix_blend_mode_passthrough\"><div class=\"et_pb_image_6 et_pb_image et_pb_module et_block_module\"><a href=\"https:\/\/www.instagram.com\/mcaconcept\/\" target=\"_blank\"><span class=\"et_pb_image_wrap\"><img decoding=\"async\" src=\"https:\/\/mca-concept.com\/wordpress3\/wp-content\/uploads\/2021\/04\/logo-instagram-mca-kale-300x300.png\" width=\"300\" height=\"300\" srcset=\"https:\/\/mca-concept.com\/wordpress3\/wp-content\/uploads\/2021\/04\/logo-instagram-mca-kale-300x300.png 300w\" class=\"wp-image-11608\" title=\"Icon Instagram\" alt=\"icon instagram Netze\" \/><\/span><\/a><\/div><\/div><div class=\"et_pb_column_13 et_pb_column et_pb_column_1_5 et_block_column et_pb_css_mix_blend_mode_passthrough\"><div class=\"et_pb_image_7 et_pb_image et_pb_module et_block_module\"><a href=\"https:\/\/twitter.com\/McaConcept\" target=\"_blank\"><span class=\"et_pb_image_wrap\"><img decoding=\"async\" src=\"https:\/\/mca-concept.com\/wordpress3\/wp-content\/uploads\/2021\/04\/logo-twitter-mca-kale-300x300.png\" width=\"300\" height=\"300\" srcset=\"https:\/\/mca-concept.com\/wordpress3\/wp-content\/uploads\/2021\/04\/logo-twitter-mca-kale-300x300.png 300w\" class=\"wp-image-11616\" title=\"Icon twitter\" alt=\"icon twitter Netze\" \/><\/span><\/a><\/div><\/div><div class=\"et_pb_column_14 et_pb_column et_pb_column_1_5 et-last-child et_block_column et_pb_css_mix_blend_mode_passthrough\"><div class=\"et_pb_image_8 et_pb_image et_pb_module et_block_module\"><a href=\"https:\/\/www.youtube.com\/channel\/UC1WT0RmNiTycrnzr6FqDuPg\" target=\"_blank\"><span class=\"et_pb_image_wrap\"><img decoding=\"async\" src=\"https:\/\/mca-concept.com\/wordpress3\/wp-content\/uploads\/2021\/04\/logo-youtube-mca-kale-300x300.png\" width=\"300\" height=\"300\" srcset=\"https:\/\/mca-concept.com\/wordpress3\/wp-content\/uploads\/2021\/04\/logo-youtube-mca-kale-300x300.png 300w\" class=\"wp-image-11600\" title=\"Icon youtube\" alt=\"icon youtube Netze\" \/><\/span><\/a><\/div><\/div><\/div><\/div>\n","protected":false},"excerpt":{"rendered":"","protected":false},"author":3,"featured_media":0,"parent":0,"menu_order":0,"comment_status":"closed","ping_status":"closed","template":"","meta":{"content-type":"","inline_featured_image":false,"_price":"","_stock":"","_tribe_ticket_header":"","_tribe_default_ticket_provider":"","_tribe_ticket_capacity":"0","_ticket_start_date":"","_ticket_end_date":"","_tribe_ticket_show_description":"","_tribe_ticket_show_not_going":false,"_tribe_ticket_use_global_stock":"","_tribe_ticket_global_stock_level":"","_global_stock_mode":"","_global_stock_cap":"","_tribe_rsvp_for_event":"","_tribe_ticket_going_count":"","_tribe_ticket_not_going_count":"","_tribe_tickets_list":"[]","_tribe_ticket_has_attendee_info_fields":false,"footnotes":"","_tec_slr_enabled":"","_tec_slr_layout":""},"class_list":["post-13498","page","type-page","status-publish","hentry"],"yoast_head":"<!-- This site is optimized with the Yoast SEO Premium plugin v26.1 (Yoast SEO v27.2) - https:\/\/yoast.com\/product\/yoast-seo-premium-wordpress\/ -->\n<title>Newsletter \u00fcber spezialisierte Software | MCA Concept<\/title>\n<meta name=\"description\" content=\"Unser Newsletter \u00fcber die Rechnungsverwaltungs-, Personalverwaltungs- und Business-Software von MCA Kale.\" \/>\n<meta name=\"robots\" content=\"index, follow, max-snippet:-1, max-image-preview:large, max-video-preview:-1\" \/>\n<link rel=\"canonical\" href=\"https:\/\/mca-concept.com\/de\/newsletter-rechnung-hr-berufe\/\" \/>\n<meta property=\"og:locale\" content=\"de_DE\" \/>\n<meta property=\"og:type\" content=\"article\" \/>\n<meta property=\"og:title\" content=\"Newsletter-Rechnung - HR - Berufe\" \/>\n<meta property=\"og:description\" content=\"Unser Newsletter \u00fcber die Rechnungsverwaltungs-, Personalverwaltungs- und Business-Software von MCA Kale.\" \/>\n<meta property=\"og:url\" content=\"https:\/\/mca-concept.com\/de\/newsletter-rechnung-hr-berufe\/\" \/>\n<meta property=\"og:site_name\" content=\"MCA Concept\" \/>\n<meta property=\"article:publisher\" content=\"https:\/\/www.facebook.com\/mcaconcept\/\" \/>\n<meta property=\"article:modified_time\" content=\"2026-03-30T09:45:34+00:00\" \/>\n<meta name=\"twitter:card\" content=\"summary_large_image\" \/>\n<meta name=\"twitter:site\" content=\"@McaConcept\" \/>\n<script type=\"application\/ld+json\" class=\"yoast-schema-graph\">{\"@context\":\"https:\/\/schema.org\",\"@graph\":[{\"@type\":\"WebPage\",\"@id\":\"https:\/\/mca-concept.com\/de\/newsletter-rechnung-hr-berufe\/\",\"url\":\"https:\/\/mca-concept.com\/de\/newsletter-rechnung-hr-berufe\/\",\"name\":\"Newsletter \u00fcber spezialisierte Software | MCA Concept\",\"isPartOf\":{\"@id\":\"https:\/\/mca-concept.com\/de\/#website\"},\"datePublished\":\"2021-06-18T13:09:19+00:00\",\"dateModified\":\"2026-03-30T09:45:34+00:00\",\"description\":\"Unser Newsletter \u00fcber die Rechnungsverwaltungs-, Personalverwaltungs- und Business-Software von MCA Kale.\",\"breadcrumb\":{\"@id\":\"https:\/\/mca-concept.com\/de\/newsletter-rechnung-hr-berufe\/#breadcrumb\"},\"inLanguage\":\"de\",\"potentialAction\":[{\"@type\":\"ReadAction\",\"target\":[\"https:\/\/mca-concept.com\/de\/newsletter-rechnung-hr-berufe\/\"]}]},{\"@type\":\"BreadcrumbList\",\"@id\":\"https:\/\/mca-concept.com\/de\/newsletter-rechnung-hr-berufe\/#breadcrumb\",\"itemListElement\":[{\"@type\":\"ListItem\",\"position\":1,\"name\":\"Accueil\",\"item\":\"https:\/\/mca-concept.com\/de\/\"},{\"@type\":\"ListItem\",\"position\":2,\"name\":\"Newsletter-Rechnung &#8211; HR &#8211; Berufe\"}]},{\"@type\":\"WebSite\",\"@id\":\"https:\/\/mca-concept.com\/de\/#website\",\"url\":\"https:\/\/mca-concept.com\/de\/\",\"name\":\"MCA Concept\",\"description\":\"Solutions de gestion d&#039;entreprise ERP-CRM-CMS\",\"publisher\":{\"@id\":\"https:\/\/mca-concept.com\/de\/#organization\"},\"potentialAction\":[{\"@type\":\"SearchAction\",\"target\":{\"@type\":\"EntryPoint\",\"urlTemplate\":\"https:\/\/mca-concept.com\/de\/?s={search_term_string}\"},\"query-input\":{\"@type\":\"PropertyValueSpecification\",\"valueRequired\":true,\"valueName\":\"search_term_string\"}}],\"inLanguage\":\"de\"},{\"@type\":\"Organization\",\"@id\":\"https:\/\/mca-concept.com\/de\/#organization\",\"name\":\"MCA Concept\",\"url\":\"https:\/\/mca-concept.com\/de\/\",\"logo\":{\"@type\":\"ImageObject\",\"inLanguage\":\"de\",\"@id\":\"https:\/\/mca-concept.com\/de\/#\/schema\/logo\/image\/\",\"url\":\"https:\/\/mca-concept.com\/wordpress3\/wp-content\/uploads\/2019\/09\/mca-logo300px.png\",\"contentUrl\":\"https:\/\/mca-concept.com\/wordpress3\/wp-content\/uploads\/2019\/09\/mca-logo300px.png\",\"width\":300,\"height\":156,\"caption\":\"MCA Concept\"},\"image\":{\"@id\":\"https:\/\/mca-concept.com\/de\/#\/schema\/logo\/image\/\"},\"sameAs\":[\"https:\/\/www.facebook.com\/mcaconcept\/\",\"https:\/\/x.com\/McaConcept\",\"https:\/\/www.instagram.com\/mcaconcept\/\",\"https:\/\/ch.linkedin.com\/company\/mca-concept\",\"https:\/\/www.youtube.com\/channel\/UC1WT0RmNiTycrnzr6FqDuPg\"]}]}<\/script>\n<!-- \/ Yoast SEO Premium plugin. -->","yoast_head_json":{"title":"Newsletter \u00fcber spezialisierte Software | MCA Concept","description":"Unser Newsletter \u00fcber die Rechnungsverwaltungs-, Personalverwaltungs- und Business-Software von MCA Kale.","robots":{"index":"index","follow":"follow","max-snippet":"max-snippet:-1","max-image-preview":"max-image-preview:large","max-video-preview":"max-video-preview:-1"},"canonical":"https:\/\/mca-concept.com\/de\/newsletter-rechnung-hr-berufe\/","og_locale":"de_DE","og_type":"article","og_title":"Newsletter-Rechnung - HR - Berufe","og_description":"Unser Newsletter \u00fcber die Rechnungsverwaltungs-, Personalverwaltungs- und Business-Software von MCA Kale.","og_url":"https:\/\/mca-concept.com\/de\/newsletter-rechnung-hr-berufe\/","og_site_name":"MCA Concept","article_publisher":"https:\/\/www.facebook.com\/mcaconcept\/","article_modified_time":"2026-03-30T09:45:34+00:00","twitter_card":"summary_large_image","twitter_site":"@McaConcept","schema":{"@context":"https:\/\/schema.org","@graph":[{"@type":"WebPage","@id":"https:\/\/mca-concept.com\/de\/newsletter-rechnung-hr-berufe\/","url":"https:\/\/mca-concept.com\/de\/newsletter-rechnung-hr-berufe\/","name":"Newsletter \u00fcber spezialisierte Software | MCA Concept","isPartOf":{"@id":"https:\/\/mca-concept.com\/de\/#website"},"datePublished":"2021-06-18T13:09:19+00:00","dateModified":"2026-03-30T09:45:34+00:00","description":"Unser Newsletter \u00fcber die Rechnungsverwaltungs-, Personalverwaltungs- und Business-Software von MCA Kale.","breadcrumb":{"@id":"https:\/\/mca-concept.com\/de\/newsletter-rechnung-hr-berufe\/#breadcrumb"},"inLanguage":"de","potentialAction":[{"@type":"ReadAction","target":["https:\/\/mca-concept.com\/de\/newsletter-rechnung-hr-berufe\/"]}]},{"@type":"BreadcrumbList","@id":"https:\/\/mca-concept.com\/de\/newsletter-rechnung-hr-berufe\/#breadcrumb","itemListElement":[{"@type":"ListItem","position":1,"name":"Accueil","item":"https:\/\/mca-concept.com\/de\/"},{"@type":"ListItem","position":2,"name":"Newsletter-Rechnung &#8211; HR &#8211; Berufe"}]},{"@type":"WebSite","@id":"https:\/\/mca-concept.com\/de\/#website","url":"https:\/\/mca-concept.com\/de\/","name":"MCA Concept","description":"Solutions de gestion d&#039;entreprise ERP-CRM-CMS","publisher":{"@id":"https:\/\/mca-concept.com\/de\/#organization"},"potentialAction":[{"@type":"SearchAction","target":{"@type":"EntryPoint","urlTemplate":"https:\/\/mca-concept.com\/de\/?s={search_term_string}"},"query-input":{"@type":"PropertyValueSpecification","valueRequired":true,"valueName":"search_term_string"}}],"inLanguage":"de"},{"@type":"Organization","@id":"https:\/\/mca-concept.com\/de\/#organization","name":"MCA Concept","url":"https:\/\/mca-concept.com\/de\/","logo":{"@type":"ImageObject","inLanguage":"de","@id":"https:\/\/mca-concept.com\/de\/#\/schema\/logo\/image\/","url":"https:\/\/mca-concept.com\/wordpress3\/wp-content\/uploads\/2019\/09\/mca-logo300px.png","contentUrl":"https:\/\/mca-concept.com\/wordpress3\/wp-content\/uploads\/2019\/09\/mca-logo300px.png","width":300,"height":156,"caption":"MCA Concept"},"image":{"@id":"https:\/\/mca-concept.com\/de\/#\/schema\/logo\/image\/"},"sameAs":["https:\/\/www.facebook.com\/mcaconcept\/","https:\/\/x.com\/McaConcept","https:\/\/www.instagram.com\/mcaconcept\/","https:\/\/ch.linkedin.com\/company\/mca-concept","https:\/\/www.youtube.com\/channel\/UC1WT0RmNiTycrnzr6FqDuPg"]}]}},"ticketed":false,"_links":{"self":[{"href":"https:\/\/mca-concept.com\/de\/wp-json\/wp\/v2\/pages\/13498","targetHints":{"allow":["GET"]}}],"collection":[{"href":"https:\/\/mca-concept.com\/de\/wp-json\/wp\/v2\/pages"}],"about":[{"href":"https:\/\/mca-concept.com\/de\/wp-json\/wp\/v2\/types\/page"}],"author":[{"embeddable":true,"href":"https:\/\/mca-concept.com\/de\/wp-json\/wp\/v2\/users\/3"}],"replies":[{"embeddable":true,"href":"https:\/\/mca-concept.com\/de\/wp-json\/wp\/v2\/comments?post=13498"}],"version-history":[{"count":27,"href":"https:\/\/mca-concept.com\/de\/wp-json\/wp\/v2\/pages\/13498\/revisions"}],"predecessor-version":[{"id":84131,"href":"https:\/\/mca-concept.com\/de\/wp-json\/wp\/v2\/pages\/13498\/revisions\/84131"}],"wp:attachment":[{"href":"https:\/\/mca-concept.com\/de\/wp-json\/wp\/v2\/media?parent=13498"}],"curies":[{"name":"wp","href":"https:\/\/api.w.org\/{rel}","templated":true}]}}