{"id":13504,"date":"2021-06-18T14:28:34","date_gmt":"2021-06-18T13:28:34","guid":{"rendered":"https:\/\/mca-concept.com\/die-funktionalitaeten\/qr-rechnung\/"},"modified":"2026-03-30T10:52:56","modified_gmt":"2026-03-30T08:52:56","slug":"qr-rechnung","status":"publish","type":"page","link":"https:\/\/mca-concept.com\/de\/die-funktionalitaeten\/qr-rechnung\/","title":{"rendered":"QR-Rechnung"},"content":{"rendered":"<div class=\"et_pb_section_0 et_pb_section et_section_regular et_block_section\">\n<div class=\"et_pb_row_0 et_pb_row et_block_row\">\n<div class=\"et_pb_column_0 et_pb_column et_pb_column_4_4 et-last-child et_block_column et_pb_css_mix_blend_mode_passthrough\">\n<div class=\"et_pb_text_0 et_pb_text et_pb_bg_layout_light et_pb_module et_block_module preset--module--divi-text--75a373b3-a752-4305-81e8-535fbf8079d6\"><div class=\"et_pb_text_inner\"><h1>Die QR-Rechnung innerhalb von MCA Kale<\/h1>\n<\/div><\/div>\n\n<div class=\"et_pb_image_0 et_pb_image et_pb_module et_block_module\"><span class=\"et_pb_image_wrap\"><img decoding=\"async\" src=\"https:\/\/mca-concept.com\/wordpress3\/wp-content\/uploads\/2021\/12\/illustration-entete-qr-facture-mca-kale.png\" width=\"1079\" height=\"348\" srcset=\"https:\/\/mca-concept.com\/wordpress3\/wp-content\/uploads\/2021\/12\/illustration-entete-qr-facture-mca-kale.png 1079w, https:\/\/mca-concept.com\/wordpress3\/wp-content\/uploads\/2021\/12\/illustration-entete-qr-facture-mca-kale-980x316.png 980w, https:\/\/mca-concept.com\/wordpress3\/wp-content\/uploads\/2021\/12\/illustration-entete-qr-facture-mca-kale-480x155.png 480w\" sizes=\"(min-width: 0px) and (max-width: 480px) 480px, (min-width: 481px) and (max-width: 980px) 980px, (min-width: 981px) 1079px, 100vw\" class=\"wp-image-26309\" title=\"Illustration Kopfzeile QR-Rechnung\" alt=\"Illustration der Kopfzeile der QR-Rechnungsfunktionalit\u00e4t von MCA-Kale\" \/><\/span><\/div>\n<\/div>\n<\/div>\n<\/div>\n\n<div class=\"et_pb_section_1 et_pb_section et_section_regular et_block_section\">\n<div class=\"et_pb_row_1 et_pb_row et_block_row\">\n<div class=\"et_pb_column_1 et_pb_column et_pb_column_1_2 et_block_column et_pb_css_mix_blend_mode_passthrough\">\n<div class=\"et_pb_text_1 et_pb_text et_pb_bg_layout_light et_pb_module et_block_module preset--module--divi-text--75a373b3-a752-4305-81e8-535fbf8079d6\"><div class=\"et_pb_text_inner\"><h2>Keine roten und orangenen Einzahlungsscheine mehr ab dem 30. September 2022?<\/h2>\n<\/div><\/div>\n\n<div class=\"et_pb_text_2 et_pb_text et_pb_bg_layout_light et_pb_module et_block_module preset--module--divi-text--75a373b3-a752-4305-81e8-535fbf8079d6\"><div class=\"et_pb_text_inner\"><p>Zahlungen werden jetzt per QR-Code durchgef\u00fchrt. Die QR-Rechnung wurde am 30. Juni 2020 eingef\u00fchrt, um den Zahlungsverkehr zu harmonisieren und zu digitalisieren. Sie folgt der Einf\u00fchrung von <a href=\"https:\/\/mca-concept.com\/les-fonctionnalites\/webservice\/#ISO20022\" target=\"\u201d_blank\u201d\" rel=\"noopener\">ISO 20022<\/a> im Jahr 2018 und ersetzt die aktuellen roten (BV) und orangen (BVR) Zahlscheine. Die QR-Rechnung hat einen Schweizer QR-Code, der alle notwendigen Zahlungsinformationen enth\u00e4lt. Wichtige Informationen sind auch in schriftlicher Form enthalten.<br \/>Scannen Sie einfach den QR-Code auf der Rechnung, eine Art zweidimensionaler Barcode, und l\u00f6sen Sie per Klick eine Zahlung aus. Keine Notwendigkeit mehr, Informationen und Referenzen einzugeben, daher erfolgt die Zahlung schneller und ohne m\u00f6gliche Fehler. Die QR-Rechnung erleichtert somit die Verwaltung von Rechnungen und \u00dcberweisungen.<br \/>W\u00e4hrend es w\u00e4hrend der \u00dcbergangszeit noch m\u00f6glich war, die roten und orangen Einzahlungsscheine parallel zur QR-Rechnung zu verwenden, verschwanden diese am 30. September 2022 endg\u00fcltig. Damit wird die QR-Rechnung zu einer bundesweiten Anforderung f\u00fcr alle Gesch\u00e4ftsbeziehungen.<br \/>Wenn Sie jetzt auf die QR-Rechnung umstellen, wird sichergestellt, dass Unternehmen mit den wirtschaftlichen Ver\u00e4nderungen Schritt halten k\u00f6nnen.<\/p>\n<\/div><\/div>\n<\/div>\n\n<div class=\"et_pb_column_2 et_pb_column et_pb_column_1_2 et-last-child et_block_column et_pb_css_mix_blend_mode_passthrough\">\n<div class=\"et_pb_text_3 et_pb_text et_pb_bg_layout_light et_pb_module et_block_module preset--module--divi-text--75a373b3-a752-4305-81e8-535fbf8079d6\"><div class=\"et_pb_text_inner\"><h2>Herausforderung: sich in der Verwaltung weiterzuentwickeln<\/h2>\n<\/div><\/div>\n\n<div class=\"et_pb_text_4 et_pb_text et_pb_bg_layout_light et_pb_module et_block_module preset--module--divi-text--75a373b3-a752-4305-81e8-535fbf8079d6\"><div class=\"et_pb_text_inner\"><ul>\n<li>Gesch\u00e4tzter Arbeitsumfang<\/li>\n<li>Wie man die Verwaltung reorganisiert, um nicht in Pflasterl\u00f6sungen zu verfallen<\/li>\n<li>Preisbewertung<\/li>\n<\/ul>\n<\/div><\/div>\n\n<div class=\"et_pb_text_5 et_pb_text et_pb_bg_layout_light et_pb_module et_block_module preset--module--divi-text--75a373b3-a752-4305-81e8-535fbf8079d6\"><div class=\"et_pb_text_inner\"><h2>Die richtigen Fragen stellen:<\/h2>\n<\/div><\/div>\n\n<div class=\"et_pb_text_6 et_pb_text et_pb_bg_layout_light et_pb_module et_block_module preset--module--divi-text--75a373b3-a752-4305-81e8-535fbf8079d6\"><div class=\"et_pb_text_inner\"><p>Wollen Sie jetzt auf QR-Fakturierung umsteigen? MCA Concept, ein Partner, der Ihnen hilft, in den verschiedenen Phasen der digitalen Transformation eine Agenda zu erstellen.<\/p>\n<\/div><\/div>\n\n<div class=\"et_pb_text_7 et_pb_text et_pb_bg_layout_light et_pb_module et_block_module preset--module--divi-text--75a373b3-a752-4305-81e8-535fbf8079d6\"><div class=\"et_pb_text_inner\"><h2>L\u00f6sung<\/h2>\n<\/div><\/div>\n\n<div class=\"et_pb_text_8 et_pb_text et_pb_bg_layout_light et_pb_module et_block_module preset--module--divi-text--75a373b3-a752-4305-81e8-535fbf8079d6\"><div class=\"et_pb_text_inner\"><p>MCA Concept hat die Managementsoftware MCA Kale entwickelt, eine Reihe von Modulen, die Ihnen in Spitzentechnologien wie :<\/p>\n<ul>\n<li><strong><span style=\"color: #ff0000;\"><a href=\"https:\/\/mca-concept.com\/les-fonctionnalites\/e-facture\/\" target=\"\u201d_blank\u201d\" rel=\"noopener\" style=\"color: #ff0000;\">E-Rechnung<\/a><\/span><\/strong><\/li>\n<li>QR code<\/li>\n<li><strong><span style=\"color: #ff0000;\"><a href=\"https:\/\/mca-concept.com\/les-fonctionnalites\/erp\/\" target=\"\u201d_blank\u201d\" rel=\"noopener\" style=\"color: #ff0000;\">Direkte Integration in die Buchhaltung<\/a><\/span><\/strong><\/li>\n<li>Direkter Link zu Ihrer Website f\u00fcr <a href=\"https:\/\/mca-concept.com\/les-fonctionnalites\/booking\/\" target=\"\u201d_blank\u201d\" rel=\"noopener\"><strong><span style=\"color: #ff0000;\">Terminbuchungen<\/span><\/strong><\/a> und <strong><span style=\"color: #ff0000;\"><a href=\"https:\/\/mca-concept.com\/les-fonctionnalites\/planning\/\" target=\"\u201d_blank\u201d\" rel=\"noopener\" style=\"color: #ff0000;\">Terminverwaltungen<\/a><\/span><\/strong><\/li>\n<\/ul>\n<\/div><\/div>\n<\/div>\n<\/div>\n\n<div class=\"et_pb_row_2 et_pb_row et_block_row\">\n<div class=\"et_pb_column_3 et_pb_column et_pb_column_4_4 et-last-child et_block_column et_pb_css_mix_blend_mode_passthrough\">\n<div class=\"et_pb_text_9 et_pb_text et_pb_bg_layout_light et_pb_module et_block_module\"><div class=\"et_pb_text_inner\"><p>Die QR-Rechnung pr\u00e4sentiert von SIX<\/p>\n<\/div><\/div>\n\n<div class=\"et_pb_video_0 et_pb_video et_pb_module et_block_module\"><div class=\"et_pb_video_box\"><iframe title=\"QR-facture\" width=\"1080\" height=\"608\" src=\"https:\/\/www.youtube.com\/embed\/CpGJhTfZx5E?feature=oembed\"  allow=\"accelerometer; autoplay; clipboard-write; encrypted-media; gyroscope; picture-in-picture; web-share\" referrerpolicy=\"strict-origin-when-cross-origin\" allowfullscreen><\/iframe><\/div><\/div>\n<\/div>\n<\/div>\n\n<div class=\"et_pb_row_3 et_pb_row et_block_row\">\n<div class=\"et_pb_column_4 et_pb_column et_pb_column_4_4 et-last-child et_block_column et_pb_css_mix_blend_mode_passthrough\">\n<div class=\"et_pb_module et_pb_button_module_wrapper et_pb_button_0_wrapper preset--module--divi-button--e6919fb1-d0a4-440c-891a-c76fc3d47025_wrapper\"><a class=\"et_pb_button_0 et_pb_button et_pb_bg_layout_light et_pb_module et_block_module preset--module--divi-button--e6919fb1-d0a4-440c-891a-c76fc3d47025\" href=\"https:\/\/mca-concept.com\/formulaire-qr-facture\/\">Erfahren Sie mehr \u00fcber QR-Rechnung<\/a><\/div>\n<\/div>\n<\/div>\n<\/div>\n\n<div class=\"et_pb_section_2 et_pb_section et_section_regular et_block_section\" id=\"Solutions\">\n<div class=\"et_pb_row_4 et_pb_row et_pb_equal_columns et_block_row\">\n<div class=\"et_pb_column_5 et_pb_column et_pb_column_1_2 et_block_column et_pb_css_mix_blend_mode_passthrough\">\n<div class=\"et_pb_image_1 et_pb_image et_animated et_pb_module et_block_module\"><a href=\"https:\/\/mca-concept.com\/logiciel-kale\/\"><span class=\"et_pb_image_wrap\"><img decoding=\"async\" src=\"https:\/\/mca-concept.com\/wordpress3\/wp-content\/uploads\/2022\/07\/mca-kale-logo-refait-recadre-300x170.png\" width=\"300\" height=\"170\" srcset=\"https:\/\/mca-concept.com\/wordpress3\/wp-content\/uploads\/2022\/07\/mca-kale-logo-refait-recadre-300x170.png 300w, https:\/\/mca-concept.com\/wordpress3\/wp-content\/uploads\/2022\/07\/mca-kale-logo-refait-recadre-200x113.png 200w, https:\/\/mca-concept.com\/wordpress3\/wp-content\/uploads\/2022\/07\/mca-kale-logo-refait-recadre.png 443w\" sizes=\"(max-width: 300px) 100vw, 300px\" class=\"wp-image-47903\" title=\"MCA Kale, umfassende Software f\u00fcr KMU und gro\u00dfe Unternehmen\" alt=\"Logo der MCA Kale-Software das einen gro\u00dfen Origami-Vogel darstellt\" \/><\/span><\/a><\/div>\n\n<div class=\"et_pb_text_10 et_pb_text et_pb_bg_layout_light et_pb_module et_block_module\"><div class=\"et_pb_text_inner\"><p style=\"text-align: center;\">Software f\u00fcr gro\u00dfe Unternehmen<\/p>\n<\/div><\/div>\n\n<div class=\"et_pb_module et_pb_button_module_wrapper et_pb_button_1_wrapper preset--module--divi-button--e6919fb1-d0a4-440c-891a-c76fc3d47025_wrapper\"><a class=\"et_pb_button_1 et_pb_button et_pb_bg_layout_light et_pb_module et_block_module preset--module--divi-button--e6919fb1-d0a4-440c-891a-c76fc3d47025\" href=\"https:\/\/mca-concept.com\/logiciel-kale\/\">Mehr erfahren<\/a><\/div>\n<\/div>\n\n<div class=\"et_pb_column_6 et_pb_column et_pb_column_1_2 et-last-child et_block_column et_pb_css_mix_blend_mode_passthrough\">\n<div class=\"et_pb_image_2 et_pb_image et_animated et_pb_module et_block_module\"><a href=\"https:\/\/mca-concept.com\/logiciel-colibri\/\"><span class=\"et_pb_image_wrap\"><img decoding=\"async\" src=\"https:\/\/mca-concept.com\/wordpress3\/wp-content\/uploads\/2022\/07\/mca-colibri-logo-refait-recadre-300x170.png\" width=\"300\" height=\"170\" srcset=\"https:\/\/mca-concept.com\/wordpress3\/wp-content\/uploads\/2022\/07\/mca-colibri-logo-refait-recadre-300x170.png 300w, https:\/\/mca-concept.com\/wordpress3\/wp-content\/uploads\/2022\/07\/mca-colibri-logo-refait-recadre-200x114.png 200w, https:\/\/mca-concept.com\/wordpress3\/wp-content\/uploads\/2022\/07\/mca-colibri-logo-refait-recadre.png 442w\" sizes=\"(max-width: 300px) 100vw, 300px\" class=\"wp-image-47907\" title=\"MCA Colibri, Rechnungs- und Buchhaltungssoftware f\u00fcr kleine Unternehmen\" alt=\"Logo der MCA Colibri-Software das einen kleinen Origami-Vogel darstellt\" \/><\/span><\/a><\/div>\n\n<div class=\"et_pb_text_11 et_pb_text et_pb_bg_layout_light et_pb_module et_block_module\"><div class=\"et_pb_text_inner\"><p style=\"text-align: center;\">Software f\u00fcr Selbstst\u00e4ndige und Handwerker<\/p>\n<\/div><\/div>\n\n<div class=\"et_pb_module et_pb_button_module_wrapper et_pb_button_2_wrapper preset--module--divi-button--e6919fb1-d0a4-440c-891a-c76fc3d47025_wrapper\"><a class=\"et_pb_button_2 et_pb_button et_pb_bg_layout_light et_pb_module et_block_module preset--module--divi-button--e6919fb1-d0a4-440c-891a-c76fc3d47025\" href=\"https:\/\/mca-concept.com\/logiciel-colibri\/\">Mehr erfahren<\/a><\/div>\n<\/div>\n<\/div>\n<\/div>\n\n<div class=\"et_pb_section_3 et_pb_section et_section_regular et_block_section\">\n<div class=\"et_pb_row_5 et_pb_row et_block_row\">\n<div class=\"et_pb_column_7 et_pb_column et_pb_column_4_4 et-last-child et_block_column et_pb_css_mix_blend_mode_passthrough\">\n<div class=\"et_pb_text_12 et_pb_text et_pb_bg_layout_light et_pb_module et_block_module preset--module--divi-text--75a373b3-a752-4305-81e8-535fbf8079d6\"><div class=\"et_pb_text_inner\"><h2>Zusammenfassend<\/h2>\n<p>&nbsp;<\/p>\n<p>Die <strong>QR-Rechnung<\/strong> hat das Finanzmanagement von Unternehmen in der Schweiz revolutioniert und Zahlungen mithilfe der <strong>QR-Code<\/strong>-Technologie vereinfacht.<\/p>\n<p>Mit der Einf\u00fchrung dieses Standards im Juni 2020 ersetzte er rasch die herk\u00f6mmlichen Einzahlungsscheine und garantierte die Einhaltung der Bundesanforderungen ab dem 30. September 2022.<\/p>\n<p>Die QR-Rechnung, die in <strong>MCA Kale<\/strong>, der von <strong>MCA Concept<\/strong> entwickelten Verwaltungssoftware, integriert ist, bietet eine hochmoderne L\u00f6sung, um die Verwaltung von Rechnungen und \u00dcberweisungen zu erleichtern.<\/p>\n<p>Diese Umstellung auf die QR-Rechnung ist f\u00fcr Schweizer Unternehmen, die ihre Zahlungsprozesse optimieren und mit den fortschrittlichsten <strong>technologischen L\u00f6sungen<\/strong> Schritt halten wollen, von entscheidender Bedeutung.<\/p>\n<p>Damit positioniert sich MCA Kale als f\u00fchrender Anbieter, der <strong>Unternehmen<\/strong> dabei unterst\u00fctzt, die Herausforderung der administrativen Entwicklung anzunehmen und die <strong>Funktionen<\/strong> der QR-Rechnung f\u00fcr ein effizientes <strong>Finanzmanagement<\/strong> zu nutzen.<\/p>\n<\/div><\/div>\n<\/div>\n<\/div>\n<\/div>","protected":false},"excerpt":{"rendered":"","protected":false},"author":3,"featured_media":0,"parent":7226,"menu_order":0,"comment_status":"closed","ping_status":"closed","template":"","meta":{"content-type":"","inline_featured_image":false,"_price":"","_stock":"","_tribe_ticket_header":"","_tribe_default_ticket_provider":"","_tribe_ticket_capacity":"0","_ticket_start_date":"","_ticket_end_date":"","_tribe_ticket_show_description":"","_tribe_ticket_show_not_going":false,"_tribe_ticket_use_global_stock":"","_tribe_ticket_global_stock_level":"","_global_stock_mode":"","_global_stock_cap":"","_tribe_rsvp_for_event":"","_tribe_ticket_going_count":"","_tribe_ticket_not_going_count":"","_tribe_tickets_list":"[]","_tribe_ticket_has_attendee_info_fields":false,"footnotes":"","_tec_slr_enabled":"","_tec_slr_layout":""},"class_list":["post-13504","page","type-page","status-publish","hentry"],"yoast_head":"<!-- This site is optimized with the Yoast SEO Premium plugin v26.1 (Yoast SEO v27.2) - https:\/\/yoast.com\/product\/yoast-seo-premium-wordpress\/ -->\n<title>Die QR-Rechnung bei MCA Kale | MCA Concept<\/title>\n<meta name=\"description\" content=\"Lassen Sie uns herausfinden, warum der Wechsel zu QR-Bill unumg\u00e4nglich ist und warum wir ihn bereits in MCA Kale integriert haben.\" \/>\n<meta name=\"robots\" content=\"index, follow, max-snippet:-1, max-image-preview:large, max-video-preview:-1\" \/>\n<link rel=\"canonical\" href=\"https:\/\/mca-concept.com\/de\/die-funktionalitaeten\/qr-rechnung\/\" \/>\n<meta property=\"og:locale\" content=\"de_DE\" \/>\n<meta property=\"og:type\" content=\"article\" \/>\n<meta property=\"og:title\" content=\"QR-Rechnung\" \/>\n<meta property=\"og:description\" content=\"Lassen Sie uns herausfinden, warum der Wechsel zu QR-Bill unumg\u00e4nglich ist und warum wir ihn bereits in MCA Kale integriert haben.\" \/>\n<meta property=\"og:url\" content=\"https:\/\/mca-concept.com\/de\/die-funktionalitaeten\/qr-rechnung\/\" \/>\n<meta property=\"og:site_name\" content=\"MCA Concept\" \/>\n<meta property=\"article:publisher\" content=\"https:\/\/www.facebook.com\/mcaconcept\/\" \/>\n<meta property=\"article:modified_time\" content=\"2026-03-30T08:52:56+00:00\" \/>\n<meta name=\"twitter:card\" content=\"summary_large_image\" \/>\n<meta name=\"twitter:site\" content=\"@McaConcept\" \/>\n<script type=\"application\/ld+json\" class=\"yoast-schema-graph\">{\"@context\":\"https:\/\/schema.org\",\"@graph\":[{\"@type\":\"WebPage\",\"@id\":\"https:\/\/mca-concept.com\/de\/die-funktionalitaeten\/qr-rechnung\/\",\"url\":\"https:\/\/mca-concept.com\/de\/die-funktionalitaeten\/qr-rechnung\/\",\"name\":\"Die QR-Rechnung bei MCA Kale | MCA Concept\",\"isPartOf\":{\"@id\":\"https:\/\/mca-concept.com\/de\/#website\"},\"datePublished\":\"2021-06-18T13:28:34+00:00\",\"dateModified\":\"2026-03-30T08:52:56+00:00\",\"description\":\"Lassen Sie uns herausfinden, warum der Wechsel zu QR-Bill unumg\u00e4nglich ist und warum wir ihn bereits in MCA Kale integriert haben.\",\"breadcrumb\":{\"@id\":\"https:\/\/mca-concept.com\/de\/die-funktionalitaeten\/qr-rechnung\/#breadcrumb\"},\"inLanguage\":\"de\",\"potentialAction\":[{\"@type\":\"ReadAction\",\"target\":[\"https:\/\/mca-concept.com\/de\/die-funktionalitaeten\/qr-rechnung\/\"]}]},{\"@type\":\"BreadcrumbList\",\"@id\":\"https:\/\/mca-concept.com\/de\/die-funktionalitaeten\/qr-rechnung\/#breadcrumb\",\"itemListElement\":[{\"@type\":\"ListItem\",\"position\":1,\"name\":\"Accueil\",\"item\":\"https:\/\/mca-concept.com\/de\/\"},{\"@type\":\"ListItem\",\"position\":2,\"name\":\"Die Funktionen\",\"item\":\"https:\/\/mca-concept.com\/de\/die-funktionalitaeten\/\"},{\"@type\":\"ListItem\",\"position\":3,\"name\":\"QR-Rechnung\"}]},{\"@type\":\"WebSite\",\"@id\":\"https:\/\/mca-concept.com\/de\/#website\",\"url\":\"https:\/\/mca-concept.com\/de\/\",\"name\":\"MCA Concept\",\"description\":\"Solutions de gestion d&#039;entreprise ERP-CRM-CMS\",\"publisher\":{\"@id\":\"https:\/\/mca-concept.com\/de\/#organization\"},\"potentialAction\":[{\"@type\":\"SearchAction\",\"target\":{\"@type\":\"EntryPoint\",\"urlTemplate\":\"https:\/\/mca-concept.com\/de\/?s={search_term_string}\"},\"query-input\":{\"@type\":\"PropertyValueSpecification\",\"valueRequired\":true,\"valueName\":\"search_term_string\"}}],\"inLanguage\":\"de\"},{\"@type\":\"Organization\",\"@id\":\"https:\/\/mca-concept.com\/de\/#organization\",\"name\":\"MCA Concept\",\"url\":\"https:\/\/mca-concept.com\/de\/\",\"logo\":{\"@type\":\"ImageObject\",\"inLanguage\":\"de\",\"@id\":\"https:\/\/mca-concept.com\/de\/#\/schema\/logo\/image\/\",\"url\":\"https:\/\/mca-concept.com\/wordpress3\/wp-content\/uploads\/2019\/09\/mca-logo300px.png\",\"contentUrl\":\"https:\/\/mca-concept.com\/wordpress3\/wp-content\/uploads\/2019\/09\/mca-logo300px.png\",\"width\":300,\"height\":156,\"caption\":\"MCA Concept\"},\"image\":{\"@id\":\"https:\/\/mca-concept.com\/de\/#\/schema\/logo\/image\/\"},\"sameAs\":[\"https:\/\/www.facebook.com\/mcaconcept\/\",\"https:\/\/x.com\/McaConcept\",\"https:\/\/www.instagram.com\/mcaconcept\/\",\"https:\/\/ch.linkedin.com\/company\/mca-concept\",\"https:\/\/www.youtube.com\/channel\/UC1WT0RmNiTycrnzr6FqDuPg\"]}]}<\/script>\n<!-- \/ Yoast SEO Premium plugin. -->","yoast_head_json":{"title":"Die QR-Rechnung bei MCA Kale | MCA Concept","description":"Lassen Sie uns herausfinden, warum der Wechsel zu QR-Bill unumg\u00e4nglich ist und warum wir ihn bereits in MCA Kale integriert haben.","robots":{"index":"index","follow":"follow","max-snippet":"max-snippet:-1","max-image-preview":"max-image-preview:large","max-video-preview":"max-video-preview:-1"},"canonical":"https:\/\/mca-concept.com\/de\/die-funktionalitaeten\/qr-rechnung\/","og_locale":"de_DE","og_type":"article","og_title":"QR-Rechnung","og_description":"Lassen Sie uns herausfinden, warum der Wechsel zu QR-Bill unumg\u00e4nglich ist und warum wir ihn bereits in MCA Kale integriert haben.","og_url":"https:\/\/mca-concept.com\/de\/die-funktionalitaeten\/qr-rechnung\/","og_site_name":"MCA Concept","article_publisher":"https:\/\/www.facebook.com\/mcaconcept\/","article_modified_time":"2026-03-30T08:52:56+00:00","twitter_card":"summary_large_image","twitter_site":"@McaConcept","schema":{"@context":"https:\/\/schema.org","@graph":[{"@type":"WebPage","@id":"https:\/\/mca-concept.com\/de\/die-funktionalitaeten\/qr-rechnung\/","url":"https:\/\/mca-concept.com\/de\/die-funktionalitaeten\/qr-rechnung\/","name":"Die QR-Rechnung bei MCA Kale | MCA Concept","isPartOf":{"@id":"https:\/\/mca-concept.com\/de\/#website"},"datePublished":"2021-06-18T13:28:34+00:00","dateModified":"2026-03-30T08:52:56+00:00","description":"Lassen Sie uns herausfinden, warum der Wechsel zu QR-Bill unumg\u00e4nglich ist und warum wir ihn bereits in MCA Kale integriert haben.","breadcrumb":{"@id":"https:\/\/mca-concept.com\/de\/die-funktionalitaeten\/qr-rechnung\/#breadcrumb"},"inLanguage":"de","potentialAction":[{"@type":"ReadAction","target":["https:\/\/mca-concept.com\/de\/die-funktionalitaeten\/qr-rechnung\/"]}]},{"@type":"BreadcrumbList","@id":"https:\/\/mca-concept.com\/de\/die-funktionalitaeten\/qr-rechnung\/#breadcrumb","itemListElement":[{"@type":"ListItem","position":1,"name":"Accueil","item":"https:\/\/mca-concept.com\/de\/"},{"@type":"ListItem","position":2,"name":"Die Funktionen","item":"https:\/\/mca-concept.com\/de\/die-funktionalitaeten\/"},{"@type":"ListItem","position":3,"name":"QR-Rechnung"}]},{"@type":"WebSite","@id":"https:\/\/mca-concept.com\/de\/#website","url":"https:\/\/mca-concept.com\/de\/","name":"MCA Concept","description":"Solutions de gestion d&#039;entreprise ERP-CRM-CMS","publisher":{"@id":"https:\/\/mca-concept.com\/de\/#organization"},"potentialAction":[{"@type":"SearchAction","target":{"@type":"EntryPoint","urlTemplate":"https:\/\/mca-concept.com\/de\/?s={search_term_string}"},"query-input":{"@type":"PropertyValueSpecification","valueRequired":true,"valueName":"search_term_string"}}],"inLanguage":"de"},{"@type":"Organization","@id":"https:\/\/mca-concept.com\/de\/#organization","name":"MCA Concept","url":"https:\/\/mca-concept.com\/de\/","logo":{"@type":"ImageObject","inLanguage":"de","@id":"https:\/\/mca-concept.com\/de\/#\/schema\/logo\/image\/","url":"https:\/\/mca-concept.com\/wordpress3\/wp-content\/uploads\/2019\/09\/mca-logo300px.png","contentUrl":"https:\/\/mca-concept.com\/wordpress3\/wp-content\/uploads\/2019\/09\/mca-logo300px.png","width":300,"height":156,"caption":"MCA Concept"},"image":{"@id":"https:\/\/mca-concept.com\/de\/#\/schema\/logo\/image\/"},"sameAs":["https:\/\/www.facebook.com\/mcaconcept\/","https:\/\/x.com\/McaConcept","https:\/\/www.instagram.com\/mcaconcept\/","https:\/\/ch.linkedin.com\/company\/mca-concept","https:\/\/www.youtube.com\/channel\/UC1WT0RmNiTycrnzr6FqDuPg"]}]}},"ticketed":false,"_links":{"self":[{"href":"https:\/\/mca-concept.com\/de\/wp-json\/wp\/v2\/pages\/13504","targetHints":{"allow":["GET"]}}],"collection":[{"href":"https:\/\/mca-concept.com\/de\/wp-json\/wp\/v2\/pages"}],"about":[{"href":"https:\/\/mca-concept.com\/de\/wp-json\/wp\/v2\/types\/page"}],"author":[{"embeddable":true,"href":"https:\/\/mca-concept.com\/de\/wp-json\/wp\/v2\/users\/3"}],"replies":[{"embeddable":true,"href":"https:\/\/mca-concept.com\/de\/wp-json\/wp\/v2\/comments?post=13504"}],"version-history":[{"count":30,"href":"https:\/\/mca-concept.com\/de\/wp-json\/wp\/v2\/pages\/13504\/revisions"}],"predecessor-version":[{"id":83879,"href":"https:\/\/mca-concept.com\/de\/wp-json\/wp\/v2\/pages\/13504\/revisions\/83879"}],"up":[{"embeddable":true,"href":"https:\/\/mca-concept.com\/de\/wp-json\/wp\/v2\/pages\/7226"}],"wp:attachment":[{"href":"https:\/\/mca-concept.com\/de\/wp-json\/wp\/v2\/media?parent=13504"}],"curies":[{"name":"wp","href":"https:\/\/api.w.org\/{rel}","templated":true}]}}