{"id":13507,"date":"2021-06-18T14:32:31","date_gmt":"2021-06-18T13:32:31","guid":{"rendered":"https:\/\/mca-concept.com\/die-funktionalitaeten\/cloud\/"},"modified":"2026-03-30T11:45:39","modified_gmt":"2026-03-30T09:45:39","slug":"cloud","status":"publish","type":"page","link":"https:\/\/mca-concept.com\/de\/die-module\/cloud\/","title":{"rendered":"Cloud"},"content":{"rendered":"\n<div class=\"et_pb_section_0 et_pb_section et_section_regular et_block_section\"><div class=\"et_pb_row_0 et_pb_row et_block_row v-center\"><div class=\"et_pb_column_0 et_pb_column et_pb_column_4_4 et-last-child et_block_column et_pb_css_mix_blend_mode_passthrough\"><div class=\"et_pb_text_0 et_pb_text et_pb_bg_layout_light et_pb_module et_block_module preset--module--divi-text--75a373b3-a752-4305-81e8-535fbf8079d6\"><div class=\"et_pb_text_inner\"><h1>Lagerung<\/h1>\n<\/div><\/div><\/div><\/div><div class=\"et_pb_row_1 et_pb_row et_block_row\"><div class=\"et_pb_column_1 et_pb_column et_pb_column_4_4 et-last-child et_block_column et_pb_css_mix_blend_mode_passthrough\"><div class=\"et_pb_image_0 et_pb_image et_pb_module et_block_module\"><span class=\"et_pb_image_wrap\"><img decoding=\"async\" src=\"https:\/\/mca-concept.com\/wordpress3\/wp-content\/uploads\/2021\/11\/illustration-entete-cloud-mca-kale.png\" width=\"1079\" height=\"348\" srcset=\"https:\/\/mca-concept.com\/wordpress3\/wp-content\/uploads\/2021\/11\/illustration-entete-cloud-mca-kale.png 1079w, https:\/\/mca-concept.com\/wordpress3\/wp-content\/uploads\/2021\/11\/illustration-entete-cloud-mca-kale-980x316.png 980w, https:\/\/mca-concept.com\/wordpress3\/wp-content\/uploads\/2021\/11\/illustration-entete-cloud-mca-kale-480x155.png 480w\" sizes=\"(min-width: 0px) and (max-width: 480px) 480px, (min-width: 481px) and (max-width: 980px) 980px, (min-width: 981px) 1079px, 100vw\" class=\"wp-image-20474\" title=\"Illustration Kopfzeile Cloud\" alt=\"Illustration der Kopfzeile des Cloud-Moduls von MCA-Kale\" \/><\/span><\/div><\/div><\/div><\/div><div class=\"et_pb_section_1 et_pb_section et_section_regular et_block_section\"><div class=\"et_pb_row_2 et_pb_row et_block_row\"><div class=\"et_pb_column_2 et_pb_column et_pb_column_4_4 et-last-child et_block_column et_pb_css_mix_blend_mode_passthrough\"><div class=\"et_pb_text_1 et_pb_text et_pb_bg_layout_light et_pb_module et_block_module preset--module--divi-text--75a373b3-a752-4305-81e8-535fbf8079d6\"><div class=\"et_pb_text_inner\"><h2>Cloud<br \/>Online-Speicherplatz<\/h2>\n<\/div><\/div><\/div><\/div><div class=\"et_pb_row_3 et_pb_row et_block_row\"><div class=\"et_pb_column_3 et_pb_column et_pb_column_1_3 et_block_column et_pb_css_mix_blend_mode_passthrough\"><div class=\"et_pb_text_2 et_pb_text et_pb_bg_layout_light et_pb_module et_block_module et_pb_text_align_center preset--module--divi-text--75a373b3-a752-4305-81e8-535fbf8079d6\"><div class=\"et_pb_text_inner\"><h3 style=\"text-align: center;\">Gesicherte Daten<\/h3>\n<p>Die durch den Cloud-Speicher durchgef\u00fchrte Datensicherung verhindert Datenverluste bei Hardwareausf\u00e4llen.<\/p>\n<\/div><\/div><\/div><div class=\"et_pb_column_4 et_pb_column et_pb_column_1_3 et_block_column et_pb_css_mix_blend_mode_passthrough\"><div class=\"et_pb_text_3 et_pb_text et_pb_bg_layout_light et_pb_module et_block_module et_pb_text_align_center preset--module--divi-text--75a373b3-a752-4305-81e8-535fbf8079d6\"><div class=\"et_pb_text_inner\"><h3 style=\"text-align: center;\">Mehr Mobilit\u00e4t<\/h3>\n<p>Jederzeit und \u00fcberall Zugriff auf Daten f\u00fcr mehr Mobilit\u00e4t.<\/p>\n<\/div><\/div><\/div><div class=\"et_pb_column_5 et_pb_column et_pb_column_1_3 et-last-child et_block_column et_pb_css_mix_blend_mode_passthrough\"><div class=\"et_pb_text_4 et_pb_text et_pb_bg_layout_light et_pb_module et_block_module et_pb_text_align_center preset--module--divi-text--75a373b3-a752-4305-81e8-535fbf8079d6\"><div class=\"et_pb_text_inner\"><h3 style=\"text-align: center;\">Sichere Freigabe<\/h3>\n<p>Eine gemeinsame Nutzung der Daten nach Zugriffsrechten, um Fehlmanipulationen zu begrenzen und die Vertraulichkeit der Daten zu gew\u00e4hrleisten.<\/p>\n<\/div><\/div><\/div><\/div><div class=\"et_pb_row_4 et_pb_row et_block_row\"><div class=\"et_pb_column_6 et_pb_column et_pb_column_4_4 et-last-child et_block_column et_pb_css_mix_blend_mode_passthrough\"><div class=\"et_pb_text_5 et_pb_text et_pb_bg_layout_light et_pb_module et_block_module preset--module--divi-text--75a373b3-a752-4305-81e8-535fbf8079d6\"><div class=\"et_pb_text_inner\"><p>Cloud Computing bezieht sich auf den Zugriff auf Computerdienste, einschlie\u00dflich Server, Speicherressourcen oder Software, \u00fcber das Internet (die \"Wolke\").<\/p>\n<p>Das Cloud-Modul bietet einen privaten und sicheren Online-Speicherplatz f\u00fcr Ihre Informationen und Dokumente, auf den Sie jederzeit zugreifen k\u00f6nnen, solange Sie \u00fcber eine Internetverbindung verf\u00fcgen. Ihre Daten k\u00f6nnen von verschiedenen Ger\u00e4ten aus abgerufen werden: Computer, Tablet oder Smartphone.<\/p>\n<p>Dank der Cloud-Speicherung sind Ihre Daten immer griffbereit, wenn Sie unterwegs sind oder im Homeoffice arbeiten. Sie vermeiden, dass Dokumente vergessen werden, was garantiert, dass man ins B\u00fcro und zur\u00fcck muss oder die Mitarbeiter ungewollt anruft.<\/p>\n<p>Alle in der Cloud gespeicherten Dokumente Ihres Unternehmens werden je nach Zugriffsebene f\u00fcr die Benutzer freigegeben: Auf diese Weise verhindern Sie, dass unz\u00e4hlige Versionen desselben Dokuments im Umlauf sind.<\/p>\n<p>\u00c4nderungen an Dateien und Dokumenten werden automatisch synchronisiert, sodass Sie immer die aktuellste Version zur Verf\u00fcgung haben. Die Software protokolliert die durchgef\u00fchrten \u00dcberarbeitungen, um zu kontrollieren, wer welche \u00c4nderungen vorgenommen hat, und um im Falle eines Fehlers eine sp\u00e4tere Version des Dokuments wiederherzustellen.<\/p>\n<p>Zugriffsrechte legen fest, welche Dateien ein Benutzer lesen oder bearbeiten kann. Sie k\u00f6nnen nach der Funktion des Nutzers innerhalb des Unternehmens oder nach anderen Kriterien festgelegt werden.<\/p>\n<p>Die Online-Dokumentenfreigabe verhindert auch, dass Dateien in \u00fcberf\u00fcllten E-Mail-Postf\u00e4chern verloren gehen, da sie nicht mehr per E-Mail weitergeleitet werden.<\/p>\n<p>Datensicherungen in der Cloud verhindern den Verlust von Daten u. a. bei Hardwareausf\u00e4llen oder Vorf\u00e4llen wie Br\u00e4nden.<\/p>\n<p>Der Schutz Ihrer Daten wird gem\u00e4\u00df den geltenden Sicherheitsstandards gew\u00e4hrleistet. Wenn Sie sich f\u00fcr dieses Modul entscheiden, haben Sie die Wahl zwischen verschiedenen in der Schweiz gelegenen Rechenzentren f\u00fcr die Online-Speicherung Ihrer Daten.<\/p>\n<\/div><\/div><\/div><\/div><\/div><div class=\"et_pb_section_2 et_pb_section et_section_regular et_block_section\" id=\"Solutions\"><div class=\"et_pb_row_5 et_pb_row et_pb_equal_columns et_block_row\"><div class=\"et_pb_column_7 et_pb_column et_pb_column_1_2 et_block_column et_pb_css_mix_blend_mode_passthrough\"><div class=\"et_pb_image_1 et_pb_image et_animated et_pb_module et_block_module\"><a href=\"https:\/\/mca-concept.com\/logiciel-kale\/\"><span class=\"et_pb_image_wrap\"><img decoding=\"async\" src=\"https:\/\/mca-concept.com\/wordpress3\/wp-content\/uploads\/2022\/07\/mca-kale-logo-refait-recadre-300x170.png\" width=\"300\" height=\"170\" srcset=\"https:\/\/mca-concept.com\/wordpress3\/wp-content\/uploads\/2022\/07\/mca-kale-logo-refait-recadre-300x170.png 300w, https:\/\/mca-concept.com\/wordpress3\/wp-content\/uploads\/2022\/07\/mca-kale-logo-refait-recadre-200x113.png 200w, https:\/\/mca-concept.com\/wordpress3\/wp-content\/uploads\/2022\/07\/mca-kale-logo-refait-recadre.png 443w\" sizes=\"(max-width: 300px) 100vw, 300px\" class=\"wp-image-47903\" title=\"MCA Kale, umfassende Software f\u00fcr KMU und gro\u00dfe Unternehmen\" alt=\"Logo der MCA Kale-Software das einen gro\u00dfen Origami-Vogel darstellt\" \/><\/span><\/a><\/div><div class=\"et_pb_text_6 et_pb_text et_pb_bg_layout_light et_pb_module et_block_module\"><div class=\"et_pb_text_inner\"><p style=\"text-align: center;\">Software f\u00fcr gro\u00dfe Unternehmen<\/p>\n<\/div><\/div><div class=\"et_pb_module et_pb_button_module_wrapper et_pb_button_0_wrapper preset--module--divi-button--e6919fb1-d0a4-440c-891a-c76fc3d47025_wrapper\"><a class=\"et_pb_button_0 et_pb_button et_pb_bg_layout_light et_pb_module et_block_module preset--module--divi-button--e6919fb1-d0a4-440c-891a-c76fc3d47025\" href=\"https:\/\/mca-concept.com\/logiciel-kale\/\">Mehr erfahren<\/a><\/div><\/div><div class=\"et_pb_column_8 et_pb_column et_pb_column_1_2 et-last-child et_block_column et_pb_css_mix_blend_mode_passthrough\"><div class=\"et_pb_image_2 et_pb_image et_animated et_pb_module et_block_module\"><a href=\"https:\/\/mca-concept.com\/logiciel-colibri\/\"><span class=\"et_pb_image_wrap\"><img decoding=\"async\" src=\"https:\/\/mca-concept.com\/wordpress3\/wp-content\/uploads\/2022\/07\/mca-colibri-logo-refait-recadre-300x170.png\" width=\"300\" height=\"170\" srcset=\"https:\/\/mca-concept.com\/wordpress3\/wp-content\/uploads\/2022\/07\/mca-colibri-logo-refait-recadre-300x170.png 300w, https:\/\/mca-concept.com\/wordpress3\/wp-content\/uploads\/2022\/07\/mca-colibri-logo-refait-recadre-200x114.png 200w, https:\/\/mca-concept.com\/wordpress3\/wp-content\/uploads\/2022\/07\/mca-colibri-logo-refait-recadre.png 442w\" sizes=\"(max-width: 300px) 100vw, 300px\" class=\"wp-image-47907\" title=\"MCA Colibri, Rechnungs- und Buchhaltungssoftware f\u00fcr kleine Unternehmen\" alt=\"Logo der MCA Colibri-Software das einen kleinen Origami-Vogel darstellt\" \/><\/span><\/a><\/div><div class=\"et_pb_text_7 et_pb_text et_pb_bg_layout_light et_pb_module et_block_module et_pb_text_align_center\"><div class=\"et_pb_text_inner\"><p style=\"text-align: center;\">Software f\u00fcr Selbstst\u00e4ndige und Handwerker<\/p>\n<\/div><\/div><div class=\"et_pb_module et_pb_button_module_wrapper et_pb_button_1_wrapper preset--module--divi-button--e6919fb1-d0a4-440c-891a-c76fc3d47025_wrapper\"><a class=\"et_pb_button_1 et_pb_button et_pb_bg_layout_light et_pb_module et_block_module preset--module--divi-button--e6919fb1-d0a4-440c-891a-c76fc3d47025\" href=\"https:\/\/mca-concept.com\/logiciel-colibri\/\">Mehr erfahren<\/a><\/div><\/div><\/div><\/div><div class=\"et_pb_section_3 et_pb_section et_section_regular et_block_section\"><div class=\"et_pb_row_6 et_pb_row et_block_row\"><div class=\"et_pb_column_9 et_pb_column et_pb_column_4_4 et-last-child et_block_column et_pb_css_mix_blend_mode_passthrough\"><div class=\"et_pb_text_8 et_pb_text et_pb_bg_layout_light et_pb_module et_block_module preset--module--divi-text--75a373b3-a752-4305-81e8-535fbf8079d6\"><div class=\"et_pb_text_inner\"><h2>Zusammenfassend<\/h2>\n<p>Das <strong>Cloud-Modul<\/strong> von MCA-Kale bietet eine sichere <strong>Online-Speicherl\u00f6sung<\/strong>, die den Grundbed\u00fcrfnissen moderner Unternehmen entspricht.<\/p>\n<p>Mit dieser <strong>Cloud-Technologie<\/strong> k\u00f6nnen Unternehmen ihre Daten zuverl\u00e4ssig sichern und so Datenverluste bei Hardwareproblemen vermeiden.<\/p>\n<p>Dar\u00fcber hinaus bietet der <strong>Cloud-Speicher<\/strong> eine erh\u00f6hte Mobilit\u00e4t, da er den Zugriff auf Daten von jedem Ort und zu jeder Zeit erm\u00f6glicht und so die Flexibilit\u00e4t der Arbeit f\u00f6rdert.<\/p>\n<p>Die <strong>Datensicherheit<\/strong> ist gew\u00e4hrleistet, mit Zugriffsrechten f\u00fcr eine sichere gemeinsame Nutzung und einer effizienten Verwaltung von Dokumentversionen.<\/p>\n<p>Mit der Wahl von Rechenzentren in der Schweiz k\u00f6nnen Unternehmen sicherstellen, dass ihre Daten nach den h\u00f6chsten Sicherheitsstandards gespeichert werden.<\/p>\n<p>Durch die Integration dieses Moduls zeigt MCA-Kale sein Engagement f\u00fcr Innovation und die Bereitstellung umfassender Managementl\u00f6sungen f\u00fcr Unternehmen und deckt damit alle wesentlichen Aspekte der <strong>Unternehmensf\u00fchrung<\/strong> ab, von der <strong>Datenverwaltung<\/strong> \u00fcber die <strong>Planung<\/strong> bis hin zur Bestandssicherheit.<\/p>\n<\/div><\/div><\/div><\/div><div class=\"et_pb_row_7 et_pb_row et_block_row\"><div class=\"et_pb_column_10 et_pb_column et_pb_column_4_4 et-last-child et_block_column et_pb_css_mix_blend_mode_passthrough\"><div class=\"et_pb_text_9 et_pb_text et_pb_bg_layout_light et_pb_module et_block_module\"><div class=\"et_pb_text_inner\"><p>erp software, crm, management software, commercial management, accounting, stocks, pme, cloud, business management, planning, pgi, saas, information system, softwarepakete, erp, softwarepaket, kundenbeziehung, managementpaket, produktionsmanagement, integriertes management, beziehungsmanagement, e-commerce, integriertes managementpaket, managementl\u00f6sung, erp solutions, enterprise resource planning, integrator, bestandsmanagement, einheitliche datenbank, erp-l\u00f6sung, r\u00fcckverfolgbarkeit, dashboards, customer relationship management, rechnungsstellung, implementierung, handel, ressourcenmanagement, microsoft dynamics, steuern, management software, open source, oracle, erp-projekt, einheit, buchhaltung, dolibarr, management softwarepakete, erp-software, unsere l\u00f6sungen, pmi, automatisierung, parametrierung, handelsmanagement-software, operativ, managementl\u00f6sungen, tpe, integrierte management-software, saas-modus, cegid, demo, automatisieren, funktional, erp und crm, ressourcenplanung, skalierbar, integrierte management-software, ebp, business intelligence, workflow, modular, unternehmensressourcen, erp open source, ergonomie, crm und erp, entscheidungsfindung, software, software, flexibilit\u00e4t, gesch\u00e4ftsprozesse, integriert, mittelst\u00e4ndische unternehmen, kleine und mittlere unternehmen, mehrere module, dynamics nav, branchen, funktionaler umfang, agilit\u00e4t, nav, supply chain, projektmanagement, beratungsunternehmen, datenbanken, analytik, erp-markt, integriertes management, verwaltung von d utilisateurs, modules de gestion, cycle de vie, r\u00e9activit\u00e9, consultant erp, logiciel de production, \u00e9critures comptables, applications informatiques, gestion des ventes, outil de gestion, solutions crm, nouvelles fonctionnalit\u00e9s, int\u00e8gre un outil, back office, permet donc de g\u00e9rer, logiciel de gestion int\u00e9gr\u00e9, permettant de g\u00e9rer l ensemble, besoins sp\u00e9cifiques, solution compl\u00e8te, collaboratif, paye, parc informatique, fonctionnelles, comptables, moteur de workflow, erp sage, \u00e9diteur de logiciel, aide \u00e0 la d\u00e9cision, int\u00e9grateurs, automatis\u00e9, int\u00e8gre l entreprise, module crm, gestion des flux, logiciels de gestion d entreprise, logiciel sap, int\u00e9gr\u00e9e au logiciel, mrp, pme pmi, ma\u00eetrise des co\u00fbts, solution de gestion int\u00e9gr\u00e9e, gestion des donn\u00e9es, jd edwards, agroalimentaire, d\u00e9veloppements sp\u00e9cifiques, d\u00e9mat\u00e9rialisation, affaire de gestion, filiales, la logistique, meilleure gestion, prestashop, modules sp\u00e9cifiques, btp, erp finance, entreprise de logiciel, plusieurs applications, \u00e9volutif, int\u00e8gre notamment, package, logiciel logistique, gestion du personnel, gain de temps, r\u00e9f\u00e9rentiel, microsoft dynamics ax, grand dictionnaire, compl\u00e8te et int\u00e9gr\u00e9e, terminologique, comptable et financi\u00e8re, dictionnaire terminologique, pourrait \u00eatre int\u00e9gr\u00e9, centralis\u00e9, activit\u00e9 commerciale, concurrentiel, sql server, gestion des commandes<\/p>\n<\/div><\/div><\/div><\/div><\/div>\n","protected":false},"excerpt":{"rendered":"","protected":false},"author":3,"featured_media":0,"parent":37853,"menu_order":0,"comment_status":"closed","ping_status":"closed","template":"","meta":{"content-type":"","inline_featured_image":false,"_price":"","_stock":"","_tribe_ticket_header":"","_tribe_default_ticket_provider":"","_tribe_ticket_capacity":"0","_ticket_start_date":"","_ticket_end_date":"","_tribe_ticket_show_description":"","_tribe_ticket_show_not_going":false,"_tribe_ticket_use_global_stock":"","_tribe_ticket_global_stock_level":"","_global_stock_mode":"","_global_stock_cap":"","_tribe_rsvp_for_event":"","_tribe_ticket_going_count":"","_tribe_ticket_not_going_count":"","_tribe_tickets_list":"[]","_tribe_ticket_has_attendee_info_fields":false,"footnotes":"","_tec_slr_enabled":"","_tec_slr_layout":""},"class_list":["post-13507","page","type-page","status-publish","hentry"],"yoast_head":"<!-- This site is optimized with the Yoast SEO Premium plugin v26.1 (Yoast SEO v27.2) - https:\/\/yoast.com\/product\/yoast-seo-premium-wordpress\/ -->\n<title>Vernetzter, cloudbasierter Speicher | Cloud | MCA-Konzept<\/title>\n<meta name=\"description\" content=\"Die Cloud bietet Ihnen einen sicheren Online-Speicherplatz f\u00fcr Ihre Daten und Dokumente, auf den Sie jederzeit und \u00fcberall zugreifen k\u00f6nnen.\" \/>\n<meta name=\"robots\" content=\"index, follow, max-snippet:-1, max-image-preview:large, max-video-preview:-1\" \/>\n<link rel=\"canonical\" href=\"https:\/\/mca-concept.com\/de\/die-module\/cloud\/\" \/>\n<meta property=\"og:locale\" content=\"de_DE\" \/>\n<meta property=\"og:type\" content=\"article\" \/>\n<meta property=\"og:title\" content=\"Cloud\" \/>\n<meta property=\"og:description\" content=\"Die Cloud bietet Ihnen einen sicheren Online-Speicherplatz f\u00fcr Ihre Daten und Dokumente, auf den Sie jederzeit und \u00fcberall zugreifen k\u00f6nnen.\" \/>\n<meta property=\"og:url\" content=\"https:\/\/mca-concept.com\/de\/die-module\/cloud\/\" \/>\n<meta property=\"og:site_name\" content=\"MCA Concept\" \/>\n<meta property=\"article:publisher\" content=\"https:\/\/www.facebook.com\/mcaconcept\/\" \/>\n<meta property=\"article:modified_time\" content=\"2026-03-30T09:45:39+00:00\" \/>\n<meta name=\"twitter:card\" content=\"summary_large_image\" \/>\n<meta name=\"twitter:site\" content=\"@McaConcept\" \/>\n<script type=\"application\/ld+json\" class=\"yoast-schema-graph\">{\"@context\":\"https:\/\/schema.org\",\"@graph\":[{\"@type\":\"WebPage\",\"@id\":\"https:\/\/mca-concept.com\/de\/die-module\/cloud\/\",\"url\":\"https:\/\/mca-concept.com\/de\/die-module\/cloud\/\",\"name\":\"Vernetzter, cloudbasierter Speicher | Cloud | MCA-Konzept\",\"isPartOf\":{\"@id\":\"https:\/\/mca-concept.com\/de\/#website\"},\"datePublished\":\"2021-06-18T13:32:31+00:00\",\"dateModified\":\"2026-03-30T09:45:39+00:00\",\"description\":\"Die Cloud bietet Ihnen einen sicheren Online-Speicherplatz f\u00fcr Ihre Daten und Dokumente, auf den Sie jederzeit und \u00fcberall zugreifen k\u00f6nnen.\",\"breadcrumb\":{\"@id\":\"https:\/\/mca-concept.com\/de\/die-module\/cloud\/#breadcrumb\"},\"inLanguage\":\"de\",\"potentialAction\":[{\"@type\":\"ReadAction\",\"target\":[\"https:\/\/mca-concept.com\/de\/die-module\/cloud\/\"]}]},{\"@type\":\"BreadcrumbList\",\"@id\":\"https:\/\/mca-concept.com\/de\/die-module\/cloud\/#breadcrumb\",\"itemListElement\":[{\"@type\":\"ListItem\",\"position\":1,\"name\":\"Accueil\",\"item\":\"https:\/\/mca-concept.com\/de\/\"},{\"@type\":\"ListItem\",\"position\":2,\"name\":\"Die Module\",\"item\":\"https:\/\/mca-concept.com\/de\/die-module\/\"},{\"@type\":\"ListItem\",\"position\":3,\"name\":\"Cloud\"}]},{\"@type\":\"WebSite\",\"@id\":\"https:\/\/mca-concept.com\/de\/#website\",\"url\":\"https:\/\/mca-concept.com\/de\/\",\"name\":\"MCA Concept\",\"description\":\"Solutions de gestion d&#039;entreprise ERP-CRM-CMS\",\"publisher\":{\"@id\":\"https:\/\/mca-concept.com\/de\/#organization\"},\"potentialAction\":[{\"@type\":\"SearchAction\",\"target\":{\"@type\":\"EntryPoint\",\"urlTemplate\":\"https:\/\/mca-concept.com\/de\/?s={search_term_string}\"},\"query-input\":{\"@type\":\"PropertyValueSpecification\",\"valueRequired\":true,\"valueName\":\"search_term_string\"}}],\"inLanguage\":\"de\"},{\"@type\":\"Organization\",\"@id\":\"https:\/\/mca-concept.com\/de\/#organization\",\"name\":\"MCA Concept\",\"url\":\"https:\/\/mca-concept.com\/de\/\",\"logo\":{\"@type\":\"ImageObject\",\"inLanguage\":\"de\",\"@id\":\"https:\/\/mca-concept.com\/de\/#\/schema\/logo\/image\/\",\"url\":\"https:\/\/mca-concept.com\/wordpress3\/wp-content\/uploads\/2019\/09\/mca-logo300px.png\",\"contentUrl\":\"https:\/\/mca-concept.com\/wordpress3\/wp-content\/uploads\/2019\/09\/mca-logo300px.png\",\"width\":300,\"height\":156,\"caption\":\"MCA Concept\"},\"image\":{\"@id\":\"https:\/\/mca-concept.com\/de\/#\/schema\/logo\/image\/\"},\"sameAs\":[\"https:\/\/www.facebook.com\/mcaconcept\/\",\"https:\/\/x.com\/McaConcept\",\"https:\/\/www.instagram.com\/mcaconcept\/\",\"https:\/\/ch.linkedin.com\/company\/mca-concept\",\"https:\/\/www.youtube.com\/channel\/UC1WT0RmNiTycrnzr6FqDuPg\"]}]}<\/script>\n<!-- \/ Yoast SEO Premium plugin. -->","yoast_head_json":{"title":"Vernetzter, cloudbasierter Speicher | Cloud | MCA-Konzept","description":"Die Cloud bietet Ihnen einen sicheren Online-Speicherplatz f\u00fcr Ihre Daten und Dokumente, auf den Sie jederzeit und \u00fcberall zugreifen k\u00f6nnen.","robots":{"index":"index","follow":"follow","max-snippet":"max-snippet:-1","max-image-preview":"max-image-preview:large","max-video-preview":"max-video-preview:-1"},"canonical":"https:\/\/mca-concept.com\/de\/die-module\/cloud\/","og_locale":"de_DE","og_type":"article","og_title":"Cloud","og_description":"Die Cloud bietet Ihnen einen sicheren Online-Speicherplatz f\u00fcr Ihre Daten und Dokumente, auf den Sie jederzeit und \u00fcberall zugreifen k\u00f6nnen.","og_url":"https:\/\/mca-concept.com\/de\/die-module\/cloud\/","og_site_name":"MCA Concept","article_publisher":"https:\/\/www.facebook.com\/mcaconcept\/","article_modified_time":"2026-03-30T09:45:39+00:00","twitter_card":"summary_large_image","twitter_site":"@McaConcept","schema":{"@context":"https:\/\/schema.org","@graph":[{"@type":"WebPage","@id":"https:\/\/mca-concept.com\/de\/die-module\/cloud\/","url":"https:\/\/mca-concept.com\/de\/die-module\/cloud\/","name":"Vernetzter, cloudbasierter Speicher | Cloud | MCA-Konzept","isPartOf":{"@id":"https:\/\/mca-concept.com\/de\/#website"},"datePublished":"2021-06-18T13:32:31+00:00","dateModified":"2026-03-30T09:45:39+00:00","description":"Die Cloud bietet Ihnen einen sicheren Online-Speicherplatz f\u00fcr Ihre Daten und Dokumente, auf den Sie jederzeit und \u00fcberall zugreifen k\u00f6nnen.","breadcrumb":{"@id":"https:\/\/mca-concept.com\/de\/die-module\/cloud\/#breadcrumb"},"inLanguage":"de","potentialAction":[{"@type":"ReadAction","target":["https:\/\/mca-concept.com\/de\/die-module\/cloud\/"]}]},{"@type":"BreadcrumbList","@id":"https:\/\/mca-concept.com\/de\/die-module\/cloud\/#breadcrumb","itemListElement":[{"@type":"ListItem","position":1,"name":"Accueil","item":"https:\/\/mca-concept.com\/de\/"},{"@type":"ListItem","position":2,"name":"Die Module","item":"https:\/\/mca-concept.com\/de\/die-module\/"},{"@type":"ListItem","position":3,"name":"Cloud"}]},{"@type":"WebSite","@id":"https:\/\/mca-concept.com\/de\/#website","url":"https:\/\/mca-concept.com\/de\/","name":"MCA Concept","description":"Solutions de gestion d&#039;entreprise ERP-CRM-CMS","publisher":{"@id":"https:\/\/mca-concept.com\/de\/#organization"},"potentialAction":[{"@type":"SearchAction","target":{"@type":"EntryPoint","urlTemplate":"https:\/\/mca-concept.com\/de\/?s={search_term_string}"},"query-input":{"@type":"PropertyValueSpecification","valueRequired":true,"valueName":"search_term_string"}}],"inLanguage":"de"},{"@type":"Organization","@id":"https:\/\/mca-concept.com\/de\/#organization","name":"MCA Concept","url":"https:\/\/mca-concept.com\/de\/","logo":{"@type":"ImageObject","inLanguage":"de","@id":"https:\/\/mca-concept.com\/de\/#\/schema\/logo\/image\/","url":"https:\/\/mca-concept.com\/wordpress3\/wp-content\/uploads\/2019\/09\/mca-logo300px.png","contentUrl":"https:\/\/mca-concept.com\/wordpress3\/wp-content\/uploads\/2019\/09\/mca-logo300px.png","width":300,"height":156,"caption":"MCA Concept"},"image":{"@id":"https:\/\/mca-concept.com\/de\/#\/schema\/logo\/image\/"},"sameAs":["https:\/\/www.facebook.com\/mcaconcept\/","https:\/\/x.com\/McaConcept","https:\/\/www.instagram.com\/mcaconcept\/","https:\/\/ch.linkedin.com\/company\/mca-concept","https:\/\/www.youtube.com\/channel\/UC1WT0RmNiTycrnzr6FqDuPg"]}]}},"ticketed":false,"_links":{"self":[{"href":"https:\/\/mca-concept.com\/de\/wp-json\/wp\/v2\/pages\/13507","targetHints":{"allow":["GET"]}}],"collection":[{"href":"https:\/\/mca-concept.com\/de\/wp-json\/wp\/v2\/pages"}],"about":[{"href":"https:\/\/mca-concept.com\/de\/wp-json\/wp\/v2\/types\/page"}],"author":[{"embeddable":true,"href":"https:\/\/mca-concept.com\/de\/wp-json\/wp\/v2\/users\/3"}],"replies":[{"embeddable":true,"href":"https:\/\/mca-concept.com\/de\/wp-json\/wp\/v2\/comments?post=13507"}],"version-history":[{"count":38,"href":"https:\/\/mca-concept.com\/de\/wp-json\/wp\/v2\/pages\/13507\/revisions"}],"predecessor-version":[{"id":84133,"href":"https:\/\/mca-concept.com\/de\/wp-json\/wp\/v2\/pages\/13507\/revisions\/84133"}],"up":[{"embeddable":true,"href":"https:\/\/mca-concept.com\/de\/wp-json\/wp\/v2\/pages\/37853"}],"wp:attachment":[{"href":"https:\/\/mca-concept.com\/de\/wp-json\/wp\/v2\/media?parent=13507"}],"curies":[{"name":"wp","href":"https:\/\/api.w.org\/{rel}","templated":true}]}}