{"id":13516,"date":"2021-06-18T15:29:09","date_gmt":"2021-06-18T14:29:09","guid":{"rendered":"https:\/\/mca-concept.com\/die-funktionalitaeten\/berichterstattung\/"},"modified":"2026-03-30T11:45:50","modified_gmt":"2026-03-30T09:45:50","slug":"berichterstattung","status":"publish","type":"page","link":"https:\/\/mca-concept.com\/de\/die-module\/berichterstattung\/","title":{"rendered":"Berichterstattung"},"content":{"rendered":"\n<div class=\"et_pb_section_0 et_pb_section et_section_regular et_block_section\"><div class=\"et_pb_row_0 et_pb_row et_block_row v-center\"><div class=\"et_pb_column_0 et_pb_column et_pb_column_4_4 et-last-child et_block_column et_pb_css_mix_blend_mode_passthrough\"><div class=\"et_pb_text_0 et_pb_text et_pb_bg_layout_light et_pb_module et_block_module preset--module--divi-text--75a373b3-a752-4305-81e8-535fbf8079d6\"><div class=\"et_pb_text_inner\"><h1>Verwaltung<\/h1>\n<\/div><\/div><\/div><\/div><div class=\"et_pb_row_1 et_pb_row et_block_row\"><div class=\"et_pb_column_1 et_pb_column et_pb_column_4_4 et-last-child et_block_column et_pb_css_mix_blend_mode_passthrough\"><div class=\"et_pb_image_0 et_pb_image et_pb_module et_block_module\"><span class=\"et_pb_image_wrap\"><img decoding=\"async\" src=\"https:\/\/mca-concept.com\/wordpress3\/wp-content\/uploads\/2021\/11\/illustration-entete-reporting-mca-kale.png\" width=\"1079\" height=\"348\" srcset=\"https:\/\/mca-concept.com\/wordpress3\/wp-content\/uploads\/2021\/11\/illustration-entete-reporting-mca-kale.png 1079w, https:\/\/mca-concept.com\/wordpress3\/wp-content\/uploads\/2021\/11\/illustration-entete-reporting-mca-kale-980x316.png 980w, https:\/\/mca-concept.com\/wordpress3\/wp-content\/uploads\/2021\/11\/illustration-entete-reporting-mca-kale-480x155.png 480w\" sizes=\"(min-width: 0px) and (max-width: 480px) 480px, (min-width: 481px) and (max-width: 980px) 980px, (min-width: 981px) 1079px, 100vw\" class=\"wp-image-20408\" title=\"Illustration Kopfzeile Reporting\" alt=\"Illustration der Kopfzeile des Moduls Reporting von MCA-Kale\" \/><\/span><\/div><\/div><\/div><\/div><div class=\"et_pb_section_1 et_pb_section et_section_regular et_block_section\"><div class=\"et_pb_row_2 et_pb_row et_block_row\"><div class=\"et_pb_column_2 et_pb_column et_pb_column_4_4 et-last-child et_block_column et_pb_css_mix_blend_mode_passthrough\"><div class=\"et_pb_text_1 et_pb_text et_pb_bg_layout_light et_pb_module et_block_module preset--module--divi-text--75a373b3-a752-4305-81e8-535fbf8079d6\"><div class=\"et_pb_text_inner\"><h2>Berichterstattung<br \/>T\u00e4tigkeitsbericht und Statistiken<\/h2>\n<\/div><\/div><\/div><\/div><div class=\"et_pb_row_3 et_pb_row et_block_row\"><div class=\"et_pb_column_3 et_pb_column et_pb_column_1_3 et_block_column et_pb_css_mix_blend_mode_passthrough\"><div class=\"et_pb_text_2 et_pb_text et_pb_bg_layout_light et_pb_module et_block_module et_pb_text_align_center preset--module--divi-text--75a373b3-a752-4305-81e8-535fbf8079d6\"><div class=\"et_pb_text_inner\"><h3 style=\"text-align: center;\">Sofortige Berichte und Statistiken<\/h3>\n<p>Berichte und Statistiken, die im Handumdrehen aus einer gro\u00dfen Menge an Daten aus mehreren Quellen erstellt werden.<\/p>\n<\/div><\/div><\/div><div class=\"et_pb_column_4 et_pb_column et_pb_column_1_3 et_block_column et_pb_css_mix_blend_mode_passthrough\"><div class=\"et_pb_text_3 et_pb_text et_pb_bg_layout_light et_pb_module et_block_module et_pb_text_align_center preset--module--divi-text--75a373b3-a752-4305-81e8-535fbf8079d6\"><div class=\"et_pb_text_inner\"><h3 style=\"text-align: center;\">Bessere Sichtbarkeit der Daten<\/h3>\n<p>Vereinfachter Zugriff auf Echtzeitdaten mit der M\u00f6glichkeit, die Informationen nach Zeitraum, Datum, Verantwortlichen und mehr zu filtern.<\/p>\n<\/div><\/div><\/div><div class=\"et_pb_column_5 et_pb_column et_pb_column_1_3 et-last-child et_block_column et_pb_css_mix_blend_mode_passthrough\"><div class=\"et_pb_text_4 et_pb_text et_pb_bg_layout_light et_pb_module et_block_module et_pb_text_align_center preset--module--divi-text--75a373b3-a752-4305-81e8-535fbf8079d6\"><div class=\"et_pb_text_inner\"><h3 style=\"text-align: center;\">Anpassbare Pr\u00e4sentation<\/h3>\n<p>Verschiedene Darstellungsformate f\u00fcr Ihre Gesch\u00e4ftsberichte und Statistiken, um die Ergebnisse einfach und verst\u00e4ndlich zu pr\u00e4sentieren.<\/p>\n<\/div><\/div><\/div><\/div><div class=\"et_pb_row_4 et_pb_row et_block_row\"><div class=\"et_pb_column_6 et_pb_column et_pb_column_1_2 et_block_column et_pb_css_mix_blend_mode_passthrough\"><div class=\"et_pb_text_5 et_pb_text et_pb_bg_layout_light et_pb_module et_block_module preset--module--divi-text--75a373b3-a752-4305-81e8-535fbf8079d6\"><div class=\"et_pb_text_inner\"><p>Das Reporting ist der Vorgang, der die Berichterstattung \u00fcber die Aktivit\u00e4ten eines Unternehmens sicherstellt.<\/p>\n<p>Reporting-Tools bieten die M\u00f6glichkeit, aus den in der Software gesammelten Daten Managementberichte und Statistiken in grafischer oder tabellarischer Form zu erstellen.<\/p>\n<p>Sie k\u00f6nnen sie nach Belieben formatieren und die Ergebnisse nach den f\u00fcr Sie interessanten Elementen filtern.<\/p>\n<p>Die Berichterstattung dient in erster Linie dazu, die Leistung Ihrer Abteilungen zu messen und Verbesserungsm\u00f6glichkeiten aufzuzeigen. Nat\u00fcrlich h\u00e4ngen die gemessenen Daten ganz von Ihrer Art der Aktivit\u00e4t ab.<\/p>\n<\/div><\/div><\/div><div class=\"et_pb_column_7 et_pb_column et_pb_column_1_2 et-last-child et_block_column et_pb_css_mix_blend_mode_passthrough\"><div class=\"et_pb_text_6 et_pb_text et_pb_bg_layout_light et_pb_module et_block_module preset--module--divi-text--75a373b3-a752-4305-81e8-535fbf8079d6\"><div class=\"et_pb_text_inner\"><p>Hier sind einige Beispiele f\u00fcr Daten, die analysiert werden k\u00f6nnen:<\/p>\n<p><strong>Verkaufen<\/strong>: Sie erkundigen sich nach Ihrer Verkaufsleistung, beobachten, welches Produkt am beliebtesten ist oder welches Gesch\u00e4ft oder welche Abteilung die meisten Verk\u00e4ufe t\u00e4tigt, schauen sich an, wie oft ein bestimmter Kunde kauft...<\/p>\n<p><strong>Projekte<\/strong>: Sie untersuchen Ihre vergangenen Projekte, um die Bearbeitungszeiten, die aufgetretenen Probleme, die erzielte Gewinnspanne usw. zu untersuchen und zu vergleichen, sodass Sie Verbesserungsm\u00f6glichkeiten f\u00fcr zuk\u00fcnftige Projekte erkennen k\u00f6nnen.<\/p>\n<p><strong>Kunden<\/strong>: Sie analysieren Ihre Kundendatenbank (Kontaktdaten, Daten zu gekauften\/genutzten Produkten\/Leistungen...), um daraus Kundentrends zur Steigerung der Kundenzufriedenheit und zur Durchf\u00fchrung von Marketingkampagnen abzuleiten.<\/p>\n<p><strong>Kundendienst<\/strong>: Sie untersuchen Kundendienstanfragen und Beschwerden, um h\u00e4ufige Gr\u00fcnde f\u00fcr Anfragen oder Beschwerden zu erkennen und Ihren Service entsprechend zu verbessern.<\/p>\n<p><strong>Umfragen<\/strong>: Die von der Software erfassten Antworten von Umfragen oder Zufriedenheitsumfragen k\u00f6nnen analysiert werden, um Trends aufzuzeigen.<\/p>\n<p>Mithilfe des Berichtswesens erhalten Sie einen umfassenden \u00dcberblick \u00fcber Ihre Daten, der es Ihnen erm\u00f6glicht, fundierte Entscheidungen zu treffen.<\/p>\n<\/div><\/div><\/div><\/div><\/div><div class=\"et_pb_section_2 et_pb_section et_section_regular et_block_section\"><div class=\"et_pb_row_5 et_pb_row et_block_row\"><div class=\"et_pb_column_8 et_pb_column et_pb_column_4_4 et-last-child et_block_column et_pb_css_mix_blend_mode_passthrough\"><div class=\"et_pb_text_7 et_pb_text et_pb_bg_layout_light et_pb_module et_block_module preset--module--divi-text--75a373b3-a752-4305-81e8-535fbf8079d6\"><div class=\"et_pb_text_inner\"><h2>Entdecken Sie die Berichterstattung in Video<\/h2>\n<\/div><\/div><\/div><\/div><div class=\"et_pb_row_6 et_pb_row et_block_row\"><div class=\"et_pb_column_9 et_pb_column et_pb_column_4_4 et-last-child et_block_column et_pb_css_mix_blend_mode_passthrough\"><div class=\"et_pb_code_0 et_pb_code et_pb_module\"><div class=\"et_pb_code_inner\"><iframe width=\"338\" height=\"190\" src=\"https:\/\/www.youtube.com\/embed\/O_UCNh9x6pM\" frameborder=\"0\" allow=\"accelerometer; autoplay; clipboard-write; encrypted-media; gyroscope; picture-in-picture\" allowfullscreen=\"\"><\/iframe><\/div><\/div><\/div><\/div><\/div><div class=\"et_pb_section_3 et_pb_section et_section_regular et_block_section\" id=\"Solutions\"><div class=\"et_pb_row_7 et_pb_row et_pb_equal_columns et_block_row\"><div class=\"et_pb_column_10 et_pb_column et_pb_column_1_2 et_block_column et_pb_css_mix_blend_mode_passthrough\"><div class=\"et_pb_image_1 et_pb_image et_animated et_pb_module et_block_module\"><a href=\"https:\/\/mca-concept.com\/logiciel-kale\/\"><span class=\"et_pb_image_wrap\"><img decoding=\"async\" src=\"https:\/\/mca-concept.com\/wordpress3\/wp-content\/uploads\/2022\/07\/mca-kale-logo-refait-recadre-300x170.png\" width=\"300\" height=\"170\" srcset=\"https:\/\/mca-concept.com\/wordpress3\/wp-content\/uploads\/2022\/07\/mca-kale-logo-refait-recadre-300x170.png 300w, https:\/\/mca-concept.com\/wordpress3\/wp-content\/uploads\/2022\/07\/mca-kale-logo-refait-recadre-200x113.png 200w, https:\/\/mca-concept.com\/wordpress3\/wp-content\/uploads\/2022\/07\/mca-kale-logo-refait-recadre.png 443w\" sizes=\"(max-width: 300px) 100vw, 300px\" class=\"wp-image-47903\" title=\"MCA Kale, umfassende Software f\u00fcr KMU und gro\u00dfe Unternehmen\" alt=\"Logo der MCA Kale-Software das einen gro\u00dfen Origami-Vogel darstellt\" \/><\/span><\/a><\/div><div class=\"et_pb_text_8 et_pb_text et_pb_bg_layout_light et_pb_module et_block_module\"><div class=\"et_pb_text_inner\"><p style=\"text-align: center;\">Software f\u00fcr gro\u00dfe Unternehmen<\/p>\n<\/div><\/div><div class=\"et_pb_module et_pb_button_module_wrapper et_pb_button_0_wrapper preset--module--divi-button--default_wrapper\"><a class=\"et_pb_button_0 et_pb_button et_pb_bg_layout_light et_pb_module et_block_module preset--module--divi-button--default\" href=\"https:\/\/mca-concept.com\/logiciel-kale\/\">Mehr erfahren<\/a><\/div><\/div><div class=\"et_pb_column_11 et_pb_column et_pb_column_1_2 et-last-child et_block_column et_pb_css_mix_blend_mode_passthrough\"><div class=\"et_pb_image_2 et_pb_image et_animated et_pb_module et_block_module\"><a href=\"https:\/\/mca-concept.com\/logiciel-colibri\/\"><span class=\"et_pb_image_wrap\"><img decoding=\"async\" src=\"https:\/\/mca-concept.com\/wordpress3\/wp-content\/uploads\/2022\/07\/mca-colibri-logo-refait-recadre-300x170.png\" width=\"300\" height=\"170\" srcset=\"https:\/\/mca-concept.com\/wordpress3\/wp-content\/uploads\/2022\/07\/mca-colibri-logo-refait-recadre-300x170.png 300w, https:\/\/mca-concept.com\/wordpress3\/wp-content\/uploads\/2022\/07\/mca-colibri-logo-refait-recadre-200x114.png 200w, https:\/\/mca-concept.com\/wordpress3\/wp-content\/uploads\/2022\/07\/mca-colibri-logo-refait-recadre.png 442w\" sizes=\"(max-width: 300px) 100vw, 300px\" class=\"wp-image-47907\" title=\"MCA Colibri, Rechnungs- und Buchhaltungssoftware f\u00fcr kleine Unternehmen\" alt=\"Logo der MCA Colibri-Software das einen kleinen Origami-Vogel darstellt\" \/><\/span><\/a><\/div><div class=\"et_pb_text_9 et_pb_text et_pb_bg_layout_light et_pb_module et_block_module et_pb_text_align_center\"><div class=\"et_pb_text_inner\"><p style=\"text-align: center;\">Software f\u00fcr Selbstst\u00e4ndige und Handwerker<\/p>\n<\/div><\/div><div class=\"et_pb_module et_pb_button_module_wrapper et_pb_button_1_wrapper preset--module--divi-button--default_wrapper\"><a class=\"et_pb_button_1 et_pb_button et_pb_bg_layout_light et_pb_module et_block_module preset--module--divi-button--default\" href=\"https:\/\/mca-concept.com\/logiciel-colibri\/\">Mehr erfahren<\/a><\/div><\/div><\/div><\/div><div class=\"et_pb_section_4 et_pb_section et_section_regular et_block_section\"><div class=\"et_pb_row_8 et_pb_row et_block_row\"><div class=\"et_pb_column_12 et_pb_column et_pb_column_4_4 et-last-child et_block_column et_pb_css_mix_blend_mode_passthrough\"><div class=\"et_pb_text_10 et_pb_text et_pb_bg_layout_light et_pb_module et_block_module preset--module--divi-text--75a373b3-a752-4305-81e8-535fbf8079d6\"><div class=\"et_pb_text_inner\"><h2>Zusammenfassend<\/h2>\n<p>Die effiziente <strong>Verwaltung<\/strong> eines modernen <strong>Unternehmens<\/strong> h\u00e4ngt von der nahtlosen Integration verschiedener <strong>Software<\/strong> und Systeme ab. Das ERP-System von <strong>MCA Concept<\/strong>, ist \u00e4hnlich wie z. B. <strong>Odoo<\/strong> und bietet eine umfassende <strong>L\u00f6sung<\/strong> f\u00fcr die <strong>Verwaltung<\/strong> von Ressourcen, <strong>Prozessen<\/strong> und <strong>Daten<\/strong> innerhalb des <strong>Unternehmens<\/strong>.<br \/>\nIn Verbindung mit einem <strong>CRM<\/strong> erm\u00f6glicht es eine bessere <strong>Verwaltung<\/strong> der <strong>Kundenbeziehungen<\/strong> und des <strong>Verkaufs<\/strong>. Diese <strong>Software<\/strong>, auf die \u00fcber das <strong>Web<\/strong> und die <strong>Cloud<\/strong> zugegriffen werden kann, bietet dank spezieller <strong>Module<\/strong>, die auf die unterschiedlichen <strong>Bed\u00fcrfnisse<\/strong> von Unternehmen zugeschnitten sind, erweiterte <strong>Funktionen<\/strong>, einschlie\u00dflich der <strong>Planung<\/strong>.<\/p>\n<p>Durch die Integration dieser <strong>Softwarepakete<\/strong> entsteht ein umfassendes <strong>Managementsystem<\/strong>, das eine informierte <strong>Entscheidungsfindung<\/strong> und strategische <strong>Planung<\/strong> erleichtert.<\/p>\n<p>Letztendlich sind diese <strong>Softwarel\u00f6sungen<\/strong> wichtige <strong>Werkzeuge<\/strong> f\u00fcr die <strong>Unternehmen<\/strong> von heute. Sie f\u00f6rdern eine <strong>reibungslose<\/strong> und <strong>effiziente<\/strong> <strong>Verwaltung<\/strong> aller <strong>Gesch\u00e4ftsprozesse<\/strong>, von der <strong>Ressourcenverwaltung<\/strong> bis hin zur <strong>Vertriebssteuerung<\/strong>, und <strong>optimieren<\/strong> gleichzeitig die <strong>Kundenbeziehungen<\/strong>.<\/p>\n<\/div><\/div><\/div><\/div><\/div>\n","protected":false},"excerpt":{"rendered":"","protected":false},"author":3,"featured_media":0,"parent":37853,"menu_order":0,"comment_status":"closed","ping_status":"closed","template":"","meta":{"content-type":"","inline_featured_image":false,"_price":"","_stock":"","_tribe_ticket_header":"","_tribe_default_ticket_provider":"","_tribe_ticket_capacity":"0","_ticket_start_date":"","_ticket_end_date":"","_tribe_ticket_show_description":"","_tribe_ticket_show_not_going":false,"_tribe_ticket_use_global_stock":"","_tribe_ticket_global_stock_level":"","_global_stock_mode":"","_global_stock_cap":"","_tribe_rsvp_for_event":"","_tribe_ticket_going_count":"","_tribe_ticket_not_going_count":"","_tribe_tickets_list":"[]","_tribe_ticket_has_attendee_info_fields":false,"footnotes":"","_tec_slr_enabled":"","_tec_slr_layout":""},"class_list":["post-13516","page","type-page","status-publish","hentry"],"yoast_head":"<!-- This site is optimized with the Yoast SEO Premium plugin v26.1 (Yoast SEO v27.2) - https:\/\/yoast.com\/product\/yoast-seo-premium-wordpress\/ -->\n<title>T\u00e4tigkeitsberichte und Statistiken | Reporting | MCA Concept<\/title>\n<meta name=\"description\" content=\"Lassen Sie uns herausfinden, was die Berichterstattung ist und was sie f\u00fcr Sie und Ihr Unternehmen tun kann.\" \/>\n<meta name=\"robots\" content=\"index, follow, max-snippet:-1, max-image-preview:large, max-video-preview:-1\" \/>\n<link rel=\"canonical\" href=\"https:\/\/mca-concept.com\/de\/die-module\/berichterstattung\/\" \/>\n<meta property=\"og:locale\" content=\"de_DE\" \/>\n<meta property=\"og:type\" content=\"article\" \/>\n<meta property=\"og:title\" content=\"Berichterstattung\" \/>\n<meta property=\"og:description\" content=\"Lassen Sie uns herausfinden, was die Berichterstattung ist und was sie f\u00fcr Sie und Ihr Unternehmen tun kann.\" \/>\n<meta property=\"og:url\" content=\"https:\/\/mca-concept.com\/de\/die-module\/berichterstattung\/\" \/>\n<meta property=\"og:site_name\" content=\"MCA Concept\" \/>\n<meta property=\"article:publisher\" content=\"https:\/\/www.facebook.com\/mcaconcept\/\" \/>\n<meta property=\"article:modified_time\" content=\"2026-03-30T09:45:50+00:00\" \/>\n<meta name=\"twitter:card\" content=\"summary_large_image\" \/>\n<meta name=\"twitter:site\" content=\"@McaConcept\" \/>\n<script type=\"application\/ld+json\" class=\"yoast-schema-graph\">{\"@context\":\"https:\/\/schema.org\",\"@graph\":[{\"@type\":\"WebPage\",\"@id\":\"https:\/\/mca-concept.com\/de\/die-module\/berichterstattung\/\",\"url\":\"https:\/\/mca-concept.com\/de\/die-module\/berichterstattung\/\",\"name\":\"T\u00e4tigkeitsberichte und Statistiken | Reporting | MCA Concept\",\"isPartOf\":{\"@id\":\"https:\/\/mca-concept.com\/de\/#website\"},\"datePublished\":\"2021-06-18T14:29:09+00:00\",\"dateModified\":\"2026-03-30T09:45:50+00:00\",\"description\":\"Lassen Sie uns herausfinden, was die Berichterstattung ist und was sie f\u00fcr Sie und Ihr Unternehmen tun kann.\",\"breadcrumb\":{\"@id\":\"https:\/\/mca-concept.com\/de\/die-module\/berichterstattung\/#breadcrumb\"},\"inLanguage\":\"de\",\"potentialAction\":[{\"@type\":\"ReadAction\",\"target\":[\"https:\/\/mca-concept.com\/de\/die-module\/berichterstattung\/\"]}]},{\"@type\":\"BreadcrumbList\",\"@id\":\"https:\/\/mca-concept.com\/de\/die-module\/berichterstattung\/#breadcrumb\",\"itemListElement\":[{\"@type\":\"ListItem\",\"position\":1,\"name\":\"Accueil\",\"item\":\"https:\/\/mca-concept.com\/de\/\"},{\"@type\":\"ListItem\",\"position\":2,\"name\":\"Die Module\",\"item\":\"https:\/\/mca-concept.com\/de\/die-module\/\"},{\"@type\":\"ListItem\",\"position\":3,\"name\":\"Berichterstattung\"}]},{\"@type\":\"WebSite\",\"@id\":\"https:\/\/mca-concept.com\/de\/#website\",\"url\":\"https:\/\/mca-concept.com\/de\/\",\"name\":\"MCA Concept\",\"description\":\"Solutions de gestion d&#039;entreprise ERP-CRM-CMS\",\"publisher\":{\"@id\":\"https:\/\/mca-concept.com\/de\/#organization\"},\"potentialAction\":[{\"@type\":\"SearchAction\",\"target\":{\"@type\":\"EntryPoint\",\"urlTemplate\":\"https:\/\/mca-concept.com\/de\/?s={search_term_string}\"},\"query-input\":{\"@type\":\"PropertyValueSpecification\",\"valueRequired\":true,\"valueName\":\"search_term_string\"}}],\"inLanguage\":\"de\"},{\"@type\":\"Organization\",\"@id\":\"https:\/\/mca-concept.com\/de\/#organization\",\"name\":\"MCA Concept\",\"url\":\"https:\/\/mca-concept.com\/de\/\",\"logo\":{\"@type\":\"ImageObject\",\"inLanguage\":\"de\",\"@id\":\"https:\/\/mca-concept.com\/de\/#\/schema\/logo\/image\/\",\"url\":\"https:\/\/mca-concept.com\/wordpress3\/wp-content\/uploads\/2019\/09\/mca-logo300px.png\",\"contentUrl\":\"https:\/\/mca-concept.com\/wordpress3\/wp-content\/uploads\/2019\/09\/mca-logo300px.png\",\"width\":300,\"height\":156,\"caption\":\"MCA Concept\"},\"image\":{\"@id\":\"https:\/\/mca-concept.com\/de\/#\/schema\/logo\/image\/\"},\"sameAs\":[\"https:\/\/www.facebook.com\/mcaconcept\/\",\"https:\/\/x.com\/McaConcept\",\"https:\/\/www.instagram.com\/mcaconcept\/\",\"https:\/\/ch.linkedin.com\/company\/mca-concept\",\"https:\/\/www.youtube.com\/channel\/UC1WT0RmNiTycrnzr6FqDuPg\"]}]}<\/script>\n<!-- \/ Yoast SEO Premium plugin. -->","yoast_head_json":{"title":"T\u00e4tigkeitsberichte und Statistiken | Reporting | MCA Concept","description":"Lassen Sie uns herausfinden, was die Berichterstattung ist und was sie f\u00fcr Sie und Ihr Unternehmen tun kann.","robots":{"index":"index","follow":"follow","max-snippet":"max-snippet:-1","max-image-preview":"max-image-preview:large","max-video-preview":"max-video-preview:-1"},"canonical":"https:\/\/mca-concept.com\/de\/die-module\/berichterstattung\/","og_locale":"de_DE","og_type":"article","og_title":"Berichterstattung","og_description":"Lassen Sie uns herausfinden, was die Berichterstattung ist und was sie f\u00fcr Sie und Ihr Unternehmen tun kann.","og_url":"https:\/\/mca-concept.com\/de\/die-module\/berichterstattung\/","og_site_name":"MCA Concept","article_publisher":"https:\/\/www.facebook.com\/mcaconcept\/","article_modified_time":"2026-03-30T09:45:50+00:00","twitter_card":"summary_large_image","twitter_site":"@McaConcept","schema":{"@context":"https:\/\/schema.org","@graph":[{"@type":"WebPage","@id":"https:\/\/mca-concept.com\/de\/die-module\/berichterstattung\/","url":"https:\/\/mca-concept.com\/de\/die-module\/berichterstattung\/","name":"T\u00e4tigkeitsberichte und Statistiken | Reporting | MCA Concept","isPartOf":{"@id":"https:\/\/mca-concept.com\/de\/#website"},"datePublished":"2021-06-18T14:29:09+00:00","dateModified":"2026-03-30T09:45:50+00:00","description":"Lassen Sie uns herausfinden, was die Berichterstattung ist und was sie f\u00fcr Sie und Ihr Unternehmen tun kann.","breadcrumb":{"@id":"https:\/\/mca-concept.com\/de\/die-module\/berichterstattung\/#breadcrumb"},"inLanguage":"de","potentialAction":[{"@type":"ReadAction","target":["https:\/\/mca-concept.com\/de\/die-module\/berichterstattung\/"]}]},{"@type":"BreadcrumbList","@id":"https:\/\/mca-concept.com\/de\/die-module\/berichterstattung\/#breadcrumb","itemListElement":[{"@type":"ListItem","position":1,"name":"Accueil","item":"https:\/\/mca-concept.com\/de\/"},{"@type":"ListItem","position":2,"name":"Die Module","item":"https:\/\/mca-concept.com\/de\/die-module\/"},{"@type":"ListItem","position":3,"name":"Berichterstattung"}]},{"@type":"WebSite","@id":"https:\/\/mca-concept.com\/de\/#website","url":"https:\/\/mca-concept.com\/de\/","name":"MCA Concept","description":"Solutions de gestion d&#039;entreprise ERP-CRM-CMS","publisher":{"@id":"https:\/\/mca-concept.com\/de\/#organization"},"potentialAction":[{"@type":"SearchAction","target":{"@type":"EntryPoint","urlTemplate":"https:\/\/mca-concept.com\/de\/?s={search_term_string}"},"query-input":{"@type":"PropertyValueSpecification","valueRequired":true,"valueName":"search_term_string"}}],"inLanguage":"de"},{"@type":"Organization","@id":"https:\/\/mca-concept.com\/de\/#organization","name":"MCA Concept","url":"https:\/\/mca-concept.com\/de\/","logo":{"@type":"ImageObject","inLanguage":"de","@id":"https:\/\/mca-concept.com\/de\/#\/schema\/logo\/image\/","url":"https:\/\/mca-concept.com\/wordpress3\/wp-content\/uploads\/2019\/09\/mca-logo300px.png","contentUrl":"https:\/\/mca-concept.com\/wordpress3\/wp-content\/uploads\/2019\/09\/mca-logo300px.png","width":300,"height":156,"caption":"MCA Concept"},"image":{"@id":"https:\/\/mca-concept.com\/de\/#\/schema\/logo\/image\/"},"sameAs":["https:\/\/www.facebook.com\/mcaconcept\/","https:\/\/x.com\/McaConcept","https:\/\/www.instagram.com\/mcaconcept\/","https:\/\/ch.linkedin.com\/company\/mca-concept","https:\/\/www.youtube.com\/channel\/UC1WT0RmNiTycrnzr6FqDuPg"]}]}},"ticketed":false,"_links":{"self":[{"href":"https:\/\/mca-concept.com\/de\/wp-json\/wp\/v2\/pages\/13516","targetHints":{"allow":["GET"]}}],"collection":[{"href":"https:\/\/mca-concept.com\/de\/wp-json\/wp\/v2\/pages"}],"about":[{"href":"https:\/\/mca-concept.com\/de\/wp-json\/wp\/v2\/types\/page"}],"author":[{"embeddable":true,"href":"https:\/\/mca-concept.com\/de\/wp-json\/wp\/v2\/users\/3"}],"replies":[{"embeddable":true,"href":"https:\/\/mca-concept.com\/de\/wp-json\/wp\/v2\/comments?post=13516"}],"version-history":[{"count":37,"href":"https:\/\/mca-concept.com\/de\/wp-json\/wp\/v2\/pages\/13516\/revisions"}],"predecessor-version":[{"id":84136,"href":"https:\/\/mca-concept.com\/de\/wp-json\/wp\/v2\/pages\/13516\/revisions\/84136"}],"up":[{"embeddable":true,"href":"https:\/\/mca-concept.com\/de\/wp-json\/wp\/v2\/pages\/37853"}],"wp:attachment":[{"href":"https:\/\/mca-concept.com\/de\/wp-json\/wp\/v2\/media?parent=13516"}],"curies":[{"name":"wp","href":"https:\/\/api.w.org\/{rel}","templated":true}]}}