{"id":13522,"date":"2021-06-18T15:37:39","date_gmt":"2021-06-18T14:37:39","guid":{"rendered":"https:\/\/mca-concept.com\/formular-konsultation\/"},"modified":"2026-03-30T11:45:54","modified_gmt":"2026-03-30T09:45:54","slug":"formular-konsultation","status":"publish","type":"page","link":"https:\/\/mca-concept.com\/de\/formular-konsultation\/","title":{"rendered":"Konsultationsformular"},"content":{"rendered":"\n<div class=\"et_pb_section_0 et_pb_section et_section_regular et_block_section\"><div class=\"et_pb_row_0 et_pb_row et_block_row\"><div class=\"et_pb_column_0 et_pb_column et_pb_column_4_4 et-last-child et_block_column et_pb_css_mix_blend_mode_passthrough\"><div class=\"et_pb_image_0 et_pb_image et_pb_module et_block_module\"><span class=\"et_pb_image_wrap\"><img decoding=\"async\" src=\"https:\/\/mca-concept.com\/wordpress3\/wp-content\/uploads\/2021\/05\/illustration-contact-consultation-mca-kale-300x276.png\" width=\"300\" height=\"276\" srcset=\"https:\/\/mca-concept.com\/wordpress3\/wp-content\/uploads\/2021\/05\/illustration-contact-consultation-mca-kale-300x276.png 300w\" class=\"wp-image-13007\" title=\"Illustration Kontakt Konsultation\" alt=\"Illustration des Kontaktformulars Konsultation von MCA Kale\" \/><\/span><\/div><\/div><\/div><div class=\"et_pb_row_1 et_pb_row et_block_row\"><div class=\"et_pb_column_1 et_pb_column et_pb_column_4_4 et-last-child et_block_column et_pb_css_mix_blend_mode_passthrough\"><div class=\"et_pb_text_0 et_pb_text et_pb_bg_layout_light et_pb_module et_block_module preset--module--divi-text--75a373b3-a752-4305-81e8-535fbf8079d6\"><div class=\"et_pb_text_inner\"><h1>Lassen Sie uns die L\u00f6sungen definieren, die zu Ihnen passen<\/h1>\n<\/div><\/div><\/div><\/div><div class=\"et_pb_row_2 et_pb_row et_block_row\"><div class=\"et_pb_column_2 et_pb_column et_pb_column_4_4 et-last-child et_block_column et_pb_css_mix_blend_mode_passthrough\"><div class=\"et_pb_text_1 et_pb_text et_pb_bg_layout_light et_pb_module et_block_module preset--module--divi-text--75a373b3-a752-4305-81e8-535fbf8079d6\"><div class=\"et_pb_text_inner\"><p>Haben Sie Fragen zur Software von MCA Concept oder sind Sie unschl\u00fcssig, welche L\u00f6sung am besten zu den Bed\u00fcrfnissen Ihres Unternehmens passt? M\u00f6chten Sie eine Verwaltungsl\u00f6sung definieren, die auf Ihre T\u00e4tigkeit zugeschnitten ist?<\/p>\n<p>Unser Team erkl\u00e4rt Ihnen gerne die verf\u00fcgbaren Funktionen und hilft Ihnen bei der Auswahl der wichtigsten L\u00f6sung, um die Gesamtverwaltung Ihres Unternehmens zu verbessern und den Zeit- und Kostenaufwand f\u00fcr sich wiederholende Prozesse zu reduzieren.<\/p>\n<\/div><\/div><\/div><\/div><div class=\"et_pb_row_3 et_pb_row et_block_row\"><div class=\"et_pb_column_3 et_pb_column et_pb_column_4_4 et-last-child et_block_column et_pb_css_mix_blend_mode_passthrough\"><div class=\"et_pb_contact_form_0 et_pb_contact_form_container clearfix et_pb_module et_flex_module\" data-form_unique_num=\"0\" data-form_unique_id=\"09080d28-052b-4e43-aff6-6b87fcb0b274\" data-redirect_url=\"https:\/\/mca-concept.com\/remerciements\/\/\" id=\"et_pb_contact_form_09080d28-052b-4e43-aff6-6b87fcb0b274\"><div class=\"et-pb-contact-message\"><\/div><div class=\"et_pb_contact\"><form class=\"et_pb_contact_form et_flex_module\" method=\"post\" action=\"https:\/\/mca-concept.com\/de\/wp-json\/wp\/v2\/pages\/13522\"><div class=\"et_pb_contact_field_0 et_pb_contact_field et_pb_module et_flex_module et_flex_column_24_24 et_flex_column_24_24_tablet et_flex_column_24_24_phone\" data-id=\"name\" data-type=\"input\"><label class=\"et_pb_contact_form_label\" for=\"et_pb_contact_0_name_0\">Vor- und Nachname*<\/label><input type=\"text\" name=\"et_pb_contact_0_name_0\" id=\"et_pb_contact_0_name_0\" class=\"input\" data-required_mark=\"required\" data-field_type=\"input\" data-original_id=\"name\" placeholder=\"Vor- und Nachname*\" title=\"\" value=\"\" \/><\/div><div class=\"et_pb_contact_field_1 et_pb_contact_field et_pb_module et_flex_module et_flex_column_24_24 et_flex_column_24_24_tablet et_flex_column_24_24_phone\" data-id=\"email\" data-type=\"email\"><label class=\"et_pb_contact_form_label\" for=\"et_pb_contact_0_email_1\">E-Mail-Adresse*<\/label><input type=\"text\" name=\"et_pb_contact_0_email_1\" id=\"et_pb_contact_0_email_1\" class=\"input\" data-required_mark=\"required\" data-field_type=\"email\" data-original_id=\"email\" placeholder=\"E-Mail-Adresse*\" title=\"\" value=\"\" \/><\/div><div class=\"et_pb_contact_field_2 et_pb_contact_field et_pb_module et_flex_module et_flex_column_24_24 et_flex_column_24_24_tablet et_flex_column_24_24_phone\" data-id=\"tel\" data-type=\"input\"><label class=\"et_pb_contact_form_label\" for=\"et_pb_contact_0_tel_2\">Telefon<\/label><input type=\"text\" name=\"et_pb_contact_0_tel_2\" id=\"et_pb_contact_0_tel_2\" class=\"input\" data-required_mark=\"not_required\" data-field_type=\"input\" data-original_id=\"tel\" placeholder=\"Telefon\" title=\"\" value=\"\" \/><\/div><div class=\"et_pb_contact_field_3 et_pb_contact_field et_pb_module et_flex_module et_flex_column_24_24 et_flex_column_24_24_tablet et_flex_column_24_24_phone\" data-id=\"info\" data-type=\"text\"><label class=\"et_pb_contact_form_label\" for=\"et_pb_contact_0_info_3\">Nachricht*<\/label><textarea name=\"et_pb_contact_0_info_3\" id=\"et_pb_contact_0_info_3\" class=\"et_pb_contact_message input\" data-required_mark=\"required\" data-field_type=\"text\" data-original_id=\"info\" placeholder=\"Nachricht*\"><\/textarea><\/div><input type=\"hidden\" name=\"et_pb_contactform_submit_09080d28-052b-4e43-aff6-6b87fcb0b274\" value=\"et_contact_proccess\" \/><div class=\"et_contact_bottom_container\"><div class=\"et_pb_contact_right et_pb_contact_field\"><p class=\"clearfix\"><span class=\"et_pb_contact_captcha_question\">1 + 10<\/span> = <input type=\"text\" size=\"2\" class=\"input et_pb_contact_captcha\" data-first_digit=\"1\" data-second_digit=\"10\" data-required_mark=\"required\" name=\"et_pb_contact_captcha_09080d28-052b-4e43-aff6-6b87fcb0b274\" autocomplete=\"off\" \/><\/p><\/div><div class=\"et_pb_button_wrapper\"><button type=\"submit\" name=\"et_builder_submit_button\" class=\"et_pb_button et_pb_contact_submit\" data-icon=\"5\">Submit<\/button><\/div><\/div><input type=\"hidden\" id=\"_wpnonce-et-pb-contact-form-submitted-09080d28-052b-4e43-aff6-6b87fcb0b274\" name=\"_wpnonce-et-pb-contact-form-submitted-09080d28-052b-4e43-aff6-6b87fcb0b274\" value=\"2e80c84234\" \/><input type=\"hidden\" name=\"_wp_http_referer\" value=\"\/de\/wp-json\/wp\/v2\/pages\/13522\" \/><\/form><\/div><\/div><\/div><\/div><\/div>\n","protected":false},"excerpt":{"rendered":"","protected":false},"author":3,"featured_media":0,"parent":0,"menu_order":0,"comment_status":"closed","ping_status":"closed","template":"","meta":{"content-type":"","inline_featured_image":false,"_price":"","_stock":"","_tribe_ticket_header":"","_tribe_default_ticket_provider":"","_tribe_ticket_capacity":"0","_ticket_start_date":"","_ticket_end_date":"","_tribe_ticket_show_description":"","_tribe_ticket_show_not_going":false,"_tribe_ticket_use_global_stock":"","_tribe_ticket_global_stock_level":"","_global_stock_mode":"","_global_stock_cap":"","_tribe_rsvp_for_event":"","_tribe_ticket_going_count":"","_tribe_ticket_not_going_count":"","_tribe_tickets_list":"[]","_tribe_ticket_has_attendee_info_fields":false,"footnotes":"","_tec_slr_enabled":"","_tec_slr_layout":""},"class_list":["post-13522","page","type-page","status-publish","hentry"],"yoast_head":"<!-- This site is optimized with the Yoast SEO Premium plugin v26.1 (Yoast SEO v27.2) - https:\/\/yoast.com\/product\/yoast-seo-premium-wordpress\/ -->\n<title>Kontaktformular f\u00fcr ein Beratungsgespr\u00e4ch | MCA Concept<\/title>\n<meta name=\"description\" content=\"Wenn Sie eine Beratung zur Digitalisierung Ihres Unternehmens oder einfach nur eine Beratung w\u00fcnschen, f\u00fcllen Sie das Formular aus.\" \/>\n<meta name=\"robots\" content=\"index, follow, max-snippet:-1, max-image-preview:large, max-video-preview:-1\" \/>\n<link rel=\"canonical\" href=\"https:\/\/mca-concept.com\/de\/formular-konsultation\/\" \/>\n<meta property=\"og:locale\" content=\"de_DE\" \/>\n<meta property=\"og:type\" content=\"article\" \/>\n<meta property=\"og:title\" content=\"Konsultationsformular\" \/>\n<meta property=\"og:description\" content=\"Wenn Sie eine Beratung zur Digitalisierung Ihres Unternehmens oder einfach nur eine Beratung w\u00fcnschen, f\u00fcllen Sie das Formular aus.\" \/>\n<meta property=\"og:url\" content=\"https:\/\/mca-concept.com\/de\/formular-konsultation\/\" \/>\n<meta property=\"og:site_name\" content=\"MCA Concept\" \/>\n<meta property=\"article:publisher\" content=\"https:\/\/www.facebook.com\/mcaconcept\/\" \/>\n<meta property=\"article:modified_time\" content=\"2026-03-30T09:45:54+00:00\" \/>\n<meta name=\"twitter:card\" content=\"summary_large_image\" \/>\n<meta name=\"twitter:site\" content=\"@McaConcept\" \/>\n<script type=\"application\/ld+json\" class=\"yoast-schema-graph\">{\"@context\":\"https:\/\/schema.org\",\"@graph\":[{\"@type\":\"WebPage\",\"@id\":\"https:\/\/mca-concept.com\/de\/formular-konsultation\/\",\"url\":\"https:\/\/mca-concept.com\/de\/formular-konsultation\/\",\"name\":\"Kontaktformular f\u00fcr ein Beratungsgespr\u00e4ch | MCA Concept\",\"isPartOf\":{\"@id\":\"https:\/\/mca-concept.com\/de\/#website\"},\"datePublished\":\"2021-06-18T14:37:39+00:00\",\"dateModified\":\"2026-03-30T09:45:54+00:00\",\"description\":\"Wenn Sie eine Beratung zur Digitalisierung Ihres Unternehmens oder einfach nur eine Beratung w\u00fcnschen, f\u00fcllen Sie das Formular aus.\",\"breadcrumb\":{\"@id\":\"https:\/\/mca-concept.com\/de\/formular-konsultation\/#breadcrumb\"},\"inLanguage\":\"de\",\"potentialAction\":[{\"@type\":\"ReadAction\",\"target\":[\"https:\/\/mca-concept.com\/de\/formular-konsultation\/\"]}]},{\"@type\":\"BreadcrumbList\",\"@id\":\"https:\/\/mca-concept.com\/de\/formular-konsultation\/#breadcrumb\",\"itemListElement\":[{\"@type\":\"ListItem\",\"position\":1,\"name\":\"Accueil\",\"item\":\"https:\/\/mca-concept.com\/de\/\"},{\"@type\":\"ListItem\",\"position\":2,\"name\":\"Konsultationsformular\"}]},{\"@type\":\"WebSite\",\"@id\":\"https:\/\/mca-concept.com\/de\/#website\",\"url\":\"https:\/\/mca-concept.com\/de\/\",\"name\":\"MCA Concept\",\"description\":\"Solutions de gestion d&#039;entreprise ERP-CRM-CMS\",\"publisher\":{\"@id\":\"https:\/\/mca-concept.com\/de\/#organization\"},\"potentialAction\":[{\"@type\":\"SearchAction\",\"target\":{\"@type\":\"EntryPoint\",\"urlTemplate\":\"https:\/\/mca-concept.com\/de\/?s={search_term_string}\"},\"query-input\":{\"@type\":\"PropertyValueSpecification\",\"valueRequired\":true,\"valueName\":\"search_term_string\"}}],\"inLanguage\":\"de\"},{\"@type\":\"Organization\",\"@id\":\"https:\/\/mca-concept.com\/de\/#organization\",\"name\":\"MCA Concept\",\"url\":\"https:\/\/mca-concept.com\/de\/\",\"logo\":{\"@type\":\"ImageObject\",\"inLanguage\":\"de\",\"@id\":\"https:\/\/mca-concept.com\/de\/#\/schema\/logo\/image\/\",\"url\":\"https:\/\/mca-concept.com\/wordpress3\/wp-content\/uploads\/2019\/09\/mca-logo300px.png\",\"contentUrl\":\"https:\/\/mca-concept.com\/wordpress3\/wp-content\/uploads\/2019\/09\/mca-logo300px.png\",\"width\":300,\"height\":156,\"caption\":\"MCA Concept\"},\"image\":{\"@id\":\"https:\/\/mca-concept.com\/de\/#\/schema\/logo\/image\/\"},\"sameAs\":[\"https:\/\/www.facebook.com\/mcaconcept\/\",\"https:\/\/x.com\/McaConcept\",\"https:\/\/www.instagram.com\/mcaconcept\/\",\"https:\/\/ch.linkedin.com\/company\/mca-concept\",\"https:\/\/www.youtube.com\/channel\/UC1WT0RmNiTycrnzr6FqDuPg\"]}]}<\/script>\n<!-- \/ Yoast SEO Premium plugin. -->","yoast_head_json":{"title":"Kontaktformular f\u00fcr ein Beratungsgespr\u00e4ch | MCA Concept","description":"Wenn Sie eine Beratung zur Digitalisierung Ihres Unternehmens oder einfach nur eine Beratung w\u00fcnschen, f\u00fcllen Sie das Formular aus.","robots":{"index":"index","follow":"follow","max-snippet":"max-snippet:-1","max-image-preview":"max-image-preview:large","max-video-preview":"max-video-preview:-1"},"canonical":"https:\/\/mca-concept.com\/de\/formular-konsultation\/","og_locale":"de_DE","og_type":"article","og_title":"Konsultationsformular","og_description":"Wenn Sie eine Beratung zur Digitalisierung Ihres Unternehmens oder einfach nur eine Beratung w\u00fcnschen, f\u00fcllen Sie das Formular aus.","og_url":"https:\/\/mca-concept.com\/de\/formular-konsultation\/","og_site_name":"MCA Concept","article_publisher":"https:\/\/www.facebook.com\/mcaconcept\/","article_modified_time":"2026-03-30T09:45:54+00:00","twitter_card":"summary_large_image","twitter_site":"@McaConcept","schema":{"@context":"https:\/\/schema.org","@graph":[{"@type":"WebPage","@id":"https:\/\/mca-concept.com\/de\/formular-konsultation\/","url":"https:\/\/mca-concept.com\/de\/formular-konsultation\/","name":"Kontaktformular f\u00fcr ein Beratungsgespr\u00e4ch | MCA Concept","isPartOf":{"@id":"https:\/\/mca-concept.com\/de\/#website"},"datePublished":"2021-06-18T14:37:39+00:00","dateModified":"2026-03-30T09:45:54+00:00","description":"Wenn Sie eine Beratung zur Digitalisierung Ihres Unternehmens oder einfach nur eine Beratung w\u00fcnschen, f\u00fcllen Sie das Formular aus.","breadcrumb":{"@id":"https:\/\/mca-concept.com\/de\/formular-konsultation\/#breadcrumb"},"inLanguage":"de","potentialAction":[{"@type":"ReadAction","target":["https:\/\/mca-concept.com\/de\/formular-konsultation\/"]}]},{"@type":"BreadcrumbList","@id":"https:\/\/mca-concept.com\/de\/formular-konsultation\/#breadcrumb","itemListElement":[{"@type":"ListItem","position":1,"name":"Accueil","item":"https:\/\/mca-concept.com\/de\/"},{"@type":"ListItem","position":2,"name":"Konsultationsformular"}]},{"@type":"WebSite","@id":"https:\/\/mca-concept.com\/de\/#website","url":"https:\/\/mca-concept.com\/de\/","name":"MCA Concept","description":"Solutions de gestion d&#039;entreprise ERP-CRM-CMS","publisher":{"@id":"https:\/\/mca-concept.com\/de\/#organization"},"potentialAction":[{"@type":"SearchAction","target":{"@type":"EntryPoint","urlTemplate":"https:\/\/mca-concept.com\/de\/?s={search_term_string}"},"query-input":{"@type":"PropertyValueSpecification","valueRequired":true,"valueName":"search_term_string"}}],"inLanguage":"de"},{"@type":"Organization","@id":"https:\/\/mca-concept.com\/de\/#organization","name":"MCA Concept","url":"https:\/\/mca-concept.com\/de\/","logo":{"@type":"ImageObject","inLanguage":"de","@id":"https:\/\/mca-concept.com\/de\/#\/schema\/logo\/image\/","url":"https:\/\/mca-concept.com\/wordpress3\/wp-content\/uploads\/2019\/09\/mca-logo300px.png","contentUrl":"https:\/\/mca-concept.com\/wordpress3\/wp-content\/uploads\/2019\/09\/mca-logo300px.png","width":300,"height":156,"caption":"MCA Concept"},"image":{"@id":"https:\/\/mca-concept.com\/de\/#\/schema\/logo\/image\/"},"sameAs":["https:\/\/www.facebook.com\/mcaconcept\/","https:\/\/x.com\/McaConcept","https:\/\/www.instagram.com\/mcaconcept\/","https:\/\/ch.linkedin.com\/company\/mca-concept","https:\/\/www.youtube.com\/channel\/UC1WT0RmNiTycrnzr6FqDuPg"]}]}},"ticketed":false,"_links":{"self":[{"href":"https:\/\/mca-concept.com\/de\/wp-json\/wp\/v2\/pages\/13522","targetHints":{"allow":["GET"]}}],"collection":[{"href":"https:\/\/mca-concept.com\/de\/wp-json\/wp\/v2\/pages"}],"about":[{"href":"https:\/\/mca-concept.com\/de\/wp-json\/wp\/v2\/types\/page"}],"author":[{"embeddable":true,"href":"https:\/\/mca-concept.com\/de\/wp-json\/wp\/v2\/users\/3"}],"replies":[{"embeddable":true,"href":"https:\/\/mca-concept.com\/de\/wp-json\/wp\/v2\/comments?post=13522"}],"version-history":[{"count":33,"href":"https:\/\/mca-concept.com\/de\/wp-json\/wp\/v2\/pages\/13522\/revisions"}],"predecessor-version":[{"id":84138,"href":"https:\/\/mca-concept.com\/de\/wp-json\/wp\/v2\/pages\/13522\/revisions\/84138"}],"wp:attachment":[{"href":"https:\/\/mca-concept.com\/de\/wp-json\/wp\/v2\/media?parent=13522"}],"curies":[{"name":"wp","href":"https:\/\/api.w.org\/{rel}","templated":true}]}}