{"id":13528,"date":"2021-06-18T16:21:38","date_gmt":"2021-06-18T15:21:38","guid":{"rendered":"https:\/\/mca-concept.com\/schnittstelle-anpassbar\/"},"modified":"2026-03-30T10:55:21","modified_gmt":"2026-03-30T08:55:21","slug":"schnittstelle-anpassbar","status":"publish","type":"page","link":"https:\/\/mca-concept.com\/de\/schnittstelle-anpassbar\/","title":{"rendered":"Die anpassbare Schnittstelle von MCA Kale"},"content":{"rendered":"<div class=\"et_pb_section_0 et_pb_section et_section_regular et_block_section\">\n<div class=\"et_pb_row_0 et_pb_row et_block_row\">\n<div class=\"et_pb_column_0 et_pb_column et_pb_column_4_4 et-last-child et_block_column et_pb_css_mix_blend_mode_passthrough\">\n<div class=\"et_pb_text_0 et_pb_text et_pb_bg_layout_light et_pb_module et_block_module preset--module--divi-text--75a373b3-a752-4305-81e8-535fbf8079d6\"><div class=\"et_pb_text_inner\"><h1>Die anpassbare Schnittstelle von MCA Kale<\/h1>\n<\/div><\/div>\n\n<div class=\"et_pb_image_0 et_pb_image et_pb_module et_block_module\"><span class=\"et_pb_image_wrap\"><img decoding=\"async\" src=\"https:\/\/mca-concept.com\/wordpress3\/wp-content\/uploads\/2021\/12\/illustration-entete-qr-facture-mca-kale.png\" width=\"1079\" height=\"348\" srcset=\"https:\/\/mca-concept.com\/wordpress3\/wp-content\/uploads\/2021\/12\/illustration-entete-qr-facture-mca-kale.png 1079w, https:\/\/mca-concept.com\/wordpress3\/wp-content\/uploads\/2021\/12\/illustration-entete-qr-facture-mca-kale-980x316.png 980w, https:\/\/mca-concept.com\/wordpress3\/wp-content\/uploads\/2021\/12\/illustration-entete-qr-facture-mca-kale-480x155.png 480w\" sizes=\"(min-width: 0px) and (max-width: 480px) 480px, (min-width: 481px) and (max-width: 980px) 980px, (min-width: 981px) 1079px, 100vw\" class=\"wp-image-26309\" title=\"Illustration Kopfzeile QR-Rechnung\" alt=\"Illustration der Kopfzeile der QR-Rechnungsfunktionalit\u00e4t von MCA-Kale\" \/><\/span><\/div>\n<\/div>\n<\/div>\n<\/div>\n\n<div class=\"et_pb_section_1 et_pb_section et_section_regular et_block_section\">\n<div class=\"et_pb_row_1 et_pb_row et_block_row\">\n<div class=\"et_pb_column_1 et_pb_column et_pb_column_4_4 et-last-child et_block_column et_pb_css_mix_blend_mode_passthrough\">\n<div class=\"et_pb_text_1 et_pb_text et_pb_bg_layout_light et_pb_module et_block_module preset--module--divi-text--75a373b3-a752-4305-81e8-535fbf8079d6\"><div class=\"et_pb_text_inner\"><p>Wir sind bestrebt, MCA Kale f\u00fcr unsere Partner noch komfortabler zu gestalten: Unsere Software wurde entwickelt, um die administrative Verwaltung zu erleichtern, indem sie unter anderem ein pr\u00e4ziseres und schnelleres Arbeiten und den Zugriff auf Daten zu jeder Zeit und an jedem Ort erm\u00f6glicht.<\/p>\n<p>Der Arbeitskomfort h\u00e4ngt aber auch von der guten Ergonomie der eingesetzten Verwaltungssoftware ab. Deshalb ist MCA Kale so konzipiert, dass es schnell zu erlernen und einfach zu bedienen ist. Keine Installation erforderlich, eine \u00fcbersichtliche Oberfl\u00e4che mit schnellem und einfachem Zugriff auf die verschiedenen Seiten und vieles mehr. Wenn jedoch der praktische Aspekt der Software f\u00fcr den Benutzerkomfort von zentraler Bedeutung ist, tr\u00e4gt der grafische Aspekt ebenso viel dazu bei.<\/p>\n<p>Wenn Sie den ganzen Tag mit MCA Kale arbeiten m\u00fcssen, ist es f\u00fcr Sie angenehmer, wenn Sie eine Oberfl\u00e4che haben, die Ihnen gef\u00e4llt. Aus diesem Grund haben wir uns daf\u00fcr entschieden, MCA Kale mit einer anpassbaren Schnittstelle auszustatten. Bei der Verwendung von MCA Kale stehen Ihnen verschiedene Anzeigeeinstellungen zur Verf\u00fcgung.<\/p>\n<\/div><\/div>\n\n<div class=\"et_pb_text_2 et_pb_text et_pb_bg_layout_light et_pb_module et_block_module preset--module--divi-text--75a373b3-a752-4305-81e8-535fbf8079d6\"><div class=\"et_pb_text_inner\"><h2>\nEin Thema nach Ihren W\u00fcnschen.<\/h2>\n<\/div><\/div>\n\n<div class=\"et_pb_text_3 et_pb_text et_pb_bg_layout_light et_pb_module et_block_module preset--module--divi-text--75a373b3-a752-4305-81e8-535fbf8079d6\"><div class=\"et_pb_text_inner\"><p>Die Software verf\u00fcgt zum Beispiel \u00fcber mehrere Themenoptionen. MCA Kale verwendet standardm\u00e4\u00dfig ein helles Thema mit wei\u00dfem Hintergrund und, abgesehen von den Titeln, schwarzer Schrift, aber Sie k\u00f6nnen sich stattdessen f\u00fcr ein dunkles Thema mit umgekehrtem Farbschema entscheiden, d. h. mit dunklem Hintergrund und wei\u00dfer Schrift. Das dunkle Thema ist ideal f\u00fcr sehbehinderte oder helllichtempfindliche Benutzer.<\/p>\n<\/div><\/div>\n\n<div class=\"et_pb_text_4 et_pb_text et_pb_bg_layout_light et_pb_module et_block_module preset--module--divi-text--75a373b3-a752-4305-81e8-535fbf8079d6\"><div class=\"et_pb_text_inner\"><h2>Farben ganz nach dem Geschmack Ihres Unternehmens<br \/>\n<\/h2>\n<\/div><\/div>\n\n<div class=\"et_pb_text_5 et_pb_text et_pb_bg_layout_light et_pb_module et_block_module preset--module--divi-text--75a373b3-a752-4305-81e8-535fbf8079d6\"><div class=\"et_pb_text_inner\"><p>Sie k\u00f6nnen auch die Schriftfarbe der auf der Oberfl\u00e4che angezeigten Titel und Trennlinien \u00e4ndern. Standardm\u00e4\u00dfig sind diese in blau und grau, aber Sie k\u00f6nnen sie auch in gr\u00fcn, fuchsia, lila oder vielen anderen Farben einrichten. <\/p>\n<p>Dar\u00fcber hinaus k\u00f6nnen Sie die Farbe des Auswahlbereichs \u00e4ndern. Wechseln Sie von blau zu gelb, um den Auswahlbereich an den Rest Ihrer Oberfl\u00e4che anzupassen. Hyperlinks k\u00f6nnen zur besseren Sichtbarkeit auch in Blau statt im Standardgrau angezeigt werden.<\/p>\n<p>So k\u00f6nnen Sie von einer Oberfl\u00e4che mit Farben profitieren, die Ihrem pers\u00f6nlichen Geschmack oder der \u00c4sthetik Ihres Unternehmens angepasst sind.<\/p>\n<\/div><\/div>\n\n<div class=\"et_pb_text_6 et_pb_text et_pb_bg_layout_light et_pb_module et_block_module preset--module--divi-text--75a373b3-a752-4305-81e8-535fbf8079d6\"><div class=\"et_pb_text_inner\"><h2>Verschiedene Schriftgr\u00f6\u00dfen f\u00fcr bessere Sichtbarkeit<\/h2>\n<\/div><\/div>\n\n<div class=\"et_pb_text_7 et_pb_text et_pb_bg_layout_light et_pb_module et_block_module preset--module--divi-text--75a373b3-a752-4305-81e8-535fbf8079d6\"><div class=\"et_pb_text_inner\"><p>Dar\u00fcber hinaus k\u00f6nnen Sie die Gr\u00f6\u00dfe des auf dem Bildschirm angezeigten Textes \u00e4ndern. MCA Kale erm\u00f6glicht es Ihnen, die Schriftgr\u00f6\u00dfe zu vergr\u00f6\u00dfern oder zu verkleinern. Sowie das dunkle Thema ist diese Funktion besonders n\u00fctzlich f\u00fcr sehbehinderte Benutzer.<\/p>\n<\/div><\/div>\n\n<div class=\"et_pb_text_8 et_pb_text et_pb_bg_layout_light et_pb_module et_block_module preset--module--divi-text--75a373b3-a752-4305-81e8-535fbf8079d6\"><div class=\"et_pb_text_inner\"><h2>Icons f\u00fcr eine Software, die Ihr Unternehmen widerspiegelt<\/h2>\n<\/div><\/div>\n\n<div class=\"et_pb_text_9 et_pb_text et_pb_bg_layout_light et_pb_module et_block_module preset--module--divi-text--75a373b3-a752-4305-81e8-535fbf8079d6\"><div class=\"et_pb_text_inner\"><p>Aber es kommt noch besser: MCA Kale bietet Ihnen die M\u00f6glichkeit, die Oberfl\u00e4che durch den Import Ihrer eigenen Symbole anzupassen So kann die MCA Kale-Oberfl\u00e4che mit den eigenen Firmenbildern versehen werden. Mit den Symbolen und Farben Ihrer Firma machen Sie die Software wirklich zu Ihrer eigenen!<\/p>\n<\/div><\/div>\n\n<div class=\"et_pb_text_10 et_pb_text et_pb_bg_layout_light et_pb_module et_block_module preset--module--divi-text--75a373b3-a752-4305-81e8-535fbf8079d6\"><div class=\"et_pb_text_inner\"><h2>Eine Arbeitsoberfl\u00e4che, die zu Ihnen passt<\/h2>\n<\/div><\/div>\n\n<div class=\"et_pb_text_11 et_pb_text et_pb_bg_layout_light et_pb_module et_block_module preset--module--divi-text--75a373b3-a752-4305-81e8-535fbf8079d6\"><div class=\"et_pb_text_inner\"><p>Zusammenfassend l\u00e4sst sich sagen, dass Sie mit MCA Kale nicht nur das Vergn\u00fcgen haben, eine einfache und intuitive Software zu nutzen, sondern auch von einer anpassbaren Oberfl\u00e4che entsprechend Ihren Vorlieben und Ihrem Unternehmen profitieren. F\u00fcr ein komfortables Arbeitsumfeld auf allen Ebenen.<\/p>\n<\/div><\/div>\n<\/div>\n<\/div>\n<\/div>\n\n<div class=\"et_pb_section_2 et_pb_section et_section_regular et_block_section\">\n<div class=\"et_pb_row_2 et_pb_row et_block_row\">\n<div class=\"et_pb_column_2 et_pb_column et_pb_column_4_4 et-last-child et_block_column et_pb_css_mix_blend_mode_passthrough\">\n<div class=\"et_pb_text_12 et_pb_text et_pb_bg_layout_light et_pb_module et_block_module preset--module--divi-text--75a373b3-a752-4305-81e8-535fbf8079d6\"><div class=\"et_pb_text_inner\"><h2>Zusammenfassend<\/h2>\n<p><strong><\/strong><\/p>\n<p><strong>MCA Kale<\/strong> setzt sich daf\u00fcr ein, Schweizer Unternehmen einen h\u00f6heren Arbeitskomfort zu bieten, indem sie eine Verwaltungssoftware bereitstellt, die die Verwaltung erleichtert, die Genauigkeit und Geschwindigkeit der Prozesse verbessert und den Zugriff auf Daten jederzeit und \u00fcberall erm\u00f6glicht.<\/p>\n<p>Die Ergonomie der Software ist entscheidend, um diesen Komfort zu gew\u00e4hrleisten. Deshalb wurde <strong>MCA Kale<\/strong> so konzipiert, dass es schnell erlernt werden kann und einfach und intuitiv zu bedienen ist, ohne dass eine komplexe Installation erforderlich ist.<\/p>\n<p>Die anpassbare Oberfl\u00e4che der Software erm\u00f6glicht es den Nutzern, aus verschiedenen Themen, Farben und Schriftgr\u00f6\u00dfen zu w\u00e4hlen und sogar eigene Symbole zu importieren. So wird eine Arbeitsoberfl\u00e4che gew\u00e4hrleistet, die den Vorlieben und der \u00c4sthetik jedes Unternehmens entspricht.<\/p>\n<p>Letztendlich bietet <strong>MCA Kale<\/strong> nicht nur eine leistungsf\u00e4hige Verwaltungssoftware, sondern auch eine optimierte Benutzererfahrung f\u00fcr ein komfortables Arbeiten auf allen Ebenen.<\/p>\n<\/div><\/div>\n<\/div>\n<\/div>\n\n<div class=\"et_pb_row_3 et_pb_row et_block_row\">\n<div class=\"et_pb_column_3 et_pb_column et_pb_column_4_4 et-last-child et_block_column et_pb_css_mix_blend_mode_passthrough\">\n<div class=\"et_pb_text_13 et_pb_text et_pb_bg_layout_light et_pb_module et_block_module\"><div class=\"et_pb_text_inner\"><p>erp software, crm, management software, commercial management, accounting, stocks, pme, cloud, business management, planning, pgi, saas, information system, softwarepakete, erp, softwarepaket, kundenbeziehung, managementpaket, produktionsmanagement, integriertes management, beziehungsmanagement, e-commerce, integriertes managementpaket, managementl\u00f6sung, erp solutions, enterprise resource planning, integrator, bestandsmanagement, einheitliche datenbank, erp-l\u00f6sung, r\u00fcckverfolgbarkeit, dashboards, customer relationship management, rechnungsstellung, implementierung, handel, ressourcenmanagement, microsoft dynamics, steuern, management software, open source, oracle, erp-projekt, einheit, buchhaltung, dolibarr, management softwarepakete, erp-software, unsere l\u00f6sungen, pmi, automatisierung, parametrierung, handelsmanagement-software, operativ, managementl\u00f6sungen, tpe, integrierte management-software, saas-modus, cegid, demo, automatisieren, funktional, erp und crm, ressourcenplanung, skalierbar, integrierte management-software, ebp, business intelligence, workflow, modular, unternehmensressourcen, erp open source, ergonomie, crm und erp, entscheidungsfindung, software, software, flexibilit\u00e4t, gesch\u00e4ftsprozesse, integriert, mittelst\u00e4ndische unternehmen, kleine und mittlere unternehmen, mehrere module, dynamics nav, branchen, funktionaler umfang, agilit\u00e4t, nav, supply chain, projektmanagement, beratungsunternehmen, datenbanken, analytik, erp-markt, integriertes management, verwaltung von d utilisateurs, modules de gestion, cycle de vie, r\u00e9activit\u00e9, consultant erp, logiciel de production, \u00e9critures comptables, applications informatiques, gestion des ventes, outil de gestion, solutions crm, nouvelles fonctionnalit\u00e9s, int\u00e8gre un outil, back office, permet donc de g\u00e9rer, logiciel de gestion int\u00e9gr\u00e9, permettant de g\u00e9rer l ensemble, besoins sp\u00e9cifiques, solution compl\u00e8te, collaboratif, paye, parc informatique, fonctionnelles, comptables, moteur de workflow, erp sage, \u00e9diteur de logiciel, aide \u00e0 la d\u00e9cision, int\u00e9grateurs, automatis\u00e9, int\u00e8gre l entreprise, module crm, gestion des flux, logiciels de gestion d entreprise, logiciel sap, int\u00e9gr\u00e9e au logiciel, mrp, pme pmi, ma\u00eetrise des co\u00fbts, solution de gestion int\u00e9gr\u00e9e, gestion des donn\u00e9es, jd edwards, agroalimentaire, d\u00e9veloppements sp\u00e9cifiques, d\u00e9mat\u00e9rialisation, affaire de gestion, filiales, la logistique, meilleure gestion, prestashop, modules sp\u00e9cifiques, btp, erp finance, entreprise de logiciel, plusieurs applications, \u00e9volutif, int\u00e8gre notamment, package, logiciel logistique, gestion du personnel, gain de temps, r\u00e9f\u00e9rentiel, microsoft dynamics ax, grand dictionnaire, compl\u00e8te et int\u00e9gr\u00e9e, terminologique, comptable et financi\u00e8re, dictionnaire terminologique, pourrait \u00eatre int\u00e9gr\u00e9, centralis\u00e9, activit\u00e9 commerciale, concurrentiel, sql server, gestion des commandes<\/p>\n<\/div><\/div>\n<\/div>\n<\/div>\n<\/div>","protected":false},"excerpt":{"rendered":"","protected":false},"author":3,"featured_media":0,"parent":0,"menu_order":0,"comment_status":"closed","ping_status":"closed","template":"","meta":{"content-type":"","inline_featured_image":false,"_price":"","_stock":"","_tribe_ticket_header":"","_tribe_default_ticket_provider":"","_tribe_ticket_capacity":"0","_ticket_start_date":"","_ticket_end_date":"","_tribe_ticket_show_description":"","_tribe_ticket_show_not_going":false,"_tribe_ticket_use_global_stock":"","_tribe_ticket_global_stock_level":"","_global_stock_mode":"","_global_stock_cap":"","_tribe_rsvp_for_event":"","_tribe_ticket_going_count":"","_tribe_ticket_not_going_count":"","_tribe_tickets_list":"[]","_tribe_ticket_has_attendee_info_fields":false,"footnotes":"","_tec_slr_enabled":"","_tec_slr_layout":""},"class_list":["post-13528","page","type-page","status-publish","hentry"],"yoast_head":"<!-- This site is optimized with the Yoast SEO Premium plugin v26.1 (Yoast SEO v27.2) - https:\/\/yoast.com\/product\/yoast-seo-premium-wordpress\/ -->\n<title>Entdecken Sie die anpassbare Schnittstelle MCA Kale | MCA Concept<\/title>\n<meta name=\"description\" content=\"Die Rede ist von den Anpassungsm\u00f6glichkeiten der grafischen Schnittstelle unserer Software MCA Kale.\" \/>\n<meta name=\"robots\" content=\"index, follow, max-snippet:-1, max-image-preview:large, max-video-preview:-1\" \/>\n<link rel=\"canonical\" href=\"https:\/\/mca-concept.com\/de\/schnittstelle-anpassbar\/\" \/>\n<meta property=\"og:locale\" content=\"de_DE\" \/>\n<meta property=\"og:type\" content=\"article\" \/>\n<meta property=\"og:title\" content=\"Die anpassbare Schnittstelle von MCA Kale\" \/>\n<meta property=\"og:description\" content=\"Die Rede ist von den Anpassungsm\u00f6glichkeiten der grafischen Schnittstelle unserer Software MCA Kale.\" \/>\n<meta property=\"og:url\" content=\"https:\/\/mca-concept.com\/de\/schnittstelle-anpassbar\/\" \/>\n<meta property=\"og:site_name\" content=\"MCA Concept\" \/>\n<meta property=\"article:publisher\" content=\"https:\/\/www.facebook.com\/mcaconcept\/\" \/>\n<meta property=\"article:modified_time\" content=\"2026-03-30T08:55:21+00:00\" \/>\n<meta name=\"twitter:card\" content=\"summary_large_image\" \/>\n<meta name=\"twitter:site\" content=\"@McaConcept\" \/>\n<script type=\"application\/ld+json\" class=\"yoast-schema-graph\">{\"@context\":\"https:\/\/schema.org\",\"@graph\":[{\"@type\":\"WebPage\",\"@id\":\"https:\/\/mca-concept.com\/de\/schnittstelle-anpassbar\/\",\"url\":\"https:\/\/mca-concept.com\/de\/schnittstelle-anpassbar\/\",\"name\":\"Entdecken Sie die anpassbare Schnittstelle MCA Kale | MCA Concept\",\"isPartOf\":{\"@id\":\"https:\/\/mca-concept.com\/de\/#website\"},\"datePublished\":\"2021-06-18T15:21:38+00:00\",\"dateModified\":\"2026-03-30T08:55:21+00:00\",\"description\":\"Die Rede ist von den Anpassungsm\u00f6glichkeiten der grafischen Schnittstelle unserer Software MCA Kale.\",\"breadcrumb\":{\"@id\":\"https:\/\/mca-concept.com\/de\/schnittstelle-anpassbar\/#breadcrumb\"},\"inLanguage\":\"de\",\"potentialAction\":[{\"@type\":\"ReadAction\",\"target\":[\"https:\/\/mca-concept.com\/de\/schnittstelle-anpassbar\/\"]}]},{\"@type\":\"BreadcrumbList\",\"@id\":\"https:\/\/mca-concept.com\/de\/schnittstelle-anpassbar\/#breadcrumb\",\"itemListElement\":[{\"@type\":\"ListItem\",\"position\":1,\"name\":\"Accueil\",\"item\":\"https:\/\/mca-concept.com\/de\/\"},{\"@type\":\"ListItem\",\"position\":2,\"name\":\"Die anpassbare Schnittstelle von MCA Kale\"}]},{\"@type\":\"WebSite\",\"@id\":\"https:\/\/mca-concept.com\/de\/#website\",\"url\":\"https:\/\/mca-concept.com\/de\/\",\"name\":\"MCA Concept\",\"description\":\"Solutions de gestion d&#039;entreprise ERP-CRM-CMS\",\"publisher\":{\"@id\":\"https:\/\/mca-concept.com\/de\/#organization\"},\"potentialAction\":[{\"@type\":\"SearchAction\",\"target\":{\"@type\":\"EntryPoint\",\"urlTemplate\":\"https:\/\/mca-concept.com\/de\/?s={search_term_string}\"},\"query-input\":{\"@type\":\"PropertyValueSpecification\",\"valueRequired\":true,\"valueName\":\"search_term_string\"}}],\"inLanguage\":\"de\"},{\"@type\":\"Organization\",\"@id\":\"https:\/\/mca-concept.com\/de\/#organization\",\"name\":\"MCA Concept\",\"url\":\"https:\/\/mca-concept.com\/de\/\",\"logo\":{\"@type\":\"ImageObject\",\"inLanguage\":\"de\",\"@id\":\"https:\/\/mca-concept.com\/de\/#\/schema\/logo\/image\/\",\"url\":\"https:\/\/mca-concept.com\/wordpress3\/wp-content\/uploads\/2019\/09\/mca-logo300px.png\",\"contentUrl\":\"https:\/\/mca-concept.com\/wordpress3\/wp-content\/uploads\/2019\/09\/mca-logo300px.png\",\"width\":300,\"height\":156,\"caption\":\"MCA Concept\"},\"image\":{\"@id\":\"https:\/\/mca-concept.com\/de\/#\/schema\/logo\/image\/\"},\"sameAs\":[\"https:\/\/www.facebook.com\/mcaconcept\/\",\"https:\/\/x.com\/McaConcept\",\"https:\/\/www.instagram.com\/mcaconcept\/\",\"https:\/\/ch.linkedin.com\/company\/mca-concept\",\"https:\/\/www.youtube.com\/channel\/UC1WT0RmNiTycrnzr6FqDuPg\"]}]}<\/script>\n<!-- \/ Yoast SEO Premium plugin. -->","yoast_head_json":{"title":"Entdecken Sie die anpassbare Schnittstelle MCA Kale | MCA Concept","description":"Die Rede ist von den Anpassungsm\u00f6glichkeiten der grafischen Schnittstelle unserer Software MCA Kale.","robots":{"index":"index","follow":"follow","max-snippet":"max-snippet:-1","max-image-preview":"max-image-preview:large","max-video-preview":"max-video-preview:-1"},"canonical":"https:\/\/mca-concept.com\/de\/schnittstelle-anpassbar\/","og_locale":"de_DE","og_type":"article","og_title":"Die anpassbare Schnittstelle von MCA Kale","og_description":"Die Rede ist von den Anpassungsm\u00f6glichkeiten der grafischen Schnittstelle unserer Software MCA Kale.","og_url":"https:\/\/mca-concept.com\/de\/schnittstelle-anpassbar\/","og_site_name":"MCA Concept","article_publisher":"https:\/\/www.facebook.com\/mcaconcept\/","article_modified_time":"2026-03-30T08:55:21+00:00","twitter_card":"summary_large_image","twitter_site":"@McaConcept","schema":{"@context":"https:\/\/schema.org","@graph":[{"@type":"WebPage","@id":"https:\/\/mca-concept.com\/de\/schnittstelle-anpassbar\/","url":"https:\/\/mca-concept.com\/de\/schnittstelle-anpassbar\/","name":"Entdecken Sie die anpassbare Schnittstelle MCA Kale | MCA Concept","isPartOf":{"@id":"https:\/\/mca-concept.com\/de\/#website"},"datePublished":"2021-06-18T15:21:38+00:00","dateModified":"2026-03-30T08:55:21+00:00","description":"Die Rede ist von den Anpassungsm\u00f6glichkeiten der grafischen Schnittstelle unserer Software MCA Kale.","breadcrumb":{"@id":"https:\/\/mca-concept.com\/de\/schnittstelle-anpassbar\/#breadcrumb"},"inLanguage":"de","potentialAction":[{"@type":"ReadAction","target":["https:\/\/mca-concept.com\/de\/schnittstelle-anpassbar\/"]}]},{"@type":"BreadcrumbList","@id":"https:\/\/mca-concept.com\/de\/schnittstelle-anpassbar\/#breadcrumb","itemListElement":[{"@type":"ListItem","position":1,"name":"Accueil","item":"https:\/\/mca-concept.com\/de\/"},{"@type":"ListItem","position":2,"name":"Die anpassbare Schnittstelle von MCA Kale"}]},{"@type":"WebSite","@id":"https:\/\/mca-concept.com\/de\/#website","url":"https:\/\/mca-concept.com\/de\/","name":"MCA Concept","description":"Solutions de gestion d&#039;entreprise ERP-CRM-CMS","publisher":{"@id":"https:\/\/mca-concept.com\/de\/#organization"},"potentialAction":[{"@type":"SearchAction","target":{"@type":"EntryPoint","urlTemplate":"https:\/\/mca-concept.com\/de\/?s={search_term_string}"},"query-input":{"@type":"PropertyValueSpecification","valueRequired":true,"valueName":"search_term_string"}}],"inLanguage":"de"},{"@type":"Organization","@id":"https:\/\/mca-concept.com\/de\/#organization","name":"MCA Concept","url":"https:\/\/mca-concept.com\/de\/","logo":{"@type":"ImageObject","inLanguage":"de","@id":"https:\/\/mca-concept.com\/de\/#\/schema\/logo\/image\/","url":"https:\/\/mca-concept.com\/wordpress3\/wp-content\/uploads\/2019\/09\/mca-logo300px.png","contentUrl":"https:\/\/mca-concept.com\/wordpress3\/wp-content\/uploads\/2019\/09\/mca-logo300px.png","width":300,"height":156,"caption":"MCA Concept"},"image":{"@id":"https:\/\/mca-concept.com\/de\/#\/schema\/logo\/image\/"},"sameAs":["https:\/\/www.facebook.com\/mcaconcept\/","https:\/\/x.com\/McaConcept","https:\/\/www.instagram.com\/mcaconcept\/","https:\/\/ch.linkedin.com\/company\/mca-concept","https:\/\/www.youtube.com\/channel\/UC1WT0RmNiTycrnzr6FqDuPg"]}]}},"ticketed":false,"_links":{"self":[{"href":"https:\/\/mca-concept.com\/de\/wp-json\/wp\/v2\/pages\/13528","targetHints":{"allow":["GET"]}}],"collection":[{"href":"https:\/\/mca-concept.com\/de\/wp-json\/wp\/v2\/pages"}],"about":[{"href":"https:\/\/mca-concept.com\/de\/wp-json\/wp\/v2\/types\/page"}],"author":[{"embeddable":true,"href":"https:\/\/mca-concept.com\/de\/wp-json\/wp\/v2\/users\/3"}],"replies":[{"embeddable":true,"href":"https:\/\/mca-concept.com\/de\/wp-json\/wp\/v2\/comments?post=13528"}],"version-history":[{"count":24,"href":"https:\/\/mca-concept.com\/de\/wp-json\/wp\/v2\/pages\/13528\/revisions"}],"predecessor-version":[{"id":83904,"href":"https:\/\/mca-concept.com\/de\/wp-json\/wp\/v2\/pages\/13528\/revisions\/83904"}],"wp:attachment":[{"href":"https:\/\/mca-concept.com\/de\/wp-json\/wp\/v2\/media?parent=13528"}],"curies":[{"name":"wp","href":"https:\/\/api.w.org\/{rel}","templated":true}]}}