{"id":13531,"date":"2021-06-18T16:21:40","date_gmt":"2021-06-18T15:21:40","guid":{"rendered":"https:\/\/mca-concept.com\/eingenschaften\/"},"modified":"2026-03-30T10:56:21","modified_gmt":"2026-03-30T08:56:21","slug":"eingenschaften","status":"publish","type":"page","link":"https:\/\/mca-concept.com\/de\/eingenschaften\/","title":{"rendered":"MCA Kale Eingenschaften: Sprachen, Betriebssysteme und Plattformen:"},"content":{"rendered":"<div class=\"et_pb_section_0 et_pb_section et_section_regular et_block_section\">\n<div class=\"et_pb_row_0 et_pb_row et_block_row\">\n<div class=\"et_pb_column_0 et_pb_column et_pb_column_4_4 et-last-child et_block_column et_pb_css_mix_blend_mode_passthrough\">\n<div class=\"et_pb_text_0 et_pb_text et_pb_bg_layout_light et_pb_module et_block_module preset--module--divi-text--75a373b3-a752-4305-81e8-535fbf8079d6\"><div class=\"et_pb_text_inner\"><h1>Technische Eingeschaften von MCA Kale<\/h1>\n<\/div><\/div>\n\n<div class=\"et_pb_image_0 et_pb_image et_pb_module et_block_module\"><span class=\"et_pb_image_wrap\"><img decoding=\"async\" src=\"https:\/\/mca-concept.com\/wordpress3\/wp-content\/uploads\/2021\/12\/illustration-entete-qr-facture-mca-kale.png\" width=\"1079\" height=\"348\" srcset=\"https:\/\/mca-concept.com\/wordpress3\/wp-content\/uploads\/2021\/12\/illustration-entete-qr-facture-mca-kale.png 1079w, https:\/\/mca-concept.com\/wordpress3\/wp-content\/uploads\/2021\/12\/illustration-entete-qr-facture-mca-kale-980x316.png 980w, https:\/\/mca-concept.com\/wordpress3\/wp-content\/uploads\/2021\/12\/illustration-entete-qr-facture-mca-kale-480x155.png 480w\" sizes=\"(min-width: 0px) and (max-width: 480px) 480px, (min-width: 481px) and (max-width: 980px) 980px, (min-width: 981px) 1079px, 100vw\" class=\"wp-image-26309\" title=\"Illustration Kopfzeile QR-Rechnung\" alt=\"Illustration der Kopfzeile der QR-Rechnungsfunktionalit\u00e4t von MCA-Kale\" \/><\/span><\/div>\n<\/div>\n<\/div>\n<\/div>\n\n<div class=\"et_pb_section_1 et_pb_section et_section_regular et_block_section\">\n<div class=\"et_pb_row_1 et_pb_row et_block_row\">\n<div class=\"et_pb_column_1 et_pb_column et_pb_column_4_4 et-last-child et_block_column et_pb_css_mix_blend_mode_passthrough\">\n<div class=\"et_pb_text_1 et_pb_text et_pb_bg_layout_light et_pb_module et_block_module preset--module--divi-text--75a373b3-a752-4305-81e8-535fbf8079d6\"><div class=\"et_pb_text_inner\"><h2>OS<\/h2>\n<\/div><\/div>\n\n<div class=\"et_pb_text_2 et_pb_text et_pb_bg_layout_light et_pb_module et_block_module preset--module--divi-text--75a373b3-a752-4305-81e8-535fbf8079d6\"><div class=\"et_pb_text_inner\"><p>Ein OS (Betriebssystem) oder System-Verwaltung, ist ein Satz von Programmen, die die Aktivit\u00e4ten eines Computerger\u00e4ts (Computer, Smartphone, etc.) verwalten. Es fungiert als Vermittler zwischen den Hardwarekomponenten (Prozessor, Speicher, Bildschirm usw.) des Ger\u00e4ts, den Anwendungen (Microsoft Word, Firefox, Itunes usw.) und dem Benutzer. Das Betriebssystem verwaltet den Zugriff verschiedener Anwendungen auf Hardwareressourcen, wie z. B. Arbeitsspeicher oder Speicher, um St\u00f6rungen oder Konflikte zwischen ihnen zu vermeiden. Es verf\u00fcgt auch \u00fcber eine Schnittstelle, die es dem Benutzer erm\u00f6glicht, mit dem Computerger\u00e4t zu interagieren, so dass z. B. ein Benutzer und sein Computer \u00fcber das Betriebssystem kommunizieren k\u00f6nnen.<\/p>\n<p>Die beliebtesten Betriebssysteme sind Windows, Mac OS, iOS, Linux und Android.<\/p>\n<p>MCA Kale arbeitet mit allen Apple-, Windows-, Android- und Linux-Plattformen. <\/p>\n<p>&nbsp;<\/p>\n<\/div><\/div>\n\n<div class=\"et_pb_text_3 et_pb_text et_pb_bg_layout_light et_pb_module et_block_module preset--module--divi-text--75a373b3-a752-4305-81e8-535fbf8079d6\"><div class=\"et_pb_text_inner\"><h2>Sprachen<\/h2>\n<\/div><\/div>\n\n<div class=\"et_pb_text_4 et_pb_text et_pb_bg_layout_light et_pb_module et_block_module preset--module--divi-text--75a373b3-a752-4305-81e8-535fbf8079d6\"><div class=\"et_pb_text_inner\"><p>MCA Kale ist in 4 verschiedenen Sprachen verf\u00fcgbar, n\u00e4mlich in Franz\u00f6sisch, Deutsch, Italienisch und Englisch. Die Software kann auf Wunsch problemlos in andere Sprachen \u00fcbersetzt werden.<\/p>\n<p>&nbsp;<\/p>\n<\/div><\/div>\n\n<div class=\"et_pb_text_5 et_pb_text et_pb_bg_layout_light et_pb_module et_block_module preset--module--divi-text--75a373b3-a752-4305-81e8-535fbf8079d6\"><div class=\"et_pb_text_inner\"><h2>Plattformen<\/h2>\n<\/div><\/div>\n\n<div class=\"et_pb_text_6 et_pb_text et_pb_bg_layout_light et_pb_module et_block_module preset--module--divi-text--75a373b3-a752-4305-81e8-535fbf8079d6\"><div class=\"et_pb_text_inner\"><p>MCA Kale ist auf Computer, Handy, Tablet und PDA verf\u00fcgbar.<\/p>\n<p><u>Computer<\/u>: elektronische Maschine, welche die Datenbearbeitung erm\u00f6glicht<\/p>\n<p><u>Smartphone<\/u>: ein \"intelligentes\" Mobiltelefon, das grundlegende Anruf- und Messaging-Funktionen mit anderen Funktionstypen wie Web-Browsing, E-Mail, Videowiedergabe, Videokonferenzen, Geolokalisierung oder einfacher B\u00fcroautomatisierung kombiniert. Viele Funktionen k\u00f6nnen durch Anwendungen von Drittanbietern zu einem Smartphone hinzugef\u00fcgt werden.<\/p>\n<p><u>Das Tablet<\/u>: ultraflacher Mini-Laptop ohne Tastatur und Maus, mit Touchscreen. Mit ihm k\u00f6nnen Sie im Internet surfen, auf Multimedia-Inhalte zugreifen, E-Mails austauschen, leichte B\u00fcroarbeiten erledigen und vieles mehr \u00fcber herunterladbare Anwendungen.<\/p>\n<p><u>PDA (Personal Digital Assistant)<\/u>: ein Taschen-Computer, der als pers\u00f6nlicher Assistent mit Funktionen wie Kalender, Aufgabenverwaltung, Adressbuch, E-Mail und Messaging sowie anderen leichten Office-Funktionen dient. Certains PDA permettent \u00e9galement la lecture de vid\u00e9o et de musique.<\/p>\n<\/div><\/div>\n<\/div>\n<\/div>\n<\/div>\n\n<div class=\"et_pb_section_2 et_pb_section et_section_regular et_block_section\">\n<div class=\"et_pb_row_2 et_pb_row et_block_row\">\n<div class=\"et_pb_column_2 et_pb_column et_pb_column_4_4 et-last-child et_block_column et_pb_css_mix_blend_mode_passthrough\">\n<div class=\"et_pb_text_7 et_pb_text et_pb_bg_layout_light et_pb_module et_block_module preset--module--divi-text--75a373b3-a752-4305-81e8-535fbf8079d6\"><div class=\"et_pb_text_inner\"><h2>Zusammenfassend<\/h2>\n<p><strong><\/strong><\/p>\n<p><strong>MCA Kale<\/strong> verf\u00fcgt \u00fcber <strong>technische Eigenschaften<\/strong> , die es zu einem flexiblen und anpassungsf\u00e4higen <strong>Managementinstrument<\/strong> f\u00fcr Unternehmen in der Schweiz und dar\u00fcber hinaus machen.<\/p>\n<p>Es ist mit verschiedenen Betriebssystemen wie Windows, Mac OS, iOS, Linux und Android kompatibel und bietet somit eine gro\u00dfe <strong>Kompatibilit\u00e4t<\/strong> mit verschiedenen Computerger\u00e4ten.<\/p>\n<p>Dar\u00fcber hinaus ist <strong>MCA Kale<\/strong> in vier Sprachen verf\u00fcgbar, was die Verwendung f\u00fcr mehrsprachige Unternehmen erleichtert.<\/p>\n<p>Es kann auf einer Vielzahl von Plattformen verwendet werden, einschlie\u00dflich Computern, Smartphones, Tablets und PDAs, und gew\u00e4hrleistet einen bequemen Zugriff auf <strong>Daten<\/strong> und <strong>Verwaltungstools<\/strong> \u00fcberall und jederzeit.<\/p>\n<p><strong>MCA Kale<\/strong> passt sich den Bed\u00fcrfnissen von Unternehmen an und bietet eine vielseitige Managementl\u00f6sung zur Verbesserung von <strong>Prozessen<\/strong> und <strong>Management<\/strong> in verschiedenen T\u00e4tigkeitsbereichen<strong>.<\/strong><\/p>\n<\/div><\/div>\n<\/div>\n<\/div>\n\n<div class=\"et_pb_row_3 et_pb_row et_block_row\">\n<div class=\"et_pb_column_3 et_pb_column et_pb_column_4_4 et-last-child et_block_column et_pb_css_mix_blend_mode_passthrough\">\n<div class=\"et_pb_text_8 et_pb_text et_pb_bg_layout_light et_pb_module et_block_module\"><div class=\"et_pb_text_inner\"><p>erp software, crm, management software, commercial management, accounting, stocks, pme, cloud, business management, planning, pgi, saas, information system, softwarepakete, erp, softwarepaket, kundenbeziehung, managementpaket, produktionsmanagement, integriertes management, beziehungsmanagement, e-commerce, integriertes managementpaket, managementl\u00f6sung, erp solutions, enterprise resource planning, integrator, bestandsmanagement, einheitliche datenbank, erp-l\u00f6sung, r\u00fcckverfolgbarkeit, dashboards, customer relationship management, rechnungsstellung, implementierung, handel, ressourcenmanagement, microsoft dynamics, steuern, management software, open source, oracle, erp-projekt, einheit, buchhaltung, dolibarr, management softwarepakete, erp-software, unsere l\u00f6sungen, pmi, automatisierung, parametrierung, handelsmanagement-software, operativ, managementl\u00f6sungen, tpe, integrierte management-software, saas-modus, cegid, demo, automatisieren, funktional, erp und crm, ressourcenplanung, skalierbar, integrierte management-software, ebp, business intelligence, workflow, modular, unternehmensressourcen, erp open source, ergonomie, crm und erp, entscheidungsfindung, software, software, flexibilit\u00e4t, gesch\u00e4ftsprozesse, integriert, mittelst\u00e4ndische unternehmen, kleine und mittlere unternehmen, mehrere module, dynamics nav, branchen, funktionaler umfang, agilit\u00e4t, nav, supply chain, projektmanagement, beratungsunternehmen, datenbanken, analytik, erp-markt, integriertes management, verwaltung von d utilisateurs, modules de gestion, cycle de vie, r\u00e9activit\u00e9, consultant erp, logiciel de production, \u00e9critures comptables, applications informatiques, gestion des ventes, outil de gestion, solutions crm, nouvelles fonctionnalit\u00e9s, int\u00e8gre un outil, back office, permet donc de g\u00e9rer, logiciel de gestion int\u00e9gr\u00e9, permettant de g\u00e9rer l ensemble, besoins sp\u00e9cifiques, solution compl\u00e8te, collaboratif, paye, parc informatique, fonctionnelles, comptables, moteur de workflow, erp sage, \u00e9diteur de logiciel, aide \u00e0 la d\u00e9cision, int\u00e9grateurs, automatis\u00e9, int\u00e8gre l entreprise, module crm, gestion des flux, logiciels de gestion d entreprise, logiciel sap, int\u00e9gr\u00e9e au logiciel, mrp, pme pmi, ma\u00eetrise des co\u00fbts, solution de gestion int\u00e9gr\u00e9e, gestion des donn\u00e9es, jd edwards, agroalimentaire, d\u00e9veloppements sp\u00e9cifiques, d\u00e9mat\u00e9rialisation, affaire de gestion, filiales, la logistique, meilleure gestion, prestashop, modules sp\u00e9cifiques, btp, erp finance, entreprise de logiciel, plusieurs applications, \u00e9volutif, int\u00e8gre notamment, package, logiciel logistique, gestion du personnel, gain de temps, r\u00e9f\u00e9rentiel, microsoft dynamics ax, grand dictionnaire, compl\u00e8te et int\u00e9gr\u00e9e, terminologique, comptable et financi\u00e8re, dictionnaire terminologique, pourrait \u00eatre int\u00e9gr\u00e9, centralis\u00e9, activit\u00e9 commerciale, concurrentiel, sql server, gestion des commandes<\/p>\n<\/div><\/div>\n<\/div>\n<\/div>\n<\/div>","protected":false},"excerpt":{"rendered":"","protected":false},"author":3,"featured_media":0,"parent":0,"menu_order":0,"comment_status":"closed","ping_status":"closed","template":"","meta":{"content-type":"","inline_featured_image":false,"_price":"","_stock":"","_tribe_ticket_header":"","_tribe_default_ticket_provider":"","_tribe_ticket_capacity":"0","_ticket_start_date":"","_ticket_end_date":"","_tribe_ticket_show_description":"","_tribe_ticket_show_not_going":false,"_tribe_ticket_use_global_stock":"","_tribe_ticket_global_stock_level":"","_global_stock_mode":"","_global_stock_cap":"","_tribe_rsvp_for_event":"","_tribe_ticket_going_count":"","_tribe_ticket_not_going_count":"","_tribe_tickets_list":"[]","_tribe_ticket_has_attendee_info_fields":false,"footnotes":"","_tec_slr_enabled":"","_tec_slr_layout":""},"class_list":["post-13531","page","type-page","status-publish","hentry"],"yoast_head":"<!-- This site is optimized with the Yoast SEO Premium plugin v26.1 (Yoast SEO v27.2) - https:\/\/yoast.com\/product\/yoast-seo-premium-wordpress\/ -->\n<title>Die technischen Eigenschaften von MCA Kale | MCA Concept<\/title>\n<meta name=\"description\" content=\"Lassen Sie uns gemeinsam die technischen Eigenschaften unserer Software entdecken. Einfache Zug\u00e4nglichkeit und erh\u00f6hte Kompatibilit\u00e4t.\" \/>\n<meta name=\"robots\" content=\"index, follow, max-snippet:-1, max-image-preview:large, max-video-preview:-1\" \/>\n<link rel=\"canonical\" href=\"https:\/\/mca-concept.com\/de\/eingenschaften\/\" \/>\n<meta property=\"og:locale\" content=\"de_DE\" \/>\n<meta property=\"og:type\" content=\"article\" \/>\n<meta property=\"og:title\" content=\"MCA Kale Eingenschaften: Sprachen, Betriebssysteme und Plattformen:\" \/>\n<meta property=\"og:description\" content=\"Lassen Sie uns gemeinsam die technischen Eigenschaften unserer Software entdecken. Einfache Zug\u00e4nglichkeit und erh\u00f6hte Kompatibilit\u00e4t.\" \/>\n<meta property=\"og:url\" content=\"https:\/\/mca-concept.com\/de\/eingenschaften\/\" \/>\n<meta property=\"og:site_name\" content=\"MCA Concept\" \/>\n<meta property=\"article:publisher\" content=\"https:\/\/www.facebook.com\/mcaconcept\/\" \/>\n<meta property=\"article:modified_time\" content=\"2026-03-30T08:56:21+00:00\" \/>\n<meta name=\"twitter:card\" content=\"summary_large_image\" \/>\n<meta name=\"twitter:site\" content=\"@McaConcept\" \/>\n<script type=\"application\/ld+json\" class=\"yoast-schema-graph\">{\"@context\":\"https:\/\/schema.org\",\"@graph\":[{\"@type\":\"WebPage\",\"@id\":\"https:\/\/mca-concept.com\/de\/eingenschaften\/\",\"url\":\"https:\/\/mca-concept.com\/de\/eingenschaften\/\",\"name\":\"Die technischen Eigenschaften von MCA Kale | MCA Concept\",\"isPartOf\":{\"@id\":\"https:\/\/mca-concept.com\/de\/#website\"},\"datePublished\":\"2021-06-18T15:21:40+00:00\",\"dateModified\":\"2026-03-30T08:56:21+00:00\",\"description\":\"Lassen Sie uns gemeinsam die technischen Eigenschaften unserer Software entdecken. Einfache Zug\u00e4nglichkeit und erh\u00f6hte Kompatibilit\u00e4t.\",\"breadcrumb\":{\"@id\":\"https:\/\/mca-concept.com\/de\/eingenschaften\/#breadcrumb\"},\"inLanguage\":\"de\",\"potentialAction\":[{\"@type\":\"ReadAction\",\"target\":[\"https:\/\/mca-concept.com\/de\/eingenschaften\/\"]}]},{\"@type\":\"BreadcrumbList\",\"@id\":\"https:\/\/mca-concept.com\/de\/eingenschaften\/#breadcrumb\",\"itemListElement\":[{\"@type\":\"ListItem\",\"position\":1,\"name\":\"Accueil\",\"item\":\"https:\/\/mca-concept.com\/de\/\"},{\"@type\":\"ListItem\",\"position\":2,\"name\":\"MCA Kale Eingenschaften: Sprachen, Betriebssysteme und Plattformen:\"}]},{\"@type\":\"WebSite\",\"@id\":\"https:\/\/mca-concept.com\/de\/#website\",\"url\":\"https:\/\/mca-concept.com\/de\/\",\"name\":\"MCA Concept\",\"description\":\"Solutions de gestion d&#039;entreprise ERP-CRM-CMS\",\"publisher\":{\"@id\":\"https:\/\/mca-concept.com\/de\/#organization\"},\"potentialAction\":[{\"@type\":\"SearchAction\",\"target\":{\"@type\":\"EntryPoint\",\"urlTemplate\":\"https:\/\/mca-concept.com\/de\/?s={search_term_string}\"},\"query-input\":{\"@type\":\"PropertyValueSpecification\",\"valueRequired\":true,\"valueName\":\"search_term_string\"}}],\"inLanguage\":\"de\"},{\"@type\":\"Organization\",\"@id\":\"https:\/\/mca-concept.com\/de\/#organization\",\"name\":\"MCA Concept\",\"url\":\"https:\/\/mca-concept.com\/de\/\",\"logo\":{\"@type\":\"ImageObject\",\"inLanguage\":\"de\",\"@id\":\"https:\/\/mca-concept.com\/de\/#\/schema\/logo\/image\/\",\"url\":\"https:\/\/mca-concept.com\/wordpress3\/wp-content\/uploads\/2019\/09\/mca-logo300px.png\",\"contentUrl\":\"https:\/\/mca-concept.com\/wordpress3\/wp-content\/uploads\/2019\/09\/mca-logo300px.png\",\"width\":300,\"height\":156,\"caption\":\"MCA Concept\"},\"image\":{\"@id\":\"https:\/\/mca-concept.com\/de\/#\/schema\/logo\/image\/\"},\"sameAs\":[\"https:\/\/www.facebook.com\/mcaconcept\/\",\"https:\/\/x.com\/McaConcept\",\"https:\/\/www.instagram.com\/mcaconcept\/\",\"https:\/\/ch.linkedin.com\/company\/mca-concept\",\"https:\/\/www.youtube.com\/channel\/UC1WT0RmNiTycrnzr6FqDuPg\"]}]}<\/script>\n<!-- \/ Yoast SEO Premium plugin. -->","yoast_head_json":{"title":"Die technischen Eigenschaften von MCA Kale | MCA Concept","description":"Lassen Sie uns gemeinsam die technischen Eigenschaften unserer Software entdecken. Einfache Zug\u00e4nglichkeit und erh\u00f6hte Kompatibilit\u00e4t.","robots":{"index":"index","follow":"follow","max-snippet":"max-snippet:-1","max-image-preview":"max-image-preview:large","max-video-preview":"max-video-preview:-1"},"canonical":"https:\/\/mca-concept.com\/de\/eingenschaften\/","og_locale":"de_DE","og_type":"article","og_title":"MCA Kale Eingenschaften: Sprachen, Betriebssysteme und Plattformen:","og_description":"Lassen Sie uns gemeinsam die technischen Eigenschaften unserer Software entdecken. Einfache Zug\u00e4nglichkeit und erh\u00f6hte Kompatibilit\u00e4t.","og_url":"https:\/\/mca-concept.com\/de\/eingenschaften\/","og_site_name":"MCA Concept","article_publisher":"https:\/\/www.facebook.com\/mcaconcept\/","article_modified_time":"2026-03-30T08:56:21+00:00","twitter_card":"summary_large_image","twitter_site":"@McaConcept","schema":{"@context":"https:\/\/schema.org","@graph":[{"@type":"WebPage","@id":"https:\/\/mca-concept.com\/de\/eingenschaften\/","url":"https:\/\/mca-concept.com\/de\/eingenschaften\/","name":"Die technischen Eigenschaften von MCA Kale | MCA Concept","isPartOf":{"@id":"https:\/\/mca-concept.com\/de\/#website"},"datePublished":"2021-06-18T15:21:40+00:00","dateModified":"2026-03-30T08:56:21+00:00","description":"Lassen Sie uns gemeinsam die technischen Eigenschaften unserer Software entdecken. Einfache Zug\u00e4nglichkeit und erh\u00f6hte Kompatibilit\u00e4t.","breadcrumb":{"@id":"https:\/\/mca-concept.com\/de\/eingenschaften\/#breadcrumb"},"inLanguage":"de","potentialAction":[{"@type":"ReadAction","target":["https:\/\/mca-concept.com\/de\/eingenschaften\/"]}]},{"@type":"BreadcrumbList","@id":"https:\/\/mca-concept.com\/de\/eingenschaften\/#breadcrumb","itemListElement":[{"@type":"ListItem","position":1,"name":"Accueil","item":"https:\/\/mca-concept.com\/de\/"},{"@type":"ListItem","position":2,"name":"MCA Kale Eingenschaften: Sprachen, Betriebssysteme und Plattformen:"}]},{"@type":"WebSite","@id":"https:\/\/mca-concept.com\/de\/#website","url":"https:\/\/mca-concept.com\/de\/","name":"MCA Concept","description":"Solutions de gestion d&#039;entreprise ERP-CRM-CMS","publisher":{"@id":"https:\/\/mca-concept.com\/de\/#organization"},"potentialAction":[{"@type":"SearchAction","target":{"@type":"EntryPoint","urlTemplate":"https:\/\/mca-concept.com\/de\/?s={search_term_string}"},"query-input":{"@type":"PropertyValueSpecification","valueRequired":true,"valueName":"search_term_string"}}],"inLanguage":"de"},{"@type":"Organization","@id":"https:\/\/mca-concept.com\/de\/#organization","name":"MCA Concept","url":"https:\/\/mca-concept.com\/de\/","logo":{"@type":"ImageObject","inLanguage":"de","@id":"https:\/\/mca-concept.com\/de\/#\/schema\/logo\/image\/","url":"https:\/\/mca-concept.com\/wordpress3\/wp-content\/uploads\/2019\/09\/mca-logo300px.png","contentUrl":"https:\/\/mca-concept.com\/wordpress3\/wp-content\/uploads\/2019\/09\/mca-logo300px.png","width":300,"height":156,"caption":"MCA Concept"},"image":{"@id":"https:\/\/mca-concept.com\/de\/#\/schema\/logo\/image\/"},"sameAs":["https:\/\/www.facebook.com\/mcaconcept\/","https:\/\/x.com\/McaConcept","https:\/\/www.instagram.com\/mcaconcept\/","https:\/\/ch.linkedin.com\/company\/mca-concept","https:\/\/www.youtube.com\/channel\/UC1WT0RmNiTycrnzr6FqDuPg"]}]}},"ticketed":false,"_links":{"self":[{"href":"https:\/\/mca-concept.com\/de\/wp-json\/wp\/v2\/pages\/13531","targetHints":{"allow":["GET"]}}],"collection":[{"href":"https:\/\/mca-concept.com\/de\/wp-json\/wp\/v2\/pages"}],"about":[{"href":"https:\/\/mca-concept.com\/de\/wp-json\/wp\/v2\/types\/page"}],"author":[{"embeddable":true,"href":"https:\/\/mca-concept.com\/de\/wp-json\/wp\/v2\/users\/3"}],"replies":[{"embeddable":true,"href":"https:\/\/mca-concept.com\/de\/wp-json\/wp\/v2\/comments?post=13531"}],"version-history":[{"count":12,"href":"https:\/\/mca-concept.com\/de\/wp-json\/wp\/v2\/pages\/13531\/revisions"}],"predecessor-version":[{"id":83909,"href":"https:\/\/mca-concept.com\/de\/wp-json\/wp\/v2\/pages\/13531\/revisions\/83909"}],"wp:attachment":[{"href":"https:\/\/mca-concept.com\/de\/wp-json\/wp\/v2\/media?parent=13531"}],"curies":[{"name":"wp","href":"https:\/\/api.w.org\/{rel}","templated":true}]}}