{"id":13567,"date":"2021-06-21T13:16:36","date_gmt":"2021-06-21T12:16:36","guid":{"rendered":"https:\/\/mca-concept.com\/zugaenglichkeit\/"},"modified":"2026-03-30T11:45:59","modified_gmt":"2026-03-30T09:45:59","slug":"zugaenglichkeit","status":"publish","type":"page","link":"https:\/\/mca-concept.com\/de\/zugaenglichkeit\/","title":{"rendered":"Zug\u00e4nglichkeit von MCA Kale"},"content":{"rendered":"\n<div class=\"et_pb_section_0 et_pb_section et_section_regular et_block_section\"><div class=\"et_pb_row_0 et_pb_row et_block_row\"><div class=\"et_pb_column_0 et_pb_column et_pb_column_4_4 et-last-child et_block_column et_pb_css_mix_blend_mode_passthrough\"><div class=\"et_pb_text_0 et_pb_text et_pb_bg_layout_light et_pb_module et_block_module preset--module--divi-text--75a373b3-a752-4305-81e8-535fbf8079d6\"><div class=\"et_pb_text_inner\"><h1>Die Erreichbarkeit von MCA Kale<\/h1>\n<\/div><\/div><div class=\"et_pb_image_0 et_pb_image et_pb_module et_block_module\"><span class=\"et_pb_image_wrap\"><img decoding=\"async\" src=\"https:\/\/mca-concept.com\/wordpress3\/wp-content\/uploads\/2021\/12\/illustration-entete-qr-facture-mca-kale.png\" width=\"1079\" height=\"348\" srcset=\"https:\/\/mca-concept.com\/wordpress3\/wp-content\/uploads\/2021\/12\/illustration-entete-qr-facture-mca-kale.png 1079w, https:\/\/mca-concept.com\/wordpress3\/wp-content\/uploads\/2021\/12\/illustration-entete-qr-facture-mca-kale-980x316.png 980w, https:\/\/mca-concept.com\/wordpress3\/wp-content\/uploads\/2021\/12\/illustration-entete-qr-facture-mca-kale-480x155.png 480w\" sizes=\"(min-width: 0px) and (max-width: 480px) 480px, (min-width: 481px) and (max-width: 980px) 980px, (min-width: 981px) 1079px, 100vw\" class=\"wp-image-26309\" title=\"Illustration Kopfzeile QR-Rechnung\" alt=\"Illustration der Kopfzeile der QR-Rechnungsfunktionalit\u00e4t von MCA-Kale\" \/><\/span><\/div><\/div><\/div><\/div><div class=\"et_pb_section_1 et_pb_section et_section_regular et_block_section\"><div class=\"et_pb_row_1 et_pb_row et_block_row\"><div class=\"et_pb_column_1 et_pb_column et_pb_column_4_4 et-last-child et_block_column et_pb_css_mix_blend_mode_passthrough\"><div class=\"et_pb_text_1 et_pb_text et_pb_bg_layout_light et_pb_module et_block_module preset--module--divi-text--75a373b3-a752-4305-81e8-535fbf8079d6\"><div class=\"et_pb_text_inner\"><p>Eine der Priorit\u00e4ten von MCA Concept ist es, sicherzustellen, dass unsere Kunden mit ihrer Arbeit zufrieden sind. MCA Kale wurde entwickelt, um die administrative Verwaltung zu erleichtern, indem es unter anderem einen Gewinn an Geschwindigkeit und Pr\u00e4zision bei der Arbeit und einen einfachen Zugriff auf Daten erm\u00f6glicht. Diese verschiedenen Elemente tragen zur Verbesserung des Arbeitskomforts f\u00fcr Sie und Ihre Mitarbeiter bei. Aber auch die Praktikabilit\u00e4t der Software selbst spielt eine Rolle bei der Suche nach optimalem Arbeitskomfort. Und die Benutzerfreundlichkeit einer Software wird zum Teil durch ihre Zug\u00e4nglichkeit bestimmt.<\/p>\n<p>Im Laufe der Jahre haben wir bei der Arbeit mit vielen Kunden festgestellt, dass einige von ihnen unter verschiedenen Sehproblemen leiden. Diese Probleme erschwerten manchmal die Handhabung der MCA Kale-Oberfl\u00e4che, z. B. hatten die Kunden Schwierigkeiten, bestimmte Texte zu lesen oder konnten die nach Farben kategorisierten Artikel nicht unterscheiden.<\/p>\n<p>Seitdem haben wir MCA Kale angepasst, um diese Schwierigkeiten zu \u00fcberwinden und unsere Software weiter zu verbessern, um sie leichter zug\u00e4nglich zu machen. Die MCA Kale-Oberfl\u00e4che verf\u00fcgt zum Beispiel \u00fcber mehrere Anzeigeoptionen f\u00fcr sehbehinderte oder farbenblinde Benutzer.<\/p>\n<\/div><\/div><\/div><\/div><div class=\"et_pb_row_2 et_pb_row et_block_row\"><div class=\"et_pb_column_2 et_pb_column et_pb_column_4_4 et-last-child et_block_column et_pb_css_mix_blend_mode_passthrough\"><div class=\"et_pb_text_2 et_pb_text et_pb_bg_layout_light et_pb_module et_block_module preset--module--divi-text--75a373b3-a752-4305-81e8-535fbf8079d6\"><div class=\"et_pb_text_inner\"><h2>Verschiedene Schriftgr\u00f6\u00dfen f\u00fcr bessere Lesbarkeit<\/h2>\n<\/div><\/div><div class=\"et_pb_text_3 et_pb_text et_pb_bg_layout_light et_pb_module et_block_module preset--module--divi-text--75a373b3-a752-4305-81e8-535fbf8079d6\"><div class=\"et_pb_text_inner\"><p>Sie k\u00f6nnen z. B. die Gr\u00f6\u00dfe des auf dem Bildschirm angezeigten Textes \u00e4ndern, so dass er entweder vergr\u00f6\u00dfert oder verkleinert werden kann. Sie brauchen Ihre Augen nicht zu strapazieren: Wenn Sie Schwierigkeiten haben, die Standardschrift zu lesen, erh\u00f6hen Sie einfach die Schriftgr\u00f6\u00dfe, um das Problem zu l\u00f6sen.<\/p>\n<\/div><\/div><\/div><\/div><div class=\"et_pb_row_3 et_pb_row et_block_row\"><div class=\"et_pb_column_3 et_pb_column et_pb_column_4_4 et-last-child et_block_column et_pb_css_mix_blend_mode_passthrough\"><div class=\"et_pb_text_4 et_pb_text et_pb_bg_layout_light et_pb_module et_block_module preset--module--divi-text--75a373b3-a752-4305-81e8-535fbf8079d6\"><div class=\"et_pb_text_inner\"><h2>Farben f\u00fcr besseren Kontrast<\/h2>\n<\/div><\/div><div class=\"et_pb_text_5 et_pb_text et_pb_bg_layout_light et_pb_module et_block_module preset--module--divi-text--75a373b3-a752-4305-81e8-535fbf8079d6\"><div class=\"et_pb_text_inner\"><p>Sie k\u00f6nnen auch die Farbe der auf dem Bildschirm angezeigten Titel und Trennlinien \u00e4ndern. Gr\u00fcn, lila, fuchsia... mehrere Farben sind verf\u00fcgbar. Die Farbe des Auswahlbereichs und der Hyperlinks kann auch von blau auf gelb bzw. von grau auf blau ge\u00e4ndert werden. Obwohl es sich teilweise um eine \u00e4sthetische Funktion handelt, erm\u00f6glicht es sehbehinderten Benutzern, die Farben auszuw\u00e4hlen, die f\u00fcr sie am besten sichtbar sind.<\/p>\n<\/div><\/div><\/div><\/div><div class=\"et_pb_row_4 et_pb_row et_block_row\"><div class=\"et_pb_column_4 et_pb_column et_pb_column_4_4 et-last-child et_block_column et_pb_css_mix_blend_mode_passthrough\"><div class=\"et_pb_text_6 et_pb_text et_pb_bg_layout_light et_pb_module et_block_module preset--module--divi-text--75a373b3-a752-4305-81e8-535fbf8079d6\"><div class=\"et_pb_text_inner\"><h2>Themen f\u00fcr mehr Sichtbarkeit<\/h2>\n<\/div><\/div><div class=\"et_pb_text_7 et_pb_text et_pb_bg_layout_light et_pb_module et_block_module preset--module--divi-text--75a373b3-a752-4305-81e8-535fbf8079d6\"><div class=\"et_pb_text_inner\"><p>Dar\u00fcber hinaus sind verschiedene Oberfl\u00e4chenthemen verf\u00fcgbar. Standardm\u00e4ssig wird es auf einem hellen Hintergrund, ausser bei den Titeln, mit schwarzem Text dargestellt. F\u00fcr eine bessere Sichtbarkeit k\u00f6nnen Sie diese Anzeige jedoch durch ein dunkles Thema ersetzen, das auf einem dunklen Hintergrund mit wei\u00dfer Schrift erscheint. Eine komfortablere L\u00f6sung f\u00fcr sehbehinderte oder lichtempfindliche Benutzer.<\/p>\n<\/div><\/div><\/div><\/div><div class=\"et_pb_row_5 et_pb_row et_block_row\"><div class=\"et_pb_column_5 et_pb_column et_pb_column_4_4 et-last-child et_block_column et_pb_css_mix_blend_mode_passthrough\"><div class=\"et_pb_text_8 et_pb_text et_pb_bg_layout_light et_pb_module et_block_module preset--module--divi-text--75a373b3-a752-4305-81e8-535fbf8079d6\"><div class=\"et_pb_text_inner\"><h2>Farben und Tags, die f\u00fcr farbenblinde Nutzer geeignet sind<\/h2>\n<\/div><\/div><div class=\"et_pb_text_9 et_pb_text et_pb_bg_layout_light et_pb_module et_block_module preset--module--divi-text--75a373b3-a752-4305-81e8-535fbf8079d6\"><div class=\"et_pb_text_inner\"><p>MCA Kale ber\u00fccksichtigt auch farbenblinde Benutzer. Seine Oberfl\u00e4che kann \u00fcber eine Vielzahl von Farbauswahlen an ihr Farbempfinden angepasst werden. Dar\u00fcber hinaus k\u00f6nnen Tags, die standardm\u00e4\u00dfig nach Farbe kategorisiert sind, auch nach Form kategorisiert werden, so dass farbenblinde Benutzer sie leicht unterscheiden k\u00f6nnen.<\/p>\n<\/div><\/div><\/div><\/div><div class=\"et_pb_row_6 et_pb_row et_block_row\"><div class=\"et_pb_column_6 et_pb_column et_pb_column_4_4 et-last-child et_block_column et_pb_css_mix_blend_mode_passthrough\"><div class=\"et_pb_text_10 et_pb_text et_pb_bg_layout_light et_pb_module et_block_module preset--module--divi-text--75a373b3-a752-4305-81e8-535fbf8079d6\"><div class=\"et_pb_text_inner\"><h2>Kontinuierliche Weiterentwicklung<\/h2>\n<\/div><\/div><div class=\"et_pb_text_11 et_pb_text et_pb_bg_layout_light et_pb_module et_block_module preset--module--divi-text--75a373b3-a752-4305-81e8-535fbf8079d6\"><div class=\"et_pb_text_inner\"><p>Wir haben daher die Zug\u00e4nglichkeit der MCA Kale-Oberfl\u00e4che erh\u00f6ht, so dass jeder Kunde unsere Software bequem nutzen kann. Wir arbeiten weiterhin mit unseren Partnern zusammen, um sicherzustellen, dass jeder Benutzer MCA Kale verwenden kann, und wir sind immer bereit, bei Bedarf neue Anzeigeoptionen hinzuzuf\u00fcgen. F\u00fcr eine einfache und angenehme administrative Verwaltung.<\/p>\n<\/div><\/div><\/div><\/div><\/div><div class=\"et_pb_section_2 et_pb_section et_section_regular et_block_section\"><div class=\"et_pb_row_7 et_pb_row et_block_row\"><div class=\"et_pb_column_7 et_pb_column et_pb_column_4_4 et-last-child et_block_column et_pb_css_mix_blend_mode_passthrough\"><div class=\"et_pb_text_12 et_pb_text et_pb_bg_layout_light et_pb_module et_block_module preset--module--divi-text--75a373b3-a752-4305-81e8-535fbf8079d6\"><div class=\"et_pb_text_inner\"><h2>Zusammenfassend<\/h2>\n<p><strong><\/strong><\/p>\n<p><strong>MCA Kale<\/strong> verpflichtet sich, eine optimale Benutzererfahrung zu bieten, indem die Zug\u00e4nglichkeit der Verwaltungssoftware st\u00e4ndig verbessert wird.<\/p>\n<p>Die Priorit\u00e4t von <strong>MCA Concept<\/strong> ist es, das Wohlbefinden der Kunden bei ihrer Arbeit zu gew\u00e4hrleisten, indem es Software anbietet, die Schnelligkeit, Genauigkeit und einfachen Zugriff auf Daten f\u00f6rdert.<\/p>\n<p>Die Zug\u00e4nglichkeit spielt eine wesentliche Rolle f\u00fcr den Benutzerkomfort einer Software. Deshalb wurde <strong>MCA Kale<\/strong> so angepasst, dass es den Bed\u00fcrfnissen von sehbehinderten oder farbenblinden Benutzern gerecht wird.<\/p>\n<p>Es bietet Anpassungsoptionen wie die \u00c4nderung der Schriftgr\u00f6\u00dfe, die Auswahl von Farben, an die Helligkeit angepasste Oberfl\u00e4chendesigns und sogar spezielle Optionen f\u00fcr farbenblinde Nutzer.<\/p>\n<p><strong>MCA Concept<\/strong> ist weiterhin bestrebt, die Zug\u00e4nglichkeit von <strong>MCA Kale<\/strong> st\u00e4ndig zu verbessern, um eine einfache und angenehme Verwaltungsverwaltung f\u00fcr alle Nutzer zu gew\u00e4hrleisten, unabh\u00e4ngig von ihren visuellen Besonderheiten.<\/p>\n<\/div><\/div><\/div><\/div><div class=\"et_pb_row_8 et_pb_row et_block_row\"><div class=\"et_pb_column_8 et_pb_column et_pb_column_4_4 et-last-child et_block_column et_pb_css_mix_blend_mode_passthrough\"><div class=\"et_pb_text_13 et_pb_text et_pb_bg_layout_light et_pb_module et_block_module\"><div class=\"et_pb_text_inner\"><p>erp software, crm, management software, commercial management, accounting, stocks, pme, cloud, business management, planning, pgi, saas, information system, softwarepakete, erp, softwarepaket, kundenbeziehung, managementpaket, produktionsmanagement, integriertes management, beziehungsmanagement, e-commerce, integriertes managementpaket, managementl\u00f6sung, erp solutions, enterprise resource planning, integrator, bestandsmanagement, einheitliche datenbank, erp-l\u00f6sung, r\u00fcckverfolgbarkeit, dashboards, customer relationship management, rechnungsstellung, implementierung, handel, ressourcenmanagement, microsoft dynamics, steuern, management software, open source, oracle, erp-projekt, einheit, buchhaltung, dolibarr, management softwarepakete, erp-software, unsere l\u00f6sungen, pmi, automatisierung, parametrierung, handelsmanagement-software, operativ, managementl\u00f6sungen, tpe, integrierte management-software, saas-modus, cegid, demo, automatisieren, funktional, erp und crm, ressourcenplanung, skalierbar, integrierte management-software, ebp, business intelligence, workflow, modular, unternehmensressourcen, erp open source, ergonomie, crm und erp, entscheidungsfindung, software, software, flexibilit\u00e4t, gesch\u00e4ftsprozesse, integriert, mittelst\u00e4ndische unternehmen, kleine und mittlere unternehmen, mehrere module, dynamics nav, branchen, funktionaler umfang, agilit\u00e4t, nav, supply chain, projektmanagement, beratungsunternehmen, datenbanken, analytik, erp-markt, integriertes management, verwaltung von d utilisateurs, modules de gestion, cycle de vie, r\u00e9activit\u00e9, consultant erp, logiciel de production, \u00e9critures comptables, applications informatiques, gestion des ventes, outil de gestion, solutions crm, nouvelles fonctionnalit\u00e9s, int\u00e8gre un outil, back office, permet donc de g\u00e9rer, logiciel de gestion int\u00e9gr\u00e9, permettant de g\u00e9rer l ensemble, besoins sp\u00e9cifiques, solution compl\u00e8te, collaboratif, paye, parc informatique, fonctionnelles, comptables, moteur de workflow, erp sage, \u00e9diteur de logiciel, aide \u00e0 la d\u00e9cision, int\u00e9grateurs, automatis\u00e9, int\u00e8gre l entreprise, module crm, gestion des flux, logiciels de gestion d entreprise, logiciel sap, int\u00e9gr\u00e9e au logiciel, mrp, pme pmi, ma\u00eetrise des co\u00fbts, solution de gestion int\u00e9gr\u00e9e, gestion des donn\u00e9es, jd edwards, agroalimentaire, d\u00e9veloppements sp\u00e9cifiques, d\u00e9mat\u00e9rialisation, affaire de gestion, filiales, la logistique, meilleure gestion, prestashop, modules sp\u00e9cifiques, btp, erp finance, entreprise de logiciel, plusieurs applications, \u00e9volutif, int\u00e8gre notamment, package, logiciel logistique, gestion du personnel, gain de temps, r\u00e9f\u00e9rentiel, microsoft dynamics ax, grand dictionnaire, compl\u00e8te et int\u00e9gr\u00e9e, terminologique, comptable et financi\u00e8re, dictionnaire terminologique, pourrait \u00eatre int\u00e9gr\u00e9, centralis\u00e9, activit\u00e9 commerciale, concurrentiel, sql server, gestion des commandes<\/p>\n<\/div><\/div><\/div><\/div><\/div>\n","protected":false},"excerpt":{"rendered":"","protected":false},"author":3,"featured_media":0,"parent":0,"menu_order":0,"comment_status":"closed","ping_status":"closed","template":"","meta":{"content-type":"","inline_featured_image":false,"_price":"","_stock":"","_tribe_ticket_header":"","_tribe_default_ticket_provider":"","_tribe_ticket_capacity":"0","_ticket_start_date":"","_ticket_end_date":"","_tribe_ticket_show_description":"","_tribe_ticket_show_not_going":false,"_tribe_ticket_use_global_stock":"","_tribe_ticket_global_stock_level":"","_global_stock_mode":"","_global_stock_cap":"","_tribe_rsvp_for_event":"","_tribe_ticket_going_count":"","_tribe_ticket_not_going_count":"","_tribe_tickets_list":"[]","_tribe_ticket_has_attendee_info_fields":false,"footnotes":"","_tec_slr_enabled":"","_tec_slr_layout":""},"class_list":["post-13567","page","type-page","status-publish","hentry"],"yoast_head":"<!-- This site is optimized with the Yoast SEO Premium plugin v26.1 (Yoast SEO v27.2) - https:\/\/yoast.com\/product\/yoast-seo-premium-wordpress\/ -->\n<title>Zug\u00e4nglichkeit unserer Software MCA Kale | MCA Concept<\/title>\n<meta name=\"description\" content=\"Finden Sie heraus, wie MCA Kale an seine Benutzer angepasst werden kann. Zug\u00e4nglich f\u00fcr sehbehinderte und farbenblinde Menschen.\" \/>\n<meta name=\"robots\" content=\"index, follow, max-snippet:-1, max-image-preview:large, max-video-preview:-1\" \/>\n<link rel=\"canonical\" href=\"https:\/\/mca-concept.com\/de\/zugaenglichkeit\/\" \/>\n<meta property=\"og:locale\" content=\"de_DE\" \/>\n<meta property=\"og:type\" content=\"article\" \/>\n<meta property=\"og:title\" content=\"Zug\u00e4nglichkeit von MCA Kale\" \/>\n<meta property=\"og:description\" content=\"Finden Sie heraus, wie MCA Kale an seine Benutzer angepasst werden kann. Zug\u00e4nglich f\u00fcr sehbehinderte und farbenblinde Menschen.\" \/>\n<meta property=\"og:url\" content=\"https:\/\/mca-concept.com\/de\/zugaenglichkeit\/\" \/>\n<meta property=\"og:site_name\" content=\"MCA Concept\" \/>\n<meta property=\"article:publisher\" content=\"https:\/\/www.facebook.com\/mcaconcept\/\" \/>\n<meta property=\"article:modified_time\" content=\"2026-03-30T09:45:59+00:00\" \/>\n<meta name=\"twitter:card\" content=\"summary_large_image\" \/>\n<meta name=\"twitter:site\" content=\"@McaConcept\" \/>\n<script type=\"application\/ld+json\" class=\"yoast-schema-graph\">{\"@context\":\"https:\/\/schema.org\",\"@graph\":[{\"@type\":\"WebPage\",\"@id\":\"https:\/\/mca-concept.com\/de\/zugaenglichkeit\/\",\"url\":\"https:\/\/mca-concept.com\/de\/zugaenglichkeit\/\",\"name\":\"Zug\u00e4nglichkeit unserer Software MCA Kale | MCA Concept\",\"isPartOf\":{\"@id\":\"https:\/\/mca-concept.com\/de\/#website\"},\"datePublished\":\"2021-06-21T12:16:36+00:00\",\"dateModified\":\"2026-03-30T09:45:59+00:00\",\"description\":\"Finden Sie heraus, wie MCA Kale an seine Benutzer angepasst werden kann. Zug\u00e4nglich f\u00fcr sehbehinderte und farbenblinde Menschen.\",\"breadcrumb\":{\"@id\":\"https:\/\/mca-concept.com\/de\/zugaenglichkeit\/#breadcrumb\"},\"inLanguage\":\"de\",\"potentialAction\":[{\"@type\":\"ReadAction\",\"target\":[\"https:\/\/mca-concept.com\/de\/zugaenglichkeit\/\"]}]},{\"@type\":\"BreadcrumbList\",\"@id\":\"https:\/\/mca-concept.com\/de\/zugaenglichkeit\/#breadcrumb\",\"itemListElement\":[{\"@type\":\"ListItem\",\"position\":1,\"name\":\"Accueil\",\"item\":\"https:\/\/mca-concept.com\/de\/\"},{\"@type\":\"ListItem\",\"position\":2,\"name\":\"Zug\u00e4nglichkeit von MCA Kale\"}]},{\"@type\":\"WebSite\",\"@id\":\"https:\/\/mca-concept.com\/de\/#website\",\"url\":\"https:\/\/mca-concept.com\/de\/\",\"name\":\"MCA Concept\",\"description\":\"Solutions de gestion d&#039;entreprise ERP-CRM-CMS\",\"publisher\":{\"@id\":\"https:\/\/mca-concept.com\/de\/#organization\"},\"potentialAction\":[{\"@type\":\"SearchAction\",\"target\":{\"@type\":\"EntryPoint\",\"urlTemplate\":\"https:\/\/mca-concept.com\/de\/?s={search_term_string}\"},\"query-input\":{\"@type\":\"PropertyValueSpecification\",\"valueRequired\":true,\"valueName\":\"search_term_string\"}}],\"inLanguage\":\"de\"},{\"@type\":\"Organization\",\"@id\":\"https:\/\/mca-concept.com\/de\/#organization\",\"name\":\"MCA Concept\",\"url\":\"https:\/\/mca-concept.com\/de\/\",\"logo\":{\"@type\":\"ImageObject\",\"inLanguage\":\"de\",\"@id\":\"https:\/\/mca-concept.com\/de\/#\/schema\/logo\/image\/\",\"url\":\"https:\/\/mca-concept.com\/wordpress3\/wp-content\/uploads\/2019\/09\/mca-logo300px.png\",\"contentUrl\":\"https:\/\/mca-concept.com\/wordpress3\/wp-content\/uploads\/2019\/09\/mca-logo300px.png\",\"width\":300,\"height\":156,\"caption\":\"MCA Concept\"},\"image\":{\"@id\":\"https:\/\/mca-concept.com\/de\/#\/schema\/logo\/image\/\"},\"sameAs\":[\"https:\/\/www.facebook.com\/mcaconcept\/\",\"https:\/\/x.com\/McaConcept\",\"https:\/\/www.instagram.com\/mcaconcept\/\",\"https:\/\/ch.linkedin.com\/company\/mca-concept\",\"https:\/\/www.youtube.com\/channel\/UC1WT0RmNiTycrnzr6FqDuPg\"]}]}<\/script>\n<!-- \/ Yoast SEO Premium plugin. -->","yoast_head_json":{"title":"Zug\u00e4nglichkeit unserer Software MCA Kale | MCA Concept","description":"Finden Sie heraus, wie MCA Kale an seine Benutzer angepasst werden kann. Zug\u00e4nglich f\u00fcr sehbehinderte und farbenblinde Menschen.","robots":{"index":"index","follow":"follow","max-snippet":"max-snippet:-1","max-image-preview":"max-image-preview:large","max-video-preview":"max-video-preview:-1"},"canonical":"https:\/\/mca-concept.com\/de\/zugaenglichkeit\/","og_locale":"de_DE","og_type":"article","og_title":"Zug\u00e4nglichkeit von MCA Kale","og_description":"Finden Sie heraus, wie MCA Kale an seine Benutzer angepasst werden kann. Zug\u00e4nglich f\u00fcr sehbehinderte und farbenblinde Menschen.","og_url":"https:\/\/mca-concept.com\/de\/zugaenglichkeit\/","og_site_name":"MCA Concept","article_publisher":"https:\/\/www.facebook.com\/mcaconcept\/","article_modified_time":"2026-03-30T09:45:59+00:00","twitter_card":"summary_large_image","twitter_site":"@McaConcept","schema":{"@context":"https:\/\/schema.org","@graph":[{"@type":"WebPage","@id":"https:\/\/mca-concept.com\/de\/zugaenglichkeit\/","url":"https:\/\/mca-concept.com\/de\/zugaenglichkeit\/","name":"Zug\u00e4nglichkeit unserer Software MCA Kale | MCA Concept","isPartOf":{"@id":"https:\/\/mca-concept.com\/de\/#website"},"datePublished":"2021-06-21T12:16:36+00:00","dateModified":"2026-03-30T09:45:59+00:00","description":"Finden Sie heraus, wie MCA Kale an seine Benutzer angepasst werden kann. Zug\u00e4nglich f\u00fcr sehbehinderte und farbenblinde Menschen.","breadcrumb":{"@id":"https:\/\/mca-concept.com\/de\/zugaenglichkeit\/#breadcrumb"},"inLanguage":"de","potentialAction":[{"@type":"ReadAction","target":["https:\/\/mca-concept.com\/de\/zugaenglichkeit\/"]}]},{"@type":"BreadcrumbList","@id":"https:\/\/mca-concept.com\/de\/zugaenglichkeit\/#breadcrumb","itemListElement":[{"@type":"ListItem","position":1,"name":"Accueil","item":"https:\/\/mca-concept.com\/de\/"},{"@type":"ListItem","position":2,"name":"Zug\u00e4nglichkeit von MCA Kale"}]},{"@type":"WebSite","@id":"https:\/\/mca-concept.com\/de\/#website","url":"https:\/\/mca-concept.com\/de\/","name":"MCA Concept","description":"Solutions de gestion d&#039;entreprise ERP-CRM-CMS","publisher":{"@id":"https:\/\/mca-concept.com\/de\/#organization"},"potentialAction":[{"@type":"SearchAction","target":{"@type":"EntryPoint","urlTemplate":"https:\/\/mca-concept.com\/de\/?s={search_term_string}"},"query-input":{"@type":"PropertyValueSpecification","valueRequired":true,"valueName":"search_term_string"}}],"inLanguage":"de"},{"@type":"Organization","@id":"https:\/\/mca-concept.com\/de\/#organization","name":"MCA Concept","url":"https:\/\/mca-concept.com\/de\/","logo":{"@type":"ImageObject","inLanguage":"de","@id":"https:\/\/mca-concept.com\/de\/#\/schema\/logo\/image\/","url":"https:\/\/mca-concept.com\/wordpress3\/wp-content\/uploads\/2019\/09\/mca-logo300px.png","contentUrl":"https:\/\/mca-concept.com\/wordpress3\/wp-content\/uploads\/2019\/09\/mca-logo300px.png","width":300,"height":156,"caption":"MCA Concept"},"image":{"@id":"https:\/\/mca-concept.com\/de\/#\/schema\/logo\/image\/"},"sameAs":["https:\/\/www.facebook.com\/mcaconcept\/","https:\/\/x.com\/McaConcept","https:\/\/www.instagram.com\/mcaconcept\/","https:\/\/ch.linkedin.com\/company\/mca-concept","https:\/\/www.youtube.com\/channel\/UC1WT0RmNiTycrnzr6FqDuPg"]}]}},"ticketed":false,"_links":{"self":[{"href":"https:\/\/mca-concept.com\/de\/wp-json\/wp\/v2\/pages\/13567","targetHints":{"allow":["GET"]}}],"collection":[{"href":"https:\/\/mca-concept.com\/de\/wp-json\/wp\/v2\/pages"}],"about":[{"href":"https:\/\/mca-concept.com\/de\/wp-json\/wp\/v2\/types\/page"}],"author":[{"embeddable":true,"href":"https:\/\/mca-concept.com\/de\/wp-json\/wp\/v2\/users\/3"}],"replies":[{"embeddable":true,"href":"https:\/\/mca-concept.com\/de\/wp-json\/wp\/v2\/comments?post=13567"}],"version-history":[{"count":15,"href":"https:\/\/mca-concept.com\/de\/wp-json\/wp\/v2\/pages\/13567\/revisions"}],"predecessor-version":[{"id":84140,"href":"https:\/\/mca-concept.com\/de\/wp-json\/wp\/v2\/pages\/13567\/revisions\/84140"}],"wp:attachment":[{"href":"https:\/\/mca-concept.com\/de\/wp-json\/wp\/v2\/media?parent=13567"}],"curies":[{"name":"wp","href":"https:\/\/api.w.org\/{rel}","templated":true}]}}