{"id":13581,"date":"2021-06-21T14:25:11","date_gmt":"2021-06-21T13:25:11","guid":{"rendered":"https:\/\/mca-concept.com\/warum-kale\/"},"modified":"2026-03-30T11:46:07","modified_gmt":"2026-03-30T09:46:07","slug":"warum-kale","status":"publish","type":"page","link":"https:\/\/mca-concept.com\/de\/warum-kale\/","title":{"rendered":"Warum MCA Kale : Erkl\u00e4rungen"},"content":{"rendered":"\n<div class=\"et_pb_section_0 et_pb_section et_section_regular et_block_section\"><div class=\"et_pb_row_0 et_pb_row et_block_row\"><div class=\"et_pb_column_0 et_pb_column et_pb_column_4_4 et-last-child et_block_column et_pb_css_mix_blend_mode_passthrough\"><div class=\"et_pb_image_0 et_pb_image et_pb_module et_block_module\"><span class=\"et_pb_image_wrap\"><img decoding=\"async\" src=\"https:\/\/mca-concept.com\/wordpress3\/wp-content\/uploads\/2019\/09\/logo-mca-kale-2-300x132.png\" width=\"300\" height=\"132\" srcset=\"https:\/\/mca-concept.com\/wordpress3\/wp-content\/uploads\/2019\/09\/logo-mca-kale-2-300x132.png 300w\" class=\"wp-image-1561\" title=\"Logo MCA Kale\" alt=\"Logo der betriebswirtschaftlichen Software MCA Kale\" \/><\/span><\/div><\/div><\/div><\/div><div class=\"et_pb_section_1 et_pb_section et_section_regular et_block_section\"><div class=\"et_pb_row_1 et_pb_row et_block_row\"><div class=\"et_pb_column_1 et_pb_column et_pb_column_4_4 et-last-child et_block_column et_pb_css_mix_blend_mode_passthrough\"><div class=\"et_pb_text_0 et_pb_text et_pb_bg_layout_light et_pb_module et_block_module preset--module--divi-text--75a373b3-a752-4305-81e8-535fbf8079d6\"><div class=\"et_pb_text_inner\"><h1>Warum \"MCA Kale\" ?<\/h1>\n<\/div><\/div><\/div><\/div><div class=\"et_pb_row_2 et_pb_row et_block_row\"><div class=\"et_pb_column_2 et_pb_column et_pb_column_4_4 et-last-child et_block_column et_pb_css_mix_blend_mode_passthrough\"><div class=\"et_pb_text_1 et_pb_text et_pb_bg_layout_light et_pb_module et_block_module preset--module--divi-text--75a373b3-a752-4305-81e8-535fbf8079d6\"><div class=\"et_pb_text_inner\"><p>Unsere im Jahr 2002 entwickelte Managementsoftware MCA Kale hat sich im Laufe der Jahre stetig weiterentwickelt und wird auch heute noch ausgebaut.<\/p>\n<p>Aber warum nennt er sich \" <strong>MCA Kale <\/strong>\"? Und warum wurde ein <strong>gr\u00fcner Origami-Vogel<\/strong> ausgew\u00e4hlt, um diese Software zu repr\u00e4sentieren?<\/p>\n<\/div><\/div><\/div><\/div><div class=\"et_pb_row_3 et_pb_row et_block_row\"><div class=\"et_pb_column_3 et_pb_column et_pb_column_4_4 et-last-child et_block_column et_pb_css_mix_blend_mode_passthrough\"><div class=\"et_pb_text_2 et_pb_text et_pb_bg_layout_light et_pb_module et_block_module preset--module--divi-text--75a373b3-a752-4305-81e8-535fbf8079d6\"><div class=\"et_pb_text_inner\"><h2>Der Name von MCA Kale<\/h2>\n<\/div><\/div><\/div><\/div><div class=\"et_pb_row_4 et_pb_row et_block_row\"><div class=\"et_pb_column_4 et_pb_column et_pb_column_4_4 et-last-child et_block_column et_pb_css_mix_blend_mode_passthrough\"><div class=\"et_pb_text_3 et_pb_text et_pb_bg_layout_light et_pb_module et_block_module preset--module--divi-text--75a373b3-a752-4305-81e8-535fbf8079d6\"><div class=\"et_pb_text_inner\"><p>Das \" <strong>MCA <\/strong>\" in \" <strong>MCA Kale <\/strong>\" bezieht sich offensichtlich auf den Namen <strong>MCA Concept<\/strong>, w\u00e4hrend \" <strong>Kale <\/strong>\" aus dem Englischen stammt. In der Tat ist <i>Kale<\/i> das Wort, das die Engl\u00e4nder einer <strong>Kohlsorte<\/strong>zugeschrieben haben. Seit dem Wiederaufleben dieser Gem\u00fcsesorte in unserer Ern\u00e4hrung in den letzten Jahren wurde der Begriff <i>Kale<\/i> auch in den franz\u00f6sischen Wortschatz aufgenommen, um ihn zu bezeichnen.<\/p>\n<p>Aber warum eine Verwaltungs-Software nach einer Kohlsorte benennen? Einerseits wegen der Tugenden des Letzteren. Gr\u00fcnkohl \"Kale\" ist ein Superfood, das hei\u00dft, er ist eine hervorragende Quelle f\u00fcr essentielle N\u00e4hrstoffe. Und hier ist die Verbindung hergestellt: So wie der Gr\u00fcnkohl ist Kale <strong>reich an N\u00e4hrstoffen, die unserer Gesundheit zugute kommen<\/strong>, die MCA Kale Software ist <strong>reich an Funktionalit\u00e4ten und unterst\u00fctzt die administrative Gesundheit von Unternehmen.<\/strong><\/p>\n<p>Andererseits ist der Gr\u00fcnkohl \"Kale\" ein Produkt der Natur und spiegelt die Sorge von MCA Concept um <strong>den Schutz der Umwelt<\/strong> und <strong>die Erhaltung unseres Planeten<\/strong> wider. Unsere Software MCA Kale hilft der Umwelt, indem sie dazu beitr\u00e4gt, dass <strong>weniger Papier<\/strong> oder <strong>kein Papier<\/strong> verwendet wird. Dar\u00fcber hinaus basiert MCA Kale auf <strong>einem zentralen Server,<\/strong> wodurch der Einsatz mehrerer verschiedener Server, die viel Energie verbrauchen, vermieden wird.<\/p>\n<\/div><\/div><\/div><\/div><div class=\"et_pb_row_5 et_pb_row et_block_row\"><div class=\"et_pb_column_5 et_pb_column et_pb_column_4_4 et-last-child et_block_column et_pb_css_mix_blend_mode_passthrough\"><div class=\"et_pb_text_4 et_pb_text et_pb_bg_layout_light et_pb_module et_block_module preset--module--divi-text--75a373b3-a752-4305-81e8-535fbf8079d6\"><div class=\"et_pb_text_inner\"><h2>Das logo von MCA Kale<\/h2>\n<\/div><\/div><\/div><\/div><div class=\"et_pb_row_6 et_pb_row et_block_row\"><div class=\"et_pb_column_6 et_pb_column et_pb_column_4_4 et-last-child et_block_column et_pb_css_mix_blend_mode_passthrough\"><div class=\"et_pb_text_5 et_pb_text et_pb_bg_layout_light et_pb_module et_block_module preset--module--divi-text--75a373b3-a752-4305-81e8-535fbf8079d6\"><div class=\"et_pb_text_inner\"><p>Der Wunsch von MCA Concept, die Umwelt in den Vordergrund zu stellen, ist auch ein Teil des Grundes f\u00fcr das MCA Kale-Logo. Seine Vogelform und die gr\u00fcne Farbe sind beides <strong>Symbole der Natur.<\/strong> Ausserdem erinnert die gr\u00fcne Farbe an Gr\u00fcnkohl Kale.<\/p>\n<p>Das MCA Kale-Logo erinnert aber auch an einen anderen wesentlichen Teil der Software. Es nimmt speziell das Aussehen eines Origami-Vogels an. Dieses <strong>Origami-Design<\/strong>wurde gew\u00e4hlt, weil MCA Kale wie eine dieser gefalteten Papierfiguren eine Software ist, die <strong>handgemacht<\/strong>ist. Die <strong>Facetten<\/strong>des Origami-Vogels spiegeln die <strong>verschiedenen Funktionalit\u00e4ten<\/strong> des MCA Kale wider. Jede Funktion wurde sorgf\u00e4ltig entwickelt, um zur Weiterentwicklung der Verwaltungssoftware beizutragen, so wie jede Origami-Falte sorgf\u00e4ltig hergestellt wurde, um die Figur des Vogels zu formen. Und diese Funktionen k\u00f6nnen je nach Bedarf<strong>hinzugef\u00fcgt, entfernt oder angepasst werden,<\/strong> genauso wie eine Origami-Faltung gemacht oder entfernt werden kann.<\/p>\n<\/div><\/div><\/div><\/div><div class=\"et_pb_row_7 et_pb_row et_block_row\"><div class=\"et_pb_column_7 et_pb_column et_pb_column_4_4 et-last-child et_block_column et_pb_css_mix_blend_mode_passthrough\"><div class=\"et_pb_image_1 et_pb_image et_pb_module et_block_module\"><span class=\"et_pb_image_wrap\"><img decoding=\"async\" src=\"https:\/\/mca-concept.com\/wordpress3\/wp-content\/uploads\/2021\/11\/logo-colibri-mca-kale-2-300x169.png\" width=\"300\" height=\"169\" srcset=\"https:\/\/mca-concept.com\/wordpress3\/wp-content\/uploads\/2021\/11\/logo-colibri-mca-kale-2-300x169.png 300w\" class=\"wp-image-20759\" title=\"Logo MCA Colibri\" alt=\"Logo der Verwaltungssoftware MCA Colibri von MCA Concept\" \/><\/span><\/div><\/div><\/div><div class=\"et_pb_row_8 et_pb_row et_block_row\"><div class=\"et_pb_column_8 et_pb_column et_pb_column_4_4 et-last-child et_block_column et_pb_css_mix_blend_mode_passthrough\"><div class=\"et_pb_text_6 et_pb_text et_pb_bg_layout_light et_pb_module et_block_module preset--module--divi-text--75a373b3-a752-4305-81e8-535fbf8079d6\"><div class=\"et_pb_text_inner\"><h2>Was ist mit MCA Colibri?<\/h2>\n<\/div><\/div><\/div><\/div><div class=\"et_pb_row_9 et_pb_row et_block_row\"><div class=\"et_pb_column_9 et_pb_column et_pb_column_4_4 et-last-child et_block_column et_pb_css_mix_blend_mode_passthrough\"><div class=\"et_pb_text_7 et_pb_text et_pb_bg_layout_light et_pb_module et_block_module preset--module--divi-text--75a373b3-a752-4305-81e8-535fbf8079d6\"><div class=\"et_pb_text_inner\"><p>MCA Colibri ist unsere Verwaltungssoftware, die f\u00fcr Selbstst\u00e4ndige und Handwerker geeignet ist. Wie \"MCA Kale\" \u00fcbernimmt auch \"MCA Colibri\" zum Teil den Namen von MCA Concept. \"Kolibri\" wurde zu Ehren dieses Vogels gew\u00e4hlt, der sich trotz seiner geringen Gr\u00f6\u00dfe mit <strong>bemerkenswerter Geschwindigkeit und Pr\u00e4zision<\/strong> fortbewegt. MCA Colibri ist zwar ein kleineres Programm als MCA Kale, aber wie ein Kolibri <strong>ist es extrem dynamisch und genau<\/strong>.<\/p>\n<p>Wie das MCA Kale-Logo hat auch das MCA Colibri-Logo die Form eines Origami-Vogels, um sowohl das Engagement von MCA Concept f\u00fcr den <strong>Umweltschutz<\/strong>als auch die<strong>verschiedenen<\/strong> Funktionen der Software zu repr\u00e4sentieren Der Unterschied ist, dass das MCA Colibri-Logo speziell den Vogel darstellt, dessen Namen es tr\u00e4gt, den ber\u00fchmten <strong>Kolibri<\/strong>.<\/p>\n<\/div><\/div><\/div><\/div><\/div><div class=\"et_pb_section_2 et_pb_section et_section_regular et_block_section\"><div class=\"et_pb_row_10 et_pb_row et_block_row\"><div class=\"et_pb_column_10 et_pb_column et_pb_column_4_4 et-last-child et_block_column et_pb_css_mix_blend_mode_passthrough\"><div class=\"et_pb_text_8 et_pb_text et_pb_bg_layout_light et_pb_module et_block_module preset--module--divi-text--75a373b3-a752-4305-81e8-535fbf8079d6\"><div class=\"et_pb_text_inner\"><h2>Zusammenfassend<\/h2>\n<p>&nbsp;<\/p>\n<p>Die Wahl von \"MCA Kale\" f\u00fcr unsere EPR-, CRM- und CMS-Verwaltungssoftware ist nicht unbedeutend.<\/p>\n<p>Es wurde 2002 gegr\u00fcndet und hat sich im Laufe der Jahre zu einer umfassenden L\u00f6sung entwickelt, die f\u00fcr eine Vielzahl von <strong>Berufen<\/strong> und <strong>Unternehmen<\/strong> geeignet ist. Der Name ist von dem Superfood Gr\u00fcnkohl inspiriert und symbolisiert seinen Reichtum an <strong>Funktionen<\/strong> und seine positiven Auswirkungen auf die administrative Gesundheit von Organisationen.<\/p>\n<p>So wie Gr\u00fcnkohl gesundheitsf\u00f6rdernd ist, verbessert MCA Kale die <strong>Verwaltung von Prozessen<\/strong> und <strong>Kundendaten<\/strong> und bietet damit zahlreiche <strong>L\u00f6sungsm\u00f6glichkeiten<\/strong>.<\/p>\n<p>Unsere <strong>Management-Software<\/strong> ist eine webbasierte Anwendung, die Unternehmen dabei helfen soll, ihre Betriebsabl\u00e4ufe zu messen und zu optimieren. Dar\u00fcber hinaus spiegelt sich unser Engagement f\u00fcr die Umwelt im Origami-Logo wider, das einen gr\u00fcnen Vogel darstellt und die Aufmerksamkeit f\u00fcr unseren Planeten und die Effizienz unseres <strong>Systems<\/strong> verk\u00f6rpert.<\/p>\n<p>\"MCA Colibri\" hingegen ist unsere L\u00f6sung f\u00fcr Selbstst\u00e4ndige und Handwerker, die Geschwindigkeit, Pr\u00e4zision und Dynamik in den Vordergrund stellt, genau wie der Kolibri.<\/p>\n<p>Beide <strong>Programme<\/strong> sind handgefertigte Werkzeuge, die so konzipiert sind, dass sie sich an die sich \u00e4ndernden Bed\u00fcrfnisse von Unternehmen und Nutzern anpassen und gleichzeitig zum Erhalt unserer Umwelt beitragen.<\/p>\n<p>W\u00e4hlen Sie \"MCA Kale\" und \"MCA Colibri\" f\u00fcr ein effizientes und umweltfreundliches Gesch\u00e4ftsmanagement, das den Bed\u00fcrfnissen Ihrer Kunden und <strong>Gesch\u00e4ftsprozesse<\/strong> gerecht wird.<\/p>\n<\/div><\/div><\/div><\/div><\/div>\n","protected":false},"excerpt":{"rendered":"","protected":false},"author":3,"featured_media":0,"parent":0,"menu_order":0,"comment_status":"closed","ping_status":"closed","template":"","meta":{"content-type":"","inline_featured_image":false,"_price":"","_stock":"","_tribe_ticket_header":"","_tribe_default_ticket_provider":"","_tribe_ticket_capacity":"0","_ticket_start_date":"","_ticket_end_date":"","_tribe_ticket_show_description":"","_tribe_ticket_show_not_going":false,"_tribe_ticket_use_global_stock":"","_tribe_ticket_global_stock_level":"","_global_stock_mode":"","_global_stock_cap":"","_tribe_rsvp_for_event":"","_tribe_ticket_going_count":"","_tribe_ticket_not_going_count":"","_tribe_tickets_list":"[]","_tribe_ticket_has_attendee_info_fields":false,"footnotes":"","_tec_slr_enabled":"","_tec_slr_layout":""},"class_list":["post-13581","page","type-page","status-publish","hentry"],"yoast_head":"<!-- This site is optimized with the Yoast SEO Premium plugin v26.1 (Yoast SEO v27.2) - https:\/\/yoast.com\/product\/yoast-seo-premium-wordpress\/ -->\n<title>F\u00fcr das Thema &quot;Kale&quot; f\u00fcr unsere Software | MCA Concept<\/title>\n<meta name=\"description\" content=\"Wir erkl\u00e4ren, warum wir den Begriff &quot;Kale&quot; f\u00fcr unsere Software gew\u00e4hlt haben und wie wir auf das Logo-Design gekommen sind.\" \/>\n<meta name=\"robots\" content=\"index, follow, max-snippet:-1, max-image-preview:large, max-video-preview:-1\" \/>\n<link rel=\"canonical\" href=\"https:\/\/mca-concept.com\/de\/warum-kale\/\" \/>\n<meta property=\"og:locale\" content=\"de_DE\" \/>\n<meta property=\"og:type\" content=\"article\" \/>\n<meta property=\"og:title\" content=\"Warum MCA Kale : Erkl\u00e4rungen\" \/>\n<meta property=\"og:description\" content=\"Wir erkl\u00e4ren, warum wir den Begriff &quot;Kale&quot; f\u00fcr unsere Software gew\u00e4hlt haben und wie wir auf das Logo-Design gekommen sind.\" \/>\n<meta property=\"og:url\" content=\"https:\/\/mca-concept.com\/de\/warum-kale\/\" \/>\n<meta property=\"og:site_name\" content=\"MCA Concept\" \/>\n<meta property=\"article:publisher\" content=\"https:\/\/www.facebook.com\/mcaconcept\/\" \/>\n<meta property=\"article:modified_time\" content=\"2026-03-30T09:46:07+00:00\" \/>\n<meta name=\"twitter:card\" content=\"summary_large_image\" \/>\n<meta name=\"twitter:site\" content=\"@McaConcept\" \/>\n<script type=\"application\/ld+json\" class=\"yoast-schema-graph\">{\"@context\":\"https:\/\/schema.org\",\"@graph\":[{\"@type\":\"WebPage\",\"@id\":\"https:\/\/mca-concept.com\/de\/warum-kale\/\",\"url\":\"https:\/\/mca-concept.com\/de\/warum-kale\/\",\"name\":\"F\u00fcr das Thema \\\"Kale\\\" f\u00fcr unsere Software | MCA Concept\",\"isPartOf\":{\"@id\":\"https:\/\/mca-concept.com\/de\/#website\"},\"datePublished\":\"2021-06-21T13:25:11+00:00\",\"dateModified\":\"2026-03-30T09:46:07+00:00\",\"description\":\"Wir erkl\u00e4ren, warum wir den Begriff \\\"Kale\\\" f\u00fcr unsere Software gew\u00e4hlt haben und wie wir auf das Logo-Design gekommen sind.\",\"breadcrumb\":{\"@id\":\"https:\/\/mca-concept.com\/de\/warum-kale\/#breadcrumb\"},\"inLanguage\":\"de\",\"potentialAction\":[{\"@type\":\"ReadAction\",\"target\":[\"https:\/\/mca-concept.com\/de\/warum-kale\/\"]}]},{\"@type\":\"BreadcrumbList\",\"@id\":\"https:\/\/mca-concept.com\/de\/warum-kale\/#breadcrumb\",\"itemListElement\":[{\"@type\":\"ListItem\",\"position\":1,\"name\":\"Accueil\",\"item\":\"https:\/\/mca-concept.com\/de\/\"},{\"@type\":\"ListItem\",\"position\":2,\"name\":\"Warum MCA Kale : Erkl\u00e4rungen\"}]},{\"@type\":\"WebSite\",\"@id\":\"https:\/\/mca-concept.com\/de\/#website\",\"url\":\"https:\/\/mca-concept.com\/de\/\",\"name\":\"MCA Concept\",\"description\":\"Solutions de gestion d&#039;entreprise ERP-CRM-CMS\",\"publisher\":{\"@id\":\"https:\/\/mca-concept.com\/de\/#organization\"},\"potentialAction\":[{\"@type\":\"SearchAction\",\"target\":{\"@type\":\"EntryPoint\",\"urlTemplate\":\"https:\/\/mca-concept.com\/de\/?s={search_term_string}\"},\"query-input\":{\"@type\":\"PropertyValueSpecification\",\"valueRequired\":true,\"valueName\":\"search_term_string\"}}],\"inLanguage\":\"de\"},{\"@type\":\"Organization\",\"@id\":\"https:\/\/mca-concept.com\/de\/#organization\",\"name\":\"MCA Concept\",\"url\":\"https:\/\/mca-concept.com\/de\/\",\"logo\":{\"@type\":\"ImageObject\",\"inLanguage\":\"de\",\"@id\":\"https:\/\/mca-concept.com\/de\/#\/schema\/logo\/image\/\",\"url\":\"https:\/\/mca-concept.com\/wordpress3\/wp-content\/uploads\/2019\/09\/mca-logo300px.png\",\"contentUrl\":\"https:\/\/mca-concept.com\/wordpress3\/wp-content\/uploads\/2019\/09\/mca-logo300px.png\",\"width\":300,\"height\":156,\"caption\":\"MCA Concept\"},\"image\":{\"@id\":\"https:\/\/mca-concept.com\/de\/#\/schema\/logo\/image\/\"},\"sameAs\":[\"https:\/\/www.facebook.com\/mcaconcept\/\",\"https:\/\/x.com\/McaConcept\",\"https:\/\/www.instagram.com\/mcaconcept\/\",\"https:\/\/ch.linkedin.com\/company\/mca-concept\",\"https:\/\/www.youtube.com\/channel\/UC1WT0RmNiTycrnzr6FqDuPg\"]}]}<\/script>\n<!-- \/ Yoast SEO Premium plugin. -->","yoast_head_json":{"title":"F\u00fcr das Thema \"Kale\" f\u00fcr unsere Software | MCA Concept","description":"Wir erkl\u00e4ren, warum wir den Begriff \"Kale\" f\u00fcr unsere Software gew\u00e4hlt haben und wie wir auf das Logo-Design gekommen sind.","robots":{"index":"index","follow":"follow","max-snippet":"max-snippet:-1","max-image-preview":"max-image-preview:large","max-video-preview":"max-video-preview:-1"},"canonical":"https:\/\/mca-concept.com\/de\/warum-kale\/","og_locale":"de_DE","og_type":"article","og_title":"Warum MCA Kale : Erkl\u00e4rungen","og_description":"Wir erkl\u00e4ren, warum wir den Begriff \"Kale\" f\u00fcr unsere Software gew\u00e4hlt haben und wie wir auf das Logo-Design gekommen sind.","og_url":"https:\/\/mca-concept.com\/de\/warum-kale\/","og_site_name":"MCA Concept","article_publisher":"https:\/\/www.facebook.com\/mcaconcept\/","article_modified_time":"2026-03-30T09:46:07+00:00","twitter_card":"summary_large_image","twitter_site":"@McaConcept","schema":{"@context":"https:\/\/schema.org","@graph":[{"@type":"WebPage","@id":"https:\/\/mca-concept.com\/de\/warum-kale\/","url":"https:\/\/mca-concept.com\/de\/warum-kale\/","name":"F\u00fcr das Thema \"Kale\" f\u00fcr unsere Software | MCA Concept","isPartOf":{"@id":"https:\/\/mca-concept.com\/de\/#website"},"datePublished":"2021-06-21T13:25:11+00:00","dateModified":"2026-03-30T09:46:07+00:00","description":"Wir erkl\u00e4ren, warum wir den Begriff \"Kale\" f\u00fcr unsere Software gew\u00e4hlt haben und wie wir auf das Logo-Design gekommen sind.","breadcrumb":{"@id":"https:\/\/mca-concept.com\/de\/warum-kale\/#breadcrumb"},"inLanguage":"de","potentialAction":[{"@type":"ReadAction","target":["https:\/\/mca-concept.com\/de\/warum-kale\/"]}]},{"@type":"BreadcrumbList","@id":"https:\/\/mca-concept.com\/de\/warum-kale\/#breadcrumb","itemListElement":[{"@type":"ListItem","position":1,"name":"Accueil","item":"https:\/\/mca-concept.com\/de\/"},{"@type":"ListItem","position":2,"name":"Warum MCA Kale : Erkl\u00e4rungen"}]},{"@type":"WebSite","@id":"https:\/\/mca-concept.com\/de\/#website","url":"https:\/\/mca-concept.com\/de\/","name":"MCA Concept","description":"Solutions de gestion d&#039;entreprise ERP-CRM-CMS","publisher":{"@id":"https:\/\/mca-concept.com\/de\/#organization"},"potentialAction":[{"@type":"SearchAction","target":{"@type":"EntryPoint","urlTemplate":"https:\/\/mca-concept.com\/de\/?s={search_term_string}"},"query-input":{"@type":"PropertyValueSpecification","valueRequired":true,"valueName":"search_term_string"}}],"inLanguage":"de"},{"@type":"Organization","@id":"https:\/\/mca-concept.com\/de\/#organization","name":"MCA Concept","url":"https:\/\/mca-concept.com\/de\/","logo":{"@type":"ImageObject","inLanguage":"de","@id":"https:\/\/mca-concept.com\/de\/#\/schema\/logo\/image\/","url":"https:\/\/mca-concept.com\/wordpress3\/wp-content\/uploads\/2019\/09\/mca-logo300px.png","contentUrl":"https:\/\/mca-concept.com\/wordpress3\/wp-content\/uploads\/2019\/09\/mca-logo300px.png","width":300,"height":156,"caption":"MCA Concept"},"image":{"@id":"https:\/\/mca-concept.com\/de\/#\/schema\/logo\/image\/"},"sameAs":["https:\/\/www.facebook.com\/mcaconcept\/","https:\/\/x.com\/McaConcept","https:\/\/www.instagram.com\/mcaconcept\/","https:\/\/ch.linkedin.com\/company\/mca-concept","https:\/\/www.youtube.com\/channel\/UC1WT0RmNiTycrnzr6FqDuPg"]}]}},"ticketed":false,"_links":{"self":[{"href":"https:\/\/mca-concept.com\/de\/wp-json\/wp\/v2\/pages\/13581","targetHints":{"allow":["GET"]}}],"collection":[{"href":"https:\/\/mca-concept.com\/de\/wp-json\/wp\/v2\/pages"}],"about":[{"href":"https:\/\/mca-concept.com\/de\/wp-json\/wp\/v2\/types\/page"}],"author":[{"embeddable":true,"href":"https:\/\/mca-concept.com\/de\/wp-json\/wp\/v2\/users\/3"}],"replies":[{"embeddable":true,"href":"https:\/\/mca-concept.com\/de\/wp-json\/wp\/v2\/comments?post=13581"}],"version-history":[{"count":17,"href":"https:\/\/mca-concept.com\/de\/wp-json\/wp\/v2\/pages\/13581\/revisions"}],"predecessor-version":[{"id":84143,"href":"https:\/\/mca-concept.com\/de\/wp-json\/wp\/v2\/pages\/13581\/revisions\/84143"}],"wp:attachment":[{"href":"https:\/\/mca-concept.com\/de\/wp-json\/wp\/v2\/media?parent=13581"}],"curies":[{"name":"wp","href":"https:\/\/api.w.org\/{rel}","templated":true}]}}