{"id":16594,"date":"2021-09-17T09:47:39","date_gmt":"2021-09-17T08:47:39","guid":{"rendered":"https:\/\/mca-concept.com\/die-funktionalitaeten\/financial-project\/"},"modified":"2026-03-30T11:49:12","modified_gmt":"2026-03-30T09:49:12","slug":"financial-project","status":"publish","type":"page","link":"https:\/\/mca-concept.com\/de\/die-module\/financial-project\/","title":{"rendered":"Financial Project"},"content":{"rendered":"\n<div class=\"et_pb_section_0 et_pb_section et_section_regular et_block_section\"><div class=\"et_pb_row_0 et_pb_row et_block_row v-center\"><div class=\"et_pb_column_0 et_pb_column et_pb_column_4_4 et-last-child et_block_column et_pb_css_mix_blend_mode_passthrough\"><div class=\"et_pb_text_0 et_pb_text et_pb_bg_layout_light et_pb_module et_block_module preset--module--divi-text--75a373b3-a752-4305-81e8-535fbf8079d6\"><div class=\"et_pb_text_inner\"><h1>Verwaltung<\/h1>\n<\/div><\/div><\/div><\/div><div class=\"et_pb_row_1 et_pb_row et_block_row\"><div class=\"et_pb_column_1 et_pb_column et_pb_column_4_4 et-last-child et_block_column et_pb_css_mix_blend_mode_passthrough\"><div class=\"et_pb_image_0 et_pb_image et_pb_module et_block_module\"><span class=\"et_pb_image_wrap\"><img decoding=\"async\" src=\"https:\/\/mca-concept.com\/wordpress3\/wp-content\/uploads\/2021\/11\/illustration-entete-financial-project-mca-kale.png\" width=\"1079\" height=\"348\" srcset=\"https:\/\/mca-concept.com\/wordpress3\/wp-content\/uploads\/2021\/11\/illustration-entete-financial-project-mca-kale.png 1079w, https:\/\/mca-concept.com\/wordpress3\/wp-content\/uploads\/2021\/11\/illustration-entete-financial-project-mca-kale-980x316.png 980w, https:\/\/mca-concept.com\/wordpress3\/wp-content\/uploads\/2021\/11\/illustration-entete-financial-project-mca-kale-480x155.png 480w\" sizes=\"(min-width: 0px) and (max-width: 480px) 480px, (min-width: 481px) and (max-width: 980px) 980px, (min-width: 981px) 1079px, 100vw\" class=\"wp-image-20403\" title=\"Illustration Kopfzeile Financial Project\" alt=\"Illustration der Kopfzeile des Moduls Financial Project von MCA Concept\" \/><\/span><\/div><\/div><\/div><\/div><div class=\"et_pb_section_1 et_pb_section et_section_regular et_block_section\"><div class=\"et_pb_row_2 et_pb_row et_block_row\"><div class=\"et_pb_column_2 et_pb_column et_pb_column_4_4 et-last-child et_block_column et_pb_css_mix_blend_mode_passthrough\"><div class=\"et_pb_text_1 et_pb_text et_pb_bg_layout_light et_pb_module et_block_module preset--module--divi-text--75a373b3-a752-4305-81e8-535fbf8079d6\"><div class=\"et_pb_text_inner\"><h2>Financial Project<br \/>Projektbezogenes Finanzmanagement<\/h2>\n<\/div><\/div><\/div><\/div><div class=\"et_pb_row_3 et_pb_row et_block_row\"><div class=\"et_pb_column_3 et_pb_column et_pb_column_1_3 et_block_column et_pb_css_mix_blend_mode_passthrough\"><div class=\"et_pb_text_2 et_pb_text et_pb_bg_layout_light et_pb_module et_block_module et_pb_text_align_center preset--module--divi-text--75a373b3-a752-4305-81e8-535fbf8079d6\"><div class=\"et_pb_text_inner\"><h3 style=\"text-align: center;\">Mehr Sichtbarkeit<\/h3>\n<p>Ein umfassender \u00dcberblick \u00fcber die Finanzen Ihrer Projekte sorgt f\u00fcr mehr Transparenz und eine bessere Kostenkontrolle.<\/p>\n<\/div><\/div><\/div><div class=\"et_pb_column_4 et_pb_column et_pb_column_1_3 et_block_column et_pb_css_mix_blend_mode_passthrough\"><div class=\"et_pb_text_3 et_pb_text et_pb_bg_layout_light et_pb_module et_block_module et_pb_text_align_center preset--module--divi-text--75a373b3-a752-4305-81e8-535fbf8079d6\"><div class=\"et_pb_text_inner\"><h3 style=\"text-align: center;\">Rapporte und Statistiken<\/h3>\n<p>Berichte und Statistiken, die es Ihnen erm\u00f6glichen, die Rentabilit\u00e4t Ihrer verschiedenen Projekte detailliert zu bewerten und zu vergleichen und gleichzeitig m\u00f6gliche Fehlfunktionen zu erkennen.<\/p>\n<\/div><\/div><\/div><div class=\"et_pb_column_5 et_pb_column et_pb_column_1_3 et-last-child et_block_column et_pb_css_mix_blend_mode_passthrough\"><div class=\"et_pb_text_4 et_pb_text et_pb_bg_layout_light et_pb_module et_block_module et_pb_text_align_center preset--module--divi-text--75a373b3-a752-4305-81e8-535fbf8079d6\"><div class=\"et_pb_text_inner\"><h3 style=\"text-align: center;\">Kontrolliertes Budget<\/h3>\n<p>Echtzeit\u00fcberwachung, um Risiken zu kontrollieren und m\u00f6gliche Budget\u00fcberschreitungen zu antizipieren<\/p>\n<\/div><\/div><\/div><\/div><div class=\"et_pb_row_4 et_pb_row et_block_row\"><div class=\"et_pb_column_6 et_pb_column et_pb_column_1_2 et_block_column et_pb_css_mix_blend_mode_passthrough\"><div class=\"et_pb_text_5 et_pb_text et_pb_bg_layout_light et_pb_module et_block_module preset--module--divi-text--75a373b3-a752-4305-81e8-535fbf8079d6\"><div class=\"et_pb_text_inner\"><p>Mit diesem Modul sind Sie in der Lage, die verschiedenen Kosten und Einnahmen eines laufenden Projekts zu \u00fcberwachen und zu kontrollieren.<\/p>\n<p>Sie erhalten insbesondere einen \u00dcberblick \u00fcber die :<br \/>- Budgets,<br \/>- Rechnungen und Zahlungseing\u00e4nge,<br \/>- Eink\u00e4ufe (Ausgaben),<br \/>- Time-Sheets der Mitarbeiter.<\/p>\n<p>Dies erm\u00f6glicht Ihnen, die Finanzen Ihrer Projekte zu verwalten, indem Sie die tats\u00e4chlichen Kosten mit den geplanten Kosten und dem urspr\u00fcnglichen Budget vergleichen.<\/p>\n<p>Ob es sich um den Kauf von Materialien oder Lieferungen, zus\u00e4tzliche Kosten, L\u00f6hne f\u00fcr Arbeitskr\u00e4fte, Zahlungen f\u00fcr Subunternehmer usw. handelt, Sie sehen und \u00fcberwachen die verschiedenen Kosten (realisierte oder gebundene) in Echtzeit in einer Finanztabelle. Sie verfolgen aufmerksam die Budgetanpassungen und -\u00fcberarbeitungen im Verlauf des Projekts.<\/p>\n<\/div><\/div><\/div><div class=\"et_pb_column_7 et_pb_column et_pb_column_1_2 et-last-child et_block_column et_pb_css_mix_blend_mode_passthrough\"><div class=\"et_pb_text_6 et_pb_text et_pb_bg_layout_light et_pb_module et_block_module preset--module--divi-text--75a373b3-a752-4305-81e8-535fbf8079d6\"><div class=\"et_pb_text_inner\"><p>Durch mehr Einblick in Ihre Finanzen minimieren Sie Risiken, um Ihr Budget zu kontrollieren, und erkennen leicht m\u00f6gliche Probleme. Budget\u00fcberschreitungen k\u00f6nnen vorhergesehen und Budgets gegebenenfalls neu veranschlagt werden.<\/p>\n<p>Sie pr\u00fcfen auch die Gewinnspanne und die Rentabilit\u00e4t pro Projekt. Wenn Sie viele Projekte \u00fcber mehrere Monate hinweg durchf\u00fchren, ist die Kenntnis dieser Informationen n\u00fctzlich, um Ihre verschiedenen Projekte zu bewerten und zu beurteilen, welche Projekte rentabler und welche weniger rentabel sind.<\/p>\n<p>Mithilfe von Projektberichten k\u00f6nnen Sie eine Budgetkontrolle durchf\u00fchren, um insbesondere Verbesserungspunkte zu erkennen, die Sie bei der Planung zuk\u00fcnftiger Projekte ber\u00fccksichtigen sollten.<\/p>\n<\/div><\/div><\/div><\/div><\/div><div class=\"et_pb_section_2 et_pb_section et_section_regular et_block_section\" id=\"Solutions\"><div class=\"et_pb_row_5 et_pb_row et_pb_equal_columns et_block_row\"><div class=\"et_pb_column_8 et_pb_column et_pb_column_1_2 et_block_column et_pb_css_mix_blend_mode_passthrough\"><div class=\"et_pb_image_1 et_pb_image et_animated et_pb_module et_block_module\"><a href=\"https:\/\/mca-concept.com\/logiciel-kale\/\"><span class=\"et_pb_image_wrap\"><img decoding=\"async\" src=\"https:\/\/mca-concept.com\/wordpress3\/wp-content\/uploads\/2022\/07\/mca-kale-logo-refait-recadre-300x170.png\" width=\"300\" height=\"170\" srcset=\"https:\/\/mca-concept.com\/wordpress3\/wp-content\/uploads\/2022\/07\/mca-kale-logo-refait-recadre-300x170.png 300w, https:\/\/mca-concept.com\/wordpress3\/wp-content\/uploads\/2022\/07\/mca-kale-logo-refait-recadre-200x113.png 200w, https:\/\/mca-concept.com\/wordpress3\/wp-content\/uploads\/2022\/07\/mca-kale-logo-refait-recadre.png 443w\" sizes=\"(max-width: 300px) 100vw, 300px\" class=\"wp-image-47903\" title=\"MCA Kale, umfassende Software f\u00fcr KMU und gro\u00dfe Unternehmen\" alt=\"Logo der MCA Kale-Software das einen gro\u00dfen Origami-Vogel darstellt\" \/><\/span><\/a><\/div><div class=\"et_pb_text_7 et_pb_text et_pb_bg_layout_light et_pb_module et_block_module\"><div class=\"et_pb_text_inner\"><p style=\"text-align: center;\">Software f\u00fcr gro\u00dfe Unternehmen<\/p>\n<\/div><\/div><div class=\"et_pb_module et_pb_button_module_wrapper et_pb_button_0_wrapper preset--module--divi-button--default_wrapper\"><a class=\"et_pb_button_0 et_pb_button et_pb_bg_layout_light et_pb_module et_block_module preset--module--divi-button--default\" href=\"https:\/\/mca-concept.com\/logiciel-kale\/\">Mehr erfahren<\/a><\/div><\/div><div class=\"et_pb_column_9 et_pb_column et_pb_column_1_2 et-last-child et_block_column et_pb_css_mix_blend_mode_passthrough\"><div class=\"et_pb_image_2 et_pb_image et_animated et_pb_module et_block_module\"><a href=\"https:\/\/mca-concept.com\/logiciel-colibri\/\"><span class=\"et_pb_image_wrap\"><img decoding=\"async\" src=\"https:\/\/mca-concept.com\/wordpress3\/wp-content\/uploads\/2022\/07\/mca-colibri-logo-refait-recadre-300x170.png\" width=\"300\" height=\"170\" srcset=\"https:\/\/mca-concept.com\/wordpress3\/wp-content\/uploads\/2022\/07\/mca-colibri-logo-refait-recadre-300x170.png 300w, https:\/\/mca-concept.com\/wordpress3\/wp-content\/uploads\/2022\/07\/mca-colibri-logo-refait-recadre-200x114.png 200w, https:\/\/mca-concept.com\/wordpress3\/wp-content\/uploads\/2022\/07\/mca-colibri-logo-refait-recadre.png 442w\" sizes=\"(max-width: 300px) 100vw, 300px\" class=\"wp-image-47907\" title=\"MCA Colibri, Rechnungs- und Buchhaltungssoftware f\u00fcr kleine Unternehmen\" alt=\"Logo der MCA Colibri-Software das einen kleinen Origami-Vogel darstellt\" \/><\/span><\/a><\/div><div class=\"et_pb_text_8 et_pb_text et_pb_bg_layout_light et_pb_module et_block_module et_pb_text_align_center\"><div class=\"et_pb_text_inner\"><p style=\"text-align: center;\">Software f\u00fcr Selbstst\u00e4ndige und Handwerker<\/p>\n<\/div><\/div><div class=\"et_pb_module et_pb_button_module_wrapper et_pb_button_1_wrapper preset--module--divi-button--default_wrapper\"><a class=\"et_pb_button_1 et_pb_button et_pb_bg_layout_light et_pb_module et_block_module preset--module--divi-button--default\" href=\"https:\/\/mca-concept.com\/logiciel-colibri\/\">Mehr erfahren<\/a><\/div><\/div><\/div><\/div><div class=\"et_pb_section_3 et_pb_section et_section_regular et_block_section\"><div class=\"et_pb_row_6 et_pb_row et_block_row\"><div class=\"et_pb_column_10 et_pb_column et_pb_column_4_4 et-last-child et_block_column et_pb_css_mix_blend_mode_passthrough\"><div class=\"et_pb_text_9 et_pb_text et_pb_bg_layout_light et_pb_module et_block_module preset--module--divi-text--75a373b3-a752-4305-81e8-535fbf8079d6\"><div class=\"et_pb_text_inner\"><h2>Zusammenfassend<\/h2>\n<p>Unsere <strong>ERP-Software<\/strong>, MCA Kale, bietet ein <strong>Modul f\u00fcr Projektfinanzmanagement<\/strong>, das eine umfassende L\u00f6sung f\u00fcr <strong>Unternehmen<\/strong> darstellt. Es erm\u00f6glicht eine transparente und effiziente <strong>Verwaltung<\/strong> der mit jedem <strong>Projekt<\/strong> verbundenen Finanzen und bietet einen \u00dcberblick \u00fcber Kosten, Einnahmen und Statistiken, um die Rentabilit\u00e4t jeder Initiative zu bewerten.<\/p>\n<p>Mit diesem <strong>Modul<\/strong> k\u00f6nnen <strong>Unternehmen<\/strong> ihre Budgets, Ausgaben, Eink\u00e4ufe und die Arbeitsstunden ihrer Ressourcen in Echtzeit verfolgen.<\/p>\n<p>Diese <strong>ERP-L\u00f6sung<\/strong> f\u00f6rdert eine bessere <strong>Ressourcenplanung<\/strong>, eine Kontrolle der finanziellen Risiken und eine fr\u00fchzeitige Erkennung von Budget\u00fcberschreitungen. Dar\u00fcber hinaus erm\u00f6glicht sie die Analyse der Rentabilit\u00e4t jedes einzelnen Projekts und hilft <strong>Unternehmen<\/strong> so, fundierte Entscheidungen zu treffen, um ihr <strong>Kundenmanagement<\/strong>, ihre Produktion und ihre Finanzprozesse zu optimieren.<\/p>\n<p>Mit MCA Kale in der <strong>Cloud<\/strong> k\u00f6nnen <strong>Unternehmen<\/strong> ihren <strong>Kunden<\/strong> genaue Informationen liefern, ihr <strong>Finanzmanagement<\/strong> verbessern und ihr Wachstum durch erweiterte <strong>Projektmanagementfunktionen<\/strong> ankurbeln.<\/p>\n<p>Mit dieser <strong>ERP-L\u00f6sung<\/strong> k\u00f6nnen <strong>Unternehmen<\/strong> ihre Daten, Ressourcen und Prozesse f\u00fcr ein effizienteres Projektmanagement einfach integrieren und so ihre <strong>Unternehmensf\u00fchrung<\/strong> in einer sich st\u00e4ndig ver\u00e4ndernden webbasierten Umgebung st\u00e4rken.<\/p>\n<\/div><\/div><\/div><\/div><\/div>\n","protected":false},"excerpt":{"rendered":"","protected":false},"author":3,"featured_media":0,"parent":37853,"menu_order":0,"comment_status":"closed","ping_status":"closed","template":"","meta":{"content-type":"","inline_featured_image":false,"_price":"","_stock":"","_tribe_ticket_header":"","_tribe_default_ticket_provider":"","_tribe_ticket_capacity":"0","_ticket_start_date":"","_ticket_end_date":"","_tribe_ticket_show_description":"","_tribe_ticket_show_not_going":false,"_tribe_ticket_use_global_stock":"","_tribe_ticket_global_stock_level":"","_global_stock_mode":"","_global_stock_cap":"","_tribe_rsvp_for_event":"","_tribe_ticket_going_count":"","_tribe_ticket_not_going_count":"","_tribe_tickets_list":"[]","_tribe_ticket_has_attendee_info_fields":false,"footnotes":"","_tec_slr_enabled":"","_tec_slr_layout":""},"class_list":["post-16594","page","type-page","status-publish","hentry"],"yoast_head":"<!-- This site is optimized with the Yoast SEO Premium plugin v26.1 (Yoast SEO v27.2) - https:\/\/yoast.com\/product\/yoast-seo-premium-wordpress\/ -->\n<title>Projektfinanzmanagement | Financial Project | MCA Concept<\/title>\n<meta name=\"description\" content=\"Mit diesem Modul sind Sie in der Lage, die verschiedenen Kosten und Einnahmen eines laufenden Projekts zu \u00fcberwachen und zu kontrollieren.\" \/>\n<meta name=\"robots\" content=\"index, follow, max-snippet:-1, max-image-preview:large, max-video-preview:-1\" \/>\n<link rel=\"canonical\" href=\"https:\/\/mca-concept.com\/de\/die-module\/financial-project\/\" \/>\n<meta property=\"og:locale\" content=\"de_DE\" \/>\n<meta property=\"og:type\" content=\"article\" \/>\n<meta property=\"og:title\" content=\"Financial Project\" \/>\n<meta property=\"og:description\" content=\"Mit diesem Modul sind Sie in der Lage, die verschiedenen Kosten und Einnahmen eines laufenden Projekts zu \u00fcberwachen und zu kontrollieren.\" \/>\n<meta property=\"og:url\" content=\"https:\/\/mca-concept.com\/de\/die-module\/financial-project\/\" \/>\n<meta property=\"og:site_name\" content=\"MCA Concept\" \/>\n<meta property=\"article:publisher\" content=\"https:\/\/www.facebook.com\/mcaconcept\/\" \/>\n<meta property=\"article:modified_time\" content=\"2026-03-30T09:49:12+00:00\" \/>\n<meta name=\"twitter:card\" content=\"summary_large_image\" \/>\n<meta name=\"twitter:site\" content=\"@McaConcept\" \/>\n<script type=\"application\/ld+json\" class=\"yoast-schema-graph\">{\"@context\":\"https:\/\/schema.org\",\"@graph\":[{\"@type\":\"WebPage\",\"@id\":\"https:\/\/mca-concept.com\/de\/die-module\/financial-project\/\",\"url\":\"https:\/\/mca-concept.com\/de\/die-module\/financial-project\/\",\"name\":\"Projektfinanzmanagement | Financial Project | MCA Concept\",\"isPartOf\":{\"@id\":\"https:\/\/mca-concept.com\/de\/#website\"},\"datePublished\":\"2021-09-17T08:47:39+00:00\",\"dateModified\":\"2026-03-30T09:49:12+00:00\",\"description\":\"Mit diesem Modul sind Sie in der Lage, die verschiedenen Kosten und Einnahmen eines laufenden Projekts zu \u00fcberwachen und zu kontrollieren.\",\"breadcrumb\":{\"@id\":\"https:\/\/mca-concept.com\/de\/die-module\/financial-project\/#breadcrumb\"},\"inLanguage\":\"de\",\"potentialAction\":[{\"@type\":\"ReadAction\",\"target\":[\"https:\/\/mca-concept.com\/de\/die-module\/financial-project\/\"]}]},{\"@type\":\"BreadcrumbList\",\"@id\":\"https:\/\/mca-concept.com\/de\/die-module\/financial-project\/#breadcrumb\",\"itemListElement\":[{\"@type\":\"ListItem\",\"position\":1,\"name\":\"Accueil\",\"item\":\"https:\/\/mca-concept.com\/de\/\"},{\"@type\":\"ListItem\",\"position\":2,\"name\":\"Die Module\",\"item\":\"https:\/\/mca-concept.com\/de\/die-module\/\"},{\"@type\":\"ListItem\",\"position\":3,\"name\":\"Financial Project\"}]},{\"@type\":\"WebSite\",\"@id\":\"https:\/\/mca-concept.com\/de\/#website\",\"url\":\"https:\/\/mca-concept.com\/de\/\",\"name\":\"MCA Concept\",\"description\":\"Solutions de gestion d&#039;entreprise ERP-CRM-CMS\",\"publisher\":{\"@id\":\"https:\/\/mca-concept.com\/de\/#organization\"},\"potentialAction\":[{\"@type\":\"SearchAction\",\"target\":{\"@type\":\"EntryPoint\",\"urlTemplate\":\"https:\/\/mca-concept.com\/de\/?s={search_term_string}\"},\"query-input\":{\"@type\":\"PropertyValueSpecification\",\"valueRequired\":true,\"valueName\":\"search_term_string\"}}],\"inLanguage\":\"de\"},{\"@type\":\"Organization\",\"@id\":\"https:\/\/mca-concept.com\/de\/#organization\",\"name\":\"MCA Concept\",\"url\":\"https:\/\/mca-concept.com\/de\/\",\"logo\":{\"@type\":\"ImageObject\",\"inLanguage\":\"de\",\"@id\":\"https:\/\/mca-concept.com\/de\/#\/schema\/logo\/image\/\",\"url\":\"https:\/\/mca-concept.com\/wordpress3\/wp-content\/uploads\/2019\/09\/mca-logo300px.png\",\"contentUrl\":\"https:\/\/mca-concept.com\/wordpress3\/wp-content\/uploads\/2019\/09\/mca-logo300px.png\",\"width\":300,\"height\":156,\"caption\":\"MCA Concept\"},\"image\":{\"@id\":\"https:\/\/mca-concept.com\/de\/#\/schema\/logo\/image\/\"},\"sameAs\":[\"https:\/\/www.facebook.com\/mcaconcept\/\",\"https:\/\/x.com\/McaConcept\",\"https:\/\/www.instagram.com\/mcaconcept\/\",\"https:\/\/ch.linkedin.com\/company\/mca-concept\",\"https:\/\/www.youtube.com\/channel\/UC1WT0RmNiTycrnzr6FqDuPg\"]}]}<\/script>\n<!-- \/ Yoast SEO Premium plugin. -->","yoast_head_json":{"title":"Projektfinanzmanagement | Financial Project | MCA Concept","description":"Mit diesem Modul sind Sie in der Lage, die verschiedenen Kosten und Einnahmen eines laufenden Projekts zu \u00fcberwachen und zu kontrollieren.","robots":{"index":"index","follow":"follow","max-snippet":"max-snippet:-1","max-image-preview":"max-image-preview:large","max-video-preview":"max-video-preview:-1"},"canonical":"https:\/\/mca-concept.com\/de\/die-module\/financial-project\/","og_locale":"de_DE","og_type":"article","og_title":"Financial Project","og_description":"Mit diesem Modul sind Sie in der Lage, die verschiedenen Kosten und Einnahmen eines laufenden Projekts zu \u00fcberwachen und zu kontrollieren.","og_url":"https:\/\/mca-concept.com\/de\/die-module\/financial-project\/","og_site_name":"MCA Concept","article_publisher":"https:\/\/www.facebook.com\/mcaconcept\/","article_modified_time":"2026-03-30T09:49:12+00:00","twitter_card":"summary_large_image","twitter_site":"@McaConcept","schema":{"@context":"https:\/\/schema.org","@graph":[{"@type":"WebPage","@id":"https:\/\/mca-concept.com\/de\/die-module\/financial-project\/","url":"https:\/\/mca-concept.com\/de\/die-module\/financial-project\/","name":"Projektfinanzmanagement | Financial Project | MCA Concept","isPartOf":{"@id":"https:\/\/mca-concept.com\/de\/#website"},"datePublished":"2021-09-17T08:47:39+00:00","dateModified":"2026-03-30T09:49:12+00:00","description":"Mit diesem Modul sind Sie in der Lage, die verschiedenen Kosten und Einnahmen eines laufenden Projekts zu \u00fcberwachen und zu kontrollieren.","breadcrumb":{"@id":"https:\/\/mca-concept.com\/de\/die-module\/financial-project\/#breadcrumb"},"inLanguage":"de","potentialAction":[{"@type":"ReadAction","target":["https:\/\/mca-concept.com\/de\/die-module\/financial-project\/"]}]},{"@type":"BreadcrumbList","@id":"https:\/\/mca-concept.com\/de\/die-module\/financial-project\/#breadcrumb","itemListElement":[{"@type":"ListItem","position":1,"name":"Accueil","item":"https:\/\/mca-concept.com\/de\/"},{"@type":"ListItem","position":2,"name":"Die Module","item":"https:\/\/mca-concept.com\/de\/die-module\/"},{"@type":"ListItem","position":3,"name":"Financial Project"}]},{"@type":"WebSite","@id":"https:\/\/mca-concept.com\/de\/#website","url":"https:\/\/mca-concept.com\/de\/","name":"MCA Concept","description":"Solutions de gestion d&#039;entreprise ERP-CRM-CMS","publisher":{"@id":"https:\/\/mca-concept.com\/de\/#organization"},"potentialAction":[{"@type":"SearchAction","target":{"@type":"EntryPoint","urlTemplate":"https:\/\/mca-concept.com\/de\/?s={search_term_string}"},"query-input":{"@type":"PropertyValueSpecification","valueRequired":true,"valueName":"search_term_string"}}],"inLanguage":"de"},{"@type":"Organization","@id":"https:\/\/mca-concept.com\/de\/#organization","name":"MCA Concept","url":"https:\/\/mca-concept.com\/de\/","logo":{"@type":"ImageObject","inLanguage":"de","@id":"https:\/\/mca-concept.com\/de\/#\/schema\/logo\/image\/","url":"https:\/\/mca-concept.com\/wordpress3\/wp-content\/uploads\/2019\/09\/mca-logo300px.png","contentUrl":"https:\/\/mca-concept.com\/wordpress3\/wp-content\/uploads\/2019\/09\/mca-logo300px.png","width":300,"height":156,"caption":"MCA Concept"},"image":{"@id":"https:\/\/mca-concept.com\/de\/#\/schema\/logo\/image\/"},"sameAs":["https:\/\/www.facebook.com\/mcaconcept\/","https:\/\/x.com\/McaConcept","https:\/\/www.instagram.com\/mcaconcept\/","https:\/\/ch.linkedin.com\/company\/mca-concept","https:\/\/www.youtube.com\/channel\/UC1WT0RmNiTycrnzr6FqDuPg"]}]}},"ticketed":false,"_links":{"self":[{"href":"https:\/\/mca-concept.com\/de\/wp-json\/wp\/v2\/pages\/16594","targetHints":{"allow":["GET"]}}],"collection":[{"href":"https:\/\/mca-concept.com\/de\/wp-json\/wp\/v2\/pages"}],"about":[{"href":"https:\/\/mca-concept.com\/de\/wp-json\/wp\/v2\/types\/page"}],"author":[{"embeddable":true,"href":"https:\/\/mca-concept.com\/de\/wp-json\/wp\/v2\/users\/3"}],"replies":[{"embeddable":true,"href":"https:\/\/mca-concept.com\/de\/wp-json\/wp\/v2\/comments?post=16594"}],"version-history":[{"count":19,"href":"https:\/\/mca-concept.com\/de\/wp-json\/wp\/v2\/pages\/16594\/revisions"}],"predecessor-version":[{"id":84206,"href":"https:\/\/mca-concept.com\/de\/wp-json\/wp\/v2\/pages\/16594\/revisions\/84206"}],"up":[{"embeddable":true,"href":"https:\/\/mca-concept.com\/de\/wp-json\/wp\/v2\/pages\/37853"}],"wp:attachment":[{"href":"https:\/\/mca-concept.com\/de\/wp-json\/wp\/v2\/media?parent=16594"}],"curies":[{"name":"wp","href":"https:\/\/api.w.org\/{rel}","templated":true}]}}