{"id":23915,"date":"2021-12-07T14:36:20","date_gmt":"2021-12-07T13:36:20","guid":{"rendered":"https:\/\/mca-concept.com\/integration-software-dritter\/"},"modified":"2026-03-30T10:54:38","modified_gmt":"2026-03-30T08:54:38","slug":"integration-software-dritter","status":"publish","type":"page","link":"https:\/\/mca-concept.com\/de\/integration-software-dritter\/","title":{"rendered":"Integration mit Software von Dritter"},"content":{"rendered":"<div class=\"et_pb_section_0 et_pb_section et_section_regular et_block_section\">\n<div class=\"et_pb_row_0 et_pb_row et_block_row\">\n<div class=\"et_pb_column_0 et_pb_column et_pb_column_4_4 et-last-child et_block_column et_pb_css_mix_blend_mode_passthrough\">\n<div class=\"et_pb_text_0 et_pb_text et_pb_bg_layout_light et_pb_module et_block_module preset--module--divi-text--75a373b3-a752-4305-81e8-535fbf8079d6\"><div class=\"et_pb_text_inner\"><h1>Integration von MCA Kale<\/h1>\n<\/div><\/div>\n\n<div class=\"et_pb_image_0 et_pb_image et_pb_module et_block_module\"><span class=\"et_pb_image_wrap\"><img decoding=\"async\" src=\"https:\/\/mca-concept.com\/wordpress3\/wp-content\/uploads\/2021\/12\/illustration-entete-qr-facture-mca-kale.png\" width=\"1079\" height=\"348\" srcset=\"https:\/\/mca-concept.com\/wordpress3\/wp-content\/uploads\/2021\/12\/illustration-entete-qr-facture-mca-kale.png 1079w, https:\/\/mca-concept.com\/wordpress3\/wp-content\/uploads\/2021\/12\/illustration-entete-qr-facture-mca-kale-980x316.png 980w, https:\/\/mca-concept.com\/wordpress3\/wp-content\/uploads\/2021\/12\/illustration-entete-qr-facture-mca-kale-480x155.png 480w\" sizes=\"(min-width: 0px) and (max-width: 480px) 480px, (min-width: 481px) and (max-width: 980px) 980px, (min-width: 981px) 1079px, 100vw\" class=\"wp-image-26309\" title=\"Illustration Kopfzeile QR-Rechnung\" alt=\"Illustration der Kopfzeile der QR-Rechnungsfunktionalit\u00e4t von MCA-Kale\" \/><\/span><\/div>\n<\/div>\n<\/div>\n<\/div>\n\n<div class=\"et_pb_section_1 et_pb_section et_section_regular et_block_section\">\n<div class=\"et_pb_row_1 et_pb_row et_block_row\">\n<div class=\"et_pb_column_1 et_pb_column et_pb_column_4_4 et-last-child et_block_column et_pb_css_mix_blend_mode_passthrough\">\n<div class=\"et_pb_text_1 et_pb_text et_pb_bg_layout_light et_pb_module et_block_module preset--module--divi-text--75a373b3-a752-4305-81e8-535fbf8079d6\"><div class=\"et_pb_text_inner\"><h2>Intergration mit Software von Dritter<\/h2>\n<\/div><\/div>\n\n<div class=\"et_pb_text_2 et_pb_text et_pb_bg_layout_light et_pb_module et_block_module preset--module--divi-text--75a373b3-a752-4305-81e8-535fbf8079d6\"><div class=\"et_pb_text_inner\"><p>Es gibt eine Vielzahl anderer Verwaltungsl\u00f6sungen f\u00fcr Unternehmen auf dem Markt, z. B. Dynamics 365, Odoo Enterprise, SAP ERP, ProConcept oder Bexio, Abacus, Winbiz, Cr\u00e9sus....<\/p>\n<p>Diese L\u00f6sungen funktionieren sehr gut, allerdings kommt es vor, dass ihre Nutzer bestimmte vorhandene Funktionen ausbauen oder zus\u00e4tzliche Funktionen hinzuf\u00fcgen m\u00f6chten, um ihre Verwaltung noch weiter zu optimieren.<\/p>\n<p>Zu diesem Zweck bietet MCA Kale verschiedene Module an, die als Erg\u00e4nzung zu einer Managementl\u00f6sung von Drittanbietern eingesetzt werden k\u00f6nnen.<br \/>Wenn Sie bereits eine oder mehrere Gesch\u00e4ftsanwendungen in Ihrem Unternehmen einsetzen, ist es m\u00f6glich, ein oder mehrere Module von MCA Kale mit diesen Anwendungen zu verbinden: MCA Kale l\u00e4sst sich nahtlos in jede Software von Drittanbietern integrieren.<\/p>\n<p>Wenn Sie beispielsweise \u00fcber ein CRM wie Salesforce, Dynamics 365, Oracle, Odoo oder SugarCRM verf\u00fcgen und dieses durch eine Verwaltung von Mailingkampagnen f\u00fcr die Kundengewinnung und Marketingautomatisierung erweitern m\u00f6chten, k\u00f6nnen Sie den <a href=\"https:\/\/mca-concept.com\/les-fonctionnalites\/mailing\/\" target=\"_blank\" style=\"color: #0645ad;\" rel=\"noopener\"><br \/>\n  <u>Modul Mailin<\/u><br \/>\n  <span style=\"text-decoration: underline;\">g<\/span><br \/>\n<\/a> von MCA Kale in das bestehende CRM integrieren.<\/p>\n<p>Ein weiteres Beispiel: Wenn Sie derzeit ein ERP-System wie SAP ERP, ProConcept, Abacus Business Software oder WInbiz verwenden und zus\u00e4tzlich ein CMS f\u00fcr die Verwaltung und Formatierung von Dokumenten, Formularen, Statistiken und anderen Inhalten nutzen m\u00f6chten, ist es m\u00f6glich, das <a href=\"https:\/\/mca-concept.com\/les-fonctionnalites\/cms\/\" target=\"_blank\" style=\"color: #0645ad;\" rel=\"noopener\"><u>CMS-Modul<\/u><\/a>  von MCA Kale zu Ihrem ERP.<\/p>\n<p>Die Datensynchronisation zwischen MCA Kale und Ihrem bestehenden Informationssystem erfolgt problemlos und sorgt f\u00fcr eine reibungslose Nutzung und optimierte Verwaltung.<\/p>\n<\/div><\/div>\n<\/div>\n<\/div>\n\n<div class=\"et_pb_row_2 et_pb_row et_block_row\">\n<div class=\"et_pb_column_2 et_pb_column et_pb_column_4_4 et-last-child et_block_column et_pb_css_mix_blend_mode_passthrough\">\n<div class=\"et_pb_text_3 et_pb_text et_pb_bg_layout_light et_pb_module et_block_module preset--module--divi-text--75a373b3-a752-4305-81e8-535fbf8079d6\"><div class=\"et_pb_text_inner\"><h2>Daten wiederherstellen<\/h2>\n<\/div><\/div>\n\n<div class=\"et_pb_text_4 et_pb_text et_pb_bg_layout_light et_pb_module et_block_module preset--module--divi-text--75a373b3-a752-4305-81e8-535fbf8079d6\"><div class=\"et_pb_text_inner\"><p>Im Laufe der Zeit, wenn Ihnen MCA Kale gef\u00e4llt und Sie f\u00fcr Ihre Verwaltung vollst\u00e4ndig zu MCA Concept migrieren m\u00f6chten, kann unser Team problemlos alle Ihre Daten abrufen und in MCA Kale integrieren, und zwar unabh\u00e4ngig davon, ob sie aus einer Abacus-, SAP-, Winbiz- oder ProConcept-Software stammen...<\/p>\n<p>Es ist durchaus denkbar, vorab ein Audit durchzuf\u00fchren, um Ihre unterschiedlichen Bed\u00fcrfnisse zu ermitteln, damit wir gemeinsam mit Ihnen die f\u00fcr Sie geeignete L\u00f6sung festlegen k\u00f6nnen.<\/p>\n<\/div><\/div>\n<\/div>\n<\/div>\n<\/div>\n\n<div class=\"et_pb_section_2 et_pb_section et_section_regular et_block_section\" id=\"Solutions\">\n<div class=\"et_pb_row_3 et_pb_row et_pb_equal_columns et_block_row\">\n<div class=\"et_pb_column_3 et_pb_column et_pb_column_4_4 et-last-child et_block_column et_pb_css_mix_blend_mode_passthrough\">\n<div class=\"et_pb_image_1 et_pb_image et_animated et_pb_module et_block_module\"><a href=\"https:\/\/mca-concept.com\/logiciel-kale\/\"><span class=\"et_pb_image_wrap\"><img decoding=\"async\" src=\"https:\/\/mca-concept.com\/wordpress3\/wp-content\/uploads\/2022\/07\/mca-kale-logo-refait-recadre-300x170.png\" width=\"300\" height=\"170\" srcset=\"https:\/\/mca-concept.com\/wordpress3\/wp-content\/uploads\/2022\/07\/mca-kale-logo-refait-recadre-300x170.png 300w, https:\/\/mca-concept.com\/wordpress3\/wp-content\/uploads\/2022\/07\/mca-kale-logo-refait-recadre-200x113.png 200w, https:\/\/mca-concept.com\/wordpress3\/wp-content\/uploads\/2022\/07\/mca-kale-logo-refait-recadre.png 443w\" sizes=\"(max-width: 300px) 100vw, 300px\" class=\"wp-image-47903\" title=\"MCA Kale, umfassende Software f\u00fcr KMU und gro\u00dfe Unternehmen\" alt=\"Logo der MCA Kale-Software das einen gro\u00dfen Origami-Vogel darstellt\" \/><\/span><\/a><\/div>\n\n<div class=\"et_pb_text_5 et_pb_text et_pb_bg_layout_light et_pb_module et_block_module\"><div class=\"et_pb_text_inner\"><p style=\"text-align: center;\">Software f\u00fcr gro\u00dfe Unternehmen<\/p>\n<\/div><\/div>\n\n<div class=\"et_pb_module et_pb_button_module_wrapper et_pb_button_0_wrapper preset--module--divi-button--e6919fb1-d0a4-440c-891a-c76fc3d47025_wrapper\"><a class=\"et_pb_button_0 et_pb_button et_pb_bg_layout_light et_pb_module et_block_module preset--module--divi-button--e6919fb1-d0a4-440c-891a-c76fc3d47025\" href=\"https:\/\/mca-concept.com\/logiciel-kale\/\">Mehr erfahren<\/a><\/div>\n<\/div>\n<\/div>\n<\/div>\n\n<div class=\"et_pb_section_3 et_pb_section et_section_regular et_block_section\">\n<div class=\"et_pb_row_4 et_pb_row et_block_row\">\n<div class=\"et_pb_column_4 et_pb_column et_pb_column_4_4 et-last-child et_block_column et_pb_css_mix_blend_mode_passthrough\">\n<div class=\"et_pb_text_6 et_pb_text et_pb_bg_layout_light et_pb_module et_block_module preset--module--divi-text--75a373b3-a752-4305-81e8-535fbf8079d6\"><div class=\"et_pb_text_inner\"><h2>Zusammenfassend<\/h2>\n<p><strong><\/strong><\/p>\n<p><strong>MCA Kale<\/strong> bietet eine <strong>flexible<\/strong> und erg\u00e4nzende L\u00f6sung f\u00fcr Schweizer Unternehmen, die bereits Management-Software von Drittanbietern wie Dynamics 365, Odoo Enterprise, SAP ERP, ProConcept, Bexio, Abacus, Winbiz, Cr\u00e9sus und viele andere verwenden.<\/p>\n<p>Die von <strong>MCA Kale<\/strong> angebotenen Module k\u00f6nnen die <strong>vorhandenen Funktionen<\/strong> erweitern oder zus\u00e4tzliche Funktionen f\u00fcr eine noch optimiertere Verwaltung hinzuf\u00fcgen.<\/p>\n<p>Ob Sie Ihr <strong>CRM<\/strong> mit einer Verwaltung von Mailingkampagnen erweitern oder ein <strong>CMS<\/strong> f\u00fcr die Verwaltung von Dokumenten, Formularen und Inhalten integrieren m\u00fcssen, <strong>MCA Kale<\/strong> f\u00fcgt sich nahtlos in Ihr <strong>bestehendes Informationssystem<\/strong> ein.<\/p>\n<p>Die Datensynchronisation zwischen <strong>MCA Kale<\/strong> und Ihrer Drittsoftware ist einfach und sorgt f\u00fcr eine reibungslose Verwaltung.<\/p>\n<p>Sollten Sie sich dar\u00fcber hinaus dazu entschlie\u00dfen, in Zukunft vollst\u00e4ndig auf <strong>MCA Kale<\/strong> zu migrieren, kann das Team von <strong>MCA Concept<\/strong> Ihre gesamten Daten unabh\u00e4ngig von ihrer Quelle abrufen und integrieren.<\/p>\n<p>Dieser <strong>flexible<\/strong> Ansatz erm\u00f6glicht es Unternehmen, die L\u00f6sung zu w\u00e4hlen, die ihren spezifischen Managementanforderungen am besten entspricht.<\/p>\n<\/div><\/div>\n<\/div>\n<\/div>\n<\/div>","protected":false},"excerpt":{"rendered":"","protected":false},"author":11,"featured_media":0,"parent":0,"menu_order":0,"comment_status":"closed","ping_status":"closed","template":"","meta":{"content-type":"","inline_featured_image":false,"_price":"","_stock":"","_tribe_ticket_header":"","_tribe_default_ticket_provider":"","_tribe_ticket_capacity":"0","_ticket_start_date":"","_ticket_end_date":"","_tribe_ticket_show_description":"","_tribe_ticket_show_not_going":false,"_tribe_ticket_use_global_stock":"","_tribe_ticket_global_stock_level":"","_global_stock_mode":"","_global_stock_cap":"","_tribe_rsvp_for_event":"","_tribe_ticket_going_count":"","_tribe_ticket_not_going_count":"","_tribe_tickets_list":"[]","_tribe_ticket_has_attendee_info_fields":false,"footnotes":"","_tec_slr_enabled":"","_tec_slr_layout":""},"class_list":["post-23915","page","type-page","status-publish","hentry"],"yoast_head":"<!-- This site is optimized with the Yoast SEO Premium plugin v26.1 (Yoast SEO v27.2) - https:\/\/yoast.com\/product\/yoast-seo-premium-wordpress\/ -->\n<title>Integration von Drittanbieter-Software | MCA Concept | Schweiz<\/title>\n<meta name=\"description\" content=\"Entdecken Sie die M\u00f6glichkeiten der Integration der MCA Kale Management-Software mit Software von Drittanbietern. Synchronisation, Datenwiederherstellung.\" \/>\n<meta name=\"robots\" content=\"index, follow, max-snippet:-1, max-image-preview:large, max-video-preview:-1\" \/>\n<link rel=\"canonical\" href=\"https:\/\/mca-concept.com\/de\/integration-software-dritter\/\" \/>\n<meta property=\"og:locale\" content=\"de_DE\" \/>\n<meta property=\"og:type\" content=\"article\" \/>\n<meta property=\"og:title\" content=\"Integration mit Software von Dritter\" \/>\n<meta property=\"og:description\" content=\"Entdecken Sie die M\u00f6glichkeiten der Integration der MCA Kale Management-Software mit Software von Drittanbietern. Synchronisation, Datenwiederherstellung.\" \/>\n<meta property=\"og:url\" content=\"https:\/\/mca-concept.com\/de\/integration-software-dritter\/\" \/>\n<meta property=\"og:site_name\" content=\"MCA Concept\" \/>\n<meta property=\"article:publisher\" content=\"https:\/\/www.facebook.com\/mcaconcept\/\" \/>\n<meta property=\"article:modified_time\" content=\"2026-03-30T08:54:38+00:00\" \/>\n<meta name=\"twitter:card\" content=\"summary_large_image\" \/>\n<meta name=\"twitter:site\" content=\"@McaConcept\" \/>\n<script type=\"application\/ld+json\" class=\"yoast-schema-graph\">{\"@context\":\"https:\/\/schema.org\",\"@graph\":[{\"@type\":\"WebPage\",\"@id\":\"https:\/\/mca-concept.com\/de\/integration-software-dritter\/\",\"url\":\"https:\/\/mca-concept.com\/de\/integration-software-dritter\/\",\"name\":\"Integration von Drittanbieter-Software | MCA Concept | Schweiz\",\"isPartOf\":{\"@id\":\"https:\/\/mca-concept.com\/de\/#website\"},\"datePublished\":\"2021-12-07T13:36:20+00:00\",\"dateModified\":\"2026-03-30T08:54:38+00:00\",\"description\":\"Entdecken Sie die M\u00f6glichkeiten der Integration der MCA Kale Management-Software mit Software von Drittanbietern. Synchronisation, Datenwiederherstellung.\",\"breadcrumb\":{\"@id\":\"https:\/\/mca-concept.com\/de\/integration-software-dritter\/#breadcrumb\"},\"inLanguage\":\"de\",\"potentialAction\":[{\"@type\":\"ReadAction\",\"target\":[\"https:\/\/mca-concept.com\/de\/integration-software-dritter\/\"]}]},{\"@type\":\"BreadcrumbList\",\"@id\":\"https:\/\/mca-concept.com\/de\/integration-software-dritter\/#breadcrumb\",\"itemListElement\":[{\"@type\":\"ListItem\",\"position\":1,\"name\":\"Accueil\",\"item\":\"https:\/\/mca-concept.com\/de\/\"},{\"@type\":\"ListItem\",\"position\":2,\"name\":\"Integration mit Software von Dritter\"}]},{\"@type\":\"WebSite\",\"@id\":\"https:\/\/mca-concept.com\/de\/#website\",\"url\":\"https:\/\/mca-concept.com\/de\/\",\"name\":\"MCA Concept\",\"description\":\"Solutions de gestion d&#039;entreprise ERP-CRM-CMS\",\"publisher\":{\"@id\":\"https:\/\/mca-concept.com\/de\/#organization\"},\"potentialAction\":[{\"@type\":\"SearchAction\",\"target\":{\"@type\":\"EntryPoint\",\"urlTemplate\":\"https:\/\/mca-concept.com\/de\/?s={search_term_string}\"},\"query-input\":{\"@type\":\"PropertyValueSpecification\",\"valueRequired\":true,\"valueName\":\"search_term_string\"}}],\"inLanguage\":\"de\"},{\"@type\":\"Organization\",\"@id\":\"https:\/\/mca-concept.com\/de\/#organization\",\"name\":\"MCA Concept\",\"url\":\"https:\/\/mca-concept.com\/de\/\",\"logo\":{\"@type\":\"ImageObject\",\"inLanguage\":\"de\",\"@id\":\"https:\/\/mca-concept.com\/de\/#\/schema\/logo\/image\/\",\"url\":\"https:\/\/mca-concept.com\/wordpress3\/wp-content\/uploads\/2019\/09\/mca-logo300px.png\",\"contentUrl\":\"https:\/\/mca-concept.com\/wordpress3\/wp-content\/uploads\/2019\/09\/mca-logo300px.png\",\"width\":300,\"height\":156,\"caption\":\"MCA Concept\"},\"image\":{\"@id\":\"https:\/\/mca-concept.com\/de\/#\/schema\/logo\/image\/\"},\"sameAs\":[\"https:\/\/www.facebook.com\/mcaconcept\/\",\"https:\/\/x.com\/McaConcept\",\"https:\/\/www.instagram.com\/mcaconcept\/\",\"https:\/\/ch.linkedin.com\/company\/mca-concept\",\"https:\/\/www.youtube.com\/channel\/UC1WT0RmNiTycrnzr6FqDuPg\"]}]}<\/script>\n<!-- \/ Yoast SEO Premium plugin. -->","yoast_head_json":{"title":"Integration von Drittanbieter-Software | MCA Concept | Schweiz","description":"Entdecken Sie die M\u00f6glichkeiten der Integration der MCA Kale Management-Software mit Software von Drittanbietern. Synchronisation, Datenwiederherstellung.","robots":{"index":"index","follow":"follow","max-snippet":"max-snippet:-1","max-image-preview":"max-image-preview:large","max-video-preview":"max-video-preview:-1"},"canonical":"https:\/\/mca-concept.com\/de\/integration-software-dritter\/","og_locale":"de_DE","og_type":"article","og_title":"Integration mit Software von Dritter","og_description":"Entdecken Sie die M\u00f6glichkeiten der Integration der MCA Kale Management-Software mit Software von Drittanbietern. Synchronisation, Datenwiederherstellung.","og_url":"https:\/\/mca-concept.com\/de\/integration-software-dritter\/","og_site_name":"MCA Concept","article_publisher":"https:\/\/www.facebook.com\/mcaconcept\/","article_modified_time":"2026-03-30T08:54:38+00:00","twitter_card":"summary_large_image","twitter_site":"@McaConcept","schema":{"@context":"https:\/\/schema.org","@graph":[{"@type":"WebPage","@id":"https:\/\/mca-concept.com\/de\/integration-software-dritter\/","url":"https:\/\/mca-concept.com\/de\/integration-software-dritter\/","name":"Integration von Drittanbieter-Software | MCA Concept | Schweiz","isPartOf":{"@id":"https:\/\/mca-concept.com\/de\/#website"},"datePublished":"2021-12-07T13:36:20+00:00","dateModified":"2026-03-30T08:54:38+00:00","description":"Entdecken Sie die M\u00f6glichkeiten der Integration der MCA Kale Management-Software mit Software von Drittanbietern. Synchronisation, Datenwiederherstellung.","breadcrumb":{"@id":"https:\/\/mca-concept.com\/de\/integration-software-dritter\/#breadcrumb"},"inLanguage":"de","potentialAction":[{"@type":"ReadAction","target":["https:\/\/mca-concept.com\/de\/integration-software-dritter\/"]}]},{"@type":"BreadcrumbList","@id":"https:\/\/mca-concept.com\/de\/integration-software-dritter\/#breadcrumb","itemListElement":[{"@type":"ListItem","position":1,"name":"Accueil","item":"https:\/\/mca-concept.com\/de\/"},{"@type":"ListItem","position":2,"name":"Integration mit Software von Dritter"}]},{"@type":"WebSite","@id":"https:\/\/mca-concept.com\/de\/#website","url":"https:\/\/mca-concept.com\/de\/","name":"MCA Concept","description":"Solutions de gestion d&#039;entreprise ERP-CRM-CMS","publisher":{"@id":"https:\/\/mca-concept.com\/de\/#organization"},"potentialAction":[{"@type":"SearchAction","target":{"@type":"EntryPoint","urlTemplate":"https:\/\/mca-concept.com\/de\/?s={search_term_string}"},"query-input":{"@type":"PropertyValueSpecification","valueRequired":true,"valueName":"search_term_string"}}],"inLanguage":"de"},{"@type":"Organization","@id":"https:\/\/mca-concept.com\/de\/#organization","name":"MCA Concept","url":"https:\/\/mca-concept.com\/de\/","logo":{"@type":"ImageObject","inLanguage":"de","@id":"https:\/\/mca-concept.com\/de\/#\/schema\/logo\/image\/","url":"https:\/\/mca-concept.com\/wordpress3\/wp-content\/uploads\/2019\/09\/mca-logo300px.png","contentUrl":"https:\/\/mca-concept.com\/wordpress3\/wp-content\/uploads\/2019\/09\/mca-logo300px.png","width":300,"height":156,"caption":"MCA Concept"},"image":{"@id":"https:\/\/mca-concept.com\/de\/#\/schema\/logo\/image\/"},"sameAs":["https:\/\/www.facebook.com\/mcaconcept\/","https:\/\/x.com\/McaConcept","https:\/\/www.instagram.com\/mcaconcept\/","https:\/\/ch.linkedin.com\/company\/mca-concept","https:\/\/www.youtube.com\/channel\/UC1WT0RmNiTycrnzr6FqDuPg"]}]}},"ticketed":false,"_links":{"self":[{"href":"https:\/\/mca-concept.com\/de\/wp-json\/wp\/v2\/pages\/23915","targetHints":{"allow":["GET"]}}],"collection":[{"href":"https:\/\/mca-concept.com\/de\/wp-json\/wp\/v2\/pages"}],"about":[{"href":"https:\/\/mca-concept.com\/de\/wp-json\/wp\/v2\/types\/page"}],"author":[{"embeddable":true,"href":"https:\/\/mca-concept.com\/de\/wp-json\/wp\/v2\/users\/11"}],"replies":[{"embeddable":true,"href":"https:\/\/mca-concept.com\/de\/wp-json\/wp\/v2\/comments?post=23915"}],"version-history":[{"count":18,"href":"https:\/\/mca-concept.com\/de\/wp-json\/wp\/v2\/pages\/23915\/revisions"}],"predecessor-version":[{"id":83895,"href":"https:\/\/mca-concept.com\/de\/wp-json\/wp\/v2\/pages\/23915\/revisions\/83895"}],"wp:attachment":[{"href":"https:\/\/mca-concept.com\/de\/wp-json\/wp\/v2\/media?parent=23915"}],"curies":[{"name":"wp","href":"https:\/\/api.w.org\/{rel}","templated":true}]}}