{"id":33082,"date":"2022-02-21T15:04:32","date_gmt":"2022-02-21T14:04:32","guid":{"rendered":"https:\/\/mca-concept.com\/formular-mcaretails-packs\/"},"modified":"2024-08-19T11:55:26","modified_gmt":"2024-08-19T09:55:26","slug":"formular-mcaretails-packs","status":"publish","type":"page","link":"https:\/\/mca-concept.com\/de\/formular-mcaretails-packs\/","title":{"rendered":"Formular: Aufruf zum Handeln: MCA Retails (Anfrage zu)"},"content":{"rendered":"<p><div class=\"et_d4_element et_pb_section et_pb_section_0  et_pb_css_mix_blend_mode et_section_regular section_has_divider et_pb_top_divider et_block_section\" >\n\t\t\t\t<div class=\"et_pb_top_inside_divider et-no-transition\"><\/div>\n\t\t\t\t\n\t\t\t\t\n\t\t\t\t\n\t\t\t\t\n\t\t\t\t\n\t\t\t\t\n\t\t\t\t\n\t\t\t\t\n\t\t\t<\/div><div class=\"et_d4_element et_pb_section et_pb_section_1  et_pb_css_mix_blend_mode et_section_regular et_block_section\" >\n\t\t\t\t\n\t\t\t\t\n\t\t\t\t\n\t\t\t\t\n\t\t\t\t\n\t\t\t\t\n\t\t\t\t<div class=\"et_d4_element et_pb_row et_pb_row_0  et_pb_css_mix_blend_mode et_block_row\">\n\t\t\t\t<div class=\"et_d4_element et_pb_column_4_4 et_pb_column et_pb_column_0  et_pb_css_mix_blend_mode et-last-child et_block_column\">\n\t\t\t\t\n\t\t\t\t\n\t\t\t\t\n\t\t\t\t\n\t\t\t\t<div class=\"et_pb_module et_d4_element et_pb_image et_pb_image_0\">\n\t\t\t\t\n\t\t\t\t\n\t\t\t\t\n\t\t\t\t\n\t\t\t\t<span class=\"et_pb_image_wrap \"><img decoding=\"async\" width=\"720\" height=\"251\" src=\"https:\/\/mca-concept.com\/wordpress3\/wp-content\/uploads\/2022\/02\/logo-logiciel-caisse-enregistreuse-2.png\" alt=\"Logo der Kassensoftware MCA Retails von MCA Concept\" title=\"Logo der Kassensoftware MCA Retails von MCA Concept\" srcset=\"https:\/\/mca-concept.com\/wordpress3\/wp-content\/uploads\/2022\/02\/logo-logiciel-caisse-enregistreuse-2.png 720w, https:\/\/mca-concept.com\/wordpress3\/wp-content\/uploads\/2022\/02\/logo-logiciel-caisse-enregistreuse-2-480x167.png 480w\" sizes=\"(min-width: 0px) and (max-width: 480px) 480px, (min-width: 481px) 720px, 100vw\" class=\"wp-image-31967\" \/><\/span>\n\t\t\t<\/div>\n\t\t\t<\/div>\n\t\t\t\t\n\t\t\t\t\n\t\t\t\t\n\t\t\t\t\n\t\t\t<\/div>\n\t\t\t\t\n\t\t\t\t\n\t\t\t<\/div><div class=\"et_d4_element et_pb_section et_pb_section_2  et_pb_css_mix_blend_mode et_section_regular et_block_section\" >\n\t\t\t\t\n\t\t\t\t\n\t\t\t\t\n\t\t\t\t\n\t\t\t\t\n\t\t\t\t\n\t\t\t\t<div class=\"et_d4_element et_pb_row et_pb_row_1  et_pb_css_mix_blend_mode et_block_row\">\n\t\t\t\t<div class=\"et_d4_element et_pb_column_4_4 et_pb_column et_pb_column_1  et_pb_css_mix_blend_mode et-last-child et_block_column\">\n\t\t\t\t\n\t\t\t\t\n\t\t\t\t\n\t\t\t\t\n\t\t\t\t<div class=\"et_pb_module et_d4_element et_pb_text et_pb_text_0  et_pb_text_align_left et_pb_bg_layout_light\">\n\t\t\t\t\n\t\t\t\t\n\t\t\t\t\n\t\t\t\t\n\t\t\t\t<div class=\"et_pb_text_inner\"><h1>Anfrage zu MCA Retails<\/h1><\/div>\n\t\t\t<\/div>\n\t\t\t<\/div>\n\t\t\t\t\n\t\t\t\t\n\t\t\t\t\n\t\t\t\t\n\t\t\t<\/div><div class=\"et_d4_element et_pb_row et_pb_row_2  et_pb_css_mix_blend_mode et_block_row\">\n\t\t\t\t<div class=\"et_d4_element et_pb_column_4_4 et_pb_column et_pb_column_2  et_pb_css_mix_blend_mode et-last-child et_block_column\">\n\t\t\t\t\n\t\t\t\t\n\t\t\t\t\n\t\t\t\t\n\t\t\t\t<div class=\"et_pb_module et_d4_element et_pb_text et_pb_text_1  et_pb_text_align_left et_pb_bg_layout_light\">\n\t\t\t\t\n\t\t\t\t\n\t\t\t\t\n\t\t\t\t\n\t\t\t\t<div class=\"et_pb_text_inner\"><p>Haben Sie Fragen zu MCA Retails? M\u00f6chten Sie ein Audit durchf\u00fchren, um Ihre Bed\u00fcrfnisse sowie die am besten geeignete L\u00f6sung f\u00fcr die Verwaltung Ihres Unternehmens zu definieren?<\/p>\n<p>Unser Team steht Ihnen gerne zur Verf\u00fcgung, um Ihnen die Funktionen, auf die Sie zugreifen k\u00f6nnen, zu erkl\u00e4ren und Sie bei der Auswahl der Schl\u00fcssell\u00f6sung zur Verbesserung der Gesamtverwaltung Ihres Unternehmens zu unterst\u00fctzen.\n<\/p><\/div>\n\t\t\t<\/div>\n\t\t\t<\/div>\n\t\t\t\t\n\t\t\t\t\n\t\t\t\t\n\t\t\t\t\n\t\t\t<\/div>\n\t\t\t\t\n\t\t\t\t\n\t\t\t<\/div><div class=\"et_d4_element et_pb_section et_pb_section_3  et_pb_css_mix_blend_mode et_section_regular et_block_section\" >\n\t\t\t\t\n\t\t\t\t\n\t\t\t\t\n\t\t\t\t\n\t\t\t\t\n\t\t\t\t\n\t\t\t\t<div class=\"et_d4_element et_pb_row et_pb_row_3  et_pb_css_mix_blend_mode et_block_row\">\n\t\t\t\t<div class=\"et_d4_element et_pb_column_4_4 et_pb_column et_pb_column_3  et_pb_css_mix_blend_mode et-last-child et_block_column\">\n\t\t\t\t\n\t\t\t\t\n\t\t\t\t\n\t\t\t\t\n\t\t\t\t\n\t\t\t<div id=\"et_pb_contact_form_0\" class=\"et_pb_with_border et_pb_module et_d4_element et_pb_contact_form_0 et_pb_contact_form_container clearfix et_block_module\" data-form_unique_num=\"0\" data-form_unique_id=\"852cba2e-e8b3-4402-bd3c-11faa1156210\">\n\t\t\t\t\n\t\t\t\t\n\t\t\t\t\n\t\t\t\t\n\t\t\t\t\n\t\t\t\t<div class=\"et-pb-contact-message\"><\/div>\n\t\t\t\t\n\t\t\t\t<div class=\"et_pb_contact\">\n\t\t\t\t\t<form class=\"et_pb_contact_form clearfix\" method=\"post\" action=\"https:\/\/mca-concept.com\/de\/wp-json\/wp\/v2\/pages\/33082\">\n\t\t\t\t\t\t<p class=\"et_pb_with_border et_d4_element et_pb_contact_field et_pb_contact_field_0 et_pb_contact_field_last\" data-id=\"nomentreprise\" data-type=\"input\">\n\t\t\t\t\n\t\t\t\t\n\t\t\t\t\n\t\t\t\t\n\t\t\t\t<label for=\"et_pb_contact_nomentreprise_0\" class=\"et_pb_contact_form_label\">Unternehmen<\/label>\n\t\t\t\t<input type=\"text\" id=\"et_pb_contact_nomentreprise_0\" class=\"input\" value=\"\" name=\"et_pb_contact_nomentreprise_0\" data-required_mark=\"not_required\" data-field_type=\"input\" data-original_id=\"nomentreprise\" placeholder=\"Unternehmen\">\n\t\t\t<\/p><p class=\"et_pb_with_border et_d4_element et_pb_contact_field et_pb_contact_field_1 et_pb_contact_field_last\" data-id=\"nom\" data-type=\"input\">\n\t\t\t\t\n\t\t\t\t\n\t\t\t\t\n\t\t\t\t\n\t\t\t\t<label for=\"et_pb_contact_nom_0\" class=\"et_pb_contact_form_label\">Nachname*<\/label>\n\t\t\t\t<input type=\"text\" id=\"et_pb_contact_nom_0\" class=\"input\" value=\"\" name=\"et_pb_contact_nom_0\" data-required_mark=\"required\" data-field_type=\"input\" data-original_id=\"nom\" placeholder=\"Nachname*\">\n\t\t\t<\/p><p class=\"et_pb_with_border et_d4_element et_pb_contact_field et_pb_contact_field_2 et_pb_contact_field_last\" data-id=\"prenom\" data-type=\"input\">\n\t\t\t\t\n\t\t\t\t\n\t\t\t\t\n\t\t\t\t\n\t\t\t\t<label for=\"et_pb_contact_prenom_0\" class=\"et_pb_contact_form_label\">Vorname*<\/label>\n\t\t\t\t<input type=\"text\" id=\"et_pb_contact_prenom_0\" class=\"input\" value=\"\" name=\"et_pb_contact_prenom_0\" data-required_mark=\"required\" data-field_type=\"input\" data-original_id=\"prenom\" placeholder=\"Vorname*\">\n\t\t\t<\/p><p class=\"et_pb_with_border et_d4_element et_pb_contact_field et_pb_contact_field_3 et_pb_contact_field_last\" data-id=\"monnaie\" data-type=\"input\">\n\t\t\t\t\n\t\t\t\t\n\t\t\t\t\n\t\t\t\t\n\t\t\t\t<label for=\"et_pb_contact_monnaie_0\" class=\"et_pb_contact_form_label\">W\u00e4hrung (CHF, EUR...)*<\/label>\n\t\t\t\t<input type=\"text\" id=\"et_pb_contact_monnaie_0\" class=\"input\" value=\"\" name=\"et_pb_contact_monnaie_0\" data-required_mark=\"required\" data-field_type=\"input\" data-original_id=\"monnaie\" placeholder=\"W\u00e4hrung (CHF, EUR...)*\">\n\t\t\t<\/p><p class=\"et_pb_with_border et_d4_element et_pb_contact_field et_pb_contact_field_4 et_pb_contact_field_last\" data-id=\"nombreutilisateurs\" data-type=\"select\">\n\t\t\t\t\n\t\t\t\t\n\t\t\t\t\n\t\t\t\t\n\t\t\t\t<label for=\"et_pb_contact_nombreutilisateurs_0\" class=\"et_pb_contact_form_label\">Anzahl der Benutzer<\/label>\n\t\t\t\t<select id=\"et_pb_contact_nombreutilisateurs_0\" class=\"et_pb_contact_select input\" name=\"et_pb_contact_nombreutilisateurs_0\" data-required_mark=\"not_required\" data-field_type=\"select\" data-original_id=\"nombreutilisateurs\">\n\t\t\t\t\t\t<option value=\"\">Anzahl der Benutzer<\/option><option value=\"1 bis 3 Benutzer\">1 bis 3 Benutzer<\/option><option value=\"3 bis 7 Benutzer\">3 bis 7 Benutzer<\/option><option value=\"8 und mehr Benutzer\">8 und mehr Benutzer<\/option>\n\t\t\t\t\t<\/select>\n\t\t\t<\/p><p class=\"et_pb_with_border et_d4_element et_pb_contact_field et_pb_contact_field_5 et_pb_contact_field_last\" data-id=\"email\" data-type=\"email\">\n\t\t\t\t\n\t\t\t\t\n\t\t\t\t\n\t\t\t\t\n\t\t\t\t<label for=\"et_pb_contact_email_0\" class=\"et_pb_contact_form_label\">Kontakt-E-Mail-Adresse*<\/label>\n\t\t\t\t<input type=\"text\" id=\"et_pb_contact_email_0\" class=\"input\" value=\"\" name=\"et_pb_contact_email_0\" data-required_mark=\"required\" data-field_type=\"email\" data-original_id=\"email\" placeholder=\"Kontakt-E-Mail-Adresse*\">\n\t\t\t<\/p><p class=\"et_pb_with_border et_d4_element et_pb_contact_field et_pb_contact_field_6 et_pb_contact_field_last\" data-id=\"pays\" data-type=\"input\">\n\t\t\t\t\n\t\t\t\t\n\t\t\t\t\n\t\t\t\t\n\t\t\t\t<label for=\"et_pb_contact_pays_0\" class=\"et_pb_contact_form_label\">Land<\/label>\n\t\t\t\t<input type=\"text\" id=\"et_pb_contact_pays_0\" class=\"input\" value=\"\" name=\"et_pb_contact_pays_0\" data-required_mark=\"required\" data-field_type=\"input\" data-original_id=\"pays\" placeholder=\"Land\">\n\t\t\t<\/p><p class=\"et_pb_with_border et_d4_element et_pb_contact_field et_pb_contact_field_7 et_pb_contact_field_last\" data-id=\"telephone\" data-type=\"input\">\n\t\t\t\t\n\t\t\t\t\n\t\t\t\t\n\t\t\t\t\n\t\t\t\t<label for=\"et_pb_contact_telephone_0\" class=\"et_pb_contact_form_label\">Telefonnummer<\/label>\n\t\t\t\t<input type=\"text\" id=\"et_pb_contact_telephone_0\" class=\"input\" value=\"\" name=\"et_pb_contact_telephone_0\" data-required_mark=\"not_required\" data-field_type=\"input\" data-original_id=\"telephone\" placeholder=\"Telefonnummer\">\n\t\t\t<\/p><p class=\"et_pb_with_border et_d4_element et_pb_contact_field et_pb_contact_field_8 et_pb_contact_field_last\" data-id=\"description\" data-type=\"text\">\n\t\t\t\t\n\t\t\t\t\n\t\t\t\t\n\t\t\t\t\n\t\t\t\t<label for=\"et_pb_contact_description_0\" class=\"et_pb_contact_form_label\">Beschreiben Sie hier den Grund f\u00fcr Ihre Kontaktaufnahme<\/label>\n\t\t\t\t<textarea name=\"et_pb_contact_description_0\" id=\"et_pb_contact_description_0\" class=\"et_pb_contact_message input\" data-required_mark=\"not_required\" data-field_type=\"text\" data-original_id=\"description\" placeholder=\"Beschreiben Sie hier den Grund f\u00fcr Ihre Kontaktaufnahme\"><\/textarea>\n\t\t\t<\/p><p class=\"et_d4_element et_pb_contact_field et_pb_contact_field_9 et_pb_contact_field_last\" data-id=\"politiqueconfi\" data-type=\"checkbox\">\n\t\t\t\t\n\t\t\t\t\n\t\t\t\t\n\t\t\t\t\n\t\t\t\t<label for=\"et_pb_contact_politiqueconfi_0\" class=\"et_pb_contact_form_label\">Datenschutzrichtlinie*<\/label>\n\t\t\t\t<input class=\"et_pb_checkbox_handle\" type=\"hidden\" name=\"et_pb_contact_politiqueconfi_0\" data-required_mark=\"required\" data-field_type=\"checkbox\" data-original_id=\"politiqueconfi\">\n\t\t\t\t\t<span class=\"et_pb_contact_field_options_wrapper\">\n\t\t\t\t\t\t<span class=\"et_pb_contact_field_options_title\">Datenschutzrichtlinie*<\/span>\n\t\t\t\t\t\t<span class=\"et_pb_contact_field_options_list\"><span class=\"et_pb_contact_field_checkbox\">\n\t\t\t\t\t\t\t<input type=\"checkbox\" id=\"et_pb_contact_politiqueconfi_9_0\" class=\"input\" value=\"Ich habe die Datenschutzbestimmungen gelesen und akzeptiere sie\" data-id=\"-1\">\n\t\t\t\t\t\t\t<label for=\"et_pb_contact_politiqueconfi_9_0\"><i><\/i>Ich habe die Datenschutzbestimmungen gelesen und akzeptiere sie <a href=\"https:\/\/mca-concept.com\/politique-de-confidentialite\/\" target=\"_blank\"><\/a><\/label>\n\t\t\t\t\t\t<\/span><\/span>\n\t\t\t\t\t<\/span>\n\t\t\t<\/p>\n\t\t\t\t\t\t<input type=\"hidden\" value=\"et_contact_proccess\" name=\"et_pb_contactform_submit_0\"\/>\n\t\t\t\t\t\t<div class=\"et_contact_bottom_container\">\n\t\t\t\t\t\t\t\n\t\t\t<div class=\"et_pb_contact_right et_pb_contact_field\">\n\t\t\t\t<p class=\"clearfix\">\n\t\t\t\t\t<span class=\"et_pb_contact_captcha_question\">3 + 11<\/span> = <input type=\"text\" size=\"2\" class=\"input et_pb_contact_captcha\" data-first_digit=\"3\" data-second_digit=\"11\" value=\"\" name=\"et_pb_contact_captcha_0\" data-required_mark=\"required\" autocomplete=\"off\">\n\t\t\t\t<\/p>\n\t\t\t<\/div>\n\t\t\t\t\t\t\t<button type=\"submit\" name=\"et_builder_submit_button\" class=\"et_pb_contact_submit et_pb_button\">Senden<\/button>\n\t\t\t\t\t\t<\/div>\n\t\t\t\t\t\t<input type=\"hidden\" id=\"_wpnonce-et-pb-contact-form-submitted-0\" name=\"_wpnonce-et-pb-contact-form-submitted-0\" value=\"e3d6fa9cc5\" \/><input type=\"hidden\" name=\"_wp_http_referer\" value=\"\/de\/wp-json\/wp\/v2\/pages\/33082\" \/>\n\t\t\t\t\t<\/form>\n\t\t\t\t<\/div>\n\t\t\t<\/div>\n\t\t\t\n\t\t\t<\/div>\n\t\t\t\t\n\t\t\t\t\n\t\t\t\t\n\t\t\t\t\n\t\t\t<\/div>\n\t\t\t\t\n\t\t\t\t\n\t\t\t<\/div><div class=\"et_d4_element et_pb_section et_pb_section_4  et_pb_css_mix_blend_mode et_section_regular section_has_divider et_pb_top_divider et_pb_bottom_divider et_block_section\" >\n\t\t\t\t\n\t\t\t\t\n\t\t\t\t\n\t\t\t\t\n\t\t\t\t\n\t\t\t\t\n\t\t\t\t\n\t\t\t\t\n\t\t\t\t<div class=\"et_pb_bottom_inside_divider et-no-transition\"><\/div>\n\t\t\t<\/div><\/p>\n","protected":false},"excerpt":{"rendered":"","protected":false},"author":11,"featured_media":0,"parent":0,"menu_order":0,"comment_status":"closed","ping_status":"closed","template":"","meta":{"content-type":"","inline_featured_image":false,"_price":"","_stock":"","_tribe_ticket_header":"","_tribe_default_ticket_provider":"","_tribe_ticket_capacity":"0","_ticket_start_date":"","_ticket_end_date":"","_tribe_ticket_show_description":"","_tribe_ticket_show_not_going":false,"_tribe_ticket_use_global_stock":"","_tribe_ticket_global_stock_level":"","_global_stock_mode":"","_global_stock_cap":"","_tribe_rsvp_for_event":"","_tribe_ticket_going_count":"","_tribe_ticket_not_going_count":"","_tribe_tickets_list":"[]","_tribe_ticket_has_attendee_info_fields":false,"_et_pb_use_builder":"on","_et_pb_old_content":"","_et_gb_content_width":"","footnotes":"","_tec_slr_enabled":"","_tec_slr_layout":""},"class_list":["post-33082","page","type-page","status-publish","hentry"],"yoast_head":"<!-- This site is optimized with the Yoast SEO Premium plugin v26.1 (Yoast SEO v27.2) - https:\/\/yoast.com\/product\/yoast-seo-premium-wordpress\/ -->\n<title>Formular | MCA Retails | MCA Concept<\/title>\n<meta name=\"description\" content=\"Wenn Sie eines der MCA Retails-Pakete bestellen m\u00f6chten oder weitere Informationen w\u00fcnschen, f\u00fcllen Sie bitte dieses Formular aus.\" \/>\n<meta name=\"robots\" content=\"index, follow, max-snippet:-1, max-image-preview:large, max-video-preview:-1\" \/>\n<link rel=\"canonical\" href=\"https:\/\/mca-concept.com\/de\/formular-mcaretails-packs\/\" \/>\n<meta property=\"og:locale\" content=\"de_DE\" \/>\n<meta property=\"og:type\" content=\"article\" \/>\n<meta property=\"og:title\" content=\"Formular: Aufruf zum Handeln: MCA Retails (Anfrage zu)\" \/>\n<meta property=\"og:description\" content=\"Wenn Sie eines der MCA Retails-Pakete bestellen m\u00f6chten oder weitere Informationen w\u00fcnschen, f\u00fcllen Sie bitte dieses Formular aus.\" \/>\n<meta property=\"og:url\" content=\"https:\/\/mca-concept.com\/de\/formular-mcaretails-packs\/\" \/>\n<meta property=\"og:site_name\" content=\"MCA Concept\" \/>\n<meta property=\"article:publisher\" content=\"https:\/\/www.facebook.com\/mcaconcept\/\" \/>\n<meta property=\"article:modified_time\" content=\"2024-08-19T09:55:26+00:00\" \/>\n<meta name=\"twitter:card\" content=\"summary_large_image\" \/>\n<meta name=\"twitter:site\" content=\"@McaConcept\" \/>\n<meta name=\"twitter:label1\" content=\"Gesch\u00e4tzte Lesezeit\" \/>\n\t<meta name=\"twitter:data1\" content=\"11\u00a0Minuten\" \/>\n<script type=\"application\/ld+json\" class=\"yoast-schema-graph\">{\"@context\":\"https:\/\/schema.org\",\"@graph\":[{\"@type\":\"WebPage\",\"@id\":\"https:\/\/mca-concept.com\/de\/formular-mcaretails-packs\/\",\"url\":\"https:\/\/mca-concept.com\/de\/formular-mcaretails-packs\/\",\"name\":\"Formular | MCA Retails | MCA Concept\",\"isPartOf\":{\"@id\":\"https:\/\/mca-concept.com\/de\/#website\"},\"datePublished\":\"2022-02-21T14:04:32+00:00\",\"dateModified\":\"2024-08-19T09:55:26+00:00\",\"description\":\"Wenn Sie eines der MCA Retails-Pakete bestellen m\u00f6chten oder weitere Informationen w\u00fcnschen, f\u00fcllen Sie bitte dieses Formular aus.\",\"breadcrumb\":{\"@id\":\"https:\/\/mca-concept.com\/de\/formular-mcaretails-packs\/#breadcrumb\"},\"inLanguage\":\"de\",\"potentialAction\":[{\"@type\":\"ReadAction\",\"target\":[\"https:\/\/mca-concept.com\/de\/formular-mcaretails-packs\/\"]}]},{\"@type\":\"BreadcrumbList\",\"@id\":\"https:\/\/mca-concept.com\/de\/formular-mcaretails-packs\/#breadcrumb\",\"itemListElement\":[{\"@type\":\"ListItem\",\"position\":1,\"name\":\"Accueil\",\"item\":\"https:\/\/mca-concept.com\/de\/\"},{\"@type\":\"ListItem\",\"position\":2,\"name\":\"Formular: Aufruf zum Handeln: MCA Retails (Anfrage zu)\"}]},{\"@type\":\"WebSite\",\"@id\":\"https:\/\/mca-concept.com\/de\/#website\",\"url\":\"https:\/\/mca-concept.com\/de\/\",\"name\":\"MCA Concept\",\"description\":\"Solutions de gestion d&#039;entreprise ERP-CRM-CMS\",\"publisher\":{\"@id\":\"https:\/\/mca-concept.com\/de\/#organization\"},\"potentialAction\":[{\"@type\":\"SearchAction\",\"target\":{\"@type\":\"EntryPoint\",\"urlTemplate\":\"https:\/\/mca-concept.com\/de\/?s={search_term_string}\"},\"query-input\":{\"@type\":\"PropertyValueSpecification\",\"valueRequired\":true,\"valueName\":\"search_term_string\"}}],\"inLanguage\":\"de\"},{\"@type\":\"Organization\",\"@id\":\"https:\/\/mca-concept.com\/de\/#organization\",\"name\":\"MCA Concept\",\"url\":\"https:\/\/mca-concept.com\/de\/\",\"logo\":{\"@type\":\"ImageObject\",\"inLanguage\":\"de\",\"@id\":\"https:\/\/mca-concept.com\/de\/#\/schema\/logo\/image\/\",\"url\":\"https:\/\/mca-concept.com\/wordpress3\/wp-content\/uploads\/2019\/09\/mca-logo300px.png\",\"contentUrl\":\"https:\/\/mca-concept.com\/wordpress3\/wp-content\/uploads\/2019\/09\/mca-logo300px.png\",\"width\":300,\"height\":156,\"caption\":\"MCA Concept\"},\"image\":{\"@id\":\"https:\/\/mca-concept.com\/de\/#\/schema\/logo\/image\/\"},\"sameAs\":[\"https:\/\/www.facebook.com\/mcaconcept\/\",\"https:\/\/x.com\/McaConcept\",\"https:\/\/www.instagram.com\/mcaconcept\/\",\"https:\/\/ch.linkedin.com\/company\/mca-concept\",\"https:\/\/www.youtube.com\/channel\/UC1WT0RmNiTycrnzr6FqDuPg\"]}]}<\/script>\n<!-- \/ Yoast SEO Premium plugin. -->","yoast_head_json":{"title":"Formular | MCA Retails | MCA Concept","description":"Wenn Sie eines der MCA Retails-Pakete bestellen m\u00f6chten oder weitere Informationen w\u00fcnschen, f\u00fcllen Sie bitte dieses Formular aus.","robots":{"index":"index","follow":"follow","max-snippet":"max-snippet:-1","max-image-preview":"max-image-preview:large","max-video-preview":"max-video-preview:-1"},"canonical":"https:\/\/mca-concept.com\/de\/formular-mcaretails-packs\/","og_locale":"de_DE","og_type":"article","og_title":"Formular: Aufruf zum Handeln: MCA Retails (Anfrage zu)","og_description":"Wenn Sie eines der MCA Retails-Pakete bestellen m\u00f6chten oder weitere Informationen w\u00fcnschen, f\u00fcllen Sie bitte dieses Formular aus.","og_url":"https:\/\/mca-concept.com\/de\/formular-mcaretails-packs\/","og_site_name":"MCA Concept","article_publisher":"https:\/\/www.facebook.com\/mcaconcept\/","article_modified_time":"2024-08-19T09:55:26+00:00","twitter_card":"summary_large_image","twitter_site":"@McaConcept","twitter_misc":{"Gesch\u00e4tzte Lesezeit":"11\u00a0Minuten"},"schema":{"@context":"https:\/\/schema.org","@graph":[{"@type":"WebPage","@id":"https:\/\/mca-concept.com\/de\/formular-mcaretails-packs\/","url":"https:\/\/mca-concept.com\/de\/formular-mcaretails-packs\/","name":"Formular | MCA Retails | MCA Concept","isPartOf":{"@id":"https:\/\/mca-concept.com\/de\/#website"},"datePublished":"2022-02-21T14:04:32+00:00","dateModified":"2024-08-19T09:55:26+00:00","description":"Wenn Sie eines der MCA Retails-Pakete bestellen m\u00f6chten oder weitere Informationen w\u00fcnschen, f\u00fcllen Sie bitte dieses Formular aus.","breadcrumb":{"@id":"https:\/\/mca-concept.com\/de\/formular-mcaretails-packs\/#breadcrumb"},"inLanguage":"de","potentialAction":[{"@type":"ReadAction","target":["https:\/\/mca-concept.com\/de\/formular-mcaretails-packs\/"]}]},{"@type":"BreadcrumbList","@id":"https:\/\/mca-concept.com\/de\/formular-mcaretails-packs\/#breadcrumb","itemListElement":[{"@type":"ListItem","position":1,"name":"Accueil","item":"https:\/\/mca-concept.com\/de\/"},{"@type":"ListItem","position":2,"name":"Formular: Aufruf zum Handeln: MCA Retails (Anfrage zu)"}]},{"@type":"WebSite","@id":"https:\/\/mca-concept.com\/de\/#website","url":"https:\/\/mca-concept.com\/de\/","name":"MCA Concept","description":"Solutions de gestion d&#039;entreprise ERP-CRM-CMS","publisher":{"@id":"https:\/\/mca-concept.com\/de\/#organization"},"potentialAction":[{"@type":"SearchAction","target":{"@type":"EntryPoint","urlTemplate":"https:\/\/mca-concept.com\/de\/?s={search_term_string}"},"query-input":{"@type":"PropertyValueSpecification","valueRequired":true,"valueName":"search_term_string"}}],"inLanguage":"de"},{"@type":"Organization","@id":"https:\/\/mca-concept.com\/de\/#organization","name":"MCA Concept","url":"https:\/\/mca-concept.com\/de\/","logo":{"@type":"ImageObject","inLanguage":"de","@id":"https:\/\/mca-concept.com\/de\/#\/schema\/logo\/image\/","url":"https:\/\/mca-concept.com\/wordpress3\/wp-content\/uploads\/2019\/09\/mca-logo300px.png","contentUrl":"https:\/\/mca-concept.com\/wordpress3\/wp-content\/uploads\/2019\/09\/mca-logo300px.png","width":300,"height":156,"caption":"MCA Concept"},"image":{"@id":"https:\/\/mca-concept.com\/de\/#\/schema\/logo\/image\/"},"sameAs":["https:\/\/www.facebook.com\/mcaconcept\/","https:\/\/x.com\/McaConcept","https:\/\/www.instagram.com\/mcaconcept\/","https:\/\/ch.linkedin.com\/company\/mca-concept","https:\/\/www.youtube.com\/channel\/UC1WT0RmNiTycrnzr6FqDuPg"]}]}},"ticketed":false,"_links":{"self":[{"href":"https:\/\/mca-concept.com\/de\/wp-json\/wp\/v2\/pages\/33082","targetHints":{"allow":["GET"]}}],"collection":[{"href":"https:\/\/mca-concept.com\/de\/wp-json\/wp\/v2\/pages"}],"about":[{"href":"https:\/\/mca-concept.com\/de\/wp-json\/wp\/v2\/types\/page"}],"author":[{"embeddable":true,"href":"https:\/\/mca-concept.com\/de\/wp-json\/wp\/v2\/users\/11"}],"replies":[{"embeddable":true,"href":"https:\/\/mca-concept.com\/de\/wp-json\/wp\/v2\/comments?post=33082"}],"version-history":[{"count":14,"href":"https:\/\/mca-concept.com\/de\/wp-json\/wp\/v2\/pages\/33082\/revisions"}],"predecessor-version":[{"id":79678,"href":"https:\/\/mca-concept.com\/de\/wp-json\/wp\/v2\/pages\/33082\/revisions\/79678"}],"wp:attachment":[{"href":"https:\/\/mca-concept.com\/de\/wp-json\/wp\/v2\/media?parent=33082"}],"curies":[{"name":"wp","href":"https:\/\/api.w.org\/{rel}","templated":true}]}}