{"id":35782,"date":"2022-03-30T15:46:04","date_gmt":"2022-03-30T13:46:04","guid":{"rendered":"https:\/\/mca-concept.com\/cms-was-ist\/"},"modified":"2023-10-26T15:52:46","modified_gmt":"2023-10-26T13:52:46","slug":"cms-was-ist","status":"publish","type":"page","link":"https:\/\/mca-concept.com\/de\/cms-was-ist\/","title":{"rendered":"Was ist ein CMS? Warum sollte man ein CMS f\u00fcr seine Verwaltung verwenden?"},"content":{"rendered":"<p><div class=\"et_d4_element et_pb_section et_pb_section_0 et_pb_with_background  et_pb_css_mix_blend_mode et_section_regular et_block_section\" >\n\t\t\t\t\n\t\t\t\t\n\t\t\t\t\n\t\t\t\t\n\t\t\t\t\n\t\t\t\t\n\t\t\t\t<div class=\"et_d4_element et_pb_row et_pb_row_0  et_pb_css_mix_blend_mode et_block_row\">\n\t\t\t\t<div class=\"et_d4_element et_pb_column_4_4 et_pb_column et_pb_column_0  et_pb_css_mix_blend_mode et-last-child et_block_column\">\n\t\t\t\t\n\t\t\t\t\n\t\t\t\t\n\t\t\t\t\n\t\t\t\t<div class=\"et_pb_module et_d4_element et_pb_text et_pb_text_0  et_pb_text_align_left et_pb_text_align_center-tablet et_pb_bg_layout_light\">\n\t\t\t\t\n\t\t\t\t\n\t\t\t\t\n\t\t\t\t\n\t\t\t\t<div class=\"et_pb_text_inner\"><h1>Was ist ein CMS? Warum sollte man ein CMS f\u00fcr seine Verwaltung verwenden?<\/h1><\/div>\n\t\t\t<\/div>\n\t\t\t<\/div>\n\t\t\t\t\n\t\t\t\t\n\t\t\t\t\n\t\t\t\t\n\t\t\t<\/div><div class=\"et_d4_element et_pb_row et_pb_row_1  et_pb_css_mix_blend_mode et_block_row\">\n\t\t\t\t<div class=\"et_d4_element et_pb_column_4_4 et_pb_column et_pb_column_1  et_pb_css_mix_blend_mode et-last-child et_block_column\">\n\t\t\t\t\n\t\t\t\t\n\t\t\t\t\n\t\t\t\t\n\t\t\t\t<div class=\"et_pb_module et_d4_element et_pb_text et_pb_text_1  et_pb_text_align_left et_pb_text_align_center-tablet et_pb_bg_layout_light\">\n\t\t\t\t\n\t\t\t\t\n\t\t\t\t\n\t\t\t\t\n\t\t\t\t<div class=\"et_pb_text_inner\"><h2>Was ist ein CMS?<\/h2><\/div>\n\t\t\t<\/div>\n\t\t\t<\/div>\n\t\t\t\t\n\t\t\t\t\n\t\t\t\t\n\t\t\t\t\n\t\t\t<\/div><div class=\"et_d4_element et_pb_row et_pb_row_2  et_pb_css_mix_blend_mode et_block_row\">\n\t\t\t\t<div class=\"et_d4_element et_pb_column_4_4 et_pb_column et_pb_column_2  et_pb_css_mix_blend_mode et-last-child et_block_column\">\n\t\t\t\t\n\t\t\t\t\n\t\t\t\t\n\t\t\t\t\n\t\t\t\t<div class=\"et_pb_module et_d4_element et_pb_text et_pb_text_2  et_pb_text_align_left et_pb_text_align_center-tablet et_pb_bg_layout_light\">\n\t\t\t\t\n\t\t\t\t\n\t\t\t\t\n\t\t\t\t\n\t\t\t\t<div class=\"et_pb_text_inner\"><p>Eine CMS-Software (Abk\u00fcrzung f\u00fcr \"Content Management System\") ist ein System zur Erstellung und Verwaltung von Inhalten.<\/p>\n<p>CMS wird normalerweise f\u00fcr die Gestaltung von Websites oder mobilen Anwendungen eingesetzt, eignet sich aber auch f\u00fcr die Gestaltung und Aktualisierung von Dokumenten wie Vertr\u00e4gen, Rechnungen oder Briefen. Es umfasst die Verwaltung von Layoutvorlagen sowie von vordefinierten Texten. Au\u00dferdem lassen sich damit Dashboards, Umfragen oder Frageb\u00f6gen erstellen und Statistiken in verschiedenen Formen generieren.<\/p><\/div>\n\t\t\t<\/div>\n\t\t\t<\/div>\n\t\t\t\t\n\t\t\t\t\n\t\t\t\t\n\t\t\t\t\n\t\t\t<\/div><div class=\"et_d4_element et_pb_row et_pb_row_3  et_pb_css_mix_blend_mode et_block_row\">\n\t\t\t\t<div class=\"et_d4_element et_pb_column_4_4 et_pb_column et_pb_column_3  et_pb_css_mix_blend_mode et-last-child et_block_column\">\n\t\t\t\t\n\t\t\t\t\n\t\t\t\t\n\t\t\t\t\n\t\t\t\t<div class=\"et_pb_module et_d4_element et_pb_text et_pb_text_3  et_pb_text_align_left et_pb_text_align_center-tablet et_pb_bg_layout_light\">\n\t\t\t\t\n\t\t\t\t\n\t\t\t\t\n\t\t\t\t\n\t\t\t\t<div class=\"et_pb_text_inner\"><h2>Warum ein CMS?<\/h2><\/div>\n\t\t\t<\/div>\n\t\t\t<\/div>\n\t\t\t\t\n\t\t\t\t\n\t\t\t\t\n\t\t\t\t\n\t\t\t<\/div><div class=\"et_d4_element et_pb_row et_pb_row_4  et_pb_css_mix_blend_mode et_block_row\">\n\t\t\t\t<div class=\"et_d4_element et_pb_column_4_4 et_pb_column et_pb_column_4  et_pb_css_mix_blend_mode et-last-child et_block_column\">\n\t\t\t\t\n\t\t\t\t\n\t\t\t\t\n\t\t\t\t\n\t\t\t\t<div class=\"et_pb_module et_d4_element et_pb_text et_pb_text_4  et_pb_text_align_left et_pb_text_align_center-tablet et_pb_bg_layout_light\">\n\t\t\t\t\n\t\t\t\t\n\t\t\t\t\n\t\t\t\t\n\t\t\t\t<div class=\"et_pb_text_inner\"><p>Zwischen Arbeitsvertr\u00e4gen, Lohnabrechnungen, Rechnungen oder auch Kostenvoranschl\u00e4gen hat ein Unternehmen im Laufe seiner T\u00e4tigkeit enorm viele Dokumente zu verfassen und zu verwalten. Dank des CMS wird die Bearbeitung von Dokumenten durch die Verwendung von Layoutvorlagen und vordefinierten Texten erleichtert und erm\u00f6glicht die Nutzung einer unternehmenseigenen Corporate-Dokumentation.<\/p><\/div>\n\t\t\t<\/div>\n\t\t\t<\/div>\n\t\t\t\t\n\t\t\t\t\n\t\t\t\t\n\t\t\t\t\n\t\t\t<\/div><div class=\"et_d4_element et_pb_row et_pb_row_5  et_pb_css_mix_blend_mode et_block_row\">\n\t\t\t\t<div class=\"et_d4_element et_pb_column_4_4 et_pb_column et_pb_column_5  et_pb_css_mix_blend_mode et-last-child et_block_column\">\n\t\t\t\t\n\t\t\t\t\n\t\t\t\t\n\t\t\t\t\n\t\t\t\t<div class=\"et_pb_module et_d4_element et_pb_text et_pb_text_5  et_pb_text_align_left et_pb_text_align_center-tablet et_pb_bg_layout_light\">\n\t\t\t\t\n\t\t\t\t\n\t\t\t\t\n\t\t\t\t\n\t\t\t\t<div class=\"et_pb_text_inner\"><h2>CMS vs ERP<\/h2><\/div>\n\t\t\t<\/div>\n\t\t\t<\/div>\n\t\t\t\t\n\t\t\t\t\n\t\t\t\t\n\t\t\t\t\n\t\t\t<\/div><div class=\"et_d4_element et_pb_row et_pb_row_6  et_pb_css_mix_blend_mode et_block_row\">\n\t\t\t\t<div class=\"et_d4_element et_pb_column_4_4 et_pb_column et_pb_column_6  et_pb_css_mix_blend_mode et-last-child et_block_column\">\n\t\t\t\t\n\t\t\t\t\n\t\t\t\t\n\t\t\t\t\n\t\t\t\t<div class=\"et_pb_module et_d4_element et_pb_text et_pb_text_6  et_pb_text_align_left et_pb_text_align_center-tablet et_pb_bg_layout_light\">\n\t\t\t\t\n\t\t\t\t\n\t\t\t\t\n\t\t\t\t\n\t\t\t\t<div class=\"et_pb_text_inner\"><p>Das CMS verwaltet speziell dynamische Inhalte wie Webseiten, Statistiken oder Dokumente. <a href=\"https:\/\/mca-concept.com\/erp-cest-quoi\/\"><strong>ERP<\/strong><\/a> verwaltet die Finanzstr\u00f6me eines Unternehmens im Zusammenhang mit Transaktionen, Rechnungsstellung und Buchhaltung.<\/p><\/div>\n\t\t\t<\/div>\n\t\t\t<\/div>\n\t\t\t\t\n\t\t\t\t\n\t\t\t\t\n\t\t\t\t\n\t\t\t<\/div><div class=\"et_d4_element et_pb_row et_pb_row_7  et_pb_css_mix_blend_mode et_block_row\">\n\t\t\t\t<div class=\"et_d4_element et_pb_column_4_4 et_pb_column et_pb_column_7  et_pb_css_mix_blend_mode et-last-child et_block_column\">\n\t\t\t\t\n\t\t\t\t\n\t\t\t\t\n\t\t\t\t\n\t\t\t\t<div class=\"et_pb_module et_d4_element et_pb_text et_pb_text_7  et_pb_text_align_left et_pb_text_align_center-tablet et_pb_bg_layout_light\">\n\t\t\t\t\n\t\t\t\t\n\t\t\t\t\n\t\t\t\t\n\t\t\t\t<div class=\"et_pb_text_inner\"><h2>CMS vs CRM<\/h2><\/div>\n\t\t\t<\/div>\n\t\t\t<\/div>\n\t\t\t\t\n\t\t\t\t\n\t\t\t\t\n\t\t\t\t\n\t\t\t<\/div><div class=\"et_d4_element et_pb_row et_pb_row_8  et_pb_css_mix_blend_mode et_block_row\">\n\t\t\t\t<div class=\"et_d4_element et_pb_column_4_4 et_pb_column et_pb_column_8  et_pb_css_mix_blend_mode et-last-child et_block_column\">\n\t\t\t\t\n\t\t\t\t\n\t\t\t\t\n\t\t\t\t\n\t\t\t\t<div class=\"et_pb_module et_d4_element et_pb_text et_pb_text_8  et_pb_text_align_left et_pb_text_align_center-tablet et_pb_bg_layout_light\">\n\t\t\t\t\n\t\t\t\t\n\t\t\t\t\n\t\t\t\t\n\t\t\t\t<div class=\"et_pb_text_inner\"><p>W\u00e4hrend mit einem CMS dynamische Inhalte wie Websites, Dashboards, Statistiken oder Dokumentationen erstellt und verwaltet werden k\u00f6nnen, <a href=\"https:\/\/mca-concept.com\/crm-cest-quoi\/\"><strong>CRM<\/strong><\/a> unterst\u00fctzt die Verwaltung des Informationsflusses, der mit den verschiedenen Beziehungen des Unternehmens verbunden ist, z. B. Kontakte, E-Mail-Kommunikation, geplante Termine, Kundendienstanfragen usw.<\/p><\/div>\n\t\t\t<\/div>\n\t\t\t<\/div>\n\t\t\t\t\n\t\t\t\t\n\t\t\t\t\n\t\t\t\t\n\t\t\t<\/div><div class=\"et_d4_element et_pb_row et_pb_row_9  et_pb_css_mix_blend_mode et_block_row\">\n\t\t\t\t<div class=\"et_d4_element et_pb_column_4_4 et_pb_column et_pb_column_9  et_pb_css_mix_blend_mode et-last-child et_block_column\">\n\t\t\t\t\n\t\t\t\t\n\t\t\t\t\n\t\t\t\t\n\t\t\t\t<div class=\"et_pb_module et_d4_element et_pb_divider et_pb_divider_0 et_pb_space\"><div class=\"et_pb_divider_internal\"><\/div><\/div>\n\t\t\t<\/div>\n\t\t\t\t\n\t\t\t\t\n\t\t\t\t\n\t\t\t\t\n\t\t\t<\/div><div class=\"et_d4_element et_pb_row et_pb_row_10  et_pb_css_mix_blend_mode et_block_row\">\n\t\t\t\t<div class=\"et_d4_element et_pb_column_4_4 et_pb_column et_pb_column_10  et_pb_css_mix_blend_mode et-last-child et_block_column\">\n\t\t\t\t\n\t\t\t\t\n\t\t\t\t\n\t\t\t\t\n\t\t\t\t<div class=\"et_pb_module et_d4_element et_pb_text et_pb_text_9  et_pb_text_align_left et_pb_text_align_center-tablet et_pb_bg_layout_light\">\n\t\t\t\t\n\t\t\t\t\n\t\t\t\t\n\t\t\t\t\n\t\t\t\t<div class=\"et_pb_text_inner\"><h2>Artikel zu diesem Thema (nur auf Franz\u00f6sisch verf\u00fcgbar)<\/h2><\/div>\n\t\t\t<\/div><div class=\"et_pb_module et_d4_element et_pb_text et_pb_text_10  et_pb_text_align_left et_pb_text_align_center-tablet et_pb_bg_layout_light\">\n\t\t\t\t\n\t\t\t\t\n\t\t\t\t\n\t\t\t\t\n\t\t\t\t<div class=\"et_pb_text_inner\"><p>MCA Time. (Online). 2022. ERP, CRM, CMS, Regroupement software\u2026 qu\u2019est-ce que c\u2019est ? Verf\u00fcgbar: <a href=\"https:\/\/mcatime.com\/erp-crm-cms-regroupement-software-quest-ce-que-cest\/\">https:\/\/mcatime.com\/erp-crm-cms-regroupement-software-quest-ce-que-cest\/<\/a><\/p><\/div>\n\t\t\t<\/div>\n\t\t\t<\/div>\n\t\t\t\t\n\t\t\t\t\n\t\t\t\t\n\t\t\t\t\n\t\t\t<\/div>\n\t\t\t\t\n\t\t\t\t\n\t\t\t<\/div><div class=\"et_d4_element et_pb_section et_pb_section_1  et_pb_css_mix_blend_mode et_section_regular et_block_section\" >\n\t\t\t\t\n\t\t\t\t\n\t\t\t\t\n\t\t\t\t\n\t\t\t\t\n\t\t\t\t\n\t\t\t\t<div class=\"et_d4_element et_pb_row et_pb_row_11  et_pb_css_mix_blend_mode et_block_row\">\n\t\t\t\t<div class=\"et_d4_element et_pb_column_4_4 et_pb_column et_pb_column_11  et_pb_css_mix_blend_mode et-last-child et_block_column\">\n\t\t\t\t\n\t\t\t\t\n\t\t\t\t\n\t\t\t\t\n\t\t\t\t<div class=\"et_pb_module et_d4_element et_pb_text et_pb_text_11  et_pb_text_align_left et_pb_text_align_center-tablet et_pb_bg_layout_light\">\n\t\t\t\t\n\t\t\t\t\n\t\t\t\t\n\t\t\t\t\n\t\t\t\t<div class=\"et_pb_text_inner\"><h2>Zusammenfassend<\/h2>\n<p>Ein <strong>CMS<\/strong> (Content Management System) ist eine Software zur Verwaltung von Inhalten, die eine wesentliche Rolle bei der Erstellung, Verwaltung und Aktualisierung verschiedener Arten von Inhalten spielt, wie z. B. Websites, Dokumente, Dashboards und vieles mehr.<\/p>\n<p>Es vereinfacht den Prozess der <strong>Inhaltserstellung<\/strong>, indem es vordefinierte <strong>Layoutvorlagen<\/strong> und Funktionen f\u00fcr die dynamische Inhaltsverwaltung bietet.<\/p>\n<p>Ein <strong>CMS<\/strong> ist besonders n\u00fctzlich f\u00fcr Unternehmen, die eine gro\u00dfe Menge an Inhalten effizient produzieren und verwalten m\u00fcssen und dabei eine visuelle und strukturelle <strong>Konsistenz wahren m\u00fcssen<\/strong>.<\/p>\n<p>Es unterscheidet sich von <strong>ERP<\/strong>, das sich auf die <strong>Finanzstr\u00f6me<\/strong> konzentriert, und <strong>CRM<\/strong>, das die Beziehungen und <strong>Interaktionen<\/strong> mit den Interessengruppen verwaltet.<\/p>\n<p>Durch den Einsatz eines <strong>CMS<\/strong> kann ein Unternehmen seine Prozesse zur <strong>Erstellung<\/strong> und Verwaltung von Inhalten rationalisieren und so seine <strong>Produktivit\u00e4t<\/strong> und die F\u00e4higkeit, effektiv mit seiner Zielgruppe zu <strong>kommunizieren<\/strong>, verbessern.<\/div>\n\t\t\t<\/div>\n\t\t\t<\/div>\n\t\t\t\t\n\t\t\t\t\n\t\t\t\t\n\t\t\t\t\n\t\t\t<\/div><div class=\"et_d4_element et_pb_row et_pb_row_12  et_pb_css_mix_blend_mode et_block_row\">\n\t\t\t\t<div class=\"et_d4_element et_pb_column_4_4 et_pb_column et_pb_column_12  et_pb_css_mix_blend_mode et-last-child et_block_column\">\n\t\t\t\t\n\t\t\t\t\n\t\t\t\t\n\t\t\t\t\n\t\t\t\t<div class=\"et_pb_module et_d4_element et_pb_text et_pb_text_12  et_pb_text_align_left et_pb_bg_layout_light\">\n\t\t\t\t\n\t\t\t\t\n\t\t\t\t\n\t\t\t\t\n\t\t\t\t<div class=\"et_pb_text_inner\"><p>erp software, crm, management software, commercial management, accounting, stocks, pme, cloud, business management, planning, pgi, saas, information system, softwarepakete, erp, softwarepaket, kundenbeziehung, managementpaket, produktionsmanagement, integriertes management, beziehungsmanagement, e-commerce, integriertes managementpaket, managementl\u00f6sung, erp solutions, enterprise resource planning, integrator, bestandsmanagement, einheitliche datenbank, erp-l\u00f6sung, r\u00fcckverfolgbarkeit, dashboards, customer relationship management, rechnungsstellung, implementierung, handel, ressourcenmanagement, microsoft dynamics, steuern, management software, open source, oracle, erp-projekt, einheit, buchhaltung, dolibarr, management softwarepakete, erp-software, unsere l\u00f6sungen, pmi, automatisierung, parametrierung, handelsmanagement-software, operativ, managementl\u00f6sungen, tpe, integrierte management-software, saas-modus, cegid, demo, automatisieren, funktional, erp und crm, ressourcenplanung, skalierbar, integrierte management-software, ebp, business intelligence, workflow, modular, unternehmensressourcen, erp open source, ergonomie, crm und erp, entscheidungsfindung, software, software, flexibilit\u00e4t, gesch\u00e4ftsprozesse, integriert, mittelst\u00e4ndische unternehmen, kleine und mittlere unternehmen, mehrere module, dynamics nav, branchen, funktionaler umfang, agilit\u00e4t, nav, supply chain, projektmanagement, beratungsunternehmen, datenbanken, analytik, erp-markt, integriertes management, verwaltung von d utilisateurs, modules de gestion, cycle de vie, r\u00e9activit\u00e9, consultant erp, logiciel de production, \u00e9critures comptables, applications informatiques, gestion des ventes, outil de gestion, solutions crm, nouvelles fonctionnalit\u00e9s, int\u00e8gre un outil, back office, permet donc de g\u00e9rer, logiciel de gestion int\u00e9gr\u00e9, permettant de g\u00e9rer l ensemble, besoins sp\u00e9cifiques, solution compl\u00e8te, collaboratif, paye, parc informatique, fonctionnelles, comptables, moteur de workflow, erp sage, \u00e9diteur de logiciel, aide \u00e0 la d\u00e9cision, int\u00e9grateurs, automatis\u00e9, int\u00e8gre l entreprise, module crm, gestion des flux, logiciels de gestion d entreprise, logiciel sap, int\u00e9gr\u00e9e au logiciel, mrp, pme pmi, ma\u00eetrise des co\u00fbts, solution de gestion int\u00e9gr\u00e9e, gestion des donn\u00e9es, jd edwards, agroalimentaire, d\u00e9veloppements sp\u00e9cifiques, d\u00e9mat\u00e9rialisation, affaire de gestion, filiales, la logistique, meilleure gestion, prestashop, modules sp\u00e9cifiques, btp, erp finance, entreprise de logiciel, plusieurs applications, \u00e9volutif, int\u00e8gre notamment, package, logiciel logistique, gestion du personnel, gain de temps, r\u00e9f\u00e9rentiel, microsoft dynamics ax, grand dictionnaire, compl\u00e8te et int\u00e9gr\u00e9e, terminologique, comptable et financi\u00e8re, dictionnaire terminologique, pourrait \u00eatre int\u00e9gr\u00e9, centralis\u00e9, activit\u00e9 commerciale, concurrentiel, sql server, gestion des commandes<\/p><\/div>\n\t\t\t<\/div>\n\t\t\t<\/div>\n\t\t\t\t\n\t\t\t\t\n\t\t\t\t\n\t\t\t\t\n\t\t\t<\/div>\n\t\t\t\t\n\t\t\t\t\n\t\t\t<\/div><\/p>\n","protected":false},"excerpt":{"rendered":"","protected":false},"author":11,"featured_media":0,"parent":0,"menu_order":0,"comment_status":"closed","ping_status":"closed","template":"","meta":{"content-type":"","inline_featured_image":false,"_price":"","_stock":"","_tribe_ticket_header":"","_tribe_default_ticket_provider":"","_tribe_ticket_capacity":"0","_ticket_start_date":"","_ticket_end_date":"","_tribe_ticket_show_description":"","_tribe_ticket_show_not_going":false,"_tribe_ticket_use_global_stock":"","_tribe_ticket_global_stock_level":"","_global_stock_mode":"","_global_stock_cap":"","_tribe_rsvp_for_event":"","_tribe_ticket_going_count":"","_tribe_ticket_not_going_count":"","_tribe_tickets_list":"[]","_tribe_ticket_has_attendee_info_fields":false,"_et_pb_use_builder":"on","_et_pb_old_content":"","_et_gb_content_width":"","footnotes":"","_tec_slr_enabled":"","_tec_slr_layout":""},"class_list":["post-35782","page","type-page","status-publish","hentry"],"yoast_head":"<!-- This site is optimized with the Yoast SEO Premium plugin v26.1 (Yoast SEO v27.2) - https:\/\/yoast.com\/product\/yoast-seo-premium-wordpress\/ -->\n<title>Was ist ein CMS? Warum sollte man eines verwenden? | MCA Concept<\/title>\n<meta name=\"description\" content=\"Erfahren Sie, was ein CMS ist, warum man diese Art von Software verwendet und wie sich ein CMS von ERP und CRM unterscheidet.\" \/>\n<meta name=\"robots\" content=\"index, follow, max-snippet:-1, max-image-preview:large, max-video-preview:-1\" \/>\n<link rel=\"canonical\" href=\"https:\/\/mca-concept.com\/de\/cms-was-ist\/\" \/>\n<meta property=\"og:locale\" content=\"de_DE\" \/>\n<meta property=\"og:type\" content=\"article\" \/>\n<meta property=\"og:title\" content=\"Was ist ein CMS? Warum sollte man ein CMS f\u00fcr seine Verwaltung verwenden?\" \/>\n<meta property=\"og:description\" content=\"Erfahren Sie, was ein CMS ist, warum man diese Art von Software verwendet und wie sich ein CMS von ERP und CRM unterscheidet.\" \/>\n<meta property=\"og:url\" content=\"https:\/\/mca-concept.com\/de\/cms-was-ist\/\" \/>\n<meta property=\"og:site_name\" content=\"MCA Concept\" \/>\n<meta property=\"article:publisher\" content=\"https:\/\/www.facebook.com\/mcaconcept\/\" \/>\n<meta property=\"article:modified_time\" content=\"2023-10-26T13:52:46+00:00\" \/>\n<meta name=\"twitter:card\" content=\"summary_large_image\" \/>\n<meta name=\"twitter:site\" content=\"@McaConcept\" \/>\n<meta name=\"twitter:label1\" content=\"Gesch\u00e4tzte Lesezeit\" \/>\n\t<meta name=\"twitter:data1\" content=\"7\u00a0Minuten\" \/>\n<script type=\"application\/ld+json\" class=\"yoast-schema-graph\">{\"@context\":\"https:\/\/schema.org\",\"@graph\":[{\"@type\":\"WebPage\",\"@id\":\"https:\/\/mca-concept.com\/de\/cms-was-ist\/\",\"url\":\"https:\/\/mca-concept.com\/de\/cms-was-ist\/\",\"name\":\"Was ist ein CMS? Warum sollte man eines verwenden? | MCA Concept\",\"isPartOf\":{\"@id\":\"https:\/\/mca-concept.com\/de\/#website\"},\"datePublished\":\"2022-03-30T13:46:04+00:00\",\"dateModified\":\"2023-10-26T13:52:46+00:00\",\"description\":\"Erfahren Sie, was ein CMS ist, warum man diese Art von Software verwendet und wie sich ein CMS von ERP und CRM unterscheidet.\",\"breadcrumb\":{\"@id\":\"https:\/\/mca-concept.com\/de\/cms-was-ist\/#breadcrumb\"},\"inLanguage\":\"de\",\"potentialAction\":[{\"@type\":\"ReadAction\",\"target\":[\"https:\/\/mca-concept.com\/de\/cms-was-ist\/\"]}]},{\"@type\":\"BreadcrumbList\",\"@id\":\"https:\/\/mca-concept.com\/de\/cms-was-ist\/#breadcrumb\",\"itemListElement\":[{\"@type\":\"ListItem\",\"position\":1,\"name\":\"Accueil\",\"item\":\"https:\/\/mca-concept.com\/de\/\"},{\"@type\":\"ListItem\",\"position\":2,\"name\":\"Was ist ein CMS? Warum sollte man ein CMS f\u00fcr seine Verwaltung verwenden?\"}]},{\"@type\":\"WebSite\",\"@id\":\"https:\/\/mca-concept.com\/de\/#website\",\"url\":\"https:\/\/mca-concept.com\/de\/\",\"name\":\"MCA Concept\",\"description\":\"Solutions de gestion d&#039;entreprise ERP-CRM-CMS\",\"publisher\":{\"@id\":\"https:\/\/mca-concept.com\/de\/#organization\"},\"potentialAction\":[{\"@type\":\"SearchAction\",\"target\":{\"@type\":\"EntryPoint\",\"urlTemplate\":\"https:\/\/mca-concept.com\/de\/?s={search_term_string}\"},\"query-input\":{\"@type\":\"PropertyValueSpecification\",\"valueRequired\":true,\"valueName\":\"search_term_string\"}}],\"inLanguage\":\"de\"},{\"@type\":\"Organization\",\"@id\":\"https:\/\/mca-concept.com\/de\/#organization\",\"name\":\"MCA Concept\",\"url\":\"https:\/\/mca-concept.com\/de\/\",\"logo\":{\"@type\":\"ImageObject\",\"inLanguage\":\"de\",\"@id\":\"https:\/\/mca-concept.com\/de\/#\/schema\/logo\/image\/\",\"url\":\"https:\/\/mca-concept.com\/wordpress3\/wp-content\/uploads\/2019\/09\/mca-logo300px.png\",\"contentUrl\":\"https:\/\/mca-concept.com\/wordpress3\/wp-content\/uploads\/2019\/09\/mca-logo300px.png\",\"width\":300,\"height\":156,\"caption\":\"MCA Concept\"},\"image\":{\"@id\":\"https:\/\/mca-concept.com\/de\/#\/schema\/logo\/image\/\"},\"sameAs\":[\"https:\/\/www.facebook.com\/mcaconcept\/\",\"https:\/\/x.com\/McaConcept\",\"https:\/\/www.instagram.com\/mcaconcept\/\",\"https:\/\/ch.linkedin.com\/company\/mca-concept\",\"https:\/\/www.youtube.com\/channel\/UC1WT0RmNiTycrnzr6FqDuPg\"]}]}<\/script>\n<!-- \/ Yoast SEO Premium plugin. -->","yoast_head_json":{"title":"Was ist ein CMS? Warum sollte man eines verwenden? | MCA Concept","description":"Erfahren Sie, was ein CMS ist, warum man diese Art von Software verwendet und wie sich ein CMS von ERP und CRM unterscheidet.","robots":{"index":"index","follow":"follow","max-snippet":"max-snippet:-1","max-image-preview":"max-image-preview:large","max-video-preview":"max-video-preview:-1"},"canonical":"https:\/\/mca-concept.com\/de\/cms-was-ist\/","og_locale":"de_DE","og_type":"article","og_title":"Was ist ein CMS? Warum sollte man ein CMS f\u00fcr seine Verwaltung verwenden?","og_description":"Erfahren Sie, was ein CMS ist, warum man diese Art von Software verwendet und wie sich ein CMS von ERP und CRM unterscheidet.","og_url":"https:\/\/mca-concept.com\/de\/cms-was-ist\/","og_site_name":"MCA Concept","article_publisher":"https:\/\/www.facebook.com\/mcaconcept\/","article_modified_time":"2023-10-26T13:52:46+00:00","twitter_card":"summary_large_image","twitter_site":"@McaConcept","twitter_misc":{"Gesch\u00e4tzte Lesezeit":"7\u00a0Minuten"},"schema":{"@context":"https:\/\/schema.org","@graph":[{"@type":"WebPage","@id":"https:\/\/mca-concept.com\/de\/cms-was-ist\/","url":"https:\/\/mca-concept.com\/de\/cms-was-ist\/","name":"Was ist ein CMS? Warum sollte man eines verwenden? | MCA Concept","isPartOf":{"@id":"https:\/\/mca-concept.com\/de\/#website"},"datePublished":"2022-03-30T13:46:04+00:00","dateModified":"2023-10-26T13:52:46+00:00","description":"Erfahren Sie, was ein CMS ist, warum man diese Art von Software verwendet und wie sich ein CMS von ERP und CRM unterscheidet.","breadcrumb":{"@id":"https:\/\/mca-concept.com\/de\/cms-was-ist\/#breadcrumb"},"inLanguage":"de","potentialAction":[{"@type":"ReadAction","target":["https:\/\/mca-concept.com\/de\/cms-was-ist\/"]}]},{"@type":"BreadcrumbList","@id":"https:\/\/mca-concept.com\/de\/cms-was-ist\/#breadcrumb","itemListElement":[{"@type":"ListItem","position":1,"name":"Accueil","item":"https:\/\/mca-concept.com\/de\/"},{"@type":"ListItem","position":2,"name":"Was ist ein CMS? Warum sollte man ein CMS f\u00fcr seine Verwaltung verwenden?"}]},{"@type":"WebSite","@id":"https:\/\/mca-concept.com\/de\/#website","url":"https:\/\/mca-concept.com\/de\/","name":"MCA Concept","description":"Solutions de gestion d&#039;entreprise ERP-CRM-CMS","publisher":{"@id":"https:\/\/mca-concept.com\/de\/#organization"},"potentialAction":[{"@type":"SearchAction","target":{"@type":"EntryPoint","urlTemplate":"https:\/\/mca-concept.com\/de\/?s={search_term_string}"},"query-input":{"@type":"PropertyValueSpecification","valueRequired":true,"valueName":"search_term_string"}}],"inLanguage":"de"},{"@type":"Organization","@id":"https:\/\/mca-concept.com\/de\/#organization","name":"MCA Concept","url":"https:\/\/mca-concept.com\/de\/","logo":{"@type":"ImageObject","inLanguage":"de","@id":"https:\/\/mca-concept.com\/de\/#\/schema\/logo\/image\/","url":"https:\/\/mca-concept.com\/wordpress3\/wp-content\/uploads\/2019\/09\/mca-logo300px.png","contentUrl":"https:\/\/mca-concept.com\/wordpress3\/wp-content\/uploads\/2019\/09\/mca-logo300px.png","width":300,"height":156,"caption":"MCA Concept"},"image":{"@id":"https:\/\/mca-concept.com\/de\/#\/schema\/logo\/image\/"},"sameAs":["https:\/\/www.facebook.com\/mcaconcept\/","https:\/\/x.com\/McaConcept","https:\/\/www.instagram.com\/mcaconcept\/","https:\/\/ch.linkedin.com\/company\/mca-concept","https:\/\/www.youtube.com\/channel\/UC1WT0RmNiTycrnzr6FqDuPg"]}]}},"ticketed":false,"_links":{"self":[{"href":"https:\/\/mca-concept.com\/de\/wp-json\/wp\/v2\/pages\/35782","targetHints":{"allow":["GET"]}}],"collection":[{"href":"https:\/\/mca-concept.com\/de\/wp-json\/wp\/v2\/pages"}],"about":[{"href":"https:\/\/mca-concept.com\/de\/wp-json\/wp\/v2\/types\/page"}],"author":[{"embeddable":true,"href":"https:\/\/mca-concept.com\/de\/wp-json\/wp\/v2\/users\/11"}],"replies":[{"embeddable":true,"href":"https:\/\/mca-concept.com\/de\/wp-json\/wp\/v2\/comments?post=35782"}],"version-history":[{"count":8,"href":"https:\/\/mca-concept.com\/de\/wp-json\/wp\/v2\/pages\/35782\/revisions"}],"predecessor-version":[{"id":73534,"href":"https:\/\/mca-concept.com\/de\/wp-json\/wp\/v2\/pages\/35782\/revisions\/73534"}],"wp:attachment":[{"href":"https:\/\/mca-concept.com\/de\/wp-json\/wp\/v2\/media?parent=35782"}],"curies":[{"name":"wp","href":"https:\/\/api.w.org\/{rel}","templated":true}]}}