{"id":36131,"date":"2022-04-08T14:41:37","date_gmt":"2022-04-08T12:41:37","guid":{"rendered":"https:\/\/mca-concept.com\/pictus\/"},"modified":"2026-03-30T11:08:03","modified_gmt":"2026-03-30T09:08:03","slug":"pictus","status":"publish","type":"page","link":"https:\/\/mca-concept.com\/de\/pictus\/","title":{"rendered":"Pictus Pr\u00e4sentation"},"content":{"rendered":"<div class=\"et_pb_section_0 et_pb_section et_section_regular et_block_section\">\n<div class=\"et_pb_row_0 et_pb_row et_block_row\">\n<div class=\"et_pb_column_0 et_pb_column et_pb_column_4_4 et-last-child et_block_column et_pb_css_mix_blend_mode_passthrough\">\n<div class=\"et_pb_cta_0 et_pb_promo et_pb_bg_layout_dark et_pb_module et_block_module preset--module--divi-cta--9d25c0da-b491-4be0-a31a-88c8d6ff8e01\"><div class=\"et_pb_promo_description\"><h1 class=\"et_pb_module_header\">Pictus<\/h1><div class=\"et_pb_promo_content\"><p>Vorstellung unseres neuen Botschafters<\/p>\n<\/div><\/div><\/div>\n<\/div>\n<\/div>\n<\/div>\n\n<div class=\"et_pb_section_1 et_pb_section et_section_regular et_block_section\">\n<div class=\"et_pb_row_1 et_pb_row et_block_row\">\n<div class=\"et_pb_column_1 et_pb_column et_pb_column_4_4 et-last-child et_block_column et_pb_css_mix_blend_mode_passthrough\">\n<div class=\"et_pb_text_0 et_pb_text et_pb_bg_layout_light et_pb_module et_block_module preset--module--divi-text--75a373b3-a752-4305-81e8-535fbf8079d6\"><div class=\"et_pb_text_inner\"><h2>Wer ist Pictus?<\/h2>\n<\/div><\/div>\n<\/div>\n<\/div>\n\n<div class=\"et_pb_row_2 et_pb_row et_block_row\">\n<div class=\"et_pb_column_2 et_pb_column et_pb_column_4_4 et-last-child et_block_column et_pb_css_mix_blend_mode_passthrough\">\n<div class=\"et_pb_text_1 et_pb_text et_pb_bg_layout_light et_pb_module et_block_module preset--module--divi-text--75a373b3-a752-4305-81e8-535fbf8079d6\"><div class=\"et_pb_text_inner\"><p>Hallo, ich m\u00f6chte mich vorstellen, mein Name ist Pictus und ich bin seit kurzem Teil des Teams von MCA Concept. Mein Werdegang sieht folgenderma\u00dfen aus:<\/p>\n<p>Ich wurde 1993 in La Chaux-de-Fonds geboren. Ich habe in der Berufswelt angefangen, indem ich in einem kleinen Gesch\u00e4ft gearbeitet habe, das personalisierte T-Shirts mit verschiedenen Themen herstellte. Und dann, nachdem ich einige Zeit in La Chaux-de-Fonds verbracht hatte, wurde mir klar, dass ich reisehungrig war und die Welt entdecken wollte. Daraufhin beschloss ich, es einfach zu wagen und nahm ein langes Sabbatical, um die Welt zu bereisen. Ich habe alle Kontinente erkundet, andere Kulturen entdeckt und unvergessliche Erfahrungen gemacht...<\/p>\n<p>Nur, dass eine so lange Reise auch Geld kostet. Nachdem ich in die Schweiz zur\u00fcckgekehrt war, ging es meinen Finanzen schlecht. Auf der Suche nach einem Job stie\u00df ich auf eine Anzeige von MCA Concept, die eine Stelle als Botschafter f\u00fcr die Unternehmen MCA Concept und MCA Seed sowie die Zeitung MCA Time zu besetzen suchte. Ich aktualisierte meinen Lebenslauf, bereitete mein Bewerbungsschreiben vor und schickte ihnen meine Unterlagen. Gute Nachrichten: Meine Bewerbung wurde angenommen ! Nach mehreren Vorsprechen und Gespr\u00e4chen mit der Marketingleiterin wurde ich schlie\u00dflich als Botschafter f\u00fcr MCA Concept eingestellt.<\/p>\n<p>Aber was f\u00fcr eine Schinderei diese Vorstellungsgespr\u00e4che waren... Beim ersten Treffen wurde ich von der Marketingleiterin von oben herab behandelt, weil ich keine Krawatte f\u00fcr das Gespr\u00e4ch angezogen hatte, au\u00dferdem war das Team nicht mit ihren Vorstellungen einverstanden, das Skript f\u00fcr jedes Vorstellungsgespr\u00e4ch \u00e4nderte sich st\u00e4ndig. Ich musste also mehr als einmal improvisieren... Aber keine Sorge, mein nat\u00fcrliches Talent f\u00fcr Kommunikation hat mir geholfen, die Aufgabe mit Bravour zu meistern.<\/p>\n<p>Im Rahmen meiner T\u00e4tigkeit habe ich die Websites von MCA Concept erkundet, um zu verstehen, worum es geht... Softwarekonsolidierung, ERP, CRM, CMS, Cloud-Hosting, Reporting, Dematerialisierung, digitale Transformation... bei all diesen Fachbegriffen wird mir schwindelig.<\/p>\n<p>Ich werde heute versuchen, dieses ganze Kauderwelsch f\u00fcr Sie zu entmystifizieren, denn nicht jeder von uns hat die letzten 20 Jahre die Nase in den Computercode gesteckt, um eine Gesch\u00e4ftssoftware zu entwickeln und weiterzuentwickeln.<\/p>\n<p>Wenn Sie also Fragen zur Software, zu allem, was mit Scannen zu tun hat, zu MCA Concept usw. haben, wenden Sie sich an mich !<\/p>\n<\/div><\/div>\n<\/div>\n<\/div>\n<\/div>\n\n<div class=\"et_pb_section_2 et_pb_section et_section_regular et_block_section\">\n<div class=\"et_pb_row_3 et_pb_row et_pb_row_4col et_block_row et_block_row_4col\">\n<div class=\"et_pb_column_3 et_pb_column et_pb_column_1_4 et_block_column et_pb_css_mix_blend_mode_passthrough\">\n<div class=\"et_pb_blurb_0 et_pb_blurb et_pb_bg_layout_light et_pb_text_align_center et_pb_text_align_center-tablet et_pb_text_align_center-phone et_pb_blurb_position_top et_clickable et_pb_module et_block_module capsule\"><div class=\"et_pb_blurb_content\"><div class=\"et_pb_main_blurb_image\"><a href=\"https:\/\/mca-concept.com\/societe\/\"><span class=\"et_pb_image_wrap et_pb_only_image_mode_wrap\"><img decoding=\"async\" src=\"https:\/\/mca-concept.com\/wordpress3\/wp-content\/uploads\/2022\/06\/icone-marque-mca-concept.png\" width=\"113\" height=\"58\" srcset=\"https:\/\/mca-concept.com\/wordpress3\/wp-content\/uploads\/2022\/06\/icone-marque-mca-concept.png 113w\" sizes=\"(max-width: 113px) 100vw, 113px\" class=\"et-waypoint et_pb_animation_top et_pb_animation_top_tablet et_pb_animation_top_phone wp-image-41805\" alt=\"icone der Firma MCA Concept\" \/><\/span><\/a><\/div><div class=\"et_pb_blurb_container\"><h3 class=\"et_pb_module_header\"><a href=\"https:\/\/mca-concept.com\/societe\/\">Die Firma<\/a><\/h3><\/div><\/div><\/div>\n<\/div>\n\n<div class=\"et_pb_column_4 et_pb_column et_pb_column_1_4 et_block_column et_pb_css_mix_blend_mode_passthrough\">\n<div class=\"et_pb_blurb_1 et_pb_blurb et_pb_bg_layout_light et_pb_text_align_center et_pb_text_align_center-tablet et_pb_text_align_center-phone et_pb_blurb_position_top et_clickable et_pb_module et_block_module capsule\"><div class=\"et_pb_blurb_content\"><div class=\"et_pb_main_blurb_image\"><a href=\"https:\/\/mca-concept.com\/partenariats\/\"><span class=\"et_pb_image_wrap\"><span class=\"et-pb-icon et-waypoint et_pb_animation_top et_pb_animation_top_tablet et_pb_animation_top_phone\">\uf2b5<\/span><\/span><\/a><\/div><div class=\"et_pb_blurb_container\"><h3 class=\"et_pb_module_header\"><a href=\"https:\/\/mca-concept.com\/partenariats\/\">Partnerschaften<\/a><\/h3><\/div><\/div><\/div>\n<\/div>\n\n<div class=\"et_pb_column_5 et_pb_column et_pb_column_1_4 et_block_column et_pb_css_mix_blend_mode_passthrough\">\n<div class=\"et_pb_blurb_2 et_pb_blurb et_pb_bg_layout_light et_pb_text_align_center et_pb_text_align_center-tablet et_pb_text_align_center-phone et_pb_blurb_position_top et_clickable et_pb_module et_block_module capsule\"><div class=\"et_pb_blurb_content\"><div class=\"et_pb_main_blurb_image\"><a href=\"https:\/\/mca-concept.com\/pietro\/\"><span class=\"et_pb_image_wrap et_pb_only_image_mode_wrap\"><img decoding=\"async\" src=\"https:\/\/mca-concept.com\/wordpress3\/wp-content\/uploads\/2022\/05\/qr-carte-visite-pietro-bongiovanni-1-300x298.png\" width=\"300\" height=\"298\" srcset=\"https:\/\/mca-concept.com\/wordpress3\/wp-content\/uploads\/2022\/05\/qr-carte-visite-pietro-bongiovanni-1-300x298.png 300w\" class=\"et-waypoint et_pb_animation_top et_pb_animation_top_tablet et_pb_animation_top_phone wp-image-40029\" alt=\"QR-Code &quot;Visitenkarte&quot; | Pietro Bongiovanni\" \/><\/span><\/a><\/div><div class=\"et_pb_blurb_container\"><h3 class=\"et_pb_module_header\"><a href=\"https:\/\/mca-concept.com\/pietro\/\">Visitenkarte: Pietro Bongiovanni<\/a><\/h3><\/div><\/div><\/div>\n<\/div>\n\n<div class=\"et_pb_column_6 et_pb_column et_pb_column_1_4 et-last-child et_block_column et_pb_css_mix_blend_mode_passthrough\">\n<div class=\"et_pb_blurb_3 et_pb_blurb et_pb_bg_layout_light et_pb_text_align_center et_pb_text_align_center-tablet et_pb_text_align_center-phone et_pb_blurb_position_top et_clickable et_pb_module et_block_module capsule\"><div class=\"et_pb_blurb_content\"><div class=\"et_pb_main_blurb_image\"><a href=\"https:\/\/mca-concept.com\/?page_id=58902\"><span class=\"et_pb_image_wrap\"><span class=\"et-pb-icon et-waypoint et_pb_animation_top et_pb_animation_top_tablet et_pb_animation_top_phone\">\uf007<\/span><\/span><\/a><\/div><div class=\"et_pb_blurb_container\"><h3 class=\"et_pb_module_header\"><a href=\"https:\/\/mca-concept.com\/?page_id=58902\">Visitenkarte: La\u00ebtitia Molinari<\/a><\/h3><\/div><\/div><\/div>\n<\/div>\n<\/div>\n<\/div>","protected":false},"excerpt":{"rendered":"","protected":false},"author":11,"featured_media":0,"parent":0,"menu_order":0,"comment_status":"closed","ping_status":"closed","template":"","meta":{"content-type":"","inline_featured_image":false,"_price":"","_stock":"","_tribe_ticket_header":"","_tribe_default_ticket_provider":"","_tribe_ticket_capacity":"0","_ticket_start_date":"","_ticket_end_date":"","_tribe_ticket_show_description":"","_tribe_ticket_show_not_going":false,"_tribe_ticket_use_global_stock":"","_tribe_ticket_global_stock_level":"","_global_stock_mode":"","_global_stock_cap":"","_tribe_rsvp_for_event":"","_tribe_ticket_going_count":"","_tribe_ticket_not_going_count":"","_tribe_tickets_list":"[]","_tribe_ticket_has_attendee_info_fields":false,"footnotes":"","_tec_slr_enabled":"","_tec_slr_layout":""},"class_list":["post-36131","page","type-page","status-publish","hentry"],"yoast_head":"<!-- This site is optimized with the Yoast SEO Premium plugin v26.1 (Yoast SEO v27.2) - https:\/\/yoast.com\/product\/yoast-seo-premium-wordpress\/ -->\n<title>Wer ist Pictus | MCA Concept | Schweiz<\/title>\n<meta name=\"description\" content=\"Finden Sie heraus, wer der Vogel Pictus ist, der neue Botschafter von MCA Concept.\" \/>\n<meta name=\"robots\" content=\"index, follow, max-snippet:-1, max-image-preview:large, max-video-preview:-1\" \/>\n<link rel=\"canonical\" href=\"https:\/\/mca-concept.com\/de\/pictus\/\" \/>\n<meta property=\"og:locale\" content=\"de_DE\" \/>\n<meta property=\"og:type\" content=\"article\" \/>\n<meta property=\"og:title\" content=\"Pictus Pr\u00e4sentation\" \/>\n<meta property=\"og:description\" content=\"Finden Sie heraus, wer der Vogel Pictus ist, der neue Botschafter von MCA Concept.\" \/>\n<meta property=\"og:url\" content=\"https:\/\/mca-concept.com\/de\/pictus\/\" \/>\n<meta property=\"og:site_name\" content=\"MCA Concept\" \/>\n<meta property=\"article:publisher\" content=\"https:\/\/www.facebook.com\/mcaconcept\/\" \/>\n<meta property=\"article:modified_time\" content=\"2026-03-30T09:08:03+00:00\" \/>\n<meta name=\"twitter:card\" content=\"summary_large_image\" \/>\n<meta name=\"twitter:site\" content=\"@McaConcept\" \/>\n<script type=\"application\/ld+json\" class=\"yoast-schema-graph\">{\"@context\":\"https:\/\/schema.org\",\"@graph\":[{\"@type\":\"WebPage\",\"@id\":\"https:\/\/mca-concept.com\/de\/pictus\/\",\"url\":\"https:\/\/mca-concept.com\/de\/pictus\/\",\"name\":\"Wer ist Pictus | MCA Concept | Schweiz\",\"isPartOf\":{\"@id\":\"https:\/\/mca-concept.com\/de\/#website\"},\"datePublished\":\"2022-04-08T12:41:37+00:00\",\"dateModified\":\"2026-03-30T09:08:03+00:00\",\"description\":\"Finden Sie heraus, wer der Vogel Pictus ist, der neue Botschafter von MCA Concept.\",\"breadcrumb\":{\"@id\":\"https:\/\/mca-concept.com\/de\/pictus\/#breadcrumb\"},\"inLanguage\":\"de\",\"potentialAction\":[{\"@type\":\"ReadAction\",\"target\":[\"https:\/\/mca-concept.com\/de\/pictus\/\"]}]},{\"@type\":\"BreadcrumbList\",\"@id\":\"https:\/\/mca-concept.com\/de\/pictus\/#breadcrumb\",\"itemListElement\":[{\"@type\":\"ListItem\",\"position\":1,\"name\":\"Accueil\",\"item\":\"https:\/\/mca-concept.com\/de\/\"},{\"@type\":\"ListItem\",\"position\":2,\"name\":\"Pictus Pr\u00e4sentation\"}]},{\"@type\":\"WebSite\",\"@id\":\"https:\/\/mca-concept.com\/de\/#website\",\"url\":\"https:\/\/mca-concept.com\/de\/\",\"name\":\"MCA Concept\",\"description\":\"Solutions de gestion d&#039;entreprise ERP-CRM-CMS\",\"publisher\":{\"@id\":\"https:\/\/mca-concept.com\/de\/#organization\"},\"potentialAction\":[{\"@type\":\"SearchAction\",\"target\":{\"@type\":\"EntryPoint\",\"urlTemplate\":\"https:\/\/mca-concept.com\/de\/?s={search_term_string}\"},\"query-input\":{\"@type\":\"PropertyValueSpecification\",\"valueRequired\":true,\"valueName\":\"search_term_string\"}}],\"inLanguage\":\"de\"},{\"@type\":\"Organization\",\"@id\":\"https:\/\/mca-concept.com\/de\/#organization\",\"name\":\"MCA Concept\",\"url\":\"https:\/\/mca-concept.com\/de\/\",\"logo\":{\"@type\":\"ImageObject\",\"inLanguage\":\"de\",\"@id\":\"https:\/\/mca-concept.com\/de\/#\/schema\/logo\/image\/\",\"url\":\"https:\/\/mca-concept.com\/wordpress3\/wp-content\/uploads\/2019\/09\/mca-logo300px.png\",\"contentUrl\":\"https:\/\/mca-concept.com\/wordpress3\/wp-content\/uploads\/2019\/09\/mca-logo300px.png\",\"width\":300,\"height\":156,\"caption\":\"MCA Concept\"},\"image\":{\"@id\":\"https:\/\/mca-concept.com\/de\/#\/schema\/logo\/image\/\"},\"sameAs\":[\"https:\/\/www.facebook.com\/mcaconcept\/\",\"https:\/\/x.com\/McaConcept\",\"https:\/\/www.instagram.com\/mcaconcept\/\",\"https:\/\/ch.linkedin.com\/company\/mca-concept\",\"https:\/\/www.youtube.com\/channel\/UC1WT0RmNiTycrnzr6FqDuPg\"]}]}<\/script>\n<!-- \/ Yoast SEO Premium plugin. -->","yoast_head_json":{"title":"Wer ist Pictus | MCA Concept | Schweiz","description":"Finden Sie heraus, wer der Vogel Pictus ist, der neue Botschafter von MCA Concept.","robots":{"index":"index","follow":"follow","max-snippet":"max-snippet:-1","max-image-preview":"max-image-preview:large","max-video-preview":"max-video-preview:-1"},"canonical":"https:\/\/mca-concept.com\/de\/pictus\/","og_locale":"de_DE","og_type":"article","og_title":"Pictus Pr\u00e4sentation","og_description":"Finden Sie heraus, wer der Vogel Pictus ist, der neue Botschafter von MCA Concept.","og_url":"https:\/\/mca-concept.com\/de\/pictus\/","og_site_name":"MCA Concept","article_publisher":"https:\/\/www.facebook.com\/mcaconcept\/","article_modified_time":"2026-03-30T09:08:03+00:00","twitter_card":"summary_large_image","twitter_site":"@McaConcept","schema":{"@context":"https:\/\/schema.org","@graph":[{"@type":"WebPage","@id":"https:\/\/mca-concept.com\/de\/pictus\/","url":"https:\/\/mca-concept.com\/de\/pictus\/","name":"Wer ist Pictus | MCA Concept | Schweiz","isPartOf":{"@id":"https:\/\/mca-concept.com\/de\/#website"},"datePublished":"2022-04-08T12:41:37+00:00","dateModified":"2026-03-30T09:08:03+00:00","description":"Finden Sie heraus, wer der Vogel Pictus ist, der neue Botschafter von MCA Concept.","breadcrumb":{"@id":"https:\/\/mca-concept.com\/de\/pictus\/#breadcrumb"},"inLanguage":"de","potentialAction":[{"@type":"ReadAction","target":["https:\/\/mca-concept.com\/de\/pictus\/"]}]},{"@type":"BreadcrumbList","@id":"https:\/\/mca-concept.com\/de\/pictus\/#breadcrumb","itemListElement":[{"@type":"ListItem","position":1,"name":"Accueil","item":"https:\/\/mca-concept.com\/de\/"},{"@type":"ListItem","position":2,"name":"Pictus Pr\u00e4sentation"}]},{"@type":"WebSite","@id":"https:\/\/mca-concept.com\/de\/#website","url":"https:\/\/mca-concept.com\/de\/","name":"MCA Concept","description":"Solutions de gestion d&#039;entreprise ERP-CRM-CMS","publisher":{"@id":"https:\/\/mca-concept.com\/de\/#organization"},"potentialAction":[{"@type":"SearchAction","target":{"@type":"EntryPoint","urlTemplate":"https:\/\/mca-concept.com\/de\/?s={search_term_string}"},"query-input":{"@type":"PropertyValueSpecification","valueRequired":true,"valueName":"search_term_string"}}],"inLanguage":"de"},{"@type":"Organization","@id":"https:\/\/mca-concept.com\/de\/#organization","name":"MCA Concept","url":"https:\/\/mca-concept.com\/de\/","logo":{"@type":"ImageObject","inLanguage":"de","@id":"https:\/\/mca-concept.com\/de\/#\/schema\/logo\/image\/","url":"https:\/\/mca-concept.com\/wordpress3\/wp-content\/uploads\/2019\/09\/mca-logo300px.png","contentUrl":"https:\/\/mca-concept.com\/wordpress3\/wp-content\/uploads\/2019\/09\/mca-logo300px.png","width":300,"height":156,"caption":"MCA Concept"},"image":{"@id":"https:\/\/mca-concept.com\/de\/#\/schema\/logo\/image\/"},"sameAs":["https:\/\/www.facebook.com\/mcaconcept\/","https:\/\/x.com\/McaConcept","https:\/\/www.instagram.com\/mcaconcept\/","https:\/\/ch.linkedin.com\/company\/mca-concept","https:\/\/www.youtube.com\/channel\/UC1WT0RmNiTycrnzr6FqDuPg"]}]}},"ticketed":false,"_links":{"self":[{"href":"https:\/\/mca-concept.com\/de\/wp-json\/wp\/v2\/pages\/36131","targetHints":{"allow":["GET"]}}],"collection":[{"href":"https:\/\/mca-concept.com\/de\/wp-json\/wp\/v2\/pages"}],"about":[{"href":"https:\/\/mca-concept.com\/de\/wp-json\/wp\/v2\/types\/page"}],"author":[{"embeddable":true,"href":"https:\/\/mca-concept.com\/de\/wp-json\/wp\/v2\/users\/11"}],"replies":[{"embeddable":true,"href":"https:\/\/mca-concept.com\/de\/wp-json\/wp\/v2\/comments?post=36131"}],"version-history":[{"count":13,"href":"https:\/\/mca-concept.com\/de\/wp-json\/wp\/v2\/pages\/36131\/revisions"}],"predecessor-version":[{"id":84008,"href":"https:\/\/mca-concept.com\/de\/wp-json\/wp\/v2\/pages\/36131\/revisions\/84008"}],"wp:attachment":[{"href":"https:\/\/mca-concept.com\/de\/wp-json\/wp\/v2\/media?parent=36131"}],"curies":[{"name":"wp","href":"https:\/\/api.w.org\/{rel}","templated":true}]}}