{"id":3735,"date":"2020-09-02T14:54:50","date_gmt":"2020-09-02T12:54:50","guid":{"rendered":"https:\/\/mca-concept.com\/datenschutzpolitik\/"},"modified":"2026-03-30T08:38:41","modified_gmt":"2026-03-30T06:38:41","slug":"datenschutzpolitik","status":"publish","type":"page","link":"https:\/\/mca-concept.com\/de\/datenschutzpolitik\/","title":{"rendered":"Datenschutzpolitik"},"content":{"rendered":"\n<div class=\"et_pb_section_0 et_pb_section et_section_regular et_block_section\"><div class=\"et_pb_row_0 et_pb_row et_block_row\"><div class=\"et_pb_column_0 et_pb_column et_pb_column_4_4 et-last-child et_block_column et_pb_css_mix_blend_mode_passthrough\"><div class=\"et_pb_text_0 et_pb_text et_pb_bg_layout_light et_pb_module et_block_module preset--module--divi-text--75a373b3-a752-4305-81e8-535fbf8079d6\"><div class=\"et_pb_text_inner\"><h1>Unsere Datenschutzpolitik<\/h1>\n<p>&nbsp;<\/p>\n<h2>Informationssammlung<\/h2>\n<h3>Pers\u00f6nliche Informationen<\/h3>\n<p>Wir erfassen Informationen, wenn Sie sich auf unserer Website registrieren, wenn Sie sich in Ihr Konto einloggen oder wenn Sie einen Kauf t\u00e4tigen. Die gesammelten Informationen umfassen Ihren Vor- und Nachnamen, Adresse, E-Mail-Adresse, Telefonnummer (falls angegeben).<\/p>\n<h3>Informationen zur Navigation<\/h3>\n<p>Dar\u00fcber hinaus empfangen und speichern wir automatisch Informationen von Ihrem Computer und Browser. Zum Beispiel Ihre IP-Adresse, Ihre Software und Hardware und die von Ihnen angeforderte Seite.<\/p>\n<h3>Google Analytics und Search Console<\/h3>\n<p>Wir verwenden Google Analytics und die Search Console, Webverkehrsanalysedienste auf unserer Website, die Bestandteile der Google Inc. sind, um unsere Webseiten zu optimieren. Diese Dienste verwenden die Cookie-Technologie.<\/p>\n<p>Wir verwenden sie, um Daten \u00fcber das Besucherverhalten zu sammeln und zu analysieren, z.B. Daten \u00fcber die Website, von der der Besucher kommt, die Dauer des Besuchs und welche Seiten der Besucher besucht hat und wie sie besucht wurden.<\/p>\n<p>F\u00fcr weitere Informationen \u00fcber die Dienstleistungen von Google empfehlen wir Ihnen, diesen Links zu folgen:<br \/><a href=\"https:\/\/marketingplatform.google.com\/about\/analytics\/terms\/fr\" style=\"color: dodgerblue;\">Google Analytics-Bedingungen<\/a><br \/><a href=\"https:\/\/marketingplatform.google.com\/about\/analytics\" style=\"color: dodgerblue;\">\u00dcber Google Analytics<\/a><br \/><a href=\"https:\/\/policies.google.com\/privacy?hl=fr\" style=\"color: dodgerblue;\">Google-Datenschutzbestimmungen<\/a><\/p>\n<h2>Gebrauch der Informationen<\/h2>\n<p>Alle Informationen, die wir von Ihnen sammeln, k\u00f6nnen gebraucht werden f\u00fcr :<br \/>- Ihre Erfahrung personalisieren und auf Ihre individuellen Bed\u00fcrfnisse eingehen<br \/>- Bereitstellung von personalisierten Werbeinhalten<br \/>- Unsere Seite verbessern<br \/>- den Kundenservice und Ihren Betreuungsbedarf verbessern<br \/>- Sie per E-Mail kontaktieren<br \/>- Einen Wettbewerb, eine Bef\u00f6rderung oder eine Umfrage verwalten<\/p>\n<h2>Online-Gesch\u00e4ftsvertraulichkeit<\/h2>\n<p>Wir sind die alleinigen Eigent\u00fcmer der auf dieser Website gesammelten Informationen. Ihre pers\u00f6nlichen Daten werden ohne Ihre Zustimmung nicht verkauft, getauscht, \u00fcbertragen oder an ein anderes Unternehmen aus irgendeinem Grund weitergegeben, es sei denn, dies ist zur Erf\u00fcllung einer Anfrage und\/oder Transaktion, wie z.B. dem Versand einer Bestellung, erforderlich.<\/p>\n<h2>Offenlegung an Dritte<\/h2>\n<p>Wir verkaufen, tauschen oder \u00fcbertragen Ihre pers\u00f6nlichen identifizierbaren Daten nicht an Dritte. Dies schlie\u00dft vertrauensw\u00fcrdige Dritte, die uns beim Betrieb unserer Website oder bei der Durchf\u00fchrung unserer Gesch\u00e4fte unterst\u00fctzen, nicht ein, solange diese Parteien sich verpflichten, diese Informationen vertraulich zu behandeln.<\/p>\n<p>Wir glauben, dass es notwendig ist, Informationen auszutauschen, um illegale Aktivit\u00e4ten, Betrugsverdacht, Situationen, in denen die physische Sicherheit von Personen gef\u00e4hrdet sein k\u00f6nnte, Verletzungen unserer Nutzungsbedingungen zu untersuchen, zu verhindern oder Ma\u00dfnahmen zu ergreifen, oder wenn wir gesetzlich dazu verpflichtet sind.<\/p>\n<p>Nicht-private Informationen k\u00f6nnen jedoch an andere Parteien f\u00fcr Marketing, Werbung oder andere Zwecke weitergegeben werden.<\/p>\n<h2>Informationen-Schutz<\/h2>\n<h3>Sicherheit<\/h3>\n<p>Wir setzen eine Vielzahl von Sicherheitsma\u00dfnahmen ein, um die Sicherheit Ihrer pers\u00f6nlichen Daten zu gew\u00e4hrleisten. Wir verwenden modernste Verschl\u00fcsselung, um sensible Informationen, die online \u00fcbertragen werden, zu sch\u00fctzen. Wir sch\u00fctzen Ihre Informationen auch offline. Nur Mitarbeiter, die eine bestimmte Aufgabe erf\u00fcllen m\u00fcssen (z.B. Rechnungsstellung oder Kundendienst), erhalten Zugang zu personenbezogenen Daten. Die Computer und Server, die zur Speicherung personenbezogener Daten verwendet werden, werden in einer sicheren Umgebung aufbewahrt.<\/p>\n<h3>Cookies<\/h3>\n<p>Unsere Cookies verbessern den Zugang zu unserer Website und identifizieren wiederkehrende Besucher.. Dar\u00fcber hinaus verbessern unsere Cookies die Benutzererfahrung, indem sie die Interessen der Benutzer verfolgen und gezielter ausrichten.. Diese Verwendung von Cookies ist jedoch in keiner Weise mit irgendwelchen pers\u00f6nlich identifizierbaren Informationen auf unserer Website verbunden.<\/p>\n<h2>Abbestellen<\/h2>\n<p>Wir verwenden die von Ihnen angegebene E-Mail-Adresse, um Ihnen Informationen und Aktualisierungen im Zusammenhang mit Ihrer Bestellung, gelegentliche Unternehmensnachrichten, Informationen \u00fcber verwandte Produkte usw. zuzusenden. Wenn Sie sich zu irgendeinem Zeitpunkt abmelden und keine E-Mails mehr erhalten m\u00f6chten, finden Sie am Ende jeder E-Mail detaillierte Anweisungen zur Abmeldung.<\/p>\n<h2>Zustimmung<\/h2>\n<p><b>Durch die Nutzung unserer Website erkl\u00e4ren Sie sich stillschweigend mit unserer Datenschutzrichtlinie einverstanden.<\/b><\/p>\n<h2>Kontakt<\/h2>\n<p>Wenn Sie eine Information w\u00fcnschen oder uns eine Bemerkung zukommen lassen m\u00f6chten, k\u00f6nnen Sie einfach das Kontaktformular der Website (oder das von <a href=\"https:\/\/mca-concept.com\/#contact\" style=\"color: dodgerblue;\">mca-concept.com<\/a>, Website des Unternehmens) benutzen, uns per E-Mail an die Adresse <a href=\"mailto:info@mca-concept.com\" style=\"color: dodgerblue;\">info@mca-concept.com<\/a> oder per Post an die folgende Adresse kontaktieren:<\/p>\n<p>MCA-Concept, Rue Basse 33, Case postale 175, 2013 Colombier\/NE<\/p>\n<\/div><\/div><\/div><\/div><\/div>\n","protected":false},"excerpt":{"rendered":"","protected":false},"author":3,"featured_media":0,"parent":0,"menu_order":0,"comment_status":"closed","ping_status":"closed","template":"","meta":{"content-type":"","inline_featured_image":false,"_price":"","_stock":"","_tribe_ticket_header":"","_tribe_default_ticket_provider":"","_tribe_ticket_capacity":"0","_ticket_start_date":"","_ticket_end_date":"","_tribe_ticket_show_description":"","_tribe_ticket_show_not_going":false,"_tribe_ticket_use_global_stock":"","_tribe_ticket_global_stock_level":"","_global_stock_mode":"","_global_stock_cap":"","_tribe_rsvp_for_event":"","_tribe_ticket_going_count":"","_tribe_ticket_not_going_count":"","_tribe_tickets_list":"[]","_tribe_ticket_has_attendee_info_fields":false,"footnotes":"","_tec_slr_enabled":"","_tec_slr_layout":""},"class_list":["post-3735","page","type-page","status-publish","hentry"],"yoast_head":"<!-- This site is optimized with the Yoast SEO Premium plugin v26.1 (Yoast SEO v27.2) - https:\/\/yoast.com\/product\/yoast-seo-premium-wordpress\/ -->\n<title>Unsere Datenschutzpolitik | MCA Concept | Schweiz<\/title>\n<meta name=\"description\" content=\"Wenn Sie mehr \u00fcber unsere Datenschutzpolitik erfahren m\u00f6chten, ist diese Seite genau das Richtige f\u00fcr Sie!\" \/>\n<meta name=\"robots\" content=\"index, nofollow, max-snippet:-1, max-image-preview:large, max-video-preview:-1\" \/>\n<link rel=\"canonical\" href=\"https:\/\/mca-concept.com\/de\/datenschutzpolitik\/\" \/>\n<meta property=\"og:locale\" content=\"de_DE\" \/>\n<meta property=\"og:type\" content=\"article\" \/>\n<meta property=\"og:title\" content=\"Datenschutzpolitik\" \/>\n<meta property=\"og:description\" content=\"Wenn Sie mehr \u00fcber unsere Datenschutzpolitik erfahren m\u00f6chten, ist diese Seite genau das Richtige f\u00fcr Sie!\" \/>\n<meta property=\"og:url\" content=\"https:\/\/mca-concept.com\/de\/datenschutzpolitik\/\" \/>\n<meta property=\"og:site_name\" content=\"MCA Concept\" \/>\n<meta property=\"article:publisher\" content=\"https:\/\/www.facebook.com\/mcaconcept\/\" \/>\n<meta property=\"article:modified_time\" content=\"2026-03-30T06:38:41+00:00\" \/>\n<meta name=\"twitter:card\" content=\"summary_large_image\" \/>\n<meta name=\"twitter:site\" content=\"@McaConcept\" \/>\n<script type=\"application\/ld+json\" class=\"yoast-schema-graph\">{\"@context\":\"https:\/\/schema.org\",\"@graph\":[{\"@type\":\"WebPage\",\"@id\":\"https:\/\/mca-concept.com\/de\/datenschutzpolitik\/\",\"url\":\"https:\/\/mca-concept.com\/de\/datenschutzpolitik\/\",\"name\":\"Unsere Datenschutzpolitik | MCA Concept | Schweiz\",\"isPartOf\":{\"@id\":\"https:\/\/mca-concept.com\/de\/#website\"},\"datePublished\":\"2020-09-02T12:54:50+00:00\",\"dateModified\":\"2026-03-30T06:38:41+00:00\",\"description\":\"Wenn Sie mehr \u00fcber unsere Datenschutzpolitik erfahren m\u00f6chten, ist diese Seite genau das Richtige f\u00fcr Sie!\",\"breadcrumb\":{\"@id\":\"https:\/\/mca-concept.com\/de\/datenschutzpolitik\/#breadcrumb\"},\"inLanguage\":\"de\",\"potentialAction\":[{\"@type\":\"ReadAction\",\"target\":[\"https:\/\/mca-concept.com\/de\/datenschutzpolitik\/\"]}]},{\"@type\":\"BreadcrumbList\",\"@id\":\"https:\/\/mca-concept.com\/de\/datenschutzpolitik\/#breadcrumb\",\"itemListElement\":[{\"@type\":\"ListItem\",\"position\":1,\"name\":\"Accueil\",\"item\":\"https:\/\/mca-concept.com\/de\/\"},{\"@type\":\"ListItem\",\"position\":2,\"name\":\"Datenschutzpolitik\"}]},{\"@type\":\"WebSite\",\"@id\":\"https:\/\/mca-concept.com\/de\/#website\",\"url\":\"https:\/\/mca-concept.com\/de\/\",\"name\":\"MCA Concept\",\"description\":\"Solutions de gestion d&#039;entreprise ERP-CRM-CMS\",\"publisher\":{\"@id\":\"https:\/\/mca-concept.com\/de\/#organization\"},\"potentialAction\":[{\"@type\":\"SearchAction\",\"target\":{\"@type\":\"EntryPoint\",\"urlTemplate\":\"https:\/\/mca-concept.com\/de\/?s={search_term_string}\"},\"query-input\":{\"@type\":\"PropertyValueSpecification\",\"valueRequired\":true,\"valueName\":\"search_term_string\"}}],\"inLanguage\":\"de\"},{\"@type\":\"Organization\",\"@id\":\"https:\/\/mca-concept.com\/de\/#organization\",\"name\":\"MCA Concept\",\"url\":\"https:\/\/mca-concept.com\/de\/\",\"logo\":{\"@type\":\"ImageObject\",\"inLanguage\":\"de\",\"@id\":\"https:\/\/mca-concept.com\/de\/#\/schema\/logo\/image\/\",\"url\":\"https:\/\/mca-concept.com\/wordpress3\/wp-content\/uploads\/2019\/09\/mca-logo300px.png\",\"contentUrl\":\"https:\/\/mca-concept.com\/wordpress3\/wp-content\/uploads\/2019\/09\/mca-logo300px.png\",\"width\":300,\"height\":156,\"caption\":\"MCA Concept\"},\"image\":{\"@id\":\"https:\/\/mca-concept.com\/de\/#\/schema\/logo\/image\/\"},\"sameAs\":[\"https:\/\/www.facebook.com\/mcaconcept\/\",\"https:\/\/x.com\/McaConcept\",\"https:\/\/www.instagram.com\/mcaconcept\/\",\"https:\/\/ch.linkedin.com\/company\/mca-concept\",\"https:\/\/www.youtube.com\/channel\/UC1WT0RmNiTycrnzr6FqDuPg\"]}]}<\/script>\n<!-- \/ Yoast SEO Premium plugin. -->","yoast_head_json":{"title":"Unsere Datenschutzpolitik | MCA Concept | Schweiz","description":"Wenn Sie mehr \u00fcber unsere Datenschutzpolitik erfahren m\u00f6chten, ist diese Seite genau das Richtige f\u00fcr Sie!","robots":{"index":"index","follow":"nofollow","max-snippet":"max-snippet:-1","max-image-preview":"max-image-preview:large","max-video-preview":"max-video-preview:-1"},"canonical":"https:\/\/mca-concept.com\/de\/datenschutzpolitik\/","og_locale":"de_DE","og_type":"article","og_title":"Datenschutzpolitik","og_description":"Wenn Sie mehr \u00fcber unsere Datenschutzpolitik erfahren m\u00f6chten, ist diese Seite genau das Richtige f\u00fcr Sie!","og_url":"https:\/\/mca-concept.com\/de\/datenschutzpolitik\/","og_site_name":"MCA Concept","article_publisher":"https:\/\/www.facebook.com\/mcaconcept\/","article_modified_time":"2026-03-30T06:38:41+00:00","twitter_card":"summary_large_image","twitter_site":"@McaConcept","schema":{"@context":"https:\/\/schema.org","@graph":[{"@type":"WebPage","@id":"https:\/\/mca-concept.com\/de\/datenschutzpolitik\/","url":"https:\/\/mca-concept.com\/de\/datenschutzpolitik\/","name":"Unsere Datenschutzpolitik | MCA Concept | Schweiz","isPartOf":{"@id":"https:\/\/mca-concept.com\/de\/#website"},"datePublished":"2020-09-02T12:54:50+00:00","dateModified":"2026-03-30T06:38:41+00:00","description":"Wenn Sie mehr \u00fcber unsere Datenschutzpolitik erfahren m\u00f6chten, ist diese Seite genau das Richtige f\u00fcr Sie!","breadcrumb":{"@id":"https:\/\/mca-concept.com\/de\/datenschutzpolitik\/#breadcrumb"},"inLanguage":"de","potentialAction":[{"@type":"ReadAction","target":["https:\/\/mca-concept.com\/de\/datenschutzpolitik\/"]}]},{"@type":"BreadcrumbList","@id":"https:\/\/mca-concept.com\/de\/datenschutzpolitik\/#breadcrumb","itemListElement":[{"@type":"ListItem","position":1,"name":"Accueil","item":"https:\/\/mca-concept.com\/de\/"},{"@type":"ListItem","position":2,"name":"Datenschutzpolitik"}]},{"@type":"WebSite","@id":"https:\/\/mca-concept.com\/de\/#website","url":"https:\/\/mca-concept.com\/de\/","name":"MCA Concept","description":"Solutions de gestion d&#039;entreprise ERP-CRM-CMS","publisher":{"@id":"https:\/\/mca-concept.com\/de\/#organization"},"potentialAction":[{"@type":"SearchAction","target":{"@type":"EntryPoint","urlTemplate":"https:\/\/mca-concept.com\/de\/?s={search_term_string}"},"query-input":{"@type":"PropertyValueSpecification","valueRequired":true,"valueName":"search_term_string"}}],"inLanguage":"de"},{"@type":"Organization","@id":"https:\/\/mca-concept.com\/de\/#organization","name":"MCA Concept","url":"https:\/\/mca-concept.com\/de\/","logo":{"@type":"ImageObject","inLanguage":"de","@id":"https:\/\/mca-concept.com\/de\/#\/schema\/logo\/image\/","url":"https:\/\/mca-concept.com\/wordpress3\/wp-content\/uploads\/2019\/09\/mca-logo300px.png","contentUrl":"https:\/\/mca-concept.com\/wordpress3\/wp-content\/uploads\/2019\/09\/mca-logo300px.png","width":300,"height":156,"caption":"MCA Concept"},"image":{"@id":"https:\/\/mca-concept.com\/de\/#\/schema\/logo\/image\/"},"sameAs":["https:\/\/www.facebook.com\/mcaconcept\/","https:\/\/x.com\/McaConcept","https:\/\/www.instagram.com\/mcaconcept\/","https:\/\/ch.linkedin.com\/company\/mca-concept","https:\/\/www.youtube.com\/channel\/UC1WT0RmNiTycrnzr6FqDuPg"]}]}},"ticketed":false,"_links":{"self":[{"href":"https:\/\/mca-concept.com\/de\/wp-json\/wp\/v2\/pages\/3735","targetHints":{"allow":["GET"]}}],"collection":[{"href":"https:\/\/mca-concept.com\/de\/wp-json\/wp\/v2\/pages"}],"about":[{"href":"https:\/\/mca-concept.com\/de\/wp-json\/wp\/v2\/types\/page"}],"author":[{"embeddable":true,"href":"https:\/\/mca-concept.com\/de\/wp-json\/wp\/v2\/users\/3"}],"replies":[{"embeddable":true,"href":"https:\/\/mca-concept.com\/de\/wp-json\/wp\/v2\/comments?post=3735"}],"version-history":[{"count":15,"href":"https:\/\/mca-concept.com\/de\/wp-json\/wp\/v2\/pages\/3735\/revisions"}],"predecessor-version":[{"id":83720,"href":"https:\/\/mca-concept.com\/de\/wp-json\/wp\/v2\/pages\/3735\/revisions\/83720"}],"wp:attachment":[{"href":"https:\/\/mca-concept.com\/de\/wp-json\/wp\/v2\/media?parent=3735"}],"curies":[{"name":"wp","href":"https:\/\/api.w.org\/{rel}","templated":true}]}}