{"id":3829,"date":"2020-09-03T15:50:45","date_gmt":"2020-09-03T13:50:45","guid":{"rendered":"https:\/\/mca-concept.com\/die-funktionalitaeten\/cms\/"},"modified":"2026-03-30T08:39:09","modified_gmt":"2026-03-30T06:39:09","slug":"cms","status":"publish","type":"page","link":"https:\/\/mca-concept.com\/de\/die-module\/cms\/","title":{"rendered":"Inhaltsverwaltungssoftware &#8211; CMS"},"content":{"rendered":"\n<div class=\"et_pb_section_0 et_pb_section et_section_regular et_block_section\"><div class=\"et_pb_row_0 et_pb_row et_block_row v-center\"><div class=\"et_pb_column_0 et_pb_column et_pb_column_4_4 et-last-child et_block_column et_pb_css_mix_blend_mode_passthrough\"><div class=\"et_pb_text_0 et_pb_text et_pb_bg_layout_light et_pb_module et_block_module preset--module--divi-text--75a373b3-a752-4305-81e8-535fbf8079d6\"><div class=\"et_pb_text_inner\"><h1>Basis<\/h1>\n<\/div><\/div><\/div><\/div><div class=\"et_pb_row_1 et_pb_row et_block_row\"><div class=\"et_pb_column_1 et_pb_column et_pb_column_4_4 et-last-child et_block_column et_pb_css_mix_blend_mode_passthrough\"><div class=\"et_pb_image_0 et_pb_image et_pb_module et_block_module\"><span class=\"et_pb_image_wrap\"><img decoding=\"async\" src=\"https:\/\/mca-concept.com\/wordpress3\/wp-content\/uploads\/2021\/11\/illustration-entete-cms-mca-kale.png\" width=\"1079\" height=\"348\" srcset=\"https:\/\/mca-concept.com\/wordpress3\/wp-content\/uploads\/2021\/11\/illustration-entete-cms-mca-kale.png 1079w, https:\/\/mca-concept.com\/wordpress3\/wp-content\/uploads\/2021\/11\/illustration-entete-cms-mca-kale-980x316.png 980w, https:\/\/mca-concept.com\/wordpress3\/wp-content\/uploads\/2021\/11\/illustration-entete-cms-mca-kale-480x155.png 480w\" sizes=\"(min-width: 0px) and (max-width: 480px) 480px, (min-width: 481px) and (max-width: 980px) 980px, (min-width: 981px) 1079px, 100vw\" class=\"wp-image-20398\" title=\"Illustration Kopfzeile CMS\" alt=\"Illustration der Kopfzeile des CMS-Moduls von MCA-Kale\" \/><\/span><\/div><\/div><\/div><\/div><div class=\"et_pb_section_1 et_pb_section et_section_regular et_block_section\"><div class=\"et_pb_row_2 et_pb_row et_block_row\"><div class=\"et_pb_column_2 et_pb_column et_pb_column_4_4 et-last-child et_block_column et_pb_css_mix_blend_mode_passthrough\"><div class=\"et_pb_text_1 et_pb_text et_pb_bg_layout_light et_pb_module et_block_module preset--module--divi-text--75a373b3-a752-4305-81e8-535fbf8079d6\"><div class=\"et_pb_text_inner\"><h2>CMS : Content Management System<br \/>Elektronische Dokumentenverwaltung<\/h2>\n<\/div><\/div><\/div><\/div><div class=\"et_pb_row_3 et_pb_row et_block_row\"><div class=\"et_pb_column_3 et_pb_column et_pb_column_1_3 et_block_column et_pb_css_mix_blend_mode_passthrough\"><div class=\"et_pb_text_2 et_pb_text et_pb_bg_layout_light et_pb_module et_block_module et_pb_text_align_center preset--module--divi-text--75a373b3-a752-4305-81e8-535fbf8079d6\"><div class=\"et_pb_text_inner\"><h3 style=\"text-align: center;\">Inhaltsverwaltung<\/h3>\n<p>Verwaltung digitaler Inhalte, um Ihre Dokumentation einfach zu organisieren und Ihre verschiedenen Inhalte einfach zu bearbeiten.<\/p>\n<\/div><\/div><\/div><div class=\"et_pb_column_4 et_pb_column et_pb_column_1_3 et_block_column et_pb_css_mix_blend_mode_passthrough\"><div class=\"et_pb_text_3 et_pb_text et_pb_bg_layout_light et_pb_module et_block_module et_pb_text_align_center preset--module--divi-text--75a373b3-a752-4305-81e8-535fbf8079d6\"><div class=\"et_pb_text_inner\"><h3 style=\"text-align: center;\">Anfragen<\/h3>\n<p>Erstellung und Verwaltung von Umfragen, Erhebungen oder Frageb\u00f6gen, in Verbindung mit dem CRM zur Datenerfassung.<\/p>\n<\/div><\/div><\/div><div class=\"et_pb_column_5 et_pb_column et_pb_column_1_3 et-last-child et_block_column et_pb_css_mix_blend_mode_passthrough\"><div class=\"et_pb_text_4 et_pb_text et_pb_bg_layout_light et_pb_module et_block_module et_pb_text_align_center preset--module--divi-text--75a373b3-a752-4305-81e8-535fbf8079d6\"><div class=\"et_pb_text_inner\"><h3 style=\"text-align: center;\">Statistiken und Rapporte<\/h3>\n<p>Mit dem Berichtswesen verkn\u00fcpft, um dynamische Berichte und Statistiken in verschiedenen Formen zu erstellen.<\/p>\n<\/div><\/div><\/div><\/div><div class=\"et_pb_row_4 et_pb_row et_block_row\"><div class=\"et_pb_column_6 et_pb_column et_pb_column_4_4 et-last-child et_block_column et_pb_css_mix_blend_mode_passthrough\"><div class=\"et_pb_text_5 et_pb_text et_pb_bg_layout_light et_pb_module et_block_module et_pb_text_align_center preset--module--divi-text--75a373b3-a752-4305-81e8-535fbf8079d6\"><div class=\"et_pb_text_inner\"><p>Ein Inhaltsverwaltungs-System oder <strong>CMS<\/strong>ist eine Softwarefamilie zur Gestaltung und dynamischen Aktualisierung von Dokumenten wie Serienbriefen, Vertr\u00e4gen, Formularen und Dashboards.<\/p>\n<p>Au\u00dferdem k\u00f6nnen Sie Berichte und Statistiken durch Kundenumfragen oder Online-Umfragen erstellen.<\/p>\n<\/div><\/div><\/div><\/div><\/div><div class=\"et_pb_section_2 et_pb_section et_section_regular et_block_section\"><div class=\"et_pb_row_5 et_pb_row et_block_row\"><div class=\"et_pb_column_7 et_pb_column et_pb_column_3_5 et_block_column et_pb_css_mix_blend_mode_passthrough\"><div class=\"et_pb_text_6 et_pb_text et_pb_bg_layout_light et_clickable et_pb_module et_block_module preset--module--divi-text--75a373b3-a752-4305-81e8-535fbf8079d6\"><div class=\"et_pb_text_inner\"><p>Erstellen Sie Ihre eigenen Vorlagen f\u00fcr Rechnungen, Vertr\u00e4ge, Umfragen oder Briefe, die Sie an Kunden und Mitarbeiter versenden k\u00f6nnen, mithilfe von <strong><br \/>\n  <u>dem CMS-Tool<\/u><br \/>\n<\/strong> das von MCA Concept entwickelt wurde. Optimieren Sie Ihren Kundenservice: Bestimmen Sie einfach die richtigen Fragen, die in den Fragebogen f\u00fcr den Kundenservice aufgenommen werden sollen, um die Kundenerfahrung zu bewerten. Die Antworten der Benutzer werden automatisch gesammelt und im angeschlossenen CRM analysiert.<\/p>\n<\/div><\/div><div class=\"et_pb_text_7 et_pb_text et_pb_bg_layout_light et_clickable et_pb_module et_block_module preset--module--divi-text--75a373b3-a752-4305-81e8-535fbf8079d6\"><div class=\"et_pb_text_inner\"><ul>\n<li>Service-Formular<\/li>\n<li>Frageb\u00f6gen, Kundenbefragungen, Online-Voting<\/li>\n<li>Standardbriefe, Vertr\u00e4ge, Rechnungen<\/li>\n<li>Rapporte und Statistiken<\/li>\n<\/ul>\n<\/div><\/div><\/div><div class=\"et_pb_column_8 et_pb_column et_pb_column_2_5 et-last-child et_block_column et_pb_css_mix_blend_mode_passthrough\"><div class=\"et_pb_image_1 et_pb_image et_pb_module et_block_module\"><a href=\"https:\/\/mca-concept.com\/informations-reseau\/#cms\"><span class=\"et_pb_image_wrap\"><img decoding=\"async\" src=\"https:\/\/mca-concept.com\/wordpress3\/wp-content\/uploads\/2021\/05\/Site.png\" width=\"706\" height=\"649\" srcset=\"https:\/\/mca-concept.com\/wordpress3\/wp-content\/uploads\/2021\/05\/Site.png 706w, https:\/\/mca-concept.com\/wordpress3\/wp-content\/uploads\/2021\/05\/Site-480x441.png 480w\" sizes=\"(min-width: 0px) and (max-width: 480px) 480px, (min-width: 481px) 706px, 100vw\" class=\"wp-image-13070\" title=\"Seite\" alt=\"Bild hr personalverwaltung\" \/><\/span><\/a><\/div><\/div><\/div><\/div><div class=\"et_pb_section_3 et_pb_section et_section_regular et_block_section\"><div class=\"et_pb_row_6 et_pb_row et_block_row\"><div class=\"et_pb_column_9 et_pb_column et_pb_column_2_5 et_block_column et_pb_css_mix_blend_mode_passthrough\"><div class=\"et_pb_image_2 et_pb_image et_pb_module et_block_module\"><span class=\"et_pb_image_wrap\"><img decoding=\"async\" src=\"https:\/\/mca-concept.com\/wordpress3\/wp-content\/uploads\/2020\/09\/logo-description-k-cms-mca-kale.png\" width=\"354\" height=\"236\" srcset=\"https:\/\/mca-concept.com\/wordpress3\/wp-content\/uploads\/2020\/09\/logo-description-k-cms-mca-kale.png 354w, https:\/\/mca-concept.com\/wordpress3\/wp-content\/uploads\/2020\/09\/logo-description-k-cms-mca-kale-200x133.png 200w, https:\/\/mca-concept.com\/wordpress3\/wp-content\/uploads\/2020\/09\/logo-description-k-cms-mca-kale-300x200.png 300w\" sizes=\"(max-width: 354px) 100vw, 354px\" class=\"wp-image-3666\" title=\"Logo Beschreibung CMS\" alt=\"Logo zur Beschreibung des CMS MCA Kale\" \/><\/span><\/div><\/div><div class=\"et_pb_column_10 et_pb_column et_pb_column_3_5 et-last-child et_block_column et_pb_css_mix_blend_mode_passthrough\"><div class=\"et_pb_text_8 et_pb_text et_pb_bg_layout_light et_pb_module et_block_module preset--module--divi-text--75a373b3-a752-4305-81e8-535fbf8079d6\"><div class=\"et_pb_text_inner\"><h2>Elektronische Dokumentenverwaltung<\/h2>\n<\/div><\/div><div class=\"et_pb_text_9 et_pb_text et_pb_bg_layout_light et_pb_module et_block_module preset--module--divi-text--75a373b3-a752-4305-81e8-535fbf8079d6\"><div class=\"et_pb_text_inner\"><h3>CMS-Funktionen<\/h3>\n<ul>\n<li>Musterbriefe, Vertr\u00e4ge und Dashboards, etc.<\/li>\n<li>Frageb\u00f6gen, Kundenbefragungen, Online-Voting<\/li>\n<li>Formulare<\/li>\n<li>Vertragsverwaltung<\/li>\n<li>Dokumentenverwaltung<\/li>\n<li>Rapporte und Statistiken<\/li>\n<li>ERP- und CRM-Querschnittsfunktionalit\u00e4t<\/li>\n<li>Dokumentenhierarchie<\/li>\n<li>Statistiken und Grafiken<\/li>\n<li>Tabellenbericht nach der Umfrage<\/li>\n<li>Verwaltung nach Ereignis<\/li>\n<li>Integriert in einem Dossier<\/li>\n<\/ul>\n<\/div><\/div><\/div><\/div><\/div><div class=\"et_pb_section_4 et_pb_section et_section_regular et_block_section\" id=\"Solutions\"><div class=\"et_pb_row_7 et_pb_row et_pb_equal_columns et_block_row\"><div class=\"et_pb_column_11 et_pb_column et_pb_column_1_2 et_block_column et_pb_css_mix_blend_mode_passthrough\"><div class=\"et_pb_image_3 et_pb_image et_animated et_pb_module et_block_module\"><a href=\"https:\/\/mca-concept.com\/logiciel-kale\/\"><span class=\"et_pb_image_wrap\"><img decoding=\"async\" src=\"https:\/\/mca-concept.com\/wordpress3\/wp-content\/uploads\/2022\/07\/mca-kale-logo-refait-recadre-300x170.png\" width=\"300\" height=\"170\" srcset=\"https:\/\/mca-concept.com\/wordpress3\/wp-content\/uploads\/2022\/07\/mca-kale-logo-refait-recadre-300x170.png 300w, https:\/\/mca-concept.com\/wordpress3\/wp-content\/uploads\/2022\/07\/mca-kale-logo-refait-recadre-200x113.png 200w, https:\/\/mca-concept.com\/wordpress3\/wp-content\/uploads\/2022\/07\/mca-kale-logo-refait-recadre.png 443w\" sizes=\"(max-width: 300px) 100vw, 300px\" class=\"wp-image-47903\" title=\"MCA Kale, umfassende Software f\u00fcr KMU und gro\u00dfe Unternehmen\" alt=\"Logo der MCA Kale-Software das einen gro\u00dfen Origami-Vogel darstellt\" \/><\/span><\/a><\/div><div class=\"et_pb_text_10 et_pb_text et_pb_bg_layout_light et_pb_module et_block_module\"><div class=\"et_pb_text_inner\"><p style=\"text-align: center;\">Software f\u00fcr gro\u00dfe Unternehmen<\/p>\n<\/div><\/div><div class=\"et_pb_module et_pb_button_module_wrapper et_pb_button_0_wrapper preset--module--divi-button--default_wrapper\"><a class=\"et_pb_button_0 et_pb_button et_pb_bg_layout_light et_pb_module et_block_module preset--module--divi-button--default\" href=\"https:\/\/mca-concept.com\/logiciel-kale\/\">Mehr erfahren<\/a><\/div><\/div><div class=\"et_pb_column_12 et_pb_column et_pb_column_1_2 et-last-child et_block_column et_pb_css_mix_blend_mode_passthrough\"><div class=\"et_pb_image_4 et_pb_image et_animated et_pb_module et_block_module\"><a href=\"https:\/\/mca-concept.com\/logiciel-colibri\/\"><span class=\"et_pb_image_wrap\"><img decoding=\"async\" src=\"https:\/\/mca-concept.com\/wordpress3\/wp-content\/uploads\/2022\/07\/mca-colibri-logo-refait-recadre-300x170.png\" width=\"300\" height=\"170\" srcset=\"https:\/\/mca-concept.com\/wordpress3\/wp-content\/uploads\/2022\/07\/mca-colibri-logo-refait-recadre-300x170.png 300w, https:\/\/mca-concept.com\/wordpress3\/wp-content\/uploads\/2022\/07\/mca-colibri-logo-refait-recadre-200x114.png 200w, https:\/\/mca-concept.com\/wordpress3\/wp-content\/uploads\/2022\/07\/mca-colibri-logo-refait-recadre.png 442w\" sizes=\"(max-width: 300px) 100vw, 300px\" class=\"wp-image-47907\" title=\"MCA Colibri, Rechnungs- und Buchhaltungssoftware f\u00fcr kleine Unternehmen\" alt=\"Logo der MCA Colibri-Software das einen kleinen Origami-Vogel darstellt\" \/><\/span><\/a><\/div><div class=\"et_pb_text_11 et_pb_text et_pb_bg_layout_light et_pb_module et_block_module et_pb_text_align_center\"><div class=\"et_pb_text_inner\"><p style=\"text-align: center;\">Software f\u00fcr Selbstst\u00e4ndige und Handwerker<\/p>\n<\/div><\/div><div class=\"et_pb_module et_pb_button_module_wrapper et_pb_button_1_wrapper preset--module--divi-button--default_wrapper\"><a class=\"et_pb_button_1 et_pb_button et_pb_bg_layout_light et_pb_module et_block_module preset--module--divi-button--default\" href=\"https:\/\/mca-concept.com\/logiciel-colibri\/\">Mehr erfahren<\/a><\/div><\/div><\/div><\/div><div class=\"et_pb_section_5 et_pb_section et_section_regular et_block_section\"><div class=\"et_pb_row_8 et_pb_row et_block_row\"><div class=\"et_pb_column_13 et_pb_column et_pb_column_4_4 et-last-child et_block_column et_pb_css_mix_blend_mode_passthrough\"><div class=\"et_pb_text_12 et_pb_text et_pb_bg_layout_light et_pb_module et_block_module preset--module--divi-text--75a373b3-a752-4305-81e8-535fbf8079d6\"><div class=\"et_pb_text_inner\"><h2>Zusammenfassend<\/h2>\n<p>&nbsp;<\/p>\n<p>Unsere <strong>CMS-L\u00f6sung<\/strong> (Content Management System) MCA Kale ist die ideale Antwort auf die Frage, wie Sie Ihre Inhalte in der <strong>Schweiz<\/strong> effizient verwalten k\u00f6nnen.<\/p>\n<p>Ob Sie ein gro\u00dfes Unternehmen leiten oder selbstst\u00e4ndig sind, unsere <strong>CMS-Software<\/strong> bietet Ihnen ein flexibles <strong>Inhaltsverwaltungssystem<\/strong>, das nahtlos in unsere ERP- und CRM-L\u00f6sung integriert ist.<\/p>\n<p>Damit k\u00f6nnen Sie ganz einfach verschiedene Arten von Inhalten erstellen, organisieren und bearbeiten, z. B. Standardbriefe, Vertr\u00e4ge, Formulare und sogar Dashboards.<\/p>\n<p>Unser CMS erleichtert auch die Erfassung von <strong>Kundendaten<\/strong> durch Online-Umfragen, -Befragungen und -Frageb\u00f6gen, die nahtlos in unser <strong>CRM<\/strong> integriert sind und so eine vereinfachte Verwaltung erm\u00f6glichen.<\/p>\n<p>So profitieren Sie von Statistiken und dynamischen Berichten, mit denen Sie die Antworten Ihrer Kunden analysieren k\u00f6nnen.<\/p>\n<p>Ob Sie Dokumentressourcen verwalten, Berichte nach einer Kundenumfrage erstellen oder Ihre Dokumente hierarchisch ordnen m\u00fcssen - unser CMS bietet eine ganze Reihe von <strong>Funktionen<\/strong>.<\/p>\n<p>Es f\u00f6rdert die Querverbindungen zwischen Ihren Dokumenten, Ihrem ERP und Ihrem CRM und vereinfacht so Ihre <strong>Inhaltsverwaltungsprozesse<\/strong>.<\/p>\n<p>Ob Sie eine professionelle <strong>Website<\/strong> erstellen, Ihre Dokumente in der <strong>Cloud<\/strong> verwalten oder Ihr Informationsmanagement vereinfachen m\u00f6chten, unsere <strong>CMS-L\u00f6sung<\/strong> MCA Kale passt sich an Ihre spezifischen Bed\u00fcrfnisse an.<\/p>\n<p>Unsere Zusatzmodule bieten noch mehr M\u00f6glichkeiten, um den unterschiedlichen Anforderungen unserer Nutzer gerecht zu werden. Entscheiden Sie sich mit MCA Kale f\u00fcr eine <strong>zuverl\u00e4ssige<\/strong>, flexible und effiziente <strong>Content-Management-L\u00f6sung<\/strong>, die Ihnen eine optimale Erfahrung bei der Erstellung von Inhalten bietet, egal ob Sie ein gro\u00dfes Unternehmen oder ein unabh\u00e4ngiger Unternehmer sind.<\/p>\n<\/div><\/div><\/div><\/div><\/div>\n","protected":false},"excerpt":{"rendered":"","protected":false},"author":3,"featured_media":0,"parent":37853,"menu_order":0,"comment_status":"closed","ping_status":"closed","template":"","meta":{"content-type":"","inline_featured_image":false,"_price":"","_stock":"","_tribe_ticket_header":"","_tribe_default_ticket_provider":"","_tribe_ticket_capacity":"0","_ticket_start_date":"","_ticket_end_date":"","_tribe_ticket_show_description":"","_tribe_ticket_show_not_going":false,"_tribe_ticket_use_global_stock":"","_tribe_ticket_global_stock_level":"","_global_stock_mode":"","_global_stock_cap":"","_tribe_rsvp_for_event":"","_tribe_ticket_going_count":"","_tribe_ticket_not_going_count":"","_tribe_tickets_list":"[]","_tribe_ticket_has_attendee_info_fields":false,"footnotes":"","_tec_slr_enabled":"","_tec_slr_layout":""},"class_list":["post-3829","page","type-page","status-publish","hentry"],"yoast_head":"<!-- This site is optimized with the Yoast SEO Premium plugin v26.1 (Yoast SEO v27.2) - https:\/\/yoast.com\/product\/yoast-seo-premium-wordpress\/ -->\n<title>Inhaltsverwaltungs-Software | CMS | MCA-Concept<\/title>\n<meta name=\"description\" content=\"Mit dem CMS k\u00f6nnen Sie die \u00dcbermittlung von Informationen innerhalb Ihres Unternehmens optimieren und standardisieren. Erlaubt auch die Erstellung von Grafiken\" \/>\n<meta name=\"robots\" content=\"index, follow, max-snippet:-1, max-image-preview:large, max-video-preview:-1\" \/>\n<link rel=\"canonical\" href=\"https:\/\/mca-concept.com\/de\/die-module\/cms\/\" \/>\n<meta property=\"og:locale\" content=\"de_DE\" \/>\n<meta property=\"og:type\" content=\"article\" \/>\n<meta property=\"og:title\" content=\"Inhaltsverwaltungssoftware - CMS\" \/>\n<meta property=\"og:description\" content=\"Mit dem CMS k\u00f6nnen Sie die \u00dcbermittlung von Informationen innerhalb Ihres Unternehmens optimieren und standardisieren. Erlaubt auch die Erstellung von Grafiken\" \/>\n<meta property=\"og:url\" content=\"https:\/\/mca-concept.com\/de\/die-module\/cms\/\" \/>\n<meta property=\"og:site_name\" content=\"MCA Concept\" \/>\n<meta property=\"article:publisher\" content=\"https:\/\/www.facebook.com\/mcaconcept\/\" \/>\n<meta property=\"article:modified_time\" content=\"2026-03-30T06:39:09+00:00\" \/>\n<meta name=\"twitter:card\" content=\"summary_large_image\" \/>\n<meta name=\"twitter:site\" content=\"@McaConcept\" \/>\n<script type=\"application\/ld+json\" class=\"yoast-schema-graph\">{\"@context\":\"https:\/\/schema.org\",\"@graph\":[{\"@type\":\"WebPage\",\"@id\":\"https:\/\/mca-concept.com\/de\/die-module\/cms\/\",\"url\":\"https:\/\/mca-concept.com\/de\/die-module\/cms\/\",\"name\":\"Inhaltsverwaltungs-Software | CMS | MCA-Concept\",\"isPartOf\":{\"@id\":\"https:\/\/mca-concept.com\/de\/#website\"},\"datePublished\":\"2020-09-03T13:50:45+00:00\",\"dateModified\":\"2026-03-30T06:39:09+00:00\",\"description\":\"Mit dem CMS k\u00f6nnen Sie die \u00dcbermittlung von Informationen innerhalb Ihres Unternehmens optimieren und standardisieren. Erlaubt auch die Erstellung von Grafiken\",\"breadcrumb\":{\"@id\":\"https:\/\/mca-concept.com\/de\/die-module\/cms\/#breadcrumb\"},\"inLanguage\":\"de\",\"potentialAction\":[{\"@type\":\"ReadAction\",\"target\":[\"https:\/\/mca-concept.com\/de\/die-module\/cms\/\"]}]},{\"@type\":\"BreadcrumbList\",\"@id\":\"https:\/\/mca-concept.com\/de\/die-module\/cms\/#breadcrumb\",\"itemListElement\":[{\"@type\":\"ListItem\",\"position\":1,\"name\":\"Accueil\",\"item\":\"https:\/\/mca-concept.com\/de\/\"},{\"@type\":\"ListItem\",\"position\":2,\"name\":\"Die Module\",\"item\":\"https:\/\/mca-concept.com\/de\/die-module\/\"},{\"@type\":\"ListItem\",\"position\":3,\"name\":\"Inhaltsverwaltungssoftware &#8211; CMS\"}]},{\"@type\":\"WebSite\",\"@id\":\"https:\/\/mca-concept.com\/de\/#website\",\"url\":\"https:\/\/mca-concept.com\/de\/\",\"name\":\"MCA Concept\",\"description\":\"Solutions de gestion d&#039;entreprise ERP-CRM-CMS\",\"publisher\":{\"@id\":\"https:\/\/mca-concept.com\/de\/#organization\"},\"potentialAction\":[{\"@type\":\"SearchAction\",\"target\":{\"@type\":\"EntryPoint\",\"urlTemplate\":\"https:\/\/mca-concept.com\/de\/?s={search_term_string}\"},\"query-input\":{\"@type\":\"PropertyValueSpecification\",\"valueRequired\":true,\"valueName\":\"search_term_string\"}}],\"inLanguage\":\"de\"},{\"@type\":\"Organization\",\"@id\":\"https:\/\/mca-concept.com\/de\/#organization\",\"name\":\"MCA Concept\",\"url\":\"https:\/\/mca-concept.com\/de\/\",\"logo\":{\"@type\":\"ImageObject\",\"inLanguage\":\"de\",\"@id\":\"https:\/\/mca-concept.com\/de\/#\/schema\/logo\/image\/\",\"url\":\"https:\/\/mca-concept.com\/wordpress3\/wp-content\/uploads\/2019\/09\/mca-logo300px.png\",\"contentUrl\":\"https:\/\/mca-concept.com\/wordpress3\/wp-content\/uploads\/2019\/09\/mca-logo300px.png\",\"width\":300,\"height\":156,\"caption\":\"MCA Concept\"},\"image\":{\"@id\":\"https:\/\/mca-concept.com\/de\/#\/schema\/logo\/image\/\"},\"sameAs\":[\"https:\/\/www.facebook.com\/mcaconcept\/\",\"https:\/\/x.com\/McaConcept\",\"https:\/\/www.instagram.com\/mcaconcept\/\",\"https:\/\/ch.linkedin.com\/company\/mca-concept\",\"https:\/\/www.youtube.com\/channel\/UC1WT0RmNiTycrnzr6FqDuPg\"]}]}<\/script>\n<!-- \/ Yoast SEO Premium plugin. -->","yoast_head_json":{"title":"Inhaltsverwaltungs-Software | CMS | MCA-Concept","description":"Mit dem CMS k\u00f6nnen Sie die \u00dcbermittlung von Informationen innerhalb Ihres Unternehmens optimieren und standardisieren. Erlaubt auch die Erstellung von Grafiken","robots":{"index":"index","follow":"follow","max-snippet":"max-snippet:-1","max-image-preview":"max-image-preview:large","max-video-preview":"max-video-preview:-1"},"canonical":"https:\/\/mca-concept.com\/de\/die-module\/cms\/","og_locale":"de_DE","og_type":"article","og_title":"Inhaltsverwaltungssoftware - CMS","og_description":"Mit dem CMS k\u00f6nnen Sie die \u00dcbermittlung von Informationen innerhalb Ihres Unternehmens optimieren und standardisieren. Erlaubt auch die Erstellung von Grafiken","og_url":"https:\/\/mca-concept.com\/de\/die-module\/cms\/","og_site_name":"MCA Concept","article_publisher":"https:\/\/www.facebook.com\/mcaconcept\/","article_modified_time":"2026-03-30T06:39:09+00:00","twitter_card":"summary_large_image","twitter_site":"@McaConcept","schema":{"@context":"https:\/\/schema.org","@graph":[{"@type":"WebPage","@id":"https:\/\/mca-concept.com\/de\/die-module\/cms\/","url":"https:\/\/mca-concept.com\/de\/die-module\/cms\/","name":"Inhaltsverwaltungs-Software | CMS | MCA-Concept","isPartOf":{"@id":"https:\/\/mca-concept.com\/de\/#website"},"datePublished":"2020-09-03T13:50:45+00:00","dateModified":"2026-03-30T06:39:09+00:00","description":"Mit dem CMS k\u00f6nnen Sie die \u00dcbermittlung von Informationen innerhalb Ihres Unternehmens optimieren und standardisieren. Erlaubt auch die Erstellung von Grafiken","breadcrumb":{"@id":"https:\/\/mca-concept.com\/de\/die-module\/cms\/#breadcrumb"},"inLanguage":"de","potentialAction":[{"@type":"ReadAction","target":["https:\/\/mca-concept.com\/de\/die-module\/cms\/"]}]},{"@type":"BreadcrumbList","@id":"https:\/\/mca-concept.com\/de\/die-module\/cms\/#breadcrumb","itemListElement":[{"@type":"ListItem","position":1,"name":"Accueil","item":"https:\/\/mca-concept.com\/de\/"},{"@type":"ListItem","position":2,"name":"Die Module","item":"https:\/\/mca-concept.com\/de\/die-module\/"},{"@type":"ListItem","position":3,"name":"Inhaltsverwaltungssoftware &#8211; CMS"}]},{"@type":"WebSite","@id":"https:\/\/mca-concept.com\/de\/#website","url":"https:\/\/mca-concept.com\/de\/","name":"MCA Concept","description":"Solutions de gestion d&#039;entreprise ERP-CRM-CMS","publisher":{"@id":"https:\/\/mca-concept.com\/de\/#organization"},"potentialAction":[{"@type":"SearchAction","target":{"@type":"EntryPoint","urlTemplate":"https:\/\/mca-concept.com\/de\/?s={search_term_string}"},"query-input":{"@type":"PropertyValueSpecification","valueRequired":true,"valueName":"search_term_string"}}],"inLanguage":"de"},{"@type":"Organization","@id":"https:\/\/mca-concept.com\/de\/#organization","name":"MCA Concept","url":"https:\/\/mca-concept.com\/de\/","logo":{"@type":"ImageObject","inLanguage":"de","@id":"https:\/\/mca-concept.com\/de\/#\/schema\/logo\/image\/","url":"https:\/\/mca-concept.com\/wordpress3\/wp-content\/uploads\/2019\/09\/mca-logo300px.png","contentUrl":"https:\/\/mca-concept.com\/wordpress3\/wp-content\/uploads\/2019\/09\/mca-logo300px.png","width":300,"height":156,"caption":"MCA Concept"},"image":{"@id":"https:\/\/mca-concept.com\/de\/#\/schema\/logo\/image\/"},"sameAs":["https:\/\/www.facebook.com\/mcaconcept\/","https:\/\/x.com\/McaConcept","https:\/\/www.instagram.com\/mcaconcept\/","https:\/\/ch.linkedin.com\/company\/mca-concept","https:\/\/www.youtube.com\/channel\/UC1WT0RmNiTycrnzr6FqDuPg"]}]}},"ticketed":false,"_links":{"self":[{"href":"https:\/\/mca-concept.com\/de\/wp-json\/wp\/v2\/pages\/3829","targetHints":{"allow":["GET"]}}],"collection":[{"href":"https:\/\/mca-concept.com\/de\/wp-json\/wp\/v2\/pages"}],"about":[{"href":"https:\/\/mca-concept.com\/de\/wp-json\/wp\/v2\/types\/page"}],"author":[{"embeddable":true,"href":"https:\/\/mca-concept.com\/de\/wp-json\/wp\/v2\/users\/3"}],"replies":[{"embeddable":true,"href":"https:\/\/mca-concept.com\/de\/wp-json\/wp\/v2\/comments?post=3829"}],"version-history":[{"count":52,"href":"https:\/\/mca-concept.com\/de\/wp-json\/wp\/v2\/pages\/3829\/revisions"}],"predecessor-version":[{"id":83730,"href":"https:\/\/mca-concept.com\/de\/wp-json\/wp\/v2\/pages\/3829\/revisions\/83730"}],"up":[{"embeddable":true,"href":"https:\/\/mca-concept.com\/de\/wp-json\/wp\/v2\/pages\/37853"}],"wp:attachment":[{"href":"https:\/\/mca-concept.com\/de\/wp-json\/wp\/v2\/media?parent=3829"}],"curies":[{"name":"wp","href":"https:\/\/api.w.org\/{rel}","templated":true}]}}