{"id":5776,"date":"2021-02-11T15:21:31","date_gmt":"2021-02-11T14:21:31","guid":{"rendered":"https:\/\/mca-concept.com\/formular-bestellung\/"},"modified":"2026-03-30T08:42:17","modified_gmt":"2026-03-30T06:42:17","slug":"formular-information-e-rechnung","status":"publish","type":"page","link":"https:\/\/mca-concept.com\/de\/formular-information-e-rechnung\/","title":{"rendered":"Formular: Informationen zur E-Rechnung"},"content":{"rendered":"\n<div class=\"et_pb_section_0 et_pb_section et_section_regular et_block_section\"><div class=\"et_pb_row_0 et_pb_row et_block_row\"><div class=\"et_pb_column_0 et_pb_column et_pb_column_4_4 et-last-child et_block_column et_pb_css_mix_blend_mode_passthrough\"><div class=\"et_pb_text_0 et_pb_text et_pb_bg_layout_light et_pb_module et_block_module preset--module--divi-text--75a373b3-a752-4305-81e8-535fbf8079d6\"><div class=\"et_pb_text_inner\"><h1>Ich m\u00f6chte gerne mehr wissen<\/h1>\n<\/div><\/div><\/div><\/div><div class=\"et_pb_row_1 et_pb_row et_block_row\"><div class=\"et_pb_column_1 et_pb_column et_pb_column_4_4 et-last-child et_block_column et_pb_css_mix_blend_mode_passthrough\"><div class=\"et_pb_text_1 et_pb_text et_pb_bg_layout_light et_pb_module et_block_module preset--module--divi-text--75a373b3-a752-4305-81e8-535fbf8079d6\"><div class=\"et_pb_text_inner\"><p>Eine integrierte <strong>E-Rechnungsl\u00f6sung<\/strong>.<br \/>Nehmen Sie Kontakt mit Fachleuten auf, um mehr \u00fcber die E-Rechnungsfunktion von MCA Kale zu erfahren.<br \/>Eine Entdeckung der M\u00f6glichkeiten, die Sie in Ihr Unternehmen einbringen k\u00f6nnen, indem Sie Ihr t\u00e4gliches Leben vereinfachen.<\/p>\n<\/div><\/div><\/div><\/div><\/div><div class=\"et_pb_section_1 et_pb_section et_section_regular et_block_section\"><div class=\"et_pb_row_2 et_pb_row et_block_row\"><div class=\"et_pb_column_2 et_pb_column et_pb_column_4_4 et-last-child et_block_column et_pb_css_mix_blend_mode_passthrough\"><div class=\"et_pb_contact_form_0 et_pb_contact_form_container clearfix et_pb_module et_flex_module\" data-form_unique_num=\"0\" data-form_unique_id=\"63ceb37f-8ffe-4d4e-a9af-a549b8773f23\" data-redirect_url=\"https:\/\/mca-concept.com\/de\/danksagung\/ \" id=\"et_pb_contact_form_63ceb37f-8ffe-4d4e-a9af-a549b8773f23\"><div class=\"et-pb-contact-message\"><\/div><div class=\"et_pb_contact\"><form class=\"et_pb_contact_form et_flex_module\" method=\"post\" action=\"https:\/\/mca-concept.com\/de\/wp-json\/wp\/v2\/pages\/5776\"><div class=\"et_pb_contact_field_0 et_pb_contact_field et_pb_module et_flex_module et_flex_column_24_24 et_flex_column_24_24_tablet et_flex_column_24_24_phone\" data-id=\"name\" data-type=\"input\"><label class=\"et_pb_contact_form_label\" for=\"et_pb_contact_0_name_0\">Name \/ Vorname*<\/label><input type=\"text\" name=\"et_pb_contact_0_name_0\" id=\"et_pb_contact_0_name_0\" class=\"input\" data-required_mark=\"required\" data-field_type=\"input\" data-original_id=\"name\" placeholder=\"Name \/ Vorname*\" title=\"\" value=\"\" \/><\/div><div class=\"et_pb_contact_field_1 et_pb_contact_field et_pb_module et_flex_module et_flex_column_24_24 et_flex_column_24_24_tablet et_flex_column_24_24_phone\" data-id=\"email\" data-type=\"email\"><label class=\"et_pb_contact_form_label\" for=\"et_pb_contact_0_email_1\">Kontakt-E-Mail-Adresse*<\/label><input type=\"text\" name=\"et_pb_contact_0_email_1\" id=\"et_pb_contact_0_email_1\" class=\"input\" data-required_mark=\"required\" data-field_type=\"email\" data-original_id=\"email\" placeholder=\"Kontakt-E-Mail-Adresse*\" title=\"\" value=\"\" \/><\/div><div class=\"et_pb_contact_field_2 et_pb_contact_field et_pb_module et_flex_module et_flex_column_24_24 et_flex_column_24_24_tablet et_flex_column_24_24_phone\" data-id=\"pays\" data-type=\"input\"><label class=\"et_pb_contact_form_label\" for=\"et_pb_contact_0_pays_2\">Land<\/label><input type=\"text\" name=\"et_pb_contact_0_pays_2\" id=\"et_pb_contact_0_pays_2\" class=\"input\" data-required_mark=\"required\" data-field_type=\"input\" data-original_id=\"pays\" placeholder=\"Land\" pattern=\"[0-9\\s\\-]*\" title=\"Nur Zahlen erlaubt.\" value=\"\" \/><\/div><div class=\"et_pb_contact_field_3 et_pb_contact_field et_pb_module et_flex_module et_flex_column_24_24 et_flex_column_24_24_tablet et_flex_column_24_24_phone\" data-id=\"tel\" data-type=\"input\"><label class=\"et_pb_contact_form_label\" for=\"et_pb_contact_0_tel_3\">Kontakttelefonnummer<\/label><input type=\"text\" name=\"et_pb_contact_0_tel_3\" id=\"et_pb_contact_0_tel_3\" class=\"input\" data-required_mark=\"not_required\" data-field_type=\"input\" data-original_id=\"tel\" placeholder=\"Kontakttelefonnummer\" pattern=\"[0-9\\s\\-]*\" title=\"Nur Zahlen erlaubt.\" value=\"\" \/><\/div><div class=\"et_pb_contact_field_4 et_pb_contact_field et_pb_module et_flex_module et_flex_column_24_24 et_flex_column_24_24_tablet et_flex_column_24_24_phone\" data-id=\"info\" data-type=\"text\"><label class=\"et_pb_contact_form_label\" for=\"et_pb_contact_0_info_4\">Ihre Anfrage<\/label><textarea name=\"et_pb_contact_0_info_4\" id=\"et_pb_contact_0_info_4\" class=\"et_pb_contact_message input\" data-required_mark=\"not_required\" data-field_type=\"text\" data-original_id=\"info\" placeholder=\"Ihre Anfrage\"><\/textarea><\/div><div class=\"et_pb_contact_field_5 et_pb_contact_field et_pb_module et_flex_module et_flex_column_24_24 et_flex_column_24_24_tablet et_flex_column_24_24_phone\" data-id=\"politiqueconfi\" data-type=\"checkbox\"><label class=\"et_pb_contact_form_label\">Datenschutzrichtlinie*<\/label><input type=\"hidden\" name=\"et_pb_contact_0_politiqueconfi_5\" class=\"et_pb_checkbox_handle\" data-required_mark=\"required\" data-field_type=\"checkbox\" data-original_id=\"politiqueconfi\" \/><span class=\"et_pb_contact_field_options_wrapper\"><span class=\"et_pb_contact_field_options_title\">Datenschutzrichtlinie*<\/span><span class=\"et_pb_contact_field_options_list\"><span class=\"et_pb_contact_field_checkbox\"><input type=\"checkbox\" id=\"et_pb_contact_0_politiqueconfi_5_0\" class=\"input\" value=\"Ich habe die Datenschutzbestimmungen gelesen und akzeptiere sie\" data-required_mark=\"required\" data-field_type=\"checkbox\" data-original_id=\"politiqueconfi\" \/><label for=\"et_pb_contact_0_politiqueconfi_5_0\"><i><\/i>Ich habe die Datenschutzbestimmungen gelesen und akzeptiere sie <a target=\"_blank\" href=\"https:\/\/mca-concept.com\/politique-de-confidentialite\/\"><\/a><\/label><\/span><\/span><\/span><\/div><input type=\"hidden\" name=\"et_pb_contactform_submit_63ceb37f-8ffe-4d4e-a9af-a549b8773f23\" value=\"et_contact_proccess\" \/><div class=\"et_contact_bottom_container\"><div class=\"et_pb_contact_right et_pb_contact_field\"><p class=\"clearfix\"><span class=\"et_pb_contact_captcha_question\">9 + 3<\/span> = <input type=\"text\" size=\"2\" class=\"input et_pb_contact_captcha\" data-first_digit=\"9\" data-second_digit=\"3\" data-required_mark=\"required\" name=\"et_pb_contact_captcha_63ceb37f-8ffe-4d4e-a9af-a549b8773f23\" autocomplete=\"off\" \/><\/p><\/div><div class=\"et_pb_button_wrapper\"><button type=\"submit\" name=\"et_builder_submit_button\" class=\"et_pb_button et_pb_contact_submit\" data-icon=\"5\">Meine Anfrage senden<\/button><\/div><\/div><input type=\"hidden\" id=\"_wpnonce-et-pb-contact-form-submitted-63ceb37f-8ffe-4d4e-a9af-a549b8773f23\" name=\"_wpnonce-et-pb-contact-form-submitted-63ceb37f-8ffe-4d4e-a9af-a549b8773f23\" value=\"da02840ff2\" \/><input type=\"hidden\" name=\"_wp_http_referer\" value=\"\/de\/wp-json\/wp\/v2\/pages\/5776\" \/><\/form><\/div><\/div><\/div><\/div><\/div>\n","protected":false},"excerpt":{"rendered":"","protected":false},"author":3,"featured_media":0,"parent":0,"menu_order":0,"comment_status":"closed","ping_status":"closed","template":"","meta":{"content-type":"","inline_featured_image":false,"_price":"","_stock":"","_tribe_ticket_header":"","_tribe_default_ticket_provider":"","_tribe_ticket_capacity":"0","_ticket_start_date":"","_ticket_end_date":"","_tribe_ticket_show_description":"","_tribe_ticket_show_not_going":false,"_tribe_ticket_use_global_stock":"","_tribe_ticket_global_stock_level":"","_global_stock_mode":"","_global_stock_cap":"","_tribe_rsvp_for_event":"","_tribe_ticket_going_count":"","_tribe_ticket_not_going_count":"","_tribe_tickets_list":"[]","_tribe_ticket_has_attendee_info_fields":false,"footnotes":"","_tec_slr_enabled":"","_tec_slr_layout":""},"class_list":["post-5776","page","type-page","status-publish","hentry"],"yoast_head":"<!-- This site is optimized with the Yoast SEO Premium plugin v26.1 (Yoast SEO v27.2) - https:\/\/yoast.com\/product\/yoast-seo-premium-wordpress\/ -->\n<title>Software-Bestellformular | MCA-Concept<\/title>\n<meta name=\"description\" content=\"Stellen Sie eine Anfrage, um unsere Software angepasst an Ihr Unternehmen zu bestellen. Geben Sie Ihre Daten ein, wir werden Ihnen so schnell wie m\u00f6glich antworten.\" \/>\n<meta name=\"robots\" content=\"index, follow, max-snippet:-1, max-image-preview:large, max-video-preview:-1\" \/>\n<link rel=\"canonical\" href=\"https:\/\/mca-concept.com\/de\/formular-information-e-rechnung\/\" \/>\n<meta property=\"og:locale\" content=\"de_DE\" \/>\n<meta property=\"og:type\" content=\"article\" \/>\n<meta property=\"og:title\" content=\"Formular: Informationen zur E-Rechnung\" \/>\n<meta property=\"og:description\" content=\"Stellen Sie eine Anfrage, um unsere Software angepasst an Ihr Unternehmen zu bestellen. Geben Sie Ihre Daten ein, wir werden Ihnen so schnell wie m\u00f6glich antworten.\" \/>\n<meta property=\"og:url\" content=\"https:\/\/mca-concept.com\/de\/formular-information-e-rechnung\/\" \/>\n<meta property=\"og:site_name\" content=\"MCA Concept\" \/>\n<meta property=\"article:publisher\" content=\"https:\/\/www.facebook.com\/mcaconcept\/\" \/>\n<meta property=\"article:modified_time\" content=\"2026-03-30T06:42:17+00:00\" \/>\n<meta name=\"twitter:card\" content=\"summary_large_image\" \/>\n<meta name=\"twitter:site\" content=\"@McaConcept\" \/>\n<script type=\"application\/ld+json\" class=\"yoast-schema-graph\">{\"@context\":\"https:\/\/schema.org\",\"@graph\":[{\"@type\":\"WebPage\",\"@id\":\"https:\/\/mca-concept.com\/de\/formular-information-e-rechnung\/\",\"url\":\"https:\/\/mca-concept.com\/de\/formular-information-e-rechnung\/\",\"name\":\"Software-Bestellformular | MCA-Concept\",\"isPartOf\":{\"@id\":\"https:\/\/mca-concept.com\/de\/#website\"},\"datePublished\":\"2021-02-11T14:21:31+00:00\",\"dateModified\":\"2026-03-30T06:42:17+00:00\",\"description\":\"Stellen Sie eine Anfrage, um unsere Software angepasst an Ihr Unternehmen zu bestellen. Geben Sie Ihre Daten ein, wir werden Ihnen so schnell wie m\u00f6glich antworten.\",\"breadcrumb\":{\"@id\":\"https:\/\/mca-concept.com\/de\/formular-information-e-rechnung\/#breadcrumb\"},\"inLanguage\":\"de\",\"potentialAction\":[{\"@type\":\"ReadAction\",\"target\":[\"https:\/\/mca-concept.com\/de\/formular-information-e-rechnung\/\"]}]},{\"@type\":\"BreadcrumbList\",\"@id\":\"https:\/\/mca-concept.com\/de\/formular-information-e-rechnung\/#breadcrumb\",\"itemListElement\":[{\"@type\":\"ListItem\",\"position\":1,\"name\":\"Accueil\",\"item\":\"https:\/\/mca-concept.com\/de\/\"},{\"@type\":\"ListItem\",\"position\":2,\"name\":\"Formular: Informationen zur E-Rechnung\"}]},{\"@type\":\"WebSite\",\"@id\":\"https:\/\/mca-concept.com\/de\/#website\",\"url\":\"https:\/\/mca-concept.com\/de\/\",\"name\":\"MCA Concept\",\"description\":\"Solutions de gestion d&#039;entreprise ERP-CRM-CMS\",\"publisher\":{\"@id\":\"https:\/\/mca-concept.com\/de\/#organization\"},\"potentialAction\":[{\"@type\":\"SearchAction\",\"target\":{\"@type\":\"EntryPoint\",\"urlTemplate\":\"https:\/\/mca-concept.com\/de\/?s={search_term_string}\"},\"query-input\":{\"@type\":\"PropertyValueSpecification\",\"valueRequired\":true,\"valueName\":\"search_term_string\"}}],\"inLanguage\":\"de\"},{\"@type\":\"Organization\",\"@id\":\"https:\/\/mca-concept.com\/de\/#organization\",\"name\":\"MCA Concept\",\"url\":\"https:\/\/mca-concept.com\/de\/\",\"logo\":{\"@type\":\"ImageObject\",\"inLanguage\":\"de\",\"@id\":\"https:\/\/mca-concept.com\/de\/#\/schema\/logo\/image\/\",\"url\":\"https:\/\/mca-concept.com\/wordpress3\/wp-content\/uploads\/2019\/09\/mca-logo300px.png\",\"contentUrl\":\"https:\/\/mca-concept.com\/wordpress3\/wp-content\/uploads\/2019\/09\/mca-logo300px.png\",\"width\":300,\"height\":156,\"caption\":\"MCA Concept\"},\"image\":{\"@id\":\"https:\/\/mca-concept.com\/de\/#\/schema\/logo\/image\/\"},\"sameAs\":[\"https:\/\/www.facebook.com\/mcaconcept\/\",\"https:\/\/x.com\/McaConcept\",\"https:\/\/www.instagram.com\/mcaconcept\/\",\"https:\/\/ch.linkedin.com\/company\/mca-concept\",\"https:\/\/www.youtube.com\/channel\/UC1WT0RmNiTycrnzr6FqDuPg\"]}]}<\/script>\n<!-- \/ Yoast SEO Premium plugin. -->","yoast_head_json":{"title":"Software-Bestellformular | MCA-Concept","description":"Stellen Sie eine Anfrage, um unsere Software angepasst an Ihr Unternehmen zu bestellen. Geben Sie Ihre Daten ein, wir werden Ihnen so schnell wie m\u00f6glich antworten.","robots":{"index":"index","follow":"follow","max-snippet":"max-snippet:-1","max-image-preview":"max-image-preview:large","max-video-preview":"max-video-preview:-1"},"canonical":"https:\/\/mca-concept.com\/de\/formular-information-e-rechnung\/","og_locale":"de_DE","og_type":"article","og_title":"Formular: Informationen zur E-Rechnung","og_description":"Stellen Sie eine Anfrage, um unsere Software angepasst an Ihr Unternehmen zu bestellen. Geben Sie Ihre Daten ein, wir werden Ihnen so schnell wie m\u00f6glich antworten.","og_url":"https:\/\/mca-concept.com\/de\/formular-information-e-rechnung\/","og_site_name":"MCA Concept","article_publisher":"https:\/\/www.facebook.com\/mcaconcept\/","article_modified_time":"2026-03-30T06:42:17+00:00","twitter_card":"summary_large_image","twitter_site":"@McaConcept","schema":{"@context":"https:\/\/schema.org","@graph":[{"@type":"WebPage","@id":"https:\/\/mca-concept.com\/de\/formular-information-e-rechnung\/","url":"https:\/\/mca-concept.com\/de\/formular-information-e-rechnung\/","name":"Software-Bestellformular | MCA-Concept","isPartOf":{"@id":"https:\/\/mca-concept.com\/de\/#website"},"datePublished":"2021-02-11T14:21:31+00:00","dateModified":"2026-03-30T06:42:17+00:00","description":"Stellen Sie eine Anfrage, um unsere Software angepasst an Ihr Unternehmen zu bestellen. Geben Sie Ihre Daten ein, wir werden Ihnen so schnell wie m\u00f6glich antworten.","breadcrumb":{"@id":"https:\/\/mca-concept.com\/de\/formular-information-e-rechnung\/#breadcrumb"},"inLanguage":"de","potentialAction":[{"@type":"ReadAction","target":["https:\/\/mca-concept.com\/de\/formular-information-e-rechnung\/"]}]},{"@type":"BreadcrumbList","@id":"https:\/\/mca-concept.com\/de\/formular-information-e-rechnung\/#breadcrumb","itemListElement":[{"@type":"ListItem","position":1,"name":"Accueil","item":"https:\/\/mca-concept.com\/de\/"},{"@type":"ListItem","position":2,"name":"Formular: Informationen zur E-Rechnung"}]},{"@type":"WebSite","@id":"https:\/\/mca-concept.com\/de\/#website","url":"https:\/\/mca-concept.com\/de\/","name":"MCA Concept","description":"Solutions de gestion d&#039;entreprise ERP-CRM-CMS","publisher":{"@id":"https:\/\/mca-concept.com\/de\/#organization"},"potentialAction":[{"@type":"SearchAction","target":{"@type":"EntryPoint","urlTemplate":"https:\/\/mca-concept.com\/de\/?s={search_term_string}"},"query-input":{"@type":"PropertyValueSpecification","valueRequired":true,"valueName":"search_term_string"}}],"inLanguage":"de"},{"@type":"Organization","@id":"https:\/\/mca-concept.com\/de\/#organization","name":"MCA Concept","url":"https:\/\/mca-concept.com\/de\/","logo":{"@type":"ImageObject","inLanguage":"de","@id":"https:\/\/mca-concept.com\/de\/#\/schema\/logo\/image\/","url":"https:\/\/mca-concept.com\/wordpress3\/wp-content\/uploads\/2019\/09\/mca-logo300px.png","contentUrl":"https:\/\/mca-concept.com\/wordpress3\/wp-content\/uploads\/2019\/09\/mca-logo300px.png","width":300,"height":156,"caption":"MCA Concept"},"image":{"@id":"https:\/\/mca-concept.com\/de\/#\/schema\/logo\/image\/"},"sameAs":["https:\/\/www.facebook.com\/mcaconcept\/","https:\/\/x.com\/McaConcept","https:\/\/www.instagram.com\/mcaconcept\/","https:\/\/ch.linkedin.com\/company\/mca-concept","https:\/\/www.youtube.com\/channel\/UC1WT0RmNiTycrnzr6FqDuPg"]}]}},"ticketed":false,"_links":{"self":[{"href":"https:\/\/mca-concept.com\/de\/wp-json\/wp\/v2\/pages\/5776","targetHints":{"allow":["GET"]}}],"collection":[{"href":"https:\/\/mca-concept.com\/de\/wp-json\/wp\/v2\/pages"}],"about":[{"href":"https:\/\/mca-concept.com\/de\/wp-json\/wp\/v2\/types\/page"}],"author":[{"embeddable":true,"href":"https:\/\/mca-concept.com\/de\/wp-json\/wp\/v2\/users\/3"}],"replies":[{"embeddable":true,"href":"https:\/\/mca-concept.com\/de\/wp-json\/wp\/v2\/comments?post=5776"}],"version-history":[{"count":32,"href":"https:\/\/mca-concept.com\/de\/wp-json\/wp\/v2\/pages\/5776\/revisions"}],"predecessor-version":[{"id":83742,"href":"https:\/\/mca-concept.com\/de\/wp-json\/wp\/v2\/pages\/5776\/revisions\/83742"}],"wp:attachment":[{"href":"https:\/\/mca-concept.com\/de\/wp-json\/wp\/v2\/media?parent=5776"}],"curies":[{"name":"wp","href":"https:\/\/api.w.org\/{rel}","templated":true}]}}