{"id":5779,"date":"2021-02-11T15:46:25","date_gmt":"2021-02-11T14:46:25","guid":{"rendered":"https:\/\/mca-concept.com\/e-rechnung\/"},"modified":"2026-03-30T08:42:19","modified_gmt":"2026-03-30T06:42:19","slug":"e-rechnung","status":"publish","type":"page","link":"https:\/\/mca-concept.com\/de\/die-funktionalitaeten\/e-rechnung\/","title":{"rendered":"E-Rechnung"},"content":{"rendered":"\n<div class=\"et_pb_section_0 et_pb_section et_section_regular et_block_section\"><div class=\"et_pb_row_0 et_pb_row et_block_row\"><div class=\"et_pb_column_0 et_pb_column et_pb_column_4_4 et-last-child et_block_column et_pb_css_mix_blend_mode_passthrough\"><div class=\"et_pb_text_0 et_pb_text et_pb_bg_layout_light et_pb_module et_block_module preset--module--divi-text--75a373b3-a752-4305-81e8-535fbf8079d6\"><div class=\"et_pb_text_inner\"><h1>E-Rechnung innerhalb von MCA Kale<\/h1>\n<\/div><\/div><div class=\"et_pb_image_0 et_pb_image et_pb_module et_block_module\"><span class=\"et_pb_image_wrap\"><img decoding=\"async\" src=\"https:\/\/mca-concept.com\/wordpress3\/wp-content\/uploads\/2021\/12\/illustration-entete-qr-facture-mca-kale.png\" width=\"1079\" height=\"348\" srcset=\"https:\/\/mca-concept.com\/wordpress3\/wp-content\/uploads\/2021\/12\/illustration-entete-qr-facture-mca-kale.png 1079w, https:\/\/mca-concept.com\/wordpress3\/wp-content\/uploads\/2021\/12\/illustration-entete-qr-facture-mca-kale-980x316.png 980w, https:\/\/mca-concept.com\/wordpress3\/wp-content\/uploads\/2021\/12\/illustration-entete-qr-facture-mca-kale-480x155.png 480w\" sizes=\"(min-width: 0px) and (max-width: 480px) 480px, (min-width: 481px) and (max-width: 980px) 980px, (min-width: 981px) 1079px, 100vw\" class=\"wp-image-26309\" title=\"Illustration Kopfzeile QR-Rechnung\" alt=\"Illustration der Kopfzeile der QR-Rechnungsfunktionalit\u00e4t von MCA-Kale\" \/><\/span><\/div><\/div><\/div><\/div><div class=\"et_pb_section_1 et_pb_section et_section_regular et_block_section\"><div class=\"et_pb_row_1 et_pb_row et_block_row\"><div class=\"et_pb_column_1 et_pb_column et_pb_column_1_3 et_block_column et_pb_css_mix_blend_mode_passthrough\"><div class=\"et_pb_image_1 et_pb_image et_pb_module et_block_module\"><span class=\"et_pb_image_wrap\"><img decoding=\"async\" src=\"https:\/\/mca-concept.com\/wordpress3\/wp-content\/uploads\/2021\/02\/illustration-fonctionnement-e-facture-mca-kale-scaled.jpg\" title=\"Illustration Funktionsweise E-Rechnung\" alt=\"Illustration der Funktionsweise der E-Rechnung bei MCA Kale\" \/><\/span><\/div><\/div><div class=\"et_pb_column_2 et_pb_column et_pb_column_2_3 et-last-child et_block_column et_pb_css_mix_blend_mode_passthrough\"><div class=\"et_pb_text_1 et_pb_text et_pb_bg_layout_light et_pb_module et_block_module preset--module--divi-text--75a373b3-a752-4305-81e8-535fbf8079d6\"><div class=\"et_pb_text_inner\"><h2>Eine neue Rechnungsl\u00f6sung<\/h2>\n<\/div><\/div><div class=\"et_pb_text_2 et_pb_text et_pb_bg_layout_light et_pb_module et_block_module preset--module--divi-text--75a373b3-a752-4305-81e8-535fbf8079d6\"><div class=\"et_pb_text_inner\"><p>Die Rechnungsstellung in der Schweiz bekommt ein neues Gesicht: Die elektronische Rechnungsstellung, auch E-Rechnung genannt, ersetzt die Papierrechnung.<\/p>\n<p>Wie der Name schon sagt, ist eine E-Rechnung eine Rechnung, die elektronisch ausgestellt oder empfangen werden kann.<\/p>\n<p>Ebenso wie die QR-Rechnung ist auch die E-Rechnung Teil der Modernisierung des Zahlungsverkehrs nach der Einf\u00fchrung des Standards <a href=\"https:\/\/mca-concept.com\/les-fonctionnalites\/webservice\/#ISO20022\" target=\"\u201d_blank\u201d\" rel=\"noopener\">ISO 20022<\/a>. Und sie bringt viele Vorteile mit sich:<\/p>\n<\/div><\/div><div class=\"et_pb_text_3 et_pb_text et_pb_bg_layout_light et_pb_module et_block_module preset--module--divi-text--75a373b3-a752-4305-81e8-535fbf8079d6\"><div class=\"et_pb_text_inner\"><h3>Zeitgewinn<\/h3>\n<\/div><\/div><div class=\"et_pb_text_4 et_pb_text et_pb_bg_layout_light et_pb_module et_block_module preset--module--divi-text--75a373b3-a752-4305-81e8-535fbf8079d6\"><div class=\"et_pb_text_inner\"><p>Der Rechnungsstellungsprozess wird vereinfacht: kein Drucken, Versenden, Pr\u00fcfen, Eingeben und Validieren von Rechnungen mehr, sondern nur noch ein paar Klicks bis zur sicheren Rechnungsstellung. Rechnungen werden automatisch verarbeitet und archiviert und k\u00f6nnen jederzeit eingesehen werden.<\/p>\n<\/div><\/div><div class=\"et_pb_text_5 et_pb_text et_pb_bg_layout_light et_pb_module et_block_module preset--module--divi-text--75a373b3-a752-4305-81e8-535fbf8079d6\"><div class=\"et_pb_text_inner\"><h3>Covid-19<\/h3>\n<\/div><\/div><div class=\"et_pb_text_6 et_pb_text et_pb_bg_layout_light et_pb_module et_block_module preset--module--divi-text--75a373b3-a752-4305-81e8-535fbf8079d6\"><div class=\"et_pb_text_inner\"><p>Die Coronavirus-Epidemie, die wir derzeit erleben, f\u00f6rdert die Digitalisierung, es ist notwendig, den physischen Kontakt so weit wie m\u00f6glich zu reduzieren, um die Verbreitung zu stoppen. Eine M\u00f6glichkeit, dies zu erreichen, ist die Reduzierung der Menge an physischen Dokumenten in Ihrem Unternehmen. Die E-Rechnung tr\u00e4gt somit dazu bei, das Risiko der \u00dcbertragung von COVID-19 zu reduzieren, da die Rechnungen nicht mehr von Hand zu Hand weitergegeben werden.<\/p>\n<\/div><\/div><div class=\"et_pb_text_7 et_pb_text et_pb_bg_layout_light et_pb_module et_block_module preset--module--divi-text--75a373b3-a752-4305-81e8-535fbf8079d6\"><div class=\"et_pb_text_inner\"><h3>Telearbeit<\/h3>\n<\/div><\/div><div class=\"et_pb_text_8 et_pb_text et_pb_bg_layout_light et_pb_module et_block_module preset--module--divi-text--75a373b3-a752-4305-81e8-535fbf8079d6\"><div class=\"et_pb_text_inner\"><p>E-Invoicing macht Telearbeit einfach, denn es erm\u00f6glicht Ihnen und Ihren Mitarbeitern den einfachen Zugriff auf Rechnungen von zu Hause aus \u00fcber verschiedene Plattformen.<\/p>\n<\/div><\/div><div class=\"et_pb_text_9 et_pb_text et_pb_bg_layout_light et_pb_module et_block_module preset--module--divi-text--75a373b3-a752-4305-81e8-535fbf8079d6\"><div class=\"et_pb_text_inner\"><h3>Umgebung<\/h3>\n<\/div><\/div><div class=\"et_pb_text_10 et_pb_text et_pb_bg_layout_light et_pb_module et_block_module preset--module--divi-text--75a373b3-a752-4305-81e8-535fbf8079d6\"><div class=\"et_pb_text_inner\"><p>Die Einsparung von Papier mit der E-Rechnung ist gut f\u00fcr die Umwelt, denn sie hilft, den CO2-Fu\u00dfabdruck Ihres Unternehmens zu reduzieren.<\/p>\n<\/div><\/div><div class=\"et_pb_text_11 et_pb_text et_pb_bg_layout_light et_pb_module et_block_module preset--module--divi-text--75a373b3-a752-4305-81e8-535fbf8079d6\"><div class=\"et_pb_text_inner\"><h2>Bundesvorschrift<\/h2>\n<\/div><\/div><div class=\"et_pb_text_12 et_pb_text et_pb_bg_layout_light et_pb_module et_block_module preset--module--divi-text--75a373b3-a752-4305-81e8-535fbf8079d6\"><div class=\"et_pb_text_inner\"><p>Die E-Rechnung wird bald f\u00fcr alle Gesch\u00e4ftsbeziehungen zur Pflicht. Die Papierrechnung wird in den Museumsgalerien bald mit dem Fax gleichziehen.<\/p>\n<p>Wenn Sie jetzt auf die E-Rechnung umsteigen, ist Ihr Unternehmen f\u00fcr die Modernisierung des Zahlungsverkehrs und f\u00fcr die Ver\u00e4nderungen von morgen ger\u00fcstet.<\/p>\n<\/div><\/div><div class=\"et_pb_text_13 et_pb_text et_pb_bg_layout_light et_pb_module et_block_module preset--module--divi-text--75a373b3-a752-4305-81e8-535fbf8079d6\"><div class=\"et_pb_text_inner\"><h2>Herausforderung: sich in der Verwaltung weiterzuentwickeln<\/h2>\n<\/div><\/div><div class=\"et_pb_text_14 et_pb_text et_pb_bg_layout_light et_pb_module et_block_module preset--module--divi-text--75a373b3-a752-4305-81e8-535fbf8079d6\"><div class=\"et_pb_text_inner\"><p>M\u00f6chten Sie jetzt auf E-Rechnung umstellen? MCA Concept, ein Partner, der Ihnen hilft, in den verschiedenen Phasen der digitalen Transformation eine Agenda zu erstellen.<\/p>\n<\/div><\/div><div class=\"et_pb_text_15 et_pb_text et_pb_bg_layout_light et_pb_module et_block_module preset--module--divi-text--75a373b3-a752-4305-81e8-535fbf8079d6\"><div class=\"et_pb_text_inner\"><h2>Die richtigen Fragen stellen:<\/h2>\n<\/div><\/div><div class=\"et_pb_text_16 et_pb_text et_pb_bg_layout_light et_pb_module et_block_module preset--module--divi-text--75a373b3-a752-4305-81e8-535fbf8079d6\"><div class=\"et_pb_text_inner\"><ul>\n<ul>\n<li>Gesch\u00e4tzter Arbeitsumfang<\/li>\n<li>Wie man die Verwaltung reorganisiert, um nicht in Pflasterl\u00f6sungen zu verfallen<\/li>\n<li>Preisbewertung<\/li>\n<\/ul>\n<\/ul>\n<\/div><\/div><div class=\"et_pb_text_17 et_pb_text et_pb_bg_layout_light et_pb_module et_block_module preset--module--divi-text--75a373b3-a752-4305-81e8-535fbf8079d6\"><div class=\"et_pb_text_inner\"><h2>L\u00f6sung<\/h2>\n<\/div><\/div><div class=\"et_pb_text_18 et_pb_text et_pb_bg_layout_light et_pb_module et_block_module preset--module--divi-text--75a373b3-a752-4305-81e8-535fbf8079d6\"><div class=\"et_pb_text_inner\"><p>MCA Concept hat die Managementsoftware MCA Kale entwickelt, eine Reihe von Modulen, die Ihnen in Spitzentechnologien wie :<\/p>\n<ul>\n<ul>\n<li>E-Rechnung<\/li>\n<li><a href=\"https:\/\/mca-concept.com\/les-fonctionnalites\/qr-facture\/\" target=\"\u201d_blank\u201d\" rel=\"noopener\"> QR code<\/a><\/li>\n<li><a href=\"https:\/\/mca-concept.com\/les-fonctionnalites\/erp\/\" target=\"\u201d_blank\u201d\" rel=\"noopener\"> Direkte Integration in die Buchhaltung<\/a><\/li>\n<li>Direkter Link zu Ihrer Website f\u00fcr <a href=\"https:\/\/mca-concept.com\/les-fonctionnalites\/booking\/\" target=\"\u201d_blank\u201d\" rel=\"noopener\">Terminbuchungen<\/a>und <a href=\"https:\/\/mca-concept.com\/les-fonctionnalites\/planning\/\" target=\"\u201d_blank\u201d\" rel=\"noopener\">Terminverwaltungen<\/a><\/li>\n<\/ul>\n<\/ul>\n<\/div><\/div><\/div><\/div><div class=\"et_pb_row_2 et_pb_row et_block_row\"><div class=\"et_pb_column_3 et_pb_column et_pb_column_1_2 et_block_column et_pb_css_mix_blend_mode_passthrough\"><div class=\"et_pb_module et_pb_button_module_wrapper et_pb_button_0_wrapper preset--module--divi-button--e6919fb1-d0a4-440c-891a-c76fc3d47025_wrapper\"><a class=\"et_pb_button_0 et_pb_button et_pb_bg_layout_light et_pb_module et_block_module preset--module--divi-button--e6919fb1-d0a4-440c-891a-c76fc3d47025\" href=\"https:\/\/mca-concept.com\/formulaire-information-efacture\/\">Erfahren Sie mehr \u00fcber die E-Rechnung<\/a><\/div><\/div><div class=\"et_pb_column_4 et_pb_column et_pb_column_1_2 et-last-child et_block_column et_pb_css_mix_blend_mode_passthrough\"><div class=\"et_pb_module et_pb_button_module_wrapper et_pb_button_1_wrapper preset--module--divi-button--e6919fb1-d0a4-440c-891a-c76fc3d47025_wrapper\"><a class=\"et_pb_button_1 et_pb_button et_pb_bg_layout_light et_pb_module et_block_module preset--module--divi-button--e6919fb1-d0a4-440c-891a-c76fc3d47025\" href=\"https:\/\/mca-concept.com\/article-e-facture\/\">Siehe unseren News-Artikel zu diesem Thema<\/a><\/div><\/div><\/div><\/div><div class=\"et_pb_section_2 et_pb_section et_section_regular et_block_section\" id=\"Solutions\"><div class=\"et_pb_row_3 et_pb_row et_pb_equal_columns et_block_row\"><div class=\"et_pb_column_5 et_pb_column et_pb_column_1_2 et_block_column et_pb_css_mix_blend_mode_passthrough\"><div class=\"et_pb_image_2 et_pb_image et_animated et_pb_module et_block_module\"><a href=\"https:\/\/mca-concept.com\/logiciel-kale\/\"><span class=\"et_pb_image_wrap\"><img decoding=\"async\" src=\"https:\/\/mca-concept.com\/wordpress3\/wp-content\/uploads\/2022\/07\/mca-kale-logo-refait-recadre-300x170.png\" width=\"300\" height=\"170\" srcset=\"https:\/\/mca-concept.com\/wordpress3\/wp-content\/uploads\/2022\/07\/mca-kale-logo-refait-recadre-300x170.png 300w, https:\/\/mca-concept.com\/wordpress3\/wp-content\/uploads\/2022\/07\/mca-kale-logo-refait-recadre-200x113.png 200w, https:\/\/mca-concept.com\/wordpress3\/wp-content\/uploads\/2022\/07\/mca-kale-logo-refait-recadre.png 443w\" sizes=\"(max-width: 300px) 100vw, 300px\" class=\"wp-image-47903\" title=\"MCA Kale, umfassende Software f\u00fcr KMU und gro\u00dfe Unternehmen\" alt=\"Logo der MCA Kale-Software das einen gro\u00dfen Origami-Vogel darstellt\" \/><\/span><\/a><\/div><div class=\"et_pb_text_19 et_pb_text et_pb_bg_layout_light et_pb_module et_block_module\"><div class=\"et_pb_text_inner\"><p style=\"text-align: center;\">Software f\u00fcr gro\u00dfe Unternehmen<\/p>\n<\/div><\/div><div class=\"et_pb_module et_pb_button_module_wrapper et_pb_button_2_wrapper preset--module--divi-button--e6919fb1-d0a4-440c-891a-c76fc3d47025_wrapper\"><a class=\"et_pb_button_2 et_pb_button et_pb_bg_layout_light et_pb_module et_block_module preset--module--divi-button--e6919fb1-d0a4-440c-891a-c76fc3d47025\" href=\"https:\/\/mca-concept.com\/logiciel-kale\/\">Mehr erfahren<\/a><\/div><\/div><div class=\"et_pb_column_6 et_pb_column et_pb_column_1_2 et-last-child et_block_column et_pb_css_mix_blend_mode_passthrough\"><div class=\"et_pb_image_3 et_pb_image et_animated et_pb_module et_block_module\"><a href=\"https:\/\/mca-concept.com\/logiciel-colibri\/\"><span class=\"et_pb_image_wrap\"><img decoding=\"async\" src=\"https:\/\/mca-concept.com\/wordpress3\/wp-content\/uploads\/2022\/07\/mca-colibri-logo-refait-recadre-300x170.png\" width=\"300\" height=\"170\" srcset=\"https:\/\/mca-concept.com\/wordpress3\/wp-content\/uploads\/2022\/07\/mca-colibri-logo-refait-recadre-300x170.png 300w, https:\/\/mca-concept.com\/wordpress3\/wp-content\/uploads\/2022\/07\/mca-colibri-logo-refait-recadre-200x114.png 200w, https:\/\/mca-concept.com\/wordpress3\/wp-content\/uploads\/2022\/07\/mca-colibri-logo-refait-recadre.png 442w\" sizes=\"(max-width: 300px) 100vw, 300px\" class=\"wp-image-47907\" title=\"MCA Colibri, Rechnungs- und Buchhaltungssoftware f\u00fcr kleine Unternehmen\" alt=\"Logo der MCA Colibri-Software das einen kleinen Origami-Vogel darstellt\" \/><\/span><\/a><\/div><div class=\"et_pb_text_20 et_pb_text et_pb_bg_layout_light et_pb_module et_block_module et_pb_text_align_center\"><div class=\"et_pb_text_inner\"><p style=\"text-align: center;\">Software f\u00fcr Selbstst\u00e4ndige und Handwerker<\/p>\n<\/div><\/div><div class=\"et_pb_module et_pb_button_module_wrapper et_pb_button_3_wrapper preset--module--divi-button--e6919fb1-d0a4-440c-891a-c76fc3d47025_wrapper\"><a class=\"et_pb_button_3 et_pb_button et_pb_bg_layout_light et_pb_module et_block_module preset--module--divi-button--e6919fb1-d0a4-440c-891a-c76fc3d47025\" href=\"https:\/\/mca-concept.com\/logiciel-colibri\/\">Mehr erfahren<\/a><\/div><\/div><\/div><\/div><div class=\"et_pb_section_3 et_pb_section et_section_regular et_block_section\"><div class=\"et_pb_row_4 et_pb_row et_block_row\"><div class=\"et_pb_column_7 et_pb_column et_pb_column_4_4 et-last-child et_block_column et_pb_css_mix_blend_mode_passthrough\"><div class=\"et_pb_text_21 et_pb_text et_pb_bg_layout_light et_pb_module et_block_module preset--module--divi-text--75a373b3-a752-4305-81e8-535fbf8079d6\"><div class=\"et_pb_text_inner\"><h2>Zusammenfassend<\/h2>\n<p>&nbsp;<\/p>\n<p>Die Einf\u00fchrung der <strong>E-Rechnung<\/strong> stellt einen wichtigen Wendepunkt im Finanzmanagement von Unternehmen in der Schweiz dar und markiert einen bedeutenden \u00dcbergang von der traditionellen Rechnungsstellung zu einem elektronischen und effizienteren Ansatz.<\/p>\n<p>Die E-Rechnung bietet in Angleichung an die ISO-Norm 20022 eine Reihe wertvoller Vorteile, darunter eine erhebliche <strong>Zeitersparnis<\/strong> durch die Vereinfachung des Rechnungsstellungsprozesses und eine Verringerung des Risikos der \u00dcbertragung von COVID-19 durch die <strong>Einschr\u00e4nkung des physischen Kontakts<\/strong>.<\/p>\n<p>Sie erleichtert auch die <strong>Telearbeit<\/strong>, indem sie einen einfachen Zugriff auf Rechnungen von \u00fcberall aus erm\u00f6glicht. In \u00f6kologischer Hinsicht tr\u00e4gt die Reduzierung des Papierverbrauchs dazu bei, den <strong>CO2-Fu\u00dfabdruck<\/strong> von Unternehmen zu verringern.<\/p>\n<p>Dar\u00fcber hinaus soll die E-Rechnung zu einer bundesweiten Anforderung f\u00fcr alle <strong>Gesch\u00e4ftsbeziehungen<\/strong> werden, was den \u00dcbergang zu dieser Methode f\u00fcr Schweizer Unternehmen zu einer Notwendigkeit macht.<\/p>\n<p>Um diesen \u00dcbergang zu erleichtern, bietet <strong>MCA Concept<\/strong> mit <strong>MCA Kale<\/strong> eine umfassende Managementl\u00f6sung an, die modernste Technologien wie E-Rechnung und QR-Code integriert und so ein effizientes Finanzmanagement bietet, das mit den technologischen Entwicklungen Schritt h\u00e4lt.<\/p>\n<p>Wenn Sie heute auf die E-Rechnung umsteigen, ist Ihr Unternehmen auf die administrativen Herausforderungen von morgen vorbereitet.<\/p>\n<\/div><\/div><\/div><\/div><\/div>\n","protected":false},"excerpt":{"rendered":"","protected":false},"author":3,"featured_media":0,"parent":7226,"menu_order":0,"comment_status":"closed","ping_status":"closed","template":"","meta":{"content-type":"","inline_featured_image":false,"_price":"","_stock":"","_tribe_ticket_header":"","_tribe_default_ticket_provider":"","_tribe_ticket_capacity":"0","_ticket_start_date":"","_ticket_end_date":"","_tribe_ticket_show_description":"","_tribe_ticket_show_not_going":false,"_tribe_ticket_use_global_stock":"","_tribe_ticket_global_stock_level":"","_global_stock_mode":"","_global_stock_cap":"","_tribe_rsvp_for_event":"","_tribe_ticket_going_count":"","_tribe_ticket_not_going_count":"","_tribe_tickets_list":"[]","_tribe_ticket_has_attendee_info_fields":false,"footnotes":"","_tec_slr_enabled":"","_tec_slr_layout":""},"class_list":["post-5779","page","type-page","status-publish","hentry"],"yoast_head":"<!-- This site is optimized with the Yoast SEO Premium plugin v26.1 (Yoast SEO v27.2) - https:\/\/yoast.com\/product\/yoast-seo-premium-wordpress\/ -->\n<title>E-Rechnungen innerhalb der Software | MCA Concept | Schweiz<\/title>\n<meta name=\"description\" content=\"Lassen Sie uns gemeinsam herausfinden, was E-Invoicing ist und was es f\u00fcr Unternehmen leisten kann. MCA Kale hat diese Rechnungsverwaltung bereits integriert.\" \/>\n<meta name=\"robots\" content=\"index, follow, max-snippet:-1, max-image-preview:large, max-video-preview:-1\" \/>\n<link rel=\"canonical\" href=\"https:\/\/mca-concept.com\/de\/die-funktionalitaeten\/e-rechnung\/\" \/>\n<meta property=\"og:locale\" content=\"de_DE\" \/>\n<meta property=\"og:type\" content=\"article\" \/>\n<meta property=\"og:title\" content=\"E-Rechnung\" \/>\n<meta property=\"og:description\" content=\"Lassen Sie uns gemeinsam herausfinden, was E-Invoicing ist und was es f\u00fcr Unternehmen leisten kann. MCA Kale hat diese Rechnungsverwaltung bereits integriert.\" \/>\n<meta property=\"og:url\" content=\"https:\/\/mca-concept.com\/de\/die-funktionalitaeten\/e-rechnung\/\" \/>\n<meta property=\"og:site_name\" content=\"MCA Concept\" \/>\n<meta property=\"article:publisher\" content=\"https:\/\/www.facebook.com\/mcaconcept\/\" \/>\n<meta property=\"article:modified_time\" content=\"2026-03-30T06:42:19+00:00\" \/>\n<meta name=\"twitter:card\" content=\"summary_large_image\" \/>\n<meta name=\"twitter:site\" content=\"@McaConcept\" \/>\n<script type=\"application\/ld+json\" class=\"yoast-schema-graph\">{\"@context\":\"https:\/\/schema.org\",\"@graph\":[{\"@type\":\"WebPage\",\"@id\":\"https:\/\/mca-concept.com\/de\/die-funktionalitaeten\/e-rechnung\/\",\"url\":\"https:\/\/mca-concept.com\/de\/die-funktionalitaeten\/e-rechnung\/\",\"name\":\"E-Rechnungen innerhalb der Software | MCA Concept | Schweiz\",\"isPartOf\":{\"@id\":\"https:\/\/mca-concept.com\/de\/#website\"},\"datePublished\":\"2021-02-11T14:46:25+00:00\",\"dateModified\":\"2026-03-30T06:42:19+00:00\",\"description\":\"Lassen Sie uns gemeinsam herausfinden, was E-Invoicing ist und was es f\u00fcr Unternehmen leisten kann. MCA Kale hat diese Rechnungsverwaltung bereits integriert.\",\"breadcrumb\":{\"@id\":\"https:\/\/mca-concept.com\/de\/die-funktionalitaeten\/e-rechnung\/#breadcrumb\"},\"inLanguage\":\"de\",\"potentialAction\":[{\"@type\":\"ReadAction\",\"target\":[\"https:\/\/mca-concept.com\/de\/die-funktionalitaeten\/e-rechnung\/\"]}]},{\"@type\":\"BreadcrumbList\",\"@id\":\"https:\/\/mca-concept.com\/de\/die-funktionalitaeten\/e-rechnung\/#breadcrumb\",\"itemListElement\":[{\"@type\":\"ListItem\",\"position\":1,\"name\":\"Accueil\",\"item\":\"https:\/\/mca-concept.com\/de\/\"},{\"@type\":\"ListItem\",\"position\":2,\"name\":\"Die Funktionen\",\"item\":\"https:\/\/mca-concept.com\/de\/die-funktionalitaeten\/\"},{\"@type\":\"ListItem\",\"position\":3,\"name\":\"E-Rechnung\"}]},{\"@type\":\"WebSite\",\"@id\":\"https:\/\/mca-concept.com\/de\/#website\",\"url\":\"https:\/\/mca-concept.com\/de\/\",\"name\":\"MCA Concept\",\"description\":\"Solutions de gestion d&#039;entreprise ERP-CRM-CMS\",\"publisher\":{\"@id\":\"https:\/\/mca-concept.com\/de\/#organization\"},\"potentialAction\":[{\"@type\":\"SearchAction\",\"target\":{\"@type\":\"EntryPoint\",\"urlTemplate\":\"https:\/\/mca-concept.com\/de\/?s={search_term_string}\"},\"query-input\":{\"@type\":\"PropertyValueSpecification\",\"valueRequired\":true,\"valueName\":\"search_term_string\"}}],\"inLanguage\":\"de\"},{\"@type\":\"Organization\",\"@id\":\"https:\/\/mca-concept.com\/de\/#organization\",\"name\":\"MCA Concept\",\"url\":\"https:\/\/mca-concept.com\/de\/\",\"logo\":{\"@type\":\"ImageObject\",\"inLanguage\":\"de\",\"@id\":\"https:\/\/mca-concept.com\/de\/#\/schema\/logo\/image\/\",\"url\":\"https:\/\/mca-concept.com\/wordpress3\/wp-content\/uploads\/2019\/09\/mca-logo300px.png\",\"contentUrl\":\"https:\/\/mca-concept.com\/wordpress3\/wp-content\/uploads\/2019\/09\/mca-logo300px.png\",\"width\":300,\"height\":156,\"caption\":\"MCA Concept\"},\"image\":{\"@id\":\"https:\/\/mca-concept.com\/de\/#\/schema\/logo\/image\/\"},\"sameAs\":[\"https:\/\/www.facebook.com\/mcaconcept\/\",\"https:\/\/x.com\/McaConcept\",\"https:\/\/www.instagram.com\/mcaconcept\/\",\"https:\/\/ch.linkedin.com\/company\/mca-concept\",\"https:\/\/www.youtube.com\/channel\/UC1WT0RmNiTycrnzr6FqDuPg\"]}]}<\/script>\n<!-- \/ Yoast SEO Premium plugin. -->","yoast_head_json":{"title":"E-Rechnungen innerhalb der Software | MCA Concept | Schweiz","description":"Lassen Sie uns gemeinsam herausfinden, was E-Invoicing ist und was es f\u00fcr Unternehmen leisten kann. MCA Kale hat diese Rechnungsverwaltung bereits integriert.","robots":{"index":"index","follow":"follow","max-snippet":"max-snippet:-1","max-image-preview":"max-image-preview:large","max-video-preview":"max-video-preview:-1"},"canonical":"https:\/\/mca-concept.com\/de\/die-funktionalitaeten\/e-rechnung\/","og_locale":"de_DE","og_type":"article","og_title":"E-Rechnung","og_description":"Lassen Sie uns gemeinsam herausfinden, was E-Invoicing ist und was es f\u00fcr Unternehmen leisten kann. MCA Kale hat diese Rechnungsverwaltung bereits integriert.","og_url":"https:\/\/mca-concept.com\/de\/die-funktionalitaeten\/e-rechnung\/","og_site_name":"MCA Concept","article_publisher":"https:\/\/www.facebook.com\/mcaconcept\/","article_modified_time":"2026-03-30T06:42:19+00:00","twitter_card":"summary_large_image","twitter_site":"@McaConcept","schema":{"@context":"https:\/\/schema.org","@graph":[{"@type":"WebPage","@id":"https:\/\/mca-concept.com\/de\/die-funktionalitaeten\/e-rechnung\/","url":"https:\/\/mca-concept.com\/de\/die-funktionalitaeten\/e-rechnung\/","name":"E-Rechnungen innerhalb der Software | MCA Concept | Schweiz","isPartOf":{"@id":"https:\/\/mca-concept.com\/de\/#website"},"datePublished":"2021-02-11T14:46:25+00:00","dateModified":"2026-03-30T06:42:19+00:00","description":"Lassen Sie uns gemeinsam herausfinden, was E-Invoicing ist und was es f\u00fcr Unternehmen leisten kann. MCA Kale hat diese Rechnungsverwaltung bereits integriert.","breadcrumb":{"@id":"https:\/\/mca-concept.com\/de\/die-funktionalitaeten\/e-rechnung\/#breadcrumb"},"inLanguage":"de","potentialAction":[{"@type":"ReadAction","target":["https:\/\/mca-concept.com\/de\/die-funktionalitaeten\/e-rechnung\/"]}]},{"@type":"BreadcrumbList","@id":"https:\/\/mca-concept.com\/de\/die-funktionalitaeten\/e-rechnung\/#breadcrumb","itemListElement":[{"@type":"ListItem","position":1,"name":"Accueil","item":"https:\/\/mca-concept.com\/de\/"},{"@type":"ListItem","position":2,"name":"Die Funktionen","item":"https:\/\/mca-concept.com\/de\/die-funktionalitaeten\/"},{"@type":"ListItem","position":3,"name":"E-Rechnung"}]},{"@type":"WebSite","@id":"https:\/\/mca-concept.com\/de\/#website","url":"https:\/\/mca-concept.com\/de\/","name":"MCA Concept","description":"Solutions de gestion d&#039;entreprise ERP-CRM-CMS","publisher":{"@id":"https:\/\/mca-concept.com\/de\/#organization"},"potentialAction":[{"@type":"SearchAction","target":{"@type":"EntryPoint","urlTemplate":"https:\/\/mca-concept.com\/de\/?s={search_term_string}"},"query-input":{"@type":"PropertyValueSpecification","valueRequired":true,"valueName":"search_term_string"}}],"inLanguage":"de"},{"@type":"Organization","@id":"https:\/\/mca-concept.com\/de\/#organization","name":"MCA Concept","url":"https:\/\/mca-concept.com\/de\/","logo":{"@type":"ImageObject","inLanguage":"de","@id":"https:\/\/mca-concept.com\/de\/#\/schema\/logo\/image\/","url":"https:\/\/mca-concept.com\/wordpress3\/wp-content\/uploads\/2019\/09\/mca-logo300px.png","contentUrl":"https:\/\/mca-concept.com\/wordpress3\/wp-content\/uploads\/2019\/09\/mca-logo300px.png","width":300,"height":156,"caption":"MCA Concept"},"image":{"@id":"https:\/\/mca-concept.com\/de\/#\/schema\/logo\/image\/"},"sameAs":["https:\/\/www.facebook.com\/mcaconcept\/","https:\/\/x.com\/McaConcept","https:\/\/www.instagram.com\/mcaconcept\/","https:\/\/ch.linkedin.com\/company\/mca-concept","https:\/\/www.youtube.com\/channel\/UC1WT0RmNiTycrnzr6FqDuPg"]}]}},"ticketed":false,"_links":{"self":[{"href":"https:\/\/mca-concept.com\/de\/wp-json\/wp\/v2\/pages\/5779","targetHints":{"allow":["GET"]}}],"collection":[{"href":"https:\/\/mca-concept.com\/de\/wp-json\/wp\/v2\/pages"}],"about":[{"href":"https:\/\/mca-concept.com\/de\/wp-json\/wp\/v2\/types\/page"}],"author":[{"embeddable":true,"href":"https:\/\/mca-concept.com\/de\/wp-json\/wp\/v2\/users\/3"}],"replies":[{"embeddable":true,"href":"https:\/\/mca-concept.com\/de\/wp-json\/wp\/v2\/comments?post=5779"}],"version-history":[{"count":46,"href":"https:\/\/mca-concept.com\/de\/wp-json\/wp\/v2\/pages\/5779\/revisions"}],"predecessor-version":[{"id":83743,"href":"https:\/\/mca-concept.com\/de\/wp-json\/wp\/v2\/pages\/5779\/revisions\/83743"}],"up":[{"embeddable":true,"href":"https:\/\/mca-concept.com\/de\/wp-json\/wp\/v2\/pages\/7226"}],"wp:attachment":[{"href":"https:\/\/mca-concept.com\/de\/wp-json\/wp\/v2\/media?parent=5779"}],"curies":[{"name":"wp","href":"https:\/\/api.w.org\/{rel}","templated":true}]}}