{"id":72365,"date":"2023-10-16T12:01:23","date_gmt":"2023-10-16T10:01:23","guid":{"rendered":"https:\/\/mca-concept.com\/die-funktionalitaeten\/dms\/"},"modified":"2023-10-26T15:54:07","modified_gmt":"2023-10-26T13:54:07","slug":"dms","status":"publish","type":"page","link":"https:\/\/mca-concept.com\/de\/die-funktionalitaeten\/dms\/","title":{"rendered":"DMS"},"content":{"rendered":"<p><div class=\"et_d4_element et_pb_section et_pb_section_0 et_pb_with_background  et_pb_css_mix_blend_mode et_section_regular et_block_section\" >\n\t\t\t\t\n\t\t\t\t\n\t\t\t\t\n\t\t\t\t\n\t\t\t\t\n\t\t\t\t\n\t\t\t\t<div class=\"et_d4_element et_pb_row et_pb_row_0  et_pb_css_mix_blend_mode et_block_row\">\n\t\t\t\t<div class=\"et_d4_element et_pb_column_4_4 et_pb_column et_pb_column_0  et_pb_css_mix_blend_mode et-last-child et_block_column\">\n\t\t\t\t\n\t\t\t\t\n\t\t\t\t\n\t\t\t\t\n\t\t\t\t<div class=\"et_pb_module et_d4_element et_pb_text et_pb_text_0  et_pb_text_align_left et_pb_text_align_center-tablet et_pb_bg_layout_light\">\n\t\t\t\t\n\t\t\t\t\n\t\t\t\t\n\t\t\t\t\n\t\t\t\t<div class=\"et_pb_text_inner\"><h1>EDM: Elektronische Dokumentenverwaltung<\/h1><\/div>\n\t\t\t<\/div>\n\t\t\t<\/div>\n\t\t\t\t\n\t\t\t\t\n\t\t\t\t\n\t\t\t\t\n\t\t\t<\/div>\n\t\t\t\t\n\t\t\t\t\n\t\t\t<\/div><div class=\"et_d4_element et_pb_section et_pb_section_1  et_pb_css_mix_blend_mode et_section_regular et_block_section\" >\n\t\t\t\t\n\t\t\t\t\n\t\t\t\t\n\t\t\t\t\n\t\t\t\t\n\t\t\t\t\n\t\t\t\t<div class=\"et_d4_element et_pb_row et_pb_row_1  et_pb_css_mix_blend_mode et_block_row\">\n\t\t\t\t<div class=\"et_d4_element et_pb_column_4_4 et_pb_column et_pb_column_1  et_pb_css_mix_blend_mode et-last-child et_block_column\">\n\t\t\t\t\n\t\t\t\t\n\t\t\t\t\n\t\t\t\t\n\t\t\t\t<div class=\"et_pb_module et_d4_element et_pb_text et_pb_text_1  et_pb_text_align_left et_pb_text_align_center-tablet et_pb_bg_layout_light\">\n\t\t\t\t\n\t\t\t\t\n\t\t\t\t\n\t\t\t\t\n\t\t\t\t<div class=\"et_pb_text_inner\"><h2>Was ist das?<\/h2><\/div>\n\t\t\t<\/div><div class=\"et_pb_module et_d4_element et_pb_text et_pb_text_2  et_pb_text_align_left et_pb_text_align_center-tablet et_pb_bg_layout_light\">\n\t\t\t\t\n\t\t\t\t\n\t\t\t\t\n\t\t\t\t\n\t\t\t\t<div class=\"et_pb_text_inner\"><p>EDM, oder elektronisches Dokumentenmanagement, ist die Entmaterialisierung und Archivierung der Dokumentation Ihres Unternehmens. Sie erm\u00f6glicht somit die Nutzung von Dokumenten im digitalen Format. Dokumente werden vom DMS-System unterst\u00fctzt, vom Scannen, Speichern, Indexieren, Verteilen bis hin zum Archivieren f\u00fcr die Dauer der Aufbewahrung.<\/p>\n<p>Es gen\u00fcgt, ein Papierdokument - wie eine Rechnung, eine Bestellung oder einen Vertrag - zu scannen und dann zu best\u00e4tigen, damit es in digitaler Form in das Verzeichnis des DMS aufgenommen wird. Die gescannten Dokumente werden dann automatisch nach zuvor festgelegten Kriterien indiziert. Sie k\u00f6nnen nach Datum, Kunden, Referenznummern usw. sortiert werden.<\/p>\n<p>Auf die im DMS verwalteten Dokumente kann in der Regel von verschiedenen Endger\u00e4ten (Computer, Smartphone, Tablets ...) aus zugegriffen werden. Das Lesen und Bearbeiten von Dokumenten ist durch Benutzerrechte eingeschr\u00e4nkt, um die Sicherheit der Daten zu gew\u00e4hrleisten.<\/p>\n<p>Das DMS kann auch nativ digitale Dokumente unterst\u00fctzen.<\/p><\/div>\n\t\t\t<\/div><div class=\"et_pb_module et_d4_element et_pb_text et_pb_text_3  et_pb_text_align_left et_pb_text_align_center-tablet et_pb_bg_layout_light\">\n\t\t\t\t\n\t\t\t\t\n\t\t\t\t\n\t\t\t\t\n\t\t\t\t<div class=\"et_pb_text_inner\"><h2>Avantages<\/h2><\/div>\n\t\t\t<\/div><div class=\"et_pb_module et_d4_element et_pb_text et_pb_text_4  et_pb_text_align_left et_pb_text_align_center-tablet et_pb_bg_layout_light\">\n\t\t\t\t\n\t\t\t\t\n\t\t\t\t\n\t\t\t\t\n\t\t\t\t<div class=\"et_pb_text_inner\"><p>Das EDM bietet mehrere nicht zu vernachl\u00e4ssigende Vorteile, insbesondere sie :<\/p>\n<ul>1) erm\u00f6glicht es, Informationen fast sofort zu finden, anstatt sich aufgrund einer zu gro\u00dfen Dokumentenmenge oder falsch abgelegter Dokumente durch Aktenordner w\u00fchlen zu m\u00fcssen,<br \/>\n2) gew\u00e4hrleistet die Nachvollziehbarkeit von Dokumenten w\u00e4hrend ihrer gesamten Nutzung und einen durch Benutzerrechte gesicherten Zugriff,<br \/>\n3) vermeidet Lagerkosten und setzt physischen Platz in den R\u00e4umlichkeiten frei, da es nicht mehr notwendig ist, Papierdokumente aufzubewahren,<br \/>\n4) beseitigt potenzielle Fehlbedienungen,<br \/>\n5) garantiert die Sicherung von Dokumenten im Falle von Katastrophen wie Feuer oder \u00dcberschwemmung,<br \/>\n6) f\u00f6rdert die Zusammenarbeit durch die M\u00f6glichkeit, online gleichzeitig an ein und demselben Dokument zu arbeiten.<\/ul>\n<p>Das DMS vereinfacht somit die Verwaltung gro\u00dfer Dokumentenmengen und senkt die dadurch entstehenden Kosten.<\/div>\n\t\t\t<\/div><div class=\"et_pb_module et_d4_element et_pb_text et_pb_text_5  et_pb_text_align_left et_pb_text_align_center-tablet et_pb_bg_layout_light\">\n\t\t\t\t\n\t\t\t\t\n\t\t\t\t\n\t\t\t\t\n\t\t\t\t<div class=\"et_pb_text_inner\"><h2>Das Plus mit MCA Concept<\/h2><\/div>\n\t\t\t<\/div><div class=\"et_pb_module et_d4_element et_pb_text et_pb_text_6  et_pb_text_align_left et_pb_text_align_center-tablet et_pb_bg_layout_light\">\n\t\t\t\t\n\t\t\t\t\n\t\t\t\t\n\t\t\t\t\n\t\t\t\t<div class=\"et_pb_text_inner\">MCA Kale und seine Variationen k\u00f6nnen dank der Anbieter, mit denen MCA Concept zusammenarbeitet, Schnittstellen zu DMS-L\u00f6sungen bilden.<\/div>\n\t\t\t<\/div><div class=\"et_pb_module et_d4_element et_pb_text et_pb_text_7  et_pb_text_align_left et_pb_text_align_center-tablet et_pb_bg_layout_light\">\n\t\t\t\t\n\t\t\t\t\n\t\t\t\t\n\t\t\t\t\n\t\t\t\t<div class=\"et_pb_text_inner\"><p>Die Verwaltungssoftware MCA Kale bietet Ihnen eine Reihe von innovativen Modulen, die perfekt miteinander kommunizieren :<\/p>\n<ul>\n<li><a href=\"https:\/\/mca-concept.com\/les-fonctionnalites\/e-facture\/\" target=\"\u201d_blank\u201d\" rel=\"noopener\">E-Rechnung<\/a><\/li>\n<li><a href=\"https:\/\/mca-concept.com\/les-fonctionnalites\/qr-facture\/\" target=\"\u201d_blank\u201d\" rel=\"noopener\">QR code<\/a><\/li>\n<li><a href=\"https:\/\/mca-concept.com\/les-fonctionnalites\/erp\/\" target=\"\u201d_blank\u201d\" rel=\"noopener\">Direkte Integration in die Buchhaltung<\/a><\/li>\n<li>Direkter Link zu Ihrer Website f\u00fcr <a href=\"https:\/\/mca-concept.com\/les-fonctionnalites\/booking\/\" target=\"\u201d_blank\u201d\" rel=\"noopener\">Terminbuchungen<\/a> und <a href=\"https:\/\/mca-concept.com\/les-fonctionnalites\/planning\/\" target=\"\u201d_blank\u201d\" rel=\"noopener\">Terminverwaltungen<\/a><\/li>\n<li>DMS<\/li>\n<\/ul><\/div>\n\t\t\t<\/div>\n\t\t\t<\/div>\n\t\t\t\t\n\t\t\t\t\n\t\t\t\t\n\t\t\t\t\n\t\t\t<\/div><div class=\"et_d4_element et_pb_row et_pb_row_2  et_pb_css_mix_blend_mode et_block_row\">\n\t\t\t\t<div class=\"et_d4_element et_pb_column_4_4 et_pb_column et_pb_column_2  et_pb_css_mix_blend_mode et-last-child et_block_column\">\n\t\t\t\t\n\t\t\t\t\n\t\t\t\t\n\t\t\t\t\n\t\t\t\t<div class=\"et_pb_button_module_wrapper et_pb_button_0_wrapper et_pb_button_alignment_center et_pb_module \">\n\t\t\t\t<a class=\"et_pb_button et_d4_element et_pb_button_0 et_pb_bg_layout_light et_block_module\" href=\"https:\/\/mca-concept.com\/de\/formulaire-edm\/\" data-icon=\"5\">Mehr \u00fcber EDM<\/a>\n\t\t\t<\/div>\n\t\t\t<\/div>\n\t\t\t\t\n\t\t\t\t\n\t\t\t\t\n\t\t\t\t\n\t\t\t<\/div>\n\t\t\t\t\n\t\t\t\t\n\t\t\t<\/div><div class=\"et_d4_element et_pb_section et_pb_section_2 et_pb_with_background  et_pb_css_mix_blend_mode et_section_regular et_block_section\" >\n\t\t\t\t\n\t\t\t\t\n\t\t\t\t\n\t\t\t\t\n\t\t\t\t\n\t\t\t\t\n\t\t\t\t<div class=\"et_d4_element et_pb_row et_pb_row_3  et_pb_css_mix_blend_mode et_block_row\">\n\t\t\t\t<div class=\"et_d4_element et_pb_column_4_4 et_pb_column et_pb_column_3  et_pb_css_mix_blend_mode et-last-child et_block_column\">\n\t\t\t\t\n\t\t\t\t\n\t\t\t\t\n\t\t\t\t\n\t\t\t\t<div class=\"et_pb_module et_d4_element et_pb_text et_pb_text_8  et_pb_text_align_left et_pb_text_align_center-tablet et_pb_bg_layout_light\">\n\t\t\t\t\n\t\t\t\t\n\t\t\t\t\n\t\t\t\t\n\t\t\t\t<div class=\"et_pb_text_inner\"><h2>Zusammenfassend<\/h2>\n<p>&nbsp;<\/p>\n<p>Elektronisches <strong>Dokumentenmanagement<\/strong> (EDM) ist eine Schl\u00fcsseltechnologie f\u00fcr die digitale Transformation von Unternehmen in der Schweiz.<\/p>\n<p>Sie erm\u00f6glicht die Entmaterialisierung, Verwaltung und Archivierung der Unternehmensdokumentation und bietet damit zahlreiche Vorteile, wie z. B. die <strong>Schnelligkeit des Zugangs zu Informationen<\/strong>Die <strong>Nachvollziehbarkeit von Dokumenten<\/strong>Die Ergebnisse der Studie zeigen, dass sich die Ergebnisse der Studie durch die Einsparung von physischem Platz, die Eliminierung von Fehlbedienungen, die <strong>Datensicherung im Katastrophenfall<\/strong>und die Erleichterung der <strong>Zusammenarbeit<\/strong> durch die M\u00f6glichkeit, gleichzeitig an Online-Dokumenten zu arbeiten.<\/p>\n<p>MCA Concept bietet mit <strong>MCA Kale<\/strong> eine innovative L\u00f6sung an, die sich mit DMS-L\u00f6sungen verbinden l\u00e4sst und so den Schweizer Unternehmen eine umfassende Palette an Funktionen f\u00fcr die Verwaltung ihrer Dokumente bietet, einschlie\u00dflich E-Invoicing und direkter Integration in die Buchhaltung.<\/p>\n<p>Diese integrierte L\u00f6sung erleichtert den \u00dcbergang zu einer effizienteren Dokumentenverwaltungsumgebung und tr\u00e4gt zur Senkung der Kosten bei, die mit der Verwaltung gro\u00dfer Dokumentenmengen verbunden sind.<\/p>\n<p>Durch die Einf\u00fchrung von MCA Kale und seinen erweiterten Funktionen k\u00f6nnen Unternehmen ihr Dokumentenmanagement verbessern und in einem sich st\u00e4ndig ver\u00e4ndernden Gesch\u00e4ftsumfeld wettbewerbsf\u00e4hig bleiben.<\/p><\/div>\n\t\t\t<\/div>\n\t\t\t<\/div>\n\t\t\t\t\n\t\t\t\t\n\t\t\t\t\n\t\t\t\t\n\t\t\t<\/div>\n\t\t\t\t\n\t\t\t\t\n\t\t\t<\/div><\/p>\n","protected":false},"excerpt":{"rendered":"","protected":false},"author":11,"featured_media":0,"parent":7226,"menu_order":0,"comment_status":"closed","ping_status":"closed","template":"","meta":{"content-type":"","inline_featured_image":false,"_price":"","_stock":"","_tribe_ticket_header":"","_tribe_default_ticket_provider":"","_tribe_ticket_capacity":"0","_ticket_start_date":"","_ticket_end_date":"","_tribe_ticket_show_description":"","_tribe_ticket_show_not_going":false,"_tribe_ticket_use_global_stock":"","_tribe_ticket_global_stock_level":"","_global_stock_mode":"","_global_stock_cap":"","_tribe_rsvp_for_event":"","_tribe_ticket_going_count":"","_tribe_ticket_not_going_count":"","_tribe_tickets_list":"[]","_tribe_ticket_has_attendee_info_fields":false,"_et_pb_use_builder":"on","_et_pb_old_content":"","_et_gb_content_width":"","footnotes":"","_tec_slr_enabled":"","_tec_slr_layout":""},"class_list":["post-72365","page","type-page","status-publish","hentry"],"yoast_head":"<!-- This site is optimized with the Yoast SEO Premium plugin v26.1 (Yoast SEO v27.2) - https:\/\/yoast.com\/product\/yoast-seo-premium-wordpress\/ -->\n<title>DMS mit MCA Kale | MCA Concept<\/title>\n<meta name=\"robots\" content=\"index, follow, max-snippet:-1, max-image-preview:large, max-video-preview:-1\" \/>\n<link rel=\"canonical\" href=\"https:\/\/mca-concept.com\/de\/die-funktionalitaeten\/dms\/\" \/>\n<meta property=\"og:locale\" content=\"de_DE\" \/>\n<meta property=\"og:type\" content=\"article\" \/>\n<meta property=\"og:title\" content=\"DMS\" \/>\n<meta property=\"og:url\" content=\"https:\/\/mca-concept.com\/de\/die-funktionalitaeten\/dms\/\" \/>\n<meta property=\"og:site_name\" content=\"MCA Concept\" \/>\n<meta property=\"article:publisher\" content=\"https:\/\/www.facebook.com\/mcaconcept\/\" \/>\n<meta property=\"article:modified_time\" content=\"2023-10-26T13:54:07+00:00\" \/>\n<meta name=\"twitter:card\" content=\"summary_large_image\" \/>\n<meta name=\"twitter:site\" content=\"@McaConcept\" \/>\n<meta name=\"twitter:label1\" content=\"Gesch\u00e4tzte Lesezeit\" \/>\n\t<meta name=\"twitter:data1\" content=\"5\u00a0Minuten\" \/>\n<script type=\"application\/ld+json\" class=\"yoast-schema-graph\">{\"@context\":\"https:\/\/schema.org\",\"@graph\":[{\"@type\":\"WebPage\",\"@id\":\"https:\/\/mca-concept.com\/de\/die-funktionalitaeten\/dms\/\",\"url\":\"https:\/\/mca-concept.com\/de\/die-funktionalitaeten\/dms\/\",\"name\":\"DMS mit MCA Kale | MCA Concept\",\"isPartOf\":{\"@id\":\"https:\/\/mca-concept.com\/de\/#website\"},\"datePublished\":\"2023-10-16T10:01:23+00:00\",\"dateModified\":\"2023-10-26T13:54:07+00:00\",\"breadcrumb\":{\"@id\":\"https:\/\/mca-concept.com\/de\/die-funktionalitaeten\/dms\/#breadcrumb\"},\"inLanguage\":\"de\",\"potentialAction\":[{\"@type\":\"ReadAction\",\"target\":[\"https:\/\/mca-concept.com\/de\/die-funktionalitaeten\/dms\/\"]}]},{\"@type\":\"BreadcrumbList\",\"@id\":\"https:\/\/mca-concept.com\/de\/die-funktionalitaeten\/dms\/#breadcrumb\",\"itemListElement\":[{\"@type\":\"ListItem\",\"position\":1,\"name\":\"Accueil\",\"item\":\"https:\/\/mca-concept.com\/de\/\"},{\"@type\":\"ListItem\",\"position\":2,\"name\":\"Die Funktionen\",\"item\":\"https:\/\/mca-concept.com\/de\/die-funktionalitaeten\/\"},{\"@type\":\"ListItem\",\"position\":3,\"name\":\"DMS\"}]},{\"@type\":\"WebSite\",\"@id\":\"https:\/\/mca-concept.com\/de\/#website\",\"url\":\"https:\/\/mca-concept.com\/de\/\",\"name\":\"MCA Concept\",\"description\":\"Solutions de gestion d&#039;entreprise ERP-CRM-CMS\",\"publisher\":{\"@id\":\"https:\/\/mca-concept.com\/de\/#organization\"},\"potentialAction\":[{\"@type\":\"SearchAction\",\"target\":{\"@type\":\"EntryPoint\",\"urlTemplate\":\"https:\/\/mca-concept.com\/de\/?s={search_term_string}\"},\"query-input\":{\"@type\":\"PropertyValueSpecification\",\"valueRequired\":true,\"valueName\":\"search_term_string\"}}],\"inLanguage\":\"de\"},{\"@type\":\"Organization\",\"@id\":\"https:\/\/mca-concept.com\/de\/#organization\",\"name\":\"MCA Concept\",\"url\":\"https:\/\/mca-concept.com\/de\/\",\"logo\":{\"@type\":\"ImageObject\",\"inLanguage\":\"de\",\"@id\":\"https:\/\/mca-concept.com\/de\/#\/schema\/logo\/image\/\",\"url\":\"https:\/\/mca-concept.com\/wordpress3\/wp-content\/uploads\/2019\/09\/mca-logo300px.png\",\"contentUrl\":\"https:\/\/mca-concept.com\/wordpress3\/wp-content\/uploads\/2019\/09\/mca-logo300px.png\",\"width\":300,\"height\":156,\"caption\":\"MCA Concept\"},\"image\":{\"@id\":\"https:\/\/mca-concept.com\/de\/#\/schema\/logo\/image\/\"},\"sameAs\":[\"https:\/\/www.facebook.com\/mcaconcept\/\",\"https:\/\/x.com\/McaConcept\",\"https:\/\/www.instagram.com\/mcaconcept\/\",\"https:\/\/ch.linkedin.com\/company\/mca-concept\",\"https:\/\/www.youtube.com\/channel\/UC1WT0RmNiTycrnzr6FqDuPg\"]}]}<\/script>\n<!-- \/ Yoast SEO Premium plugin. -->","yoast_head_json":{"title":"DMS mit MCA Kale | MCA Concept","robots":{"index":"index","follow":"follow","max-snippet":"max-snippet:-1","max-image-preview":"max-image-preview:large","max-video-preview":"max-video-preview:-1"},"canonical":"https:\/\/mca-concept.com\/de\/die-funktionalitaeten\/dms\/","og_locale":"de_DE","og_type":"article","og_title":"DMS","og_url":"https:\/\/mca-concept.com\/de\/die-funktionalitaeten\/dms\/","og_site_name":"MCA Concept","article_publisher":"https:\/\/www.facebook.com\/mcaconcept\/","article_modified_time":"2023-10-26T13:54:07+00:00","twitter_card":"summary_large_image","twitter_site":"@McaConcept","twitter_misc":{"Gesch\u00e4tzte Lesezeit":"5\u00a0Minuten"},"schema":{"@context":"https:\/\/schema.org","@graph":[{"@type":"WebPage","@id":"https:\/\/mca-concept.com\/de\/die-funktionalitaeten\/dms\/","url":"https:\/\/mca-concept.com\/de\/die-funktionalitaeten\/dms\/","name":"DMS mit MCA Kale | MCA Concept","isPartOf":{"@id":"https:\/\/mca-concept.com\/de\/#website"},"datePublished":"2023-10-16T10:01:23+00:00","dateModified":"2023-10-26T13:54:07+00:00","breadcrumb":{"@id":"https:\/\/mca-concept.com\/de\/die-funktionalitaeten\/dms\/#breadcrumb"},"inLanguage":"de","potentialAction":[{"@type":"ReadAction","target":["https:\/\/mca-concept.com\/de\/die-funktionalitaeten\/dms\/"]}]},{"@type":"BreadcrumbList","@id":"https:\/\/mca-concept.com\/de\/die-funktionalitaeten\/dms\/#breadcrumb","itemListElement":[{"@type":"ListItem","position":1,"name":"Accueil","item":"https:\/\/mca-concept.com\/de\/"},{"@type":"ListItem","position":2,"name":"Die Funktionen","item":"https:\/\/mca-concept.com\/de\/die-funktionalitaeten\/"},{"@type":"ListItem","position":3,"name":"DMS"}]},{"@type":"WebSite","@id":"https:\/\/mca-concept.com\/de\/#website","url":"https:\/\/mca-concept.com\/de\/","name":"MCA Concept","description":"Solutions de gestion d&#039;entreprise ERP-CRM-CMS","publisher":{"@id":"https:\/\/mca-concept.com\/de\/#organization"},"potentialAction":[{"@type":"SearchAction","target":{"@type":"EntryPoint","urlTemplate":"https:\/\/mca-concept.com\/de\/?s={search_term_string}"},"query-input":{"@type":"PropertyValueSpecification","valueRequired":true,"valueName":"search_term_string"}}],"inLanguage":"de"},{"@type":"Organization","@id":"https:\/\/mca-concept.com\/de\/#organization","name":"MCA Concept","url":"https:\/\/mca-concept.com\/de\/","logo":{"@type":"ImageObject","inLanguage":"de","@id":"https:\/\/mca-concept.com\/de\/#\/schema\/logo\/image\/","url":"https:\/\/mca-concept.com\/wordpress3\/wp-content\/uploads\/2019\/09\/mca-logo300px.png","contentUrl":"https:\/\/mca-concept.com\/wordpress3\/wp-content\/uploads\/2019\/09\/mca-logo300px.png","width":300,"height":156,"caption":"MCA Concept"},"image":{"@id":"https:\/\/mca-concept.com\/de\/#\/schema\/logo\/image\/"},"sameAs":["https:\/\/www.facebook.com\/mcaconcept\/","https:\/\/x.com\/McaConcept","https:\/\/www.instagram.com\/mcaconcept\/","https:\/\/ch.linkedin.com\/company\/mca-concept","https:\/\/www.youtube.com\/channel\/UC1WT0RmNiTycrnzr6FqDuPg"]}]}},"ticketed":false,"_links":{"self":[{"href":"https:\/\/mca-concept.com\/de\/wp-json\/wp\/v2\/pages\/72365","targetHints":{"allow":["GET"]}}],"collection":[{"href":"https:\/\/mca-concept.com\/de\/wp-json\/wp\/v2\/pages"}],"about":[{"href":"https:\/\/mca-concept.com\/de\/wp-json\/wp\/v2\/types\/page"}],"author":[{"embeddable":true,"href":"https:\/\/mca-concept.com\/de\/wp-json\/wp\/v2\/users\/11"}],"replies":[{"embeddable":true,"href":"https:\/\/mca-concept.com\/de\/wp-json\/wp\/v2\/comments?post=72365"}],"version-history":[{"count":10,"href":"https:\/\/mca-concept.com\/de\/wp-json\/wp\/v2\/pages\/72365\/revisions"}],"predecessor-version":[{"id":73703,"href":"https:\/\/mca-concept.com\/de\/wp-json\/wp\/v2\/pages\/72365\/revisions\/73703"}],"up":[{"embeddable":true,"href":"https:\/\/mca-concept.com\/de\/wp-json\/wp\/v2\/pages\/7226"}],"wp:attachment":[{"href":"https:\/\/mca-concept.com\/de\/wp-json\/wp\/v2\/media?parent=72365"}],"curies":[{"name":"wp","href":"https:\/\/api.w.org\/{rel}","templated":true}]}}