{"id":12990,"date":"2021-05-21T08:35:40","date_gmt":"2021-05-21T07:35:40","guid":{"rendered":"https:\/\/mca-concept.com\/form-lca-590-31\/"},"modified":"2026-03-30T11:44:49","modified_gmt":"2026-03-30T09:44:49","slug":"form-lca-590-31","status":"publish","type":"page","link":"https:\/\/mca-concept.com\/en\/form-lca-590-31\/","title":{"rendered":"Form : offer request LCA 590-31"},"content":{"rendered":"\n<div class=\"et_pb_section_0 et_pb_section et_section_regular et_block_section section_has_divider et_pb_top_divider\" id=\"Haut\"><div class=\"et_pb_top_inside_divider et-no-transition\"><\/div><\/div><div class=\"et_pb_section_1 et_pb_section et_section_regular et_block_section\"><div class=\"et_pb_row_0 et_pb_row et_block_row\"><div class=\"et_pb_column_0 et_pb_column et_pb_column_4_4 et-last-child et_block_column et_pb_css_mix_blend_mode_passthrough\"><div class=\"et_pb_image_0 et_pb_image et_pb_module et_block_module\"><span class=\"et_pb_image_wrap\"><img decoding=\"async\" src=\"https:\/\/mca-concept.com\/wordpress3\/wp-content\/uploads\/2021\/12\/logo-lca590-31-mca-kale.png\" width=\"221\" height=\"133\" srcset=\"https:\/\/mca-concept.com\/wordpress3\/wp-content\/uploads\/2021\/12\/logo-lca590-31-mca-kale.png 221w, https:\/\/mca-concept.com\/wordpress3\/wp-content\/uploads\/2021\/12\/logo-lca590-31-mca-kale-200x120.png 200w\" sizes=\"(max-width: 221px) 100vw, 221px\" class=\"wp-image-25001\" title=\"Logo Pack L-31 MCA LCA-590\" alt=\"Logo du pack L-31 de la solution MCA LCA-590 de MCA Concept\" \/><\/span><\/div><\/div><\/div><\/div><div class=\"et_pb_section_2 et_pb_section et_section_regular et_block_section\"><div class=\"et_pb_row_1 et_pb_row et_block_row\"><div class=\"et_pb_column_1 et_pb_column et_pb_column_4_4 et-last-child et_block_column et_pb_css_mix_blend_mode_passthrough\"><div class=\"et_pb_text_0 et_pb_text et_pb_bg_layout_light et_pb_module et_block_module et_pb_text_align_center\"><div class=\"et_pb_text_inner\"><h1>Je souhaite \u00e9valuer LCA 590-31<\/h1>\n<\/div><\/div><\/div><\/div><div class=\"et_pb_row_2 et_pb_row et_block_row\"><div class=\"et_pb_column_2 et_pb_column et_pb_column_4_4 et-last-child et_block_column et_pb_css_mix_blend_mode_passthrough\"><div class=\"et_pb_text_1 et_pb_text et_pb_bg_layout_light et_pb_module et_block_module\"><div class=\"et_pb_text_inner\"><h2>Description du package : <\/h2>\n<\/div><\/div><\/div><\/div><div class=\"et_pb_row_3 et_pb_row et_block_row\"><div class=\"et_pb_column_3 et_pb_column et_pb_column_2_3 et_block_column et_pb_css_mix_blend_mode_passthrough\"><div class=\"et_pb_text_2 et_pb_text et_pb_bg_layout_light et_pb_module et_block_module\"><div class=\"et_pb_text_inner\"><p>- 1 utilisateur<br \/>\n- 1 connexion pour le fiduciaire<br \/>\n- Prestations - Achats<br \/>\n- Relation client - Ventes<br \/>\n- Prestataires<br \/>\n- Comptabilit\u00e9 g\u00e9n\u00e9rale<br \/>\n- Paiements<br \/>\n- Regroupement des paiements<br \/>\n- Notes de frais (Mobile)<br \/>\n- Planning (Agenda)<br \/>\n- CRM<br \/>\n- RH-Employ\u00e9s (1 \u00e0 15 salaires)<br \/>\n- RH-Gestion du temps<br \/>\n- RH-Planning et solde des cong\u00e9s<\/p>\n<\/div><\/div><\/div><div class=\"et_pb_column_4 et_pb_column et_pb_column_1_3 et-last-child et_block_column et_pb_column_empty et_pb_css_mix_blend_mode_passthrough\"><\/div><\/div><div class=\"et_pb_row_4 et_pb_row et_block_row\"><div class=\"et_pb_column_5 et_pb_column et_pb_column_4_4 et-last-child et_block_column et_pb_css_mix_blend_mode_passthrough\"><div class=\"et_pb_divider_0 et_pb_divider et_pb_space et_pb_divider_position_top et_pb_module\"><div class=\"et_pb_divider_internal\"><\/div><\/div><\/div><\/div><div class=\"et_pb_row_5 et_pb_row et_block_row\"><div class=\"et_pb_column_6 et_pb_column et_pb_column_4_4 et-last-child et_block_column et_pb_css_mix_blend_mode_passthrough\"><div class=\"et_pb_contact_form_0 et_pb_contact_form_container clearfix et_pb_module et_flex_module\" data-form_unique_num=\"0\" data-form_unique_id=\"4276b7ac-b97b-40ba-9576-dd17649d55dd\" data-redirect_url=\"https:\/\/mca-concept.com\/remerciements\/ \" id=\"et_pb_contact_form_4276b7ac-b97b-40ba-9576-dd17649d55dd\"><div class=\"et-pb-contact-message\"><\/div><div class=\"et_pb_contact\"><form class=\"et_pb_contact_form et_flex_module\" method=\"post\" action=\"https:\/\/mca-concept.com\/en\/wp-json\/wp\/v2\/pages\/12990\"><div class=\"et_pb_contact_field_0 et_pb_contact_field et_pb_module et_flex_module et_flex_column_24_24 et_flex_column_24_24_tablet et_flex_column_24_24_phone\" data-id=\"raisonsociale\" data-type=\"input\"><label class=\"et_pb_contact_form_label\" for=\"et_pb_contact_0_raisonsociale_0\">Raison Sociale<\/label><input type=\"text\" name=\"et_pb_contact_0_raisonsociale_0\" id=\"et_pb_contact_0_raisonsociale_0\" class=\"input\" data-required_mark=\"required\" data-field_type=\"input\" data-original_id=\"raisonsociale\" placeholder=\"Raison Sociale\" title=\"\" value=\"\" \/><\/div><div class=\"et_pb_contact_field_1 et_pb_contact_field et_pb_module et_flex_module et_flex_column_24_24 et_flex_column_24_24_tablet et_flex_column_24_24_phone\" data-id=\"nompr\u00e9nom\" data-type=\"input\"><label class=\"et_pb_contact_form_label\" for=\"et_pb_contact_0_nompr\u00e9nom_1\">Nom et pr\u00e9nom<\/label><input type=\"text\" name=\"et_pb_contact_0_nompr\u00e9nom_1\" id=\"et_pb_contact_0_nompr\u00e9nom_1\" class=\"input\" data-required_mark=\"required\" data-field_type=\"input\" data-original_id=\"nompr\u00e9nom\" placeholder=\"Nom et pr\u00e9nom\" title=\"\" value=\"\" \/><\/div><div class=\"et_pb_contact_field_2 et_pb_contact_field et_pb_module et_flex_module et_flex_column_24_24 et_flex_column_24_24_tablet et_flex_column_24_24_phone\" data-id=\"paysregion\" data-type=\"input\"><label class=\"et_pb_contact_form_label\" for=\"et_pb_contact_0_paysregion_2\">Pays \/ R\u00e9gion<\/label><input type=\"text\" name=\"et_pb_contact_0_paysregion_2\" id=\"et_pb_contact_0_paysregion_2\" class=\"input\" data-required_mark=\"required\" data-field_type=\"input\" data-original_id=\"paysregion\" placeholder=\"Pays \/ R\u00e9gion\" title=\"\" value=\"\" \/><\/div><div class=\"et_pb_contact_field_3 et_pb_contact_field et_pb_module et_flex_module et_flex_column_24_24 et_flex_column_24_24_tablet et_flex_column_24_24_phone\" data-id=\"email\" data-type=\"email\"><label class=\"et_pb_contact_form_label\" for=\"et_pb_contact_0_email_3\">Adresse e-mail de contact<\/label><input type=\"text\" name=\"et_pb_contact_0_email_3\" id=\"et_pb_contact_0_email_3\" class=\"input\" data-required_mark=\"required\" data-field_type=\"email\" data-original_id=\"email\" placeholder=\"Adresse e-mail de contact\" title=\"\" value=\"\" \/><\/div><div class=\"et_pb_contact_field_4 et_pb_contact_field et_pb_module et_flex_module et_flex_column_24_24 et_flex_column_24_24_tablet et_flex_column_24_24_phone\" data-id=\"telephone\" data-type=\"input\"><label class=\"et_pb_contact_form_label\" for=\"et_pb_contact_0_telephone_4\">Num\u00e9ro de t\u00e9l\u00e9phone de contact (optionnel)<\/label><input type=\"text\" name=\"et_pb_contact_0_telephone_4\" id=\"et_pb_contact_0_telephone_4\" class=\"input\" data-required_mark=\"not_required\" data-field_type=\"input\" data-original_id=\"telephone\" placeholder=\"Num\u00e9ro de t\u00e9l\u00e9phone de contact (optionnel)\" pattern=\"[0-9\\s\\-]*\" title=\"Only numbers allowed.\" value=\"\" \/><\/div><div class=\"et_pb_contact_field_5 et_pb_contact_field et_pb_module et_flex_module et_flex_column_24_24 et_flex_column_24_24_tablet et_flex_column_24_24_phone\" data-id=\"message\" data-type=\"text\"><label class=\"et_pb_contact_form_label\" for=\"et_pb_contact_0_message_5\">Message et compl\u00e9ment d'information (optionnel)<\/label><textarea name=\"et_pb_contact_0_message_5\" id=\"et_pb_contact_0_message_5\" class=\"et_pb_contact_message input\" data-required_mark=\"not_required\" data-field_type=\"text\" data-original_id=\"message\" placeholder=\"Message et compl\u00e9ment d&#039;information (optionnel)\"><\/textarea><\/div><div class=\"et_pb_contact_field_6 et_pb_contact_field et_pb_module et_flex_module et_flex_column_24_24 et_flex_column_24_24_tablet et_flex_column_24_24_phone\" data-id=\"politiqueconfi\" data-type=\"checkbox\"><label class=\"et_pb_contact_form_label\">Politique de confidentialit\u00e9<\/label><input type=\"hidden\" name=\"et_pb_contact_0_politiqueconfi_6\" class=\"et_pb_checkbox_handle\" data-required_mark=\"required\" data-field_type=\"checkbox\" data-original_id=\"politiqueconfi\" \/><span class=\"et_pb_contact_field_options_wrapper\"><span class=\"et_pb_contact_field_options_title\">Politique de confidentialit\u00e9<\/span><span class=\"et_pb_contact_field_options_list\"><span class=\"et_pb_contact_field_checkbox\"><input type=\"checkbox\" id=\"et_pb_contact_0_politiqueconfi_6_0\" class=\"input\" value=\"J&#039;ai lu et j&#039;accepte la politique de confidentialit\u00e9\" data-required_mark=\"required\" data-field_type=\"checkbox\" data-original_id=\"politiqueconfi\" \/><label for=\"et_pb_contact_0_politiqueconfi_6_0\"><i><\/i>J'ai lu et j'accepte la politique de confidentialit\u00e9 <a target=\"_blank\" href=\"https:\/\/mca-concept.com\/politique-de-confidentialite\/\"><\/a><\/label><\/span><\/span><\/span><\/div><input type=\"hidden\" name=\"et_pb_contactform_submit_4276b7ac-b97b-40ba-9576-dd17649d55dd\" value=\"et_contact_proccess\" \/><div class=\"et_contact_bottom_container\"><div class=\"et_pb_contact_right et_pb_contact_field\"><p class=\"clearfix\"><span class=\"et_pb_contact_captcha_question\">11 + 11<\/span> = <input type=\"text\" size=\"2\" class=\"input et_pb_contact_captcha\" data-first_digit=\"11\" data-second_digit=\"11\" data-required_mark=\"required\" name=\"et_pb_contact_captcha_4276b7ac-b97b-40ba-9576-dd17649d55dd\" autocomplete=\"off\" \/><\/p><\/div><div class=\"et_pb_button_wrapper\"><button type=\"submit\" name=\"et_builder_submit_button\" class=\"et_pb_button et_pb_contact_submit\">Commander<\/button><\/div><\/div><input type=\"hidden\" id=\"_wpnonce-et-pb-contact-form-submitted-4276b7ac-b97b-40ba-9576-dd17649d55dd\" name=\"_wpnonce-et-pb-contact-form-submitted-4276b7ac-b97b-40ba-9576-dd17649d55dd\" value=\"c913d90ce9\" \/><input type=\"hidden\" name=\"_wp_http_referer\" value=\"\/en\/wp-json\/wp\/v2\/pages\/12990\" \/><\/form><\/div><\/div><\/div><\/div><\/div><div class=\"et_pb_section_3 et_pb_section et_section_regular et_block_section section_has_divider et_pb_bottom_divider\"><div class=\"et_pb_bottom_inside_divider et-no-transition\"><\/div><\/div>\n","protected":false},"excerpt":{"rendered":"","protected":false},"author":3,"featured_media":0,"parent":0,"menu_order":0,"comment_status":"closed","ping_status":"closed","template":"","meta":{"content-type":"","inline_featured_image":false,"_price":"","_stock":"","_tribe_ticket_header":"","_tribe_default_ticket_provider":"","_tribe_ticket_capacity":"0","_ticket_start_date":"","_ticket_end_date":"","_tribe_ticket_show_description":"","_tribe_ticket_show_not_going":false,"_tribe_ticket_use_global_stock":"","_tribe_ticket_global_stock_level":"","_global_stock_mode":"","_global_stock_cap":"","_tribe_rsvp_for_event":"","_tribe_ticket_going_count":"","_tribe_ticket_not_going_count":"","_tribe_tickets_list":"[]","_tribe_ticket_has_attendee_info_fields":false,"footnotes":"","_tec_slr_enabled":"","_tec_slr_layout":""},"class_list":["post-12990","page","type-page","status-publish","hentry"],"yoast_head":"<!-- This site is optimized with the Yoast SEO Premium plugin v26.1 (Yoast SEO v27.2) - https:\/\/yoast.com\/product\/yoast-seo-premium-wordpress\/ -->\n<title>Offer request form LCA 590-31 | MCA Concept | Switerland<\/title>\n<meta name=\"description\" content=\"Fill in this form to request an offer for the LCA 590-31 package of MCA Concept&#039;s LCA 590 software.\" \/>\n<meta name=\"robots\" content=\"index, nofollow, max-snippet:-1, max-image-preview:large, max-video-preview:-1\" \/>\n<link rel=\"canonical\" href=\"https:\/\/mca-concept.com\/en\/form-lca-590-31\/\" \/>\n<meta property=\"og:locale\" content=\"en_US\" \/>\n<meta property=\"og:type\" content=\"article\" \/>\n<meta property=\"og:title\" content=\"Form : offer request LCA 590-31\" \/>\n<meta property=\"og:description\" content=\"Fill in this form to request an offer for the LCA 590-31 package of MCA Concept&#039;s LCA 590 software.\" \/>\n<meta property=\"og:url\" content=\"https:\/\/mca-concept.com\/en\/form-lca-590-31\/\" \/>\n<meta property=\"og:site_name\" content=\"MCA Concept\" \/>\n<meta property=\"article:publisher\" content=\"https:\/\/www.facebook.com\/mcaconcept\/\" \/>\n<meta property=\"article:modified_time\" content=\"2026-03-30T09:44:49+00:00\" \/>\n<meta name=\"twitter:card\" content=\"summary_large_image\" \/>\n<meta name=\"twitter:site\" content=\"@McaConcept\" \/>\n<script type=\"application\/ld+json\" class=\"yoast-schema-graph\">{\"@context\":\"https:\/\/schema.org\",\"@graph\":[{\"@type\":\"WebPage\",\"@id\":\"https:\/\/mca-concept.com\/en\/form-lca-590-31\/\",\"url\":\"https:\/\/mca-concept.com\/en\/form-lca-590-31\/\",\"name\":\"Offer request form LCA 590-31 | MCA Concept | Switerland\",\"isPartOf\":{\"@id\":\"https:\/\/mca-concept.com\/en\/#website\"},\"datePublished\":\"2021-05-21T07:35:40+00:00\",\"dateModified\":\"2026-03-30T09:44:49+00:00\",\"description\":\"Fill in this form to request an offer for the LCA 590-31 package of MCA Concept's LCA 590 software.\",\"breadcrumb\":{\"@id\":\"https:\/\/mca-concept.com\/en\/form-lca-590-31\/#breadcrumb\"},\"inLanguage\":\"en-US\",\"potentialAction\":[{\"@type\":\"ReadAction\",\"target\":[\"https:\/\/mca-concept.com\/en\/form-lca-590-31\/\"]}]},{\"@type\":\"BreadcrumbList\",\"@id\":\"https:\/\/mca-concept.com\/en\/form-lca-590-31\/#breadcrumb\",\"itemListElement\":[{\"@type\":\"ListItem\",\"position\":1,\"name\":\"Accueil\",\"item\":\"https:\/\/mca-concept.com\/en\/\"},{\"@type\":\"ListItem\",\"position\":2,\"name\":\"Form : offer request LCA 590-31\"}]},{\"@type\":\"WebSite\",\"@id\":\"https:\/\/mca-concept.com\/en\/#website\",\"url\":\"https:\/\/mca-concept.com\/en\/\",\"name\":\"MCA Concept\",\"description\":\"Solutions de gestion d&#039;entreprise ERP-CRM-CMS\",\"publisher\":{\"@id\":\"https:\/\/mca-concept.com\/en\/#organization\"},\"potentialAction\":[{\"@type\":\"SearchAction\",\"target\":{\"@type\":\"EntryPoint\",\"urlTemplate\":\"https:\/\/mca-concept.com\/en\/?s={search_term_string}\"},\"query-input\":{\"@type\":\"PropertyValueSpecification\",\"valueRequired\":true,\"valueName\":\"search_term_string\"}}],\"inLanguage\":\"en-US\"},{\"@type\":\"Organization\",\"@id\":\"https:\/\/mca-concept.com\/en\/#organization\",\"name\":\"MCA Concept\",\"url\":\"https:\/\/mca-concept.com\/en\/\",\"logo\":{\"@type\":\"ImageObject\",\"inLanguage\":\"en-US\",\"@id\":\"https:\/\/mca-concept.com\/en\/#\/schema\/logo\/image\/\",\"url\":\"https:\/\/mca-concept.com\/wordpress3\/wp-content\/uploads\/2019\/09\/mca-logo300px.png\",\"contentUrl\":\"https:\/\/mca-concept.com\/wordpress3\/wp-content\/uploads\/2019\/09\/mca-logo300px.png\",\"width\":300,\"height\":156,\"caption\":\"MCA Concept\"},\"image\":{\"@id\":\"https:\/\/mca-concept.com\/en\/#\/schema\/logo\/image\/\"},\"sameAs\":[\"https:\/\/www.facebook.com\/mcaconcept\/\",\"https:\/\/x.com\/McaConcept\",\"https:\/\/www.instagram.com\/mcaconcept\/\",\"https:\/\/ch.linkedin.com\/company\/mca-concept\",\"https:\/\/www.youtube.com\/channel\/UC1WT0RmNiTycrnzr6FqDuPg\"]}]}<\/script>\n<!-- \/ Yoast SEO Premium plugin. -->","yoast_head_json":{"title":"Offer request form LCA 590-31 | MCA Concept | Switerland","description":"Fill in this form to request an offer for the LCA 590-31 package of MCA Concept's LCA 590 software.","robots":{"index":"index","follow":"nofollow","max-snippet":"max-snippet:-1","max-image-preview":"max-image-preview:large","max-video-preview":"max-video-preview:-1"},"canonical":"https:\/\/mca-concept.com\/en\/form-lca-590-31\/","og_locale":"en_US","og_type":"article","og_title":"Form : offer request LCA 590-31","og_description":"Fill in this form to request an offer for the LCA 590-31 package of MCA Concept's LCA 590 software.","og_url":"https:\/\/mca-concept.com\/en\/form-lca-590-31\/","og_site_name":"MCA Concept","article_publisher":"https:\/\/www.facebook.com\/mcaconcept\/","article_modified_time":"2026-03-30T09:44:49+00:00","twitter_card":"summary_large_image","twitter_site":"@McaConcept","schema":{"@context":"https:\/\/schema.org","@graph":[{"@type":"WebPage","@id":"https:\/\/mca-concept.com\/en\/form-lca-590-31\/","url":"https:\/\/mca-concept.com\/en\/form-lca-590-31\/","name":"Offer request form LCA 590-31 | MCA Concept | Switerland","isPartOf":{"@id":"https:\/\/mca-concept.com\/en\/#website"},"datePublished":"2021-05-21T07:35:40+00:00","dateModified":"2026-03-30T09:44:49+00:00","description":"Fill in this form to request an offer for the LCA 590-31 package of MCA Concept's LCA 590 software.","breadcrumb":{"@id":"https:\/\/mca-concept.com\/en\/form-lca-590-31\/#breadcrumb"},"inLanguage":"en-US","potentialAction":[{"@type":"ReadAction","target":["https:\/\/mca-concept.com\/en\/form-lca-590-31\/"]}]},{"@type":"BreadcrumbList","@id":"https:\/\/mca-concept.com\/en\/form-lca-590-31\/#breadcrumb","itemListElement":[{"@type":"ListItem","position":1,"name":"Accueil","item":"https:\/\/mca-concept.com\/en\/"},{"@type":"ListItem","position":2,"name":"Form : offer request LCA 590-31"}]},{"@type":"WebSite","@id":"https:\/\/mca-concept.com\/en\/#website","url":"https:\/\/mca-concept.com\/en\/","name":"MCA Concept","description":"Solutions de gestion d&#039;entreprise ERP-CRM-CMS","publisher":{"@id":"https:\/\/mca-concept.com\/en\/#organization"},"potentialAction":[{"@type":"SearchAction","target":{"@type":"EntryPoint","urlTemplate":"https:\/\/mca-concept.com\/en\/?s={search_term_string}"},"query-input":{"@type":"PropertyValueSpecification","valueRequired":true,"valueName":"search_term_string"}}],"inLanguage":"en-US"},{"@type":"Organization","@id":"https:\/\/mca-concept.com\/en\/#organization","name":"MCA Concept","url":"https:\/\/mca-concept.com\/en\/","logo":{"@type":"ImageObject","inLanguage":"en-US","@id":"https:\/\/mca-concept.com\/en\/#\/schema\/logo\/image\/","url":"https:\/\/mca-concept.com\/wordpress3\/wp-content\/uploads\/2019\/09\/mca-logo300px.png","contentUrl":"https:\/\/mca-concept.com\/wordpress3\/wp-content\/uploads\/2019\/09\/mca-logo300px.png","width":300,"height":156,"caption":"MCA Concept"},"image":{"@id":"https:\/\/mca-concept.com\/en\/#\/schema\/logo\/image\/"},"sameAs":["https:\/\/www.facebook.com\/mcaconcept\/","https:\/\/x.com\/McaConcept","https:\/\/www.instagram.com\/mcaconcept\/","https:\/\/ch.linkedin.com\/company\/mca-concept","https:\/\/www.youtube.com\/channel\/UC1WT0RmNiTycrnzr6FqDuPg"]}]}},"ticketed":false,"_links":{"self":[{"href":"https:\/\/mca-concept.com\/en\/wp-json\/wp\/v2\/pages\/12990","targetHints":{"allow":["GET"]}}],"collection":[{"href":"https:\/\/mca-concept.com\/en\/wp-json\/wp\/v2\/pages"}],"about":[{"href":"https:\/\/mca-concept.com\/en\/wp-json\/wp\/v2\/types\/page"}],"author":[{"embeddable":true,"href":"https:\/\/mca-concept.com\/en\/wp-json\/wp\/v2\/users\/3"}],"replies":[{"embeddable":true,"href":"https:\/\/mca-concept.com\/en\/wp-json\/wp\/v2\/comments?post=12990"}],"version-history":[{"count":16,"href":"https:\/\/mca-concept.com\/en\/wp-json\/wp\/v2\/pages\/12990\/revisions"}],"predecessor-version":[{"id":84113,"href":"https:\/\/mca-concept.com\/en\/wp-json\/wp\/v2\/pages\/12990\/revisions\/84113"}],"wp:attachment":[{"href":"https:\/\/mca-concept.com\/en\/wp-json\/wp\/v2\/media?parent=12990"}],"curies":[{"name":"wp","href":"https:\/\/api.w.org\/{rel}","templated":true}]}}