{"id":16547,"date":"2021-09-17T07:57:09","date_gmt":"2021-09-17T06:57:09","guid":{"rendered":"https:\/\/mca-concept.com\/process-guide\/"},"modified":"2026-03-30T11:48:36","modified_gmt":"2026-03-30T09:48:36","slug":"process-guide","status":"publish","type":"page","link":"https:\/\/mca-concept.com\/it\/i-moduli\/process-guide\/","title":{"rendered":"Process Guide"},"content":{"rendered":"\n<div class=\"et_pb_section_0 et_pb_section et_section_regular et_block_section\"><div class=\"et_pb_row_0 et_pb_row et_block_row v-center\"><div class=\"et_pb_column_0 et_pb_column et_pb_column_4_4 et-last-child et_block_column et_pb_css_mix_blend_mode_passthrough\"><div class=\"et_pb_text_0 et_pb_text et_pb_bg_layout_light et_pb_module et_block_module preset--module--divi-text--75a373b3-a752-4305-81e8-535fbf8079d6\"><div class=\"et_pb_text_inner\"><h1>Amministrazione<\/h1>\n<\/div><\/div><\/div><\/div><div class=\"et_pb_row_1 et_pb_row et_block_row\"><div class=\"et_pb_column_1 et_pb_column et_pb_column_4_4 et-last-child et_block_column et_pb_css_mix_blend_mode_passthrough\"><div class=\"et_pb_image_0 et_pb_image et_pb_module et_block_module\"><span class=\"et_pb_image_wrap\"><img decoding=\"async\" src=\"https:\/\/mca-concept.com\/wordpress3\/wp-content\/uploads\/2021\/11\/illustration-entete-process-guide-mca-kale.png\" width=\"1079\" height=\"348\" srcset=\"https:\/\/mca-concept.com\/wordpress3\/wp-content\/uploads\/2021\/11\/illustration-entete-process-guide-mca-kale.png 1079w, https:\/\/mca-concept.com\/wordpress3\/wp-content\/uploads\/2021\/11\/illustration-entete-process-guide-mca-kale-980x316.png 980w, https:\/\/mca-concept.com\/wordpress3\/wp-content\/uploads\/2021\/11\/illustration-entete-process-guide-mca-kale-480x155.png 480w\" sizes=\"(min-width: 0px) and (max-width: 480px) 480px, (min-width: 481px) and (max-width: 980px) 980px, (min-width: 981px) 1079px, 100vw\" class=\"wp-image-20454\" title=\"Illustrazione dell&#039;intestazione Process Guide\" alt=\"Illustrazione dell&#039;intestazione del modulo Process Guide di MCA-Kale\" \/><\/span><\/div><\/div><\/div><\/div><div class=\"et_pb_section_1 et_pb_section et_section_regular et_block_section\"><div class=\"et_pb_row_2 et_pb_row et_block_row\"><div class=\"et_pb_column_2 et_pb_column et_pb_column_4_4 et-last-child et_block_column et_pb_css_mix_blend_mode_passthrough\"><div class=\"et_pb_text_1 et_pb_text et_pb_bg_layout_light et_pb_module et_block_module preset--module--divi-text--75a373b3-a752-4305-81e8-535fbf8079d6\"><div class=\"et_pb_text_inner\"><h2>Process Guide<br \/>Documentazione del processo<\/h2>\n<\/div><\/div><\/div><\/div><div class=\"et_pb_row_3 et_pb_row et_block_row\"><div class=\"et_pb_column_3 et_pb_column et_pb_column_1_3 et_block_column et_pb_css_mix_blend_mode_passthrough\"><div class=\"et_pb_text_2 et_pb_text et_pb_bg_layout_light et_pb_module et_block_module et_pb_text_align_center preset--module--divi-text--75a373b3-a752-4305-81e8-535fbf8079d6\"><div class=\"et_pb_text_inner\"><h3 style=\"text-align: center;\">Processi definiti<\/h3>\n<p>Uno spazio dedicato alla documentazione dei processi e delle procedure aziendali.<\/p>\n<\/div><\/div><\/div><div class=\"et_pb_column_4 et_pb_column et_pb_column_1_3 et_block_column et_pb_css_mix_blend_mode_passthrough\"><div class=\"et_pb_text_3 et_pb_text et_pb_bg_layout_light et_pb_module et_block_module et_pb_text_align_center preset--module--divi-text--75a373b3-a752-4305-81e8-535fbf8079d6\"><div class=\"et_pb_text_inner\"><h3 style=\"text-align: center;\">Conformit\u00e0 alle norme ISO<\/h3>\n<p>Progettato per la documentazione di istruzioni, procedure e processi ISO.<\/p>\n<\/div><\/div><\/div><div class=\"et_pb_column_5 et_pb_column et_pb_column_1_3 et-last-child et_block_column et_pb_css_mix_blend_mode_passthrough\"><div class=\"et_pb_text_4 et_pb_text et_pb_bg_layout_light et_pb_module et_block_module et_pb_text_align_center preset--module--divi-text--75a373b3-a752-4305-81e8-535fbf8079d6\"><div class=\"et_pb_text_inner\"><h3 style=\"text-align: center;\">Istruzioni di lavoro<\/h3>\n<p>Responsabilit\u00e0 e compiti definiti per il trasferimento di know-how all'interno dell'azienda.<\/p>\n<\/div><\/div><\/div><\/div><div class=\"et_pb_row_4 et_pb_row et_block_row\"><div class=\"et_pb_column_6 et_pb_column et_pb_column_4_4 et-last-child et_block_column et_pb_css_mix_blend_mode_passthrough\"><div class=\"et_pb_text_5 et_pb_text et_pb_bg_layout_light et_pb_module et_block_module preset--module--divi-text--75a373b3-a752-4305-81e8-535fbf8079d6\"><div class=\"et_pb_text_inner\"><p>Questo modulo vi permette di dettagliare i processi e le procedure della vostra azienda (amministrative, ISO, ecc.) al fine di garantire il rispetto degli standard di gestione all'interno dell'azienda e di assicurare che tutti i dipendenti siano in grado di eseguire correttamente i compiti assegnati.<\/p>\n<p>Gli standard di gestione aiutano a stabilire processi efficaci ed efficienti, compresa una migliore qualit\u00e0 del lavoro e una maggiore sicurezza per i lavoratori.<\/p>\n<p>Che si tratti della produzione, dei servizi o della gestione di un processo, documentate nella Guida ai processi i vari processi, procedure o istruzioni di lavoro richieste dalle norme ISO in modo chiaro e conciso. Questo dimostra come organizzi e controlli le tue operazioni per soddisfare i vari requisiti.<\/p>\n<p>Si possono fornire tutti i tipi di informazioni, a seconda delle richieste di ogni standard:<br \/>- Cosa bisogna fare e come?<br \/>- Chi \u00e8 responsabile di quale azione?<br \/>- Quali strumenti, risorse o informazioni sono necessarie per realizzare un compito?<br \/>- Un compito deve essere svolto in un luogo specifico?<br \/>- Quali sono gli obiettivi da raggiungere perch\u00e9 il lavoro sia fatto bene?<br \/>- etc.<\/p>\n<p>Al di l\u00e0 dei processi ISO, la documentazione dei processi \u00e8 un mezzo per standardizzare il modo in cui certe operazioni devono essere eseguite. Cos\u00ec, se un nuovo arrivato o un sostituto deve affrontare un certo compito che non \u00e8 mai stato fatto prima, lui o lei ha una guida su come farlo.<\/p>\n<p>Questo formalizza il modo in cui le cose vengono fatte e rende pi\u00f9 facile passare le istruzioni all'interno della vostra azienda.<\/p>\n<\/div><\/div><\/div><\/div><\/div><div class=\"et_pb_section_2 et_pb_section et_section_regular et_block_section\" id=\"Solutions\"><div class=\"et_pb_row_5 et_pb_row et_pb_equal_columns et_block_row\"><div class=\"et_pb_column_7 et_pb_column et_pb_column_1_2 et_block_column et_pb_css_mix_blend_mode_passthrough\"><div class=\"et_pb_image_1 et_pb_image et_animated et_pb_module et_block_module\"><a href=\"https:\/\/mca-concept.com\/logiciel-kale\/\"><span class=\"et_pb_image_wrap\"><img decoding=\"async\" src=\"https:\/\/mca-concept.com\/wordpress3\/wp-content\/uploads\/2022\/07\/mca-kale-logo-refait-recadre-300x170.png\" width=\"300\" height=\"170\" srcset=\"https:\/\/mca-concept.com\/wordpress3\/wp-content\/uploads\/2022\/07\/mca-kale-logo-refait-recadre-300x170.png 300w, https:\/\/mca-concept.com\/wordpress3\/wp-content\/uploads\/2022\/07\/mca-kale-logo-refait-recadre-200x113.png 200w, https:\/\/mca-concept.com\/wordpress3\/wp-content\/uploads\/2022\/07\/mca-kale-logo-refait-recadre.png 443w\" sizes=\"(max-width: 300px) 100vw, 300px\" class=\"wp-image-47903\" title=\"MCA Kale, un software completo per PMI e grandi aziende\" alt=\"Logo del software MCA Kale con un grande uccello origami\" \/><\/span><\/a><\/div><div class=\"et_pb_text_6 et_pb_text et_pb_bg_layout_light et_pb_module et_block_module\"><div class=\"et_pb_text_inner\"><p style=\"text-align: center;\">Software per grandi aziende<\/p>\n<\/div><\/div><div class=\"et_pb_module et_pb_button_module_wrapper et_pb_button_0_wrapper preset--module--divi-button--e6919fb1-d0a4-440c-891a-c76fc3d47025_wrapper\"><a class=\"et_pb_button_0 et_pb_button et_pb_bg_layout_light et_pb_module et_block_module preset--module--divi-button--e6919fb1-d0a4-440c-891a-c76fc3d47025\" href=\"https:\/\/mca-concept.com\/logiciel-kale\/\">Ulteriori informazioni<\/a><\/div><\/div><div class=\"et_pb_column_8 et_pb_column et_pb_column_1_2 et-last-child et_block_column et_pb_css_mix_blend_mode_passthrough\"><div class=\"et_pb_image_2 et_pb_image et_animated et_pb_module et_block_module\"><a href=\"https:\/\/mca-concept.com\/logiciel-colibri\/\"><span class=\"et_pb_image_wrap\"><img decoding=\"async\" src=\"https:\/\/mca-concept.com\/wordpress3\/wp-content\/uploads\/2022\/07\/mca-colibri-logo-refait-recadre-300x170.png\" width=\"300\" height=\"170\" srcset=\"https:\/\/mca-concept.com\/wordpress3\/wp-content\/uploads\/2022\/07\/mca-colibri-logo-refait-recadre-300x170.png 300w, https:\/\/mca-concept.com\/wordpress3\/wp-content\/uploads\/2022\/07\/mca-colibri-logo-refait-recadre-200x114.png 200w, https:\/\/mca-concept.com\/wordpress3\/wp-content\/uploads\/2022\/07\/mca-colibri-logo-refait-recadre.png 442w\" sizes=\"(max-width: 300px) 100vw, 300px\" class=\"wp-image-47907\" title=\"MCA Colibri, software di fatturazione e contabilit\u00e0 per le piccole imprese\" alt=\"Logo del software MCA Colibri che rappresenta un piccolo uccello origami\" \/><\/span><\/a><\/div><div class=\"et_pb_text_7 et_pb_text et_pb_bg_layout_light et_pb_module et_block_module et_pb_text_align_center\"><div class=\"et_pb_text_inner\"><p style=\"text-align: center;\">Software per i lavoratori autonomi e i commercianti<\/p>\n<\/div><\/div><div class=\"et_pb_module et_pb_button_module_wrapper et_pb_button_1_wrapper preset--module--divi-button--e6919fb1-d0a4-440c-891a-c76fc3d47025_wrapper\"><a class=\"et_pb_button_1 et_pb_button et_pb_bg_layout_light et_pb_module et_block_module preset--module--divi-button--e6919fb1-d0a4-440c-891a-c76fc3d47025\" href=\"https:\/\/mca-concept.com\/logiciel-colibri\/\">Ulteriori informazioni<\/a><\/div><\/div><\/div><\/div><div class=\"et_pb_section_3 et_pb_section et_section_regular et_block_section\"><div class=\"et_pb_row_6 et_pb_row et_block_row\"><div class=\"et_pb_column_9 et_pb_column et_pb_column_4_4 et-last-child et_block_column et_pb_css_mix_blend_mode_passthrough\"><div class=\"et_pb_text_8 et_pb_text et_pb_bg_layout_light et_pb_module et_block_module preset--module--divi-text--75a373b3-a752-4305-81e8-535fbf8079d6\"><div class=\"et_pb_text_inner\"><h2>Per riassumere<\/h2>\n<p>Il nostro modulo <strong>Guida ai processi<\/strong> \u00e8 essenziale per una <strong>gestione efficace dei processi<\/strong> all'interno della vostra <strong>azienda<\/strong>.<\/p>\n<p>Se dovete documentare processi amministrativi, standard <strong>ISO<\/strong> o istruzioni di lavoro, questo software vi offre un valido strumento per definire e standardizzare chiaramente questi elementi cruciali.<\/p>\n<p>Questo non solo garantisce il rispetto degli standard di gestione all'interno dell'azienda, ma facilita anche la trasmissione del know-how a tutti i dipendenti.<\/p>\n<p>Grazie a informazioni precise, come le responsabilit\u00e0, le azioni da intraprendere, le risorse necessarie e gli obiettivi da raggiungere, \u00e8 possibile pianificare e ottimizzare meglio le <strong>operazioni<\/strong>.<\/p>\n<p>Inoltre, integrando questa soluzione con il vostro <strong>ERP<\/strong> o <strong>CRM<\/strong>, potrete sfruttare le sue <strong>funzionalit\u00e0<\/strong> per una gestione globale efficiente, migliorando la <strong>produzione<\/strong> e le <strong>vendite<\/strong> della vostra azienda.<\/p>\n<p>Sfruttate i <strong>vantaggi di<\/strong> questa soluzione per snellire i vostri processi, ottimizzare la <strong>gestione delle risorse<\/strong> e garantire una migliore qualit\u00e0 del lavoro, assicurando al contempo la conformit\u00e0 agli standard ISO.<\/p>\n<\/div><\/div><\/div><\/div><div class=\"et_pb_row_7 et_pb_row et_block_row\"><div class=\"et_pb_column_10 et_pb_column et_pb_column_4_4 et-last-child et_block_column et_pb_css_mix_blend_mode_passthrough\"><div class=\"et_pb_text_9 et_pb_text et_pb_bg_layout_light et_pb_module et_block_module\"><div class=\"et_pb_text_inner\"><p>Software ERP, CRM, software gestionale, gestione commerciale, contabilit\u00e0, azioni, PMI, cloud, gestione aziendale, pianificazione, erp, saas, sistema informativo, pacchetti software, erp, pacchetto software, relazioni con i clienti, software di gestione, gestione della produzione, gestione integrata, gestione delle relazioni, e-commerce, pianificazione delle risorse aziendali, soluzione di gestione, soluzioni ERP, pianificazione delle risorse aziendali, integratore, gestione dell'inventario,  Database unico, soluzione ERP, tracciabilit\u00e0, dashboard, gestione delle relazioni con i clienti, fatturazione, implementazione, trading, gestione delle risorse, dinamiche Microsoft, pilota, software gestionale, open source, oracolo, progetto ERP, unicit\u00e0, gestione contabile, Dolibarr, software gestionale, software ERP, le nostre soluzioni, PMI, automazione, parametrizzazione, software di gestione commerciale, operazioni, soluzioni gestionali, TPE, sistema di pianificazione delle risorse aziendali,  SaaS, CEGID, Demo, Automatizzare, Funzionale, ERP e CRM, Pianificazione delle risorse, Scalabile, Pianificazione delle risorse aziendali, EBP, Business Intelligence, Flusso di lavoro, Modulare, Risorse aziendali, ERP open source, Ergonomia, CRM e ERP, BI, Software, Software, Flessibilit\u00e0, Processi aziendali, Integrato, Medie, Piccole e medie imprese, Moduli multipli, Dynamics NAV, Industria, Ambito funzionale, Agilit\u00e0, NAV,  Supply Chain, Project Management, Consulenti, Database, Analytics, Mercato ERP, Gestione Integrata, Gestione Risorse Umane, Reporting, Funzionale, Gestione Acquisti, Contabilit\u00e0, Diversi Moduli, Pacchetto ERP, Microsoft Dynamics NAV, ERP SaaS, Set di Processi, Interfacce, Software di Gestione Aziendale, Reparto IT, Centralizzare, Dynamics Ax, Strumenti di Gestione, Servizi Diversi, Processi Aziendali, Giorno in Tempo Reale,  SAP ERP, copertura funzionale, processo decisionale, openerp, integrato nel software, moduli indipendenti, processi aziendali, soluzione software, magazzini, project manager, dolibarr erp, gestione finanziaria, modulo di gestione, processi aziendali, wms, centralizzato, gestione dell'inventario, supply chain, processi operativi, software aziendale, strumento integrato, specifiche ERP, il tuo business, data entry, controllo di gestione,  Medie imprese, tesoreria, soluzioni software, software aziendale, software CRM, Sage ERP, sistemi ERP, voci, configurabile, flessibile, opensource, tutti i servizi, consulenza, integrato con software, VSE e PMI, processi di lavoro, integrato con software, moduli software, piccole e medie imprese, gestione dei progetti, mySQL, configurazione del software, sviluppatore, risparmiare tempo, implementazione del software,  Centralizzazione, soluzione CRM, EDI, software aziendale, licenze, CEGID ERP, introduzione, numero D Utenti, moduli gestionali, ciclo di vita, reattivit\u00e0, consulente ERP, software di produzione, scritture contabili, applicazioni informatiche, gestione vendite, strumento di gestione, soluzioni CRM, nuove funzionalit\u00e0, integra uno strumento, back office, consente di gestire, software gestionale integrato, che consente di gestire tutto, esigenze specifiche, soluzione completa, collaborativo, buste paga, apparecchiature informatiche, funzionale, contabilit\u00e0,  motore di workflow, sage erp, software publisher, supporto alle decisioni, integratori, automatizzato, enterprise integrato, modulo CRM, gestione dei flussi, software di gestione aziendale, software SAP, software integrato, MRP, PMI PMI, controllo dei costi, soluzione di gestione integrata, gestione dati, JD Edwards, agroalimentare, sviluppi specifici, dematerializzazione, gestione aziendale, filiali, logistica,  migliore gestione, prestashop, moduli specifici, costruzione, erp finanza, societ\u00e0 di software, applicazioni multiple, scalabile, integrato, pacchetto, software logistico, gestione del personale, risparmio di tempo, repository, microsoft dynamics ax, dizionario grande, completo e integrato, terminologia, contabilit\u00e0 e finanza, dizionario terminologico, potrebbe essere integrato, centralizzato, attivit\u00e0 commerciale, competitivo, sql server, gestione ordini<\/p>\n<\/div><\/div><\/div><\/div><\/div>\n","protected":false},"excerpt":{"rendered":"","protected":false},"author":3,"featured_media":0,"parent":37857,"menu_order":0,"comment_status":"closed","ping_status":"closed","template":"","meta":{"content-type":"","inline_featured_image":false,"_price":"","_stock":"","_tribe_ticket_header":"","_tribe_default_ticket_provider":"","_tribe_ticket_capacity":"0","_ticket_start_date":"","_ticket_end_date":"","_tribe_ticket_show_description":"","_tribe_ticket_show_not_going":false,"_tribe_ticket_use_global_stock":"","_tribe_ticket_global_stock_level":"","_global_stock_mode":"","_global_stock_cap":"","_tribe_rsvp_for_event":"","_tribe_ticket_going_count":"","_tribe_ticket_not_going_count":"","_tribe_tickets_list":"[]","_tribe_ticket_has_attendee_info_fields":false,"footnotes":"","_tec_slr_enabled":"","_tec_slr_layout":""},"class_list":["post-16547","page","type-page","status-publish","hentry"],"yoast_head":"<!-- This site is optimized with the Yoast SEO Premium plugin v26.1 (Yoast SEO v27.2) - https:\/\/yoast.com\/product\/yoast-seo-premium-wordpress\/ -->\n<title>Guida al processo | Process Guide | MCA Concept<\/title>\n<meta name=\"description\" content=\"La Process Guide \u00e8 un modulo per dettagliare i processi dell&#039;azienda (ISO).\" \/>\n<meta name=\"robots\" content=\"index, follow, max-snippet:-1, max-image-preview:large, max-video-preview:-1\" \/>\n<link rel=\"canonical\" href=\"https:\/\/mca-concept.com\/it\/i-moduli\/process-guide\/\" \/>\n<meta property=\"og:locale\" content=\"it_IT\" \/>\n<meta property=\"og:type\" content=\"article\" \/>\n<meta property=\"og:title\" content=\"Process Guide\" \/>\n<meta property=\"og:description\" content=\"La Process Guide \u00e8 un modulo per dettagliare i processi dell&#039;azienda (ISO).\" \/>\n<meta property=\"og:url\" content=\"https:\/\/mca-concept.com\/it\/i-moduli\/process-guide\/\" \/>\n<meta property=\"og:site_name\" content=\"MCA Concept\" \/>\n<meta property=\"article:publisher\" content=\"https:\/\/www.facebook.com\/mcaconcept\/\" \/>\n<meta property=\"article:modified_time\" content=\"2026-03-30T09:48:36+00:00\" \/>\n<meta name=\"twitter:card\" content=\"summary_large_image\" \/>\n<meta name=\"twitter:site\" content=\"@McaConcept\" \/>\n<script type=\"application\/ld+json\" class=\"yoast-schema-graph\">{\"@context\":\"https:\/\/schema.org\",\"@graph\":[{\"@type\":\"WebPage\",\"@id\":\"https:\/\/mca-concept.com\/it\/i-moduli\/process-guide\/\",\"url\":\"https:\/\/mca-concept.com\/it\/i-moduli\/process-guide\/\",\"name\":\"Guida al processo | Process Guide | MCA Concept\",\"isPartOf\":{\"@id\":\"https:\/\/mca-concept.com\/it\/#website\"},\"datePublished\":\"2021-09-17T06:57:09+00:00\",\"dateModified\":\"2026-03-30T09:48:36+00:00\",\"description\":\"La Process Guide \u00e8 un modulo per dettagliare i processi dell'azienda (ISO).\",\"breadcrumb\":{\"@id\":\"https:\/\/mca-concept.com\/it\/i-moduli\/process-guide\/#breadcrumb\"},\"inLanguage\":\"it-IT\",\"potentialAction\":[{\"@type\":\"ReadAction\",\"target\":[\"https:\/\/mca-concept.com\/it\/i-moduli\/process-guide\/\"]}]},{\"@type\":\"BreadcrumbList\",\"@id\":\"https:\/\/mca-concept.com\/it\/i-moduli\/process-guide\/#breadcrumb\",\"itemListElement\":[{\"@type\":\"ListItem\",\"position\":1,\"name\":\"Accueil\",\"item\":\"https:\/\/mca-concept.com\/it\/nuova-casa\/\"},{\"@type\":\"ListItem\",\"position\":2,\"name\":\"I moduli\",\"item\":\"https:\/\/mca-concept.com\/it\/i-moduli\/\"},{\"@type\":\"ListItem\",\"position\":3,\"name\":\"Process Guide\"}]},{\"@type\":\"WebSite\",\"@id\":\"https:\/\/mca-concept.com\/it\/#website\",\"url\":\"https:\/\/mca-concept.com\/it\/\",\"name\":\"MCA Concept\",\"description\":\"Solutions de gestion d&#039;entreprise ERP-CRM-CMS\",\"publisher\":{\"@id\":\"https:\/\/mca-concept.com\/it\/#organization\"},\"potentialAction\":[{\"@type\":\"SearchAction\",\"target\":{\"@type\":\"EntryPoint\",\"urlTemplate\":\"https:\/\/mca-concept.com\/it\/?s={search_term_string}\"},\"query-input\":{\"@type\":\"PropertyValueSpecification\",\"valueRequired\":true,\"valueName\":\"search_term_string\"}}],\"inLanguage\":\"it-IT\"},{\"@type\":\"Organization\",\"@id\":\"https:\/\/mca-concept.com\/it\/#organization\",\"name\":\"MCA Concept\",\"url\":\"https:\/\/mca-concept.com\/it\/\",\"logo\":{\"@type\":\"ImageObject\",\"inLanguage\":\"it-IT\",\"@id\":\"https:\/\/mca-concept.com\/it\/#\/schema\/logo\/image\/\",\"url\":\"https:\/\/mca-concept.com\/wordpress3\/wp-content\/uploads\/2019\/09\/mca-logo300px.png\",\"contentUrl\":\"https:\/\/mca-concept.com\/wordpress3\/wp-content\/uploads\/2019\/09\/mca-logo300px.png\",\"width\":300,\"height\":156,\"caption\":\"MCA Concept\"},\"image\":{\"@id\":\"https:\/\/mca-concept.com\/it\/#\/schema\/logo\/image\/\"},\"sameAs\":[\"https:\/\/www.facebook.com\/mcaconcept\/\",\"https:\/\/x.com\/McaConcept\",\"https:\/\/www.instagram.com\/mcaconcept\/\",\"https:\/\/ch.linkedin.com\/company\/mca-concept\",\"https:\/\/www.youtube.com\/channel\/UC1WT0RmNiTycrnzr6FqDuPg\"]}]}<\/script>\n<!-- \/ Yoast SEO Premium plugin. -->","yoast_head_json":{"title":"Guida al processo | Process Guide | MCA Concept","description":"La Process Guide \u00e8 un modulo per dettagliare i processi dell'azienda (ISO).","robots":{"index":"index","follow":"follow","max-snippet":"max-snippet:-1","max-image-preview":"max-image-preview:large","max-video-preview":"max-video-preview:-1"},"canonical":"https:\/\/mca-concept.com\/it\/i-moduli\/process-guide\/","og_locale":"it_IT","og_type":"article","og_title":"Process Guide","og_description":"La Process Guide \u00e8 un modulo per dettagliare i processi dell'azienda (ISO).","og_url":"https:\/\/mca-concept.com\/it\/i-moduli\/process-guide\/","og_site_name":"MCA Concept","article_publisher":"https:\/\/www.facebook.com\/mcaconcept\/","article_modified_time":"2026-03-30T09:48:36+00:00","twitter_card":"summary_large_image","twitter_site":"@McaConcept","schema":{"@context":"https:\/\/schema.org","@graph":[{"@type":"WebPage","@id":"https:\/\/mca-concept.com\/it\/i-moduli\/process-guide\/","url":"https:\/\/mca-concept.com\/it\/i-moduli\/process-guide\/","name":"Guida al processo | Process Guide | MCA Concept","isPartOf":{"@id":"https:\/\/mca-concept.com\/it\/#website"},"datePublished":"2021-09-17T06:57:09+00:00","dateModified":"2026-03-30T09:48:36+00:00","description":"La Process Guide \u00e8 un modulo per dettagliare i processi dell'azienda (ISO).","breadcrumb":{"@id":"https:\/\/mca-concept.com\/it\/i-moduli\/process-guide\/#breadcrumb"},"inLanguage":"it-IT","potentialAction":[{"@type":"ReadAction","target":["https:\/\/mca-concept.com\/it\/i-moduli\/process-guide\/"]}]},{"@type":"BreadcrumbList","@id":"https:\/\/mca-concept.com\/it\/i-moduli\/process-guide\/#breadcrumb","itemListElement":[{"@type":"ListItem","position":1,"name":"Accueil","item":"https:\/\/mca-concept.com\/it\/nuova-casa\/"},{"@type":"ListItem","position":2,"name":"I moduli","item":"https:\/\/mca-concept.com\/it\/i-moduli\/"},{"@type":"ListItem","position":3,"name":"Process Guide"}]},{"@type":"WebSite","@id":"https:\/\/mca-concept.com\/it\/#website","url":"https:\/\/mca-concept.com\/it\/","name":"MCA Concept","description":"Solutions de gestion d&#039;entreprise ERP-CRM-CMS","publisher":{"@id":"https:\/\/mca-concept.com\/it\/#organization"},"potentialAction":[{"@type":"SearchAction","target":{"@type":"EntryPoint","urlTemplate":"https:\/\/mca-concept.com\/it\/?s={search_term_string}"},"query-input":{"@type":"PropertyValueSpecification","valueRequired":true,"valueName":"search_term_string"}}],"inLanguage":"it-IT"},{"@type":"Organization","@id":"https:\/\/mca-concept.com\/it\/#organization","name":"MCA Concept","url":"https:\/\/mca-concept.com\/it\/","logo":{"@type":"ImageObject","inLanguage":"it-IT","@id":"https:\/\/mca-concept.com\/it\/#\/schema\/logo\/image\/","url":"https:\/\/mca-concept.com\/wordpress3\/wp-content\/uploads\/2019\/09\/mca-logo300px.png","contentUrl":"https:\/\/mca-concept.com\/wordpress3\/wp-content\/uploads\/2019\/09\/mca-logo300px.png","width":300,"height":156,"caption":"MCA Concept"},"image":{"@id":"https:\/\/mca-concept.com\/it\/#\/schema\/logo\/image\/"},"sameAs":["https:\/\/www.facebook.com\/mcaconcept\/","https:\/\/x.com\/McaConcept","https:\/\/www.instagram.com\/mcaconcept\/","https:\/\/ch.linkedin.com\/company\/mca-concept","https:\/\/www.youtube.com\/channel\/UC1WT0RmNiTycrnzr6FqDuPg"]}]}},"ticketed":false,"_links":{"self":[{"href":"https:\/\/mca-concept.com\/it\/wp-json\/wp\/v2\/pages\/16547","targetHints":{"allow":["GET"]}}],"collection":[{"href":"https:\/\/mca-concept.com\/it\/wp-json\/wp\/v2\/pages"}],"about":[{"href":"https:\/\/mca-concept.com\/it\/wp-json\/wp\/v2\/types\/page"}],"author":[{"embeddable":true,"href":"https:\/\/mca-concept.com\/it\/wp-json\/wp\/v2\/users\/3"}],"replies":[{"embeddable":true,"href":"https:\/\/mca-concept.com\/it\/wp-json\/wp\/v2\/comments?post=16547"}],"version-history":[{"count":18,"href":"https:\/\/mca-concept.com\/it\/wp-json\/wp\/v2\/pages\/16547\/revisions"}],"predecessor-version":[{"id":84197,"href":"https:\/\/mca-concept.com\/it\/wp-json\/wp\/v2\/pages\/16547\/revisions\/84197"}],"up":[{"embeddable":true,"href":"https:\/\/mca-concept.com\/it\/wp-json\/wp\/v2\/pages\/37857"}],"wp:attachment":[{"href":"https:\/\/mca-concept.com\/it\/wp-json\/wp\/v2\/media?parent=16547"}],"curies":[{"name":"wp","href":"https:\/\/api.w.org\/{rel}","templated":true}]}}