{"id":17842,"date":"2021-10-13T15:19:02","date_gmt":"2021-10-13T14:19:02","guid":{"rendered":"https:\/\/mca-concept.com\/caratteristiche\/"},"modified":"2026-03-30T10:56:22","modified_gmt":"2026-03-30T08:56:22","slug":"caratteristiche","status":"publish","type":"page","link":"https:\/\/mca-concept.com\/it\/caratteristiche\/","title":{"rendered":"Caratteristiche di MCA Kale: lingue, sistemi operativi e piattaforme"},"content":{"rendered":"<div class=\"et_pb_section_0 et_pb_section et_section_regular et_block_section\">\n<div class=\"et_pb_row_0 et_pb_row et_block_row\">\n<div class=\"et_pb_column_0 et_pb_column et_pb_column_4_4 et-last-child et_block_column et_pb_css_mix_blend_mode_passthrough\">\n<div class=\"et_pb_text_0 et_pb_text et_pb_bg_layout_light et_pb_module et_block_module preset--module--divi-text--75a373b3-a752-4305-81e8-535fbf8079d6\"><div class=\"et_pb_text_inner\"><h1>Caratteristiche tecniche di MCA Kale<\/h1>\n<\/div><\/div>\n\n<div class=\"et_pb_image_0 et_pb_image et_pb_module et_block_module\"><span class=\"et_pb_image_wrap\"><img decoding=\"async\" src=\"https:\/\/mca-concept.com\/wordpress3\/wp-content\/uploads\/2021\/12\/illustration-entete-qr-facture-mca-kale.png\" width=\"1079\" height=\"348\" srcset=\"https:\/\/mca-concept.com\/wordpress3\/wp-content\/uploads\/2021\/12\/illustration-entete-qr-facture-mca-kale.png 1079w, https:\/\/mca-concept.com\/wordpress3\/wp-content\/uploads\/2021\/12\/illustration-entete-qr-facture-mca-kale-980x316.png 980w, https:\/\/mca-concept.com\/wordpress3\/wp-content\/uploads\/2021\/12\/illustration-entete-qr-facture-mca-kale-480x155.png 480w\" sizes=\"(min-width: 0px) and (max-width: 480px) 480px, (min-width: 481px) and (max-width: 980px) 980px, (min-width: 981px) 1079px, 100vw\" class=\"wp-image-26309\" title=\"Illustrazione dell&#039;intestazione fattura QR\" alt=\"Illustrazione dell&#039;intestazione della funzionalit\u00e0 di fattura QR di MCA-Kale\" \/><\/span><\/div>\n<\/div>\n<\/div>\n<\/div>\n\n<div class=\"et_pb_section_1 et_pb_section et_section_regular et_block_section\">\n<div class=\"et_pb_row_1 et_pb_row et_block_row\">\n<div class=\"et_pb_column_1 et_pb_column et_pb_column_4_4 et-last-child et_block_column et_pb_css_mix_blend_mode_passthrough\">\n<div class=\"et_pb_text_1 et_pb_text et_pb_bg_layout_light et_pb_module et_block_module preset--module--divi-text--75a373b3-a752-4305-81e8-535fbf8079d6\"><div class=\"et_pb_text_inner\"><h2>SO<\/h2>\n<\/div><\/div>\n\n<div class=\"et_pb_text_2 et_pb_text et_pb_bg_layout_light et_pb_module et_block_module preset--module--divi-text--75a373b3-a752-4305-81e8-535fbf8079d6\"><div class=\"et_pb_text_inner\"><p>Un sistema operativo (OS) \u00e8 un insieme di programmi che gestiscono le attivit\u00e0 di un dispositivo informatico (computer, smartphone, ecc.). Un sistema operativo (SO) \u00e8 un insieme di programmi che gestiscono le attivit\u00e0 di un dispositivo informatico (computer, smartphone, ecc.). Funge da intermediario tra i componenti hardware (processore, memoria, schermo, ecc.) del dispositivo, le applicazioni (Microsoft Word, Firefox, Itunes, ecc.) e l'utente. Ha anche un'interfaccia che permette all'utente di interagire con il dispositivo informatico, cos\u00ec attraverso il sistema operativo un utente e il suo computer per esempio possono comunicare.<\/p>\n<p>I sistemi operativi pi\u00f9 comuni sono Windows, Mac OS, iOS, Linux e Android.ue, quindi \u00e8 attraverso il sistema operativo che un utente e il suo computer, per esempio, possono comunicare.<\/p>\n<p>MCA Kale funziona con tutte le piattaforme Apple, Windows, Android e Linux. <\/p>\n<p>&nbsp;<\/p>\n<\/div><\/div>\n\n<div class=\"et_pb_text_3 et_pb_text et_pb_bg_layout_light et_pb_module et_block_module preset--module--divi-text--75a373b3-a752-4305-81e8-535fbf8079d6\"><div class=\"et_pb_text_inner\"><h2>Lingue<\/h2>\n<\/div><\/div>\n\n<div class=\"et_pb_text_4 et_pb_text et_pb_bg_layout_light et_pb_module et_block_module preset--module--divi-text--75a373b3-a752-4305-81e8-535fbf8079d6\"><div class=\"et_pb_text_inner\"><p>MCA Kale \u00e8 disponibile in 4 lingue diverse: francese, tedesco, italiano e inglese. Il software pu\u00f2 essere facilmente tradotto in altre lingue su richiesta.<\/p>\n<p>&nbsp;<\/p>\n<\/div><\/div>\n\n<div class=\"et_pb_text_5 et_pb_text et_pb_bg_layout_light et_pb_module et_block_module preset--module--divi-text--75a373b3-a752-4305-81e8-535fbf8079d6\"><div class=\"et_pb_text_inner\"><h2>Piattaforme<\/h2>\n<\/div><\/div>\n\n<div class=\"et_pb_text_6 et_pb_text et_pb_bg_layout_light et_pb_module et_block_module preset--module--divi-text--75a373b3-a752-4305-81e8-535fbf8079d6\"><div class=\"et_pb_text_inner\"><p>MCA Kale \u00e8 disponibile su computer, cellulare, tablet e PDA.<\/p>\n<p><u>Computer<\/u>: una macchina elettronica che permette l'elaborazione di dati.<\/p>\n<p><u>Smartphone<\/u>: un telefono cellulare \"intelligente\" che combina le funzioni base di chiamata e messaggistica con altri tipi di funzioni come la navigazione web, la posta elettronica, la riproduzione di video, la videoconferenza, la geolocalizzazione o la semplice office automation. Molte funzioni possono essere aggiunte a uno smartphone attraverso applicazioni di terze parti.<\/p>\n<p><u>Il tablet<\/u>: un mini-laptop ultrapiatto senza tastiera n\u00e9 mouse, dotato di un touch screen. Permette di navigare in internet, accedere a contenuti multimediali, scambiare e-mail, fare lavori d'ufficio leggeri e altro ancora attraverso applicazioni scaricabili.<\/p>\n<p><u>PDA (Personal Digital Assistant)<\/u>: un computer palmare che funge da assistente personale con funzioni come calendario, task manager, rubrica, e-mail e messaggistica, ma anche altre funzioni leggere da ufficio. Alcuni PDA permettono anche la riproduzione di video e musica.<\/p>\n<\/div><\/div>\n<\/div>\n<\/div>\n<\/div>\n\n<div class=\"et_pb_section_2 et_pb_section et_section_regular et_block_section\">\n<div class=\"et_pb_row_2 et_pb_row et_block_row\">\n<div class=\"et_pb_column_2 et_pb_column et_pb_column_4_4 et-last-child et_block_column et_pb_css_mix_blend_mode_passthrough\">\n<div class=\"et_pb_text_7 et_pb_text et_pb_bg_layout_light et_pb_module et_block_module preset--module--divi-text--75a373b3-a752-4305-81e8-535fbf8079d6\"><div class=\"et_pb_text_inner\"><h2>Per riassumere<\/h2>\n<p><strong><\/strong><\/p>\n<p><strong>MCA Kale<\/strong> ha <strong>caratteristiche tecniche<\/strong> che lo rendono uno strumento <strong>di gestione<\/strong> flessibile e adattabile per le aziende in Svizzera e non solo.<\/p>\n<p>\u00c8 compatibile con vari sistemi operativi come Windows, Mac OS, iOS, Linux e Android, fornendo cos\u00ec un'ottima <strong>compatibilit\u00e0<\/strong> con diversi dispositivi informatici.<\/p>\n<p>Inoltre, <strong>MCA Kale<\/strong> \u00e8 disponibile in quattro lingue, il che lo rende facile da usare per le aziende multilingue.<\/p>\n<p>Pu\u00f2 essere utilizzato su una variet\u00e0 di piattaforme, tra cui computer, smartphone, tablet e PDA, garantendo un comodo accesso ai <strong>dati<\/strong> e agli <strong>strumenti di gestione<\/strong> ovunque e in qualsiasi momento.<\/p>\n<p><strong>MCA Kale<\/strong> si adatta alle esigenze delle aziende, offrendo una soluzione gestionale versatile per migliorare <strong>i processi<\/strong> e la <strong>gestione<\/strong> in varie aree di <strong> attivit\u00e0.<\/strong><\/p>\n<\/div><\/div>\n<\/div>\n<\/div>\n\n<div class=\"et_pb_row_3 et_pb_row et_block_row\">\n<div class=\"et_pb_column_3 et_pb_column et_pb_column_4_4 et-last-child et_block_column et_pb_css_mix_blend_mode_passthrough\">\n<div class=\"et_pb_text_8 et_pb_text et_pb_bg_layout_light et_pb_module et_block_module\"><div class=\"et_pb_text_inner\"><p>Software ERP, CRM, software gestionale, gestione commerciale, contabilit\u00e0, azioni, PMI, cloud, gestione aziendale, pianificazione, erp, saas, sistema informativo, pacchetti software, erp, pacchetto software, relazioni con i clienti, software di gestione, gestione della produzione, gestione integrata, gestione delle relazioni, e-commerce, pianificazione delle risorse aziendali, soluzione di gestione, soluzioni ERP, pianificazione delle risorse aziendali, integratore, gestione dell'inventario,  Database unico, soluzione ERP, tracciabilit\u00e0, dashboard, gestione delle relazioni con i clienti, fatturazione, implementazione, trading, gestione delle risorse, dinamiche Microsoft, pilota, software gestionale, open source, oracolo, progetto ERP, unicit\u00e0, gestione contabile, Dolibarr, software gestionale, software ERP, le nostre soluzioni, PMI, automazione, parametrizzazione, software di gestione commerciale, operazioni, soluzioni gestionali, TPE, sistema di pianificazione delle risorse aziendali,  SaaS, CEGID, Demo, Automatizzare, Funzionale, ERP e CRM, Pianificazione delle risorse, Scalabile, Pianificazione delle risorse aziendali, EBP, Business Intelligence, Flusso di lavoro, Modulare, Risorse aziendali, ERP open source, Ergonomia, CRM e ERP, BI, Software, Software, Flessibilit\u00e0, Processi aziendali, Integrato, Medie, Piccole e medie imprese, Moduli multipli, Dynamics NAV, Industria, Ambito funzionale, Agilit\u00e0, NAV,  Supply Chain, Project Management, Consulenti, Database, Analytics, Mercato ERP, Gestione Integrata, Gestione Risorse Umane, Reporting, Funzionale, Gestione Acquisti, Contabilit\u00e0, Diversi Moduli, Pacchetto ERP, Microsoft Dynamics NAV, ERP SaaS, Set di Processi, Interfacce, Software di Gestione Aziendale, Reparto IT, Centralizzare, Dynamics Ax, Strumenti di Gestione, Servizi Diversi, Processi Aziendali, Giorno in Tempo Reale,  SAP ERP, copertura funzionale, processo decisionale, openerp, integrato nel software, moduli indipendenti, processi aziendali, soluzione software, magazzini, project manager, dolibarr erp, gestione finanziaria, modulo di gestione, processi aziendali, wms, centralizzato, gestione dell'inventario, supply chain, processi operativi, software aziendale, strumento integrato, specifiche ERP, il tuo business, data entry, controllo di gestione,  Medie imprese, tesoreria, soluzioni software, software aziendale, software CRM, Sage ERP, sistemi ERP, voci, configurabile, flessibile, opensource, tutti i servizi, consulenza, integrato con software, VSE e PMI, processi di lavoro, integrato con software, moduli software, piccole e medie imprese, gestione dei progetti, mySQL, configurazione del software, sviluppatore, risparmiare tempo, implementazione del software,  Centralizzazione, soluzione CRM, EDI, software aziendale, licenze, CEGID ERP, introduzione, numero D Utenti, moduli gestionali, ciclo di vita, reattivit\u00e0, consulente ERP, software di produzione, scritture contabili, applicazioni informatiche, gestione vendite, strumento di gestione, soluzioni CRM, nuove funzionalit\u00e0, integra uno strumento, back office, consente di gestire, software gestionale integrato, che consente di gestire tutto, esigenze specifiche, soluzione completa, collaborativo, buste paga, apparecchiature informatiche, funzionale, contabilit\u00e0,  motore di workflow, sage erp, software publisher, supporto alle decisioni, integratori, automatizzato, enterprise integrato, modulo CRM, gestione dei flussi, software di gestione aziendale, software SAP, software integrato, MRP, PMI PMI, controllo dei costi, soluzione di gestione integrata, gestione dati, JD Edwards, agroalimentare, sviluppi specifici, dematerializzazione, gestione aziendale, filiali, logistica,  migliore gestione, prestashop, moduli specifici, costruzione, erp finanza, societ\u00e0 di software, applicazioni multiple, scalabile, integrato, pacchetto, software logistico, gestione del personale, risparmio di tempo, repository, microsoft dynamics ax, dizionario grande, completo e integrato, terminologia, contabilit\u00e0 e finanza, dizionario terminologico, potrebbe essere integrato, centralizzato, attivit\u00e0 commerciale, competitivo, sql server, gestione ordini<\/p>\n<\/div><\/div>\n<\/div>\n<\/div>\n<\/div>","protected":false},"excerpt":{"rendered":"","protected":false},"author":3,"featured_media":0,"parent":0,"menu_order":0,"comment_status":"closed","ping_status":"closed","template":"","meta":{"content-type":"","inline_featured_image":false,"_price":"","_stock":"","_tribe_ticket_header":"","_tribe_default_ticket_provider":"","_tribe_ticket_capacity":"0","_ticket_start_date":"","_ticket_end_date":"","_tribe_ticket_show_description":"","_tribe_ticket_show_not_going":false,"_tribe_ticket_use_global_stock":"","_tribe_ticket_global_stock_level":"","_global_stock_mode":"","_global_stock_cap":"","_tribe_rsvp_for_event":"","_tribe_ticket_going_count":"","_tribe_ticket_not_going_count":"","_tribe_tickets_list":"[]","_tribe_ticket_has_attendee_info_fields":false,"footnotes":"","_tec_slr_enabled":"","_tec_slr_layout":""},"class_list":["post-17842","page","type-page","status-publish","hentry"],"yoast_head":"<!-- This site is optimized with the Yoast SEO Premium plugin v26.1 (Yoast SEO v27.2) - https:\/\/yoast.com\/product\/yoast-seo-premium-wordpress\/ -->\n<title>Caratteristiche tecniche di MCA Kale | MCA Concept<\/title>\n<meta name=\"description\" content=\"Scopriamo le caratteristiche tecniche del nostro software. Facilit\u00e0 di accesso e maggiore compatibilit\u00e0.\" \/>\n<meta name=\"robots\" content=\"index, follow, max-snippet:-1, max-image-preview:large, max-video-preview:-1\" \/>\n<link rel=\"canonical\" href=\"https:\/\/mca-concept.com\/it\/caratteristiche\/\" \/>\n<meta property=\"og:locale\" content=\"it_IT\" \/>\n<meta property=\"og:type\" content=\"article\" \/>\n<meta property=\"og:title\" content=\"Caratteristiche di MCA Kale: lingue, sistemi operativi e piattaforme\" \/>\n<meta property=\"og:description\" content=\"Scopriamo le caratteristiche tecniche del nostro software. Facilit\u00e0 di accesso e maggiore compatibilit\u00e0.\" \/>\n<meta property=\"og:url\" content=\"https:\/\/mca-concept.com\/it\/caratteristiche\/\" \/>\n<meta property=\"og:site_name\" content=\"MCA Concept\" \/>\n<meta property=\"article:publisher\" content=\"https:\/\/www.facebook.com\/mcaconcept\/\" \/>\n<meta property=\"article:modified_time\" content=\"2026-03-30T08:56:22+00:00\" \/>\n<meta name=\"twitter:card\" content=\"summary_large_image\" \/>\n<meta name=\"twitter:site\" content=\"@McaConcept\" \/>\n<script type=\"application\/ld+json\" class=\"yoast-schema-graph\">{\"@context\":\"https:\/\/schema.org\",\"@graph\":[{\"@type\":\"WebPage\",\"@id\":\"https:\/\/mca-concept.com\/it\/caratteristiche\/\",\"url\":\"https:\/\/mca-concept.com\/it\/caratteristiche\/\",\"name\":\"Caratteristiche tecniche di MCA Kale | MCA Concept\",\"isPartOf\":{\"@id\":\"https:\/\/mca-concept.com\/it\/#website\"},\"datePublished\":\"2021-10-13T14:19:02+00:00\",\"dateModified\":\"2026-03-30T08:56:22+00:00\",\"description\":\"Scopriamo le caratteristiche tecniche del nostro software. Facilit\u00e0 di accesso e maggiore compatibilit\u00e0.\",\"breadcrumb\":{\"@id\":\"https:\/\/mca-concept.com\/it\/caratteristiche\/#breadcrumb\"},\"inLanguage\":\"it-IT\",\"potentialAction\":[{\"@type\":\"ReadAction\",\"target\":[\"https:\/\/mca-concept.com\/it\/caratteristiche\/\"]}]},{\"@type\":\"BreadcrumbList\",\"@id\":\"https:\/\/mca-concept.com\/it\/caratteristiche\/#breadcrumb\",\"itemListElement\":[{\"@type\":\"ListItem\",\"position\":1,\"name\":\"Accueil\",\"item\":\"https:\/\/mca-concept.com\/it\/nuova-casa\/\"},{\"@type\":\"ListItem\",\"position\":2,\"name\":\"Caratteristiche di MCA Kale: lingue, sistemi operativi e piattaforme\"}]},{\"@type\":\"WebSite\",\"@id\":\"https:\/\/mca-concept.com\/it\/#website\",\"url\":\"https:\/\/mca-concept.com\/it\/\",\"name\":\"MCA Concept\",\"description\":\"Solutions de gestion d&#039;entreprise ERP-CRM-CMS\",\"publisher\":{\"@id\":\"https:\/\/mca-concept.com\/it\/#organization\"},\"potentialAction\":[{\"@type\":\"SearchAction\",\"target\":{\"@type\":\"EntryPoint\",\"urlTemplate\":\"https:\/\/mca-concept.com\/it\/?s={search_term_string}\"},\"query-input\":{\"@type\":\"PropertyValueSpecification\",\"valueRequired\":true,\"valueName\":\"search_term_string\"}}],\"inLanguage\":\"it-IT\"},{\"@type\":\"Organization\",\"@id\":\"https:\/\/mca-concept.com\/it\/#organization\",\"name\":\"MCA Concept\",\"url\":\"https:\/\/mca-concept.com\/it\/\",\"logo\":{\"@type\":\"ImageObject\",\"inLanguage\":\"it-IT\",\"@id\":\"https:\/\/mca-concept.com\/it\/#\/schema\/logo\/image\/\",\"url\":\"https:\/\/mca-concept.com\/wordpress3\/wp-content\/uploads\/2019\/09\/mca-logo300px.png\",\"contentUrl\":\"https:\/\/mca-concept.com\/wordpress3\/wp-content\/uploads\/2019\/09\/mca-logo300px.png\",\"width\":300,\"height\":156,\"caption\":\"MCA Concept\"},\"image\":{\"@id\":\"https:\/\/mca-concept.com\/it\/#\/schema\/logo\/image\/\"},\"sameAs\":[\"https:\/\/www.facebook.com\/mcaconcept\/\",\"https:\/\/x.com\/McaConcept\",\"https:\/\/www.instagram.com\/mcaconcept\/\",\"https:\/\/ch.linkedin.com\/company\/mca-concept\",\"https:\/\/www.youtube.com\/channel\/UC1WT0RmNiTycrnzr6FqDuPg\"]}]}<\/script>\n<!-- \/ Yoast SEO Premium plugin. -->","yoast_head_json":{"title":"Caratteristiche tecniche di MCA Kale | MCA Concept","description":"Scopriamo le caratteristiche tecniche del nostro software. Facilit\u00e0 di accesso e maggiore compatibilit\u00e0.","robots":{"index":"index","follow":"follow","max-snippet":"max-snippet:-1","max-image-preview":"max-image-preview:large","max-video-preview":"max-video-preview:-1"},"canonical":"https:\/\/mca-concept.com\/it\/caratteristiche\/","og_locale":"it_IT","og_type":"article","og_title":"Caratteristiche di MCA Kale: lingue, sistemi operativi e piattaforme","og_description":"Scopriamo le caratteristiche tecniche del nostro software. Facilit\u00e0 di accesso e maggiore compatibilit\u00e0.","og_url":"https:\/\/mca-concept.com\/it\/caratteristiche\/","og_site_name":"MCA Concept","article_publisher":"https:\/\/www.facebook.com\/mcaconcept\/","article_modified_time":"2026-03-30T08:56:22+00:00","twitter_card":"summary_large_image","twitter_site":"@McaConcept","schema":{"@context":"https:\/\/schema.org","@graph":[{"@type":"WebPage","@id":"https:\/\/mca-concept.com\/it\/caratteristiche\/","url":"https:\/\/mca-concept.com\/it\/caratteristiche\/","name":"Caratteristiche tecniche di MCA Kale | MCA Concept","isPartOf":{"@id":"https:\/\/mca-concept.com\/it\/#website"},"datePublished":"2021-10-13T14:19:02+00:00","dateModified":"2026-03-30T08:56:22+00:00","description":"Scopriamo le caratteristiche tecniche del nostro software. Facilit\u00e0 di accesso e maggiore compatibilit\u00e0.","breadcrumb":{"@id":"https:\/\/mca-concept.com\/it\/caratteristiche\/#breadcrumb"},"inLanguage":"it-IT","potentialAction":[{"@type":"ReadAction","target":["https:\/\/mca-concept.com\/it\/caratteristiche\/"]}]},{"@type":"BreadcrumbList","@id":"https:\/\/mca-concept.com\/it\/caratteristiche\/#breadcrumb","itemListElement":[{"@type":"ListItem","position":1,"name":"Accueil","item":"https:\/\/mca-concept.com\/it\/nuova-casa\/"},{"@type":"ListItem","position":2,"name":"Caratteristiche di MCA Kale: lingue, sistemi operativi e piattaforme"}]},{"@type":"WebSite","@id":"https:\/\/mca-concept.com\/it\/#website","url":"https:\/\/mca-concept.com\/it\/","name":"MCA Concept","description":"Solutions de gestion d&#039;entreprise ERP-CRM-CMS","publisher":{"@id":"https:\/\/mca-concept.com\/it\/#organization"},"potentialAction":[{"@type":"SearchAction","target":{"@type":"EntryPoint","urlTemplate":"https:\/\/mca-concept.com\/it\/?s={search_term_string}"},"query-input":{"@type":"PropertyValueSpecification","valueRequired":true,"valueName":"search_term_string"}}],"inLanguage":"it-IT"},{"@type":"Organization","@id":"https:\/\/mca-concept.com\/it\/#organization","name":"MCA Concept","url":"https:\/\/mca-concept.com\/it\/","logo":{"@type":"ImageObject","inLanguage":"it-IT","@id":"https:\/\/mca-concept.com\/it\/#\/schema\/logo\/image\/","url":"https:\/\/mca-concept.com\/wordpress3\/wp-content\/uploads\/2019\/09\/mca-logo300px.png","contentUrl":"https:\/\/mca-concept.com\/wordpress3\/wp-content\/uploads\/2019\/09\/mca-logo300px.png","width":300,"height":156,"caption":"MCA Concept"},"image":{"@id":"https:\/\/mca-concept.com\/it\/#\/schema\/logo\/image\/"},"sameAs":["https:\/\/www.facebook.com\/mcaconcept\/","https:\/\/x.com\/McaConcept","https:\/\/www.instagram.com\/mcaconcept\/","https:\/\/ch.linkedin.com\/company\/mca-concept","https:\/\/www.youtube.com\/channel\/UC1WT0RmNiTycrnzr6FqDuPg"]}]}},"ticketed":false,"_links":{"self":[{"href":"https:\/\/mca-concept.com\/it\/wp-json\/wp\/v2\/pages\/17842","targetHints":{"allow":["GET"]}}],"collection":[{"href":"https:\/\/mca-concept.com\/it\/wp-json\/wp\/v2\/pages"}],"about":[{"href":"https:\/\/mca-concept.com\/it\/wp-json\/wp\/v2\/types\/page"}],"author":[{"embeddable":true,"href":"https:\/\/mca-concept.com\/it\/wp-json\/wp\/v2\/users\/3"}],"replies":[{"embeddable":true,"href":"https:\/\/mca-concept.com\/it\/wp-json\/wp\/v2\/comments?post=17842"}],"version-history":[{"count":24,"href":"https:\/\/mca-concept.com\/it\/wp-json\/wp\/v2\/pages\/17842\/revisions"}],"predecessor-version":[{"id":83913,"href":"https:\/\/mca-concept.com\/it\/wp-json\/wp\/v2\/pages\/17842\/revisions\/83913"}],"wp:attachment":[{"href":"https:\/\/mca-concept.com\/it\/wp-json\/wp\/v2\/media?parent=17842"}],"curies":[{"name":"wp","href":"https:\/\/api.w.org\/{rel}","templated":true}]}}