{"id":18214,"date":"2021-10-14T13:40:27","date_gmt":"2021-10-14T12:40:27","guid":{"rendered":"https:\/\/mca-concept.com\/economia-saina\/"},"modified":"2021-12-08T17:04:08","modified_gmt":"2021-12-08T16:04:08","slug":"economia-saina","status":"publish","type":"page","link":"https:\/\/mca-concept.com\/it\/economia-saina\/","title":{"rendered":"Sfide per un&#8217;economia sana"},"content":{"rendered":"<p><div id=\"Haut\" class=\"et_d4_element et_pb_section et_pb_section_0  et_pb_css_mix_blend_mode et_section_regular section_has_divider et_pb_top_divider et_block_section\" >\n\t\t\t\t<div class=\"et_pb_top_inside_divider et-no-transition\"><\/div>\n\t\t\t\t\n\t\t\t\t\n\t\t\t\t\n\t\t\t\t\n\t\t\t\t\n\t\t\t\t\n\t\t\t\t\n\t\t\t\t\n\t\t\t<\/div><div class=\"et_d4_element et_pb_section et_pb_section_1  et_pb_css_mix_blend_mode et_section_regular et_block_section\" >\n\t\t\t\t\n\t\t\t\t\n\t\t\t\t\n\t\t\t\t\n\t\t\t\t\n\t\t\t\t\n\t\t\t\t<div class=\"et_d4_element et_pb_row et_pb_row_0  et_pb_css_mix_blend_mode et_block_row\">\n\t\t\t\t<div class=\"et_d4_element et_pb_column_4_4 et_pb_column et_pb_column_0  et_pb_css_mix_blend_mode et-last-child et_block_column\">\n\t\t\t\t\n\t\t\t\t\n\t\t\t\t\n\t\t\t\t\n\t\t\t\t<div class=\"et_pb_module et_d4_element et_pb_text et_pb_text_0  et_pb_text_align_left et_pb_bg_layout_light\">\n\t\t\t\t\n\t\t\t\t\n\t\t\t\t\n\t\t\t\t\n\t\t\t\t<div class=\"et_pb_text_inner\"><h1>Sfide per un'economia sana e prospera<\/h1><\/div>\n\t\t\t<\/div>\n\t\t\t<\/div>\n\t\t\t\t\n\t\t\t\t\n\t\t\t\t\n\t\t\t\t\n\t\t\t<\/div>\n\t\t\t\t\n\t\t\t\t\n\t\t\t<\/div><div class=\"et_d4_element et_pb_section et_pb_section_2  et_pb_css_mix_blend_mode et_section_regular et_block_section\" >\n\t\t\t\t\n\t\t\t\t\n\t\t\t\t\n\t\t\t\t\n\t\t\t\t\n\t\t\t\t\n\t\t\t\t<div class=\"et_d4_element et_pb_row et_pb_row_1  et_pb_css_mix_blend_mode et_block_row\">\n\t\t\t\t<div class=\"et_d4_element et_pb_column_4_4 et_pb_column et_pb_column_1  et_pb_css_mix_blend_mode et-last-child et_block_column\">\n\t\t\t\t\n\t\t\t\t\n\t\t\t\t\n\t\t\t\t\n\t\t\t\t<div class=\"et_pb_module et_d4_element et_pb_text et_pb_text_1  et_pb_text_align_left et_pb_bg_layout_light\">\n\t\t\t\t\n\t\t\t\t\n\t\t\t\t\n\t\t\t\t\n\t\t\t\t<div class=\"et_pb_text_inner\"><h2>Costi e tempo: un equilibrio prezioso<\/h2><\/div>\n\t\t\t<\/div>\n\t\t\t<\/div>\n\t\t\t\t\n\t\t\t\t\n\t\t\t\t\n\t\t\t\t\n\t\t\t<\/div><div class=\"et_d4_element et_pb_row et_pb_row_2  et_pb_css_mix_blend_mode et_block_row\">\n\t\t\t\t<div class=\"et_d4_element et_pb_column_4_4 et_pb_column et_pb_column_2  et_pb_css_mix_blend_mode et-last-child et_block_column\">\n\t\t\t\t\n\t\t\t\t\n\t\t\t\t\n\t\t\t\t\n\t\t\t\t<div class=\"et_pb_module et_d4_element et_pb_text et_pb_text_2  et_pb_text_align_left et_pb_bg_layout_light\">\n\t\t\t\t\n\t\t\t\t\n\t\t\t\t\n\t\t\t\t\n\t\t\t\t<div class=\"et_pb_text_inner\"><p>Le aziende devono decidere saggiamente come allocare le loro risorse di tempo, denaro e personale ai vari compiti nel loro business.<\/p>\n<p>Di fronte a un dato compito, le aziende si trovano spesso in diverse situazioni:<\/p>\n<p>1) Mettono da parte il compito per mancanza di risorse finanziarie o di tempo. Questo pu\u00f2 avere gravi conseguenze per il funzionamento e lo sviluppo dell'azienda, che quindi accumula ritardi o vede la sua crescita rallentata.<\/p>\n<p>2) Svolgono il compito in casa per limitare i costi, che sarebbero molto pi\u00f9 alti se il compito fosse esternalizzato. Tuttavia, le aziende devono dedicare personale e una quantit\u00e0 significativa di tempo a questo compito, il che pu\u00f2 ostacolare altre attivit\u00e0.<\/p><\/div>\n\t\t\t<\/div><div class=\"et_pb_module et_d4_element et_pb_text et_pb_text_3  et_pb_text_align_left et_pb_bg_layout_light\">\n\t\t\t\t\n\t\t\t\t\n\t\t\t\t\n\t\t\t\t\n\t\t\t\t<div class=\"et_pb_text_inner\"><p>3) Esternalizzano il compito a un servizio esterno per evitare di dedicarci del tempo. Sono quindi disposti a spendere grandi quantit\u00e0 di denaro. Inoltre, devono affrontare tempi lunghi per il completamento del compito richiesto, poich\u00e9 i servizi esterni collaborano con diversi clienti, alcuni dei quali hanno una priorit\u00e0 maggiore di altri.<\/p><\/div>\n\t\t\t<\/div><div class=\"et_pb_module et_d4_element et_pb_text et_pb_text_4  et_pb_text_align_left et_pb_bg_layout_light\">\n\t\t\t\t\n\t\t\t\t\n\t\t\t\t\n\t\t\t\t\n\t\t\t\t<div class=\"et_pb_text_inner\"><p>Trovare il giusto equilibrio tra i costi e il tempo speso per un compito \u00e8 quindi una vera sfida per le aziende.\n<\/p><\/div>\n\t\t\t<\/div><div class=\"et_pb_module et_d4_element et_pb_image et_pb_image_0\">\n\t\t\t\t\n\t\t\t\t\n\t\t\t\t\n\t\t\t\t\n\t\t\t\t<span class=\"et_pb_image_wrap \"><img decoding=\"async\" width=\"3336\" height=\"744\" src=\"https:\/\/mca-concept.com\/wordpress3\/wp-content\/uploads\/2021\/06\/graphique-temps-couts-mca-kale.png\" alt=\"Economia sana Grafico tempo-costo Concetto MCA\" title=\"Grafico costi-tempo dell&#039;economia sana\" srcset=\"https:\/\/mca-concept.com\/wordpress3\/wp-content\/uploads\/2021\/06\/graphique-temps-couts-mca-kale.png 3336w, https:\/\/mca-concept.com\/wordpress3\/wp-content\/uploads\/2021\/06\/graphique-temps-couts-mca-kale-1280x285.png 1280w, https:\/\/mca-concept.com\/wordpress3\/wp-content\/uploads\/2021\/06\/graphique-temps-couts-mca-kale-980x219.png 980w, https:\/\/mca-concept.com\/wordpress3\/wp-content\/uploads\/2021\/06\/graphique-temps-couts-mca-kale-480x107.png 480w\" sizes=\"(min-width: 0px) and (max-width: 480px) 480px, (min-width: 481px) and (max-width: 980px) 980px, (min-width: 981px) and (max-width: 1280px) 1280px, (min-width: 1281px) 3336px, 100vw\" class=\"wp-image-13623\" \/><\/span>\n\t\t\t<\/div>\n\t\t\t<\/div>\n\t\t\t\t\n\t\t\t\t\n\t\t\t\t\n\t\t\t\t\n\t\t\t<\/div>\n\t\t\t\t\n\t\t\t\t\n\t\t\t<\/div><div class=\"et_d4_element et_pb_section et_pb_section_3  et_pb_css_mix_blend_mode et_section_regular et_block_section\" >\n\t\t\t\t\n\t\t\t\t\n\t\t\t\t\n\t\t\t\t\n\t\t\t\t\n\t\t\t\t\n\t\t\t\t<div class=\"et_d4_element et_pb_row et_pb_row_3  et_pb_css_mix_blend_mode et_block_row\">\n\t\t\t\t<div class=\"et_d4_element et_pb_column_4_4 et_pb_column et_pb_column_3  et_pb_css_mix_blend_mode et-last-child et_block_column\">\n\t\t\t\t\n\t\t\t\t\n\t\t\t\t\n\t\t\t\t\n\t\t\t\t<div class=\"et_pb_module et_d4_element et_pb_text et_pb_text_5  et_pb_text_align_left et_pb_bg_layout_light\">\n\t\t\t\t\n\t\t\t\t\n\t\t\t\t\n\t\t\t\t\n\t\t\t\t<div class=\"et_pb_text_inner\"><h2>5 sfide economiche ricorrenti<\/h2><\/div>\n\t\t\t<\/div>\n\t\t\t<\/div>\n\t\t\t\t\n\t\t\t\t\n\t\t\t\t\n\t\t\t\t\n\t\t\t<\/div><div class=\"et_d4_element et_pb_row et_pb_row_4  et_pb_css_mix_blend_mode et_block_row\">\n\t\t\t\t<div class=\"et_d4_element et_pb_column_4_4 et_pb_column et_pb_column_4  et_pb_css_mix_blend_mode et-last-child et_block_column\">\n\t\t\t\t\n\t\t\t\t\n\t\t\t\t\n\t\t\t\t\n\t\t\t\t<div class=\"et_pb_module et_d4_element et_pb_image et_pb_image_1\">\n\t\t\t\t\n\t\t\t\t\n\t\t\t\t\n\t\t\t\t\n\t\t\t\t<span class=\"et_pb_image_wrap \"><img decoding=\"async\" width=\"1323\" height=\"744\" src=\"https:\/\/mca-concept.com\/wordpress3\/wp-content\/uploads\/2021\/06\/graphique-4-points-FR-mca-kale.png\" alt=\"Grafico 4 Punti MCA Concept\" title=\"Grafico 4 Punti IT\" srcset=\"https:\/\/mca-concept.com\/wordpress3\/wp-content\/uploads\/2021\/06\/graphique-4-points-FR-mca-kale.png 1323w, https:\/\/mca-concept.com\/wordpress3\/wp-content\/uploads\/2021\/06\/graphique-4-points-FR-mca-kale-1280x720.png 1280w, https:\/\/mca-concept.com\/wordpress3\/wp-content\/uploads\/2021\/06\/graphique-4-points-FR-mca-kale-980x551.png 980w, https:\/\/mca-concept.com\/wordpress3\/wp-content\/uploads\/2021\/06\/graphique-4-points-FR-mca-kale-480x270.png 480w\" sizes=\"(min-width: 0px) and (max-width: 480px) 480px, (min-width: 481px) and (max-width: 980px) 980px, (min-width: 981px) and (max-width: 1280px) 1280px, (min-width: 1281px) 1323px, 100vw\" class=\"wp-image-13634\" \/><\/span>\n\t\t\t<\/div><div class=\"et_pb_module et_d4_element et_pb_text et_pb_text_6  et_pb_text_align_left et_pb_bg_layout_light\">\n\t\t\t\t\n\t\t\t\t\n\t\t\t\t\n\t\t\t\t\n\t\t\t\t<div class=\"et_pb_text_inner\"><p>Ogni azienda affronta sfide ricorrenti.<\/p>\n<p>Anche Apple, con il suo ampio know-how, i suoi migliori prodotti e la sua eccellente reputazione, non pu\u00f2 rimanere il numero uno nel suo campo senza affrontare efficacemente queste sfide.\n<\/p><\/div>\n\t\t\t<\/div><div class=\"et_pb_module et_d4_element et_pb_image et_pb_image_2\">\n\t\t\t\t\n\t\t\t\t\n\t\t\t\t\n\t\t\t\t\n\t\t\t\t<span class=\"et_pb_image_wrap \"><img decoding=\"async\" width=\"1323\" height=\"744\" src=\"https:\/\/mca-concept.com\/wordpress3\/wp-content\/uploads\/2021\/07\/graphique-admin-facture-fr-mca-kale.png\" alt=\"Grafico Admin-Fattura MCA Concept\" title=\"Grafico Admin-Fattura IT\" srcset=\"https:\/\/mca-concept.com\/wordpress3\/wp-content\/uploads\/2021\/07\/graphique-admin-facture-fr-mca-kale.png 1323w, https:\/\/mca-concept.com\/wordpress3\/wp-content\/uploads\/2021\/07\/graphique-admin-facture-fr-mca-kale-1280x720.png 1280w, https:\/\/mca-concept.com\/wordpress3\/wp-content\/uploads\/2021\/07\/graphique-admin-facture-fr-mca-kale-980x551.png 980w, https:\/\/mca-concept.com\/wordpress3\/wp-content\/uploads\/2021\/07\/graphique-admin-facture-fr-mca-kale-480x270.png 480w\" sizes=\"(min-width: 0px) and (max-width: 480px) 480px, (min-width: 481px) and (max-width: 980px) 980px, (min-width: 981px) and (max-width: 1280px) 1280px, (min-width: 1281px) 1323px, 100vw\" class=\"wp-image-13846\" \/><\/span>\n\t\t\t<\/div><div class=\"et_pb_module et_d4_element et_pb_text et_pb_text_7  et_pb_text_align_left et_pb_bg_layout_light\">\n\t\t\t\t\n\t\t\t\t\n\t\t\t\t\n\t\t\t\t\n\t\t\t\t<div class=\"et_pb_text_inner\"><h3>Cifre affidabili<\/h3>\n<p>Conoscere la situazione finanziaria precisa della vostra azienda vi permette di valutare la sua redditivit\u00e0 e i punti da migliorare nella vostra strategia. Pertanto, gli errori di contabilit\u00e0 possono portare a decisioni sbagliate come risultato di un'analisi errata. Inoltre, un bilancio e risultati finanziari sbagliati possono portare a gravi conseguenze, persino al fallimento.<\/p>\n<p>Garantire la disponibilit\u00e0 di cifre affidabili \u00e8 quindi una delle sfide per un'economia sana.\n<\/p>\n<h3>Vincoli legali <\/h3>\n<p>Le aziende devono rispettare diversi obblighi fiscali, tra cui l'imposta sul valore aggiunto (IVA) e i contributi sociali (AVS, AI, assicurazione contro la disoccupazione, ecc.).<\/p>\n<p>L'IVA deve essere applicata correttamente ad ogni transazione e la dichiarazione IVA deve essere preparata accuratamente, poich\u00e9 qualsiasi errore pu\u00f2 comportare significative sanzioni finanziarie.<\/p>\n<p>Allo stesso modo, gli oneri sociali devono essere pianificati e calcolati accuratamente. Dal risarcimento dei danni alla persecuzione, ci sono grandi rischi se questi obblighi non vengono rispettati, sia deliberatamente che per negligenza.<\/p>\n<p>Un'economia sana dipende quindi in parte dalla corretta gestione di queste esigenze.\n<\/p>\n<h3>Scadenze di pagamento<\/h3>\n<p>I ritardi di pagamento hanno un impatto diretto sul flusso di cassa e possono quindi causare tutti i tipi di problemi per le aziende che devono riscuotere queste somme o rischiano di avere la loro attivit\u00e0 interrotta.<\/p>\n<p>Le procedure di riscossione richiedono tempo e lavoro, quindi limitare i ritardi di pagamento \u00e8 una vera sfida per le imprese.\n<\/p>\n<h3>Organizzazione dei compiti<\/h3>\n<p>Una cattiva divisione del lavoro all'interno dell'azienda porta a un vero spreco di risorse. Rifiutarsi di delegare parte delle responsabilit\u00e0, definire erroneamente i compiti di lavoro o darli alla persona sbagliata... diversi aspetti che influiscono sull'efficienza delle squadre di lavoro e quindi sulla produttivit\u00e0.<\/p>\n<p>Una pianificazione precisa dei carichi di lavoro e dei compiti e la loro assegnazione a persone qualificate \u00e8 importante per un'economia di successo.\n<\/p>\n<h3>Assistenza clienti<\/h3>\n<p>Lo sviluppo economico di un'azienda si basa in gran parte sullo sviluppo della sua base di clienti. La perdita di clienti non \u00e8 senza conseguenze e la mancanza di clienti \u00e8 la campana a morto del business.<\/p>\n<p>Di fronte alla forte concorrenza nel mercato, l'acquisizione di nuovi clienti e il mantenimento di quelli esistenti \u00e8 un'altra sfida affrontata dalle aziende.\n<\/p><\/div>\n\t\t\t<\/div><div class=\"et_pb_module et_d4_element et_pb_sidebar_0 et_pb_widget_area clearfix et_pb_widget_area_left et_pb_bg_layout_light\">\n\t\t\t\t\n\t\t\t\t\n\t\t\t\t\n\t\t\t\t\n\t\t\t\t\n\t\t\t<\/div>\n\t\t\t<\/div>\n\t\t\t\t\n\t\t\t\t\n\t\t\t\t\n\t\t\t\t\n\t\t\t<\/div>\n\t\t\t\t\n\t\t\t\t\n\t\t\t<\/div><div class=\"et_d4_element et_pb_section et_pb_section_5 et_pb_with_background  et_pb_css_mix_blend_mode et_section_regular et_block_section\" >\n\t\t\t\t\n\t\t\t\t\n\t\t\t\t\n\t\t\t\t\n\t\t\t\t\n\t\t\t\t\n\t\t\t\t<div class=\"et_d4_element et_pb_row et_pb_row_5  et_pb_css_mix_blend_mode et_block_row\">\n\t\t\t\t<div class=\"et_d4_element et_pb_column_4_4 et_pb_column et_pb_column_5  et_pb_css_mix_blend_mode et-last-child et_block_column\">\n\t\t\t\t\n\t\t\t\t\n\t\t\t\t\n\t\t\t\t\n\t\t\t\t<div class=\"et_pb_module et_d4_element et_pb_divider et_pb_divider_0 et_pb_space\"><div class=\"et_pb_divider_internal\"><\/div><\/div>\n\t\t\t<\/div>\n\t\t\t\t\n\t\t\t\t\n\t\t\t\t\n\t\t\t\t\n\t\t\t<\/div><div class=\"et_d4_element et_pb_row et_pb_row_6  et_pb_css_mix_blend_mode et_block_row\">\n\t\t\t\t<div class=\"et_d4_element et_pb_column_1_3 et_pb_column et_pb_column_6  et_pb_css_mix_blend_mode et_block_column\">\n\t\t\t\t\n\t\t\t\t\n\t\t\t\t\n\t\t\t\t\n\t\t\t\t<div class=\"et_pb_button_module_wrapper et_pb_button_0_wrapper et_pb_button_alignment_right et_pb_button_alignment_tablet_center et_pb_module \">\n\t\t\t\t<a class=\"et_pb_button et_d4_element et_pb_button_0 et_pb_bg_layout_light et_block_module\" href=\"https:\/\/mca-concept.com\/it\/modulo-newsletters\/\" target=\"_blank\" data-icon=\"5\">Iscriviti alla newsletter!<\/a>\n\t\t\t<\/div>\n\t\t\t<\/div><div class=\"et_d4_element et_pb_column_1_3 et_pb_column et_pb_column_7  et_pb_css_mix_blend_mode et_block_column\">\n\t\t\t\t\n\t\t\t\t\n\t\t\t\t\n\t\t\t\t\n\t\t\t\t<ul class=\"et_pb_module et_d4_element et_pb_social_media_follow et_pb_social_media_follow_0 clearfix  et_pb_text_align_center et_pb_bg_layout_light\">\n\t\t\t\t\n\t\t\t\t\n\t\t\t\t\n\t\t\t\t\n\t\t\t\t<li\n            class='et_d4_element et_pb_social_media_follow_network_0 et_pb_social_icon et_pb_social_network_link  et-social-twitter'><a\n              href='https:\/\/twitter.com\/McaConcept'\n              class='icon et_pb_with_border'\n              title='Segui su X'\n               target=\"_blank\"><span\n                class='et_pb_social_media_follow_network_name'\n                aria-hidden='true'\n                >Segui<\/span><\/a><\/li><li\n            class='et_d4_element et_pb_social_media_follow_network_1 et_pb_social_icon et_pb_social_network_link  et-social-facebook'><a\n              href='https:\/\/www.facebook.com\/mcaconcept\/'\n              class='icon et_pb_with_border'\n              title='Segui su Facebook'\n               target=\"_blank\"><span\n                class='et_pb_social_media_follow_network_name'\n                aria-hidden='true'\n                >Segui<\/span><\/a><\/li><li\n            class='et_d4_element et_pb_social_media_follow_network_2 et_pb_social_icon et_pb_social_network_link  et-social-instagram'><a\n              href='https:\/\/www.instagram.com\/mcaconcept\/'\n              class='icon et_pb_with_border'\n              title='Segui su Instagram'\n               target=\"_blank\"><span\n                class='et_pb_social_media_follow_network_name'\n                aria-hidden='true'\n                >Segui<\/span><\/a><\/li><li\n            class='et_d4_element et_pb_social_media_follow_network_3 et_pb_social_icon et_pb_social_network_link  et-social-linkedin'><a\n              href='https:\/\/ch.linkedin.com\/company\/mca-concept'\n              class='icon et_pb_with_border'\n              title='Segui su LinkedIn'\n               target=\"_blank\"><span\n                class='et_pb_social_media_follow_network_name'\n                aria-hidden='true'\n                >Segui<\/span><\/a><\/li><li\n            class='et_d4_element et_pb_social_media_follow_network_4 et_pb_social_icon et_pb_social_network_link  et-social-youtube'><a\n              href='https:\/\/www.youtube.com\/channel\/UC1WT0RmNiTycrnzr6FqDuPg'\n              class='icon et_pb_with_border'\n              title='Segui su Youtube'\n               target=\"_blank\"><span\n                class='et_pb_social_media_follow_network_name'\n                aria-hidden='true'\n                >Segui<\/span><\/a><\/li>\n\t\t\t<\/ul>\n\t\t\t<\/div><div class=\"et_d4_element et_pb_column_1_3 et_pb_column et_pb_column_8  et_pb_css_mix_blend_mode et-last-child et_block_column\">\n\t\t\t\t\n\t\t\t\t\n\t\t\t\t\n\t\t\t\t\n\t\t\t\t<div class=\"et_pb_button_module_wrapper et_pb_button_1_wrapper et_pb_button_alignment_left et_pb_button_alignment_tablet_center et_pb_module \">\n\t\t\t\t<a class=\"et_pb_button et_d4_element et_pb_button_1 et_pb_bg_layout_light et_block_module\" href=\"https:\/\/www.google.com\/maps\/uv?pb=!1s0x478de16aab1201dd%3A0x235df39f23c888ed!3m1!7e115!4shttps%3A%2F%2Flh5.googleusercontent.com%2Fp%2FAF1QipM-mTSyWJWEaNtYop6yWJcI5n29m5O8-mHKho7o%3Dw200-h200-k-no!5smca-concept%20colombier%20-%20Recherche%20Google!15sCgIgAQ&#038;imagekey=!1e10!2sAF1QipOEv519ukNYqTi6H6sdIrb_6dSMbj-6HBTKMlQ4&#038;hl=fr&#038;sa=X&#038;ved=2ahUKEwi_98Gvi-jzAhXbDGMBHb82Av8Qoip6BAhMEAM\" target=\"_blank\" data-icon=\"5\">Tour virtuale dei nostri uffici<\/a>\n\t\t\t<\/div>\n\t\t\t<\/div>\n\t\t\t\t\n\t\t\t\t\n\t\t\t\t\n\t\t\t\t\n\t\t\t<\/div>\n\t\t\t\t\n\t\t\t\t\n\t\t\t<\/div><div class=\"et_d4_element et_pb_section et_pb_section_6  et_pb_css_mix_blend_mode et_section_regular section_has_divider et_pb_top_divider et_pb_bottom_divider et_block_section\" >\n\t\t\t\t\n\t\t\t\t\n\t\t\t\t\n\t\t\t\t\n\t\t\t\t\n\t\t\t\t\n\t\t\t\t\n\t\t\t\t\n\t\t\t\t<div class=\"et_pb_bottom_inside_divider et-no-transition\"><\/div>\n\t\t\t<\/div><\/p>\n","protected":false},"excerpt":{"rendered":"","protected":false},"author":3,"featured_media":0,"parent":0,"menu_order":0,"comment_status":"closed","ping_status":"closed","template":"","meta":{"content-type":"","inline_featured_image":false,"_price":"","_stock":"","_tribe_ticket_header":"","_tribe_default_ticket_provider":"","_tribe_ticket_capacity":"0","_ticket_start_date":"","_ticket_end_date":"","_tribe_ticket_show_description":"","_tribe_ticket_show_not_going":false,"_tribe_ticket_use_global_stock":"","_tribe_ticket_global_stock_level":"","_global_stock_mode":"","_global_stock_cap":"","_tribe_rsvp_for_event":"","_tribe_ticket_going_count":"","_tribe_ticket_not_going_count":"","_tribe_tickets_list":"[]","_tribe_ticket_has_attendee_info_fields":false,"_et_pb_use_builder":"on","_et_pb_old_content":"","_et_gb_content_width":"","footnotes":"","_tec_slr_enabled":"","_tec_slr_layout":""},"class_list":["post-18214","page","type-page","status-publish","hentry"],"yoast_head":"<!-- This site is optimized with the Yoast SEO Premium plugin v26.1 (Yoast SEO v27.2) - https:\/\/yoast.com\/product\/yoast-seo-premium-wordpress\/ -->\n<title>Sfide per un&#039;economia sana | MCA-Concept | Svizzera<\/title>\n<meta name=\"description\" content=\"Le scelte strategiche del business non sono fatte alla leggera, che si tratti di un investimento di tempo, denaro o personale.\" \/>\n<meta name=\"robots\" content=\"index, follow, max-snippet:-1, max-image-preview:large, max-video-preview:-1\" \/>\n<link rel=\"canonical\" href=\"https:\/\/mca-concept.com\/it\/economia-saina\/\" \/>\n<meta property=\"og:locale\" content=\"it_IT\" \/>\n<meta property=\"og:type\" content=\"article\" \/>\n<meta property=\"og:title\" content=\"Sfide per un&#039;economia sana\" \/>\n<meta property=\"og:description\" content=\"Le scelte strategiche del business non sono fatte alla leggera, che si tratti di un investimento di tempo, denaro o personale.\" \/>\n<meta property=\"og:url\" content=\"https:\/\/mca-concept.com\/it\/economia-saina\/\" \/>\n<meta property=\"og:site_name\" content=\"MCA Concept\" \/>\n<meta property=\"article:publisher\" content=\"https:\/\/www.facebook.com\/mcaconcept\/\" \/>\n<meta property=\"article:modified_time\" content=\"2021-12-08T16:04:08+00:00\" \/>\n<meta name=\"twitter:card\" content=\"summary_large_image\" \/>\n<meta name=\"twitter:site\" content=\"@McaConcept\" \/>\n<meta name=\"twitter:label1\" content=\"Tempo di lettura stimato\" \/>\n\t<meta name=\"twitter:data1\" content=\"9 minuti\" \/>\n<script type=\"application\/ld+json\" class=\"yoast-schema-graph\">{\"@context\":\"https:\/\/schema.org\",\"@graph\":[{\"@type\":\"WebPage\",\"@id\":\"https:\/\/mca-concept.com\/it\/economia-saina\/\",\"url\":\"https:\/\/mca-concept.com\/it\/economia-saina\/\",\"name\":\"Sfide per un'economia sana | MCA-Concept | Svizzera\",\"isPartOf\":{\"@id\":\"https:\/\/mca-concept.com\/it\/#website\"},\"datePublished\":\"2021-10-14T12:40:27+00:00\",\"dateModified\":\"2021-12-08T16:04:08+00:00\",\"description\":\"Le scelte strategiche del business non sono fatte alla leggera, che si tratti di un investimento di tempo, denaro o personale.\",\"breadcrumb\":{\"@id\":\"https:\/\/mca-concept.com\/it\/economia-saina\/#breadcrumb\"},\"inLanguage\":\"it-IT\",\"potentialAction\":[{\"@type\":\"ReadAction\",\"target\":[\"https:\/\/mca-concept.com\/it\/economia-saina\/\"]}]},{\"@type\":\"BreadcrumbList\",\"@id\":\"https:\/\/mca-concept.com\/it\/economia-saina\/#breadcrumb\",\"itemListElement\":[{\"@type\":\"ListItem\",\"position\":1,\"name\":\"Accueil\",\"item\":\"https:\/\/mca-concept.com\/it\/nuova-casa\/\"},{\"@type\":\"ListItem\",\"position\":2,\"name\":\"Sfide per un&rsquo;economia sana\"}]},{\"@type\":\"WebSite\",\"@id\":\"https:\/\/mca-concept.com\/it\/#website\",\"url\":\"https:\/\/mca-concept.com\/it\/\",\"name\":\"MCA Concept\",\"description\":\"Solutions de gestion d&#039;entreprise ERP-CRM-CMS\",\"publisher\":{\"@id\":\"https:\/\/mca-concept.com\/it\/#organization\"},\"potentialAction\":[{\"@type\":\"SearchAction\",\"target\":{\"@type\":\"EntryPoint\",\"urlTemplate\":\"https:\/\/mca-concept.com\/it\/?s={search_term_string}\"},\"query-input\":{\"@type\":\"PropertyValueSpecification\",\"valueRequired\":true,\"valueName\":\"search_term_string\"}}],\"inLanguage\":\"it-IT\"},{\"@type\":\"Organization\",\"@id\":\"https:\/\/mca-concept.com\/it\/#organization\",\"name\":\"MCA Concept\",\"url\":\"https:\/\/mca-concept.com\/it\/\",\"logo\":{\"@type\":\"ImageObject\",\"inLanguage\":\"it-IT\",\"@id\":\"https:\/\/mca-concept.com\/it\/#\/schema\/logo\/image\/\",\"url\":\"https:\/\/mca-concept.com\/wordpress3\/wp-content\/uploads\/2019\/09\/mca-logo300px.png\",\"contentUrl\":\"https:\/\/mca-concept.com\/wordpress3\/wp-content\/uploads\/2019\/09\/mca-logo300px.png\",\"width\":300,\"height\":156,\"caption\":\"MCA Concept\"},\"image\":{\"@id\":\"https:\/\/mca-concept.com\/it\/#\/schema\/logo\/image\/\"},\"sameAs\":[\"https:\/\/www.facebook.com\/mcaconcept\/\",\"https:\/\/x.com\/McaConcept\",\"https:\/\/www.instagram.com\/mcaconcept\/\",\"https:\/\/ch.linkedin.com\/company\/mca-concept\",\"https:\/\/www.youtube.com\/channel\/UC1WT0RmNiTycrnzr6FqDuPg\"]}]}<\/script>\n<!-- \/ Yoast SEO Premium plugin. -->","yoast_head_json":{"title":"Sfide per un'economia sana | MCA-Concept | Svizzera","description":"Le scelte strategiche del business non sono fatte alla leggera, che si tratti di un investimento di tempo, denaro o personale.","robots":{"index":"index","follow":"follow","max-snippet":"max-snippet:-1","max-image-preview":"max-image-preview:large","max-video-preview":"max-video-preview:-1"},"canonical":"https:\/\/mca-concept.com\/it\/economia-saina\/","og_locale":"it_IT","og_type":"article","og_title":"Sfide per un'economia sana","og_description":"Le scelte strategiche del business non sono fatte alla leggera, che si tratti di un investimento di tempo, denaro o personale.","og_url":"https:\/\/mca-concept.com\/it\/economia-saina\/","og_site_name":"MCA Concept","article_publisher":"https:\/\/www.facebook.com\/mcaconcept\/","article_modified_time":"2021-12-08T16:04:08+00:00","twitter_card":"summary_large_image","twitter_site":"@McaConcept","twitter_misc":{"Tempo di lettura stimato":"9 minuti"},"schema":{"@context":"https:\/\/schema.org","@graph":[{"@type":"WebPage","@id":"https:\/\/mca-concept.com\/it\/economia-saina\/","url":"https:\/\/mca-concept.com\/it\/economia-saina\/","name":"Sfide per un'economia sana | MCA-Concept | Svizzera","isPartOf":{"@id":"https:\/\/mca-concept.com\/it\/#website"},"datePublished":"2021-10-14T12:40:27+00:00","dateModified":"2021-12-08T16:04:08+00:00","description":"Le scelte strategiche del business non sono fatte alla leggera, che si tratti di un investimento di tempo, denaro o personale.","breadcrumb":{"@id":"https:\/\/mca-concept.com\/it\/economia-saina\/#breadcrumb"},"inLanguage":"it-IT","potentialAction":[{"@type":"ReadAction","target":["https:\/\/mca-concept.com\/it\/economia-saina\/"]}]},{"@type":"BreadcrumbList","@id":"https:\/\/mca-concept.com\/it\/economia-saina\/#breadcrumb","itemListElement":[{"@type":"ListItem","position":1,"name":"Accueil","item":"https:\/\/mca-concept.com\/it\/nuova-casa\/"},{"@type":"ListItem","position":2,"name":"Sfide per un&rsquo;economia sana"}]},{"@type":"WebSite","@id":"https:\/\/mca-concept.com\/it\/#website","url":"https:\/\/mca-concept.com\/it\/","name":"MCA Concept","description":"Solutions de gestion d&#039;entreprise ERP-CRM-CMS","publisher":{"@id":"https:\/\/mca-concept.com\/it\/#organization"},"potentialAction":[{"@type":"SearchAction","target":{"@type":"EntryPoint","urlTemplate":"https:\/\/mca-concept.com\/it\/?s={search_term_string}"},"query-input":{"@type":"PropertyValueSpecification","valueRequired":true,"valueName":"search_term_string"}}],"inLanguage":"it-IT"},{"@type":"Organization","@id":"https:\/\/mca-concept.com\/it\/#organization","name":"MCA Concept","url":"https:\/\/mca-concept.com\/it\/","logo":{"@type":"ImageObject","inLanguage":"it-IT","@id":"https:\/\/mca-concept.com\/it\/#\/schema\/logo\/image\/","url":"https:\/\/mca-concept.com\/wordpress3\/wp-content\/uploads\/2019\/09\/mca-logo300px.png","contentUrl":"https:\/\/mca-concept.com\/wordpress3\/wp-content\/uploads\/2019\/09\/mca-logo300px.png","width":300,"height":156,"caption":"MCA Concept"},"image":{"@id":"https:\/\/mca-concept.com\/it\/#\/schema\/logo\/image\/"},"sameAs":["https:\/\/www.facebook.com\/mcaconcept\/","https:\/\/x.com\/McaConcept","https:\/\/www.instagram.com\/mcaconcept\/","https:\/\/ch.linkedin.com\/company\/mca-concept","https:\/\/www.youtube.com\/channel\/UC1WT0RmNiTycrnzr6FqDuPg"]}]}},"ticketed":false,"_links":{"self":[{"href":"https:\/\/mca-concept.com\/it\/wp-json\/wp\/v2\/pages\/18214","targetHints":{"allow":["GET"]}}],"collection":[{"href":"https:\/\/mca-concept.com\/it\/wp-json\/wp\/v2\/pages"}],"about":[{"href":"https:\/\/mca-concept.com\/it\/wp-json\/wp\/v2\/types\/page"}],"author":[{"embeddable":true,"href":"https:\/\/mca-concept.com\/it\/wp-json\/wp\/v2\/users\/3"}],"replies":[{"embeddable":true,"href":"https:\/\/mca-concept.com\/it\/wp-json\/wp\/v2\/comments?post=18214"}],"version-history":[{"count":6,"href":"https:\/\/mca-concept.com\/it\/wp-json\/wp\/v2\/pages\/18214\/revisions"}],"predecessor-version":[{"id":24941,"href":"https:\/\/mca-concept.com\/it\/wp-json\/wp\/v2\/pages\/18214\/revisions\/24941"}],"wp:attachment":[{"href":"https:\/\/mca-concept.com\/it\/wp-json\/wp\/v2\/media?parent=18214"}],"curies":[{"name":"wp","href":"https:\/\/api.w.org\/{rel}","templated":true}]}}