{"id":18258,"date":"2021-10-14T13:58:42","date_gmt":"2021-10-14T12:58:42","guid":{"rendered":"https:\/\/mca-concept.com\/le-funzionalita\/reporting\/"},"modified":"2023-10-26T11:22:09","modified_gmt":"2023-10-26T09:22:09","slug":"reporting","status":"publish","type":"page","link":"https:\/\/mca-concept.com\/it\/i-moduli\/reporting\/","title":{"rendered":"Reporting"},"content":{"rendered":"<p><div class=\"et_d4_element et_pb_section et_pb_section_0 et_pb_with_background  et_pb_css_mix_blend_mode et_section_regular et_block_section\" >\n\t\t\t\t\n\t\t\t\t\n\t\t\t\t\n\t\t\t\t\n\t\t\t\t\n\t\t\t\t\n\t\t\t\t<div class=\"et_d4_element et_pb_row et_pb_row_0 v-center  et_pb_css_mix_blend_mode et_block_row\">\n\t\t\t\t<div class=\"et_d4_element et_pb_column_4_4 et_pb_column et_pb_column_0  et_pb_css_mix_blend_mode et-last-child et_block_column\">\n\t\t\t\t\n\t\t\t\t\n\t\t\t\t\n\t\t\t\t\n\t\t\t\t<div class=\"et_pb_module et_d4_element et_pb_text et_pb_text_0  et_pb_text_align_left et_pb_text_align_center-tablet et_pb_bg_layout_light\">\n\t\t\t\t\n\t\t\t\t\n\t\t\t\t\n\t\t\t\t\n\t\t\t\t<div class=\"et_pb_text_inner\"><h1>Amministrazione<\/h1><\/div>\n\t\t\t<\/div>\n\t\t\t<\/div>\n\t\t\t\t\n\t\t\t\t\n\t\t\t\t\n\t\t\t\t\n\t\t\t<\/div><div class=\"et_d4_element et_pb_row et_pb_row_1  et_pb_css_mix_blend_mode et_block_row\">\n\t\t\t\t<div class=\"et_d4_element et_pb_column_4_4 et_pb_column et_pb_column_1  et_pb_css_mix_blend_mode et-last-child et_block_column\">\n\t\t\t\t\n\t\t\t\t\n\t\t\t\t\n\t\t\t\t\n\t\t\t\t<div class=\"et_pb_module et_d4_element et_pb_image et_pb_image_0\">\n\t\t\t\t\n\t\t\t\t\n\t\t\t\t\n\t\t\t\t\n\t\t\t\t<span class=\"et_pb_image_wrap \"><img decoding=\"async\" width=\"1079\" height=\"348\" src=\"https:\/\/mca-concept.com\/wordpress3\/wp-content\/uploads\/2021\/11\/illustration-entete-reporting-mca-kale.png\" alt=\"Illustrazione dell&#039;intestazione del modulo Reporting di MCA-Kale\" title=\"Illustrazione dell&#039;intestazione Reporting\" srcset=\"https:\/\/mca-concept.com\/wordpress3\/wp-content\/uploads\/2021\/11\/illustration-entete-reporting-mca-kale.png 1079w, https:\/\/mca-concept.com\/wordpress3\/wp-content\/uploads\/2021\/11\/illustration-entete-reporting-mca-kale-980x316.png 980w, https:\/\/mca-concept.com\/wordpress3\/wp-content\/uploads\/2021\/11\/illustration-entete-reporting-mca-kale-480x155.png 480w\" sizes=\"(min-width: 0px) and (max-width: 480px) 480px, (min-width: 481px) and (max-width: 980px) 980px, (min-width: 981px) 1079px, 100vw\" class=\"wp-image-20408\" \/><\/span>\n\t\t\t<\/div>\n\t\t\t<\/div>\n\t\t\t\t\n\t\t\t\t\n\t\t\t\t\n\t\t\t\t\n\t\t\t<\/div>\n\t\t\t\t\n\t\t\t\t\n\t\t\t<\/div><div class=\"et_d4_element et_pb_section et_pb_section_1  et_pb_css_mix_blend_mode et_section_regular et_block_section\" >\n\t\t\t\t\n\t\t\t\t\n\t\t\t\t\n\t\t\t\t\n\t\t\t\t\n\t\t\t\t\n\t\t\t\t<div class=\"et_d4_element et_pb_row et_pb_row_2  et_pb_css_mix_blend_mode et_block_row\">\n\t\t\t\t<div class=\"et_d4_element et_pb_column_4_4 et_pb_column et_pb_column_2  et_pb_css_mix_blend_mode et-last-child et_block_column\">\n\t\t\t\t\n\t\t\t\t\n\t\t\t\t\n\t\t\t\t\n\t\t\t\t<div class=\"et_pb_module et_d4_element et_pb_text et_pb_text_1  et_pb_text_align_left et_pb_text_align_center-tablet et_pb_bg_layout_light\">\n\t\t\t\t\n\t\t\t\t\n\t\t\t\t\n\t\t\t\t\n\t\t\t\t<div class=\"et_pb_text_inner\"><h2>Reporting<br \/>Rapporto di attivit\u00e0 e statistiche<\/h2><\/div>\n\t\t\t<\/div>\n\t\t\t<\/div>\n\t\t\t\t\n\t\t\t\t\n\t\t\t\t\n\t\t\t\t\n\t\t\t<\/div><div class=\"et_d4_element et_pb_row et_pb_row_3  et_pb_css_mix_blend_mode et_block_row\">\n\t\t\t\t<div class=\"et_d4_element et_pb_column_1_3 et_pb_column et_pb_column_3  et_pb_css_mix_blend_mode et_block_column\">\n\t\t\t\t\n\t\t\t\t\n\t\t\t\t\n\t\t\t\t\n\t\t\t\t<div class=\"et_pb_module et_d4_element et_pb_text et_pb_text_2  et_pb_text_align_center et_pb_bg_layout_light\">\n\t\t\t\t\n\t\t\t\t\n\t\t\t\t\n\t\t\t\t\n\t\t\t\t<div class=\"et_pb_text_inner\"><h3 style=\"text-align: center;\">Rapporti e statistiche istantanee<\/h3>\n<p>Rapporti e statistiche generate in un istante da un grande volume di dati provenienti da pi\u00f9 fonti.<\/p><\/div>\n\t\t\t<\/div>\n\t\t\t<\/div><div class=\"et_d4_element et_pb_column_1_3 et_pb_column et_pb_column_4  et_pb_css_mix_blend_mode et_block_column\">\n\t\t\t\t\n\t\t\t\t\n\t\t\t\t\n\t\t\t\t\n\t\t\t\t<div class=\"et_pb_module et_d4_element et_pb_text et_pb_text_3  et_pb_text_align_center et_pb_bg_layout_light\">\n\t\t\t\t\n\t\t\t\t\n\t\t\t\t\n\t\t\t\t\n\t\t\t\t<div class=\"et_pb_text_inner\"><h3 style=\"text-align: center;\">Migliore visibilit\u00e0 dei dati<\/h3>\n<p>Accesso semplificato ai dati in tempo reale, con la possibilit\u00e0 di filtrare le informazioni per periodo di tempo, data, manager e altro.<\/p><\/div>\n\t\t\t<\/div>\n\t\t\t<\/div><div class=\"et_d4_element et_pb_column_1_3 et_pb_column et_pb_column_5  et_pb_css_mix_blend_mode et-last-child et_block_column\">\n\t\t\t\t\n\t\t\t\t\n\t\t\t\t\n\t\t\t\t\n\t\t\t\t<div class=\"et_pb_module et_d4_element et_pb_text et_pb_text_4  et_pb_text_align_center et_pb_bg_layout_light\">\n\t\t\t\t\n\t\t\t\t\n\t\t\t\t\n\t\t\t\t\n\t\t\t\t<div class=\"et_pb_text_inner\"><h3 style=\"text-align: center;\">Presentazione personalizzabile<\/h3>\n<p>Vari formati di presentazione per i vostri rapporti di gestione e statistici per una presentazione semplice e comprensibile dei risultati.<\/p><\/div>\n\t\t\t<\/div>\n\t\t\t<\/div>\n\t\t\t\t\n\t\t\t\t\n\t\t\t\t\n\t\t\t\t\n\t\t\t<\/div><div class=\"et_d4_element et_pb_row et_pb_row_4  et_pb_css_mix_blend_mode et_block_row\">\n\t\t\t\t<div class=\"et_d4_element et_pb_column_1_2 et_pb_column et_pb_column_6  et_pb_css_mix_blend_mode et_block_column\">\n\t\t\t\t\n\t\t\t\t\n\t\t\t\t\n\t\t\t\t\n\t\t\t\t<div class=\"et_pb_module et_d4_element et_pb_text et_pb_text_5  et_pb_text_align_left et_pb_text_align_center-tablet et_pb_bg_layout_light\">\n\t\t\t\t\n\t\t\t\t\n\t\t\t\t\n\t\t\t\t\n\t\t\t\t<div class=\"et_pb_text_inner\"><p>Il reporting \u00e8 il processo di assicurare che le attivit\u00e0 di un'azienda siano riportate.<\/p>\n<p>Gli strumenti di reporting forniscono la possibilit\u00e0 di generare report gestionali e statistici in forma grafica o tabellare dai dati raccolti nel software.<\/p>\n<p>Puoi formattarli come vuoi e filtrare i risultati per rimuovere gli elementi che ti interessano.<\/p>\n<p>Lo scopo principale del reporting \u00e8 quello di misurare le prestazioni dei vostri servizi e di evidenziare le aree di miglioramento. Naturalmente, i dati misurati dipendono interamente dal vostro tipo di attivit\u00e0.<\/p><\/div>\n\t\t\t<\/div>\n\t\t\t<\/div><div class=\"et_d4_element et_pb_column_1_2 et_pb_column et_pb_column_7  et_pb_css_mix_blend_mode et-last-child et_block_column\">\n\t\t\t\t\n\t\t\t\t\n\t\t\t\t\n\t\t\t\t\n\t\t\t\t<div class=\"et_pb_module et_d4_element et_pb_text et_pb_text_6  et_pb_text_align_left et_pb_text_align_center-tablet et_pb_bg_layout_light\">\n\t\t\t\t\n\t\t\t\t\n\t\t\t\t\n\t\t\t\t\n\t\t\t\t<div class=\"et_pb_text_inner\"><p>Alcuni esempi di dati che possono essere analizzati sono<\/p>\n<p><strong>Vendite :<\/strong> Scopri le tue performance di vendita, vedi quale prodotto \u00e8 il pi\u00f9 popolare o quale negozio o reparto fa pi\u00f9 vendite, guarda quanto spesso un particolare cliente compra...<\/p>\n<p><strong>Progetti :<\/strong> Si rivedono i progetti passati per studiare e confrontare i tempi di completamento, i problemi incontrati, il margine raggiunto, ecc. al fine di identificare le aree di miglioramento nei progetti futuri.<\/p>\n<p><strong>Clienti :<\/strong> Analizzi il tuo database di clienti (dati di contatto, dati sui prodotti\/servizi acquistati\/utilizzati...) per estrarre le tendenze dei clienti al fine di aumentare la loro soddisfazione e realizzare campagne di marketing.<\/p>\n<p><strong>Servizio post-vendita :<\/strong> esamina le richieste e i reclami post-vendita per identificare le ragioni comuni delle richieste o dei reclami e migliorare il servizio di conseguenza.<\/p>\n<p><strong>Sondaggi :<\/strong> I sondaggi di soddisfazione o le risposte dei sondaggi raccolti dal software possono essere analizzati per evidenziare le tendenze.<\/p>\n<p>Grazie al reporting, beneficiate di una visione globale dei vostri dati che vi permette di prendere decisioni informate.<\/p><\/div>\n\t\t\t<\/div>\n\t\t\t<\/div>\n\t\t\t\t\n\t\t\t\t\n\t\t\t\t\n\t\t\t\t\n\t\t\t<\/div>\n\t\t\t\t\n\t\t\t\t\n\t\t\t<\/div><div class=\"et_d4_element et_pb_section et_pb_section_2 et_pb_with_background  et_pb_css_mix_blend_mode et_section_regular et_block_section\" >\n\t\t\t\t\n\t\t\t\t\n\t\t\t\t\n\t\t\t\t\n\t\t\t\t\n\t\t\t\t\n\t\t\t\t<div class=\"et_d4_element et_pb_row et_pb_row_5  et_pb_css_mix_blend_mode et_block_row\">\n\t\t\t\t<div class=\"et_d4_element et_pb_column_4_4 et_pb_column et_pb_column_8  et_pb_css_mix_blend_mode et-last-child et_block_column\">\n\t\t\t\t\n\t\t\t\t\n\t\t\t\t\n\t\t\t\t\n\t\t\t\t<div class=\"et_pb_module et_d4_element et_pb_text et_pb_text_7  et_pb_text_align_left et_pb_text_align_center-tablet et_pb_bg_layout_light\">\n\t\t\t\t\n\t\t\t\t\n\t\t\t\t\n\t\t\t\t\n\t\t\t\t<div class=\"et_pb_text_inner\"><h2>Scoprire la segnalazione in video<\/h2><\/div>\n\t\t\t<\/div>\n\t\t\t<\/div>\n\t\t\t\t\n\t\t\t\t\n\t\t\t\t\n\t\t\t\t\n\t\t\t<\/div><div class=\"et_d4_element et_pb_row et_pb_row_6  et_pb_css_mix_blend_mode et_block_row\">\n\t\t\t\t<div class=\"et_d4_element et_pb_column_4_4 et_pb_column et_pb_column_9  et_pb_css_mix_blend_mode et-last-child et_block_column\">\n\t\t\t\t\n\t\t\t\t\n\t\t\t\t\n\t\t\t\t\n\t\t\t\t<div class=\"et_pb_module et_d4_element et_pb_code et_pb_code_0\">\n\t\t\t\t\n\t\t\t\t\n\t\t\t\t\n\t\t\t\t\n\t\t\t\t<div class=\"et_pb_code_inner\"><iframe width=\"338\" height=\"190\" src=\"https:\/\/www.youtube.com\/embed\/O_UCNh9x6pM\" frameborder=\"0\" allow=\"accelerometer; autoplay; clipboard-write; encrypted-media; gyroscope; picture-in-picture\" allowfullscreen=\"\"><\/iframe><\/div>\n\t\t\t<\/div>\n\t\t\t<\/div>\n\t\t\t\t\n\t\t\t\t\n\t\t\t\t\n\t\t\t\t\n\t\t\t<\/div>\n\t\t\t\t\n\t\t\t\t\n\t\t\t<\/div><div id=\"Solutions\" class=\"et_pb_with_border et_d4_element et_pb_section et_pb_section_3 et_pb_with_background  et_pb_css_mix_blend_mode et_section_regular et_block_section\" >\n\t\t\t\t\n\t\t\t\t\n\t\t\t\t\n\t\t\t\t\n\t\t\t\t\n\t\t\t\t\n\t\t\t\t<div class=\"et_d4_element et_pb_row et_pb_row_7 et_pb_equal_columns et_pb_gutters2  et_pb_css_mix_blend_mode et_block_row\">\n\t\t\t\t<div class=\"et_d4_element et_pb_column_1_2 et_pb_column et_pb_column_10  et_pb_css_mix_blend_mode et_block_column\">\n\t\t\t\t\n\t\t\t\t\n\t\t\t\t\n\t\t\t\t\n\t\t\t\t<div class=\"et_pb_module et_d4_element et_pb_image et_pb_image_1 et_animated et-waypoint\">\n\t\t\t\t\n\t\t\t\t\n\t\t\t\t\n\t\t\t\t\n\t\t\t\t<a href=\"https:\/\/mca-concept.com\/it\/software-kale\/\"><span class=\"et_pb_image_wrap \"><img decoding=\"async\" width=\"300\" height=\"170\" src=\"https:\/\/mca-concept.com\/wordpress3\/wp-content\/uploads\/2022\/07\/mca-kale-logo-refait-recadre-300x170.png\" alt=\"Logo del software MCA Kale con un grande uccello origami \" title=\"MCA Kale, un software completo per PMI e grandi aziende\" srcset=\"https:\/\/mca-concept.com\/wordpress3\/wp-content\/uploads\/2022\/07\/mca-kale-logo-refait-recadre-300x170.png 300w, https:\/\/mca-concept.com\/wordpress3\/wp-content\/uploads\/2022\/07\/mca-kale-logo-refait-recadre-200x113.png 200w, https:\/\/mca-concept.com\/wordpress3\/wp-content\/uploads\/2022\/07\/mca-kale-logo-refait-recadre.png 443w\" sizes=\"(max-width: 300px) 100vw, 300px\" class=\"wp-image-47903\" \/><\/span><\/a>\n\t\t\t<\/div><div class=\"et_pb_module et_d4_element et_pb_text et_pb_text_8  et_pb_text_align_left et_pb_bg_layout_light\">\n\t\t\t\t\n\t\t\t\t\n\t\t\t\t\n\t\t\t\t\n\t\t\t\t<div class=\"et_pb_text_inner\"><p style=\"text-align: center;\">Software per grandi aziende<\/p><\/div>\n\t\t\t<\/div><div class=\"et_pb_button_module_wrapper et_pb_button_0_wrapper et_pb_button_alignment_center et_pb_module \">\n\t\t\t\t<a class=\"et_pb_button et_d4_element et_pb_button_0 et_pb_bg_layout_light et_block_module\" href=\"https:\/\/mca-concept.com\/it\/software-kale\/\" data-icon=\"5\">Ulteriori informazioni<\/a>\n\t\t\t<\/div>\n\t\t\t<\/div><div class=\"et_d4_element et_pb_column_1_2 et_pb_column et_pb_column_11  et_pb_css_mix_blend_mode et-last-child et_block_column\">\n\t\t\t\t\n\t\t\t\t\n\t\t\t\t\n\t\t\t\t\n\t\t\t\t<div class=\"et_pb_module et_d4_element et_pb_image et_pb_image_2 et_animated et-waypoint\">\n\t\t\t\t\n\t\t\t\t\n\t\t\t\t\n\t\t\t\t\n\t\t\t\t<a href=\"https:\/\/mca-concept.com\/it\/software-colibri\/\"><span class=\"et_pb_image_wrap \"><img decoding=\"async\" width=\"300\" height=\"170\" src=\"https:\/\/mca-concept.com\/wordpress3\/wp-content\/uploads\/2022\/07\/mca-colibri-logo-refait-recadre-300x170.png\" alt=\"Logo del software MCA Colibri che rappresenta un piccolo uccello origami \" title=\"MCA Colibri, software di fatturazione e contabilit\u00e0 per le piccole imprese\" srcset=\"https:\/\/mca-concept.com\/wordpress3\/wp-content\/uploads\/2022\/07\/mca-colibri-logo-refait-recadre-300x170.png 300w, https:\/\/mca-concept.com\/wordpress3\/wp-content\/uploads\/2022\/07\/mca-colibri-logo-refait-recadre-200x114.png 200w, https:\/\/mca-concept.com\/wordpress3\/wp-content\/uploads\/2022\/07\/mca-colibri-logo-refait-recadre.png 442w\" sizes=\"(max-width: 300px) 100vw, 300px\" class=\"wp-image-47907\" \/><\/span><\/a>\n\t\t\t<\/div><div class=\"et_pb_module et_d4_element et_pb_text et_pb_text_9  et_pb_text_align_center et_pb_bg_layout_light\">\n\t\t\t\t\n\t\t\t\t\n\t\t\t\t\n\t\t\t\t\n\t\t\t\t<div class=\"et_pb_text_inner\"><p style=\"text-align: center;\">Software per i lavoratori autonomi e i commercianti<\/p><\/div>\n\t\t\t<\/div><div class=\"et_pb_button_module_wrapper et_pb_button_1_wrapper et_pb_button_alignment_center et_pb_module \">\n\t\t\t\t<a class=\"et_pb_button et_d4_element et_pb_button_1 et_pb_bg_layout_light et_block_module\" href=\"https:\/\/mca-concept.com\/it\/software-colibri\/\" data-icon=\"5\">Ulteriori informazioni<\/a>\n\t\t\t<\/div>\n\t\t\t<\/div>\n\t\t\t\t\n\t\t\t\t\n\t\t\t\t\n\t\t\t\t\n\t\t\t<\/div>\n\t\t\t\t\n\t\t\t\t\n\t\t\t<\/div><div class=\"et_pb_with_border et_d4_element et_pb_section et_pb_section_4 et_pb_with_background  et_pb_css_mix_blend_mode et_section_regular et_block_section\" >\n\t\t\t\t\n\t\t\t\t\n\t\t\t\t\n\t\t\t\t\n\t\t\t\t\n\t\t\t\t\n\t\t\t\t<div class=\"et_d4_element et_pb_row et_pb_row_8  et_pb_css_mix_blend_mode et_block_row\">\n\t\t\t\t<div class=\"et_d4_element et_pb_column_4_4 et_pb_column et_pb_column_12  et_pb_css_mix_blend_mode et-last-child et_block_column\">\n\t\t\t\t\n\t\t\t\t\n\t\t\t\t\n\t\t\t\t\n\t\t\t\t<div class=\"et_pb_module et_d4_element et_pb_text et_pb_text_10  et_pb_text_align_left et_pb_text_align_center-tablet et_pb_bg_layout_light\">\n\t\t\t\t\n\t\t\t\t\n\t\t\t\t\n\t\t\t\t\n\t\t\t\t<div class=\"et_pb_text_inner\"><h2>Per riassumere<\/h2>\n<p>La <strong>gestione<\/strong> efficiente di un'<strong>azienda<\/strong> moderna dipende dall'integrazione armoniosa di diversi <strong>software<\/strong> e sistemi. Il sistema <strong>ERP di MCA Concept<\/strong> \u00e8 simile a <strong>Odoo<\/strong>, ad esempio, e offre una soluzione completa per la <strong>gestione di<\/strong> <strong>risorse<\/strong>, <strong>processi<\/strong> e <strong>dati<\/strong> all'interno dell'<strong>azienda<\/strong>.<br \/>\nIn combinazione con un <strong>CRM<\/strong>, consente una migliore <strong>gestione delle<\/strong> relazioni con <strong>i clienti<\/strong> e delle <strong>vendite<\/strong>. Questo <strong>software<\/strong>, accessibile via <strong>web<\/strong> e in <strong>cloud<\/strong>, offre ampie <strong>funzionalit\u00e0<\/strong>, tra cui la <strong>pianificazione<\/strong>, grazie a <strong>moduli<\/strong> specifici adattati alle diverse esigenze delle <strong>aziende<\/strong>.<\/p>\n<p>L'integrazione di questi <strong>pacchetti software<\/strong> crea un <strong>sistema<\/strong> <strong>di gestione<\/strong> globale che facilita il processo decisionale e la <strong>pianificazione<\/strong> strategica.<\/p>\n<p>In definitiva, queste soluzioni <strong>software<\/strong> sono <strong>strumenti<\/strong> essenziali per le <strong>aziende<\/strong> di oggi, che consentono una <strong>gestione<\/strong> fluida ed efficiente <strong>di<\/strong> tutti i <strong>processi<\/strong><strong>aziendali<\/strong>, dalla <strong>gestione<\/strong> <strong>delle risorse<\/strong> a quella <strong>delle<\/strong> <strong>vendite<\/strong>, ottimizzando al contempo le relazioni con <strong>i clienti<\/strong>.<\/div>\n\t\t\t<\/div>\n\t\t\t<\/div>\n\t\t\t\t\n\t\t\t\t\n\t\t\t\t\n\t\t\t\t\n\t\t\t<\/div>\n\t\t\t\t\n\t\t\t\t\n\t\t\t<\/div><\/p>\n","protected":false},"excerpt":{"rendered":"","protected":false},"author":3,"featured_media":0,"parent":37857,"menu_order":0,"comment_status":"closed","ping_status":"closed","template":"","meta":{"content-type":"","inline_featured_image":false,"_price":"","_stock":"","_tribe_ticket_header":"","_tribe_default_ticket_provider":"","_tribe_ticket_capacity":"0","_ticket_start_date":"","_ticket_end_date":"","_tribe_ticket_show_description":"","_tribe_ticket_show_not_going":false,"_tribe_ticket_use_global_stock":"","_tribe_ticket_global_stock_level":"","_global_stock_mode":"","_global_stock_cap":"","_tribe_rsvp_for_event":"","_tribe_ticket_going_count":"","_tribe_ticket_not_going_count":"","_tribe_tickets_list":"[]","_tribe_ticket_has_attendee_info_fields":false,"_et_pb_use_builder":"on","_et_pb_old_content":"","_et_gb_content_width":"","footnotes":"","_tec_slr_enabled":"","_tec_slr_layout":""},"class_list":["post-18258","page","type-page","status-publish","hentry"],"yoast_head":"<!-- This site is optimized with the Yoast SEO Premium plugin v26.1 (Yoast SEO v27.2) - https:\/\/yoast.com\/product\/yoast-seo-premium-wordpress\/ -->\n<title>Rapporti di attivit\u00e0 e statistiche | Rapporti | Concetto MCA<\/title>\n<meta name=\"description\" content=\"Scopriamo cos&#039;\u00e8 il reporting e cosa pu\u00f2 fare per voi e per il vostro business.\" \/>\n<meta name=\"robots\" content=\"index, follow, max-snippet:-1, max-image-preview:large, max-video-preview:-1\" \/>\n<link rel=\"canonical\" href=\"https:\/\/mca-concept.com\/it\/i-moduli\/reporting\/\" \/>\n<meta property=\"og:locale\" content=\"it_IT\" \/>\n<meta property=\"og:type\" content=\"article\" \/>\n<meta property=\"og:title\" content=\"Reporting\" \/>\n<meta property=\"og:description\" content=\"Scopriamo cos&#039;\u00e8 il reporting e cosa pu\u00f2 fare per voi e per il vostro business.\" \/>\n<meta property=\"og:url\" content=\"https:\/\/mca-concept.com\/it\/i-moduli\/reporting\/\" \/>\n<meta property=\"og:site_name\" content=\"MCA Concept\" \/>\n<meta property=\"article:publisher\" content=\"https:\/\/www.facebook.com\/mcaconcept\/\" \/>\n<meta property=\"article:modified_time\" content=\"2023-10-26T09:22:09+00:00\" \/>\n<meta name=\"twitter:card\" content=\"summary_large_image\" \/>\n<meta name=\"twitter:site\" content=\"@McaConcept\" \/>\n<meta name=\"twitter:label1\" content=\"Tempo di lettura stimato\" \/>\n\t<meta name=\"twitter:data1\" content=\"10 minuti\" \/>\n<script type=\"application\/ld+json\" class=\"yoast-schema-graph\">{\"@context\":\"https:\/\/schema.org\",\"@graph\":[{\"@type\":\"WebPage\",\"@id\":\"https:\/\/mca-concept.com\/it\/i-moduli\/reporting\/\",\"url\":\"https:\/\/mca-concept.com\/it\/i-moduli\/reporting\/\",\"name\":\"Rapporti di attivit\u00e0 e statistiche | Rapporti | Concetto MCA\",\"isPartOf\":{\"@id\":\"https:\/\/mca-concept.com\/it\/#website\"},\"datePublished\":\"2021-10-14T12:58:42+00:00\",\"dateModified\":\"2023-10-26T09:22:09+00:00\",\"description\":\"Scopriamo cos'\u00e8 il reporting e cosa pu\u00f2 fare per voi e per il vostro business.\",\"breadcrumb\":{\"@id\":\"https:\/\/mca-concept.com\/it\/i-moduli\/reporting\/#breadcrumb\"},\"inLanguage\":\"it-IT\",\"potentialAction\":[{\"@type\":\"ReadAction\",\"target\":[\"https:\/\/mca-concept.com\/it\/i-moduli\/reporting\/\"]}]},{\"@type\":\"BreadcrumbList\",\"@id\":\"https:\/\/mca-concept.com\/it\/i-moduli\/reporting\/#breadcrumb\",\"itemListElement\":[{\"@type\":\"ListItem\",\"position\":1,\"name\":\"Accueil\",\"item\":\"https:\/\/mca-concept.com\/it\/\"},{\"@type\":\"ListItem\",\"position\":2,\"name\":\"I moduli\",\"item\":\"https:\/\/mca-concept.com\/it\/i-moduli\/\"},{\"@type\":\"ListItem\",\"position\":3,\"name\":\"Reporting\"}]},{\"@type\":\"WebSite\",\"@id\":\"https:\/\/mca-concept.com\/it\/#website\",\"url\":\"https:\/\/mca-concept.com\/it\/\",\"name\":\"MCA Concept\",\"description\":\"Solutions de gestion d&#039;entreprise ERP-CRM-CMS\",\"publisher\":{\"@id\":\"https:\/\/mca-concept.com\/it\/#organization\"},\"potentialAction\":[{\"@type\":\"SearchAction\",\"target\":{\"@type\":\"EntryPoint\",\"urlTemplate\":\"https:\/\/mca-concept.com\/it\/?s={search_term_string}\"},\"query-input\":{\"@type\":\"PropertyValueSpecification\",\"valueRequired\":true,\"valueName\":\"search_term_string\"}}],\"inLanguage\":\"it-IT\"},{\"@type\":\"Organization\",\"@id\":\"https:\/\/mca-concept.com\/it\/#organization\",\"name\":\"MCA Concept\",\"url\":\"https:\/\/mca-concept.com\/it\/\",\"logo\":{\"@type\":\"ImageObject\",\"inLanguage\":\"it-IT\",\"@id\":\"https:\/\/mca-concept.com\/it\/#\/schema\/logo\/image\/\",\"url\":\"https:\/\/mca-concept.com\/wordpress3\/wp-content\/uploads\/2019\/09\/mca-logo300px.png\",\"contentUrl\":\"https:\/\/mca-concept.com\/wordpress3\/wp-content\/uploads\/2019\/09\/mca-logo300px.png\",\"width\":300,\"height\":156,\"caption\":\"MCA Concept\"},\"image\":{\"@id\":\"https:\/\/mca-concept.com\/it\/#\/schema\/logo\/image\/\"},\"sameAs\":[\"https:\/\/www.facebook.com\/mcaconcept\/\",\"https:\/\/x.com\/McaConcept\",\"https:\/\/www.instagram.com\/mcaconcept\/\",\"https:\/\/ch.linkedin.com\/company\/mca-concept\",\"https:\/\/www.youtube.com\/channel\/UC1WT0RmNiTycrnzr6FqDuPg\"]}]}<\/script>\n<!-- \/ Yoast SEO Premium plugin. -->","yoast_head_json":{"title":"Rapporti di attivit\u00e0 e statistiche | Rapporti | Concetto MCA","description":"Scopriamo cos'\u00e8 il reporting e cosa pu\u00f2 fare per voi e per il vostro business.","robots":{"index":"index","follow":"follow","max-snippet":"max-snippet:-1","max-image-preview":"max-image-preview:large","max-video-preview":"max-video-preview:-1"},"canonical":"https:\/\/mca-concept.com\/it\/i-moduli\/reporting\/","og_locale":"it_IT","og_type":"article","og_title":"Reporting","og_description":"Scopriamo cos'\u00e8 il reporting e cosa pu\u00f2 fare per voi e per il vostro business.","og_url":"https:\/\/mca-concept.com\/it\/i-moduli\/reporting\/","og_site_name":"MCA Concept","article_publisher":"https:\/\/www.facebook.com\/mcaconcept\/","article_modified_time":"2023-10-26T09:22:09+00:00","twitter_card":"summary_large_image","twitter_site":"@McaConcept","twitter_misc":{"Tempo di lettura stimato":"10 minuti"},"schema":{"@context":"https:\/\/schema.org","@graph":[{"@type":"WebPage","@id":"https:\/\/mca-concept.com\/it\/i-moduli\/reporting\/","url":"https:\/\/mca-concept.com\/it\/i-moduli\/reporting\/","name":"Rapporti di attivit\u00e0 e statistiche | Rapporti | Concetto MCA","isPartOf":{"@id":"https:\/\/mca-concept.com\/it\/#website"},"datePublished":"2021-10-14T12:58:42+00:00","dateModified":"2023-10-26T09:22:09+00:00","description":"Scopriamo cos'\u00e8 il reporting e cosa pu\u00f2 fare per voi e per il vostro business.","breadcrumb":{"@id":"https:\/\/mca-concept.com\/it\/i-moduli\/reporting\/#breadcrumb"},"inLanguage":"it-IT","potentialAction":[{"@type":"ReadAction","target":["https:\/\/mca-concept.com\/it\/i-moduli\/reporting\/"]}]},{"@type":"BreadcrumbList","@id":"https:\/\/mca-concept.com\/it\/i-moduli\/reporting\/#breadcrumb","itemListElement":[{"@type":"ListItem","position":1,"name":"Accueil","item":"https:\/\/mca-concept.com\/it\/"},{"@type":"ListItem","position":2,"name":"I moduli","item":"https:\/\/mca-concept.com\/it\/i-moduli\/"},{"@type":"ListItem","position":3,"name":"Reporting"}]},{"@type":"WebSite","@id":"https:\/\/mca-concept.com\/it\/#website","url":"https:\/\/mca-concept.com\/it\/","name":"MCA Concept","description":"Solutions de gestion d&#039;entreprise ERP-CRM-CMS","publisher":{"@id":"https:\/\/mca-concept.com\/it\/#organization"},"potentialAction":[{"@type":"SearchAction","target":{"@type":"EntryPoint","urlTemplate":"https:\/\/mca-concept.com\/it\/?s={search_term_string}"},"query-input":{"@type":"PropertyValueSpecification","valueRequired":true,"valueName":"search_term_string"}}],"inLanguage":"it-IT"},{"@type":"Organization","@id":"https:\/\/mca-concept.com\/it\/#organization","name":"MCA Concept","url":"https:\/\/mca-concept.com\/it\/","logo":{"@type":"ImageObject","inLanguage":"it-IT","@id":"https:\/\/mca-concept.com\/it\/#\/schema\/logo\/image\/","url":"https:\/\/mca-concept.com\/wordpress3\/wp-content\/uploads\/2019\/09\/mca-logo300px.png","contentUrl":"https:\/\/mca-concept.com\/wordpress3\/wp-content\/uploads\/2019\/09\/mca-logo300px.png","width":300,"height":156,"caption":"MCA Concept"},"image":{"@id":"https:\/\/mca-concept.com\/it\/#\/schema\/logo\/image\/"},"sameAs":["https:\/\/www.facebook.com\/mcaconcept\/","https:\/\/x.com\/McaConcept","https:\/\/www.instagram.com\/mcaconcept\/","https:\/\/ch.linkedin.com\/company\/mca-concept","https:\/\/www.youtube.com\/channel\/UC1WT0RmNiTycrnzr6FqDuPg"]}]}},"ticketed":false,"_links":{"self":[{"href":"https:\/\/mca-concept.com\/it\/wp-json\/wp\/v2\/pages\/18258","targetHints":{"allow":["GET"]}}],"collection":[{"href":"https:\/\/mca-concept.com\/it\/wp-json\/wp\/v2\/pages"}],"about":[{"href":"https:\/\/mca-concept.com\/it\/wp-json\/wp\/v2\/types\/page"}],"author":[{"embeddable":true,"href":"https:\/\/mca-concept.com\/it\/wp-json\/wp\/v2\/users\/3"}],"replies":[{"embeddable":true,"href":"https:\/\/mca-concept.com\/it\/wp-json\/wp\/v2\/comments?post=18258"}],"version-history":[{"count":18,"href":"https:\/\/mca-concept.com\/it\/wp-json\/wp\/v2\/pages\/18258\/revisions"}],"predecessor-version":[{"id":73153,"href":"https:\/\/mca-concept.com\/it\/wp-json\/wp\/v2\/pages\/18258\/revisions\/73153"}],"up":[{"embeddable":true,"href":"https:\/\/mca-concept.com\/it\/wp-json\/wp\/v2\/pages\/37857"}],"wp:attachment":[{"href":"https:\/\/mca-concept.com\/it\/wp-json\/wp\/v2\/media?parent=18258"}],"curies":[{"name":"wp","href":"https:\/\/api.w.org\/{rel}","templated":true}]}}