{"id":18339,"date":"2021-10-14T15:39:53","date_gmt":"2021-10-14T14:39:53","guid":{"rendered":"https:\/\/mca-concept.com\/perche-kale\/"},"modified":"2023-10-26T12:20:38","modified_gmt":"2023-10-26T10:20:38","slug":"perche-kale","status":"publish","type":"page","link":"https:\/\/mca-concept.com\/it\/perche-kale\/","title":{"rendered":"Perch\u00e9 MCA Kale: spiegazioni"},"content":{"rendered":"<p><div class=\"et_d4_element et_pb_section et_pb_section_0 et_pb_with_background  et_pb_css_mix_blend_mode et_section_regular et_block_section\" >\n\t\t\t\t\n\t\t\t\t\n\t\t\t\t\n\t\t\t\t\n\t\t\t\t\n\t\t\t\t\n\t\t\t\t<div class=\"et_d4_element et_pb_row et_pb_row_0  et_pb_css_mix_blend_mode et_block_row\">\n\t\t\t\t<div class=\"et_d4_element et_pb_column_4_4 et_pb_column et_pb_column_0  et_pb_css_mix_blend_mode et-last-child et_block_column\">\n\t\t\t\t\n\t\t\t\t\n\t\t\t\t\n\t\t\t\t\n\t\t\t\t<div class=\"et_pb_module et_d4_element et_pb_image et_pb_image_0\">\n\t\t\t\t\n\t\t\t\t\n\t\t\t\t\n\t\t\t\t\n\t\t\t\t<span class=\"et_pb_image_wrap \"><img decoding=\"async\" src=\"https:\/\/mca-concept.com\/wordpress3\/wp-content\/uploads\/2019\/09\/logo-mca-kale-2-300x132.png\" alt=\"Logo del software di gestione aziendale MCA Kale\" title=\"Logo MCA Kale\" class=\"wp-image-2389\" \/><\/span>\n\t\t\t<\/div>\n\t\t\t<\/div>\n\t\t\t\t\n\t\t\t\t\n\t\t\t\t\n\t\t\t\t\n\t\t\t<\/div>\n\t\t\t\t\n\t\t\t\t\n\t\t\t<\/div><div class=\"et_d4_element et_pb_section et_pb_section_1  et_pb_css_mix_blend_mode et_section_regular et_block_section\" >\n\t\t\t\t\n\t\t\t\t\n\t\t\t\t\n\t\t\t\t\n\t\t\t\t\n\t\t\t\t\n\t\t\t\t<div class=\"et_d4_element et_pb_row et_pb_row_1  et_pb_css_mix_blend_mode et_block_row\">\n\t\t\t\t<div class=\"et_d4_element et_pb_column_4_4 et_pb_column et_pb_column_1  et_pb_css_mix_blend_mode et-last-child et_block_column\">\n\t\t\t\t\n\t\t\t\t\n\t\t\t\t\n\t\t\t\t\n\t\t\t\t<div class=\"et_pb_module et_d4_element et_pb_text et_pb_text_0  et_pb_text_align_left et_pb_text_align_center-tablet et_pb_bg_layout_light\">\n\t\t\t\t\n\t\t\t\t\n\t\t\t\t\n\t\t\t\t\n\t\t\t\t<div class=\"et_pb_text_inner\"><h1>Perch\u00e9 \"MCA Kale\"?<\/h1><\/div>\n\t\t\t<\/div>\n\t\t\t<\/div>\n\t\t\t\t\n\t\t\t\t\n\t\t\t\t\n\t\t\t\t\n\t\t\t<\/div><div class=\"et_d4_element et_pb_row et_pb_row_2  et_pb_css_mix_blend_mode et_block_row\">\n\t\t\t\t<div class=\"et_d4_element et_pb_column_4_4 et_pb_column et_pb_column_2  et_pb_css_mix_blend_mode et-last-child et_block_column\">\n\t\t\t\t\n\t\t\t\t\n\t\t\t\t\n\t\t\t\t\n\t\t\t\t<div class=\"et_pb_module et_d4_element et_pb_text et_pb_text_1  et_pb_text_align_left et_pb_text_align_center-tablet et_pb_bg_layout_light\">\n\t\t\t\t\n\t\t\t\t\n\t\t\t\t\n\t\t\t\t\n\t\t\t\t<div class=\"et_pb_text_inner\"><p>Creato nel 2002, il nostro software di gestione MCA Kale ha continuato ad evolversi nel corso degli anni e continua ad espandersi oggi.<\/p>\n<p>Ma perch\u00e9 si chiama <strong>\"MCA Kale <\/strong>\"? E perch\u00e9 \u00e8 stato scelto un <strong>uccello origami verde<\/strong> per rappresentare questo software?<\/p><\/div>\n\t\t\t<\/div>\n\t\t\t<\/div>\n\t\t\t\t\n\t\t\t\t\n\t\t\t\t\n\t\t\t\t\n\t\t\t<\/div><div class=\"et_d4_element et_pb_row et_pb_row_3  et_pb_css_mix_blend_mode et_block_row\">\n\t\t\t\t<div class=\"et_d4_element et_pb_column_4_4 et_pb_column et_pb_column_3  et_pb_css_mix_blend_mode et-last-child et_block_column\">\n\t\t\t\t\n\t\t\t\t\n\t\t\t\t\n\t\t\t\t\n\t\t\t\t<div class=\"et_pb_module et_d4_element et_pb_text et_pb_text_2  et_pb_text_align_left et_pb_text_align_center-tablet et_pb_bg_layout_light\">\n\t\t\t\t\n\t\t\t\t\n\t\t\t\t\n\t\t\t\t\n\t\t\t\t<div class=\"et_pb_text_inner\"><h2>Il nome MCA Kale<\/h2><\/div>\n\t\t\t<\/div>\n\t\t\t<\/div>\n\t\t\t\t\n\t\t\t\t\n\t\t\t\t\n\t\t\t\t\n\t\t\t<\/div><div class=\"et_d4_element et_pb_row et_pb_row_4  et_pb_css_mix_blend_mode et_block_row\">\n\t\t\t\t<div class=\"et_d4_element et_pb_column_4_4 et_pb_column et_pb_column_4  et_pb_css_mix_blend_mode et-last-child et_block_column\">\n\t\t\t\t\n\t\t\t\t\n\t\t\t\t\n\t\t\t\t\n\t\t\t\t<div class=\"et_pb_module et_d4_element et_pb_text et_pb_text_3  et_pb_text_align_left et_pb_text_align_center-tablet et_pb_bg_layout_light\">\n\t\t\t\t\n\t\t\t\t\n\t\t\t\t\n\t\t\t\t\n\t\t\t\t<div class=\"et_pb_text_inner\"><p>Mentre <strong>\"MCA <\/strong>\" in <strong>\"MCA Kale <\/strong>\" si riferisce ovviamente al nome <strong>MCA Concept<\/strong>, <strong>\"Kale <\/strong>\" deriva dalla lingua inglese. Infatti, <i>kale<\/i> \u00e8 la parola che il mondo anglofono ha dato a una <strong>variet\u00e0 di cavolo<\/strong>. Dalla ricomparsa di questa variet\u00e0 di verdura nella nostra dieta negli ultimi anni, il termine <i>kale<\/i> \u00e8 stato adottato anche nel vocabolario francese per designarlo.<\/p>\n<p>Ma perch\u00e9 chiamare un software di gestione come un cavolo? Da un lato, per le virt\u00f9 di quest'ultimo. Il cavolo \u00e8 un superalimento, il che significa che \u00e8 una fonte eccellente di nutrienti essenziali. Ed \u00e8 qui che si stabilisce la connessione: proprio come il cavolo \u00e8 <strong>ricco di nutrienti <\/strong>che giovano alla nostra salute, il software MCA Kale \u00e8 <strong>ricco di funzionalit\u00e0 e promuove la salute amministrativa delle aziende<\/strong>.<\/p>\n<p>D'altra parte, il cavolo \u00e8 un <strong>prodotto della natura<\/strong> e riflette la preoccupazione di MCA Concept per l'ambiente e <strong>la conservazione del nostro pianeta<\/strong>. Il nostro software MCA Kale aiuta l'ambiente contribuendo a<strong>ridurre<\/strong> o <strong>eliminare<\/strong> l'uso della carta. Inoltre, MCA Kale \u00e8 basato su un<strong>server centralizzato<\/strong>, evitando cos\u00ec l'uso di diversi server ad alto consumo energetico.<\/p><\/div>\n\t\t\t<\/div>\n\t\t\t<\/div>\n\t\t\t\t\n\t\t\t\t\n\t\t\t\t\n\t\t\t\t\n\t\t\t<\/div><div class=\"et_d4_element et_pb_row et_pb_row_5  et_pb_css_mix_blend_mode et_block_row\">\n\t\t\t\t<div class=\"et_d4_element et_pb_column_4_4 et_pb_column et_pb_column_5  et_pb_css_mix_blend_mode et-last-child et_block_column\">\n\t\t\t\t\n\t\t\t\t\n\t\t\t\t\n\t\t\t\t\n\t\t\t\t<div class=\"et_pb_module et_d4_element et_pb_text et_pb_text_4  et_pb_text_align_left et_pb_text_align_center-tablet et_pb_bg_layout_light\">\n\t\t\t\t\n\t\t\t\t\n\t\t\t\t\n\t\t\t\t\n\t\t\t\t<div class=\"et_pb_text_inner\"><h2>Il logo di MCA Kale<\/h2><\/div>\n\t\t\t<\/div>\n\t\t\t<\/div>\n\t\t\t\t\n\t\t\t\t\n\t\t\t\t\n\t\t\t\t\n\t\t\t<\/div><div class=\"et_d4_element et_pb_row et_pb_row_6  et_pb_css_mix_blend_mode et_block_row\">\n\t\t\t\t<div class=\"et_d4_element et_pb_column_4_4 et_pb_column et_pb_column_6  et_pb_css_mix_blend_mode et-last-child et_block_column\">\n\t\t\t\t\n\t\t\t\t\n\t\t\t\t\n\t\t\t\t\n\t\t\t\t<div class=\"et_pb_module et_d4_element et_pb_text et_pb_text_5  et_pb_text_align_left et_pb_text_align_center-tablet et_pb_bg_layout_light\">\n\t\t\t\t\n\t\t\t\t\n\t\t\t\t\n\t\t\t\t\n\t\t\t\t<div class=\"et_pb_text_inner\"><p>Il desiderio di MCA Concept di mettere l'ambiente al primo posto \u00e8 anche parte della ragione del logo MCA Kale. La sua forma di uccello e il suo colore verde sono entrambi <strong>simboli della natura<\/strong>. Inoltre, il colore verde ricorda il cavolo.<\/p>\n<p>Tuttavia, il logo MCA Kale evoca anche un'altra parte essenziale del software. In particolare, assume l'aspetto di un uccello origami. Questo design <strong>origami<\/strong> \u00e8 stato scelto perch\u00e9, come una di quelle figure di carta piegate, MCA Kale \u00e8 un software <strong>fatto a mano<\/strong>. Le <strong>sfaccettature<\/strong> dell'uccello origami riecheggiano le <strong>diverse funzionalit\u00e0<\/strong> di MCA Kale. Ogni caratteristica \u00e8 stata accuratamente sviluppata per contribuire all'evoluzione del software di gestione, proprio come ogni piega di origami \u00e8 stata accuratamente realizzata per modellare la figura dell'uccello. E queste caratteristiche possono essere <strong>aggiunte, rimosse o adattate a seconda delle necessit\u00e0<\/strong>, proprio come una piega di origami pu\u00f2 essere fatta o disfatta.<\/p><\/div>\n\t\t\t<\/div>\n\t\t\t<\/div>\n\t\t\t\t\n\t\t\t\t\n\t\t\t\t\n\t\t\t\t\n\t\t\t<\/div><div class=\"et_d4_element et_pb_row et_pb_row_7  et_pb_css_mix_blend_mode et_block_row\">\n\t\t\t\t<div class=\"et_d4_element et_pb_column_4_4 et_pb_column et_pb_column_7  et_pb_css_mix_blend_mode et-last-child et_block_column\">\n\t\t\t\t\n\t\t\t\t\n\t\t\t\t\n\t\t\t\t\n\t\t\t\t<div class=\"et_pb_module et_d4_element et_pb_image et_pb_image_1\">\n\t\t\t\t\n\t\t\t\t\n\t\t\t\t\n\t\t\t\t\n\t\t\t\t<span class=\"et_pb_image_wrap \"><img decoding=\"async\" width=\"300\" height=\"169\" src=\"https:\/\/mca-concept.com\/wordpress3\/wp-content\/uploads\/2021\/11\/logo-colibri-mca-kale-2-300x169.png\" alt=\"Logo del software di gestione MCA Colibri di MCA Concept\" title=\"Logo MCA Colibri\" class=\"wp-image-20759\" \/><\/span>\n\t\t\t<\/div>\n\t\t\t<\/div>\n\t\t\t\t\n\t\t\t\t\n\t\t\t\t\n\t\t\t\t\n\t\t\t<\/div><div class=\"et_d4_element et_pb_row et_pb_row_8  et_pb_css_mix_blend_mode et_block_row\">\n\t\t\t\t<div class=\"et_d4_element et_pb_column_4_4 et_pb_column et_pb_column_8  et_pb_css_mix_blend_mode et-last-child et_block_column\">\n\t\t\t\t\n\t\t\t\t\n\t\t\t\t\n\t\t\t\t\n\t\t\t\t<div class=\"et_pb_module et_d4_element et_pb_text et_pb_text_6  et_pb_text_align_left et_pb_text_align_center-tablet et_pb_bg_layout_light\">\n\t\t\t\t\n\t\t\t\t\n\t\t\t\t\n\t\t\t\t\n\t\t\t\t<div class=\"et_pb_text_inner\"><h2>E MCA Colibri?<\/h2><\/div>\n\t\t\t<\/div>\n\t\t\t<\/div>\n\t\t\t\t\n\t\t\t\t\n\t\t\t\t\n\t\t\t\t\n\t\t\t<\/div><div class=\"et_d4_element et_pb_row et_pb_row_9  et_pb_css_mix_blend_mode et_block_row\">\n\t\t\t\t<div class=\"et_d4_element et_pb_column_4_4 et_pb_column et_pb_column_9  et_pb_css_mix_blend_mode et-last-child et_block_column\">\n\t\t\t\t\n\t\t\t\t\n\t\t\t\t\n\t\t\t\t\n\t\t\t\t<div class=\"et_pb_module et_d4_element et_pb_text et_pb_text_7  et_pb_text_align_left et_pb_text_align_center-tablet et_pb_bg_layout_light\">\n\t\t\t\t\n\t\t\t\t\n\t\t\t\t\n\t\t\t\t\n\t\t\t\t<div class=\"et_pb_text_inner\"><p>MCA Colibri \u00e8 il nostro software di gestione per i lavoratori autonomi e gli artigiani. Come MCA Kale, MCA Colibri si basa in parte sul nome MCA Concept. \"Colibr\u00ec\" \u00e8 stato scelto in onore di questo uccello che, nonostante le sue piccole dimensioni, si muove con <strong>notevole velocit\u00e0 e precisione<\/strong>. MCA Colibri pu\u00f2 essere un programma pi\u00f9 piccolo di MCA Kale, ma proprio come un colibr\u00ec, \u00e8 <strong>estremamente dinamico e preciso<\/strong>.<\/p>\n<p>Come il logo MCA Kale, il logo MCA Colibri prende la forma di un uccello origami, per rappresentare sia l'impegno di MCA Concept per la <strong>protezione dell'ambiente<\/strong> che le <strong>varie caratteristiche<\/strong> che il software offre. La differenza \u00e8 che il logo MCA Colibri rappresenta specificamente l'uccello da cui prende il nome, il famoso <strong>colibr\u00ec<\/strong>.<\/p><\/div>\n\t\t\t<\/div>\n\t\t\t<\/div>\n\t\t\t\t\n\t\t\t\t\n\t\t\t\t\n\t\t\t\t\n\t\t\t<\/div>\n\t\t\t\t\n\t\t\t\t\n\t\t\t<\/div><div class=\"et_d4_element et_pb_section et_pb_section_2 et_pb_with_background  et_pb_css_mix_blend_mode et_section_regular et_block_section\" >\n\t\t\t\t\n\t\t\t\t\n\t\t\t\t\n\t\t\t\t\n\t\t\t\t\n\t\t\t\t\n\t\t\t\t<div class=\"et_d4_element et_pb_row et_pb_row_10  et_pb_css_mix_blend_mode et_block_row\">\n\t\t\t\t<div class=\"et_d4_element et_pb_column_4_4 et_pb_column et_pb_column_10  et_pb_css_mix_blend_mode et-last-child et_block_column\">\n\t\t\t\t\n\t\t\t\t\n\t\t\t\t\n\t\t\t\t\n\t\t\t\t<div class=\"et_pb_module et_d4_element et_pb_text et_pb_text_8  et_pb_text_align_left et_pb_text_align_center-tablet et_pb_bg_layout_light\">\n\t\t\t\t\n\t\t\t\t\n\t\t\t\t\n\t\t\t\t\n\t\t\t\t<div class=\"et_pb_text_inner\"><h2>Per riassumere<\/h2>\n<p>&nbsp;<\/p>\n<p>La scelta di \"MCA Kale\" per il nostro <strong>software di gestione EPR, CRM e CMS<\/strong> non \u00e8 di poco conto.<\/p>\n<p>Creato nel 2002, si \u00e8 evoluto nel corso degli anni fino a diventare una soluzione completa e adatta a diverse <strong>professioni<\/strong> e<strong>aziende<\/strong>. Il suo nome, ispirato al superfood kale, simboleggia la sua ricchezza di <strong>funzionalit\u00e0<\/strong> e il suo impatto positivo sulla salute amministrativa delle organizzazioni.<\/p>\n<p>Cos\u00ec come il cavolo fa bene alla salute, MCA Kale migliora la <strong>gestione dei processi<\/strong> e dei <strong>dati dei clienti<\/strong>, offrendo un'ampia gamma di <strong>soluzioni<\/strong>.<\/p>\n<p>Il nostro <strong>software di gestione<\/strong> \u00e8 un'applicazione basata sul web progettata per aiutare le aziende a misurare e ottimizzare le loro operazioni. Inoltre, il nostro impegno per l'ambiente si riflette nel logo origami, caratterizzato da un uccello verde, che incarna la nostra attenzione per il pianeta e l'efficienza del nostro <strong>sistema<\/strong>.<\/p>\n<p>\"MCA Colibri\" \u00e8 la nostra soluzione dedicata ai liberi professionisti e agli artigiani, che punta su velocit\u00e0, precisione e dinamica, proprio come il colibr\u00ec.<\/p>\n<p>Entrambi i <strong>pacchetti software<\/strong> sono strumenti fatti a mano, progettati per adattarsi alle mutevoli esigenze delle aziende e degli utenti, contribuendo al contempo a preservare il nostro ambiente.<\/p>\n<p>Scegliete \"MCA Kale\" e \"MCA Colibri\" per una <strong>gestione aziendale<\/strong> efficiente e rispettosa dell'ambiente, in grado di soddisfare le esigenze dei vostri clienti e dei vostri processi aziendali.<\/p><\/div>\n\t\t\t<\/div>\n\t\t\t<\/div>\n\t\t\t\t\n\t\t\t\t\n\t\t\t\t\n\t\t\t\t\n\t\t\t<\/div>\n\t\t\t\t\n\t\t\t\t\n\t\t\t<\/div><\/p>\n","protected":false},"excerpt":{"rendered":"","protected":false},"author":3,"featured_media":0,"parent":0,"menu_order":0,"comment_status":"closed","ping_status":"closed","template":"","meta":{"content-type":"","inline_featured_image":false,"_price":"","_stock":"","_tribe_ticket_header":"","_tribe_default_ticket_provider":"","_tribe_ticket_capacity":"0","_ticket_start_date":"","_ticket_end_date":"","_tribe_ticket_show_description":"","_tribe_ticket_show_not_going":false,"_tribe_ticket_use_global_stock":"","_tribe_ticket_global_stock_level":"","_global_stock_mode":"","_global_stock_cap":"","_tribe_rsvp_for_event":"","_tribe_ticket_going_count":"","_tribe_ticket_not_going_count":"","_tribe_tickets_list":"[]","_tribe_ticket_has_attendee_info_fields":false,"_et_pb_use_builder":"on","_et_pb_old_content":"","_et_gb_content_width":"","footnotes":"","_tec_slr_enabled":"","_tec_slr_layout":""},"class_list":["post-18339","page","type-page","status-publish","hentry"],"yoast_head":"<!-- This site is optimized with the Yoast SEO Premium plugin v26.1 (Yoast SEO v27.2) - https:\/\/yoast.com\/product\/yoast-seo-premium-wordpress\/ -->\n<title>Perch\u00e9 il termine &quot;Kale&quot; per il nostro software | MCA Concept<\/title>\n<meta name=\"description\" content=\"Spieghiamo perch\u00e9 abbiamo scelto il termine &quot;Kale&quot; per il nostro software e come siamo arrivati al design del logo.\" \/>\n<meta name=\"robots\" content=\"index, follow, max-snippet:-1, max-image-preview:large, max-video-preview:-1\" \/>\n<link rel=\"canonical\" href=\"https:\/\/mca-concept.com\/it\/perche-kale\/\" \/>\n<meta property=\"og:locale\" content=\"it_IT\" \/>\n<meta property=\"og:type\" content=\"article\" \/>\n<meta property=\"og:title\" content=\"Perch\u00e9 MCA Kale: spiegazioni\" \/>\n<meta property=\"og:description\" content=\"Spieghiamo perch\u00e9 abbiamo scelto il termine &quot;Kale&quot; per il nostro software e come siamo arrivati al design del logo.\" \/>\n<meta property=\"og:url\" content=\"https:\/\/mca-concept.com\/it\/perche-kale\/\" \/>\n<meta property=\"og:site_name\" content=\"MCA Concept\" \/>\n<meta property=\"article:publisher\" content=\"https:\/\/www.facebook.com\/mcaconcept\/\" \/>\n<meta property=\"article:modified_time\" content=\"2023-10-26T10:20:38+00:00\" \/>\n<meta name=\"twitter:card\" content=\"summary_large_image\" \/>\n<meta name=\"twitter:site\" content=\"@McaConcept\" \/>\n<meta name=\"twitter:label1\" content=\"Tempo di lettura stimato\" \/>\n\t<meta name=\"twitter:data1\" content=\"8 minuti\" \/>\n<script type=\"application\/ld+json\" class=\"yoast-schema-graph\">{\"@context\":\"https:\/\/schema.org\",\"@graph\":[{\"@type\":\"WebPage\",\"@id\":\"https:\/\/mca-concept.com\/it\/perche-kale\/\",\"url\":\"https:\/\/mca-concept.com\/it\/perche-kale\/\",\"name\":\"Perch\u00e9 il termine \\\"Kale\\\" per il nostro software | MCA Concept\",\"isPartOf\":{\"@id\":\"https:\/\/mca-concept.com\/it\/#website\"},\"datePublished\":\"2021-10-14T14:39:53+00:00\",\"dateModified\":\"2023-10-26T10:20:38+00:00\",\"description\":\"Spieghiamo perch\u00e9 abbiamo scelto il termine \\\"Kale\\\" per il nostro software e come siamo arrivati al design del logo.\",\"breadcrumb\":{\"@id\":\"https:\/\/mca-concept.com\/it\/perche-kale\/#breadcrumb\"},\"inLanguage\":\"it-IT\",\"potentialAction\":[{\"@type\":\"ReadAction\",\"target\":[\"https:\/\/mca-concept.com\/it\/perche-kale\/\"]}]},{\"@type\":\"BreadcrumbList\",\"@id\":\"https:\/\/mca-concept.com\/it\/perche-kale\/#breadcrumb\",\"itemListElement\":[{\"@type\":\"ListItem\",\"position\":1,\"name\":\"Accueil\",\"item\":\"https:\/\/mca-concept.com\/it\/\"},{\"@type\":\"ListItem\",\"position\":2,\"name\":\"Perch\u00e9 MCA Kale: spiegazioni\"}]},{\"@type\":\"WebSite\",\"@id\":\"https:\/\/mca-concept.com\/it\/#website\",\"url\":\"https:\/\/mca-concept.com\/it\/\",\"name\":\"MCA Concept\",\"description\":\"Solutions de gestion d&#039;entreprise ERP-CRM-CMS\",\"publisher\":{\"@id\":\"https:\/\/mca-concept.com\/it\/#organization\"},\"potentialAction\":[{\"@type\":\"SearchAction\",\"target\":{\"@type\":\"EntryPoint\",\"urlTemplate\":\"https:\/\/mca-concept.com\/it\/?s={search_term_string}\"},\"query-input\":{\"@type\":\"PropertyValueSpecification\",\"valueRequired\":true,\"valueName\":\"search_term_string\"}}],\"inLanguage\":\"it-IT\"},{\"@type\":\"Organization\",\"@id\":\"https:\/\/mca-concept.com\/it\/#organization\",\"name\":\"MCA Concept\",\"url\":\"https:\/\/mca-concept.com\/it\/\",\"logo\":{\"@type\":\"ImageObject\",\"inLanguage\":\"it-IT\",\"@id\":\"https:\/\/mca-concept.com\/it\/#\/schema\/logo\/image\/\",\"url\":\"https:\/\/mca-concept.com\/wordpress3\/wp-content\/uploads\/2019\/09\/mca-logo300px.png\",\"contentUrl\":\"https:\/\/mca-concept.com\/wordpress3\/wp-content\/uploads\/2019\/09\/mca-logo300px.png\",\"width\":300,\"height\":156,\"caption\":\"MCA Concept\"},\"image\":{\"@id\":\"https:\/\/mca-concept.com\/it\/#\/schema\/logo\/image\/\"},\"sameAs\":[\"https:\/\/www.facebook.com\/mcaconcept\/\",\"https:\/\/x.com\/McaConcept\",\"https:\/\/www.instagram.com\/mcaconcept\/\",\"https:\/\/ch.linkedin.com\/company\/mca-concept\",\"https:\/\/www.youtube.com\/channel\/UC1WT0RmNiTycrnzr6FqDuPg\"]}]}<\/script>\n<!-- \/ Yoast SEO Premium plugin. -->","yoast_head_json":{"title":"Perch\u00e9 il termine \"Kale\" per il nostro software | MCA Concept","description":"Spieghiamo perch\u00e9 abbiamo scelto il termine \"Kale\" per il nostro software e come siamo arrivati al design del logo.","robots":{"index":"index","follow":"follow","max-snippet":"max-snippet:-1","max-image-preview":"max-image-preview:large","max-video-preview":"max-video-preview:-1"},"canonical":"https:\/\/mca-concept.com\/it\/perche-kale\/","og_locale":"it_IT","og_type":"article","og_title":"Perch\u00e9 MCA Kale: spiegazioni","og_description":"Spieghiamo perch\u00e9 abbiamo scelto il termine \"Kale\" per il nostro software e come siamo arrivati al design del logo.","og_url":"https:\/\/mca-concept.com\/it\/perche-kale\/","og_site_name":"MCA Concept","article_publisher":"https:\/\/www.facebook.com\/mcaconcept\/","article_modified_time":"2023-10-26T10:20:38+00:00","twitter_card":"summary_large_image","twitter_site":"@McaConcept","twitter_misc":{"Tempo di lettura stimato":"8 minuti"},"schema":{"@context":"https:\/\/schema.org","@graph":[{"@type":"WebPage","@id":"https:\/\/mca-concept.com\/it\/perche-kale\/","url":"https:\/\/mca-concept.com\/it\/perche-kale\/","name":"Perch\u00e9 il termine \"Kale\" per il nostro software | MCA Concept","isPartOf":{"@id":"https:\/\/mca-concept.com\/it\/#website"},"datePublished":"2021-10-14T14:39:53+00:00","dateModified":"2023-10-26T10:20:38+00:00","description":"Spieghiamo perch\u00e9 abbiamo scelto il termine \"Kale\" per il nostro software e come siamo arrivati al design del logo.","breadcrumb":{"@id":"https:\/\/mca-concept.com\/it\/perche-kale\/#breadcrumb"},"inLanguage":"it-IT","potentialAction":[{"@type":"ReadAction","target":["https:\/\/mca-concept.com\/it\/perche-kale\/"]}]},{"@type":"BreadcrumbList","@id":"https:\/\/mca-concept.com\/it\/perche-kale\/#breadcrumb","itemListElement":[{"@type":"ListItem","position":1,"name":"Accueil","item":"https:\/\/mca-concept.com\/it\/"},{"@type":"ListItem","position":2,"name":"Perch\u00e9 MCA Kale: spiegazioni"}]},{"@type":"WebSite","@id":"https:\/\/mca-concept.com\/it\/#website","url":"https:\/\/mca-concept.com\/it\/","name":"MCA Concept","description":"Solutions de gestion d&#039;entreprise ERP-CRM-CMS","publisher":{"@id":"https:\/\/mca-concept.com\/it\/#organization"},"potentialAction":[{"@type":"SearchAction","target":{"@type":"EntryPoint","urlTemplate":"https:\/\/mca-concept.com\/it\/?s={search_term_string}"},"query-input":{"@type":"PropertyValueSpecification","valueRequired":true,"valueName":"search_term_string"}}],"inLanguage":"it-IT"},{"@type":"Organization","@id":"https:\/\/mca-concept.com\/it\/#organization","name":"MCA Concept","url":"https:\/\/mca-concept.com\/it\/","logo":{"@type":"ImageObject","inLanguage":"it-IT","@id":"https:\/\/mca-concept.com\/it\/#\/schema\/logo\/image\/","url":"https:\/\/mca-concept.com\/wordpress3\/wp-content\/uploads\/2019\/09\/mca-logo300px.png","contentUrl":"https:\/\/mca-concept.com\/wordpress3\/wp-content\/uploads\/2019\/09\/mca-logo300px.png","width":300,"height":156,"caption":"MCA Concept"},"image":{"@id":"https:\/\/mca-concept.com\/it\/#\/schema\/logo\/image\/"},"sameAs":["https:\/\/www.facebook.com\/mcaconcept\/","https:\/\/x.com\/McaConcept","https:\/\/www.instagram.com\/mcaconcept\/","https:\/\/ch.linkedin.com\/company\/mca-concept","https:\/\/www.youtube.com\/channel\/UC1WT0RmNiTycrnzr6FqDuPg"]}]}},"ticketed":false,"_links":{"self":[{"href":"https:\/\/mca-concept.com\/it\/wp-json\/wp\/v2\/pages\/18339","targetHints":{"allow":["GET"]}}],"collection":[{"href":"https:\/\/mca-concept.com\/it\/wp-json\/wp\/v2\/pages"}],"about":[{"href":"https:\/\/mca-concept.com\/it\/wp-json\/wp\/v2\/types\/page"}],"author":[{"embeddable":true,"href":"https:\/\/mca-concept.com\/it\/wp-json\/wp\/v2\/users\/3"}],"replies":[{"embeddable":true,"href":"https:\/\/mca-concept.com\/it\/wp-json\/wp\/v2\/comments?post=18339"}],"version-history":[{"count":11,"href":"https:\/\/mca-concept.com\/it\/wp-json\/wp\/v2\/pages\/18339\/revisions"}],"predecessor-version":[{"id":73228,"href":"https:\/\/mca-concept.com\/it\/wp-json\/wp\/v2\/pages\/18339\/revisions\/73228"}],"wp:attachment":[{"href":"https:\/\/mca-concept.com\/it\/wp-json\/wp\/v2\/media?parent=18339"}],"curies":[{"name":"wp","href":"https:\/\/api.w.org\/{rel}","templated":true}]}}