{"id":21679,"date":"2021-11-22T16:28:10","date_gmt":"2021-11-22T15:28:10","guid":{"rendered":"https:\/\/mca-concept.com\/integrazione-software\/"},"modified":"2026-03-30T10:54:39","modified_gmt":"2026-03-30T08:54:39","slug":"integrazione-software","status":"publish","type":"page","link":"https:\/\/mca-concept.com\/it\/integrazione-software\/","title":{"rendered":"Integrazione con software di terze parti"},"content":{"rendered":"<div class=\"et_pb_section_0 et_pb_section et_section_regular et_block_section\">\n<div class=\"et_pb_row_0 et_pb_row et_block_row\">\n<div class=\"et_pb_column_0 et_pb_column et_pb_column_4_4 et-last-child et_block_column et_pb_css_mix_blend_mode_passthrough\">\n<div class=\"et_pb_text_0 et_pb_text et_pb_bg_layout_light et_pb_module et_block_module preset--module--divi-text--75a373b3-a752-4305-81e8-535fbf8079d6\"><div class=\"et_pb_text_inner\"><h1>Integrazione di MCA Kale<\/h1>\n<\/div><\/div>\n\n<div class=\"et_pb_image_0 et_pb_image et_pb_module et_block_module\"><span class=\"et_pb_image_wrap\"><img decoding=\"async\" src=\"https:\/\/mca-concept.com\/wordpress3\/wp-content\/uploads\/2021\/12\/illustration-entete-qr-facture-mca-kale.png\" width=\"1079\" height=\"348\" srcset=\"https:\/\/mca-concept.com\/wordpress3\/wp-content\/uploads\/2021\/12\/illustration-entete-qr-facture-mca-kale.png 1079w, https:\/\/mca-concept.com\/wordpress3\/wp-content\/uploads\/2021\/12\/illustration-entete-qr-facture-mca-kale-980x316.png 980w, https:\/\/mca-concept.com\/wordpress3\/wp-content\/uploads\/2021\/12\/illustration-entete-qr-facture-mca-kale-480x155.png 480w\" sizes=\"(min-width: 0px) and (max-width: 480px) 480px, (min-width: 481px) and (max-width: 980px) 980px, (min-width: 981px) 1079px, 100vw\" class=\"wp-image-26309\" title=\"Illustrazione dell&#039;intestazione fattura QR\" alt=\"Illustrazione dell&#039;intestazione della funzionalit\u00e0 di fattura QR di MCA-Kale\" \/><\/span><\/div>\n<\/div>\n<\/div>\n<\/div>\n\n<div class=\"et_pb_section_1 et_pb_section et_section_regular et_block_section\">\n<div class=\"et_pb_row_1 et_pb_row et_block_row\">\n<div class=\"et_pb_column_1 et_pb_column et_pb_column_4_4 et-last-child et_block_column et_pb_css_mix_blend_mode_passthrough\">\n<div class=\"et_pb_text_1 et_pb_text et_pb_bg_layout_light et_pb_module et_block_module preset--module--divi-text--75a373b3-a752-4305-81e8-535fbf8079d6\"><div class=\"et_pb_text_inner\"><h2>Integrazione con software di terze parti<\/h2>\n<\/div><\/div>\n\n<div class=\"et_pb_text_2 et_pb_text et_pb_bg_layout_light et_pb_module et_block_module preset--module--divi-text--75a373b3-a752-4305-81e8-535fbf8079d6\"><div class=\"et_pb_text_inner\"><p>Esistono diverse altre soluzioni di gestione aziendale sul mercato, come Dynamics 365, Odoo Entreprise, SAP ERP, ProConcept o Bexio, Abacus, Winbiz, Cr\u00e9sus....<\/p>\n<p>Queste soluzioni funzionano molto bene, ma a volte gli utenti vogliono migliorare le caratteristiche esistenti o aggiungere ulteriori funzionalit\u00e0 per ottimizzare ulteriormente la loro gestione.<\/p>\n<p>A tal fine, MCA Kale offre vari moduli che possono essere utilizzati in aggiunta a una soluzione di gestione di terzi.<br \/>Se utilizzate gi\u00e0 una o pi\u00f9 applicazioni aziendali nella vostra azienda, \u00e8 perfettamente possibile collegare uno o pi\u00f9 moduli di MCA Kale a queste applicazioni: MCA Kale si integra perfettamente con qualsiasi software di terzi.<\/p>\n<p>Ad esempio, se si dispone di un CRM, come Salesforce, Dynamics 365, Oracle, Odoo o SugarCRM, e si desidera migliorarlo con la gestione delle campagne di mailing per la prospezione e l'automazione del marketing, \u00e8 possibile integrare il modulo <a href=\"https:\/\/mca-concept.com\/les-fonctionnalites\/mailing\/\" target=\"_blank\" style=\"color: #0645ad;\" rel=\"noopener\"><br \/>\n  <u>modulo Mailin<\/u><br \/>\n  <span style=\"text-decoration: underline;\">g<\/span><br \/>\n<\/a> al vostro CRM esistente.<\/p>\n<p>Per esempio, se attualmente usate un ERP, come SAP ERP, ProConcept, Abacus Business Software o WInbiz, e volete beneficiare di un CMS per la gestione e il layout di documenti, moduli, statistiche e altri contenuti, \u00e8 possibile integrare il <a href=\"https:\/\/mca-concept.com\/les-fonctionnalites\/cms\/\" target=\"_blank\" style=\"color: #0645ad;\" rel=\"noopener\"><u>Modulo CMS<\/u><\/a>  di MCA Kale al vostro ERP.<\/p>\n<p>La sincronizzazione dei dati tra MCA Kale e il vostro sistema informativo esistente \u00e8 facile da realizzare per un funzionamento regolare e una gestione ottimizzata.<\/p>\n<\/div><\/div>\n<\/div>\n<\/div>\n\n<div class=\"et_pb_row_2 et_pb_row et_block_row\">\n<div class=\"et_pb_column_2 et_pb_column et_pb_column_4_4 et-last-child et_block_column et_pb_css_mix_blend_mode_passthrough\">\n<div class=\"et_pb_text_3 et_pb_text et_pb_bg_layout_light et_pb_module et_block_module preset--module--divi-text--75a373b3-a752-4305-81e8-535fbf8079d6\"><div class=\"et_pb_text_inner\"><h2>Recupero dati<\/h2>\n<\/div><\/div>\n\n<div class=\"et_pb_text_4 et_pb_text et_pb_bg_layout_light et_pb_module et_block_module preset--module--divi-text--75a373b3-a752-4305-81e8-535fbf8079d6\"><div class=\"et_pb_text_inner\"><p>Col tempo, se vi piace MCA Kale e desiderate migrare completamente a MCA Concept per la vostra gestione, il nostro team recuperer\u00e0 facilmente tutti i vostri dati per integrarli in MCA Kale, che vengano da Abacus, SAP, Winbiz, ProConcept...<\/p>\n<p>\u00c8 del tutto possibile effettuare un audit preliminare per valutare le vostre diverse esigenze al fine di definire con voi la soluzione che vi conviene.<\/p>\n<\/div><\/div>\n<\/div>\n<\/div>\n<\/div>\n\n<div class=\"et_pb_section_2 et_pb_section et_section_regular et_block_section\" id=\"Solutions\">\n<div class=\"et_pb_row_3 et_pb_row et_pb_equal_columns et_block_row\">\n<div class=\"et_pb_column_3 et_pb_column et_pb_column_4_4 et-last-child et_block_column et_pb_css_mix_blend_mode_passthrough\">\n<div class=\"et_pb_image_1 et_pb_image et_animated et_pb_module et_block_module\"><a href=\"https:\/\/mca-concept.com\/logiciel-kale\/\"><span class=\"et_pb_image_wrap\"><img decoding=\"async\" src=\"https:\/\/mca-concept.com\/wordpress3\/wp-content\/uploads\/2022\/07\/mca-kale-logo-refait-recadre-300x170.png\" width=\"300\" height=\"170\" srcset=\"https:\/\/mca-concept.com\/wordpress3\/wp-content\/uploads\/2022\/07\/mca-kale-logo-refait-recadre-300x170.png 300w, https:\/\/mca-concept.com\/wordpress3\/wp-content\/uploads\/2022\/07\/mca-kale-logo-refait-recadre-200x113.png 200w, https:\/\/mca-concept.com\/wordpress3\/wp-content\/uploads\/2022\/07\/mca-kale-logo-refait-recadre.png 443w\" sizes=\"(max-width: 300px) 100vw, 300px\" class=\"wp-image-47903\" title=\"MCA Kale, un software completo per PMI e grandi aziende\" alt=\"Logo del software MCA Kale con un grande uccello origami\" \/><\/span><\/a><\/div>\n\n<div class=\"et_pb_text_5 et_pb_text et_pb_bg_layout_light et_pb_module et_block_module\"><div class=\"et_pb_text_inner\"><p style=\"text-align: center;\">Software per grandi aziende<\/p>\n<\/div><\/div>\n\n<div class=\"et_pb_module et_pb_button_module_wrapper et_pb_button_0_wrapper preset--module--divi-button--e6919fb1-d0a4-440c-891a-c76fc3d47025_wrapper\"><a class=\"et_pb_button_0 et_pb_button et_pb_bg_layout_light et_pb_module et_block_module preset--module--divi-button--e6919fb1-d0a4-440c-891a-c76fc3d47025\" href=\"https:\/\/mca-concept.com\/logiciel-kale\/\">Ulteriori informazioni<\/a><\/div>\n<\/div>\n<\/div>\n<\/div>\n\n<div class=\"et_pb_section_3 et_pb_section et_section_regular et_block_section\">\n<div class=\"et_pb_row_4 et_pb_row et_block_row\">\n<div class=\"et_pb_column_4 et_pb_column et_pb_column_4_4 et-last-child et_block_column et_pb_css_mix_blend_mode_passthrough\">\n<div class=\"et_pb_text_6 et_pb_text et_pb_bg_layout_light et_pb_module et_block_module preset--module--divi-text--75a373b3-a752-4305-81e8-535fbf8079d6\"><div class=\"et_pb_text_inner\"><h2>Per riassumere<\/h2>\n<p><strong><\/strong><\/p>\n<p><strong>MCA Kale<\/strong> offre una soluzione <strong>flessibile<\/strong> e complementare per le aziende svizzere che gi\u00e0 utilizzano software gestionali di terze parti come Dynamics 365, Odoo Entreprise, SAP ERP, ProConcept, Bexio, Abacus, Winbiz, Cr\u00e9sus e molti altri.<\/p>\n<p>I moduli offerti da <strong>MCA Kale<\/strong> possono migliorare le <strong>funzionalit\u00e0 esistenti<\/strong> o aggiungere funzioni complementari per una gestione ancora pi\u00f9 ottimizzata.<\/p>\n<p>Che si tratti di potenziare il <strong>CRM<\/strong> con la gestione di campagne di mailing o di integrare un <strong>CMS<\/strong> per gestire documenti, moduli e contenuti, <strong>MCA Kale<\/strong> si integra perfettamente con il <strong>sistema informativo esistente<\/strong>.<\/p>\n<p>La sincronizzazione dei dati tra <strong>MCA Kale<\/strong> e il vostro software di terze parti \u00e8 semplice e garantisce una gestione senza problemi.<\/p>\n<p>Inoltre, se in futuro deciderete di migrare completamente a <strong>MCA Kale<\/strong>, il team di <strong>MCA Concept<\/strong> potr\u00e0 recuperare e integrare tutti i vostri dati, indipendentemente dalla fonte.<\/p>\n<p>Questo approccio <strong>flessibile<\/strong> consente alle aziende di scegliere la soluzione pi\u00f9 adatta alle loro specifiche esigenze di gestione.<\/p>\n<\/div><\/div>\n<\/div>\n<\/div>\n<\/div>","protected":false},"excerpt":{"rendered":"","protected":false},"author":11,"featured_media":0,"parent":0,"menu_order":0,"comment_status":"closed","ping_status":"closed","template":"","meta":{"content-type":"","inline_featured_image":false,"_price":"","_stock":"","_tribe_ticket_header":"","_tribe_default_ticket_provider":"","_tribe_ticket_capacity":"0","_ticket_start_date":"","_ticket_end_date":"","_tribe_ticket_show_description":"","_tribe_ticket_show_not_going":false,"_tribe_ticket_use_global_stock":"","_tribe_ticket_global_stock_level":"","_global_stock_mode":"","_global_stock_cap":"","_tribe_rsvp_for_event":"","_tribe_ticket_going_count":"","_tribe_ticket_not_going_count":"","_tribe_tickets_list":"[]","_tribe_ticket_has_attendee_info_fields":false,"footnotes":"","_tec_slr_enabled":"","_tec_slr_layout":""},"class_list":["post-21679","page","type-page","status-publish","hentry"],"yoast_head":"<!-- This site is optimized with the Yoast SEO Premium plugin v26.1 (Yoast SEO v27.2) - https:\/\/yoast.com\/product\/yoast-seo-premium-wordpress\/ -->\n<title>Integrazione di software di terze parti | MCA Concept | Svizzera<\/title>\n<meta name=\"description\" content=\"Scopri come il software di gestione MCA Kale pu\u00f2 essere integrato con software di terzi. Sincronizzazione, recupero dati.\" \/>\n<meta name=\"robots\" content=\"index, follow, max-snippet:-1, max-image-preview:large, max-video-preview:-1\" \/>\n<link rel=\"canonical\" href=\"https:\/\/mca-concept.com\/it\/integrazione-software\/\" \/>\n<meta property=\"og:locale\" content=\"it_IT\" \/>\n<meta property=\"og:type\" content=\"article\" \/>\n<meta property=\"og:title\" content=\"Integrazione con software di terze parti\" \/>\n<meta property=\"og:description\" content=\"Scopri come il software di gestione MCA Kale pu\u00f2 essere integrato con software di terzi. Sincronizzazione, recupero dati.\" \/>\n<meta property=\"og:url\" content=\"https:\/\/mca-concept.com\/it\/integrazione-software\/\" \/>\n<meta property=\"og:site_name\" content=\"MCA Concept\" \/>\n<meta property=\"article:publisher\" content=\"https:\/\/www.facebook.com\/mcaconcept\/\" \/>\n<meta property=\"article:modified_time\" content=\"2026-03-30T08:54:39+00:00\" \/>\n<meta name=\"twitter:card\" content=\"summary_large_image\" \/>\n<meta name=\"twitter:site\" content=\"@McaConcept\" \/>\n<script type=\"application\/ld+json\" class=\"yoast-schema-graph\">{\"@context\":\"https:\/\/schema.org\",\"@graph\":[{\"@type\":\"WebPage\",\"@id\":\"https:\/\/mca-concept.com\/it\/integrazione-software\/\",\"url\":\"https:\/\/mca-concept.com\/it\/integrazione-software\/\",\"name\":\"Integrazione di software di terze parti | MCA Concept | Svizzera\",\"isPartOf\":{\"@id\":\"https:\/\/mca-concept.com\/it\/#website\"},\"datePublished\":\"2021-11-22T15:28:10+00:00\",\"dateModified\":\"2026-03-30T08:54:39+00:00\",\"description\":\"Scopri come il software di gestione MCA Kale pu\u00f2 essere integrato con software di terzi. Sincronizzazione, recupero dati.\",\"breadcrumb\":{\"@id\":\"https:\/\/mca-concept.com\/it\/integrazione-software\/#breadcrumb\"},\"inLanguage\":\"it-IT\",\"potentialAction\":[{\"@type\":\"ReadAction\",\"target\":[\"https:\/\/mca-concept.com\/it\/integrazione-software\/\"]}]},{\"@type\":\"BreadcrumbList\",\"@id\":\"https:\/\/mca-concept.com\/it\/integrazione-software\/#breadcrumb\",\"itemListElement\":[{\"@type\":\"ListItem\",\"position\":1,\"name\":\"Accueil\",\"item\":\"https:\/\/mca-concept.com\/it\/nuova-casa\/\"},{\"@type\":\"ListItem\",\"position\":2,\"name\":\"Integrazione con software di terze parti\"}]},{\"@type\":\"WebSite\",\"@id\":\"https:\/\/mca-concept.com\/it\/#website\",\"url\":\"https:\/\/mca-concept.com\/it\/\",\"name\":\"MCA Concept\",\"description\":\"Solutions de gestion d&#039;entreprise ERP-CRM-CMS\",\"publisher\":{\"@id\":\"https:\/\/mca-concept.com\/it\/#organization\"},\"potentialAction\":[{\"@type\":\"SearchAction\",\"target\":{\"@type\":\"EntryPoint\",\"urlTemplate\":\"https:\/\/mca-concept.com\/it\/?s={search_term_string}\"},\"query-input\":{\"@type\":\"PropertyValueSpecification\",\"valueRequired\":true,\"valueName\":\"search_term_string\"}}],\"inLanguage\":\"it-IT\"},{\"@type\":\"Organization\",\"@id\":\"https:\/\/mca-concept.com\/it\/#organization\",\"name\":\"MCA Concept\",\"url\":\"https:\/\/mca-concept.com\/it\/\",\"logo\":{\"@type\":\"ImageObject\",\"inLanguage\":\"it-IT\",\"@id\":\"https:\/\/mca-concept.com\/it\/#\/schema\/logo\/image\/\",\"url\":\"https:\/\/mca-concept.com\/wordpress3\/wp-content\/uploads\/2019\/09\/mca-logo300px.png\",\"contentUrl\":\"https:\/\/mca-concept.com\/wordpress3\/wp-content\/uploads\/2019\/09\/mca-logo300px.png\",\"width\":300,\"height\":156,\"caption\":\"MCA Concept\"},\"image\":{\"@id\":\"https:\/\/mca-concept.com\/it\/#\/schema\/logo\/image\/\"},\"sameAs\":[\"https:\/\/www.facebook.com\/mcaconcept\/\",\"https:\/\/x.com\/McaConcept\",\"https:\/\/www.instagram.com\/mcaconcept\/\",\"https:\/\/ch.linkedin.com\/company\/mca-concept\",\"https:\/\/www.youtube.com\/channel\/UC1WT0RmNiTycrnzr6FqDuPg\"]}]}<\/script>\n<!-- \/ Yoast SEO Premium plugin. -->","yoast_head_json":{"title":"Integrazione di software di terze parti | MCA Concept | Svizzera","description":"Scopri come il software di gestione MCA Kale pu\u00f2 essere integrato con software di terzi. Sincronizzazione, recupero dati.","robots":{"index":"index","follow":"follow","max-snippet":"max-snippet:-1","max-image-preview":"max-image-preview:large","max-video-preview":"max-video-preview:-1"},"canonical":"https:\/\/mca-concept.com\/it\/integrazione-software\/","og_locale":"it_IT","og_type":"article","og_title":"Integrazione con software di terze parti","og_description":"Scopri come il software di gestione MCA Kale pu\u00f2 essere integrato con software di terzi. Sincronizzazione, recupero dati.","og_url":"https:\/\/mca-concept.com\/it\/integrazione-software\/","og_site_name":"MCA Concept","article_publisher":"https:\/\/www.facebook.com\/mcaconcept\/","article_modified_time":"2026-03-30T08:54:39+00:00","twitter_card":"summary_large_image","twitter_site":"@McaConcept","schema":{"@context":"https:\/\/schema.org","@graph":[{"@type":"WebPage","@id":"https:\/\/mca-concept.com\/it\/integrazione-software\/","url":"https:\/\/mca-concept.com\/it\/integrazione-software\/","name":"Integrazione di software di terze parti | MCA Concept | Svizzera","isPartOf":{"@id":"https:\/\/mca-concept.com\/it\/#website"},"datePublished":"2021-11-22T15:28:10+00:00","dateModified":"2026-03-30T08:54:39+00:00","description":"Scopri come il software di gestione MCA Kale pu\u00f2 essere integrato con software di terzi. Sincronizzazione, recupero dati.","breadcrumb":{"@id":"https:\/\/mca-concept.com\/it\/integrazione-software\/#breadcrumb"},"inLanguage":"it-IT","potentialAction":[{"@type":"ReadAction","target":["https:\/\/mca-concept.com\/it\/integrazione-software\/"]}]},{"@type":"BreadcrumbList","@id":"https:\/\/mca-concept.com\/it\/integrazione-software\/#breadcrumb","itemListElement":[{"@type":"ListItem","position":1,"name":"Accueil","item":"https:\/\/mca-concept.com\/it\/nuova-casa\/"},{"@type":"ListItem","position":2,"name":"Integrazione con software di terze parti"}]},{"@type":"WebSite","@id":"https:\/\/mca-concept.com\/it\/#website","url":"https:\/\/mca-concept.com\/it\/","name":"MCA Concept","description":"Solutions de gestion d&#039;entreprise ERP-CRM-CMS","publisher":{"@id":"https:\/\/mca-concept.com\/it\/#organization"},"potentialAction":[{"@type":"SearchAction","target":{"@type":"EntryPoint","urlTemplate":"https:\/\/mca-concept.com\/it\/?s={search_term_string}"},"query-input":{"@type":"PropertyValueSpecification","valueRequired":true,"valueName":"search_term_string"}}],"inLanguage":"it-IT"},{"@type":"Organization","@id":"https:\/\/mca-concept.com\/it\/#organization","name":"MCA Concept","url":"https:\/\/mca-concept.com\/it\/","logo":{"@type":"ImageObject","inLanguage":"it-IT","@id":"https:\/\/mca-concept.com\/it\/#\/schema\/logo\/image\/","url":"https:\/\/mca-concept.com\/wordpress3\/wp-content\/uploads\/2019\/09\/mca-logo300px.png","contentUrl":"https:\/\/mca-concept.com\/wordpress3\/wp-content\/uploads\/2019\/09\/mca-logo300px.png","width":300,"height":156,"caption":"MCA Concept"},"image":{"@id":"https:\/\/mca-concept.com\/it\/#\/schema\/logo\/image\/"},"sameAs":["https:\/\/www.facebook.com\/mcaconcept\/","https:\/\/x.com\/McaConcept","https:\/\/www.instagram.com\/mcaconcept\/","https:\/\/ch.linkedin.com\/company\/mca-concept","https:\/\/www.youtube.com\/channel\/UC1WT0RmNiTycrnzr6FqDuPg"]}]}},"ticketed":false,"_links":{"self":[{"href":"https:\/\/mca-concept.com\/it\/wp-json\/wp\/v2\/pages\/21679","targetHints":{"allow":["GET"]}}],"collection":[{"href":"https:\/\/mca-concept.com\/it\/wp-json\/wp\/v2\/pages"}],"about":[{"href":"https:\/\/mca-concept.com\/it\/wp-json\/wp\/v2\/types\/page"}],"author":[{"embeddable":true,"href":"https:\/\/mca-concept.com\/it\/wp-json\/wp\/v2\/users\/11"}],"replies":[{"embeddable":true,"href":"https:\/\/mca-concept.com\/it\/wp-json\/wp\/v2\/comments?post=21679"}],"version-history":[{"count":24,"href":"https:\/\/mca-concept.com\/it\/wp-json\/wp\/v2\/pages\/21679\/revisions"}],"predecessor-version":[{"id":83896,"href":"https:\/\/mca-concept.com\/it\/wp-json\/wp\/v2\/pages\/21679\/revisions\/83896"}],"wp:attachment":[{"href":"https:\/\/mca-concept.com\/it\/wp-json\/wp\/v2\/media?parent=21679"}],"curies":[{"name":"wp","href":"https:\/\/api.w.org\/{rel}","templated":true}]}}