{"id":35787,"date":"2022-03-30T16:00:38","date_gmt":"2022-03-30T14:00:38","guid":{"rendered":"https:\/\/mca-concept.com\/cms-cos-e\/"},"modified":"2023-10-26T15:52:46","modified_gmt":"2023-10-26T13:52:46","slug":"cms-cos-e","status":"publish","type":"page","link":"https:\/\/mca-concept.com\/it\/cms-cos-e\/","title":{"rendered":"Cos&#8217;\u00e8 un CMS? Perch\u00e9 usare un CMS per la sua gestione?"},"content":{"rendered":"<p><div class=\"et_d4_element et_pb_section et_pb_section_0 et_pb_with_background  et_pb_css_mix_blend_mode et_section_regular et_block_section\" >\n\t\t\t\t\n\t\t\t\t\n\t\t\t\t\n\t\t\t\t\n\t\t\t\t\n\t\t\t\t\n\t\t\t\t<div class=\"et_d4_element et_pb_row et_pb_row_0  et_pb_css_mix_blend_mode et_block_row\">\n\t\t\t\t<div class=\"et_d4_element et_pb_column_4_4 et_pb_column et_pb_column_0  et_pb_css_mix_blend_mode et-last-child et_block_column\">\n\t\t\t\t\n\t\t\t\t\n\t\t\t\t\n\t\t\t\t\n\t\t\t\t<div class=\"et_pb_module et_d4_element et_pb_text et_pb_text_0  et_pb_text_align_left et_pb_text_align_center-tablet et_pb_bg_layout_light\">\n\t\t\t\t\n\t\t\t\t\n\t\t\t\t\n\t\t\t\t\n\t\t\t\t<div class=\"et_pb_text_inner\"><h1>Cos'\u00e8 un CMS? Perch\u00e9 usare un CMS per la sua gestione?<\/h1><\/div>\n\t\t\t<\/div>\n\t\t\t<\/div>\n\t\t\t\t\n\t\t\t\t\n\t\t\t\t\n\t\t\t\t\n\t\t\t<\/div><div class=\"et_d4_element et_pb_row et_pb_row_1  et_pb_css_mix_blend_mode et_block_row\">\n\t\t\t\t<div class=\"et_d4_element et_pb_column_4_4 et_pb_column et_pb_column_1  et_pb_css_mix_blend_mode et-last-child et_block_column\">\n\t\t\t\t\n\t\t\t\t\n\t\t\t\t\n\t\t\t\t\n\t\t\t\t<div class=\"et_pb_module et_d4_element et_pb_text et_pb_text_1  et_pb_text_align_left et_pb_text_align_center-tablet et_pb_bg_layout_light\">\n\t\t\t\t\n\t\t\t\t\n\t\t\t\t\n\t\t\t\t\n\t\t\t\t<div class=\"et_pb_text_inner\"><h2>Cos'\u00e8 un CMS?<\/h2><\/div>\n\t\t\t<\/div>\n\t\t\t<\/div>\n\t\t\t\t\n\t\t\t\t\n\t\t\t\t\n\t\t\t\t\n\t\t\t<\/div><div class=\"et_d4_element et_pb_row et_pb_row_2  et_pb_css_mix_blend_mode et_block_row\">\n\t\t\t\t<div class=\"et_d4_element et_pb_column_4_4 et_pb_column et_pb_column_2  et_pb_css_mix_blend_mode et-last-child et_block_column\">\n\t\t\t\t\n\t\t\t\t\n\t\t\t\t\n\t\t\t\t\n\t\t\t\t<div class=\"et_pb_module et_d4_element et_pb_text et_pb_text_2  et_pb_text_align_left et_pb_text_align_center-tablet et_pb_bg_layout_light\">\n\t\t\t\t\n\t\t\t\t\n\t\t\t\t\n\t\t\t\t\n\t\t\t\t<div class=\"et_pb_text_inner\"><p>Il software CMS (abbreviazione di \"Content Management System\") \u00e8 un sistema di creazione e gestione dei contenuti.<\/p>\n<p>Il CMS \u00e8 generalmente utilizzato per la progettazione di siti web o applicazioni mobili, ma \u00e8 anche destinato alla progettazione e manutenzione di documenti, come contratti, fatture o lettere. Include la gestione di modelli di layout e testi predefiniti. Inoltre, permette di creare cruscotti, sondaggi o questionari, e di generare statistiche in diverse forme.<\/p><\/div>\n\t\t\t<\/div>\n\t\t\t<\/div>\n\t\t\t\t\n\t\t\t\t\n\t\t\t\t\n\t\t\t\t\n\t\t\t<\/div><div class=\"et_d4_element et_pb_row et_pb_row_3  et_pb_css_mix_blend_mode et_block_row\">\n\t\t\t\t<div class=\"et_d4_element et_pb_column_4_4 et_pb_column et_pb_column_3  et_pb_css_mix_blend_mode et-last-child et_block_column\">\n\t\t\t\t\n\t\t\t\t\n\t\t\t\t\n\t\t\t\t\n\t\t\t\t<div class=\"et_pb_module et_d4_element et_pb_text et_pb_text_3  et_pb_text_align_left et_pb_text_align_center-tablet et_pb_bg_layout_light\">\n\t\t\t\t\n\t\t\t\t\n\t\t\t\t\n\t\t\t\t\n\t\t\t\t<div class=\"et_pb_text_inner\"><h2>Perch\u00e9 un CMS?<\/h2><\/div>\n\t\t\t<\/div>\n\t\t\t<\/div>\n\t\t\t\t\n\t\t\t\t\n\t\t\t\t\n\t\t\t\t\n\t\t\t<\/div><div class=\"et_d4_element et_pb_row et_pb_row_4  et_pb_css_mix_blend_mode et_block_row\">\n\t\t\t\t<div class=\"et_d4_element et_pb_column_4_4 et_pb_column et_pb_column_4  et_pb_css_mix_blend_mode et-last-child et_block_column\">\n\t\t\t\t\n\t\t\t\t\n\t\t\t\t\n\t\t\t\t\n\t\t\t\t<div class=\"et_pb_module et_d4_element et_pb_text et_pb_text_4  et_pb_text_align_left et_pb_text_align_center-tablet et_pb_bg_layout_light\">\n\t\t\t\t\n\t\t\t\t\n\t\t\t\t\n\t\t\t\t\n\t\t\t\t<div class=\"et_pb_text_inner\"><p>Tra contratti di lavoro, buste paga, fatture e preventivi, un'azienda ha un numero enorme di documenti da redigere e gestire nel corso della sua attivit\u00e0. Grazie al CMS, l'editing dei documenti \u00e8 facilitato dall'uso di modelli di layout e di testo predefiniti e permette all'utente di beneficiare di una documentazione specifica per l'azienda.<\/p><\/div>\n\t\t\t<\/div>\n\t\t\t<\/div>\n\t\t\t\t\n\t\t\t\t\n\t\t\t\t\n\t\t\t\t\n\t\t\t<\/div><div class=\"et_d4_element et_pb_row et_pb_row_5  et_pb_css_mix_blend_mode et_block_row\">\n\t\t\t\t<div class=\"et_d4_element et_pb_column_4_4 et_pb_column et_pb_column_5  et_pb_css_mix_blend_mode et-last-child et_block_column\">\n\t\t\t\t\n\t\t\t\t\n\t\t\t\t\n\t\t\t\t\n\t\t\t\t<div class=\"et_pb_module et_d4_element et_pb_text et_pb_text_5  et_pb_text_align_left et_pb_text_align_center-tablet et_pb_bg_layout_light\">\n\t\t\t\t\n\t\t\t\t\n\t\t\t\t\n\t\t\t\t\n\t\t\t\t<div class=\"et_pb_text_inner\"><h2>CMS vs ERP<\/h2><\/div>\n\t\t\t<\/div>\n\t\t\t<\/div>\n\t\t\t\t\n\t\t\t\t\n\t\t\t\t\n\t\t\t\t\n\t\t\t<\/div><div class=\"et_d4_element et_pb_row et_pb_row_6  et_pb_css_mix_blend_mode et_block_row\">\n\t\t\t\t<div class=\"et_d4_element et_pb_column_4_4 et_pb_column et_pb_column_6  et_pb_css_mix_blend_mode et-last-child et_block_column\">\n\t\t\t\t\n\t\t\t\t\n\t\t\t\t\n\t\t\t\t\n\t\t\t\t<div class=\"et_pb_module et_d4_element et_pb_text et_pb_text_6  et_pb_text_align_left et_pb_text_align_center-tablet et_pb_bg_layout_light\">\n\t\t\t\t\n\t\t\t\t\n\t\t\t\t\n\t\t\t\t\n\t\t\t\t<div class=\"et_pb_text_inner\"><p>Il CMS gestisce specificamente il contenuto dinamico, come siti web, statistiche o documenti. L'<a href=\"https:\/\/mca-concept.com\/erp-cest-quoi\/\"><strong>ERP<\/strong><\/a> gestisce i flussi finanziari di un'azienda legati alle varie transazioni, alla fatturazione o alla contabilit\u00e0.<\/p><\/div>\n\t\t\t<\/div>\n\t\t\t<\/div>\n\t\t\t\t\n\t\t\t\t\n\t\t\t\t\n\t\t\t\t\n\t\t\t<\/div><div class=\"et_d4_element et_pb_row et_pb_row_7  et_pb_css_mix_blend_mode et_block_row\">\n\t\t\t\t<div class=\"et_d4_element et_pb_column_4_4 et_pb_column et_pb_column_7  et_pb_css_mix_blend_mode et-last-child et_block_column\">\n\t\t\t\t\n\t\t\t\t\n\t\t\t\t\n\t\t\t\t\n\t\t\t\t<div class=\"et_pb_module et_d4_element et_pb_text et_pb_text_7  et_pb_text_align_left et_pb_text_align_center-tablet et_pb_bg_layout_light\">\n\t\t\t\t\n\t\t\t\t\n\t\t\t\t\n\t\t\t\t\n\t\t\t\t<div class=\"et_pb_text_inner\"><h2>CMS vs CRM<\/h2><\/div>\n\t\t\t<\/div>\n\t\t\t<\/div>\n\t\t\t\t\n\t\t\t\t\n\t\t\t\t\n\t\t\t\t\n\t\t\t<\/div><div class=\"et_d4_element et_pb_row et_pb_row_8  et_pb_css_mix_blend_mode et_block_row\">\n\t\t\t\t<div class=\"et_d4_element et_pb_column_4_4 et_pb_column et_pb_column_8  et_pb_css_mix_blend_mode et-last-child et_block_column\">\n\t\t\t\t\n\t\t\t\t\n\t\t\t\t\n\t\t\t\t\n\t\t\t\t<div class=\"et_pb_module et_d4_element et_pb_text et_pb_text_8  et_pb_text_align_left et_pb_text_align_center-tablet et_pb_bg_layout_light\">\n\t\t\t\t\n\t\t\t\t\n\t\t\t\t\n\t\t\t\t\n\t\t\t\t<div class=\"et_pb_text_inner\"><p>Mentre il CMS permette la creazione e la gestione di contenuti dinamici, come siti web, cruscotti, statistiche o documentazione, <a href=\"https:\/\/mca-concept.com\/crm-cest-quoi\/\"><strong>CRM<\/strong><\/a>  si occupa di gestire il flusso di informazioni legate alle varie relazioni dell'azienda, come contatti, comunicazioni via e-mail, appuntamenti programmati, richieste di assistenza post-vendita, ecc.<\/p><\/div>\n\t\t\t<\/div>\n\t\t\t<\/div>\n\t\t\t\t\n\t\t\t\t\n\t\t\t\t\n\t\t\t\t\n\t\t\t<\/div><div class=\"et_d4_element et_pb_row et_pb_row_9  et_pb_css_mix_blend_mode et_block_row\">\n\t\t\t\t<div class=\"et_d4_element et_pb_column_4_4 et_pb_column et_pb_column_9  et_pb_css_mix_blend_mode et-last-child et_block_column\">\n\t\t\t\t\n\t\t\t\t\n\t\t\t\t\n\t\t\t\t\n\t\t\t\t<div class=\"et_pb_module et_d4_element et_pb_divider et_pb_divider_0 et_pb_space\"><div class=\"et_pb_divider_internal\"><\/div><\/div>\n\t\t\t<\/div>\n\t\t\t\t\n\t\t\t\t\n\t\t\t\t\n\t\t\t\t\n\t\t\t<\/div><div class=\"et_d4_element et_pb_row et_pb_row_10  et_pb_css_mix_blend_mode et_block_row\">\n\t\t\t\t<div class=\"et_d4_element et_pb_column_4_4 et_pb_column et_pb_column_10  et_pb_css_mix_blend_mode et-last-child et_block_column\">\n\t\t\t\t\n\t\t\t\t\n\t\t\t\t\n\t\t\t\t\n\t\t\t\t<div class=\"et_pb_module et_d4_element et_pb_text et_pb_text_9  et_pb_text_align_left et_pb_text_align_center-tablet et_pb_bg_layout_light\">\n\t\t\t\t\n\t\t\t\t\n\t\t\t\t\n\t\t\t\t\n\t\t\t\t<div class=\"et_pb_text_inner\"><h2>Articolo su questo argomento (disponibile solo in francese)<\/h2><\/div>\n\t\t\t<\/div><div class=\"et_pb_module et_d4_element et_pb_text et_pb_text_10  et_pb_text_align_left et_pb_text_align_center-tablet et_pb_bg_layout_light\">\n\t\t\t\t\n\t\t\t\t\n\t\t\t\t\n\t\t\t\t\n\t\t\t\t<div class=\"et_pb_text_inner\"><p>MCA Time. (Online). 2022. ERP, CRM, CMS, raggruppamento di software... cos'\u00e8? Disponibile: <a href=\"https:\/\/mcatime.com\/erp-crm-cms-regroupement-software-quest-ce-que-cest\/\">https:\/\/mcatime.com\/erp-crm-cms-regroupement-software-quest-ce-que-cest\/<\/a><\/p><\/div>\n\t\t\t<\/div>\n\t\t\t<\/div>\n\t\t\t\t\n\t\t\t\t\n\t\t\t\t\n\t\t\t\t\n\t\t\t<\/div>\n\t\t\t\t\n\t\t\t\t\n\t\t\t<\/div><div class=\"et_d4_element et_pb_section et_pb_section_1  et_pb_css_mix_blend_mode et_section_regular et_block_section\" >\n\t\t\t\t\n\t\t\t\t\n\t\t\t\t\n\t\t\t\t\n\t\t\t\t\n\t\t\t\t\n\t\t\t\t<div class=\"et_d4_element et_pb_row et_pb_row_11  et_pb_css_mix_blend_mode et_block_row\">\n\t\t\t\t<div class=\"et_d4_element et_pb_column_4_4 et_pb_column et_pb_column_11  et_pb_css_mix_blend_mode et-last-child et_block_column\">\n\t\t\t\t\n\t\t\t\t\n\t\t\t\t\n\t\t\t\t\n\t\t\t\t<div class=\"et_pb_module et_d4_element et_pb_text et_pb_text_11  et_pb_text_align_left et_pb_text_align_center-tablet et_pb_bg_layout_light\">\n\t\t\t\t\n\t\t\t\t\n\t\t\t\t\n\t\t\t\t\n\t\t\t\t<div class=\"et_pb_text_inner\"><h2>Per riassumere<\/h2>\n<p>Un <strong>CMS<\/strong> (Content Management System) \u00e8 un software di gestione dei contenuti che svolge un ruolo essenziale nella creazione, gestione e aggiornamento di vari tipi di contenuti, come siti web, documenti, dashboard e molto altro.<\/p>\n<p>Semplifica il processo di creazione dei contenuti offrendo <strong>modelli di layout di pagina predefiniti<\/strong> e funzionalit\u00e0 di <strong>gestione dinamica dei contenuti<\/strong>.<\/p>\n<p>Un <strong>CMS<\/strong> \u00e8 particolarmente utile per le aziende che devono produrre e gestire grandi quantit\u00e0 di contenuti in modo efficiente, mantenendo al contempo la <strong>coerenza visiva e strutturale<\/strong>.<\/p>\n<p>Si differenzia dall'<strong>ERP<\/strong>, che si concentra sui <strong>flussi finanziari<\/strong>, e dal <strong>CRM<\/strong>, che gestisce le <strong>relazioni e le interazioni<\/strong> con gli stakeholder.<\/p>\n<p>Utilizzando un <strong>CMS<\/strong>, un'azienda pu\u00f2 semplificare i processi di <strong>creazione e gestione dei contenuti<\/strong>, migliorando la <strong>produttivit\u00e0<\/strong> e la capacit\u00e0 di <strong>comunicare efficacemente<\/strong> con il proprio pubblico di riferimento.<\/div>\n\t\t\t<\/div>\n\t\t\t<\/div>\n\t\t\t\t\n\t\t\t\t\n\t\t\t\t\n\t\t\t\t\n\t\t\t<\/div><div class=\"et_d4_element et_pb_row et_pb_row_12  et_pb_css_mix_blend_mode et_block_row\">\n\t\t\t\t<div class=\"et_d4_element et_pb_column_4_4 et_pb_column et_pb_column_12  et_pb_css_mix_blend_mode et-last-child et_block_column\">\n\t\t\t\t\n\t\t\t\t\n\t\t\t\t\n\t\t\t\t\n\t\t\t\t<div class=\"et_pb_module et_d4_element et_pb_text et_pb_text_12  et_pb_text_align_left et_pb_bg_layout_light\">\n\t\t\t\t\n\t\t\t\t\n\t\t\t\t\n\t\t\t\t\n\t\t\t\t<div class=\"et_pb_text_inner\"><p>Software ERP, CRM, software gestionale, gestione commerciale, contabilit\u00e0, azioni, PMI, cloud, gestione aziendale, pianificazione, erp, saas, sistema informativo, pacchetti software, erp, pacchetto software, relazioni con i clienti, software di gestione, gestione della produzione, gestione integrata, gestione delle relazioni, e-commerce, pianificazione delle risorse aziendali, soluzione di gestione, soluzioni ERP, pianificazione delle risorse aziendali, integratore, gestione dell'inventario,  Database unico, soluzione ERP, tracciabilit\u00e0, dashboard, gestione delle relazioni con i clienti, fatturazione, implementazione, trading, gestione delle risorse, dinamiche Microsoft, pilota, software gestionale, open source, oracolo, progetto ERP, unicit\u00e0, gestione contabile, Dolibarr, software gestionale, software ERP, le nostre soluzioni, PMI, automazione, parametrizzazione, software di gestione commerciale, operazioni, soluzioni gestionali, TPE, sistema di pianificazione delle risorse aziendali,  SaaS, CEGID, Demo, Automatizzare, Funzionale, ERP e CRM, Pianificazione delle risorse, Scalabile, Pianificazione delle risorse aziendali, EBP, Business Intelligence, Flusso di lavoro, Modulare, Risorse aziendali, ERP open source, Ergonomia, CRM e ERP, BI, Software, Software, Flessibilit\u00e0, Processi aziendali, Integrato, Medie, Piccole e medie imprese, Moduli multipli, Dynamics NAV, Industria, Ambito funzionale, Agilit\u00e0, NAV,  Supply Chain, Project Management, Consulenti, Database, Analytics, Mercato ERP, Gestione Integrata, Gestione Risorse Umane, Reporting, Funzionale, Gestione Acquisti, Contabilit\u00e0, Diversi Moduli, Pacchetto ERP, Microsoft Dynamics NAV, ERP SaaS, Set di Processi, Interfacce, Software di Gestione Aziendale, Reparto IT, Centralizzare, Dynamics Ax, Strumenti di Gestione, Servizi Diversi, Processi Aziendali, Giorno in Tempo Reale,  SAP ERP, copertura funzionale, processo decisionale, openerp, integrato nel software, moduli indipendenti, processi aziendali, soluzione software, magazzini, project manager, dolibarr erp, gestione finanziaria, modulo di gestione, processi aziendali, wms, centralizzato, gestione dell'inventario, supply chain, processi operativi, software aziendale, strumento integrato, specifiche ERP, il tuo business, data entry, controllo di gestione,  Medie imprese, tesoreria, soluzioni software, software aziendale, software CRM, Sage ERP, sistemi ERP, voci, configurabile, flessibile, opensource, tutti i servizi, consulenza, integrato con software, VSE e PMI, processi di lavoro, integrato con software, moduli software, piccole e medie imprese, gestione dei progetti, mySQL, configurazione del software, sviluppatore, risparmiare tempo, implementazione del software,  Centralizzazione, soluzione CRM, EDI, software aziendale, licenze, CEGID ERP, introduzione, numero D Utenti, moduli gestionali, ciclo di vita, reattivit\u00e0, consulente ERP, software di produzione, scritture contabili, applicazioni informatiche, gestione vendite, strumento di gestione, soluzioni CRM, nuove funzionalit\u00e0, integra uno strumento, back office, consente di gestire, software gestionale integrato, che consente di gestire tutto, esigenze specifiche, soluzione completa, collaborativo, buste paga, apparecchiature informatiche, funzionale, contabilit\u00e0,  motore di workflow, sage erp, software publisher, supporto alle decisioni, integratori, automatizzato, enterprise integrato, modulo CRM, gestione dei flussi, software di gestione aziendale, software SAP, software integrato, MRP, PMI PMI, controllo dei costi, soluzione di gestione integrata, gestione dati, JD Edwards, agroalimentare, sviluppi specifici, dematerializzazione, gestione aziendale, filiali, logistica,  migliore gestione, prestashop, moduli specifici, costruzione, erp finanza, societ\u00e0 di software, applicazioni multiple, scalabile, integrato, pacchetto, software logistico, gestione del personale, risparmio di tempo, repository, microsoft dynamics ax, dizionario grande, completo e integrato, terminologia, contabilit\u00e0 e finanza, dizionario terminologico, potrebbe essere integrato, centralizzato, attivit\u00e0 commerciale, competitivo, sql server, gestione ordini<\/p><\/div>\n\t\t\t<\/div>\n\t\t\t<\/div>\n\t\t\t\t\n\t\t\t\t\n\t\t\t\t\n\t\t\t\t\n\t\t\t<\/div>\n\t\t\t\t\n\t\t\t\t\n\t\t\t<\/div><\/p>\n","protected":false},"excerpt":{"rendered":"","protected":false},"author":11,"featured_media":0,"parent":0,"menu_order":0,"comment_status":"closed","ping_status":"closed","template":"","meta":{"content-type":"","inline_featured_image":false,"_price":"","_stock":"","_tribe_ticket_header":"","_tribe_default_ticket_provider":"","_tribe_ticket_capacity":"0","_ticket_start_date":"","_ticket_end_date":"","_tribe_ticket_show_description":"","_tribe_ticket_show_not_going":false,"_tribe_ticket_use_global_stock":"","_tribe_ticket_global_stock_level":"","_global_stock_mode":"","_global_stock_cap":"","_tribe_rsvp_for_event":"","_tribe_ticket_going_count":"","_tribe_ticket_not_going_count":"","_tribe_tickets_list":"[]","_tribe_ticket_has_attendee_info_fields":false,"_et_pb_use_builder":"on","_et_pb_old_content":"","_et_gb_content_width":"","footnotes":"","_tec_slr_enabled":"","_tec_slr_layout":""},"class_list":["post-35787","page","type-page","status-publish","hentry"],"yoast_head":"<!-- This site is optimized with the Yoast SEO Premium plugin v26.1 (Yoast SEO v27.2) - https:\/\/yoast.com\/product\/yoast-seo-premium-wordpress\/ -->\n<title>Cos&#039;\u00e8 un CMS? Perch\u00e9 usarne uno? | MCA Concept<\/title>\n<meta name=\"description\" content=\"Scopri cos&#039;\u00e8 un CMS, perch\u00e9 viene usato e come si differenzia da ERP e CRM.\" \/>\n<meta name=\"robots\" content=\"index, follow, max-snippet:-1, max-image-preview:large, max-video-preview:-1\" \/>\n<link rel=\"canonical\" href=\"https:\/\/mca-concept.com\/it\/cms-cos-e\/\" \/>\n<meta property=\"og:locale\" content=\"it_IT\" \/>\n<meta property=\"og:type\" content=\"article\" \/>\n<meta property=\"og:title\" content=\"Cos&#039;\u00e8 un CMS? Perch\u00e9 usare un CMS per la sua gestione?\" \/>\n<meta property=\"og:description\" content=\"Scopri cos&#039;\u00e8 un CMS, perch\u00e9 viene usato e come si differenzia da ERP e CRM.\" \/>\n<meta property=\"og:url\" content=\"https:\/\/mca-concept.com\/it\/cms-cos-e\/\" \/>\n<meta property=\"og:site_name\" content=\"MCA Concept\" \/>\n<meta property=\"article:publisher\" content=\"https:\/\/www.facebook.com\/mcaconcept\/\" \/>\n<meta property=\"article:modified_time\" content=\"2023-10-26T13:52:46+00:00\" \/>\n<meta name=\"twitter:card\" content=\"summary_large_image\" \/>\n<meta name=\"twitter:site\" content=\"@McaConcept\" \/>\n<meta name=\"twitter:label1\" content=\"Tempo di lettura stimato\" \/>\n\t<meta name=\"twitter:data1\" content=\"8 minuti\" \/>\n<script type=\"application\/ld+json\" class=\"yoast-schema-graph\">{\"@context\":\"https:\/\/schema.org\",\"@graph\":[{\"@type\":\"WebPage\",\"@id\":\"https:\/\/mca-concept.com\/it\/cms-cos-e\/\",\"url\":\"https:\/\/mca-concept.com\/it\/cms-cos-e\/\",\"name\":\"Cos'\u00e8 un CMS? Perch\u00e9 usarne uno? | MCA Concept\",\"isPartOf\":{\"@id\":\"https:\/\/mca-concept.com\/it\/#website\"},\"datePublished\":\"2022-03-30T14:00:38+00:00\",\"dateModified\":\"2023-10-26T13:52:46+00:00\",\"description\":\"Scopri cos'\u00e8 un CMS, perch\u00e9 viene usato e come si differenzia da ERP e CRM.\",\"breadcrumb\":{\"@id\":\"https:\/\/mca-concept.com\/it\/cms-cos-e\/#breadcrumb\"},\"inLanguage\":\"it-IT\",\"potentialAction\":[{\"@type\":\"ReadAction\",\"target\":[\"https:\/\/mca-concept.com\/it\/cms-cos-e\/\"]}]},{\"@type\":\"BreadcrumbList\",\"@id\":\"https:\/\/mca-concept.com\/it\/cms-cos-e\/#breadcrumb\",\"itemListElement\":[{\"@type\":\"ListItem\",\"position\":1,\"name\":\"Accueil\",\"item\":\"https:\/\/mca-concept.com\/it\/nuova-casa\/\"},{\"@type\":\"ListItem\",\"position\":2,\"name\":\"Cos&rsquo;\u00e8 un CMS? Perch\u00e9 usare un CMS per la sua gestione?\"}]},{\"@type\":\"WebSite\",\"@id\":\"https:\/\/mca-concept.com\/it\/#website\",\"url\":\"https:\/\/mca-concept.com\/it\/\",\"name\":\"MCA Concept\",\"description\":\"Solutions de gestion d&#039;entreprise ERP-CRM-CMS\",\"publisher\":{\"@id\":\"https:\/\/mca-concept.com\/it\/#organization\"},\"potentialAction\":[{\"@type\":\"SearchAction\",\"target\":{\"@type\":\"EntryPoint\",\"urlTemplate\":\"https:\/\/mca-concept.com\/it\/?s={search_term_string}\"},\"query-input\":{\"@type\":\"PropertyValueSpecification\",\"valueRequired\":true,\"valueName\":\"search_term_string\"}}],\"inLanguage\":\"it-IT\"},{\"@type\":\"Organization\",\"@id\":\"https:\/\/mca-concept.com\/it\/#organization\",\"name\":\"MCA Concept\",\"url\":\"https:\/\/mca-concept.com\/it\/\",\"logo\":{\"@type\":\"ImageObject\",\"inLanguage\":\"it-IT\",\"@id\":\"https:\/\/mca-concept.com\/it\/#\/schema\/logo\/image\/\",\"url\":\"https:\/\/mca-concept.com\/wordpress3\/wp-content\/uploads\/2019\/09\/mca-logo300px.png\",\"contentUrl\":\"https:\/\/mca-concept.com\/wordpress3\/wp-content\/uploads\/2019\/09\/mca-logo300px.png\",\"width\":300,\"height\":156,\"caption\":\"MCA Concept\"},\"image\":{\"@id\":\"https:\/\/mca-concept.com\/it\/#\/schema\/logo\/image\/\"},\"sameAs\":[\"https:\/\/www.facebook.com\/mcaconcept\/\",\"https:\/\/x.com\/McaConcept\",\"https:\/\/www.instagram.com\/mcaconcept\/\",\"https:\/\/ch.linkedin.com\/company\/mca-concept\",\"https:\/\/www.youtube.com\/channel\/UC1WT0RmNiTycrnzr6FqDuPg\"]}]}<\/script>\n<!-- \/ Yoast SEO Premium plugin. -->","yoast_head_json":{"title":"Cos'\u00e8 un CMS? Perch\u00e9 usarne uno? | MCA Concept","description":"Scopri cos'\u00e8 un CMS, perch\u00e9 viene usato e come si differenzia da ERP e CRM.","robots":{"index":"index","follow":"follow","max-snippet":"max-snippet:-1","max-image-preview":"max-image-preview:large","max-video-preview":"max-video-preview:-1"},"canonical":"https:\/\/mca-concept.com\/it\/cms-cos-e\/","og_locale":"it_IT","og_type":"article","og_title":"Cos'\u00e8 un CMS? Perch\u00e9 usare un CMS per la sua gestione?","og_description":"Scopri cos'\u00e8 un CMS, perch\u00e9 viene usato e come si differenzia da ERP e CRM.","og_url":"https:\/\/mca-concept.com\/it\/cms-cos-e\/","og_site_name":"MCA Concept","article_publisher":"https:\/\/www.facebook.com\/mcaconcept\/","article_modified_time":"2023-10-26T13:52:46+00:00","twitter_card":"summary_large_image","twitter_site":"@McaConcept","twitter_misc":{"Tempo di lettura stimato":"8 minuti"},"schema":{"@context":"https:\/\/schema.org","@graph":[{"@type":"WebPage","@id":"https:\/\/mca-concept.com\/it\/cms-cos-e\/","url":"https:\/\/mca-concept.com\/it\/cms-cos-e\/","name":"Cos'\u00e8 un CMS? Perch\u00e9 usarne uno? | MCA Concept","isPartOf":{"@id":"https:\/\/mca-concept.com\/it\/#website"},"datePublished":"2022-03-30T14:00:38+00:00","dateModified":"2023-10-26T13:52:46+00:00","description":"Scopri cos'\u00e8 un CMS, perch\u00e9 viene usato e come si differenzia da ERP e CRM.","breadcrumb":{"@id":"https:\/\/mca-concept.com\/it\/cms-cos-e\/#breadcrumb"},"inLanguage":"it-IT","potentialAction":[{"@type":"ReadAction","target":["https:\/\/mca-concept.com\/it\/cms-cos-e\/"]}]},{"@type":"BreadcrumbList","@id":"https:\/\/mca-concept.com\/it\/cms-cos-e\/#breadcrumb","itemListElement":[{"@type":"ListItem","position":1,"name":"Accueil","item":"https:\/\/mca-concept.com\/it\/nuova-casa\/"},{"@type":"ListItem","position":2,"name":"Cos&rsquo;\u00e8 un CMS? Perch\u00e9 usare un CMS per la sua gestione?"}]},{"@type":"WebSite","@id":"https:\/\/mca-concept.com\/it\/#website","url":"https:\/\/mca-concept.com\/it\/","name":"MCA Concept","description":"Solutions de gestion d&#039;entreprise ERP-CRM-CMS","publisher":{"@id":"https:\/\/mca-concept.com\/it\/#organization"},"potentialAction":[{"@type":"SearchAction","target":{"@type":"EntryPoint","urlTemplate":"https:\/\/mca-concept.com\/it\/?s={search_term_string}"},"query-input":{"@type":"PropertyValueSpecification","valueRequired":true,"valueName":"search_term_string"}}],"inLanguage":"it-IT"},{"@type":"Organization","@id":"https:\/\/mca-concept.com\/it\/#organization","name":"MCA Concept","url":"https:\/\/mca-concept.com\/it\/","logo":{"@type":"ImageObject","inLanguage":"it-IT","@id":"https:\/\/mca-concept.com\/it\/#\/schema\/logo\/image\/","url":"https:\/\/mca-concept.com\/wordpress3\/wp-content\/uploads\/2019\/09\/mca-logo300px.png","contentUrl":"https:\/\/mca-concept.com\/wordpress3\/wp-content\/uploads\/2019\/09\/mca-logo300px.png","width":300,"height":156,"caption":"MCA Concept"},"image":{"@id":"https:\/\/mca-concept.com\/it\/#\/schema\/logo\/image\/"},"sameAs":["https:\/\/www.facebook.com\/mcaconcept\/","https:\/\/x.com\/McaConcept","https:\/\/www.instagram.com\/mcaconcept\/","https:\/\/ch.linkedin.com\/company\/mca-concept","https:\/\/www.youtube.com\/channel\/UC1WT0RmNiTycrnzr6FqDuPg"]}]}},"ticketed":false,"_links":{"self":[{"href":"https:\/\/mca-concept.com\/it\/wp-json\/wp\/v2\/pages\/35787","targetHints":{"allow":["GET"]}}],"collection":[{"href":"https:\/\/mca-concept.com\/it\/wp-json\/wp\/v2\/pages"}],"about":[{"href":"https:\/\/mca-concept.com\/it\/wp-json\/wp\/v2\/types\/page"}],"author":[{"embeddable":true,"href":"https:\/\/mca-concept.com\/it\/wp-json\/wp\/v2\/users\/11"}],"replies":[{"embeddable":true,"href":"https:\/\/mca-concept.com\/it\/wp-json\/wp\/v2\/comments?post=35787"}],"version-history":[{"count":4,"href":"https:\/\/mca-concept.com\/it\/wp-json\/wp\/v2\/pages\/35787\/revisions"}],"predecessor-version":[{"id":73584,"href":"https:\/\/mca-concept.com\/it\/wp-json\/wp\/v2\/pages\/35787\/revisions\/73584"}],"wp:attachment":[{"href":"https:\/\/mca-concept.com\/it\/wp-json\/wp\/v2\/media?parent=35787"}],"curies":[{"name":"wp","href":"https:\/\/api.w.org\/{rel}","templated":true}]}}