{"id":36134,"date":"2022-04-08T14:44:57","date_gmt":"2022-04-08T12:44:57","guid":{"rendered":"https:\/\/mca-concept.com\/pictus\/"},"modified":"2026-03-30T11:08:06","modified_gmt":"2026-03-30T09:08:06","slug":"pictus","status":"publish","type":"page","link":"https:\/\/mca-concept.com\/it\/pictus\/","title":{"rendered":"Presentazione Pictus"},"content":{"rendered":"<div class=\"et_pb_section_0 et_pb_section et_section_regular et_block_section\">\n<div class=\"et_pb_row_0 et_pb_row et_block_row\">\n<div class=\"et_pb_column_0 et_pb_column et_pb_column_4_4 et-last-child et_block_column et_pb_css_mix_blend_mode_passthrough\">\n<div class=\"et_pb_cta_0 et_pb_promo et_pb_bg_layout_dark et_pb_module et_block_module preset--module--divi-cta--9d25c0da-b491-4be0-a31a-88c8d6ff8e01\"><div class=\"et_pb_promo_description\"><h1 class=\"et_pb_module_header\">Pittogramma<\/h1><div class=\"et_pb_promo_content\"><p>Vi presentiamo il nostro nuovo ambasciatore<\/p>\n<\/div><\/div><\/div>\n<\/div>\n<\/div>\n<\/div>\n\n<div class=\"et_pb_section_1 et_pb_section et_section_regular et_block_section\">\n<div class=\"et_pb_row_1 et_pb_row et_block_row\">\n<div class=\"et_pb_column_1 et_pb_column et_pb_column_4_4 et-last-child et_block_column et_pb_css_mix_blend_mode_passthrough\">\n<div class=\"et_pb_text_0 et_pb_text et_pb_bg_layout_light et_pb_module et_block_module preset--module--divi-text--75a373b3-a752-4305-81e8-535fbf8079d6\"><div class=\"et_pb_text_inner\"><h2>Chi \u00e8 Pictus?<\/h2>\n<\/div><\/div>\n<\/div>\n<\/div>\n\n<div class=\"et_pb_row_2 et_pb_row et_block_row\">\n<div class=\"et_pb_column_2 et_pb_column et_pb_column_4_4 et-last-child et_block_column et_pb_css_mix_blend_mode_passthrough\">\n<div class=\"et_pb_text_1 et_pb_text et_pb_bg_layout_light et_pb_module et_block_module preset--module--divi-text--75a373b3-a752-4305-81e8-535fbf8079d6\"><div class=\"et_pb_text_inner\"><p>Salve, lasciate che mi presenti, il mio nome \u00e8 Pictus e mi sono recentemente unito al team di MCA Concept. Questo \u00e8 il mio background :<\/p>\n<p>Sono nato nel 1993 a La Chaux-de-Fonds. Ho iniziato nel mondo professionale lavorando in una piccola impresa che faceva magliette personalizzate, con diversi temi. E poi, dopo un po' di tempo trascorso a La Chaux-de-Fonds, mi sono reso conto che avevo sete di viaggiare, di scoprire il mondo. Poi ho deciso di prendermi un lungo anno sabbatico per viaggiare per il mondo. Ho esplorato tutti i continenti, scoperto altre culture e vissuto esperienze indimenticabili...<\/p>\n<p>Ma un viaggio cos\u00ec lungo costa denaro. Dopo il mio ritorno in Svizzera, le mie finanze erano in cattive acque. Mentre cercavo un lavoro, mi sono imbattuto in un annuncio di MCA Concept, che cercava una posizione di ambasciatore per le societ\u00e0 MCA Concept e MCA Seed, e il giornale MCA Time. Ho aggiornato il mio CV, ho preparato la mia lettera di presentazione e ho inviato loro la mia candidatura. Buone notizie, la mia domanda \u00e8 stata accettata ! Dopo diversi provini e colloqui con il responsabile marketing, sono stata finalmente assunta come ambasciatrice di MCA Concept.<\/p>\n<p>Ma che seccatura sono state queste audizioni... al primo incontro, il marketing manager mi ha trattato con freddezza perch\u00e9 non avevo indossato una cravatta per il colloquio, in pi\u00f9 il team non era chiaro con le sue idee, il copione per ogni audizione continuava a cambiare. Ho dovuto improvvisare pi\u00f9 di una volta... Ma non preoccupatevi, il mio talento naturale per la comunicazione mi ha permesso di riuscirci a pieni voti.<\/p>\n<p>Come parte del mio lavoro, ho esplorato i siti di MCA Concept per capire di cosa si tratta... Software bundling, ERP, CRM, CMS, cloud hosting, reporting, dematerializzazione, trasformazione digitale... tutti questi termini tecnici mi fanno girare la testa.<\/p>\n<p>Oggi cercher\u00f2 di demistificare tutto questo gergo, perch\u00e9 non tutti hanno passato gli ultimi 20 anni con il naso immerso nel codice del computer a sviluppare e aggiornare software gestionali.<\/p>\n<p>Quindi, se avete domande sul software, la scansione, MCA Concept, ecc, chiedetemi pure !<\/p>\n<\/div><\/div>\n<\/div>\n<\/div>\n<\/div>\n\n<div class=\"et_pb_section_2 et_pb_section et_section_regular et_block_section\">\n<div class=\"et_pb_row_3 et_pb_row et_pb_row_4col et_block_row et_block_row_4col\">\n<div class=\"et_pb_column_3 et_pb_column et_pb_column_1_4 et_block_column et_pb_css_mix_blend_mode_passthrough\">\n<div class=\"et_pb_blurb_0 et_pb_blurb et_pb_bg_layout_light et_pb_text_align_center et_pb_text_align_center-tablet et_pb_text_align_center-phone et_pb_blurb_position_top et_clickable et_pb_module et_block_module capsule\"><div class=\"et_pb_blurb_content\"><div class=\"et_pb_main_blurb_image\"><a href=\"https:\/\/mca-concept.com\/societe\/\"><span class=\"et_pb_image_wrap et_pb_only_image_mode_wrap\"><img decoding=\"async\" src=\"https:\/\/mca-concept.com\/wordpress3\/wp-content\/uploads\/2022\/06\/icone-marque-mca-concept.png\" width=\"113\" height=\"58\" srcset=\"https:\/\/mca-concept.com\/wordpress3\/wp-content\/uploads\/2022\/06\/icone-marque-mca-concept.png 113w\" sizes=\"(max-width: 113px) 100vw, 113px\" class=\"et-waypoint et_pb_animation_top et_pb_animation_top_tablet et_pb_animation_top_phone wp-image-41805\" alt=\"icona dell&#039;azienda MCA Concept\" \/><\/span><\/a><\/div><div class=\"et_pb_blurb_container\"><h3 class=\"et_pb_module_header\"><a href=\"https:\/\/mca-concept.com\/societe\/\">La Societ\u00e0<\/a><\/h3><\/div><\/div><\/div>\n<\/div>\n\n<div class=\"et_pb_column_4 et_pb_column et_pb_column_1_4 et_block_column et_pb_css_mix_blend_mode_passthrough\">\n<div class=\"et_pb_blurb_1 et_pb_blurb et_pb_bg_layout_light et_pb_text_align_center et_pb_text_align_center-tablet et_pb_text_align_center-phone et_pb_blurb_position_top et_clickable et_pb_module et_block_module capsule\"><div class=\"et_pb_blurb_content\"><div class=\"et_pb_main_blurb_image\"><a href=\"https:\/\/mca-concept.com\/partenariats\/\"><span class=\"et_pb_image_wrap\"><span class=\"et-pb-icon et-waypoint et_pb_animation_top et_pb_animation_top_tablet et_pb_animation_top_phone\">\uf2b5<\/span><\/span><\/a><\/div><div class=\"et_pb_blurb_container\"><h3 class=\"et_pb_module_header\"><a href=\"https:\/\/mca-concept.com\/partenariats\/\">Collaborazioni<\/a><\/h3><\/div><\/div><\/div>\n<\/div>\n\n<div class=\"et_pb_column_5 et_pb_column et_pb_column_1_4 et_block_column et_pb_css_mix_blend_mode_passthrough\">\n<div class=\"et_pb_blurb_2 et_pb_blurb et_pb_bg_layout_light et_pb_text_align_center et_pb_text_align_center-tablet et_pb_text_align_center-phone et_pb_blurb_position_top et_clickable et_pb_module et_block_module capsule\"><div class=\"et_pb_blurb_content\"><div class=\"et_pb_main_blurb_image\"><a href=\"https:\/\/mca-concept.com\/pietro\/\"><span class=\"et_pb_image_wrap et_pb_only_image_mode_wrap\"><img decoding=\"async\" src=\"https:\/\/mca-concept.com\/wordpress3\/wp-content\/uploads\/2022\/05\/qr-carte-visite-pietro-bongiovanni-1-300x298.png\" width=\"300\" height=\"298\" srcset=\"https:\/\/mca-concept.com\/wordpress3\/wp-content\/uploads\/2022\/05\/qr-carte-visite-pietro-bongiovanni-1-300x298.png 300w\" class=\"et-waypoint et_pb_animation_top et_pb_animation_top_tablet et_pb_animation_top_phone wp-image-40029\" alt=\"QR code &quot;Carta d&#039;identit\u00e0&quot; | Pietro Bongiovanni\" \/><\/span><\/a><\/div><div class=\"et_pb_blurb_container\"><h3 class=\"et_pb_module_header\"><a href=\"https:\/\/mca-concept.com\/pietro\/\">Biglietto da visita: Pietro Bongiovanni<\/a><\/h3><\/div><\/div><\/div>\n<\/div>\n\n<div class=\"et_pb_column_6 et_pb_column et_pb_column_1_4 et-last-child et_block_column et_pb_css_mix_blend_mode_passthrough\">\n<div class=\"et_pb_blurb_3 et_pb_blurb et_pb_bg_layout_light et_pb_text_align_center et_pb_text_align_center-tablet et_pb_text_align_center-phone et_pb_blurb_position_top et_clickable et_pb_module et_block_module capsule\"><div class=\"et_pb_blurb_content\"><div class=\"et_pb_main_blurb_image\"><a href=\"https:\/\/mca-concept.com\/?page_id=58902\"><span class=\"et_pb_image_wrap\"><span class=\"et-pb-icon et-waypoint et_pb_animation_top et_pb_animation_top_tablet et_pb_animation_top_phone\">\uf007<\/span><\/span><\/a><\/div><div class=\"et_pb_blurb_container\"><h3 class=\"et_pb_module_header\"><a href=\"https:\/\/mca-concept.com\/?page_id=58902\">Biglietto da visita : La\u00ebtitia Molinari<\/a><\/h3><\/div><\/div><\/div>\n<\/div>\n<\/div>\n<\/div>","protected":false},"excerpt":{"rendered":"","protected":false},"author":11,"featured_media":0,"parent":0,"menu_order":0,"comment_status":"closed","ping_status":"closed","template":"","meta":{"content-type":"","inline_featured_image":false,"_price":"","_stock":"","_tribe_ticket_header":"","_tribe_default_ticket_provider":"","_tribe_ticket_capacity":"0","_ticket_start_date":"","_ticket_end_date":"","_tribe_ticket_show_description":"","_tribe_ticket_show_not_going":false,"_tribe_ticket_use_global_stock":"","_tribe_ticket_global_stock_level":"","_global_stock_mode":"","_global_stock_cap":"","_tribe_rsvp_for_event":"","_tribe_ticket_going_count":"","_tribe_ticket_not_going_count":"","_tribe_tickets_list":"[]","_tribe_ticket_has_attendee_info_fields":false,"footnotes":"","_tec_slr_enabled":"","_tec_slr_layout":""},"class_list":["post-36134","page","type-page","status-publish","hentry"],"yoast_head":"<!-- This site is optimized with the Yoast SEO Premium plugin v26.1 (Yoast SEO v27.2) - https:\/\/yoast.com\/product\/yoast-seo-premium-wordpress\/ -->\n<title>Chi \u00e8 Pictus | MCA Concept | Svizzera<\/title>\n<meta name=\"description\" content=\"Scopri chi \u00e8 l&#039;uccello Pictus, il nuovo ambasciatore di MCA Concept.\" \/>\n<meta name=\"robots\" content=\"index, follow, max-snippet:-1, max-image-preview:large, max-video-preview:-1\" \/>\n<link rel=\"canonical\" href=\"https:\/\/mca-concept.com\/it\/pictus\/\" \/>\n<meta property=\"og:locale\" content=\"it_IT\" \/>\n<meta property=\"og:type\" content=\"article\" \/>\n<meta property=\"og:title\" content=\"Presentazione Pictus\" \/>\n<meta property=\"og:description\" content=\"Scopri chi \u00e8 l&#039;uccello Pictus, il nuovo ambasciatore di MCA Concept.\" \/>\n<meta property=\"og:url\" content=\"https:\/\/mca-concept.com\/it\/pictus\/\" \/>\n<meta property=\"og:site_name\" content=\"MCA Concept\" \/>\n<meta property=\"article:publisher\" content=\"https:\/\/www.facebook.com\/mcaconcept\/\" \/>\n<meta property=\"article:modified_time\" content=\"2026-03-30T09:08:06+00:00\" \/>\n<meta name=\"twitter:card\" content=\"summary_large_image\" \/>\n<meta name=\"twitter:site\" content=\"@McaConcept\" \/>\n<script type=\"application\/ld+json\" class=\"yoast-schema-graph\">{\"@context\":\"https:\/\/schema.org\",\"@graph\":[{\"@type\":\"WebPage\",\"@id\":\"https:\/\/mca-concept.com\/it\/pictus\/\",\"url\":\"https:\/\/mca-concept.com\/it\/pictus\/\",\"name\":\"Chi \u00e8 Pictus | MCA Concept | Svizzera\",\"isPartOf\":{\"@id\":\"https:\/\/mca-concept.com\/it\/#website\"},\"datePublished\":\"2022-04-08T12:44:57+00:00\",\"dateModified\":\"2026-03-30T09:08:06+00:00\",\"description\":\"Scopri chi \u00e8 l'uccello Pictus, il nuovo ambasciatore di MCA Concept.\",\"breadcrumb\":{\"@id\":\"https:\/\/mca-concept.com\/it\/pictus\/#breadcrumb\"},\"inLanguage\":\"it-IT\",\"potentialAction\":[{\"@type\":\"ReadAction\",\"target\":[\"https:\/\/mca-concept.com\/it\/pictus\/\"]}]},{\"@type\":\"BreadcrumbList\",\"@id\":\"https:\/\/mca-concept.com\/it\/pictus\/#breadcrumb\",\"itemListElement\":[{\"@type\":\"ListItem\",\"position\":1,\"name\":\"Accueil\",\"item\":\"https:\/\/mca-concept.com\/it\/nuova-casa\/\"},{\"@type\":\"ListItem\",\"position\":2,\"name\":\"Presentazione Pictus\"}]},{\"@type\":\"WebSite\",\"@id\":\"https:\/\/mca-concept.com\/it\/#website\",\"url\":\"https:\/\/mca-concept.com\/it\/\",\"name\":\"MCA Concept\",\"description\":\"Solutions de gestion d&#039;entreprise ERP-CRM-CMS\",\"publisher\":{\"@id\":\"https:\/\/mca-concept.com\/it\/#organization\"},\"potentialAction\":[{\"@type\":\"SearchAction\",\"target\":{\"@type\":\"EntryPoint\",\"urlTemplate\":\"https:\/\/mca-concept.com\/it\/?s={search_term_string}\"},\"query-input\":{\"@type\":\"PropertyValueSpecification\",\"valueRequired\":true,\"valueName\":\"search_term_string\"}}],\"inLanguage\":\"it-IT\"},{\"@type\":\"Organization\",\"@id\":\"https:\/\/mca-concept.com\/it\/#organization\",\"name\":\"MCA Concept\",\"url\":\"https:\/\/mca-concept.com\/it\/\",\"logo\":{\"@type\":\"ImageObject\",\"inLanguage\":\"it-IT\",\"@id\":\"https:\/\/mca-concept.com\/it\/#\/schema\/logo\/image\/\",\"url\":\"https:\/\/mca-concept.com\/wordpress3\/wp-content\/uploads\/2019\/09\/mca-logo300px.png\",\"contentUrl\":\"https:\/\/mca-concept.com\/wordpress3\/wp-content\/uploads\/2019\/09\/mca-logo300px.png\",\"width\":300,\"height\":156,\"caption\":\"MCA Concept\"},\"image\":{\"@id\":\"https:\/\/mca-concept.com\/it\/#\/schema\/logo\/image\/\"},\"sameAs\":[\"https:\/\/www.facebook.com\/mcaconcept\/\",\"https:\/\/x.com\/McaConcept\",\"https:\/\/www.instagram.com\/mcaconcept\/\",\"https:\/\/ch.linkedin.com\/company\/mca-concept\",\"https:\/\/www.youtube.com\/channel\/UC1WT0RmNiTycrnzr6FqDuPg\"]}]}<\/script>\n<!-- \/ Yoast SEO Premium plugin. -->","yoast_head_json":{"title":"Chi \u00e8 Pictus | MCA Concept | Svizzera","description":"Scopri chi \u00e8 l'uccello Pictus, il nuovo ambasciatore di MCA Concept.","robots":{"index":"index","follow":"follow","max-snippet":"max-snippet:-1","max-image-preview":"max-image-preview:large","max-video-preview":"max-video-preview:-1"},"canonical":"https:\/\/mca-concept.com\/it\/pictus\/","og_locale":"it_IT","og_type":"article","og_title":"Presentazione Pictus","og_description":"Scopri chi \u00e8 l'uccello Pictus, il nuovo ambasciatore di MCA Concept.","og_url":"https:\/\/mca-concept.com\/it\/pictus\/","og_site_name":"MCA Concept","article_publisher":"https:\/\/www.facebook.com\/mcaconcept\/","article_modified_time":"2026-03-30T09:08:06+00:00","twitter_card":"summary_large_image","twitter_site":"@McaConcept","schema":{"@context":"https:\/\/schema.org","@graph":[{"@type":"WebPage","@id":"https:\/\/mca-concept.com\/it\/pictus\/","url":"https:\/\/mca-concept.com\/it\/pictus\/","name":"Chi \u00e8 Pictus | MCA Concept | Svizzera","isPartOf":{"@id":"https:\/\/mca-concept.com\/it\/#website"},"datePublished":"2022-04-08T12:44:57+00:00","dateModified":"2026-03-30T09:08:06+00:00","description":"Scopri chi \u00e8 l'uccello Pictus, il nuovo ambasciatore di MCA Concept.","breadcrumb":{"@id":"https:\/\/mca-concept.com\/it\/pictus\/#breadcrumb"},"inLanguage":"it-IT","potentialAction":[{"@type":"ReadAction","target":["https:\/\/mca-concept.com\/it\/pictus\/"]}]},{"@type":"BreadcrumbList","@id":"https:\/\/mca-concept.com\/it\/pictus\/#breadcrumb","itemListElement":[{"@type":"ListItem","position":1,"name":"Accueil","item":"https:\/\/mca-concept.com\/it\/nuova-casa\/"},{"@type":"ListItem","position":2,"name":"Presentazione Pictus"}]},{"@type":"WebSite","@id":"https:\/\/mca-concept.com\/it\/#website","url":"https:\/\/mca-concept.com\/it\/","name":"MCA Concept","description":"Solutions de gestion d&#039;entreprise ERP-CRM-CMS","publisher":{"@id":"https:\/\/mca-concept.com\/it\/#organization"},"potentialAction":[{"@type":"SearchAction","target":{"@type":"EntryPoint","urlTemplate":"https:\/\/mca-concept.com\/it\/?s={search_term_string}"},"query-input":{"@type":"PropertyValueSpecification","valueRequired":true,"valueName":"search_term_string"}}],"inLanguage":"it-IT"},{"@type":"Organization","@id":"https:\/\/mca-concept.com\/it\/#organization","name":"MCA Concept","url":"https:\/\/mca-concept.com\/it\/","logo":{"@type":"ImageObject","inLanguage":"it-IT","@id":"https:\/\/mca-concept.com\/it\/#\/schema\/logo\/image\/","url":"https:\/\/mca-concept.com\/wordpress3\/wp-content\/uploads\/2019\/09\/mca-logo300px.png","contentUrl":"https:\/\/mca-concept.com\/wordpress3\/wp-content\/uploads\/2019\/09\/mca-logo300px.png","width":300,"height":156,"caption":"MCA Concept"},"image":{"@id":"https:\/\/mca-concept.com\/it\/#\/schema\/logo\/image\/"},"sameAs":["https:\/\/www.facebook.com\/mcaconcept\/","https:\/\/x.com\/McaConcept","https:\/\/www.instagram.com\/mcaconcept\/","https:\/\/ch.linkedin.com\/company\/mca-concept","https:\/\/www.youtube.com\/channel\/UC1WT0RmNiTycrnzr6FqDuPg"]}]}},"ticketed":false,"_links":{"self":[{"href":"https:\/\/mca-concept.com\/it\/wp-json\/wp\/v2\/pages\/36134","targetHints":{"allow":["GET"]}}],"collection":[{"href":"https:\/\/mca-concept.com\/it\/wp-json\/wp\/v2\/pages"}],"about":[{"href":"https:\/\/mca-concept.com\/it\/wp-json\/wp\/v2\/types\/page"}],"author":[{"embeddable":true,"href":"https:\/\/mca-concept.com\/it\/wp-json\/wp\/v2\/users\/11"}],"replies":[{"embeddable":true,"href":"https:\/\/mca-concept.com\/it\/wp-json\/wp\/v2\/comments?post=36134"}],"version-history":[{"count":14,"href":"https:\/\/mca-concept.com\/it\/wp-json\/wp\/v2\/pages\/36134\/revisions"}],"predecessor-version":[{"id":84015,"href":"https:\/\/mca-concept.com\/it\/wp-json\/wp\/v2\/pages\/36134\/revisions\/84015"}],"wp:attachment":[{"href":"https:\/\/mca-concept.com\/it\/wp-json\/wp\/v2\/media?parent=36134"}],"curies":[{"name":"wp","href":"https:\/\/api.w.org\/{rel}","templated":true}]}}