{"id":43647,"date":"2022-06-14T15:51:23","date_gmt":"2022-06-14T13:51:23","guid":{"rendered":"https:\/\/mca-concept.com\/flessibilita\/"},"modified":"2023-10-26T15:52:42","modified_gmt":"2023-10-26T13:52:42","slug":"flessibilita","status":"publish","type":"page","link":"https:\/\/mca-concept.com\/it\/flessibilita\/","title":{"rendered":"Flessibilit\u00e0 Landing Page"},"content":{"rendered":"<p><div class=\"et_d4_element et_pb_section et_pb_section_1 et_pb_with_background  et_pb_css_mix_blend_mode et_section_regular et_block_section\" >\n\t\t\t\t\n\t\t\t\t\n\t\t\t\t\n\t\t\t\t\n\t\t\t\t\n\t\t\t\t\n\t\t\t\t<div class=\"et_d4_element et_pb_row et_pb_row_0  et_pb_css_mix_blend_mode et_block_row\">\n\t\t\t\t<div class=\"et_d4_element et_pb_column_4_4 et_pb_column et_pb_column_0  et_pb_css_mix_blend_mode et-last-child et_block_column\">\n\t\t\t\t\n\t\t\t\t\n\t\t\t\t\n\t\t\t\t\n\t\t\t\t<div class=\"et_pb_module et_d4_element et_pb_cta_0 et_pb_promo  et_pb_text_align_center et_pb_bg_layout_dark\">\n\t\t\t\t\n\t\t\t\t\n\t\t\t\t\n\t\t\t\t\n\t\t\t\t<div class=\"et_pb_promo_description\"><h1 class=\"et_pb_module_header\">Flessibilit\u00e0<\/h1><div><h3>Soluzioni che si adattano a qualsiasi cambiamento<\/h3><\/div><\/div>\n\t\t\t\t<div class=\"et_pb_button_wrapper\"><a class=\"et_pb_button et_pb_promo_button\" href=\"https:\/\/mca-concept.com\/formulaire-general\/\" data-icon=\"5\">Richiesta di informazioni<\/a><\/div>\n\t\t\t<\/div>\n\t\t\t<\/div>\n\t\t\t\t\n\t\t\t\t\n\t\t\t\t\n\t\t\t\t\n\t\t\t<\/div>\n\t\t\t\t\n\t\t\t\t\n\t\t\t<\/div><div class=\"et_d4_element et_pb_section et_pb_section_2  et_pb_css_mix_blend_mode et_section_specialty et_block_section\" >\n\t\t\t\t\n\t\t\t\t\n\t\t\t\t\n\t\t\t\t\n\t\t\t\t\n\t\t\t\t<div class=\"et_pb_row et_block_row et_d4_element\">\n\t\t\t\t<div class=\"et_d4_element et_pb_column_2_3 et_pb_column et_pb_column_1   et_pb_specialty_column  et_pb_css_mix_blend_mode et_block_column\">\n\t\t\t\t\n\t\t\t\t\n\t\t\t\t\n\t\t\t\t\n\t\t\t\t<div class=\"et_d4_element et_pb_row_inner et_pb_row_inner_0  et_pb_css_mix_blend_mode et_block_row\">\n\t\t\t\t<div class=\"et_pb_column et_pb_column_4_4 et_d4_element et_pb_column_inner et_pb_column_inner_0  et_pb_css_mix_blend_mode et-last-child et_block_column\">\n\t\t\t\t\n\t\t\t\t\n\t\t\t\t\n\t\t\t\t\n\t\t\t\t<div class=\"et_pb_module et_d4_element et_pb_text et_pb_text_0 et_animated  et_pb_text_align_left et_pb_text_align_center-tablet et_pb_bg_layout_light\">\n\t\t\t\t\n\t\t\t\t\n\t\t\t\t\n\t\t\t\t\n\t\t\t\t<div class=\"et_pb_text_inner\"><h2>Nuove strutture organizzative<\/h2><\/div>\n\t\t\t<\/div><div class=\"et_pb_module et_d4_element et_pb_text et_pb_text_1  et_pb_text_align_left et_pb_text_align_center-tablet et_pb_bg_layout_light\">\n\t\t\t\t\n\t\t\t\t\n\t\t\t\t\n\t\t\t\t\n\t\t\t\t<div class=\"et_pb_text_inner\"><h3><span>Funzioni modulari che si evolvono nel tempo<\/span><span><\/span><\/h3><\/div>\n\t\t\t<\/div><div class=\"et_pb_module et_d4_element et_pb_divider et_pb_divider_0 et_pb_space\"><div class=\"et_pb_divider_internal\"><\/div><\/div><div class=\"et_pb_module et_d4_element et_pb_text et_pb_text_2  et_pb_text_align_left et_pb_text_align_center-tablet et_pb_bg_layout_light\">\n\t\t\t\t\n\t\t\t\t\n\t\t\t\t\n\t\t\t\t\n\t\t\t\t<div class=\"et_pb_text_inner\"><p><span>Con il mutare delle esigenze della vostra azienda, cambiano anche le procedure di lavoro. La scelta di una soluzione cloud offre adattabilit\u00e0 e flessibilit\u00e0 a livello organizzativo dell'azienda grazie a funzioni modulari che possono essere aggiunte man mano che l'azienda si evolve.<\/span><\/p>\n<p>Questo tipo di soluzione viene implementata in un unico ambiente di lavoro, con l'obiettivo di centralizzare tutti i vostri dati utilizzando un'unica piattaforma flessibile e scalabile adatta alle vostre esigenze.<\/p>\n<p>Quando gli strumenti di base non sono pi\u00f9 sufficienti o diventano obsoleti, \u00e8 essenziale rivolgersi a una soluzione compatibile con i vostri diversi sistemi e dotata di tutte le funzionalit\u00e0 necessarie per la vostra crescita.<\/p><\/div>\n\t\t\t<\/div>\n\t\t\t<\/div>\n\t\t\t\t\n\t\t\t\t\n\t\t\t\t\n\t\t\t\t\n\t\t\t<\/div>\n\t\t\t<\/div><div class=\"et_d4_element et_pb_column_1_3 et_pb_column et_pb_column_2    et_pb_css_mix_blend_mode et_block_column\">\n\t\t\t\t\n\t\t\t\t\n\t\t\t\t\n\t\t\t\t\n\t\t\t\t<div class=\"et_pb_module et_d4_element et_pb_text et_pb_text_3  et_pb_text_align_left et_pb_bg_layout_light\">\n\t\t\t\t\n\t\t\t\t\n\t\t\t\t\n\t\t\t\t\n\t\t\t\t\n\t\t\t<\/div>\n\t\t\t<\/div>\n\t\t\t\t<\/div>\n\t\t\t\t\n\t\t\t<\/div><div class=\"et_d4_element et_pb_section et_pb_section_3  et_pb_css_mix_blend_mode et_section_specialty et_block_section\" >\n\t\t\t\t\n\t\t\t\t\n\t\t\t\t\n\t\t\t\t\n\t\t\t\t\n\t\t\t\t<div class=\"et_pb_row et_block_row et_d4_element\">\n\t\t\t\t<div class=\"et_d4_element et_pb_column_1_3 et_pb_column et_pb_column_3    et_pb_css_mix_blend_mode et_block_column\">\n\t\t\t\t\n\t\t\t\t\n\t\t\t\t\n\t\t\t\t\n\t\t\t\t<div class=\"et_pb_module et_d4_element et_pb_text et_pb_text_4  et_pb_text_align_left et_pb_bg_layout_light\">\n\t\t\t\t\n\t\t\t\t\n\t\t\t\t\n\t\t\t\t\n\t\t\t\t\n\t\t\t<\/div>\n\t\t\t<\/div><div class=\"et_d4_element et_pb_column_2_3 et_pb_column et_pb_column_4   et_pb_specialty_column  et_pb_css_mix_blend_mode et-last-child et_block_column\">\n\t\t\t\t\n\t\t\t\t\n\t\t\t\t\n\t\t\t\t\n\t\t\t\t<div class=\"et_d4_element et_pb_row_inner et_pb_row_inner_1  et_pb_css_mix_blend_mode et_block_row\">\n\t\t\t\t<div class=\"et_pb_column et_pb_column_4_4 et_d4_element et_pb_column_inner et_pb_column_inner_1  et_pb_css_mix_blend_mode et-last-child et_block_column\">\n\t\t\t\t\n\t\t\t\t\n\t\t\t\t\n\t\t\t\t\n\t\t\t\t<div class=\"et_pb_module et_d4_element et_pb_text et_pb_text_5 et_animated  et_pb_text_align_left et_pb_text_align_center-tablet et_pb_bg_layout_light\">\n\t\t\t\t\n\t\t\t\t\n\t\t\t\t\n\t\t\t\t\n\t\t\t\t<div class=\"et_pb_text_inner\"><h2>Migliorare le relazioni con i clienti<\/h2><\/div>\n\t\t\t<\/div><div class=\"et_pb_module et_d4_element et_pb_text et_pb_text_6  et_pb_text_align_left et_pb_text_align_center-tablet et_pb_bg_layout_light\">\n\t\t\t\t\n\t\t\t\t\n\t\t\t\t\n\t\t\t\t\n\t\t\t\t<div class=\"et_pb_text_inner\"><h3>Servizi su misura per i vostri clienti<\/h3><\/div>\n\t\t\t<\/div><div class=\"et_pb_module et_d4_element et_pb_divider et_pb_divider_1 et_pb_space\"><div class=\"et_pb_divider_internal\"><\/div><\/div><div class=\"et_pb_module et_d4_element et_pb_text et_pb_text_7  et_pb_text_align_left et_pb_text_align_center-tablet et_pb_bg_layout_light\">\n\t\t\t\t\n\t\t\t\t\n\t\t\t\t\n\t\t\t\t\n\t\t\t\t<div class=\"et_pb_text_inner\"><p><span>Per soddisfare le richieste dei clienti, le aziende devono essere pi\u00f9 flessibili. Poich\u00e9 i vostri clienti sono parte del successo della vostra azienda, \u00e8 importante che rispondiate in modo ottimale alle loro esigenze e richieste.<\/span><\/p>\n<p>Una soluzione gestionale flessibile si adatta alla costante evoluzione del mercato, delle aziende e delle esigenze dei clienti. Facilitare l'interconnessione tra le applicazioni, i dati e tutti i processi consente di avere una visione globale dell'intera azienda, dei clienti e della loro soddisfazione.<\/p>\n<p>La scelta di una soluzione flessibile via cloud offrir\u00e0 servizi personalizzati per migliorare l'analisi del comportamento d'acquisto dei clienti.<\/p><\/div>\n\t\t\t<\/div>\n\t\t\t<\/div>\n\t\t\t\t\n\t\t\t\t\n\t\t\t\t\n\t\t\t\t\n\t\t\t<\/div>\n\t\t\t<\/div>\n\t\t\t\t<\/div>\n\t\t\t\t\n\t\t\t<\/div><div class=\"et_d4_element et_pb_section et_pb_section_4  et_pb_css_mix_blend_mode et_section_specialty et_block_section\" >\n\t\t\t\t\n\t\t\t\t\n\t\t\t\t\n\t\t\t\t\n\t\t\t\t\n\t\t\t\t<div class=\"et_pb_row et_block_row et_d4_element\">\n\t\t\t\t<div class=\"et_d4_element et_pb_column_2_3 et_pb_column et_pb_column_5   et_pb_specialty_column  et_pb_css_mix_blend_mode et_block_column\">\n\t\t\t\t\n\t\t\t\t\n\t\t\t\t\n\t\t\t\t\n\t\t\t\t<div class=\"et_d4_element et_pb_row_inner et_pb_row_inner_2  et_pb_css_mix_blend_mode et_block_row\">\n\t\t\t\t<div class=\"et_pb_column et_pb_column_4_4 et_d4_element et_pb_column_inner et_pb_column_inner_2  et_pb_css_mix_blend_mode et-last-child et_block_column\">\n\t\t\t\t\n\t\t\t\t\n\t\t\t\t\n\t\t\t\t\n\t\t\t\t<div class=\"et_pb_module et_d4_element et_pb_text et_pb_text_8 et_animated  et_pb_text_align_left et_pb_text_align_center-tablet et_pb_bg_layout_light\">\n\t\t\t\t\n\t\t\t\t\n\t\t\t\t\n\t\t\t\t\n\t\t\t\t<div class=\"et_pb_text_inner\"><h2>Migliorare l'efficienza dei dipendenti<\/h2><\/div>\n\t\t\t<\/div><div class=\"et_pb_module et_d4_element et_pb_text et_pb_text_9  et_pb_text_align_left et_pb_text_align_center-tablet et_pb_bg_layout_light\">\n\t\t\t\t\n\t\t\t\t\n\t\t\t\t\n\t\t\t\t\n\t\t\t\t<div class=\"et_pb_text_inner\"><h3>Migliore coordinamento tra i team<\/h3><\/div>\n\t\t\t<\/div><div class=\"et_pb_module et_d4_element et_pb_divider et_pb_divider_2 et_pb_space\"><div class=\"et_pb_divider_internal\"><\/div><\/div><div class=\"et_pb_module et_d4_element et_pb_text et_pb_text_10  et_pb_text_align_left et_pb_text_align_center-tablet et_pb_bg_layout_light\">\n\t\t\t\t\n\t\t\t\t\n\t\t\t\t\n\t\t\t\t\n\t\t\t\t<div class=\"et_pb_text_inner\"><p>Omogeneizzate tutti i dati dei vostri clienti in un unico luogo, aiutando il vostro personale ad avere una panoramica completa di tutte le operazioni aziendali.<\/p>\n<p>L'identificazione rapida delle prestazioni dei diversi processi consente di decidere una linea d'azione per apportare miglioramenti essenziali per il buon funzionamento del team di vendita.rciale.<\/p>\n<p>Una soluzione di gestione flessibile facilita il coordinamento tra i vostri team e vi consente di recuperare pi\u00f9 rapidamente le informazioni per aumentare le prestazioni dei vostri dipendenti.<\/p>\n<p>L'implementazione di una strategia di marketing \u00e8 facilitata dalla comunicazione interna che aiuta a comprendere facilmente le aspettative dei clienti, al fine di proporre offerte promozionali adeguate per fidelizzarli.<\/p><\/div>\n\t\t\t<\/div>\n\t\t\t<\/div>\n\t\t\t\t\n\t\t\t\t\n\t\t\t\t\n\t\t\t\t\n\t\t\t<\/div>\n\t\t\t<\/div><div class=\"et_d4_element et_pb_column_1_3 et_pb_column et_pb_column_6    et_pb_css_mix_blend_mode et_block_column\">\n\t\t\t\t\n\t\t\t\t\n\t\t\t\t\n\t\t\t\t\n\t\t\t\t<div class=\"et_pb_module et_d4_element et_pb_text et_pb_text_11  et_pb_text_align_left et_pb_bg_layout_light\">\n\t\t\t\t\n\t\t\t\t\n\t\t\t\t\n\t\t\t\t\n\t\t\t\t\n\t\t\t<\/div>\n\t\t\t<\/div>\n\t\t\t\t<\/div>\n\t\t\t\t\n\t\t\t<\/div><div class=\"et_d4_element et_pb_section et_pb_section_5 et_pb_with_background  et_pb_css_mix_blend_mode et_section_regular et_block_section\" >\n\t\t\t\t\n\t\t\t\t\n\t\t\t\t\n\t\t\t\t\n\t\t\t\t\n\t\t\t\t\n\t\t\t\t<div class=\"et_d4_element et_pb_row et_pb_row_1  et_pb_css_mix_blend_mode et_block_row\">\n\t\t\t\t<div class=\"et_d4_element et_pb_column_4_4 et_pb_column et_pb_column_7  et_pb_css_mix_blend_mode et-last-child et_block_column\">\n\t\t\t\t\n\t\t\t\t\n\t\t\t\t\n\t\t\t\t\n\t\t\t\t<div class=\"et_pb_button_module_wrapper et_pb_button_0_wrapper et_pb_button_alignment_center et_pb_module \">\n\t\t\t\t<a class=\"et_pb_button et_d4_element et_pb_button_0 et_pb_bg_layout_light et_block_module\" href=\"https:\/\/mca-concept.com\/it\/forma-generale\/\" data-icon=\"5\">Richiesta di informazioni<\/a>\n\t\t\t<\/div>\n\t\t\t<\/div>\n\t\t\t\t\n\t\t\t\t\n\t\t\t\t\n\t\t\t\t\n\t\t\t<\/div>\n\t\t\t\t\n\t\t\t\t\n\t\t\t<\/div><div class=\"et_d4_element et_pb_section et_pb_section_6 et_pb_with_background  et_pb_css_mix_blend_mode et_section_regular et_block_section\" >\n\t\t\t\t\n\t\t\t\t\n\t\t\t\t\n\t\t\t\t\n\t\t\t\t\n\t\t\t\t\n\t\t\t\t<div class=\"et_d4_element et_pb_row et_pb_row_2  et_pb_css_mix_blend_mode et_block_row\">\n\t\t\t\t<div class=\"et_d4_element et_pb_column_4_4 et_pb_column et_pb_column_8  et_pb_css_mix_blend_mode et-last-child et_block_column\">\n\t\t\t\t\n\t\t\t\t\n\t\t\t\t\n\t\t\t\t\n\t\t\t\t<div class=\"et_pb_module et_d4_element et_pb_text et_pb_text_12  et_pb_text_align_left et_pb_text_align_center-tablet et_pb_bg_layout_light\">\n\t\t\t\t\n\t\t\t\t\n\t\t\t\t\n\t\t\t\t\n\t\t\t\t<div class=\"et_pb_text_inner\"><h2>Per riassumere<\/h2>\n<p><span>  La flessibilit\u00e0 \u00e8 diventata un fattore chiave per le aziende in Svizzera e altrove.<\/span><\/p>\n<p><span>Le <\/span><strong>soluzioni di gestione flessibili<\/strong><span> e le soluzioni di gestione scalabili, in particolare quelle basate sul cloud, consentono alle aziende di adattarsi rapidamente ai cambiamenti della loro struttura organizzativa e agli sviluppi del mercato.<\/span><\/p>\n<p><span>Questa flessibilit\u00e0 promuove <\/span><strong>le relazioni con i clienti<\/strong><span> consentendo risposte personalizzate alle esigenze dei clienti, contribuendo cos\u00ec al successo dell'azienda.<\/span><\/p>\n<p><span>Inoltre <\/span><strong>migliora l'efficienza dei dipendenti<\/strong><span> centralizzando i dati e facilitando il coordinamento tra i team.<\/span><\/p>\n<p><span>Investendo in soluzioni flessibili, le aziende possono ottimizzare i propri processi, migliorare la gestione delle risorse e rafforzare la propria posizione sul mercato.<\/span><\/p>\n<p><span>\u00c8 una scelta saggia per gestire la propria attivit\u00e0 in modo pi\u00f9 efficace e per soddisfare le mutevoli aspettative dei clienti.<\/span><\/p><\/div>\n\t\t\t<\/div>\n\t\t\t<\/div>\n\t\t\t\t\n\t\t\t\t\n\t\t\t\t\n\t\t\t\t\n\t\t\t<\/div><div class=\"et_d4_element et_pb_row et_pb_row_3  et_pb_css_mix_blend_mode et_block_row\">\n\t\t\t\t<div class=\"et_d4_element et_pb_column_4_4 et_pb_column et_pb_column_9  et_pb_css_mix_blend_mode et-last-child et_block_column\">\n\t\t\t\t\n\t\t\t\t\n\t\t\t\t\n\t\t\t\t\n\t\t\t\t<div class=\"et_pb_module et_d4_element et_pb_text et_pb_text_13  et_pb_text_align_left et_pb_bg_layout_light\">\n\t\t\t\t\n\t\t\t\t\n\t\t\t\t\n\t\t\t\t\n\t\t\t\t<div class=\"et_pb_text_inner\"><p>Software ERP, CRM, software gestionale, gestione commerciale, contabilit\u00e0, azioni, PMI, cloud, gestione aziendale, pianificazione, erp, saas, sistema informativo, pacchetti software, erp, pacchetto software, relazioni con i clienti, software di gestione, gestione della produzione, gestione integrata, gestione delle relazioni, e-commerce, pianificazione delle risorse aziendali, soluzione di gestione, soluzioni ERP, pianificazione delle risorse aziendali, integratore, gestione dell'inventario,  Database unico, soluzione ERP, tracciabilit\u00e0, dashboard, gestione delle relazioni con i clienti, fatturazione, implementazione, trading, gestione delle risorse, dinamiche Microsoft, pilota, software gestionale, open source, oracolo, progetto ERP, unicit\u00e0, gestione contabile, Dolibarr, software gestionale, software ERP, le nostre soluzioni, PMI, automazione, parametrizzazione, software di gestione commerciale, operazioni, soluzioni gestionali, TPE, sistema di pianificazione delle risorse aziendali,  SaaS, CEGID, Demo, Automatizzare, Funzionale, ERP e CRM, Pianificazione delle risorse, Scalabile, Pianificazione delle risorse aziendali, EBP, Business Intelligence, Flusso di lavoro, Modulare, Risorse aziendali, ERP open source, Ergonomia, CRM e ERP, BI, Software, Software, Flessibilit\u00e0, Processi aziendali, Integrato, Medie, Piccole e medie imprese, Moduli multipli, Dynamics NAV, Industria, Ambito funzionale, Agilit\u00e0, NAV,  Supply Chain, Project Management, Consulenti, Database, Analytics, Mercato ERP, Gestione Integrata, Gestione Risorse Umane, Reporting, Funzionale, Gestione Acquisti, Contabilit\u00e0, Diversi Moduli, Pacchetto ERP, Microsoft Dynamics NAV, ERP SaaS, Set di Processi, Interfacce, Software di Gestione Aziendale, Reparto IT, Centralizzare, Dynamics Ax, Strumenti di Gestione, Servizi Diversi, Processi Aziendali, Giorno in Tempo Reale,  SAP ERP, copertura funzionale, processo decisionale, openerp, integrato nel software, moduli indipendenti, processi aziendali, soluzione software, magazzini, project manager, dolibarr erp, gestione finanziaria, modulo di gestione, processi aziendali, wms, centralizzato, gestione dell'inventario, supply chain, processi operativi, software aziendale, strumento integrato, specifiche ERP, il tuo business, data entry, controllo di gestione,  Medie imprese, tesoreria, soluzioni software, software aziendale, software CRM, Sage ERP, sistemi ERP, voci, configurabile, flessibile, opensource, tutti i servizi, consulenza, integrato con software, VSE e PMI, processi di lavoro, integrato con software, moduli software, piccole e medie imprese, gestione dei progetti, mySQL, configurazione del software, sviluppatore, risparmiare tempo, implementazione del software,  Centralizzazione, soluzione CRM, EDI, software aziendale, licenze, CEGID ERP, introduzione, numero D Utenti, moduli gestionali, ciclo di vita, reattivit\u00e0, consulente ERP, software di produzione, scritture contabili, applicazioni informatiche, gestione vendite, strumento di gestione, soluzioni CRM, nuove funzionalit\u00e0, integra uno strumento, back office, consente di gestire, software gestionale integrato, che consente di gestire tutto, esigenze specifiche, soluzione completa, collaborativo, buste paga, apparecchiature informatiche, funzionale, contabilit\u00e0,  motore di workflow, sage erp, software publisher, supporto alle decisioni, integratori, automatizzato, enterprise integrato, modulo CRM, gestione dei flussi, software di gestione aziendale, software SAP, software integrato, MRP, PMI PMI, controllo dei costi, soluzione di gestione integrata, gestione dati, JD Edwards, agroalimentare, sviluppi specifici, dematerializzazione, gestione aziendale, filiali, logistica,  migliore gestione, prestashop, moduli specifici, costruzione, erp finanza, societ\u00e0 di software, applicazioni multiple, scalabile, integrato, pacchetto, software logistico, gestione del personale, risparmio di tempo, repository, microsoft dynamics ax, dizionario grande, completo e integrato, terminologia, contabilit\u00e0 e finanza, dizionario terminologico, potrebbe essere integrato, centralizzato, attivit\u00e0 commerciale, competitivo, sql server, gestione ordini<\/p><\/div>\n\t\t\t<\/div>\n\t\t\t<\/div>\n\t\t\t\t\n\t\t\t\t\n\t\t\t\t\n\t\t\t\t\n\t\t\t<\/div>\n\t\t\t\t\n\t\t\t\t\n\t\t\t<\/div><\/p>\n","protected":false},"excerpt":{"rendered":"","protected":false},"author":11,"featured_media":0,"parent":0,"menu_order":0,"comment_status":"closed","ping_status":"closed","template":"","meta":{"content-type":"","inline_featured_image":false,"_price":"","_stock":"","_tribe_ticket_header":"","_tribe_default_ticket_provider":"","_tribe_ticket_capacity":"0","_ticket_start_date":"","_ticket_end_date":"","_tribe_ticket_show_description":"","_tribe_ticket_show_not_going":false,"_tribe_ticket_use_global_stock":"","_tribe_ticket_global_stock_level":"","_global_stock_mode":"","_global_stock_cap":"","_tribe_rsvp_for_event":"","_tribe_ticket_going_count":"","_tribe_ticket_not_going_count":"","_tribe_tickets_list":"[]","_tribe_ticket_has_attendee_info_fields":false,"_et_pb_use_builder":"on","_et_pb_old_content":"","_et_gb_content_width":"","footnotes":"","_tec_slr_enabled":"","_tec_slr_layout":""},"class_list":["post-43647","page","type-page","status-publish","hentry"],"yoast_head":"<!-- This site is optimized with the Yoast SEO Premium plugin v26.1 (Yoast SEO v27.2) - https:\/\/yoast.com\/product\/yoast-seo-premium-wordpress\/ -->\n<title>Flessibilit\u00e0 | MCA Concept | Svizzera<\/title>\n<meta name=\"description\" content=\"I vantaggi di una soluzione di gestione flessibile ? Soluzioni che si adattano a qualsiasi cambiamento per migliorare le prestazioni.\" \/>\n<meta name=\"robots\" content=\"index, follow, max-snippet:-1, max-image-preview:large, max-video-preview:-1\" \/>\n<link rel=\"canonical\" href=\"https:\/\/mca-concept.com\/it\/flessibilita\/\" \/>\n<meta property=\"og:locale\" content=\"it_IT\" \/>\n<meta property=\"og:type\" content=\"article\" \/>\n<meta property=\"og:title\" content=\"Flessibilit\u00e0 Landing Page\" \/>\n<meta property=\"og:description\" content=\"I vantaggi di una soluzione di gestione flessibile ? Soluzioni che si adattano a qualsiasi cambiamento per migliorare le prestazioni.\" \/>\n<meta property=\"og:url\" content=\"https:\/\/mca-concept.com\/it\/flessibilita\/\" \/>\n<meta property=\"og:site_name\" content=\"MCA Concept\" \/>\n<meta property=\"article:publisher\" content=\"https:\/\/www.facebook.com\/mcaconcept\/\" \/>\n<meta property=\"article:modified_time\" content=\"2023-10-26T13:52:42+00:00\" \/>\n<meta name=\"twitter:card\" content=\"summary_large_image\" \/>\n<meta name=\"twitter:site\" content=\"@McaConcept\" \/>\n<meta name=\"twitter:label1\" content=\"Tempo di lettura stimato\" \/>\n\t<meta name=\"twitter:data1\" content=\"16 minuti\" \/>\n<script type=\"application\/ld+json\" class=\"yoast-schema-graph\">{\"@context\":\"https:\/\/schema.org\",\"@graph\":[{\"@type\":\"WebPage\",\"@id\":\"https:\/\/mca-concept.com\/it\/flessibilita\/\",\"url\":\"https:\/\/mca-concept.com\/it\/flessibilita\/\",\"name\":\"Flessibilit\u00e0 | MCA Concept | Svizzera\",\"isPartOf\":{\"@id\":\"https:\/\/mca-concept.com\/it\/#website\"},\"datePublished\":\"2022-06-14T13:51:23+00:00\",\"dateModified\":\"2023-10-26T13:52:42+00:00\",\"description\":\"I vantaggi di una soluzione di gestione flessibile ? Soluzioni che si adattano a qualsiasi cambiamento per migliorare le prestazioni.\",\"breadcrumb\":{\"@id\":\"https:\/\/mca-concept.com\/it\/flessibilita\/#breadcrumb\"},\"inLanguage\":\"it-IT\",\"potentialAction\":[{\"@type\":\"ReadAction\",\"target\":[\"https:\/\/mca-concept.com\/it\/flessibilita\/\"]}]},{\"@type\":\"BreadcrumbList\",\"@id\":\"https:\/\/mca-concept.com\/it\/flessibilita\/#breadcrumb\",\"itemListElement\":[{\"@type\":\"ListItem\",\"position\":1,\"name\":\"Accueil\",\"item\":\"https:\/\/mca-concept.com\/it\/nuova-casa\/\"},{\"@type\":\"ListItem\",\"position\":2,\"name\":\"Flessibilit\u00e0 Landing Page\"}]},{\"@type\":\"WebSite\",\"@id\":\"https:\/\/mca-concept.com\/it\/#website\",\"url\":\"https:\/\/mca-concept.com\/it\/\",\"name\":\"MCA Concept\",\"description\":\"Solutions de gestion d&#039;entreprise ERP-CRM-CMS\",\"publisher\":{\"@id\":\"https:\/\/mca-concept.com\/it\/#organization\"},\"potentialAction\":[{\"@type\":\"SearchAction\",\"target\":{\"@type\":\"EntryPoint\",\"urlTemplate\":\"https:\/\/mca-concept.com\/it\/?s={search_term_string}\"},\"query-input\":{\"@type\":\"PropertyValueSpecification\",\"valueRequired\":true,\"valueName\":\"search_term_string\"}}],\"inLanguage\":\"it-IT\"},{\"@type\":\"Organization\",\"@id\":\"https:\/\/mca-concept.com\/it\/#organization\",\"name\":\"MCA Concept\",\"url\":\"https:\/\/mca-concept.com\/it\/\",\"logo\":{\"@type\":\"ImageObject\",\"inLanguage\":\"it-IT\",\"@id\":\"https:\/\/mca-concept.com\/it\/#\/schema\/logo\/image\/\",\"url\":\"https:\/\/mca-concept.com\/wordpress3\/wp-content\/uploads\/2019\/09\/mca-logo300px.png\",\"contentUrl\":\"https:\/\/mca-concept.com\/wordpress3\/wp-content\/uploads\/2019\/09\/mca-logo300px.png\",\"width\":300,\"height\":156,\"caption\":\"MCA Concept\"},\"image\":{\"@id\":\"https:\/\/mca-concept.com\/it\/#\/schema\/logo\/image\/\"},\"sameAs\":[\"https:\/\/www.facebook.com\/mcaconcept\/\",\"https:\/\/x.com\/McaConcept\",\"https:\/\/www.instagram.com\/mcaconcept\/\",\"https:\/\/ch.linkedin.com\/company\/mca-concept\",\"https:\/\/www.youtube.com\/channel\/UC1WT0RmNiTycrnzr6FqDuPg\"]}]}<\/script>\n<!-- \/ Yoast SEO Premium plugin. -->","yoast_head_json":{"title":"Flessibilit\u00e0 | MCA Concept | Svizzera","description":"I vantaggi di una soluzione di gestione flessibile ? Soluzioni che si adattano a qualsiasi cambiamento per migliorare le prestazioni.","robots":{"index":"index","follow":"follow","max-snippet":"max-snippet:-1","max-image-preview":"max-image-preview:large","max-video-preview":"max-video-preview:-1"},"canonical":"https:\/\/mca-concept.com\/it\/flessibilita\/","og_locale":"it_IT","og_type":"article","og_title":"Flessibilit\u00e0 Landing Page","og_description":"I vantaggi di una soluzione di gestione flessibile ? Soluzioni che si adattano a qualsiasi cambiamento per migliorare le prestazioni.","og_url":"https:\/\/mca-concept.com\/it\/flessibilita\/","og_site_name":"MCA Concept","article_publisher":"https:\/\/www.facebook.com\/mcaconcept\/","article_modified_time":"2023-10-26T13:52:42+00:00","twitter_card":"summary_large_image","twitter_site":"@McaConcept","twitter_misc":{"Tempo di lettura stimato":"16 minuti"},"schema":{"@context":"https:\/\/schema.org","@graph":[{"@type":"WebPage","@id":"https:\/\/mca-concept.com\/it\/flessibilita\/","url":"https:\/\/mca-concept.com\/it\/flessibilita\/","name":"Flessibilit\u00e0 | MCA Concept | Svizzera","isPartOf":{"@id":"https:\/\/mca-concept.com\/it\/#website"},"datePublished":"2022-06-14T13:51:23+00:00","dateModified":"2023-10-26T13:52:42+00:00","description":"I vantaggi di una soluzione di gestione flessibile ? Soluzioni che si adattano a qualsiasi cambiamento per migliorare le prestazioni.","breadcrumb":{"@id":"https:\/\/mca-concept.com\/it\/flessibilita\/#breadcrumb"},"inLanguage":"it-IT","potentialAction":[{"@type":"ReadAction","target":["https:\/\/mca-concept.com\/it\/flessibilita\/"]}]},{"@type":"BreadcrumbList","@id":"https:\/\/mca-concept.com\/it\/flessibilita\/#breadcrumb","itemListElement":[{"@type":"ListItem","position":1,"name":"Accueil","item":"https:\/\/mca-concept.com\/it\/nuova-casa\/"},{"@type":"ListItem","position":2,"name":"Flessibilit\u00e0 Landing Page"}]},{"@type":"WebSite","@id":"https:\/\/mca-concept.com\/it\/#website","url":"https:\/\/mca-concept.com\/it\/","name":"MCA Concept","description":"Solutions de gestion d&#039;entreprise ERP-CRM-CMS","publisher":{"@id":"https:\/\/mca-concept.com\/it\/#organization"},"potentialAction":[{"@type":"SearchAction","target":{"@type":"EntryPoint","urlTemplate":"https:\/\/mca-concept.com\/it\/?s={search_term_string}"},"query-input":{"@type":"PropertyValueSpecification","valueRequired":true,"valueName":"search_term_string"}}],"inLanguage":"it-IT"},{"@type":"Organization","@id":"https:\/\/mca-concept.com\/it\/#organization","name":"MCA Concept","url":"https:\/\/mca-concept.com\/it\/","logo":{"@type":"ImageObject","inLanguage":"it-IT","@id":"https:\/\/mca-concept.com\/it\/#\/schema\/logo\/image\/","url":"https:\/\/mca-concept.com\/wordpress3\/wp-content\/uploads\/2019\/09\/mca-logo300px.png","contentUrl":"https:\/\/mca-concept.com\/wordpress3\/wp-content\/uploads\/2019\/09\/mca-logo300px.png","width":300,"height":156,"caption":"MCA Concept"},"image":{"@id":"https:\/\/mca-concept.com\/it\/#\/schema\/logo\/image\/"},"sameAs":["https:\/\/www.facebook.com\/mcaconcept\/","https:\/\/x.com\/McaConcept","https:\/\/www.instagram.com\/mcaconcept\/","https:\/\/ch.linkedin.com\/company\/mca-concept","https:\/\/www.youtube.com\/channel\/UC1WT0RmNiTycrnzr6FqDuPg"]}]}},"ticketed":false,"_links":{"self":[{"href":"https:\/\/mca-concept.com\/it\/wp-json\/wp\/v2\/pages\/43647","targetHints":{"allow":["GET"]}}],"collection":[{"href":"https:\/\/mca-concept.com\/it\/wp-json\/wp\/v2\/pages"}],"about":[{"href":"https:\/\/mca-concept.com\/it\/wp-json\/wp\/v2\/types\/page"}],"author":[{"embeddable":true,"href":"https:\/\/mca-concept.com\/it\/wp-json\/wp\/v2\/users\/11"}],"replies":[{"embeddable":true,"href":"https:\/\/mca-concept.com\/it\/wp-json\/wp\/v2\/comments?post=43647"}],"version-history":[{"count":17,"href":"https:\/\/mca-concept.com\/it\/wp-json\/wp\/v2\/pages\/43647\/revisions"}],"predecessor-version":[{"id":73597,"href":"https:\/\/mca-concept.com\/it\/wp-json\/wp\/v2\/pages\/43647\/revisions\/73597"}],"wp:attachment":[{"href":"https:\/\/mca-concept.com\/it\/wp-json\/wp\/v2\/media?parent=43647"}],"curies":[{"name":"wp","href":"https:\/\/api.w.org\/{rel}","templated":true}]}}