{"id":5312,"date":"2021-02-09T11:58:50","date_gmt":"2021-02-09T10:58:50","guid":{"rendered":"https:\/\/mca-concept.com\/e-fattura\/"},"modified":"2026-03-30T08:42:14","modified_gmt":"2026-03-30T06:42:14","slug":"scadenza-uffici-ai","status":"publish","type":"page","link":"https:\/\/mca-concept.com\/it\/le-funzionalita\/scadenza-uffici-ai\/","title":{"rendered":"Fattura elettronica"},"content":{"rendered":"\n<div class=\"et_pb_section_0 et_pb_section et_section_regular et_block_section\"><div class=\"et_pb_row_0 et_pb_row et_block_row\"><div class=\"et_pb_column_0 et_pb_column et_pb_column_4_4 et-last-child et_block_column et_pb_css_mix_blend_mode_passthrough\"><div class=\"et_pb_text_0 et_pb_text et_pb_bg_layout_light et_pb_module et_block_module preset--module--divi-text--75a373b3-a752-4305-81e8-535fbf8079d6\"><div class=\"et_pb_text_inner\"><h1>Fatturazione elettronica tramite MCA Kale<\/h1>\n<\/div><\/div><div class=\"et_pb_image_0 et_pb_image et_pb_module et_block_module\"><span class=\"et_pb_image_wrap\"><img decoding=\"async\" src=\"https:\/\/mca-concept.com\/wordpress3\/wp-content\/uploads\/2021\/12\/illustration-entete-qr-facture-mca-kale.png\" width=\"1079\" height=\"348\" srcset=\"https:\/\/mca-concept.com\/wordpress3\/wp-content\/uploads\/2021\/12\/illustration-entete-qr-facture-mca-kale.png 1079w, https:\/\/mca-concept.com\/wordpress3\/wp-content\/uploads\/2021\/12\/illustration-entete-qr-facture-mca-kale-980x316.png 980w, https:\/\/mca-concept.com\/wordpress3\/wp-content\/uploads\/2021\/12\/illustration-entete-qr-facture-mca-kale-480x155.png 480w\" sizes=\"(min-width: 0px) and (max-width: 480px) 480px, (min-width: 481px) and (max-width: 980px) 980px, (min-width: 981px) 1079px, 100vw\" class=\"wp-image-26309\" title=\"Illustrazione dell&#039;intestazione fattura QR\" alt=\"Illustrazione dell&#039;intestazione della funzionalit\u00e0 di fattura QR di MCA-Kale\" \/><\/span><\/div><\/div><\/div><\/div><div class=\"et_pb_section_1 et_pb_section et_section_regular et_block_section\"><div class=\"et_pb_row_1 et_pb_row et_block_row\"><div class=\"et_pb_column_1 et_pb_column et_pb_column_1_3 et_block_column et_pb_css_mix_blend_mode_passthrough\"><div class=\"et_pb_image_1 et_pb_image et_pb_module et_block_module\"><span class=\"et_pb_image_wrap\"><img decoding=\"async\" src=\"https:\/\/mca-concept.com\/wordpress3\/wp-content\/uploads\/2021\/02\/illustration-fonctionnement-e-facture-mca-kale-scaled.jpg\" title=\"Illustrazione operazione fattura elettronica\" alt=\"Illustrazione del funzionamento della e-fattura in MCA Kale\" \/><\/span><\/div><\/div><div class=\"et_pb_column_2 et_pb_column et_pb_column_2_3 et-last-child et_block_column et_pb_css_mix_blend_mode_passthrough\"><div class=\"et_pb_text_1 et_pb_text et_pb_bg_layout_light et_pb_module et_block_module preset--module--divi-text--75a373b3-a752-4305-81e8-535fbf8079d6\"><div class=\"et_pb_text_inner\"><h2>Una nuova soluzione di fatturazione<\/h2>\n<\/div><\/div><div class=\"et_pb_text_2 et_pb_text et_pb_bg_layout_light et_pb_module et_block_module preset--module--divi-text--75a373b3-a752-4305-81e8-535fbf8079d6\"><div class=\"et_pb_text_inner\"><p>La fatturazione svizzera sta assumendo un nuovo volto: la fattura elettronica, o e-fattura, sta sostituendo le fatture cartacee.<\/p>\n<p>Come suggerisce il nome, una e-fattura \u00e8 una fattura che pu\u00f2 essere emessa o ricevuta elettronicamente.<\/p>\n<p>Come la QR-fattura, l'e-fattura fa parte della modernizzazione in corso delle operazioni di pagamento dopo l'introduzione dello standard <a href=\"https:\/\/mca-concept.com\/les-fonctionnalites\/webservice\/#ISO20022\" target=\"\u201d_blank\u201d\" rel=\"noopener\">ISO 20022<\/a>. E porta con s\u00e9 molti vantaggi:<\/p>\n<\/div><\/div><div class=\"et_pb_text_3 et_pb_text et_pb_bg_layout_light et_pb_module et_block_module preset--module--divi-text--75a373b3-a752-4305-81e8-535fbf8079d6\"><div class=\"et_pb_text_inner\"><h3>Risparmio di tempo<\/h3>\n<\/div><\/div><div class=\"et_pb_text_4 et_pb_text et_pb_bg_layout_light et_pb_module et_block_module preset--module--divi-text--75a373b3-a752-4305-81e8-535fbf8079d6\"><div class=\"et_pb_text_inner\"><p>Il processo di fatturazione \u00e8 semplificato: niente pi\u00f9 stampa, spedizione, controllo, inserimento e convalida delle fatture, ora bastano pochi clic per una fatturazione sicura. Le fatture vengono elaborate e archiviate automaticamente e possono essere consultate in qualsiasi momento.<\/p>\n<\/div><\/div><div class=\"et_pb_text_5 et_pb_text et_pb_bg_layout_light et_pb_module et_block_module preset--module--divi-text--75a373b3-a752-4305-81e8-535fbf8079d6\"><div class=\"et_pb_text_inner\"><h3>Covid-19<\/h3>\n<\/div><\/div><div class=\"et_pb_text_6 et_pb_text et_pb_bg_layout_light et_pb_module et_block_module preset--module--divi-text--75a373b3-a752-4305-81e8-535fbf8079d6\"><div class=\"et_pb_text_inner\"><p>L'epidemia di coronavirus che stiamo vivendo attualmente incoraggia la digitalizzazione, \u00e8 necessario ridurre il contatto fisico il pi\u00f9 possibile per fermare la sua diffusione. Ridurre la quantit\u00e0 di documenti fisici usati dalla vostra azienda \u00e8 un modo per raggiungere questo obiettivo. La e-fattura aiuta cos\u00ec a ridurre il rischio di trasmissione di COVID-19 poich\u00e9 le fatture non passano pi\u00f9 di mano in mano.<\/p>\n<\/div><\/div><div class=\"et_pb_text_7 et_pb_text et_pb_bg_layout_light et_pb_module et_block_module preset--module--divi-text--75a373b3-a752-4305-81e8-535fbf8079d6\"><div class=\"et_pb_text_inner\"><h3>Telelavoro<\/h3>\n<\/div><\/div><div class=\"et_pb_text_8 et_pb_text et_pb_bg_layout_light et_pb_module et_block_module preset--module--divi-text--75a373b3-a752-4305-81e8-535fbf8079d6\"><div class=\"et_pb_text_inner\"><p>La fatturazione elettronica facilita il telelavoro perch\u00e9 permette a te e ai tuoi dipendenti di accedere facilmente alle fatture da casa dalle varie piattaforme.<\/p>\n<\/div><\/div><div class=\"et_pb_text_9 et_pb_text et_pb_bg_layout_light et_pb_module et_block_module preset--module--divi-text--75a373b3-a752-4305-81e8-535fbf8079d6\"><div class=\"et_pb_text_inner\"><h3>Ambiente<\/h3>\n<\/div><\/div><div class=\"et_pb_text_10 et_pb_text et_pb_bg_layout_light et_pb_module et_block_module preset--module--divi-text--75a373b3-a752-4305-81e8-535fbf8079d6\"><div class=\"et_pb_text_inner\"><p>Risparmiare carta con l'e-fattura fa bene all'ambiente perch\u00e9 aiuta a ridurre l'impronta di carbonio della tua azienda.<\/p>\n<\/div><\/div><div class=\"et_pb_text_11 et_pb_text et_pb_bg_layout_light et_pb_module et_block_module preset--module--divi-text--75a373b3-a752-4305-81e8-535fbf8079d6\"><div class=\"et_pb_text_inner\"><h2>Requisito federale<\/h2>\n<\/div><\/div><div class=\"et_pb_text_12 et_pb_text et_pb_bg_layout_light et_pb_module et_block_module preset--module--divi-text--75a373b3-a752-4305-81e8-535fbf8079d6\"><div class=\"et_pb_text_inner\"><p>La fatturazione elettronica diventer\u00e0 presto un requisito federale per tutte le relazioni commerciali. Le fatture cartacee si aggiungeranno presto ai fax nelle gallerie dei musei.<\/p>\n<p>Passare all'e-fattura adesso porter\u00e0 la tua azienda a modernizzare il traffico dei pagamenti e a renderla pronta per i cambiamenti di domani.<\/p>\n<\/div><\/div><div class=\"et_pb_text_13 et_pb_text et_pb_bg_layout_light et_pb_module et_block_module preset--module--divi-text--75a373b3-a752-4305-81e8-535fbf8079d6\"><div class=\"et_pb_text_inner\"><h2>Sfida: evolvere nell'amministrazione<\/h2>\n<\/div><\/div><div class=\"et_pb_text_14 et_pb_text et_pb_bg_layout_light et_pb_module et_block_module preset--module--divi-text--75a373b3-a752-4305-81e8-535fbf8079d6\"><div class=\"et_pb_text_inner\"><p>Desiderate passare alla fatturazione elettronica gi\u00e0 da ora? MCA Concept, un partner che vi aiuta a stabilire un'agenda nelle diverse fasi della trasformazione digitale.<\/p>\n<\/div><\/div><div class=\"et_pb_text_15 et_pb_text et_pb_bg_layout_light et_pb_module et_block_module preset--module--divi-text--75a373b3-a752-4305-81e8-535fbf8079d6\"><div class=\"et_pb_text_inner\"><h2>Le domande giuste a porsi :<\/h2>\n<\/div><\/div><div class=\"et_pb_text_16 et_pb_text et_pb_bg_layout_light et_pb_module et_block_module preset--module--divi-text--75a373b3-a752-4305-81e8-535fbf8079d6\"><div class=\"et_pb_text_inner\"><ul>\n<ul>\n<li>Stima del volume di lavoro<\/li>\n<li>Come riorganizzare l'amministrazione in modo da evitare di cadere in soluzioni di gesso<\/li>\n<li>Valutazione del prezzo<\/li>\n<\/ul>\n<\/ul>\n<\/div><\/div><div class=\"et_pb_text_17 et_pb_text et_pb_bg_layout_light et_pb_module et_block_module preset--module--divi-text--75a373b3-a752-4305-81e8-535fbf8079d6\"><div class=\"et_pb_text_inner\"><h2>Solution<\/h2>\n<\/div><\/div><div class=\"et_pb_text_18 et_pb_text et_pb_bg_layout_light et_pb_module et_block_module preset--module--divi-text--75a373b3-a752-4305-81e8-535fbf8079d6\"><div class=\"et_pb_text_inner\"><p>MCA Concept ha sviluppato il software di gestione MCA Kale, un insieme di moduli che vi offrono la possibilit\u00e0 di utilizzare le ultime tecnologie come :<\/p>\n<ul>\n<ul>\n<li>E-fattura<\/li>\n<li><a href=\"https:\/\/mca-concept.com\/les-fonctionnalites\/qr-facture\/\" target=\"\u201d_blank\u201d\" rel=\"noopener\"> QR code<\/a><\/li>\n<li><a href=\"https:\/\/mca-concept.com\/les-fonctionnalites\/erp\/\" target=\"\u201d_blank\u201d\" rel=\"noopener\"> Integrazione diretta in contabilit\u00e0<\/a><\/li>\n<li>Collegamento diretto al vostro sito web per <a href=\"https:\/\/mca-concept.com\/les-fonctionnalites\/booking\/\" target=\"\u201d_blank\u201d\" rel=\"noopener\">la presa di appuntamenti<\/a> e la <a href=\"https:\/\/mca-concept.com\/les-fonctionnalites\/planning\/\" target=\"\u201d_blank\u201d\" rel=\"noopener\">gestione del calendario<\/a><\/li>\n<\/ul>\n<\/ul>\n<\/div><\/div><\/div><\/div><div class=\"et_pb_row_2 et_pb_row et_block_row\"><div class=\"et_pb_column_3 et_pb_column et_pb_column_1_2 et_block_column et_pb_css_mix_blend_mode_passthrough\"><div class=\"et_pb_module et_pb_button_module_wrapper et_pb_button_0_wrapper preset--module--divi-button--e6919fb1-d0a4-440c-891a-c76fc3d47025_wrapper\"><a class=\"et_pb_button_0 et_pb_button et_pb_bg_layout_light et_pb_module et_block_module preset--module--divi-button--e6919fb1-d0a4-440c-891a-c76fc3d47025\" href=\"https:\/\/mca-concept.com\/formulaire-information-efacture\/\">Per saperne di pi\u00f9 sulla e-fattura<\/a><\/div><\/div><div class=\"et_pb_column_4 et_pb_column et_pb_column_1_2 et-last-child et_block_column et_pb_css_mix_blend_mode_passthrough\"><div class=\"et_pb_module et_pb_button_module_wrapper et_pb_button_1_wrapper preset--module--divi-button--e6919fb1-d0a4-440c-891a-c76fc3d47025_wrapper\"><a class=\"et_pb_button_1 et_pb_button et_pb_bg_layout_light et_pb_module et_block_module preset--module--divi-button--e6919fb1-d0a4-440c-891a-c76fc3d47025\" href=\"https:\/\/mca-concept.com\/article-e-facture\/\">Vedi il nostro articolo d&#039;attualit\u00e0 su questo argomento<\/a><\/div><\/div><\/div><\/div><div class=\"et_pb_section_2 et_pb_section et_section_regular et_block_section\" id=\"Solutions\"><div class=\"et_pb_row_3 et_pb_row et_pb_equal_columns et_block_row\"><div class=\"et_pb_column_5 et_pb_column et_pb_column_1_2 et_block_column et_pb_css_mix_blend_mode_passthrough\"><div class=\"et_pb_image_2 et_pb_image et_animated et_pb_module et_block_module\"><a href=\"https:\/\/mca-concept.com\/logiciel-kale\/\"><span class=\"et_pb_image_wrap\"><img decoding=\"async\" src=\"https:\/\/mca-concept.com\/wordpress3\/wp-content\/uploads\/2022\/07\/mca-kale-logo-refait-recadre-300x170.png\" width=\"300\" height=\"170\" srcset=\"https:\/\/mca-concept.com\/wordpress3\/wp-content\/uploads\/2022\/07\/mca-kale-logo-refait-recadre-300x170.png 300w, https:\/\/mca-concept.com\/wordpress3\/wp-content\/uploads\/2022\/07\/mca-kale-logo-refait-recadre-200x113.png 200w, https:\/\/mca-concept.com\/wordpress3\/wp-content\/uploads\/2022\/07\/mca-kale-logo-refait-recadre.png 443w\" sizes=\"(max-width: 300px) 100vw, 300px\" class=\"wp-image-47903\" title=\"MCA Kale, un software completo per PMI e grandi aziende\" alt=\"Logo del software MCA Kale con un grande uccello origami\" \/><\/span><\/a><\/div><div class=\"et_pb_text_19 et_pb_text et_pb_bg_layout_light et_pb_module et_block_module\"><div class=\"et_pb_text_inner\"><p style=\"text-align: center;\">Software per grandi aziende<\/p>\n<\/div><\/div><div class=\"et_pb_module et_pb_button_module_wrapper et_pb_button_2_wrapper preset--module--divi-button--e6919fb1-d0a4-440c-891a-c76fc3d47025_wrapper\"><a class=\"et_pb_button_2 et_pb_button et_pb_bg_layout_light et_pb_module et_block_module preset--module--divi-button--e6919fb1-d0a4-440c-891a-c76fc3d47025\" href=\"https:\/\/mca-concept.com\/logiciel-kale\/\">Ulteriori informazioni<\/a><\/div><\/div><div class=\"et_pb_column_6 et_pb_column et_pb_column_1_2 et-last-child et_block_column et_pb_css_mix_blend_mode_passthrough\"><div class=\"et_pb_image_3 et_pb_image et_animated et_pb_module et_block_module\"><a href=\"https:\/\/mca-concept.com\/logiciel-colibri\/\"><span class=\"et_pb_image_wrap\"><img decoding=\"async\" src=\"https:\/\/mca-concept.com\/wordpress3\/wp-content\/uploads\/2022\/07\/mca-colibri-logo-refait-recadre-300x170.png\" width=\"300\" height=\"170\" srcset=\"https:\/\/mca-concept.com\/wordpress3\/wp-content\/uploads\/2022\/07\/mca-colibri-logo-refait-recadre-300x170.png 300w, https:\/\/mca-concept.com\/wordpress3\/wp-content\/uploads\/2022\/07\/mca-colibri-logo-refait-recadre-200x114.png 200w, https:\/\/mca-concept.com\/wordpress3\/wp-content\/uploads\/2022\/07\/mca-colibri-logo-refait-recadre.png 442w\" sizes=\"(max-width: 300px) 100vw, 300px\" class=\"wp-image-47907\" title=\"MCA Colibri, software di fatturazione e contabilit\u00e0 per le piccole imprese\" alt=\"Logo del software MCA Colibri che rappresenta un piccolo uccello origami\" \/><\/span><\/a><\/div><div class=\"et_pb_text_20 et_pb_text et_pb_bg_layout_light et_pb_module et_block_module et_pb_text_align_center\"><div class=\"et_pb_text_inner\"><p style=\"text-align: center;\">Software per i lavoratori autonomi e i commercianti<\/p>\n<\/div><\/div><div class=\"et_pb_module et_pb_button_module_wrapper et_pb_button_3_wrapper preset--module--divi-button--e6919fb1-d0a4-440c-891a-c76fc3d47025_wrapper\"><a class=\"et_pb_button_3 et_pb_button et_pb_bg_layout_light et_pb_module et_block_module preset--module--divi-button--e6919fb1-d0a4-440c-891a-c76fc3d47025\" href=\"https:\/\/mca-concept.com\/logiciel-colibri\/\">Ulteriori informazioni<\/a><\/div><\/div><\/div><\/div><div class=\"et_pb_section_3 et_pb_section et_section_regular et_block_section\"><div class=\"et_pb_row_4 et_pb_row et_block_row\"><div class=\"et_pb_column_7 et_pb_column et_pb_column_4_4 et-last-child et_block_column et_pb_css_mix_blend_mode_passthrough\"><div class=\"et_pb_text_21 et_pb_text et_pb_bg_layout_light et_pb_module et_block_module preset--module--divi-text--75a373b3-a752-4305-81e8-535fbf8079d6\"><div class=\"et_pb_text_inner\"><h2>Per riassumere<\/h2>\n<p>&nbsp;<\/p>\n<p>L'introduzione dell'<strong>e-fattura<\/strong> rappresenta una svolta importante nella gestione finanziaria delle aziende in Svizzera, segnando un passaggio significativo dalla fatturazione tradizionale a un approccio elettronico pi\u00f9 efficiente.<\/p>\n<p>La fatturazione elettronica, in linea con lo standard ISO 20022, offre una serie di preziosi vantaggi, tra cui un notevole <strong>risparmio di tempo<\/strong> grazie alla semplificazione del processo di fatturazione e la <strong>riduzione del rischio di trasmissione del COVID-19<\/strong> grazie alla limitazione del contatto fisico.<\/p>\n<p>Inoltre, facilita il <strong>telelavoro<\/strong> consentendo un facile accesso alle fatture da qualsiasi luogo. Da un punto di vista ambientale, la riduzione dell'uso della carta contribuisce a <strong>ridurre l'impronta di carbonio<\/strong> delle aziende.<\/p>\n<p>Inoltre, la fattura elettronica \u00e8 destinata a diventare un <strong>requisito federale<\/strong> per tutte le relazioni commerciali, rendendo il passaggio a questo metodo una necessit\u00e0 per le imprese svizzere.<\/p>\n<p>Per facilitare questa transizione, <strong>MCA Concept<\/strong> offre una soluzione gestionale completa, <strong>MCA Kale<\/strong>, che incorpora tecnologie all'avanguardia come la fatturazione elettronica e i codici QR, garantendo una gestione finanziaria efficiente e in linea con gli sviluppi tecnologici.<\/p>\n<p>Passare alla fatturazione elettronica oggi prepara la vostra azienda alle sfide amministrative di domani.<\/p>\n<\/div><\/div><\/div><\/div><\/div>\n","protected":false},"excerpt":{"rendered":"","protected":false},"author":3,"featured_media":0,"parent":18222,"menu_order":0,"comment_status":"closed","ping_status":"closed","template":"","meta":{"content-type":"","inline_featured_image":false,"_price":"","_stock":"","_tribe_ticket_header":"","_tribe_default_ticket_provider":"","_tribe_ticket_capacity":"0","_ticket_start_date":"","_ticket_end_date":"","_tribe_ticket_show_description":"","_tribe_ticket_show_not_going":false,"_tribe_ticket_use_global_stock":"","_tribe_ticket_global_stock_level":"","_global_stock_mode":"","_global_stock_cap":"","_tribe_rsvp_for_event":"","_tribe_ticket_going_count":"","_tribe_ticket_not_going_count":"","_tribe_tickets_list":"[]","_tribe_ticket_has_attendee_info_fields":false,"footnotes":"","_tec_slr_enabled":"","_tec_slr_layout":""},"class_list":["post-5312","page","type-page","status-publish","hentry"],"yoast_head":"<!-- This site is optimized with the Yoast SEO Premium plugin v26.1 (Yoast SEO v27.2) - https:\/\/yoast.com\/product\/yoast-seo-premium-wordpress\/ -->\n<title>Fatture elettroniche nel software | MCA Concept | Svizzera<\/title>\n<meta name=\"description\" content=\"Scopriamo insieme cos&#039;\u00e8 la fatturazione elettronica e cosa pu\u00f2 fare per le aziende. MCA Kale include gi\u00e0 questa gestione delle fatture.\" \/>\n<meta name=\"robots\" content=\"index, follow, max-snippet:-1, max-image-preview:large, max-video-preview:-1\" \/>\n<link rel=\"canonical\" href=\"https:\/\/mca-concept.com\/it\/le-funzionalita\/scadenza-uffici-ai\/\" \/>\n<meta property=\"og:locale\" content=\"it_IT\" \/>\n<meta property=\"og:type\" content=\"article\" \/>\n<meta property=\"og:title\" content=\"Fattura elettronica\" \/>\n<meta property=\"og:description\" content=\"Scopriamo insieme cos&#039;\u00e8 la fatturazione elettronica e cosa pu\u00f2 fare per le aziende. MCA Kale include gi\u00e0 questa gestione delle fatture.\" \/>\n<meta property=\"og:url\" content=\"https:\/\/mca-concept.com\/it\/le-funzionalita\/scadenza-uffici-ai\/\" \/>\n<meta property=\"og:site_name\" content=\"MCA Concept\" \/>\n<meta property=\"article:publisher\" content=\"https:\/\/www.facebook.com\/mcaconcept\/\" \/>\n<meta property=\"article:modified_time\" content=\"2026-03-30T06:42:14+00:00\" \/>\n<meta name=\"twitter:card\" content=\"summary_large_image\" \/>\n<meta name=\"twitter:site\" content=\"@McaConcept\" \/>\n<script type=\"application\/ld+json\" class=\"yoast-schema-graph\">{\"@context\":\"https:\/\/schema.org\",\"@graph\":[{\"@type\":\"WebPage\",\"@id\":\"https:\/\/mca-concept.com\/it\/le-funzionalita\/scadenza-uffici-ai\/\",\"url\":\"https:\/\/mca-concept.com\/it\/le-funzionalita\/scadenza-uffici-ai\/\",\"name\":\"Fatture elettroniche nel software | MCA Concept | Svizzera\",\"isPartOf\":{\"@id\":\"https:\/\/mca-concept.com\/it\/#website\"},\"datePublished\":\"2021-02-09T10:58:50+00:00\",\"dateModified\":\"2026-03-30T06:42:14+00:00\",\"description\":\"Scopriamo insieme cos'\u00e8 la fatturazione elettronica e cosa pu\u00f2 fare per le aziende. MCA Kale include gi\u00e0 questa gestione delle fatture.\",\"breadcrumb\":{\"@id\":\"https:\/\/mca-concept.com\/it\/le-funzionalita\/scadenza-uffici-ai\/#breadcrumb\"},\"inLanguage\":\"it-IT\",\"potentialAction\":[{\"@type\":\"ReadAction\",\"target\":[\"https:\/\/mca-concept.com\/it\/le-funzionalita\/scadenza-uffici-ai\/\"]}]},{\"@type\":\"BreadcrumbList\",\"@id\":\"https:\/\/mca-concept.com\/it\/le-funzionalita\/scadenza-uffici-ai\/#breadcrumb\",\"itemListElement\":[{\"@type\":\"ListItem\",\"position\":1,\"name\":\"Accueil\",\"item\":\"https:\/\/mca-concept.com\/it\/nuova-casa\/\"},{\"@type\":\"ListItem\",\"position\":2,\"name\":\"Le funzionalit\u00e0\",\"item\":\"https:\/\/mca-concept.com\/it\/le-funzionalita\/\"},{\"@type\":\"ListItem\",\"position\":3,\"name\":\"Fattura elettronica\"}]},{\"@type\":\"WebSite\",\"@id\":\"https:\/\/mca-concept.com\/it\/#website\",\"url\":\"https:\/\/mca-concept.com\/it\/\",\"name\":\"MCA Concept\",\"description\":\"Solutions de gestion d&#039;entreprise ERP-CRM-CMS\",\"publisher\":{\"@id\":\"https:\/\/mca-concept.com\/it\/#organization\"},\"potentialAction\":[{\"@type\":\"SearchAction\",\"target\":{\"@type\":\"EntryPoint\",\"urlTemplate\":\"https:\/\/mca-concept.com\/it\/?s={search_term_string}\"},\"query-input\":{\"@type\":\"PropertyValueSpecification\",\"valueRequired\":true,\"valueName\":\"search_term_string\"}}],\"inLanguage\":\"it-IT\"},{\"@type\":\"Organization\",\"@id\":\"https:\/\/mca-concept.com\/it\/#organization\",\"name\":\"MCA Concept\",\"url\":\"https:\/\/mca-concept.com\/it\/\",\"logo\":{\"@type\":\"ImageObject\",\"inLanguage\":\"it-IT\",\"@id\":\"https:\/\/mca-concept.com\/it\/#\/schema\/logo\/image\/\",\"url\":\"https:\/\/mca-concept.com\/wordpress3\/wp-content\/uploads\/2019\/09\/mca-logo300px.png\",\"contentUrl\":\"https:\/\/mca-concept.com\/wordpress3\/wp-content\/uploads\/2019\/09\/mca-logo300px.png\",\"width\":300,\"height\":156,\"caption\":\"MCA Concept\"},\"image\":{\"@id\":\"https:\/\/mca-concept.com\/it\/#\/schema\/logo\/image\/\"},\"sameAs\":[\"https:\/\/www.facebook.com\/mcaconcept\/\",\"https:\/\/x.com\/McaConcept\",\"https:\/\/www.instagram.com\/mcaconcept\/\",\"https:\/\/ch.linkedin.com\/company\/mca-concept\",\"https:\/\/www.youtube.com\/channel\/UC1WT0RmNiTycrnzr6FqDuPg\"]}]}<\/script>\n<!-- \/ Yoast SEO Premium plugin. -->","yoast_head_json":{"title":"Fatture elettroniche nel software | MCA Concept | Svizzera","description":"Scopriamo insieme cos'\u00e8 la fatturazione elettronica e cosa pu\u00f2 fare per le aziende. MCA Kale include gi\u00e0 questa gestione delle fatture.","robots":{"index":"index","follow":"follow","max-snippet":"max-snippet:-1","max-image-preview":"max-image-preview:large","max-video-preview":"max-video-preview:-1"},"canonical":"https:\/\/mca-concept.com\/it\/le-funzionalita\/scadenza-uffici-ai\/","og_locale":"it_IT","og_type":"article","og_title":"Fattura elettronica","og_description":"Scopriamo insieme cos'\u00e8 la fatturazione elettronica e cosa pu\u00f2 fare per le aziende. MCA Kale include gi\u00e0 questa gestione delle fatture.","og_url":"https:\/\/mca-concept.com\/it\/le-funzionalita\/scadenza-uffici-ai\/","og_site_name":"MCA Concept","article_publisher":"https:\/\/www.facebook.com\/mcaconcept\/","article_modified_time":"2026-03-30T06:42:14+00:00","twitter_card":"summary_large_image","twitter_site":"@McaConcept","schema":{"@context":"https:\/\/schema.org","@graph":[{"@type":"WebPage","@id":"https:\/\/mca-concept.com\/it\/le-funzionalita\/scadenza-uffici-ai\/","url":"https:\/\/mca-concept.com\/it\/le-funzionalita\/scadenza-uffici-ai\/","name":"Fatture elettroniche nel software | MCA Concept | Svizzera","isPartOf":{"@id":"https:\/\/mca-concept.com\/it\/#website"},"datePublished":"2021-02-09T10:58:50+00:00","dateModified":"2026-03-30T06:42:14+00:00","description":"Scopriamo insieme cos'\u00e8 la fatturazione elettronica e cosa pu\u00f2 fare per le aziende. MCA Kale include gi\u00e0 questa gestione delle fatture.","breadcrumb":{"@id":"https:\/\/mca-concept.com\/it\/le-funzionalita\/scadenza-uffici-ai\/#breadcrumb"},"inLanguage":"it-IT","potentialAction":[{"@type":"ReadAction","target":["https:\/\/mca-concept.com\/it\/le-funzionalita\/scadenza-uffici-ai\/"]}]},{"@type":"BreadcrumbList","@id":"https:\/\/mca-concept.com\/it\/le-funzionalita\/scadenza-uffici-ai\/#breadcrumb","itemListElement":[{"@type":"ListItem","position":1,"name":"Accueil","item":"https:\/\/mca-concept.com\/it\/nuova-casa\/"},{"@type":"ListItem","position":2,"name":"Le funzionalit\u00e0","item":"https:\/\/mca-concept.com\/it\/le-funzionalita\/"},{"@type":"ListItem","position":3,"name":"Fattura elettronica"}]},{"@type":"WebSite","@id":"https:\/\/mca-concept.com\/it\/#website","url":"https:\/\/mca-concept.com\/it\/","name":"MCA Concept","description":"Solutions de gestion d&#039;entreprise ERP-CRM-CMS","publisher":{"@id":"https:\/\/mca-concept.com\/it\/#organization"},"potentialAction":[{"@type":"SearchAction","target":{"@type":"EntryPoint","urlTemplate":"https:\/\/mca-concept.com\/it\/?s={search_term_string}"},"query-input":{"@type":"PropertyValueSpecification","valueRequired":true,"valueName":"search_term_string"}}],"inLanguage":"it-IT"},{"@type":"Organization","@id":"https:\/\/mca-concept.com\/it\/#organization","name":"MCA Concept","url":"https:\/\/mca-concept.com\/it\/","logo":{"@type":"ImageObject","inLanguage":"it-IT","@id":"https:\/\/mca-concept.com\/it\/#\/schema\/logo\/image\/","url":"https:\/\/mca-concept.com\/wordpress3\/wp-content\/uploads\/2019\/09\/mca-logo300px.png","contentUrl":"https:\/\/mca-concept.com\/wordpress3\/wp-content\/uploads\/2019\/09\/mca-logo300px.png","width":300,"height":156,"caption":"MCA Concept"},"image":{"@id":"https:\/\/mca-concept.com\/it\/#\/schema\/logo\/image\/"},"sameAs":["https:\/\/www.facebook.com\/mcaconcept\/","https:\/\/x.com\/McaConcept","https:\/\/www.instagram.com\/mcaconcept\/","https:\/\/ch.linkedin.com\/company\/mca-concept","https:\/\/www.youtube.com\/channel\/UC1WT0RmNiTycrnzr6FqDuPg"]}]}},"ticketed":false,"_links":{"self":[{"href":"https:\/\/mca-concept.com\/it\/wp-json\/wp\/v2\/pages\/5312","targetHints":{"allow":["GET"]}}],"collection":[{"href":"https:\/\/mca-concept.com\/it\/wp-json\/wp\/v2\/pages"}],"about":[{"href":"https:\/\/mca-concept.com\/it\/wp-json\/wp\/v2\/types\/page"}],"author":[{"embeddable":true,"href":"https:\/\/mca-concept.com\/it\/wp-json\/wp\/v2\/users\/3"}],"replies":[{"embeddable":true,"href":"https:\/\/mca-concept.com\/it\/wp-json\/wp\/v2\/comments?post=5312"}],"version-history":[{"count":52,"href":"https:\/\/mca-concept.com\/it\/wp-json\/wp\/v2\/pages\/5312\/revisions"}],"predecessor-version":[{"id":83741,"href":"https:\/\/mca-concept.com\/it\/wp-json\/wp\/v2\/pages\/5312\/revisions\/83741"}],"up":[{"embeddable":true,"href":"https:\/\/mca-concept.com\/it\/wp-json\/wp\/v2\/pages\/18222"}],"wp:attachment":[{"href":"https:\/\/mca-concept.com\/it\/wp-json\/wp\/v2\/media?parent=5312"}],"curies":[{"name":"wp","href":"https:\/\/api.w.org\/{rel}","templated":true}]}}