{"id":72592,"date":"2023-10-17T09:11:26","date_gmt":"2023-10-17T07:11:26","guid":{"rendered":"https:\/\/mca-concept.com\/le-funzionalita\/edm\/"},"modified":"2023-10-26T15:52:49","modified_gmt":"2023-10-26T13:52:49","slug":"edm","status":"publish","type":"page","link":"https:\/\/mca-concept.com\/it\/le-funzionalita\/edm\/","title":{"rendered":"EDM"},"content":{"rendered":"<p><div class=\"et_d4_element et_pb_section et_pb_section_0 et_pb_with_background  et_pb_css_mix_blend_mode et_section_regular et_block_section\" >\n\t\t\t\t\n\t\t\t\t\n\t\t\t\t\n\t\t\t\t\n\t\t\t\t\n\t\t\t\t\n\t\t\t\t<div class=\"et_d4_element et_pb_row et_pb_row_0  et_pb_css_mix_blend_mode et_block_row\">\n\t\t\t\t<div class=\"et_d4_element et_pb_column_4_4 et_pb_column et_pb_column_0  et_pb_css_mix_blend_mode et-last-child et_block_column\">\n\t\t\t\t\n\t\t\t\t\n\t\t\t\t\n\t\t\t\t\n\t\t\t\t<div class=\"et_pb_module et_d4_element et_pb_text et_pb_text_0  et_pb_text_align_left et_pb_text_align_center-tablet et_pb_bg_layout_light\">\n\t\t\t\t\n\t\t\t\t\n\t\t\t\t\n\t\t\t\t\n\t\t\t\t<div class=\"et_pb_text_inner\"><h1>EDM: Gestione Elettronica dei Documenti<\/h1><\/div>\n\t\t\t<\/div>\n\t\t\t<\/div>\n\t\t\t\t\n\t\t\t\t\n\t\t\t\t\n\t\t\t\t\n\t\t\t<\/div>\n\t\t\t\t\n\t\t\t\t\n\t\t\t<\/div><div class=\"et_d4_element et_pb_section et_pb_section_1  et_pb_css_mix_blend_mode et_section_regular et_block_section\" >\n\t\t\t\t\n\t\t\t\t\n\t\t\t\t\n\t\t\t\t\n\t\t\t\t\n\t\t\t\t\n\t\t\t\t<div class=\"et_d4_element et_pb_row et_pb_row_1  et_pb_css_mix_blend_mode et_block_row\">\n\t\t\t\t<div class=\"et_d4_element et_pb_column_4_4 et_pb_column et_pb_column_1  et_pb_css_mix_blend_mode et-last-child et_block_column\">\n\t\t\t\t\n\t\t\t\t\n\t\t\t\t\n\t\t\t\t\n\t\t\t\t<div class=\"et_pb_module et_d4_element et_pb_text et_pb_text_1  et_pb_text_align_left et_pb_text_align_center-tablet et_pb_bg_layout_light\">\n\t\t\t\t\n\t\t\t\t\n\t\t\t\t\n\t\t\t\t\n\t\t\t\t<div class=\"et_pb_text_inner\"><h2>Che cos'\u00e8?<\/h2><\/div>\n\t\t\t<\/div><div class=\"et_pb_module et_d4_element et_pb_text et_pb_text_2  et_pb_text_align_left et_pb_text_align_center-tablet et_pb_bg_layout_light\">\n\t\t\t\t\n\t\t\t\t\n\t\t\t\t\n\t\t\t\t\n\t\t\t\t<div class=\"et_pb_text_inner\"><p>L'EDM, o gestione elettronica dei documenti, \u00e8 la dematerializzazione e l'archiviazione della documentazione aziendale. In questo modo \u00e8 possibile utilizzare i documenti in formato digitale. I documenti sono supportati dal sistema EDM, dalla digitalizzazione, conservazione, indicizzazione, diffusione, fino all'archiviazione per la shelf life.<\/p>\n<p>\u00c8 sufficiente scansionare un documento cartaceo - come una fattura, un modulo d'ordine o un contratto - e poi convalidarlo in modo che venga integrato nella directory EDM in formato digitale. I documenti scansionati vengono quindi indicizzati automaticamente in base a criteri predefiniti. Possono essere ordinati per data, per cliente, per numero di riferimento, ecc.<\/p>\n<p>I documenti gestiti dall'EDM sono generalmente accessibili da diversi terminali (computer, smartphone, tablet...). La lettura e la modifica dei documenti \u00e8 limitata dai diritti dell'utente al fine di garantire la sicurezza dei dati.<\/p>\n<p>Il EDM pu\u00f2 anche supportare documenti nativamente digitali.<\/p><\/div>\n\t\t\t<\/div><div class=\"et_pb_module et_d4_element et_pb_text et_pb_text_3  et_pb_text_align_left et_pb_text_align_center-tablet et_pb_bg_layout_light\">\n\t\t\t\t\n\t\t\t\t\n\t\t\t\t\n\t\t\t\t\n\t\t\t\t<div class=\"et_pb_text_inner\"><h2>Avantages<\/h2><\/div>\n\t\t\t<\/div><div class=\"et_pb_module et_d4_element et_pb_text et_pb_text_4  et_pb_text_align_left et_pb_text_align_center-tablet et_pb_bg_layout_light\">\n\t\t\t\t\n\t\t\t\t\n\t\t\t\t\n\t\t\t\t\n\t\t\t\t<div class=\"et_pb_text_inner\"><p>L'elettroerosione offre diversi vantaggi importanti, tra cuigligeables, notamment elle :<\/p>\n<ul>1) permette di trovare le informazioni quasi immediatamente, invece di dover rovistare negli schedari a causa di una grande mole di documenti o di documenti mal classificati,<br \/>\n2) garantisce la tracciabilit\u00e0 dei documenti durante tutto il loro utilizzo e l'accesso sicuro attraverso i diritti degli utenti,<br \/>\n3) evita i costi di archiviazione e libera spazio fisico nella sede, poich\u00e9 non \u00e8 pi\u00f9 necessario conservare documenti cartacei,<br \/>\n4) elimina i potenziali errori di manipolazione,<br \/>\n5) garantisce il backup dei documenti in caso di disastri come incendi o alluvioni,<br \/>\n6) promuove la collaborazione consentendo alle persone di lavorare contemporaneamente sullo stesso documento online.<\/ul>\n<p>L'EDM semplifica quindi la gestione di grandi volumi di documenti e ne riduce i costi.<\/div>\n\t\t\t<\/div><div class=\"et_pb_module et_d4_element et_pb_text et_pb_text_5  et_pb_text_align_left et_pb_text_align_center-tablet et_pb_bg_layout_light\">\n\t\t\t\t\n\t\t\t\t\n\t\t\t\t\n\t\t\t\t\n\t\t\t\t<div class=\"et_pb_text_inner\"><h2>Il vantaggio di MCA Concept<\/h2><\/div>\n\t\t\t<\/div><div class=\"et_pb_module et_d4_element et_pb_text et_pb_text_6  et_pb_text_align_left et_pb_text_align_center-tablet et_pb_bg_layout_light\">\n\t\t\t\t\n\t\t\t\t\n\t\t\t\t\n\t\t\t\t\n\t\t\t\t<div class=\"et_pb_text_inner\">MCA Kale e le sue varianti possono essere interfacciate con soluzioni EDM, grazie ai fornitori di servizi con cui MCA Concept collabora.<\/div>\n\t\t\t<\/div><div class=\"et_pb_module et_d4_element et_pb_text et_pb_text_7  et_pb_text_align_left et_pb_text_align_center-tablet et_pb_bg_layout_light\">\n\t\t\t\t\n\t\t\t\t\n\t\t\t\t\n\t\t\t\t\n\t\t\t\t<div class=\"et_pb_text_inner\"><p>Il software di gestione MCA Kale offre una serie di moduli innovativi che comunicano perfettamente tra loro :<\/p>\n<ul>\n<li><a href=\"https:\/\/mca-concept.com\/les-fonctionnalites\/e-facture\/\" target=\"\u201d_blank\u201d\" rel=\"noopener\">E-fattura<\/a><\/li>\n<li><a href=\"https:\/\/mca-concept.com\/les-fonctionnalites\/qr-facture\/\" target=\"\u201d_blank\u201d\" rel=\"noopener\">QR code<\/a><\/li>\n<li><a href=\"https:\/\/mca-concept.com\/les-fonctionnalites\/erp\/\" target=\"\u201d_blank\u201d\" rel=\"noopener\">Integrazione diretta in contabilit\u00e0<\/a><\/li>\n<li>Collegamento diretto al vostro sito web per <a href=\"https:\/\/mca-concept.com\/les-fonctionnalites\/booking\/\" target=\"\u201d_blank\u201d\" rel=\"noopener\">la presa di appuntamenti<\/a> e la <a href=\"https:\/\/mca-concept.com\/les-fonctionnalites\/planning\/\" target=\"\u201d_blank\u201d\" rel=\"noopener\">gestione del calendario<\/a><\/li>\n<li>EDM<\/li>\n<\/ul><\/div>\n\t\t\t<\/div>\n\t\t\t<\/div>\n\t\t\t\t\n\t\t\t\t\n\t\t\t\t\n\t\t\t\t\n\t\t\t<\/div><div class=\"et_d4_element et_pb_row et_pb_row_2  et_pb_css_mix_blend_mode et_block_row\">\n\t\t\t\t<div class=\"et_d4_element et_pb_column_4_4 et_pb_column et_pb_column_2  et_pb_css_mix_blend_mode et-last-child et_block_column\">\n\t\t\t\t\n\t\t\t\t\n\t\t\t\t\n\t\t\t\t\n\t\t\t\t<div class=\"et_pb_button_module_wrapper et_pb_button_0_wrapper et_pb_button_alignment_center et_pb_module \">\n\t\t\t\t<a class=\"et_pb_button et_d4_element et_pb_button_0 et_pb_bg_layout_light et_block_module\" href=\"https:\/\/mca-concept.com\/it\/modulo-edm\/\" data-icon=\"5\">Per saperne di pi\u00f9 sull&#039;EDM<\/a>\n\t\t\t<\/div>\n\t\t\t<\/div>\n\t\t\t\t\n\t\t\t\t\n\t\t\t\t\n\t\t\t\t\n\t\t\t<\/div>\n\t\t\t\t\n\t\t\t\t\n\t\t\t<\/div><div class=\"et_d4_element et_pb_section et_pb_section_2 et_pb_with_background  et_pb_css_mix_blend_mode et_section_regular et_block_section\" >\n\t\t\t\t\n\t\t\t\t\n\t\t\t\t\n\t\t\t\t\n\t\t\t\t\n\t\t\t\t\n\t\t\t\t<div class=\"et_d4_element et_pb_row et_pb_row_3  et_pb_css_mix_blend_mode et_block_row\">\n\t\t\t\t<div class=\"et_d4_element et_pb_column_4_4 et_pb_column et_pb_column_3  et_pb_css_mix_blend_mode et-last-child et_block_column\">\n\t\t\t\t\n\t\t\t\t\n\t\t\t\t\n\t\t\t\t\n\t\t\t\t<div class=\"et_pb_module et_d4_element et_pb_text et_pb_text_8  et_pb_text_align_left et_pb_text_align_center-tablet et_pb_bg_layout_light\">\n\t\t\t\t\n\t\t\t\t\n\t\t\t\t\n\t\t\t\t\n\t\t\t\t<div class=\"et_pb_text_inner\"><h2>Per riassumere<\/h2>\n<p>&nbsp;<\/p>\n<p><strong>La gestione elettronica dei documenti (EDM)<\/strong> \u00e8 una tecnologia chiave per la trasformazione digitale delle aziende in Svizzera.<\/p>\n<p>Consente la dematerializzazione, la gestione e l'archiviazione della documentazione aziendale, offrendo cos\u00ec numerosi vantaggi come  <strong>Tempestivit\u00e0 dell'accesso alle informazioni<\/strong>Le  <strong>Tracciabilit\u00e0 documentale<\/strong>, risparmiando spazio fisico, eliminando gli errori di gestione,  <strong>Backup dei dati in caso di disastro<\/strong>e l'agevolazione della  <strong>collaborazione<\/strong>  grazie alla possibilit\u00e0 di lavorare contemporaneamente su documenti online.<\/p>\n<p>MCA Concept offre una soluzione innovativa, <strong>MCA Kale<\/strong>, in grado di interfacciarsi con le soluzioni EDM, offrendo alle aziende svizzere una gamma completa di funzionalit\u00e0 per la gestione dei propri documenti, tra cui la fatturazione elettronica e l'integrazione diretta nella contabilit\u00e0.<\/p>\n<p>Questa soluzione integrata facilita la transizione verso un ambiente di gestione dei documenti pi\u00f9 efficiente e aiuta a ridurre i costi associati alla gestione di grandi volumi di documenti.<\/p>\n<p>Adottando MCA Kale e le sue funzionalit\u00e0 avanzate, le aziende possono migliorare la gestione dei documenti e rimanere competitive in un ambiente aziendale in continua evoluzione.<\/p><\/div>\n\t\t\t<\/div>\n\t\t\t<\/div>\n\t\t\t\t\n\t\t\t\t\n\t\t\t\t\n\t\t\t\t\n\t\t\t<\/div>\n\t\t\t\t\n\t\t\t\t\n\t\t\t<\/div><\/p>\n","protected":false},"excerpt":{"rendered":"","protected":false},"author":11,"featured_media":0,"parent":18222,"menu_order":0,"comment_status":"closed","ping_status":"closed","template":"","meta":{"content-type":"","inline_featured_image":false,"_price":"","_stock":"","_tribe_ticket_header":"","_tribe_default_ticket_provider":"","_tribe_ticket_capacity":"0","_ticket_start_date":"","_ticket_end_date":"","_tribe_ticket_show_description":"","_tribe_ticket_show_not_going":false,"_tribe_ticket_use_global_stock":"","_tribe_ticket_global_stock_level":"","_global_stock_mode":"","_global_stock_cap":"","_tribe_rsvp_for_event":"","_tribe_ticket_going_count":"","_tribe_ticket_not_going_count":"","_tribe_tickets_list":"[]","_tribe_ticket_has_attendee_info_fields":false,"_et_pb_use_builder":"on","_et_pb_old_content":"","_et_gb_content_width":"","footnotes":"","_tec_slr_enabled":"","_tec_slr_layout":""},"class_list":["post-72592","page","type-page","status-publish","hentry"],"yoast_head":"<!-- This site is optimized with the Yoast SEO Premium plugin v26.1 (Yoast SEO v27.2) - https:\/\/yoast.com\/product\/yoast-seo-premium-wordpress\/ -->\n<title>EDM con MCA Kale | MCA Concept<\/title>\n<meta name=\"robots\" content=\"index, follow, max-snippet:-1, max-image-preview:large, max-video-preview:-1\" \/>\n<link rel=\"canonical\" href=\"https:\/\/mca-concept.com\/it\/le-funzionalita\/edm\/\" \/>\n<meta property=\"og:locale\" content=\"it_IT\" \/>\n<meta property=\"og:type\" content=\"article\" \/>\n<meta property=\"og:title\" content=\"EDM\" \/>\n<meta property=\"og:url\" content=\"https:\/\/mca-concept.com\/it\/le-funzionalita\/edm\/\" \/>\n<meta property=\"og:site_name\" content=\"MCA Concept\" \/>\n<meta property=\"article:publisher\" content=\"https:\/\/www.facebook.com\/mcaconcept\/\" \/>\n<meta property=\"article:modified_time\" content=\"2023-10-26T13:52:49+00:00\" \/>\n<meta name=\"twitter:card\" content=\"summary_large_image\" \/>\n<meta name=\"twitter:site\" content=\"@McaConcept\" \/>\n<meta name=\"twitter:label1\" content=\"Tempo di lettura stimato\" \/>\n\t<meta name=\"twitter:data1\" content=\"5 minuti\" \/>\n<script type=\"application\/ld+json\" class=\"yoast-schema-graph\">{\"@context\":\"https:\/\/schema.org\",\"@graph\":[{\"@type\":\"WebPage\",\"@id\":\"https:\/\/mca-concept.com\/it\/le-funzionalita\/edm\/\",\"url\":\"https:\/\/mca-concept.com\/it\/le-funzionalita\/edm\/\",\"name\":\"EDM con MCA Kale | MCA Concept\",\"isPartOf\":{\"@id\":\"https:\/\/mca-concept.com\/it\/#website\"},\"datePublished\":\"2023-10-17T07:11:26+00:00\",\"dateModified\":\"2023-10-26T13:52:49+00:00\",\"breadcrumb\":{\"@id\":\"https:\/\/mca-concept.com\/it\/le-funzionalita\/edm\/#breadcrumb\"},\"inLanguage\":\"it-IT\",\"potentialAction\":[{\"@type\":\"ReadAction\",\"target\":[\"https:\/\/mca-concept.com\/it\/le-funzionalita\/edm\/\"]}]},{\"@type\":\"BreadcrumbList\",\"@id\":\"https:\/\/mca-concept.com\/it\/le-funzionalita\/edm\/#breadcrumb\",\"itemListElement\":[{\"@type\":\"ListItem\",\"position\":1,\"name\":\"Accueil\",\"item\":\"https:\/\/mca-concept.com\/it\/\"},{\"@type\":\"ListItem\",\"position\":2,\"name\":\"Le funzionalit\u00e0\",\"item\":\"https:\/\/mca-concept.com\/it\/le-funzionalita\/\"},{\"@type\":\"ListItem\",\"position\":3,\"name\":\"EDM\"}]},{\"@type\":\"WebSite\",\"@id\":\"https:\/\/mca-concept.com\/it\/#website\",\"url\":\"https:\/\/mca-concept.com\/it\/\",\"name\":\"MCA Concept\",\"description\":\"Solutions de gestion d&#039;entreprise ERP-CRM-CMS\",\"publisher\":{\"@id\":\"https:\/\/mca-concept.com\/it\/#organization\"},\"potentialAction\":[{\"@type\":\"SearchAction\",\"target\":{\"@type\":\"EntryPoint\",\"urlTemplate\":\"https:\/\/mca-concept.com\/it\/?s={search_term_string}\"},\"query-input\":{\"@type\":\"PropertyValueSpecification\",\"valueRequired\":true,\"valueName\":\"search_term_string\"}}],\"inLanguage\":\"it-IT\"},{\"@type\":\"Organization\",\"@id\":\"https:\/\/mca-concept.com\/it\/#organization\",\"name\":\"MCA Concept\",\"url\":\"https:\/\/mca-concept.com\/it\/\",\"logo\":{\"@type\":\"ImageObject\",\"inLanguage\":\"it-IT\",\"@id\":\"https:\/\/mca-concept.com\/it\/#\/schema\/logo\/image\/\",\"url\":\"https:\/\/mca-concept.com\/wordpress3\/wp-content\/uploads\/2019\/09\/mca-logo300px.png\",\"contentUrl\":\"https:\/\/mca-concept.com\/wordpress3\/wp-content\/uploads\/2019\/09\/mca-logo300px.png\",\"width\":300,\"height\":156,\"caption\":\"MCA Concept\"},\"image\":{\"@id\":\"https:\/\/mca-concept.com\/it\/#\/schema\/logo\/image\/\"},\"sameAs\":[\"https:\/\/www.facebook.com\/mcaconcept\/\",\"https:\/\/x.com\/McaConcept\",\"https:\/\/www.instagram.com\/mcaconcept\/\",\"https:\/\/ch.linkedin.com\/company\/mca-concept\",\"https:\/\/www.youtube.com\/channel\/UC1WT0RmNiTycrnzr6FqDuPg\"]}]}<\/script>\n<!-- \/ Yoast SEO Premium plugin. -->","yoast_head_json":{"title":"EDM con MCA Kale | MCA Concept","robots":{"index":"index","follow":"follow","max-snippet":"max-snippet:-1","max-image-preview":"max-image-preview:large","max-video-preview":"max-video-preview:-1"},"canonical":"https:\/\/mca-concept.com\/it\/le-funzionalita\/edm\/","og_locale":"it_IT","og_type":"article","og_title":"EDM","og_url":"https:\/\/mca-concept.com\/it\/le-funzionalita\/edm\/","og_site_name":"MCA Concept","article_publisher":"https:\/\/www.facebook.com\/mcaconcept\/","article_modified_time":"2023-10-26T13:52:49+00:00","twitter_card":"summary_large_image","twitter_site":"@McaConcept","twitter_misc":{"Tempo di lettura stimato":"5 minuti"},"schema":{"@context":"https:\/\/schema.org","@graph":[{"@type":"WebPage","@id":"https:\/\/mca-concept.com\/it\/le-funzionalita\/edm\/","url":"https:\/\/mca-concept.com\/it\/le-funzionalita\/edm\/","name":"EDM con MCA Kale | MCA Concept","isPartOf":{"@id":"https:\/\/mca-concept.com\/it\/#website"},"datePublished":"2023-10-17T07:11:26+00:00","dateModified":"2023-10-26T13:52:49+00:00","breadcrumb":{"@id":"https:\/\/mca-concept.com\/it\/le-funzionalita\/edm\/#breadcrumb"},"inLanguage":"it-IT","potentialAction":[{"@type":"ReadAction","target":["https:\/\/mca-concept.com\/it\/le-funzionalita\/edm\/"]}]},{"@type":"BreadcrumbList","@id":"https:\/\/mca-concept.com\/it\/le-funzionalita\/edm\/#breadcrumb","itemListElement":[{"@type":"ListItem","position":1,"name":"Accueil","item":"https:\/\/mca-concept.com\/it\/"},{"@type":"ListItem","position":2,"name":"Le funzionalit\u00e0","item":"https:\/\/mca-concept.com\/it\/le-funzionalita\/"},{"@type":"ListItem","position":3,"name":"EDM"}]},{"@type":"WebSite","@id":"https:\/\/mca-concept.com\/it\/#website","url":"https:\/\/mca-concept.com\/it\/","name":"MCA Concept","description":"Solutions de gestion d&#039;entreprise ERP-CRM-CMS","publisher":{"@id":"https:\/\/mca-concept.com\/it\/#organization"},"potentialAction":[{"@type":"SearchAction","target":{"@type":"EntryPoint","urlTemplate":"https:\/\/mca-concept.com\/it\/?s={search_term_string}"},"query-input":{"@type":"PropertyValueSpecification","valueRequired":true,"valueName":"search_term_string"}}],"inLanguage":"it-IT"},{"@type":"Organization","@id":"https:\/\/mca-concept.com\/it\/#organization","name":"MCA Concept","url":"https:\/\/mca-concept.com\/it\/","logo":{"@type":"ImageObject","inLanguage":"it-IT","@id":"https:\/\/mca-concept.com\/it\/#\/schema\/logo\/image\/","url":"https:\/\/mca-concept.com\/wordpress3\/wp-content\/uploads\/2019\/09\/mca-logo300px.png","contentUrl":"https:\/\/mca-concept.com\/wordpress3\/wp-content\/uploads\/2019\/09\/mca-logo300px.png","width":300,"height":156,"caption":"MCA Concept"},"image":{"@id":"https:\/\/mca-concept.com\/it\/#\/schema\/logo\/image\/"},"sameAs":["https:\/\/www.facebook.com\/mcaconcept\/","https:\/\/x.com\/McaConcept","https:\/\/www.instagram.com\/mcaconcept\/","https:\/\/ch.linkedin.com\/company\/mca-concept","https:\/\/www.youtube.com\/channel\/UC1WT0RmNiTycrnzr6FqDuPg"]}]}},"ticketed":false,"_links":{"self":[{"href":"https:\/\/mca-concept.com\/it\/wp-json\/wp\/v2\/pages\/72592","targetHints":{"allow":["GET"]}}],"collection":[{"href":"https:\/\/mca-concept.com\/it\/wp-json\/wp\/v2\/pages"}],"about":[{"href":"https:\/\/mca-concept.com\/it\/wp-json\/wp\/v2\/types\/page"}],"author":[{"embeddable":true,"href":"https:\/\/mca-concept.com\/it\/wp-json\/wp\/v2\/users\/11"}],"replies":[{"embeddable":true,"href":"https:\/\/mca-concept.com\/it\/wp-json\/wp\/v2\/comments?post=72592"}],"version-history":[{"count":8,"href":"https:\/\/mca-concept.com\/it\/wp-json\/wp\/v2\/pages\/72592\/revisions"}],"predecessor-version":[{"id":73637,"href":"https:\/\/mca-concept.com\/it\/wp-json\/wp\/v2\/pages\/72592\/revisions\/73637"}],"up":[{"embeddable":true,"href":"https:\/\/mca-concept.com\/it\/wp-json\/wp\/v2\/pages\/18222"}],"wp:attachment":[{"href":"https:\/\/mca-concept.com\/it\/wp-json\/wp\/v2\/media?parent=72592"}],"curies":[{"name":"wp","href":"https:\/\/api.w.org\/{rel}","templated":true}]}}